{"id":884,"date":"2026-02-12T11:23:37","date_gmt":"2026-02-12T14:23:37","guid":{"rendered":"http:\/\/ww16.ce.gov.br\/sspds\/?page_id=884"},"modified":"2026-02-12T11:23:38","modified_gmt":"2026-02-12T14:23:38","slug":"ramais","status":"publish","type":"page","link":"https:\/\/ww16.ce.gov.br\/sspds\/ramais\/","title":{"rendered":"Ramais"},"content":{"rendered":"    <div class=\"wp-block-cegovbr-ramais\">\n                <form class=\"form-pesquisa-ramal ramais-search mb-4\" id=\"form-pesquisa-ramal\" role=\"search\" aria-label=\"Pesquisar ramais\">\n            <div class=\"ramais-search-row\">\n                <div class=\"ramais-search-input\">\n                    <label for=\"funcionario\" class=\"form-label visually-hidden\">Buscar ramal<\/label>\n                    <div class=\"ramais-input-wrapper\">\n                        <span class=\"material-symbols-outlined ramais-input-icon\" aria-hidden=\"true\">search<\/span>\n                        <input type=\"search\" class=\"form-control ramais-input\" name=\"funcionario\" id=\"funcionario\" placeholder=\"Busque ramal\" autocomplete=\"off\">\n                    <\/div>\n                <\/div>\n                <div class=\"ramais-search-button\">\n                    <button type=\"submit\" class=\"btn btn-ramal-buscar d-flex align-items-center justify-content-center\" title=\"Pesquisar ramal\">\n                        <span class=\"material-symbols-outlined ramais-btn-icon\" aria-hidden=\"true\">search<\/span>\n                        <span class=\"btn-ramal-text\" style=\"font-family: 'Kanit', sans-serif; font-weight: 400; font-style: normal; font-size: 1.25rem; line-height: 100%; letter-spacing: 0;\">Buscar<\/span>\n                    <\/button>\n                <\/div>\n            <\/div>\n        <\/form>\n                <div class=\"pgramais-header\">\n            <span>Setor<\/span>\n            <span>Ramal<\/span>\n            <span>Coordenador<\/span>\n            <span>Mais informa\u00e7\u00f5es<\/span>\n        <\/div>\n        <div class=\"ramais-cards-wrapper\">\n                            <div class=\"ramal-card\">\n                    <div class=\"ramal-card-row\">\n                        <div class=\"ramal-setor\">SECRET\u00c1RIO DA SEGURAN\u00c7A P\u00daBLICA E DEFESA SOCIAL<\/div>\n                        <div class=\"ramal-numero\">(85) 3194-7420<\/div>\n                        <div class=\"ramal-coordenador\">Roberto S\u00e1<\/div>\n                        <div class=\"ramal-mais\" data-outros-ramais=\"secretaria@sspds.ce.gov.br\">\n                                                        <button type=\"button\" class=\"ramal-ver-mais\" data-ramal-id=\"manual-0\" data-outros-ramais=\"secretaria@sspds.ce.gov.br\">Mais informa\u00e7\u00f5es<\/button>\n                                                    <\/div>\n                    <\/div>\n                <\/div>\n                            <div class=\"ramal-card\">\n                    <div class=\"ramal-card-row\">\n                        <div class=\"ramal-setor\">SECRET\u00c1RIO EXECUTIVO DE INTELIG\u00caNCIA E DEFESA SOCIAL<\/div>\n                        <div class=\"ramal-numero\">(85) 3194-7420<\/div>\n                        <div class=\"ramal-coordenador\">Roberto Alzir Dias Chaves<\/div>\n                        <div class=\"ramal-mais\" data-outros-ramais=\"alzir.chaves@sspds.ce.gov.br\">\n                                                        <button type=\"button\" class=\"ramal-ver-mais\" data-ramal-id=\"manual-1\" data-outros-ramais=\"alzir.chaves@sspds.ce.gov.br\">Mais informa\u00e7\u00f5es<\/button>\n                                                    <\/div>\n                    <\/div>\n                <\/div>\n                            <div class=\"ramal-card\">\n                    <div class=\"ramal-card-row\">\n                        <div class=\"ramal-setor\">SECRET\u00c1RIO EXECUTIVO DE A\u00c7\u00d5ES INTEGRADAS E ESTRAT\u00c9GICAS<\/div>\n                        <div class=\"ramal-numero\">(85) 3194-7420<\/div>\n                        <div class=\"ramal-coordenador\">S\u00e9rgio Pereira dos Santos<\/div>\n                        <div class=\"ramal-mais\" data-outros-ramais=\"sergio.santos@sspds.ce.gov.br\">\n                                                        <button type=\"button\" class=\"ramal-ver-mais\" data-ramal-id=\"manual-2\" data-outros-ramais=\"sergio.santos@sspds.ce.gov.br\">Mais informa\u00e7\u00f5es<\/button>\n                                                    <\/div>\n                    <\/div>\n                <\/div>\n                            <div class=\"ramal-card\">\n                    <div class=\"ramal-card-row\">\n                        <div class=\"ramal-setor\">SECRET\u00c1RIO EXECUTIVO DE PLANEJAMENTO E GEST\u00c3O INTERNA<\/div>\n                        <div class=\"ramal-numero\">(85) 3194-7420<\/div>\n                        <div class=\"ramal-coordenador\">Adriano de Assis Sales<\/div>\n                        <div class=\"ramal-mais\" data-outros-ramais=\"adriano.aas@sspds.ce.gov.br\">\n                                                        <button type=\"button\" class=\"ramal-ver-mais\" data-ramal-id=\"manual-3\" data-outros-ramais=\"adriano.aas@sspds.ce.gov.br\">Mais informa\u00e7\u00f5es<\/button>\n                                                    <\/div>\n                    <\/div>\n                <\/div>\n                            <div class=\"ramal-card\">\n                    <div class=\"ramal-card-row\">\n                        <div class=\"ramal-setor\">ASSESSORIA DE APOIO \u00c0 GEST\u00c3O SUPERIOR<\/div>\n                        <div class=\"ramal-numero\">(85) 3194-7480<\/div>\n                        <div class=\"ramal-coordenador\">Coronel PMCE Cristiano Lins<\/div>\n                        <div class=\"ramal-mais\" data-outros-ramais=\"cristiano.lins@sspds.ce.gov.br\">\n                                                        <button type=\"button\" class=\"ramal-ver-mais\" data-ramal-id=\"manual-4\" data-outros-ramais=\"cristiano.lins@sspds.ce.gov.br\">Mais informa\u00e7\u00f5es<\/button>\n                                                    <\/div>\n                    <\/div>\n                <\/div>\n                            <div class=\"ramal-card\">\n                    <div class=\"ramal-card-row\">\n                        <div class=\"ramal-setor\">ASSESSORIA DE ASSIST\u00caNCIA BIOPSICOSSOCIAL<\/div>\n                        <div class=\"ramal-numero\">(85) 98619-4860<\/div>\n                        <div class=\"ramal-coordenador\">Bruna Gadelha<\/div>\n                        <div class=\"ramal-mais\" data-outros-ramais=\"bruna.gomes@sspds.ce.gov.br\">\n                                                        <button type=\"button\" class=\"ramal-ver-mais\" data-ramal-id=\"manual-5\" data-outros-ramais=\"bruna.gomes@sspds.ce.gov.br\">Mais informa\u00e7\u00f5es<\/button>\n                                                    <\/div>\n                    <\/div>\n                <\/div>\n                            <div class=\"ramal-card\">\n                    <div class=\"ramal-card-row\">\n                        <div class=\"ramal-setor\">ASSESSORIA DE GEST\u00c3O DE PROJETOS<\/div>\n                        <div class=\"ramal-numero\">(85) 3194-7453<\/div>\n                        <div class=\"ramal-coordenador\">Val\u00e9ria de Nor\u00f5es Milfont<\/div>\n                        <div class=\"ramal-mais\" data-outros-ramais=\"valeria.milfont@sspds.ce.gov.br\">\n                                                        <button type=\"button\" class=\"ramal-ver-mais\" data-ramal-id=\"manual-6\" data-outros-ramais=\"valeria.milfont@sspds.ce.gov.br\">Mais informa\u00e7\u00f5es<\/button>\n                                                    <\/div>\n                    <\/div>\n                <\/div>\n                            <div class=\"ramal-card\">\n                    <div class=\"ramal-card-row\">\n                        <div class=\"ramal-setor\">ASSESSORIA DE COMUNICA\u00c7\u00c3O SOCIAL<\/div>\n                        <div class=\"ramal-numero\">(85) 3194-7405, (85) 3194-7407, (85) 3194-7408<\/div>\n                        <div class=\"ramal-coordenador\">K\u00e9lia J\u00e1come<\/div>\n                        <div class=\"ramal-mais\" data-outros-ramais=\"kelia.jacome@sspds.ce.gov.br, ascom@sspds.ce.gov.br\">\n                                                        <button type=\"button\" class=\"ramal-ver-mais\" data-ramal-id=\"manual-7\" data-outros-ramais=\"kelia.jacome@sspds.ce.gov.br, ascom@sspds.ce.gov.br\">Mais informa\u00e7\u00f5es<\/button>\n                                                    <\/div>\n                    <\/div>\n                <\/div>\n                            <div class=\"ramal-card\">\n                    <div class=\"ramal-card-row\">\n                        <div class=\"ramal-setor\">ASSESSORIA JUR\u00cdDICA<\/div>\n                        <div class=\"ramal-numero\">(85) 3194-7417<\/div>\n                        <div class=\"ramal-coordenador\">Hiro da Justa Porto<\/div>\n                        <div class=\"ramal-mais\" data-outros-ramais=\"hiro.porto@sspds.ce.gov.br\">\n                                                        <button type=\"button\" class=\"ramal-ver-mais\" data-ramal-id=\"manual-8\" data-outros-ramais=\"hiro.porto@sspds.ce.gov.br\">Mais informa\u00e7\u00f5es<\/button>\n                                                    <\/div>\n                    <\/div>\n                <\/div>\n                            <div class=\"ramal-card\">\n                    <div class=\"ramal-card-row\">\n                        <div class=\"ramal-setor\">ASSESSORIA DE CONTROLE INTERNO<\/div>\n                        <div class=\"ramal-numero\">N\u00e3o informado<\/div>\n                        <div class=\"ramal-coordenador\">Thiago Teles Veras Nunes<\/div>\n                        <div class=\"ramal-mais\" data-outros-ramais=\"thiago.nunes@sspds.ce.gov.br\">\n                                                        <button type=\"button\" class=\"ramal-ver-mais\" data-ramal-id=\"manual-9\" data-outros-ramais=\"thiago.nunes@sspds.ce.gov.br\">Mais informa\u00e7\u00f5es<\/button>\n                                                    <\/div>\n                    <\/div>\n                <\/div>\n                            <div class=\"ramal-card\">\n                    <div class=\"ramal-card-row\">\n                        <div class=\"ramal-setor\">OUVIDORIA<\/div>\n                        <div class=\"ramal-numero\">(85) 3194-7424<\/div>\n                        <div class=\"ramal-coordenador\">Jefferson Renan Gomes Coutinho<\/div>\n                        <div class=\"ramal-mais\" data-outros-ramais=\"jefferson.coutinho@sspds.ce.gov.br\">\n                                                        <button type=\"button\" class=\"ramal-ver-mais\" data-ramal-id=\"manual-10\" data-outros-ramais=\"jefferson.coutinho@sspds.ce.gov.br\">Mais informa\u00e7\u00f5es<\/button>\n                                                    <\/div>\n                    <\/div>\n                <\/div>\n                            <div class=\"ramal-card\">\n                    <div class=\"ramal-card-row\">\n                        <div class=\"ramal-setor\">COORDENADORIA DE ADMINISTRA\u00c7\u00c3O E FINAN\u00c7AS<\/div>\n                        <div class=\"ramal-numero\">(85) 3194-7434<\/div>\n                        <div class=\"ramal-coordenador\">Alexandre Moreira<\/div>\n                        <div class=\"ramal-mais\" data-outros-ramais=\"alexandre.moreira@sspds.ce.gov.br\">\n                                                        <button type=\"button\" class=\"ramal-ver-mais\" data-ramal-id=\"manual-11\" data-outros-ramais=\"alexandre.moreira@sspds.ce.gov.br\">Mais informa\u00e7\u00f5es<\/button>\n                                                    <\/div>\n                    <\/div>\n                <\/div>\n                            <div class=\"ramal-card\">\n                    <div class=\"ramal-card-row\">\n                        <div class=\"ramal-setor\">COORDENADORIA DE DESENVOLVIMENTO E GEST\u00c3O DE PESSOAS<\/div>\n                        <div class=\"ramal-numero\">(85) 3101-6584<\/div>\n                        <div class=\"ramal-coordenador\">Coronel PMCE Te\u00f3genes Coelho<\/div>\n                        <div class=\"ramal-mais\" data-outros-ramais=\"teogenes.coelho@sspds.ce.gov.br\">\n                                                        <button type=\"button\" class=\"ramal-ver-mais\" data-ramal-id=\"manual-12\" data-outros-ramais=\"teogenes.coelho@sspds.ce.gov.br\">Mais informa\u00e7\u00f5es<\/button>\n                                                    <\/div>\n                    <\/div>\n                <\/div>\n                            <div class=\"ramal-card\">\n                    <div class=\"ramal-card-row\">\n                        <div class=\"ramal-setor\">COORDENADORIA DE DESENVOLVIMENTO INSTITUCIONAL E PLANEJAMENTO<\/div>\n                        <div class=\"ramal-numero\">(85) 3194-7411<\/div>\n                        <div class=\"ramal-coordenador\">Tenente-coronel CBMCE Vanderlan Carvalho<\/div>\n                        <div class=\"ramal-mais\" data-outros-ramais=\"vanderlan.carvalho@sspds.ce.gov.br\">\n                                                        <button type=\"button\" class=\"ramal-ver-mais\" data-ramal-id=\"manual-13\" data-outros-ramais=\"vanderlan.carvalho@sspds.ce.gov.br\">Mais informa\u00e7\u00f5es<\/button>\n                                                    <\/div>\n                    <\/div>\n                <\/div>\n                            <div class=\"ramal-card\">\n                    <div class=\"ramal-card-row\">\n                        <div class=\"ramal-setor\">COORDENADORIA DE DEFESA SOCIAL<\/div>\n                        <div class=\"ramal-numero\">(85) 3194-7456, (85) 98967-9701<\/div>\n                        <div class=\"ramal-coordenador\">Tenente-coronel QOPM Weibson Braga<\/div>\n                        <div class=\"ramal-mais\" data-outros-ramais=\"codes@sspds.ce.gov.br\">\n                                                        <button type=\"button\" class=\"ramal-ver-mais\" data-ramal-id=\"manual-14\" data-outros-ramais=\"codes@sspds.ce.gov.br\">Mais informa\u00e7\u00f5es<\/button>\n                                                    <\/div>\n                    <\/div>\n                <\/div>\n                            <div class=\"ramal-card\">\n                    <div class=\"ramal-card-row\">\n                        <div class=\"ramal-setor\">COORDENADORIA DE INTELIG\u00caNCIA<\/div>\n                        <div class=\"ramal-numero\">(85) 3101-1345<\/div>\n                        <div class=\"ramal-coordenador\">N\u00e3o informado<\/div>\n                        <div class=\"ramal-mais\" data-outros-ramais=\"\">\n                                                        <button type=\"button\" class=\"ramal-ver-mais\" data-ramal-id=\"manual-15\" data-outros-ramais=\"\">Mais informa\u00e7\u00f5es<\/button>\n                                                    <\/div>\n                    <\/div>\n                <\/div>\n                            <div class=\"ramal-card\">\n                    <div class=\"ramal-card-row\">\n                        <div class=\"ramal-setor\">COORDENADORIA DE SEGURAN\u00c7A ORG\u00c2NICA E LOG\u00cdSTICA<\/div>\n                        <div class=\"ramal-numero\">(85) 3194-7455<\/div>\n                        <div class=\"ramal-coordenador\">Coronel PMCE Adriano Gurgel<\/div>\n                        <div class=\"ramal-mais\" data-outros-ramais=\"gurgel.araujo@sspds.ce.gov.br\">\n                                                        <button type=\"button\" class=\"ramal-ver-mais\" data-ramal-id=\"manual-16\" data-outros-ramais=\"gurgel.araujo@sspds.ce.gov.br\">Mais informa\u00e7\u00f5es<\/button>\n                                                    <\/div>\n                    <\/div>\n                <\/div>\n                            <div class=\"ramal-card\">\n                    <div class=\"ramal-card-row\">\n                        <div class=\"ramal-setor\">COORDENADORIA DE TECNOLOGIA DA INFORMA\u00c7\u00c3O E COMUNICA\u00c7\u00c3O<\/div>\n                        <div class=\"ramal-numero\">(85) 31947450<\/div>\n                        <div class=\"ramal-coordenador\">Capit\u00e3o PMCE Leandro Silva de Sousa<\/div>\n                        <div class=\"ramal-mais\" data-outros-ramais=\"cotic@sspds.ce.gov.br\">\n                                                        <button type=\"button\" class=\"ramal-ver-mais\" data-ramal-id=\"manual-17\" data-outros-ramais=\"cotic@sspds.ce.gov.br\">Mais informa\u00e7\u00f5es<\/button>\n                                                    <\/div>\n                    <\/div>\n                <\/div>\n                            <div class=\"ramal-card\">\n                    <div class=\"ramal-card-row\">\n                        <div class=\"ramal-setor\">COORDENADORIA INTEGRADA DE OPERA\u00c7\u00d5ES DE SEGURAN\u00c7A<\/div>\n                        <div class=\"ramal-numero\">(85) 3101-6000<\/div>\n                        <div class=\"ramal-coordenador\">Coronel PMCE Arist\u00f3teles Coelho<\/div>\n                        <div class=\"ramal-mais\" data-outros-ramais=\"aristoteles.correia@sspds.ce.gov.br, adm.ciops@sspds.ce.gov.br, Fax: 3101-1342\">\n                                                        <button type=\"button\" class=\"ramal-ver-mais\" data-ramal-id=\"manual-18\" data-outros-ramais=\"aristoteles.correia@sspds.ce.gov.br, adm.ciops@sspds.ce.gov.br, Fax: 3101-1342\">Mais informa\u00e7\u00f5es<\/button>\n                                                    <\/div>\n                    <\/div>\n                <\/div>\n                            <div class=\"ramal-card\">\n                    <div class=\"ramal-card-row\">\n                        <div class=\"ramal-setor\">COORDENADORIA INTEGRADA DE PLANEJAMENTO OPERACIONAL<\/div>\n                        <div class=\"ramal-numero\">(85) 3101-6551<\/div>\n                        <div class=\"ramal-coordenador\">Ant\u00f4nio Harley Alencar Alves Filho<\/div>\n                        <div class=\"ramal-mais\" data-outros-ramais=\"copol@sspds.ce.gov.br\">\n                                                        <button type=\"button\" class=\"ramal-ver-mais\" data-ramal-id=\"manual-19\" data-outros-ramais=\"copol@sspds.ce.gov.br\">Mais informa\u00e7\u00f5es<\/button>\n                                                    <\/div>\n                    <\/div>\n                <\/div>\n                            <div class=\"ramal-card\">\n                    <div class=\"ramal-card-row\">\n                        <div class=\"ramal-setor\">FUNDO DE SEGURAN\u00c7A P\u00daBLICA E DEFESA SOCIAL<\/div>\n                        <div class=\"ramal-numero\">(85) 3194-7413<\/div>\n                        <div class=\"ramal-coordenador\">Tenente-coronel CBMCE Vanderlan Carvalho<\/div>\n                        <div class=\"ramal-mais\" data-outros-ramais=\"fds@sspds.ce.gov.br\">\n                                                        <button type=\"button\" class=\"ramal-ver-mais\" data-ramal-id=\"manual-20\" data-outros-ramais=\"fds@sspds.ce.gov.br\">Mais informa\u00e7\u00f5es<\/button>\n                                                    <\/div>\n                    <\/div>\n                <\/div>\n                    <\/div>\n    <\/div>\n    \n\n\n<p><\/p>\n","protected":false},"excerpt":{"rendered":"","protected":false},"author":47,"featured_media":0,"parent":0,"menu_order":0,"comment_status":"closed","ping_status":"closed","template":"","meta":{"_acf_changed":false,"inline_featured_image":false,"footnotes":""},"class_list":["post-884","page","type-page","status-publish","hentry"],"acf":[],"yoast_head":"<!-- This site is optimized with the Yoast SEO plugin v26.9 - https:\/\/yoast.com\/product\/yoast-seo-wordpress\/ -->\n<title>Ramais - Secretaria da Seguran\u00e7a P\u00fablica e Defesa Social<\/title>\n<meta name=\"robots\" content=\"index, follow, max-snippet:-1, max-image-preview:large, max-video-preview:-1\" \/>\n<link rel=\"canonical\" href=\"https:\/\/ww16.ce.gov.br\/sspds\/ramais\/\" \/>\n<meta property=\"og:locale\" content=\"pt_BR\" \/>\n<meta property=\"og:type\" content=\"article\" \/>\n<meta property=\"og:title\" content=\"Ramais - Secretaria da Seguran\u00e7a P\u00fablica e Defesa Social\" \/>\n<meta property=\"og:url\" content=\"https:\/\/ww16.ce.gov.br\/sspds\/ramais\/\" \/>\n<meta property=\"og:site_name\" content=\"Secretaria da Seguran\u00e7a P\u00fablica e Defesa Social\" \/>\n<meta property=\"article:modified_time\" content=\"2026-02-12T14:23:38+00:00\" \/>\n<meta name=\"twitter:card\" content=\"summary_large_image\" \/>\n<script type=\"application\/ld+json\" class=\"yoast-schema-graph\">{\"@context\":\"https:\/\/schema.org\",\"@graph\":[{\"@type\":\"WebPage\",\"@id\":\"https:\/\/ww16.ce.gov.br\/sspds\/ramais\/\",\"url\":\"https:\/\/ww16.ce.gov.br\/sspds\/ramais\/\",\"name\":\"Ramais - Secretaria da Seguran\u00e7a P\u00fablica e Defesa Social\",\"isPartOf\":{\"@id\":\"https:\/\/ww16.ce.gov.br\/sspds\/#website\"},\"datePublished\":\"2026-02-12T14:23:37+00:00\",\"dateModified\":\"2026-02-12T14:23:38+00:00\",\"breadcrumb\":{\"@id\":\"https:\/\/ww16.ce.gov.br\/sspds\/ramais\/#breadcrumb\"},\"inLanguage\":\"pt-BR\",\"potentialAction\":[{\"@type\":\"ReadAction\",\"target\":[\"https:\/\/ww16.ce.gov.br\/sspds\/ramais\/\"]}]},{\"@type\":\"BreadcrumbList\",\"@id\":\"https:\/\/ww16.ce.gov.br\/sspds\/ramais\/#breadcrumb\",\"itemListElement\":[{\"@type\":\"ListItem\",\"position\":1,\"name\":\"Home\",\"item\":\"https:\/\/ww16.ce.gov.br\/sspds\/\"},{\"@type\":\"ListItem\",\"position\":2,\"name\":\"Ramais\"}]},{\"@type\":\"WebSite\",\"@id\":\"https:\/\/ww16.ce.gov.br\/sspds\/#website\",\"url\":\"https:\/\/ww16.ce.gov.br\/sspds\/\",\"name\":\"Secretaria da Seguran\u00e7a P\u00fablica e Defesa Social\",\"description\":\"\",\"potentialAction\":[{\"@type\":\"SearchAction\",\"target\":{\"@type\":\"EntryPoint\",\"urlTemplate\":\"https:\/\/ww16.ce.gov.br\/sspds\/?s={search_term_string}\"},\"query-input\":{\"@type\":\"PropertyValueSpecification\",\"valueRequired\":true,\"valueName\":\"search_term_string\"}}],\"inLanguage\":\"pt-BR\"}]}<\/script>\n<!-- \/ Yoast SEO plugin. -->","yoast_head_json":{"title":"Ramais - Secretaria da Seguran\u00e7a P\u00fablica e Defesa Social","robots":{"index":"index","follow":"follow","max-snippet":"max-snippet:-1","max-image-preview":"max-image-preview:large","max-video-preview":"max-video-preview:-1"},"canonical":"https:\/\/ww16.ce.gov.br\/sspds\/ramais\/","og_locale":"pt_BR","og_type":"article","og_title":"Ramais - Secretaria da Seguran\u00e7a P\u00fablica e Defesa Social","og_url":"https:\/\/ww16.ce.gov.br\/sspds\/ramais\/","og_site_name":"Secretaria da Seguran\u00e7a P\u00fablica e Defesa Social","article_modified_time":"2026-02-12T14:23:38+00:00","twitter_card":"summary_large_image","schema":{"@context":"https:\/\/schema.org","@graph":[{"@type":"WebPage","@id":"https:\/\/ww16.ce.gov.br\/sspds\/ramais\/","url":"https:\/\/ww16.ce.gov.br\/sspds\/ramais\/","name":"Ramais - Secretaria da Seguran\u00e7a P\u00fablica e Defesa Social","isPartOf":{"@id":"https:\/\/ww16.ce.gov.br\/sspds\/#website"},"datePublished":"2026-02-12T14:23:37+00:00","dateModified":"2026-02-12T14:23:38+00:00","breadcrumb":{"@id":"https:\/\/ww16.ce.gov.br\/sspds\/ramais\/#breadcrumb"},"inLanguage":"pt-BR","potentialAction":[{"@type":"ReadAction","target":["https:\/\/ww16.ce.gov.br\/sspds\/ramais\/"]}]},{"@type":"BreadcrumbList","@id":"https:\/\/ww16.ce.gov.br\/sspds\/ramais\/#breadcrumb","itemListElement":[{"@type":"ListItem","position":1,"name":"Home","item":"https:\/\/ww16.ce.gov.br\/sspds\/"},{"@type":"ListItem","position":2,"name":"Ramais"}]},{"@type":"WebSite","@id":"https:\/\/ww16.ce.gov.br\/sspds\/#website","url":"https:\/\/ww16.ce.gov.br\/sspds\/","name":"Secretaria da Seguran\u00e7a P\u00fablica e Defesa Social","description":"","potentialAction":[{"@type":"SearchAction","target":{"@type":"EntryPoint","urlTemplate":"https:\/\/ww16.ce.gov.br\/sspds\/?s={search_term_string}"},"query-input":{"@type":"PropertyValueSpecification","valueRequired":true,"valueName":"search_term_string"}}],"inLanguage":"pt-BR"}]}},"_links":{"self":[{"href":"https:\/\/ww16.ce.gov.br\/sspds\/wp-json\/wp\/v2\/pages\/884","targetHints":{"allow":["GET"]}}],"collection":[{"href":"https:\/\/ww16.ce.gov.br\/sspds\/wp-json\/wp\/v2\/pages"}],"about":[{"href":"https:\/\/ww16.ce.gov.br\/sspds\/wp-json\/wp\/v2\/types\/page"}],"author":[{"embeddable":true,"href":"https:\/\/ww16.ce.gov.br\/sspds\/wp-json\/wp\/v2\/users\/47"}],"replies":[{"embeddable":true,"href":"https:\/\/ww16.ce.gov.br\/sspds\/wp-json\/wp\/v2\/comments?post=884"}],"version-history":[{"count":1,"href":"https:\/\/ww16.ce.gov.br\/sspds\/wp-json\/wp\/v2\/pages\/884\/revisions"}],"predecessor-version":[{"id":887,"href":"https:\/\/ww16.ce.gov.br\/sspds\/wp-json\/wp\/v2\/pages\/884\/revisions\/887"}],"wp:attachment":[{"href":"https:\/\/ww16.ce.gov.br\/sspds\/wp-json\/wp\/v2\/media?parent=884"}],"curies":[{"name":"wp","href":"https:\/\/api.w.org\/{rel}","templated":true}]}}