{"id":80,"date":"2026-01-20T12:06:53","date_gmt":"2026-01-20T15:06:53","guid":{"rendered":"http:\/\/ww16.ce.gov.br\/sspds\/?page_id=80"},"modified":"2026-01-21T11:00:17","modified_gmt":"2026-01-21T14:00:17","slug":"coordenadoria-de-defesa-social-codes","status":"publish","type":"page","link":"https:\/\/ww16.ce.gov.br\/sspds\/coordenadorias\/coordenadoria-de-defesa-social-codes\/","title":{"rendered":"Coordenadoria de Defesa Social \u2013 Codes"},"content":{"rendered":"\n<p><\/p>\n\n\n\n<div class=\"wp-block-buttons is-layout-flex wp-block-buttons-is-layout-flex\">\n<div class=\"wp-block-button has-custom-width wp-block-button__width-50\" id=\"https:\/\/www.facebook.com\/codesce\/\"><a class=\"wp-block-button__link has-small-font-size has-custom-font-size wp-element-button\">Facebook <\/a><\/div>\n\n\n\n<div class=\"wp-block-button has-custom-width wp-block-button__width-50 is-style-fill\" id=\"https:\/\/www.instagram.com\/codesce\/\"><a class=\"wp-block-button__link has-small-font-size has-custom-font-size wp-element-button\">Instagram<\/a><\/div>\n<\/div>\n\n\n\n<hr class=\"wp-block-separator has-alpha-channel-opacity\" \/>\n\n\n\n<div class=\"wp-block-group is-layout-constrained wp-block-group-is-layout-constrained\">\n<div class=\"wp-block-columns is-layout-flex wp-container-core-columns-is-layout-9d6595d7 wp-block-columns-is-layout-flex\">\n<div class=\"wp-block-column is-vertically-aligned-top is-layout-flow wp-block-column-is-layout-flow\" style=\"flex-basis:50%\">\n<ul class=\"wp-block-list\">\n<li><a href=\"https:\/\/www.sspds.ce.gov.br\/wp-content\/uploads\/sites\/24\/2019\/02\/Decreto-N%C2%BA-25.293-de-11-de-novembro-de-1998-Criac%CC%A7a%CC%83o-dos-CCDSs.pdf\">Decreto Estadual&nbsp;<\/a><\/li>\n\n\n\n<li><a href=\"https:\/\/ww16.ce.gov.br\/sspds\/coordenadorias\/coordenadoria-de-defesa-social-codes\/orientacoes-gerais\/\">Orienta\u00e7\u00f5es gerais\u00a0<\/a><\/li>\n\n\n\n<li><a href=\"https:\/\/www.sspds.ce.gov.br\/wp-content\/uploads\/sites\/24\/2019\/02\/Novo-Estatuto-dos-CCDS-Questiona%CC%81rio-2012.pdf\">Novo Estatuto<\/a><\/li>\n\n\n\n<li><a href=\"https:\/\/ww16.ce.gov.br\/sspds\/coordenadorias\/coordenadoria-de-defesa-social-codes\/atribuicoes\/\">Atribui\u00e7\u00f5es<\/a><\/li>\n\n\n\n<li><a href=\"https:\/\/ww16.ce.gov.br\/sspds\/coordenadorias\/coordenadoria-de-defesa-social-codes\/hino-dos-ccdss\/\">Hino<\/a><\/li>\n\n\n\n<li><a href=\"https:\/\/ww16.ce.gov.br\/sspds\/coordenadorias\/coordenadoria-de-defesa-social-codes\/como-organizar-um-ccds\/\">Como organizar um CCDS<\/a><\/li>\n\n\n\n<li><a href=\"https:\/\/www.sspds.ce.gov.br\/wp-content\/uploads\/sites\/24\/2019\/02\/Cartas-dos-Encontros-dos-CCDSs.pdf\">Cartas dos encontros<\/a><\/li>\n<\/ul>\n<\/div>\n\n\n\n<div class=\"wp-block-column is-layout-flow wp-block-column-is-layout-flow\" style=\"flex-basis:50%\">\n<ul class=\"wp-block-list\">\n<li><a href=\"https:\/\/ww16.ce.gov.br\/sspds\/coordenadorias\/coordenadoria-de-defesa-social-codes\/recomendacoes-uteis-aos-jovens\/\">Dez recomenda\u00e7\u00f5es aos jovens<\/a><\/li>\n\n\n\n<li><a href=\"https:\/\/ww16.ce.gov.br\/sspds\/coordenadorias\/coordenadoria-de-defesa-social-codes\/perguntas-e-respostas\/\">Perguntas e respostas<\/a><\/li>\n\n\n\n<li><a href=\"https:\/\/www.sspds.ce.gov.br\/wp-content\/uploads\/sites\/24\/2025\/08\/Calendario-mensal-dos-Foruns-de-Defesa-Social-CODES-1-1.pdf\">Calend\u00e1rio Mensal dos F\u00f3runs de Defesa Social<\/a><\/li>\n\n\n\n<li><a href=\"https:\/\/www.sspds.ce.gov.br\/wp-content\/uploads\/sites\/24\/2019\/02\/Novo-Quadro-de-Fotografias-dos-CCDS.pdf\">Quadro representativo da diretoria<\/a><\/li>\n\n\n\n<li><a href=\"https:\/\/www.sspds.ce.gov.br\/wp-content\/uploads\/sites\/24\/2018\/01\/RELACAO-NUMERO-DE-INSCRICAO-DOS-CCDS.pdf\">Rela\u00e7\u00e3o de CCDS ativos no Cear\u00e1<\/a><\/li>\n\n\n\n<li><a href=\"https:\/\/ww16.ce.gov.br\/sspds\/coordenadorias\/coordenadoria-de-defesa-social-codes\/editais-ccds\/\">Editais<\/a><\/li>\n<\/ul>\n<\/div>\n<\/div>\n<\/div>\n\n\n\n<h4 class=\"wp-block-heading\"><strong>Compet\u00eancias da Coordenadoria de Defesa Social (C\u00e9lula de Intersetorialidade e C\u00e9lula de Suporte \u00e0 Defesa Social)<\/strong><\/h4>\n\n\n\n<ul class=\"wp-block-list\">\n<li><a>Promover a articula\u00e7\u00e3o entre os \u00f3rg\u00e3os de Seguran\u00e7a P\u00fablica e as entidades representativas dos diversos segmentos sociais;<\/a><\/li>\n\n\n\n<li><a>Subsidiar o Coordenador de Defesa Social no desenvolvimento de projetos voltados \u00e0 otimiza\u00e7\u00e3o da intersetorialidade institucional;<\/a><\/li>\n\n\n\n<li><a>Fomentar a integra\u00e7\u00e3o com as demais organiza\u00e7\u00f5es governamentais, entidades sociais, f\u00f3runs, grupos de trabalho, conselhos, comiss\u00f5es e outros segmentos da sociedade interessados no aprimoramento da Seguran\u00e7a P\u00fablica e Defesa Social;<\/a><\/li>\n\n\n\n<li><a>Organizar e participar de eventos (encontros, palestras, semin\u00e1rios etc) que tratem de assuntos relacionados \u00e0 promo\u00e7\u00e3o de defesa social com foco na intersetorialidade;<\/a><\/li>\n\n\n\n<li><a>Realizar estudos e pesquisas que subsidiem um amplo conhecimento a respeito das comunidades que est\u00e3o em contato com os \u00f3rg\u00e3os do Sistema da Seguran\u00e7a P\u00fablica;<\/a><\/li>\n\n\n\n<li><a>Atuar nos processos de forma\u00e7\u00e3o, acompanhamento e avalia\u00e7\u00e3o dos Conselhos Comunit\u00e1rios de Defesa Social \u2013 CCDS;<\/a><\/li>\n\n\n\n<li><a>Planejar e executar medidas para o fortalecimento da integra\u00e7\u00e3o entre a comunidade e o Sistema da Seguran\u00e7a P\u00fablica do Estado, bem como promover a sua divulga\u00e7\u00e3o em ampla escala;<\/a><\/li>\n\n\n\n<li><a>Subsidiar o Coordenador de Defesa Social no desenvolvimento de projetos voltados ao fortalecimento da seguran\u00e7a comunit\u00e1ria no Estado do Cear\u00e1, com \u00eanfase na solu\u00e7\u00e3o pac\u00edfica e consensual dos conflitos.<\/a><\/li>\n<\/ul>\n\n\n\n<h4 class=\"wp-block-heading\"><strong>Pol\u00edtica do Setor<\/strong><\/h4>\n\n\n\n<ul class=\"wp-block-list\">\n<li><a>A Coordenadoria de Defesa Social (Codes) da Secretaria da Seguran\u00e7a P\u00fablica e Defesa Social (SSPDS) tem como foco priorit\u00e1rio de sua gest\u00e3o o fortalecimento dos la\u00e7os de coopera\u00e7\u00e3o entre as comunidades e os \u00f3rg\u00e3os respons\u00e1veis pela seguran\u00e7a p\u00fablica, tendo o objetivo permanente de difundir a cultura de paz e fomentar a participa\u00e7\u00e3o da sociedade na preven\u00e7\u00e3o social dos crimes e das viol\u00eancias, sem esquecer a import\u00e2ncia das parcerias e do di\u00e1logo intersetorial. Nesse sentido, a Coordenadoria de Defesa Social tem a miss\u00e3o institucional de estruturar e apoiar os Conselhos Comunit\u00e1rios de Defesa Social (CCDSs) na Capital e interior do Estado, inserindo-os em um conjunto de iniciativas relacionadas ao movimento da seguran\u00e7a participativa, sempre com o prop\u00f3sito de estabelecer parcerias proativas entre povo e pol\u00edcia;<\/a><\/li>\n\n\n\n<li><a>\u00c9 importante registrar que cada CCDS criado ou reestruturado envolve um amplo processo de mobiliza\u00e7\u00e3o, sensibiliza\u00e7\u00e3o e estrutura\u00e7\u00e3o comunit\u00e1ria, ensejando o desenvolvimento de diversas a\u00e7\u00f5es acess\u00f3rias, entre elas: demarca\u00e7\u00e3o de \u00e1reas priorit\u00e1rias de atua\u00e7\u00e3o, mapeamento de for\u00e7as amigas, identifica\u00e7\u00e3o de fragilidades e potencialidades locais, bem como a constante adequa\u00e7\u00e3o de planejamentos e abordagens \u00e0s especificidades culturais e sociais das \u00e1reas trabalhadas.<\/a><\/li>\n<\/ul>\n\n\n\n<h4 class=\"wp-block-heading\"><strong>Exemplos de estrat\u00e9gias e trabalhados realizados:<\/strong><\/h4>\n\n\n\n<ul class=\"wp-block-list\">\n<li><a>Estrutura\u00e7\u00e3o de 271 CCDSs na Capital e Interior do Estado, com a capta\u00e7\u00e3o direta da contribui\u00e7\u00e3o de mais de 2.700 volunt\u00e1rios a servi\u00e7o da difus\u00e3o da Cultura de Paz e da promo\u00e7\u00e3o da Defesa Social; Promo\u00e7\u00e3o de um ciclo de reuni\u00f5es mensais de integra\u00e7\u00e3o comunit\u00e1ria nas \u00c1reas Integradas de Seguran\u00e7a (AISs). Ao longo do ano, a Coordenadoria de Defesa Social articula a realiza\u00e7\u00e3o de 132 (cento e trinta e duas) reuni\u00f5es mensais de integra\u00e7\u00e3o comunit\u00e1ria diretamente nas sedes das companhias de Pol\u00edcia Militar. Tal interven\u00e7\u00e3o permite o registro sistem\u00e1tico das opini\u00f5es, cr\u00edticas e sugest\u00f5es de milhares de cidad\u00e3os acerca do tema seguran\u00e7a p\u00fablica, desburocratizando o acesso da popula\u00e7\u00e3o \u00e0s autoridades policiais. Em todos esses encontros s\u00e3o nomeados secret\u00e1rios que ficam encarregados da elabora\u00e7\u00e3o das atas e outros documentos oficiais;<\/a><\/li>\n\n\n\n<li><a>Promo\u00e7\u00e3o de um ciclo de reuni\u00f5es mensais de integra\u00e7\u00e3o comunit\u00e1ria nas \u00c1reas Integradas de Seguran\u00e7a (AISs). Ao longo do ano, a Coordenadoria de Defesa Social articula a realiza\u00e7\u00e3o de 132 (cento e trinta e duas) reuni\u00f5es mensais de integra\u00e7\u00e3o comunit\u00e1ria diretamente nas sedes das companhias de Pol\u00edcia Militar. Tal interven\u00e7\u00e3o permite o registro sistem\u00e1tico das opini\u00f5es, cr\u00edticas e sugest\u00f5es de milhares de cidad\u00e3os acerca do tema seguran\u00e7a p\u00fablica, desburocratizando o acesso da popula\u00e7\u00e3o \u00e0s autoridades policiais. Em todos esses encontros s\u00e3o nomeados secret\u00e1rios que ficam encarregados da elabora\u00e7\u00e3o das atas e outros documentos oficiais;<\/a><\/li>\n\n\n\n<li><a>Promo\u00e7\u00e3o de semin\u00e1rios e diversos encontros regionais, objetivando fortalecer e ampliar a integra\u00e7\u00e3o comunit\u00e1ria em prol da Defesa Social;<\/a><\/li>\n\n\n\n<li><a>Fomento aos valores c\u00edvicos, ao patriotismo comunit\u00e1rio e \u00e0 valoriza\u00e7\u00e3o das tradi\u00e7\u00f5es locais e nacionais;<\/a><\/li>\n\n\n\n<li><a>Mobiliza\u00e7\u00e3o Social: a Coordenadoria de Defesa Social organiza caravanas e trabalha constantemente a mobiliza\u00e7\u00e3o dos Conselhos Comunit\u00e1rios de Defesa Social e de for\u00e7as amigas para a participa\u00e7\u00e3o ativa em eventos tem\u00e1ticos alusivos \u00e0 Cultura de Paz, Seguran\u00e7a P\u00fablica, Justi\u00e7a e Cidadania, entre outros assuntos alusivos \u00e0 Defesa Social;<\/a><\/li>\n\n\n\n<li><a>Atendimentos presenciais na sede da Coordenadoria de Defesa Social (Codes), prestando assessoria a diversos segmentos representativos da sociedade;<\/a><\/li>\n\n\n\n<li><a>Visitas T\u00e9cnicas de acompanhamento comunit\u00e1rio na comunidades da Capital e Interior do Estado, sempre com o prop\u00f3sito de prospectar novos volunt\u00e1rios, bem como diagnosticar necessidades, potencialidades e outras demandas espec\u00edficas de cada localidade visitada;<\/a><\/li>\n\n\n\n<li><a>Estabelecimento de \u201cPontes Intersetoriais\u201d: a Coordenadoria de Defesa Social (Codes) prima pelo estabelecimento de parcerias com diversas organiza\u00e7\u00f5es p\u00fablicas e privadas, sempre com o objetivo estrat\u00e9gico de construir \u201cpontes intersetoriais\u201d que produzam sinergia no combate aos in\u00fameros fatores indutores da viol\u00eancia.<\/a><\/li>\n<\/ul>\n\n\n\n<h4 class=\"wp-block-heading\"><strong>Desafios para o novo ciclo de gest\u00e3o:<\/strong><\/h4>\n\n\n\n<ul class=\"wp-block-list\">\n<li><a>A Coordenadoria de Defesa Social (Codes) da Secretaria da Seguran\u00e7a P\u00fablica e Defesa Social (SSPDS) tem como foco priorit\u00e1rio de sua gest\u00e3o o fortalecimento dos la\u00e7os de coopera\u00e7\u00e3o entre as comunidades e os \u00f3rg\u00e3os respons\u00e1veis pela seguran\u00e7a p\u00fablica, tendo o objetivo permanente de difundir a cultura de paz e fomentar a participa\u00e7\u00e3o da sociedade na preven\u00e7\u00e3o social dos crimes e das viol\u00eancias, sem esquecer a import\u00e2ncia das parcerias e do di\u00e1logo intersetorial. Nesse sentido, a Coordenadoria de Defesa Social tem a miss\u00e3o institucional de estruturar e apoiar os Conselhos Comunit\u00e1rios de Defesa Social (CCDSs) na Capital e interior do Estado, inserindo-os em um conjunto de iniciativas relacionadas ao movimento da seguran\u00e7a participativa, sempre com o prop\u00f3sito de estabelecer parcerias proativas entre povo e pol\u00edcia;<\/a><\/li>\n\n\n\n<li><a>Ampliar e fortalecer as articula\u00e7\u00f5es comunit\u00e1rias no Interior do Estado;<\/a><\/li>\n\n\n\n<li><a>Capacita\u00e7\u00e3o dos volunt\u00e1rios da Seguran\u00e7a P\u00fablica (Capital e Interior);<\/a><\/li>\n\n\n\n<li><a>Formar Conselhos de Defesa Social Juvenis em todas as macrorregi\u00f5es.<\/a><\/li>\n<\/ul>\n\n\n\n<h4 class=\"wp-block-heading\"><strong>Alguns parceiros que apoiam trabalhos dos Conselhos Comunit\u00e1rios de Defesa Social (CCDS):<\/strong><\/h4>\n\n\n\n<ul class=\"wp-block-list\">\n<li><a>Procuradoria Geral de Justi\u00e7a (Coordenadoria Estadual das Casas de Media\u00e7\u00e3o Comunit\u00e1ria)<\/a><\/li>\n\n\n\n<li><a>Secretaria de Educa\u00e7\u00e3o do Cear\u00e1 (Programa Gera\u00e7\u00e3o da Paz)<\/a><\/li>\n\n\n\n<li><a>IFAN (Instituto da Inf\u00e2ncia)<\/a><\/li>\n\n\n\n<li><a>Coordenadoria Especial de Pol\u00edticas P\u00fablicas de Direitos Humanos \u2013 GabGov<\/a><\/li>\n\n\n\n<li><a>Coordenadoria Especial de Pol\u00edticas P\u00fablicas para as mulheres \u2013 GabGov<\/a><\/li>\n\n\n\n<li><a>Coordenadoria Especial de Juventude \u2013 GabGov<\/a><\/li>\n\n\n\n<li><a>Coordenadoria Especial de Pol\u00edticas P\u00fablicas para o p\u00fablico LGBT<\/a><\/li>\n\n\n\n<li><a>Coordenadoria Especial de Promo\u00e7\u00e3o da Igualdade Racial \u2013 GabGov<\/a><\/li>\n\n\n\n<li><a>Coordenadoria Especial de Pol\u00edticas P\u00fablicas para Idosos e Pessoas com Defici\u00eancia \u2013 GabGov<\/a><\/li>\n\n\n\n<li><a>Servi\u00e7o Brasileiro de Apoio \u00e0s Micro e Pequenas Empresas \u2013 Sebrae\/CE (Comunidade Empreendedora)<\/a><\/li>\n\n\n\n<li><a>Servi\u00e7o Nacional de Aprendizagem Comercial \u2013 Senac\/Cear\u00e1 (Comunidade Empreendedora)<\/a><\/li>\n\n\n\n<li><a>Servi\u00e7o Social do Com\u00e9rcio \u2013 Sesc\/Cear\u00e1 (Comunidade Empreendedora)<\/a><\/li>\n\n\n\n<li><a>Federa\u00e7\u00e3o Brasileira de Coaching Integral Sist\u00eamico \u2013 Febracis (contando com a participa\u00e7\u00e3o ativa de seu presidente: Dr. Paulo Vieira)<\/a><\/li>\n\n\n\n<li><a>Escola do Perd\u00e3o e Reconcilia\u00e7\u00e3o \u2013 Espere<\/a><\/li>\n\n\n\n<li><a>Divis\u00e3o de Apoio ao Estudante \u2013 Dipre (Pol\u00edcia Civil do Cear\u00e1)<\/a><\/li>\n\n\n\n<li><a>Programa Educacional de Resist\u00eancia \u00e0s Drogas e \u00e0 Viol\u00eancia \u2013 Proerd\/PMCE<\/a><\/li>\n\n\n\n<li><a>Faculdade Metropolitana \u2013 Fametro (Professora Teresa Gl\u00e1ucia \u2013 Psicologia)<\/a><\/li>\n\n\n\n<li><a>Terapias Qu\u00e2nticas \u2013 Cuidando do Cuidador \u2013 por meio do trabalho volunt\u00e1rio do professor Harbans Lal Arora \u2013 PHD em F\u00edsica Qu\u00e2ntica e terapeuta hol\u00edstico.<\/a><\/li>\n<\/ul>\n\n\n\n<h4 class=\"wp-block-heading\"><strong>O que \u00e9 um CCDS?<\/strong><\/h4>\n\n\n\n<p class=\"is-style-justified\">Conselho Comunit\u00e1rio de Defesa Social \u00e9 uma institui\u00e7\u00e3o formada pelos mais diversos segmentos representativos da comunidade de um bairro, cujo principal objetivo \u00e9 participar, ativamente, na solu\u00e7\u00e3o dos problemas de seguran\u00e7a do bairro, apoiando e auxiliando a SSPDS (Secretaria da Seguran\u00e7a P\u00fablica e Defesa Social).<\/p>\n\n\n\n<h4 class=\"wp-block-heading\"><strong>Atribui\u00e7\u00f5es<\/strong><\/h4>\n\n\n\n<p class=\"is-style-justified\">Os Conselhos Comunit\u00e1rios t\u00eam a incumb\u00eancia de:<\/p>\n\n\n\n<ul class=\"wp-block-list\">\n<li><a>Estabelecer uma aproxima\u00e7\u00e3o da comunidade com os \u00f3rg\u00e3os da Seguran\u00e7a P\u00fablica;<\/a><\/li>\n\n\n\n<li><a>Preparar o cidad\u00e3o e capacit\u00e1-lo a utilizar os recursos de Seguran\u00e7a que o governo lhe coloca \u00e0 disposi\u00e7\u00e3o;<\/a><\/li>\n\n\n\n<li><a>Permitir \u00e0 popula\u00e7\u00e3o participar, fiscalizar, reivindicando e oferecendo sugest\u00f5es aos diversos \u00f3rg\u00e3os de Seguran\u00e7a P\u00fablica;<\/a><\/li>\n\n\n\n<li><a>Permitir que os \u00f3rg\u00e3os de Seguran\u00e7a e demais \u00f3rg\u00e3os governamentais evoluam, \u00e0 medida que a comunidade solicite sua atua\u00e7\u00e3o;<\/a><\/li>\n\n\n\n<li><a>Desenvolver a confian\u00e7a da popula\u00e7\u00e3o nos \u00f3rg\u00e3os de Seguran\u00e7a P\u00fablica;<\/a><\/li>\n\n\n\n<li><a>Auxiliar no combate \u00e0s causas da viol\u00eancia e da criminalidade;<\/a><\/li>\n\n\n\n<li><a>Promover campanhas de assist\u00eancias e recupera\u00e7\u00e3o das v\u00edtimas de viol\u00eancia;<\/a><\/li>\n\n\n\n<li><a>Identificar os problemas que possam afligir as comunidades e buscar as solu\u00e7\u00f5es, antes que se agravem;<\/a><\/li>\n\n\n\n<li><a>Efetuar levantamentos das \u00e1reas de risco de acidentes, sugerindo medidas acauteladoras, visando preveni-los ou minimizar seus efeitos;<\/a><\/li>\n\n\n\n<li><a>Levar diretamente \u00e0s autoridades as reivindica\u00e7\u00f5es e queixas da comunidade;<\/a><\/li>\n\n\n\n<li><a>Para o desempenho de suas atividades, as Diretorias dos Conselhos buscar\u00e3o na pr\u00f3pria comunidade os recursos necess\u00e1rios \u00e0 sua manuten\u00e7\u00e3o. Tal pr\u00e1tica, al\u00e9m de despertar o esp\u00edrito de solidariedade e interesse pelas coisas que lhe dizem respeito, proporcionar\u00e1 mais personalidade, respeito e autonomia.<\/a><\/li>\n<\/ul>\n","protected":false},"excerpt":{"rendered":"<p>Compet\u00eancias da Coordenadoria de Defesa Social (C\u00e9lula de Intersetorialidade e C\u00e9lula de Suporte \u00e0 Defesa Social) Pol\u00edtica do Setor Exemplos de estrat\u00e9gias e trabalhados realizados: Desafios para o novo ciclo de gest\u00e3o: Alguns parceiros que apoiam trabalhos dos Conselhos Comunit\u00e1rios de Defesa Social (CCDS): O que \u00e9 um CCDS? Conselho Comunit\u00e1rio de Defesa Social \u00e9 [&hellip;]<\/p>\n","protected":false},"author":5,"featured_media":0,"parent":70,"menu_order":0,"comment_status":"closed","ping_status":"closed","template":"page-model-padrao.php","meta":{"_acf_changed":false,"inline_featured_image":false,"footnotes":""},"class_list":["post-80","page","type-page","status-publish","hentry"],"acf":[],"yoast_head":"<!-- This site is optimized with the Yoast SEO plugin v26.9 - https:\/\/yoast.com\/product\/yoast-seo-wordpress\/ -->\n<title>Coordenadoria de Defesa Social \u2013 Codes - Secretaria da Seguran\u00e7a P\u00fablica e Defesa Social<\/title>\n<meta name=\"robots\" content=\"index, follow, max-snippet:-1, max-image-preview:large, max-video-preview:-1\" \/>\n<link rel=\"canonical\" href=\"https:\/\/ww16.ce.gov.br\/sspds\/coordenadorias\/coordenadoria-de-defesa-social-codes\/\" \/>\n<meta property=\"og:locale\" content=\"pt_BR\" \/>\n<meta property=\"og:type\" content=\"article\" \/>\n<meta property=\"og:title\" content=\"Coordenadoria de Defesa Social \u2013 Codes - Secretaria da Seguran\u00e7a P\u00fablica e Defesa Social\" \/>\n<meta property=\"og:description\" content=\"Compet\u00eancias da Coordenadoria de Defesa Social (C\u00e9lula de Intersetorialidade e C\u00e9lula de Suporte \u00e0 Defesa Social) Pol\u00edtica do Setor Exemplos de estrat\u00e9gias e trabalhados realizados: Desafios para o novo ciclo de gest\u00e3o: Alguns parceiros que apoiam trabalhos dos Conselhos Comunit\u00e1rios de Defesa Social (CCDS): O que \u00e9 um CCDS? Conselho Comunit\u00e1rio de Defesa Social \u00e9 [&hellip;]\" \/>\n<meta property=\"og:url\" content=\"https:\/\/ww16.ce.gov.br\/sspds\/coordenadorias\/coordenadoria-de-defesa-social-codes\/\" \/>\n<meta property=\"og:site_name\" content=\"Secretaria da Seguran\u00e7a P\u00fablica e Defesa Social\" \/>\n<meta property=\"article:modified_time\" content=\"2026-01-21T14:00:17+00:00\" \/>\n<meta name=\"twitter:card\" content=\"summary_large_image\" \/>\n<meta name=\"twitter:label1\" content=\"Est. reading time\" \/>\n\t<meta name=\"twitter:data1\" content=\"8 minutos\" \/>\n<script type=\"application\/ld+json\" class=\"yoast-schema-graph\">{\"@context\":\"https:\/\/schema.org\",\"@graph\":[{\"@type\":\"WebPage\",\"@id\":\"https:\/\/ww16.ce.gov.br\/sspds\/coordenadorias\/coordenadoria-de-defesa-social-codes\/\",\"url\":\"https:\/\/ww16.ce.gov.br\/sspds\/coordenadorias\/coordenadoria-de-defesa-social-codes\/\",\"name\":\"Coordenadoria de Defesa Social \u2013 Codes - Secretaria da Seguran\u00e7a P\u00fablica e Defesa Social\",\"isPartOf\":{\"@id\":\"https:\/\/ww16.ce.gov.br\/sspds\/#website\"},\"datePublished\":\"2026-01-20T15:06:53+00:00\",\"dateModified\":\"2026-01-21T14:00:17+00:00\",\"breadcrumb\":{\"@id\":\"https:\/\/ww16.ce.gov.br\/sspds\/coordenadorias\/coordenadoria-de-defesa-social-codes\/#breadcrumb\"},\"inLanguage\":\"pt-BR\",\"potentialAction\":[{\"@type\":\"ReadAction\",\"target\":[\"https:\/\/ww16.ce.gov.br\/sspds\/coordenadorias\/coordenadoria-de-defesa-social-codes\/\"]}]},{\"@type\":\"BreadcrumbList\",\"@id\":\"https:\/\/ww16.ce.gov.br\/sspds\/coordenadorias\/coordenadoria-de-defesa-social-codes\/#breadcrumb\",\"itemListElement\":[{\"@type\":\"ListItem\",\"position\":1,\"name\":\"Home\",\"item\":\"https:\/\/ww16.ce.gov.br\/sspds\/\"},{\"@type\":\"ListItem\",\"position\":2,\"name\":\"Coordenadorias\",\"item\":\"https:\/\/ww16.ce.gov.br\/sspds\/coordenadorias\/\"},{\"@type\":\"ListItem\",\"position\":3,\"name\":\"Coordenadoria de Defesa Social \u2013 Codes\"}]},{\"@type\":\"WebSite\",\"@id\":\"https:\/\/ww16.ce.gov.br\/sspds\/#website\",\"url\":\"https:\/\/ww16.ce.gov.br\/sspds\/\",\"name\":\"Secretaria da Seguran\u00e7a P\u00fablica e Defesa Social\",\"description\":\"\",\"potentialAction\":[{\"@type\":\"SearchAction\",\"target\":{\"@type\":\"EntryPoint\",\"urlTemplate\":\"https:\/\/ww16.ce.gov.br\/sspds\/?s={search_term_string}\"},\"query-input\":{\"@type\":\"PropertyValueSpecification\",\"valueRequired\":true,\"valueName\":\"search_term_string\"}}],\"inLanguage\":\"pt-BR\"}]}<\/script>\n<!-- \/ Yoast SEO plugin. -->","yoast_head_json":{"title":"Coordenadoria de Defesa Social \u2013 Codes - Secretaria da Seguran\u00e7a P\u00fablica e Defesa Social","robots":{"index":"index","follow":"follow","max-snippet":"max-snippet:-1","max-image-preview":"max-image-preview:large","max-video-preview":"max-video-preview:-1"},"canonical":"https:\/\/ww16.ce.gov.br\/sspds\/coordenadorias\/coordenadoria-de-defesa-social-codes\/","og_locale":"pt_BR","og_type":"article","og_title":"Coordenadoria de Defesa Social \u2013 Codes - Secretaria da Seguran\u00e7a P\u00fablica e Defesa Social","og_description":"Compet\u00eancias da Coordenadoria de Defesa Social (C\u00e9lula de Intersetorialidade e C\u00e9lula de Suporte \u00e0 Defesa Social) Pol\u00edtica do Setor Exemplos de estrat\u00e9gias e trabalhados realizados: Desafios para o novo ciclo de gest\u00e3o: Alguns parceiros que apoiam trabalhos dos Conselhos Comunit\u00e1rios de Defesa Social (CCDS): O que \u00e9 um CCDS? Conselho Comunit\u00e1rio de Defesa Social \u00e9 [&hellip;]","og_url":"https:\/\/ww16.ce.gov.br\/sspds\/coordenadorias\/coordenadoria-de-defesa-social-codes\/","og_site_name":"Secretaria da Seguran\u00e7a P\u00fablica e Defesa Social","article_modified_time":"2026-01-21T14:00:17+00:00","twitter_card":"summary_large_image","twitter_misc":{"Est. reading time":"8 minutos"},"schema":{"@context":"https:\/\/schema.org","@graph":[{"@type":"WebPage","@id":"https:\/\/ww16.ce.gov.br\/sspds\/coordenadorias\/coordenadoria-de-defesa-social-codes\/","url":"https:\/\/ww16.ce.gov.br\/sspds\/coordenadorias\/coordenadoria-de-defesa-social-codes\/","name":"Coordenadoria de Defesa Social \u2013 Codes - Secretaria da Seguran\u00e7a P\u00fablica e Defesa Social","isPartOf":{"@id":"https:\/\/ww16.ce.gov.br\/sspds\/#website"},"datePublished":"2026-01-20T15:06:53+00:00","dateModified":"2026-01-21T14:00:17+00:00","breadcrumb":{"@id":"https:\/\/ww16.ce.gov.br\/sspds\/coordenadorias\/coordenadoria-de-defesa-social-codes\/#breadcrumb"},"inLanguage":"pt-BR","potentialAction":[{"@type":"ReadAction","target":["https:\/\/ww16.ce.gov.br\/sspds\/coordenadorias\/coordenadoria-de-defesa-social-codes\/"]}]},{"@type":"BreadcrumbList","@id":"https:\/\/ww16.ce.gov.br\/sspds\/coordenadorias\/coordenadoria-de-defesa-social-codes\/#breadcrumb","itemListElement":[{"@type":"ListItem","position":1,"name":"Home","item":"https:\/\/ww16.ce.gov.br\/sspds\/"},{"@type":"ListItem","position":2,"name":"Coordenadorias","item":"https:\/\/ww16.ce.gov.br\/sspds\/coordenadorias\/"},{"@type":"ListItem","position":3,"name":"Coordenadoria de Defesa Social \u2013 Codes"}]},{"@type":"WebSite","@id":"https:\/\/ww16.ce.gov.br\/sspds\/#website","url":"https:\/\/ww16.ce.gov.br\/sspds\/","name":"Secretaria da Seguran\u00e7a P\u00fablica e Defesa Social","description":"","potentialAction":[{"@type":"SearchAction","target":{"@type":"EntryPoint","urlTemplate":"https:\/\/ww16.ce.gov.br\/sspds\/?s={search_term_string}"},"query-input":{"@type":"PropertyValueSpecification","valueRequired":true,"valueName":"search_term_string"}}],"inLanguage":"pt-BR"}]}},"_links":{"self":[{"href":"https:\/\/ww16.ce.gov.br\/sspds\/wp-json\/wp\/v2\/pages\/80","targetHints":{"allow":["GET"]}}],"collection":[{"href":"https:\/\/ww16.ce.gov.br\/sspds\/wp-json\/wp\/v2\/pages"}],"about":[{"href":"https:\/\/ww16.ce.gov.br\/sspds\/wp-json\/wp\/v2\/types\/page"}],"author":[{"embeddable":true,"href":"https:\/\/ww16.ce.gov.br\/sspds\/wp-json\/wp\/v2\/users\/5"}],"replies":[{"embeddable":true,"href":"https:\/\/ww16.ce.gov.br\/sspds\/wp-json\/wp\/v2\/comments?post=80"}],"version-history":[{"count":11,"href":"https:\/\/ww16.ce.gov.br\/sspds\/wp-json\/wp\/v2\/pages\/80\/revisions"}],"predecessor-version":[{"id":303,"href":"https:\/\/ww16.ce.gov.br\/sspds\/wp-json\/wp\/v2\/pages\/80\/revisions\/303"}],"up":[{"embeddable":true,"href":"https:\/\/ww16.ce.gov.br\/sspds\/wp-json\/wp\/v2\/pages\/70"}],"wp:attachment":[{"href":"https:\/\/ww16.ce.gov.br\/sspds\/wp-json\/wp\/v2\/media?parent=80"}],"curies":[{"name":"wp","href":"https:\/\/api.w.org\/{rel}","templated":true}]}}