{"id":70,"date":"2026-01-20T11:58:51","date_gmt":"2026-01-20T14:58:51","guid":{"rendered":"http:\/\/ww16.ce.gov.br\/sspds\/?page_id=70"},"modified":"2026-01-21T12:59:36","modified_gmt":"2026-01-21T15:59:36","slug":"coordenadorias","status":"publish","type":"page","link":"https:\/\/ww16.ce.gov.br\/sspds\/coordenadorias\/","title":{"rendered":"Coordenadorias"},"content":{"rendered":"\n<p>Coodenadorias da SSPDS<\/p>\n\n\n\n<div class=\"wp-block-columns is-layout-flex wp-container-core-columns-is-layout-9d6595d7 wp-block-columns-is-layout-flex\">\n<div class=\"wp-block-column is-layout-flow wp-block-column-is-layout-flow\" style=\"flex-basis:33%\">\n<figure class=\"wp-block-image size-full is-resized\"><a href=\"https:\/\/ww16.ce.gov.br\/sspds\/coordenadorias\/coordenadoria-integrada-de-operacoes-de-seguranca-ciops\/\"><img loading=\"lazy\" decoding=\"async\" width=\"170\" height=\"230\" src=\"https:\/\/ww16.ce.gov.br\/sspds\/wp-content\/uploads\/sites\/66\/2026\/01\/Ciops-Destaque-170x230-1.jpg\" alt=\"\" class=\"wp-image-69\" style=\"aspect-ratio:0.739151955122917;width:274px;height:auto\" \/><\/a><figcaption class=\"wp-element-caption\">Coordenadoria Integrada de Opera\u00e7\u00f5es de Seguran\u00e7a &#8211; Ciops<\/figcaption><\/figure>\n<\/div>\n\n\n\n<div class=\"wp-block-column is-layout-flow wp-block-column-is-layout-flow\" style=\"flex-basis:33%\">\n<figure class=\"wp-block-image size-full is-resized\"><a href=\"https:\/\/ww16.ce.gov.br\/sspds\/coordenadorias\/coordenadoria-integrada-de-operacoes-aereas-ciopaer\/\"><img loading=\"lazy\" decoding=\"async\" width=\"170\" height=\"230\" src=\"https:\/\/ww16.ce.gov.br\/sspds\/wp-content\/uploads\/sites\/66\/2026\/01\/Ciopaer-170x230-1.jpg\" alt=\"\" class=\"wp-image-68\" style=\"aspect-ratio:0.739151955122917;width:274px;height:auto\" \/><\/a><figcaption class=\"wp-element-caption\">Coordenadoria Integrada de Opera\u00e7\u00f5es A\u00e9reas &#8211; Ciopaer<\/figcaption><\/figure>\n<\/div>\n\n\n\n<div class=\"wp-block-column is-layout-flow wp-block-column-is-layout-flow\" style=\"flex-basis:33%\">\n<figure class=\"wp-block-image size-full is-resized\"><a href=\"https:\/\/ww16.ce.gov.br\/sspds\/coordenadorias\/coordenadoria-de-defesa-social-codes\/\"><img loading=\"lazy\" decoding=\"async\" width=\"170\" height=\"230\" src=\"https:\/\/ww16.ce.gov.br\/sspds\/wp-content\/uploads\/sites\/66\/2026\/01\/ND-Logo-Codes-01-1-170x230-1.jpg\" alt=\"\" class=\"wp-image-67\" style=\"aspect-ratio:0.739151955122917;width:274px;height:auto\" \/><\/a><figcaption class=\"wp-element-caption\">Coordenadoria de Defesa Social &#8211; Codes<\/figcaption><\/figure>\n<\/div>\n<\/div>\n","protected":false},"excerpt":{"rendered":"<p>Coodenadorias da SSPDS<\/p>\n","protected":false},"author":5,"featured_media":0,"parent":0,"menu_order":0,"comment_status":"closed","ping_status":"closed","template":"page-model-padrao.php","meta":{"_acf_changed":false,"inline_featured_image":false,"footnotes":""},"class_list":["post-70","page","type-page","status-publish","hentry"],"acf":[],"yoast_head":"<!-- This site is optimized with the Yoast SEO plugin v26.9 - https:\/\/yoast.com\/product\/yoast-seo-wordpress\/ -->\n<title>Coordenadorias - Secretaria da Seguran\u00e7a P\u00fablica e Defesa Social<\/title>\n<meta name=\"robots\" content=\"index, follow, max-snippet:-1, max-image-preview:large, max-video-preview:-1\" \/>\n<link rel=\"canonical\" href=\"https:\/\/ww16.ce.gov.br\/sspds\/coordenadorias\/\" \/>\n<meta property=\"og:locale\" content=\"pt_BR\" \/>\n<meta property=\"og:type\" content=\"article\" \/>\n<meta property=\"og:title\" content=\"Coordenadorias - Secretaria da Seguran\u00e7a P\u00fablica e Defesa Social\" \/>\n<meta property=\"og:description\" content=\"Coodenadorias da SSPDS\" \/>\n<meta property=\"og:url\" content=\"https:\/\/ww16.ce.gov.br\/sspds\/coordenadorias\/\" \/>\n<meta property=\"og:site_name\" content=\"Secretaria da Seguran\u00e7a P\u00fablica e Defesa Social\" \/>\n<meta property=\"article:modified_time\" content=\"2026-01-21T15:59:36+00:00\" \/>\n<meta property=\"og:image\" content=\"http:\/\/ww16.ce.gov.br\/sspds\/wp-content\/uploads\/sites\/66\/2026\/01\/Ciops-Destaque-170x230-1.jpg\" \/>\n<meta name=\"twitter:card\" content=\"summary_large_image\" \/>\n<meta name=\"twitter:label1\" content=\"Est. reading time\" \/>\n\t<meta name=\"twitter:data1\" content=\"1 minuto\" \/>\n<script type=\"application\/ld+json\" class=\"yoast-schema-graph\">{\"@context\":\"https:\/\/schema.org\",\"@graph\":[{\"@type\":\"WebPage\",\"@id\":\"https:\/\/ww16.ce.gov.br\/sspds\/coordenadorias\/\",\"url\":\"https:\/\/ww16.ce.gov.br\/sspds\/coordenadorias\/\",\"name\":\"Coordenadorias - Secretaria da Seguran\u00e7a P\u00fablica e Defesa Social\",\"isPartOf\":{\"@id\":\"https:\/\/ww16.ce.gov.br\/sspds\/#website\"},\"primaryImageOfPage\":{\"@id\":\"https:\/\/ww16.ce.gov.br\/sspds\/coordenadorias\/#primaryimage\"},\"image\":{\"@id\":\"https:\/\/ww16.ce.gov.br\/sspds\/coordenadorias\/#primaryimage\"},\"thumbnailUrl\":\"http:\/\/ww16.ce.gov.br\/sspds\/wp-content\/uploads\/sites\/66\/2026\/01\/Ciops-Destaque-170x230-1.jpg\",\"datePublished\":\"2026-01-20T14:58:51+00:00\",\"dateModified\":\"2026-01-21T15:59:36+00:00\",\"breadcrumb\":{\"@id\":\"https:\/\/ww16.ce.gov.br\/sspds\/coordenadorias\/#breadcrumb\"},\"inLanguage\":\"pt-BR\",\"potentialAction\":[{\"@type\":\"ReadAction\",\"target\":[\"https:\/\/ww16.ce.gov.br\/sspds\/coordenadorias\/\"]}]},{\"@type\":\"ImageObject\",\"inLanguage\":\"pt-BR\",\"@id\":\"https:\/\/ww16.ce.gov.br\/sspds\/coordenadorias\/#primaryimage\",\"url\":\"https:\/\/ww16.ce.gov.br\/sspds\/wp-content\/uploads\/sites\/66\/2026\/01\/Ciops-Destaque-170x230-1.jpg\",\"contentUrl\":\"https:\/\/ww16.ce.gov.br\/sspds\/wp-content\/uploads\/sites\/66\/2026\/01\/Ciops-Destaque-170x230-1.jpg\",\"width\":170,\"height\":230},{\"@type\":\"BreadcrumbList\",\"@id\":\"https:\/\/ww16.ce.gov.br\/sspds\/coordenadorias\/#breadcrumb\",\"itemListElement\":[{\"@type\":\"ListItem\",\"position\":1,\"name\":\"Home\",\"item\":\"https:\/\/ww16.ce.gov.br\/sspds\/\"},{\"@type\":\"ListItem\",\"position\":2,\"name\":\"Coordenadorias\"}]},{\"@type\":\"WebSite\",\"@id\":\"https:\/\/ww16.ce.gov.br\/sspds\/#website\",\"url\":\"https:\/\/ww16.ce.gov.br\/sspds\/\",\"name\":\"Secretaria da Seguran\u00e7a P\u00fablica e Defesa Social\",\"description\":\"\",\"potentialAction\":[{\"@type\":\"SearchAction\",\"target\":{\"@type\":\"EntryPoint\",\"urlTemplate\":\"https:\/\/ww16.ce.gov.br\/sspds\/?s={search_term_string}\"},\"query-input\":{\"@type\":\"PropertyValueSpecification\",\"valueRequired\":true,\"valueName\":\"search_term_string\"}}],\"inLanguage\":\"pt-BR\"}]}<\/script>\n<!-- \/ Yoast SEO plugin. -->","yoast_head_json":{"title":"Coordenadorias - Secretaria da Seguran\u00e7a P\u00fablica e Defesa Social","robots":{"index":"index","follow":"follow","max-snippet":"max-snippet:-1","max-image-preview":"max-image-preview:large","max-video-preview":"max-video-preview:-1"},"canonical":"https:\/\/ww16.ce.gov.br\/sspds\/coordenadorias\/","og_locale":"pt_BR","og_type":"article","og_title":"Coordenadorias - Secretaria da Seguran\u00e7a P\u00fablica e Defesa Social","og_description":"Coodenadorias da SSPDS","og_url":"https:\/\/ww16.ce.gov.br\/sspds\/coordenadorias\/","og_site_name":"Secretaria da Seguran\u00e7a P\u00fablica e Defesa Social","article_modified_time":"2026-01-21T15:59:36+00:00","og_image":[{"url":"http:\/\/ww16.ce.gov.br\/sspds\/wp-content\/uploads\/sites\/66\/2026\/01\/Ciops-Destaque-170x230-1.jpg","type":"","width":"","height":""}],"twitter_card":"summary_large_image","twitter_misc":{"Est. reading time":"1 minuto"},"schema":{"@context":"https:\/\/schema.org","@graph":[{"@type":"WebPage","@id":"https:\/\/ww16.ce.gov.br\/sspds\/coordenadorias\/","url":"https:\/\/ww16.ce.gov.br\/sspds\/coordenadorias\/","name":"Coordenadorias - Secretaria da Seguran\u00e7a P\u00fablica e Defesa Social","isPartOf":{"@id":"https:\/\/ww16.ce.gov.br\/sspds\/#website"},"primaryImageOfPage":{"@id":"https:\/\/ww16.ce.gov.br\/sspds\/coordenadorias\/#primaryimage"},"image":{"@id":"https:\/\/ww16.ce.gov.br\/sspds\/coordenadorias\/#primaryimage"},"thumbnailUrl":"http:\/\/ww16.ce.gov.br\/sspds\/wp-content\/uploads\/sites\/66\/2026\/01\/Ciops-Destaque-170x230-1.jpg","datePublished":"2026-01-20T14:58:51+00:00","dateModified":"2026-01-21T15:59:36+00:00","breadcrumb":{"@id":"https:\/\/ww16.ce.gov.br\/sspds\/coordenadorias\/#breadcrumb"},"inLanguage":"pt-BR","potentialAction":[{"@type":"ReadAction","target":["https:\/\/ww16.ce.gov.br\/sspds\/coordenadorias\/"]}]},{"@type":"ImageObject","inLanguage":"pt-BR","@id":"https:\/\/ww16.ce.gov.br\/sspds\/coordenadorias\/#primaryimage","url":"https:\/\/ww16.ce.gov.br\/sspds\/wp-content\/uploads\/sites\/66\/2026\/01\/Ciops-Destaque-170x230-1.jpg","contentUrl":"https:\/\/ww16.ce.gov.br\/sspds\/wp-content\/uploads\/sites\/66\/2026\/01\/Ciops-Destaque-170x230-1.jpg","width":170,"height":230},{"@type":"BreadcrumbList","@id":"https:\/\/ww16.ce.gov.br\/sspds\/coordenadorias\/#breadcrumb","itemListElement":[{"@type":"ListItem","position":1,"name":"Home","item":"https:\/\/ww16.ce.gov.br\/sspds\/"},{"@type":"ListItem","position":2,"name":"Coordenadorias"}]},{"@type":"WebSite","@id":"https:\/\/ww16.ce.gov.br\/sspds\/#website","url":"https:\/\/ww16.ce.gov.br\/sspds\/","name":"Secretaria da Seguran\u00e7a P\u00fablica e Defesa Social","description":"","potentialAction":[{"@type":"SearchAction","target":{"@type":"EntryPoint","urlTemplate":"https:\/\/ww16.ce.gov.br\/sspds\/?s={search_term_string}"},"query-input":{"@type":"PropertyValueSpecification","valueRequired":true,"valueName":"search_term_string"}}],"inLanguage":"pt-BR"}]}},"_links":{"self":[{"href":"https:\/\/ww16.ce.gov.br\/sspds\/wp-json\/wp\/v2\/pages\/70","targetHints":{"allow":["GET"]}}],"collection":[{"href":"https:\/\/ww16.ce.gov.br\/sspds\/wp-json\/wp\/v2\/pages"}],"about":[{"href":"https:\/\/ww16.ce.gov.br\/sspds\/wp-json\/wp\/v2\/types\/page"}],"author":[{"embeddable":true,"href":"https:\/\/ww16.ce.gov.br\/sspds\/wp-json\/wp\/v2\/users\/5"}],"replies":[{"embeddable":true,"href":"https:\/\/ww16.ce.gov.br\/sspds\/wp-json\/wp\/v2\/comments?post=70"}],"version-history":[{"count":9,"href":"https:\/\/ww16.ce.gov.br\/sspds\/wp-json\/wp\/v2\/pages\/70\/revisions"}],"predecessor-version":[{"id":324,"href":"https:\/\/ww16.ce.gov.br\/sspds\/wp-json\/wp\/v2\/pages\/70\/revisions\/324"}],"wp:attachment":[{"href":"https:\/\/ww16.ce.gov.br\/sspds\/wp-json\/wp\/v2\/media?parent=70"}],"curies":[{"name":"wp","href":"https:\/\/api.w.org\/{rel}","templated":true}]}}