{"id":45,"date":"2026-01-20T11:09:19","date_gmt":"2026-01-20T14:09:19","guid":{"rendered":"http:\/\/ww16.ce.gov.br\/sspds\/?page_id=45"},"modified":"2026-05-05T17:35:39","modified_gmt":"2026-05-05T20:35:39","slug":"expediente","status":"publish","type":"page","link":"https:\/\/ww16.ce.gov.br\/sspds\/expediente\/","title":{"rendered":"Expediente"},"content":{"rendered":"\n<p>N\u00facleo de comunica\u00e7\u00e3o<\/p>\n\n\n    <div class=\"nucleo-comunicacao-grid\">\n                                <div class=\"nucleo-item\">\n                <div class=\"nucleo-orgao-header\">\n                                                                <h4>Assessoria de Comunica\u00e7\u00e3o<\/h4>\n                                    <\/div>\n                \n                <div class=\"nucleo-pessoa-info\">\n                                            <p>Coordena\u00e7\u00e3o<\/p>\n                                        <p><strong>K\u00e9lia J\u00e1come de Castro<\/strong><\/p>\n                <\/div>\n\n                <a href=\"#\" class=\"nucleo-contact-info\" \n                   data-orgao=\"\"\n                   data-orgao-desc=\"Assessoria de Comunica\u00e7\u00e3o\"\n                   data-cargo=\"Coordena\u00e7\u00e3o\"\n                   data-nome=\"K\u00e9lia J\u00e1come de Castro\"\n                   data-tel=\"\"\n                   data-email=\"ascom@sspds.ce.gov.br\">\n                   Informa\u00e7\u00f5es de contato\n                <\/a>\n            <\/div>\n            <\/div>\n\n<div id=\"nucleo-modal-overlay\" class=\"nucleo-modal-overlay\"><\/div>\n<div id=\"nucleo-modal\" class=\"nucleo-modal\">\n    <div class=\"nucleo-modal-header\">\n        <div>\n            <h3 id=\"nucleo-modal-title\"><\/h3>\n            <p id=\"nucleo-modal-orgao-desc\" class=\"nucleo-modal-orgao-desc\"><\/p>\n        <\/div>\n        <button id=\"nucleo-modal-close-x\" class=\"nucleo-modal-close-x\">&times;<\/button>\n    <\/div>\n    <div class=\"nucleo-modal-body\">\n        <div class=\"modal-section modal-pessoa-info\">\n            <p id=\"nucleo-modal-cargo\"><\/p>\n            <p id=\"nucleo-modal-nome\"><\/p>\n        <\/div>\n        <div class=\"modal-section modal-contato-info\">\n            <div class=\"contato-item\">\n                <h4>Email<\/h4>\n                <p id=\"nucleo-modal-email\"><\/p>\n            <\/div>\n            <div class=\"contato-item\">\n                <h4>Telefone<\/h4>\n                <p id=\"nucleo-modal-tel\"><\/p>\n            <\/div>\n        <\/div>\n    <\/div>\n\n<\/div>\n\n\n\n<div class=\"wp-block-columns is-layout-flex wp-container-core-columns-is-layout-9d6595d7 wp-block-columns-is-layout-flex\">\n<div class=\"wp-block-column is-layout-flow wp-block-column-is-layout-flow\" style=\"flex-basis:33.34%\">\n<div class=\"wp-block-group is-content-justification-left is-nowrap is-layout-flex wp-container-core-group-is-layout-f56a869c wp-block-group-is-layout-flex\">\n<p><em><strong>Produ\u00e7\u00e3o de Conte\u00fado<\/strong><br><\/em>Adriely Viana<br>Felipe Regino<br>Helena Ximenes<br>Karla Lacerda<br>Kiko Barros<br>Lucas Mem\u00f3ria<br>Martha dos Martins<br>Sabrina Oliveira<br>Tain\u00e1 Ribeiro<\/p>\n<\/div>\n<\/div>\n\n\n\n<div class=\"wp-block-column is-layout-flow wp-block-column-is-layout-flow\" style=\"flex-basis:33.34%\">\n<div class=\"wp-block-group is-content-justification-left is-nowrap is-layout-flex wp-container-core-group-is-layout-f56a869c wp-block-group-is-layout-flex\">\n<p><strong><em>Audiovisual<\/em><br><\/strong>C\u00edcero Oliveira<br>Denilson Ara\u00fajo<br>Juliano Farias<br>Leandro Vagner<br><br><strong><em>M\u00eddias Sociais<br><\/em><\/strong>Ana Clebia<br>Davi Pianc\u00f3<br>Rafael Tavares<br>Wandeson Felipe<br><br><strong><em>Estagi\u00e1rias<br><\/em><\/strong>Eduarda Cordeiro<br>Lucas Mesquita<\/p>\n<\/div>\n<\/div>\n\n\n\n<div class=\"wp-block-column is-vertically-aligned-top is-layout-flow wp-block-column-is-layout-flow\" style=\"flex-basis:33.33%\">\n<div class=\"wp-block-columns is-layout-flex wp-container-core-columns-is-layout-9d6595d7 wp-block-columns-is-layout-flex\">\n<div class=\"wp-block-column is-layout-flow wp-block-column-is-layout-flow\" style=\"flex-basis:100%\">\n<p class=\"has-text-align-left\"><strong><em>Telefones<br><\/em><\/strong>(85) 3194-7405<br>(85) 3194-7407<br>(85) 3194-7408<br><br><strong><em>Telefone funcional<br><\/em><\/strong>(85) 98902-3538<br><br><strong><em>E-mail<br><\/em><\/strong>ascom@sspds.ce.gov.br<\/p>\n<\/div>\n<\/div>\n<\/div>\n<\/div>\n\n\n\n<p><\/p>\n","protected":false},"excerpt":{"rendered":"<p>N\u00facleo de comunica\u00e7\u00e3o Produ\u00e7\u00e3o de Conte\u00fadoAdriely VianaFelipe ReginoHelena XimenesKarla LacerdaKiko BarrosLucas Mem\u00f3riaMartha dos MartinsSabrina OliveiraTain\u00e1 Ribeiro AudiovisualC\u00edcero OliveiraDenilson Ara\u00fajoJuliano FariasLeandro Vagner M\u00eddias SociaisAna ClebiaDavi Pianc\u00f3Rafael TavaresWandeson Felipe Estagi\u00e1riasEduarda CordeiroLucas Mesquita Telefones(85) 3194-7405(85) 3194-7407(85) 3194-7408 Telefone funcional(85) 98902-3538 E-mailascom@sspds.ce.gov.br<\/p>\n","protected":false},"author":5,"featured_media":0,"parent":0,"menu_order":0,"comment_status":"closed","ping_status":"closed","template":"page-nucleo-comunicacao.php","meta":{"_acf_changed":false,"inline_featured_image":false,"footnotes":""},"class_list":["post-45","page","type-page","status-publish","hentry"],"acf":[],"yoast_head":"<!-- This site is optimized with the Yoast SEO plugin v26.9 - https:\/\/yoast.com\/product\/yoast-seo-wordpress\/ -->\n<title>Expediente - Secretaria da Seguran\u00e7a P\u00fablica e Defesa Social<\/title>\n<meta name=\"robots\" content=\"index, follow, max-snippet:-1, max-image-preview:large, max-video-preview:-1\" \/>\n<link rel=\"canonical\" href=\"https:\/\/ww16.ce.gov.br\/sspds\/expediente\/\" \/>\n<meta property=\"og:locale\" content=\"pt_BR\" \/>\n<meta property=\"og:type\" content=\"article\" \/>\n<meta property=\"og:title\" content=\"Expediente - Secretaria da Seguran\u00e7a P\u00fablica e Defesa Social\" \/>\n<meta property=\"og:description\" content=\"N\u00facleo de comunica\u00e7\u00e3o Produ\u00e7\u00e3o de Conte\u00fadoAdriely VianaFelipe ReginoHelena XimenesKarla LacerdaKiko BarrosLucas Mem\u00f3riaMartha dos MartinsSabrina OliveiraTain\u00e1 Ribeiro AudiovisualC\u00edcero OliveiraDenilson Ara\u00fajoJuliano FariasLeandro Vagner M\u00eddias SociaisAna ClebiaDavi Pianc\u00f3Rafael TavaresWandeson Felipe Estagi\u00e1riasEduarda CordeiroLucas Mesquita Telefones(85) 3194-7405(85) 3194-7407(85) 3194-7408 Telefone funcional(85) 98902-3538 E-mailascom@sspds.ce.gov.br\" \/>\n<meta property=\"og:url\" content=\"https:\/\/ww16.ce.gov.br\/sspds\/expediente\/\" \/>\n<meta property=\"og:site_name\" content=\"Secretaria da Seguran\u00e7a P\u00fablica e Defesa Social\" \/>\n<meta property=\"article:modified_time\" content=\"2026-05-05T20:35:39+00:00\" \/>\n<meta name=\"twitter:card\" content=\"summary_large_image\" \/>\n<meta name=\"twitter:label1\" content=\"Est. reading time\" \/>\n\t<meta name=\"twitter:data1\" content=\"1 minuto\" \/>\n<script type=\"application\/ld+json\" class=\"yoast-schema-graph\">{\"@context\":\"https:\/\/schema.org\",\"@graph\":[{\"@type\":\"WebPage\",\"@id\":\"https:\/\/ww16.ce.gov.br\/sspds\/expediente\/\",\"url\":\"https:\/\/ww16.ce.gov.br\/sspds\/expediente\/\",\"name\":\"Expediente - Secretaria da Seguran\u00e7a P\u00fablica e Defesa Social\",\"isPartOf\":{\"@id\":\"https:\/\/ww16.ce.gov.br\/sspds\/#website\"},\"datePublished\":\"2026-01-20T14:09:19+00:00\",\"dateModified\":\"2026-05-05T20:35:39+00:00\",\"breadcrumb\":{\"@id\":\"https:\/\/ww16.ce.gov.br\/sspds\/expediente\/#breadcrumb\"},\"inLanguage\":\"pt-BR\",\"potentialAction\":[{\"@type\":\"ReadAction\",\"target\":[\"https:\/\/ww16.ce.gov.br\/sspds\/expediente\/\"]}]},{\"@type\":\"BreadcrumbList\",\"@id\":\"https:\/\/ww16.ce.gov.br\/sspds\/expediente\/#breadcrumb\",\"itemListElement\":[{\"@type\":\"ListItem\",\"position\":1,\"name\":\"Home\",\"item\":\"https:\/\/ww16.ce.gov.br\/sspds\/\"},{\"@type\":\"ListItem\",\"position\":2,\"name\":\"Expediente\"}]},{\"@type\":\"WebSite\",\"@id\":\"https:\/\/ww16.ce.gov.br\/sspds\/#website\",\"url\":\"https:\/\/ww16.ce.gov.br\/sspds\/\",\"name\":\"Secretaria da Seguran\u00e7a P\u00fablica e Defesa Social\",\"description\":\"\",\"potentialAction\":[{\"@type\":\"SearchAction\",\"target\":{\"@type\":\"EntryPoint\",\"urlTemplate\":\"https:\/\/ww16.ce.gov.br\/sspds\/?s={search_term_string}\"},\"query-input\":{\"@type\":\"PropertyValueSpecification\",\"valueRequired\":true,\"valueName\":\"search_term_string\"}}],\"inLanguage\":\"pt-BR\"}]}<\/script>\n<!-- \/ Yoast SEO plugin. -->","yoast_head_json":{"title":"Expediente - Secretaria da Seguran\u00e7a P\u00fablica e Defesa Social","robots":{"index":"index","follow":"follow","max-snippet":"max-snippet:-1","max-image-preview":"max-image-preview:large","max-video-preview":"max-video-preview:-1"},"canonical":"https:\/\/ww16.ce.gov.br\/sspds\/expediente\/","og_locale":"pt_BR","og_type":"article","og_title":"Expediente - Secretaria da Seguran\u00e7a P\u00fablica e Defesa Social","og_description":"N\u00facleo de comunica\u00e7\u00e3o Produ\u00e7\u00e3o de Conte\u00fadoAdriely VianaFelipe ReginoHelena XimenesKarla LacerdaKiko BarrosLucas Mem\u00f3riaMartha dos MartinsSabrina OliveiraTain\u00e1 Ribeiro AudiovisualC\u00edcero OliveiraDenilson Ara\u00fajoJuliano FariasLeandro Vagner M\u00eddias SociaisAna ClebiaDavi Pianc\u00f3Rafael TavaresWandeson Felipe Estagi\u00e1riasEduarda CordeiroLucas Mesquita Telefones(85) 3194-7405(85) 3194-7407(85) 3194-7408 Telefone funcional(85) 98902-3538 E-mailascom@sspds.ce.gov.br","og_url":"https:\/\/ww16.ce.gov.br\/sspds\/expediente\/","og_site_name":"Secretaria da Seguran\u00e7a P\u00fablica e Defesa Social","article_modified_time":"2026-05-05T20:35:39+00:00","twitter_card":"summary_large_image","twitter_misc":{"Est. reading time":"1 minuto"},"schema":{"@context":"https:\/\/schema.org","@graph":[{"@type":"WebPage","@id":"https:\/\/ww16.ce.gov.br\/sspds\/expediente\/","url":"https:\/\/ww16.ce.gov.br\/sspds\/expediente\/","name":"Expediente - Secretaria da Seguran\u00e7a P\u00fablica e Defesa Social","isPartOf":{"@id":"https:\/\/ww16.ce.gov.br\/sspds\/#website"},"datePublished":"2026-01-20T14:09:19+00:00","dateModified":"2026-05-05T20:35:39+00:00","breadcrumb":{"@id":"https:\/\/ww16.ce.gov.br\/sspds\/expediente\/#breadcrumb"},"inLanguage":"pt-BR","potentialAction":[{"@type":"ReadAction","target":["https:\/\/ww16.ce.gov.br\/sspds\/expediente\/"]}]},{"@type":"BreadcrumbList","@id":"https:\/\/ww16.ce.gov.br\/sspds\/expediente\/#breadcrumb","itemListElement":[{"@type":"ListItem","position":1,"name":"Home","item":"https:\/\/ww16.ce.gov.br\/sspds\/"},{"@type":"ListItem","position":2,"name":"Expediente"}]},{"@type":"WebSite","@id":"https:\/\/ww16.ce.gov.br\/sspds\/#website","url":"https:\/\/ww16.ce.gov.br\/sspds\/","name":"Secretaria da Seguran\u00e7a P\u00fablica e Defesa Social","description":"","potentialAction":[{"@type":"SearchAction","target":{"@type":"EntryPoint","urlTemplate":"https:\/\/ww16.ce.gov.br\/sspds\/?s={search_term_string}"},"query-input":{"@type":"PropertyValueSpecification","valueRequired":true,"valueName":"search_term_string"}}],"inLanguage":"pt-BR"}]}},"_links":{"self":[{"href":"https:\/\/ww16.ce.gov.br\/sspds\/wp-json\/wp\/v2\/pages\/45","targetHints":{"allow":["GET"]}}],"collection":[{"href":"https:\/\/ww16.ce.gov.br\/sspds\/wp-json\/wp\/v2\/pages"}],"about":[{"href":"https:\/\/ww16.ce.gov.br\/sspds\/wp-json\/wp\/v2\/types\/page"}],"author":[{"embeddable":true,"href":"https:\/\/ww16.ce.gov.br\/sspds\/wp-json\/wp\/v2\/users\/5"}],"replies":[{"embeddable":true,"href":"https:\/\/ww16.ce.gov.br\/sspds\/wp-json\/wp\/v2\/comments?post=45"}],"version-history":[{"count":24,"href":"https:\/\/ww16.ce.gov.br\/sspds\/wp-json\/wp\/v2\/pages\/45\/revisions"}],"predecessor-version":[{"id":1208,"href":"https:\/\/ww16.ce.gov.br\/sspds\/wp-json\/wp\/v2\/pages\/45\/revisions\/1208"}],"wp:attachment":[{"href":"https:\/\/ww16.ce.gov.br\/sspds\/wp-json\/wp\/v2\/media?parent=45"}],"curies":[{"name":"wp","href":"https:\/\/api.w.org\/{rel}","templated":true}]}}