{"id":412,"date":"2026-01-21T15:44:58","date_gmt":"2026-01-21T18:44:58","guid":{"rendered":"http:\/\/ww16.ce.gov.br\/sspds\/?page_id=412"},"modified":"2026-01-21T16:17:58","modified_gmt":"2026-01-21T19:17:58","slug":"comite-setorial-de-acesso-a-informacao","status":"publish","type":"page","link":"https:\/\/ww16.ce.gov.br\/sspds\/comite-setorial-de-acesso-a-informacao\/","title":{"rendered":"Comit\u00ea Setorial de Acesso \u00e0 informa\u00e7\u00e3o"},"content":{"rendered":"\n<p><\/p>\n\n\n\n<h3 class=\"wp-block-heading\"><strong>Adriano de Assis Sales<\/strong><\/h3>\n\n\n\n<p><em>Secret\u00e1rio executivo<\/em><br><strong>Contato<\/strong>\u00a0(85) 3101-6501<br><strong>E-mail:<\/strong>\u00a0adriano.aas@sspds.ce.gov.br<\/p>\n\n\n\n<h3 class=\"wp-block-heading\"><strong>Francisco Vanderlan Carvalho Vieira Filho<\/strong><\/h3>\n\n\n\n<p class=\"is-style-justified\"><em>Coordenador de Desenvolvimento Institucional e Planejamento<\/em><br><strong>Contato:<\/strong>\u00a0(85) 3101-6515<br><strong>E-mail:<\/strong>\u00a0vanderlan.carvalho@sspds.ce.gov<\/p>\n\n\n\n<h3 class=\"wp-block-heading is-style-justified\"><strong>Jefferson Renan Gomes Coutinho<\/strong><\/h3>\n\n\n\n<p class=\"is-style-justified\"><em>Ouvidor Setorial<\/em><br><strong>Contato:<\/strong>\u00a0(85) 3101-6543<br><strong>E-mail:<\/strong>\u00a0jefferson.coutinho@sspds.ce.gov.br<\/p>\n\n\n\n<h3 class=\"wp-block-heading\"><strong>Thiago Teles Veras Nunes<\/strong><\/h3>\n\n\n\n<p><em>Coordenador de Controle Interno<\/em><br><strong>Contato:<\/strong>\u00a0(85) 3101-6543<br><strong>E-mail:<\/strong>\u00a0thiago.nunes@sspds.ce.gov.br<\/p>\n\n\n\n<hr class=\"wp-block-separator has-alpha-channel-opacity\" \/>\n\n\n\n<h2 class=\"wp-block-heading\"><strong>Hor\u00e1rio de atendimento e formas de contato<\/strong><\/h2>\n\n\n\n<p><strong>Hor\u00e1rio:<\/strong>\u00a08h \u00e0s 12h \u2013 13h \u00e0s 17<br><strong>Contato:<\/strong>\u00a0(85) 3101-6543<br><strong>E-mail:<\/strong>\u00a0jefferson.coutinho@sspds.ce.gov.br.br<\/p>\n","protected":false},"excerpt":{"rendered":"<p>Adriano de Assis Sales Secret\u00e1rio executivoContato\u00a0(85) 3101-6501E-mail:\u00a0adriano.aas@sspds.ce.gov.br Francisco Vanderlan Carvalho Vieira Filho Coordenador de Desenvolvimento Institucional e PlanejamentoContato:\u00a0(85) 3101-6515E-mail:\u00a0vanderlan.carvalho@sspds.ce.gov Jefferson Renan Gomes Coutinho Ouvidor SetorialContato:\u00a0(85) 3101-6543E-mail:\u00a0jefferson.coutinho@sspds.ce.gov.br Thiago Teles Veras Nunes Coordenador de Controle InternoContato:\u00a0(85) 3101-6543E-mail:\u00a0thiago.nunes@sspds.ce.gov.br Hor\u00e1rio de atendimento e formas de contato Hor\u00e1rio:\u00a08h \u00e0s 12h \u2013 13h \u00e0s 17Contato:\u00a0(85) 3101-6543E-mail:\u00a0jefferson.coutinho@sspds.ce.gov.br.br<\/p>\n","protected":false},"author":5,"featured_media":0,"parent":0,"menu_order":0,"comment_status":"closed","ping_status":"closed","template":"page-comite-setorial.php","meta":{"_acf_changed":false,"inline_featured_image":false,"footnotes":""},"class_list":["post-412","page","type-page","status-publish","hentry"],"acf":[],"yoast_head":"<!-- This site is optimized with the Yoast SEO plugin v26.9 - https:\/\/yoast.com\/product\/yoast-seo-wordpress\/ -->\n<title>Comit\u00ea Setorial de Acesso \u00e0 informa\u00e7\u00e3o - Secretaria da Seguran\u00e7a P\u00fablica e Defesa Social<\/title>\n<meta name=\"robots\" content=\"index, follow, max-snippet:-1, max-image-preview:large, max-video-preview:-1\" \/>\n<link rel=\"canonical\" href=\"https:\/\/ww16.ce.gov.br\/sspds\/comite-setorial-de-acesso-a-informacao\/\" \/>\n<meta property=\"og:locale\" content=\"pt_BR\" \/>\n<meta property=\"og:type\" content=\"article\" \/>\n<meta property=\"og:title\" content=\"Comit\u00ea Setorial de Acesso \u00e0 informa\u00e7\u00e3o - Secretaria da Seguran\u00e7a P\u00fablica e Defesa Social\" \/>\n<meta property=\"og:description\" content=\"Adriano de Assis Sales Secret\u00e1rio executivoContato\u00a0(85) 3101-6501E-mail:\u00a0adriano.aas@sspds.ce.gov.br Francisco Vanderlan Carvalho Vieira Filho Coordenador de Desenvolvimento Institucional e PlanejamentoContato:\u00a0(85) 3101-6515E-mail:\u00a0vanderlan.carvalho@sspds.ce.gov Jefferson Renan Gomes Coutinho Ouvidor SetorialContato:\u00a0(85) 3101-6543E-mail:\u00a0jefferson.coutinho@sspds.ce.gov.br Thiago Teles Veras Nunes Coordenador de Controle InternoContato:\u00a0(85) 3101-6543E-mail:\u00a0thiago.nunes@sspds.ce.gov.br Hor\u00e1rio de atendimento e formas de contato Hor\u00e1rio:\u00a08h \u00e0s 12h \u2013 13h \u00e0s 17Contato:\u00a0(85) 3101-6543E-mail:\u00a0jefferson.coutinho@sspds.ce.gov.br.br\" \/>\n<meta property=\"og:url\" content=\"https:\/\/ww16.ce.gov.br\/sspds\/comite-setorial-de-acesso-a-informacao\/\" \/>\n<meta property=\"og:site_name\" content=\"Secretaria da Seguran\u00e7a P\u00fablica e Defesa Social\" \/>\n<meta property=\"article:modified_time\" content=\"2026-01-21T19:17:58+00:00\" \/>\n<meta name=\"twitter:card\" content=\"summary_large_image\" \/>\n<meta name=\"twitter:label1\" content=\"Est. reading time\" \/>\n\t<meta name=\"twitter:data1\" content=\"1 minuto\" \/>\n<script type=\"application\/ld+json\" class=\"yoast-schema-graph\">{\"@context\":\"https:\/\/schema.org\",\"@graph\":[{\"@type\":\"WebPage\",\"@id\":\"https:\/\/ww16.ce.gov.br\/sspds\/comite-setorial-de-acesso-a-informacao\/\",\"url\":\"https:\/\/ww16.ce.gov.br\/sspds\/comite-setorial-de-acesso-a-informacao\/\",\"name\":\"Comit\u00ea Setorial de Acesso \u00e0 informa\u00e7\u00e3o - Secretaria da Seguran\u00e7a P\u00fablica e Defesa Social\",\"isPartOf\":{\"@id\":\"https:\/\/ww16.ce.gov.br\/sspds\/#website\"},\"datePublished\":\"2026-01-21T18:44:58+00:00\",\"dateModified\":\"2026-01-21T19:17:58+00:00\",\"breadcrumb\":{\"@id\":\"https:\/\/ww16.ce.gov.br\/sspds\/comite-setorial-de-acesso-a-informacao\/#breadcrumb\"},\"inLanguage\":\"pt-BR\",\"potentialAction\":[{\"@type\":\"ReadAction\",\"target\":[\"https:\/\/ww16.ce.gov.br\/sspds\/comite-setorial-de-acesso-a-informacao\/\"]}]},{\"@type\":\"BreadcrumbList\",\"@id\":\"https:\/\/ww16.ce.gov.br\/sspds\/comite-setorial-de-acesso-a-informacao\/#breadcrumb\",\"itemListElement\":[{\"@type\":\"ListItem\",\"position\":1,\"name\":\"Home\",\"item\":\"https:\/\/ww16.ce.gov.br\/sspds\/\"},{\"@type\":\"ListItem\",\"position\":2,\"name\":\"Comit\u00ea Setorial de Acesso \u00e0 informa\u00e7\u00e3o\"}]},{\"@type\":\"WebSite\",\"@id\":\"https:\/\/ww16.ce.gov.br\/sspds\/#website\",\"url\":\"https:\/\/ww16.ce.gov.br\/sspds\/\",\"name\":\"Secretaria da Seguran\u00e7a P\u00fablica e Defesa Social\",\"description\":\"\",\"potentialAction\":[{\"@type\":\"SearchAction\",\"target\":{\"@type\":\"EntryPoint\",\"urlTemplate\":\"https:\/\/ww16.ce.gov.br\/sspds\/?s={search_term_string}\"},\"query-input\":{\"@type\":\"PropertyValueSpecification\",\"valueRequired\":true,\"valueName\":\"search_term_string\"}}],\"inLanguage\":\"pt-BR\"}]}<\/script>\n<!-- \/ Yoast SEO plugin. -->","yoast_head_json":{"title":"Comit\u00ea Setorial de Acesso \u00e0 informa\u00e7\u00e3o - Secretaria da Seguran\u00e7a P\u00fablica e Defesa Social","robots":{"index":"index","follow":"follow","max-snippet":"max-snippet:-1","max-image-preview":"max-image-preview:large","max-video-preview":"max-video-preview:-1"},"canonical":"https:\/\/ww16.ce.gov.br\/sspds\/comite-setorial-de-acesso-a-informacao\/","og_locale":"pt_BR","og_type":"article","og_title":"Comit\u00ea Setorial de Acesso \u00e0 informa\u00e7\u00e3o - Secretaria da Seguran\u00e7a P\u00fablica e Defesa Social","og_description":"Adriano de Assis Sales Secret\u00e1rio executivoContato\u00a0(85) 3101-6501E-mail:\u00a0adriano.aas@sspds.ce.gov.br Francisco Vanderlan Carvalho Vieira Filho Coordenador de Desenvolvimento Institucional e PlanejamentoContato:\u00a0(85) 3101-6515E-mail:\u00a0vanderlan.carvalho@sspds.ce.gov Jefferson Renan Gomes Coutinho Ouvidor SetorialContato:\u00a0(85) 3101-6543E-mail:\u00a0jefferson.coutinho@sspds.ce.gov.br Thiago Teles Veras Nunes Coordenador de Controle InternoContato:\u00a0(85) 3101-6543E-mail:\u00a0thiago.nunes@sspds.ce.gov.br Hor\u00e1rio de atendimento e formas de contato Hor\u00e1rio:\u00a08h \u00e0s 12h \u2013 13h \u00e0s 17Contato:\u00a0(85) 3101-6543E-mail:\u00a0jefferson.coutinho@sspds.ce.gov.br.br","og_url":"https:\/\/ww16.ce.gov.br\/sspds\/comite-setorial-de-acesso-a-informacao\/","og_site_name":"Secretaria da Seguran\u00e7a P\u00fablica e Defesa Social","article_modified_time":"2026-01-21T19:17:58+00:00","twitter_card":"summary_large_image","twitter_misc":{"Est. reading time":"1 minuto"},"schema":{"@context":"https:\/\/schema.org","@graph":[{"@type":"WebPage","@id":"https:\/\/ww16.ce.gov.br\/sspds\/comite-setorial-de-acesso-a-informacao\/","url":"https:\/\/ww16.ce.gov.br\/sspds\/comite-setorial-de-acesso-a-informacao\/","name":"Comit\u00ea Setorial de Acesso \u00e0 informa\u00e7\u00e3o - Secretaria da Seguran\u00e7a P\u00fablica e Defesa Social","isPartOf":{"@id":"https:\/\/ww16.ce.gov.br\/sspds\/#website"},"datePublished":"2026-01-21T18:44:58+00:00","dateModified":"2026-01-21T19:17:58+00:00","breadcrumb":{"@id":"https:\/\/ww16.ce.gov.br\/sspds\/comite-setorial-de-acesso-a-informacao\/#breadcrumb"},"inLanguage":"pt-BR","potentialAction":[{"@type":"ReadAction","target":["https:\/\/ww16.ce.gov.br\/sspds\/comite-setorial-de-acesso-a-informacao\/"]}]},{"@type":"BreadcrumbList","@id":"https:\/\/ww16.ce.gov.br\/sspds\/comite-setorial-de-acesso-a-informacao\/#breadcrumb","itemListElement":[{"@type":"ListItem","position":1,"name":"Home","item":"https:\/\/ww16.ce.gov.br\/sspds\/"},{"@type":"ListItem","position":2,"name":"Comit\u00ea Setorial de Acesso \u00e0 informa\u00e7\u00e3o"}]},{"@type":"WebSite","@id":"https:\/\/ww16.ce.gov.br\/sspds\/#website","url":"https:\/\/ww16.ce.gov.br\/sspds\/","name":"Secretaria da Seguran\u00e7a P\u00fablica e Defesa Social","description":"","potentialAction":[{"@type":"SearchAction","target":{"@type":"EntryPoint","urlTemplate":"https:\/\/ww16.ce.gov.br\/sspds\/?s={search_term_string}"},"query-input":{"@type":"PropertyValueSpecification","valueRequired":true,"valueName":"search_term_string"}}],"inLanguage":"pt-BR"}]}},"_links":{"self":[{"href":"https:\/\/ww16.ce.gov.br\/sspds\/wp-json\/wp\/v2\/pages\/412","targetHints":{"allow":["GET"]}}],"collection":[{"href":"https:\/\/ww16.ce.gov.br\/sspds\/wp-json\/wp\/v2\/pages"}],"about":[{"href":"https:\/\/ww16.ce.gov.br\/sspds\/wp-json\/wp\/v2\/types\/page"}],"author":[{"embeddable":true,"href":"https:\/\/ww16.ce.gov.br\/sspds\/wp-json\/wp\/v2\/users\/5"}],"replies":[{"embeddable":true,"href":"https:\/\/ww16.ce.gov.br\/sspds\/wp-json\/wp\/v2\/comments?post=412"}],"version-history":[{"count":5,"href":"https:\/\/ww16.ce.gov.br\/sspds\/wp-json\/wp\/v2\/pages\/412\/revisions"}],"predecessor-version":[{"id":427,"href":"https:\/\/ww16.ce.gov.br\/sspds\/wp-json\/wp\/v2\/pages\/412\/revisions\/427"}],"wp:attachment":[{"href":"https:\/\/ww16.ce.gov.br\/sspds\/wp-json\/wp\/v2\/media?parent=412"}],"curies":[{"name":"wp","href":"https:\/\/api.w.org\/{rel}","templated":true}]}}