{"id":409,"date":"2026-01-21T15:43:16","date_gmt":"2026-01-21T18:43:16","guid":{"rendered":"http:\/\/ww16.ce.gov.br\/sspds\/?page_id=409"},"modified":"2026-01-21T16:23:07","modified_gmt":"2026-01-21T19:23:07","slug":"relacao-de-informacoes-sigilosas","status":"publish","type":"page","link":"https:\/\/ww16.ce.gov.br\/sspds\/relacao-de-informacoes-sigilosas\/","title":{"rendered":"Rela\u00e7\u00e3o de informa\u00e7\u00f5es sigilosas"},"content":{"rendered":"\n<p><\/p>\n\n\n\n<figure class=\"wp-block-table is-style-stripes\"><table class=\"has-fixed-layout\"><thead><tr><th>\u00d3rg\u00e3o<\/th><th>Refer\u00eancia<\/th><th>Tipo de Documento<\/th><th>Grau de sigilo proposto<\/th><th>Prazo de sigilo<\/th><th>Data da classifica\u00e7\u00e3o<\/th><th>Fundamento Legal<\/th><\/tr><\/thead><tbody><tr><td>SSPDS<\/td><td>001\/2015\/SSPDS<\/td><td>Pedido de Intelig\u00eancia &#8211; Documentos produzidos pela Coordenadoria de Intelig\u00eancia.<\/td><td>Secreto<\/td><td>15 anos<\/td><td>15\/12\/2015<\/td><td>Incisos III, VII e VIII do Art. 22 da Lei Estadual n\u00b0 15.175 de 28\/06\/2012<\/td><\/tr><tr><td>SSPDS<\/td><td>002\/2015\/SSPDS<\/td><td>Relat\u00f3rio de Intelig\u00eancia &#8211; Documentos produzidos pela Coordenadoria de Intelig\u00eancia.<\/td><td>Secreto<\/td><td>15 anos<\/td><td>15\/12\/2015<\/td><td>Incisos III, VII e VIII do Art. 22 da Lei Estadual n\u00b0 15.175 de 28\/06\/2012<\/td><\/tr><tr><td>SSPDS<\/td><td>003\/2015\/SSPDS<\/td><td>Planejamento e diretrizes operacionais.<\/td><td>Reservado<\/td><td>5 anos<\/td><td>15\/12\/2015<\/td><td>Inciso V do Art. 22 da Lei Estadual n\u00b0 15.175 de 28\/06\/2012<\/td><\/tr><tr><td>SSPDS<\/td><td>004\/2015\/SSPDS<\/td><td>Arquivos de senha de servidores.<\/td><td>Secreto<\/td><td>15 anos<\/td><td>15\/12\/2015<\/td><td>Inciso VI do Art. 22 da Lei Estadual n\u00b0 15.175 de 28\/06\/2012<\/td><\/tr><tr><td>SSPDS<\/td><td>005\/2015\/SSPDS<\/td><td>Dicion\u00e1rio de dados de sistemas de TI.<\/td><td>Secreto<\/td><td>15 anos<\/td><td>15\/12\/2015<\/td><td>Incisos VI e VII do Art. 22 da Lei Estadual n\u00b0 15.175 de 28\/06\/2012<\/td><\/tr><tr><td>SSPDS<\/td><td>006\/2015\/SSPDS<\/td><td>Documentos de projetos de sistemas de TI que possuam suas especifica\u00e7\u00f5es t\u00e9cnicas.<\/td><td>Secreto<\/td><td>15 anos<\/td><td>15\/12\/2015<\/td><td>Incisos VI e VII do Art. 22 da Lei Estadual n\u00b0 15.175 de 28\/06\/2012<\/td><\/tr><tr><td>SSPDS<\/td><td>007\/2015\/SSPDS<\/td><td>Relat\u00f3rios dos Conselheiros Comunit\u00e1rios de Defesa Social.<\/td><td>Reservado<\/td><td>5 anos<\/td><td>15\/12\/2015<\/td><td>Incisos III, VII e VIII do Art. 22 da Lei Estadual n\u00b0 15.175 de 28\/06\/2012<\/td><\/tr><tr><td>SSPDS<\/td><td>008\/2015\/SSPDS<\/td><td>Fase interna de processo licitat\u00f3rio.<\/td><td>Reservado<\/td><td>5 anos<\/td><td>15\/12\/2015<\/td><td>Inciso VI do Art. 22 da Lei Estadual n\u00b0 15.175 de 28\/06\/2012<\/td><\/tr><tr><td>SSPDS<\/td><td>009\/2015\/SSPDS<\/td><td>Detalhamento do atendimento das ocorr\u00eancias da Ciops.<\/td><td>Reservado<\/td><td>5 anos<\/td><td>15\/12\/2015<\/td><td>Incisos V e VIII do Art. 22 da Lei Estadual n\u00b0 15.175 de 28\/06\/2012<\/td><\/tr><tr><td>SSPDS<\/td><td>010\/2015\/SSPDS<\/td><td>Notas de instru\u00e7\u00f5es da Ciopaer.<\/td><td>Reservado<\/td><td>5 anos<\/td><td>15\/12\/2015<\/td><td>Incisos V e VIII do Art. 22 da Lei Estadual n\u00b0 15.175 de 28\/06\/2012<\/td><\/tr><tr><td>SSPDS<\/td><td>011\/2015\/SSPDS<\/td><td>Di\u00e1rio de bordo das aeronaves da Ciopaer.<\/td><td>Reservado<\/td><td>5 anos<\/td><td>15\/12\/2015<\/td><td>Incisos V e VIII do Art. 22 da Lei Estadual n\u00b0 15.175 de 28\/06\/2012<\/td><\/tr><tr><td>SSPDS<\/td><td>012\/2015\/SSPDS<\/td><td>Imagens gravadas pelas c\u00e2meras de infravermelho das aeronaves da Ciopaer (FLIR).<\/td><td>Ultrassecreto<\/td><td>25 anos<\/td><td>15\/12\/2015<\/td><td>Incisos V e VIII do Art. 22 da Lei Estadual n\u00b0 15.175 de 28\/06\/2012<\/td><\/tr><tr><td>SSPDS<\/td><td>013\/2015\/SSPDS<\/td><td>Ordens de servi\u00e7o da Ciopaer.<\/td><td>Reservado<\/td><td>5 anos<\/td><td>15\/12\/2015<\/td><td>Incisos V e VIII do Art. 22 da Lei Estadual n\u00b0 15.175 de 28\/06\/2012<\/td><\/tr><tr><td>SSPDS<\/td><td>014\/2015\/SSPDS<\/td><td>Informa\u00e7\u00f5es referentes ao material b\u00e9lico.<\/td><td>Ultrassecreto<\/td><td>25 anos<\/td><td>15\/12\/2015<\/td><td>Incisos V e VII do Art. 22 da Lei Estadual n\u00b0 15.175 de 28\/06\/2012<\/td><\/tr><tr><td>SSPDS<\/td><td>015\/2015\/SSPDS<\/td><td>Detalhamento do Atendimento das Ocorr\u00eancias do Ciops.<\/td><td>Reservado<\/td><td>5 anos<\/td><td>15\/12\/2015<\/td><td>Incisos V e VIII do Art. 22 da Lei Estadual n\u00b0 15.175 de 28\/06\/2012<\/td><\/tr><tr><td>SSPDS<\/td><td>016\/2015\/SSPDS<\/td><td>Programas fontes de sistemas de TI.<\/td><td>Secreto<\/td><td>15 anos<\/td><td>15\/12\/2015<\/td><td>Inciso VI do Art. 22 da Lei Estadual n\u00b0 15.175 de 28\/06\/2012<\/td><\/tr><tr><td>SSPDS<\/td><td>017\/2015\/SSPDS<\/td><td>Material b\u00e9lico.<\/td><td>Ultrassecreto<\/td><td>25 anos<\/td><td>15\/12\/2015<\/td><td>Incisos V e VII do Art. 22 da Lei Estadual n\u00b0 15.175 de 28\/06\/2012<\/td><\/tr><tr><td>SSPDS<\/td><td>001\/2016\/SSPDS<\/td><td>Documentos produzidos pelo Disque Den\u00fancia &#8211; 181.<\/td><td>Reservado<\/td><td>5 anos<\/td><td>23\/03\/2016<\/td><td>Inciso VIII do Art. 22 da Lei Estadual n\u00b0 15.175 de 28\/06\/2012<\/td><\/tr><tr><td>SSPDS<\/td><td>002\/2016\/SSPDS<\/td><td>Pedido de busca efetuado pela Coordenadoria de Intelig\u00eancia a outros \u00f3rg\u00e3os e entes relacionados com a preven\u00e7\u00e3o ou repress\u00e3o de infra\u00e7\u00f5es.<\/td><td>Secreto<\/td><td>15 anos<\/td><td>27\/06\/2016<\/td><td>Inciso VIII do Art. 22 da Lei Estadual n\u00b0 15.175 de 28\/06\/2012<\/td><\/tr><tr><td>SSPDS<\/td><td>003\/2016\/SSPDS<\/td><td>Pedido de Busca \u2013 Documentos produzidos pela Coordenadoria de Intelig\u00eancia.<\/td><td>Secreto<\/td><td>15 anos<\/td><td>27\/06\/2016<\/td><td>Inciso VIII do Art. 22 da Lei Estadual n\u00b0 15.175 de 28\/06\/2012<\/td><\/tr><\/tbody><\/table><\/figure>\n\n\n\n<ul class=\"wp-block-list\">\n<li><a href=\"https:\/\/www.cge.ce.gov.br\/wp-content\/uploads\/sites\/20\/2019\/02\/Informa%C3%A7%C3%B5es-Classificadas-e-Desclassificadas-dos-%C3%93rg%C3%A3os-e-Entidades-do-P.-Executivo-Estadual-14-01-2019.pdf\">Confira aqui a rela\u00e7\u00e3o das informa\u00e7\u00f5es classificadas como sigilosas de todos os \u00f3rg\u00e3os e entidades do Poder Executivo Estadual<\/a><\/li>\n\n\n\n<li><a href=\"https:\/\/www.cge.ce.gov.br\/wp-content\/uploads\/sites\/20\/2019\/01\/Portaria-CGAI-n%C2%B0-01.2016-Disp%C3%B5e-sobre-a-Uniformiza%C3%A7%C3%A3o-na-Classifica%C3%A7%C3%A3o-de-Informa%C3%A7%C3%A3o-Sigilosa-de-Mat%C3%A9ria-Comum-a-Todos-os-%C3%93rg%C3%A3os-e-Entidades-do-Poder-Executivo-Estadual.pdf\">Portaria CGAI n\u00b0 01\/2016 \u2013 Disp\u00f5e sobre a Uniformiza\u00e7\u00e3o na Classifica\u00e7\u00e3o de Informa\u00e7\u00e3o Sigilosa de Mat\u00e9ria Comum a Todos os \u00d3rg\u00e3os e Entidades do Poder Executivo Estadual<\/a><\/li>\n<\/ul>\n","protected":false},"excerpt":{"rendered":"<p>\u00d3rg\u00e3o Refer\u00eancia Tipo de Documento Grau de sigilo proposto Prazo de sigilo Data da classifica\u00e7\u00e3o Fundamento Legal SSPDS 001\/2015\/SSPDS Pedido de Intelig\u00eancia &#8211; Documentos produzidos pela Coordenadoria de Intelig\u00eancia. Secreto 15 anos 15\/12\/2015 Incisos III, VII e VIII do Art. 22 da Lei Estadual n\u00b0 15.175 de 28\/06\/2012 SSPDS 002\/2015\/SSPDS Relat\u00f3rio de Intelig\u00eancia &#8211; Documentos [&hellip;]<\/p>\n","protected":false},"author":5,"featured_media":0,"parent":0,"menu_order":0,"comment_status":"closed","ping_status":"closed","template":"page-relacao-de-informacao-sigilosa.php","meta":{"_acf_changed":false,"inline_featured_image":false,"footnotes":""},"class_list":["post-409","page","type-page","status-publish","hentry"],"acf":[],"yoast_head":"<!-- This site is optimized with the Yoast SEO plugin v26.9 - https:\/\/yoast.com\/product\/yoast-seo-wordpress\/ -->\n<title>Rela\u00e7\u00e3o de informa\u00e7\u00f5es sigilosas - Secretaria da Seguran\u00e7a P\u00fablica e Defesa Social<\/title>\n<meta name=\"robots\" content=\"index, follow, max-snippet:-1, max-image-preview:large, max-video-preview:-1\" \/>\n<link rel=\"canonical\" href=\"https:\/\/ww16.ce.gov.br\/sspds\/relacao-de-informacoes-sigilosas\/\" \/>\n<meta property=\"og:locale\" content=\"pt_BR\" \/>\n<meta property=\"og:type\" content=\"article\" \/>\n<meta property=\"og:title\" content=\"Rela\u00e7\u00e3o de informa\u00e7\u00f5es sigilosas - Secretaria da Seguran\u00e7a P\u00fablica e Defesa Social\" \/>\n<meta property=\"og:description\" content=\"\u00d3rg\u00e3o Refer\u00eancia Tipo de Documento Grau de sigilo proposto Prazo de sigilo Data da classifica\u00e7\u00e3o Fundamento Legal SSPDS 001\/2015\/SSPDS Pedido de Intelig\u00eancia &#8211; Documentos produzidos pela Coordenadoria de Intelig\u00eancia. Secreto 15 anos 15\/12\/2015 Incisos III, VII e VIII do Art. 22 da Lei Estadual n\u00b0 15.175 de 28\/06\/2012 SSPDS 002\/2015\/SSPDS Relat\u00f3rio de Intelig\u00eancia &#8211; Documentos [&hellip;]\" \/>\n<meta property=\"og:url\" content=\"https:\/\/ww16.ce.gov.br\/sspds\/relacao-de-informacoes-sigilosas\/\" \/>\n<meta property=\"og:site_name\" content=\"Secretaria da Seguran\u00e7a P\u00fablica e Defesa Social\" \/>\n<meta property=\"article:modified_time\" content=\"2026-01-21T19:23:07+00:00\" \/>\n<meta name=\"twitter:card\" content=\"summary_large_image\" \/>\n<meta name=\"twitter:label1\" content=\"Est. reading time\" \/>\n\t<meta name=\"twitter:data1\" content=\"4 minutos\" \/>\n<script type=\"application\/ld+json\" class=\"yoast-schema-graph\">{\"@context\":\"https:\/\/schema.org\",\"@graph\":[{\"@type\":\"WebPage\",\"@id\":\"https:\/\/ww16.ce.gov.br\/sspds\/relacao-de-informacoes-sigilosas\/\",\"url\":\"https:\/\/ww16.ce.gov.br\/sspds\/relacao-de-informacoes-sigilosas\/\",\"name\":\"Rela\u00e7\u00e3o de informa\u00e7\u00f5es sigilosas - Secretaria da Seguran\u00e7a P\u00fablica e Defesa Social\",\"isPartOf\":{\"@id\":\"https:\/\/ww16.ce.gov.br\/sspds\/#website\"},\"datePublished\":\"2026-01-21T18:43:16+00:00\",\"dateModified\":\"2026-01-21T19:23:07+00:00\",\"breadcrumb\":{\"@id\":\"https:\/\/ww16.ce.gov.br\/sspds\/relacao-de-informacoes-sigilosas\/#breadcrumb\"},\"inLanguage\":\"pt-BR\",\"potentialAction\":[{\"@type\":\"ReadAction\",\"target\":[\"https:\/\/ww16.ce.gov.br\/sspds\/relacao-de-informacoes-sigilosas\/\"]}]},{\"@type\":\"BreadcrumbList\",\"@id\":\"https:\/\/ww16.ce.gov.br\/sspds\/relacao-de-informacoes-sigilosas\/#breadcrumb\",\"itemListElement\":[{\"@type\":\"ListItem\",\"position\":1,\"name\":\"Home\",\"item\":\"https:\/\/ww16.ce.gov.br\/sspds\/\"},{\"@type\":\"ListItem\",\"position\":2,\"name\":\"Rela\u00e7\u00e3o de informa\u00e7\u00f5es sigilosas\"}]},{\"@type\":\"WebSite\",\"@id\":\"https:\/\/ww16.ce.gov.br\/sspds\/#website\",\"url\":\"https:\/\/ww16.ce.gov.br\/sspds\/\",\"name\":\"Secretaria da Seguran\u00e7a P\u00fablica e Defesa Social\",\"description\":\"\",\"potentialAction\":[{\"@type\":\"SearchAction\",\"target\":{\"@type\":\"EntryPoint\",\"urlTemplate\":\"https:\/\/ww16.ce.gov.br\/sspds\/?s={search_term_string}\"},\"query-input\":{\"@type\":\"PropertyValueSpecification\",\"valueRequired\":true,\"valueName\":\"search_term_string\"}}],\"inLanguage\":\"pt-BR\"}]}<\/script>\n<!-- \/ Yoast SEO plugin. -->","yoast_head_json":{"title":"Rela\u00e7\u00e3o de informa\u00e7\u00f5es sigilosas - Secretaria da Seguran\u00e7a P\u00fablica e Defesa Social","robots":{"index":"index","follow":"follow","max-snippet":"max-snippet:-1","max-image-preview":"max-image-preview:large","max-video-preview":"max-video-preview:-1"},"canonical":"https:\/\/ww16.ce.gov.br\/sspds\/relacao-de-informacoes-sigilosas\/","og_locale":"pt_BR","og_type":"article","og_title":"Rela\u00e7\u00e3o de informa\u00e7\u00f5es sigilosas - Secretaria da Seguran\u00e7a P\u00fablica e Defesa Social","og_description":"\u00d3rg\u00e3o Refer\u00eancia Tipo de Documento Grau de sigilo proposto Prazo de sigilo Data da classifica\u00e7\u00e3o Fundamento Legal SSPDS 001\/2015\/SSPDS Pedido de Intelig\u00eancia &#8211; Documentos produzidos pela Coordenadoria de Intelig\u00eancia. Secreto 15 anos 15\/12\/2015 Incisos III, VII e VIII do Art. 22 da Lei Estadual n\u00b0 15.175 de 28\/06\/2012 SSPDS 002\/2015\/SSPDS Relat\u00f3rio de Intelig\u00eancia &#8211; Documentos [&hellip;]","og_url":"https:\/\/ww16.ce.gov.br\/sspds\/relacao-de-informacoes-sigilosas\/","og_site_name":"Secretaria da Seguran\u00e7a P\u00fablica e Defesa Social","article_modified_time":"2026-01-21T19:23:07+00:00","twitter_card":"summary_large_image","twitter_misc":{"Est. reading time":"4 minutos"},"schema":{"@context":"https:\/\/schema.org","@graph":[{"@type":"WebPage","@id":"https:\/\/ww16.ce.gov.br\/sspds\/relacao-de-informacoes-sigilosas\/","url":"https:\/\/ww16.ce.gov.br\/sspds\/relacao-de-informacoes-sigilosas\/","name":"Rela\u00e7\u00e3o de informa\u00e7\u00f5es sigilosas - Secretaria da Seguran\u00e7a P\u00fablica e Defesa Social","isPartOf":{"@id":"https:\/\/ww16.ce.gov.br\/sspds\/#website"},"datePublished":"2026-01-21T18:43:16+00:00","dateModified":"2026-01-21T19:23:07+00:00","breadcrumb":{"@id":"https:\/\/ww16.ce.gov.br\/sspds\/relacao-de-informacoes-sigilosas\/#breadcrumb"},"inLanguage":"pt-BR","potentialAction":[{"@type":"ReadAction","target":["https:\/\/ww16.ce.gov.br\/sspds\/relacao-de-informacoes-sigilosas\/"]}]},{"@type":"BreadcrumbList","@id":"https:\/\/ww16.ce.gov.br\/sspds\/relacao-de-informacoes-sigilosas\/#breadcrumb","itemListElement":[{"@type":"ListItem","position":1,"name":"Home","item":"https:\/\/ww16.ce.gov.br\/sspds\/"},{"@type":"ListItem","position":2,"name":"Rela\u00e7\u00e3o de informa\u00e7\u00f5es sigilosas"}]},{"@type":"WebSite","@id":"https:\/\/ww16.ce.gov.br\/sspds\/#website","url":"https:\/\/ww16.ce.gov.br\/sspds\/","name":"Secretaria da Seguran\u00e7a P\u00fablica e Defesa Social","description":"","potentialAction":[{"@type":"SearchAction","target":{"@type":"EntryPoint","urlTemplate":"https:\/\/ww16.ce.gov.br\/sspds\/?s={search_term_string}"},"query-input":{"@type":"PropertyValueSpecification","valueRequired":true,"valueName":"search_term_string"}}],"inLanguage":"pt-BR"}]}},"_links":{"self":[{"href":"https:\/\/ww16.ce.gov.br\/sspds\/wp-json\/wp\/v2\/pages\/409","targetHints":{"allow":["GET"]}}],"collection":[{"href":"https:\/\/ww16.ce.gov.br\/sspds\/wp-json\/wp\/v2\/pages"}],"about":[{"href":"https:\/\/ww16.ce.gov.br\/sspds\/wp-json\/wp\/v2\/types\/page"}],"author":[{"embeddable":true,"href":"https:\/\/ww16.ce.gov.br\/sspds\/wp-json\/wp\/v2\/users\/5"}],"replies":[{"embeddable":true,"href":"https:\/\/ww16.ce.gov.br\/sspds\/wp-json\/wp\/v2\/comments?post=409"}],"version-history":[{"count":4,"href":"https:\/\/ww16.ce.gov.br\/sspds\/wp-json\/wp\/v2\/pages\/409\/revisions"}],"predecessor-version":[{"id":428,"href":"https:\/\/ww16.ce.gov.br\/sspds\/wp-json\/wp\/v2\/pages\/409\/revisions\/428"}],"wp:attachment":[{"href":"https:\/\/ww16.ce.gov.br\/sspds\/wp-json\/wp\/v2\/media?parent=409"}],"curies":[{"name":"wp","href":"https:\/\/api.w.org\/{rel}","templated":true}]}}