{"id":354,"date":"2026-01-21T13:55:23","date_gmt":"2026-01-21T16:55:23","guid":{"rendered":"http:\/\/ww16.ce.gov.br\/sspds\/?page_id=354"},"modified":"2026-01-21T13:55:25","modified_gmt":"2026-01-21T16:55:25","slug":"misp-perguntas-frequentes","status":"publish","type":"page","link":"https:\/\/ww16.ce.gov.br\/sspds\/metas-integradas-de-seguranca-publica-misp\/misp-perguntas-frequentes\/","title":{"rendered":"Perguntas frequentes"},"content":{"rendered":"\n<p>Metas Integradas de Seguran\u00e7a P\u00fablica<\/p>\n\n\n\n<h4 class=\"wp-block-heading\"><strong>1. Quais os crit\u00e9rios para defini\u00e7\u00e3o das metas?<\/strong><\/h4>\n\n\n\n<p class=\"is-style-justified\" id=\"textoOculto1\">Para os c\u00e1lculos das metas foram utilizadas as varia\u00e7\u00f5es quadrimestrais e anuais dos indicadores, bem como propor\u00e7\u00f5es almejadas, proje\u00e7\u00f5es, crescimento percentual m\u00e9dio e cotas referentes \u00e0s metas finais nos casos dos planos estadual e nacional, nos casos em que havia meta para estes planos.<\/p>\n\n\n\n<h4 class=\"wp-block-heading\"><strong>2. Como saber se a minha unidade est\u00e1 batendo a meta estipulada?<\/strong><\/h4>\n\n\n\n<p class=\"is-style-justified\" id=\"textoOculto2\">A Superintend\u00eancia de Pesquisa e Estrat\u00e9gia em Seguran\u00e7a P\u00fablica disponibiliza um painel de acompanhamento dos indicadores e suas respectivas metas. A solicita\u00e7\u00e3o de acesso \u00e9 feita atrav\u00e9s do email&nbsp;<a href=\"mailto:supesp@supesp.ce.gov.br\">supesp@supesp.ce.gov.br<\/a>.<\/p>\n\n\n\n<h4 class=\"wp-block-heading\"><strong>3. Os valores referentes a meta alcan\u00e7ada ser\u00e1 proporcional ao cargo ou fun\u00e7\u00e3o do servidor?<\/strong><\/h4>\n\n\n\n<p class=\"is-style-justified\" id=\"textoOculto3\">Conforme estipulado no \u00a71\u00ba do Art. 02 do Decreto 36.464, de 28 de fevereiro de 2025, A compensa\u00e7\u00e3o ser\u00e1 proporcional ao percentual de atingimento da meta, o qual ser\u00e1 limitado a 100% (cem por cento), e considerar\u00e1 o valor m\u00e1ximo individual de R$ 2.000,00 (dois mil reais), para todos os servidores e militares, por per\u00edodo de apura\u00e7\u00e3o, n\u00e3o sendo estipulado qualquer diferencia\u00e7\u00e3o por cargo ou fun\u00e7\u00e3o.<\/p>\n\n\n\n<h4 class=\"wp-block-heading\"><strong>4. Quem est\u00e1 sujeito \u00e0s metas do Misp?<\/strong><\/h4>\n\n\n\n<p class=\"is-style-justified\" id=\"textoOculto4\">Todos os servidores e militares da ativa que atuam na seguran\u00e7a p\u00fablica, seja na \u00e1rea operacional ou administrativa, devem seguir as metas estabelecidas no Misp.<\/p>\n\n\n\n<h4 class=\"wp-block-heading\"><strong>5. A compensa\u00e7\u00e3o financeira do Misp integra os vencimentos dos servidores?<\/strong><\/h4>\n\n\n\n<p class=\"is-style-justified\" id=\"textoOculto5\">Todos os servidores e militares da ativa que atuam na seguran\u00e7a p\u00fablica, seja na \u00e1rea operacional ou administrativa, devem seguir as metas estabelecidas no Misp.<\/p>\n\n\n\n<h4 class=\"wp-block-heading\"><strong>6. Existe alguma comiss\u00e3o para acompanhar o Misp?<\/strong><\/h4>\n\n\n\n<p class=\"is-style-justified\" id=\"textoOculto6\">Sim. A Comiss\u00e3o de Acompanhamento e Avalia\u00e7\u00e3o das Metas Integradas de Seguran\u00e7a P\u00fablica foi criada para monitorar a implementa\u00e7\u00e3o e execu\u00e7\u00e3o do sistema.<\/p>\n\n\n\n<h4 class=\"wp-block-heading\"><strong>7. Quem deve fazer o Plano de A\u00e7\u00e3o Integrado?<\/strong><\/h4>\n\n\n\n<p class=\"is-style-justified\" id=\"textoOculto7\">O Plano de A\u00e7\u00e3o Integrado \u00e9 um documento que deve ser confeccionado a partir das reuni\u00f5es realizadas mensalmente pelos gestores das AIS, com a\u00e7\u00f5es voltadas para o atingimento das metas de CVLI e CVP, elaborado pelos gestores das vinculadas Pol\u00edcia Militar e Pol\u00edcia Civil, com apoio dos Pontos Focais do Misp.<\/p>\n\n\n\n<h4 class=\"wp-block-heading\"><strong>8. Quem s\u00e3o os Pontos Focais do Misp?<\/strong><\/h4>\n\n\n\n<p class=\"is-style-justified\" id=\"textoOculto8\">S\u00e3o servidores indicados pelos gestores das AIS, com a fun\u00e7\u00e3o de auxiliar a condu\u00e7\u00e3o da metodologia, em atividades como a marca\u00e7\u00e3o de reuni\u00f5es, coletar as informa\u00e7\u00f5es para inclus\u00e3o no Plano de A\u00e7\u00e3o Integrada, acompanhar o cronograma, encaminhar as solicita\u00e7\u00f5es, d\u00favidas e sugest\u00f5es para a gest\u00e3o da SSPDS.<\/p>\n\n\n\n<h4 class=\"wp-block-heading\"><strong>9. Quem \u00e9 respons\u00e1vel por validar o plano de a\u00e7\u00e3o integrado?<\/strong><\/h4>\n\n\n\n<p class=\"is-style-justified\" id=\"textoOculto9\">Os coordenadores regionais pertencentes \u00e0s Pol\u00edcias Civil e Militar, ap\u00f3s revis\u00e3o dos planos de a\u00e7\u00e3o elaborados pelas AIS.<\/p>\n\n\n\n<h4 class=\"wp-block-heading\"><strong>10. H\u00e1 algum reconhecimento para os melhores desempenhos?<\/strong><\/h4>\n\n\n\n<p class=\"is-style-justified\" id=\"textoOculto10\">Sim. Anualmente, haver\u00e1 uma solenidade de condecora\u00e7\u00e3o para:<br><strong>\u2022<\/strong>\u00a0A Regi\u00e3o Integrada de Seguran\u00e7a com melhor desempenho;<br><strong>\u2022<\/strong>\u00a0As tr\u00eas \u00c1reas Integradas de Seguran\u00e7a mais bem avaliadas;<br><strong>\u2022<\/strong>\u00a0Setores e servidores com melhores pr\u00e1ticas institucionais.<\/p>\n\n\n\n<h4 class=\"wp-block-heading\"><strong>11. O atingimento das metas pode influenciar na carreira dos servidores?<\/strong><\/h4>\n\n\n\n<p class=\"is-style-justified\" id=\"textoOculto11\">Sim. Al\u00e9m da compensa\u00e7\u00e3o pecuni\u00e1ria, o cumprimento das metas pode resultar em:<br><strong>\u2022<\/strong>&nbsp;Redu\u00e7\u00e3o do interst\u00edcio para ascens\u00e3o dos servidores da Pefoce e Pol\u00edcia Civil;<br><strong>\u2022<\/strong>&nbsp;Pontua\u00e7\u00e3o diferenciada na promo\u00e7\u00e3o por merecimento de militares da Pol\u00edcia Militar e do Corpo de Bombeiros;<br><strong>\u2022<\/strong>&nbsp;Outras medidas de interesse funcional a serem definidas por decreto.<\/p>\n\n\n\n<h4 class=\"wp-block-heading\"><strong>12. H\u00e1 revoga\u00e7\u00e3o de alguma legisla\u00e7\u00e3o anterior?<\/strong><\/h4>\n\n\n\n<p class=\"is-style-justified\" id=\"textoOculto12\">Sim. A Lei Complementar n\u00ba 133, de 11 de mar\u00e7o de 2014, foi revogada pela nova legisla\u00e7\u00e3o.<\/p>\n\n\n\n<p id=\"textoOculto12\"><br><em>\u00a0<strong>Outras d\u00favidas ou sugest\u00f5es podem ser encaminhadas para o email<\/strong>\u00a0<a href=\"mailto:misp@sspds.ce.gov.br\">misp@sspds.ce.gov.br<\/a>.<\/em><\/p>\n","protected":false},"excerpt":{"rendered":"<p>Metas Integradas de Seguran\u00e7a P\u00fablica 1. Quais os crit\u00e9rios para defini\u00e7\u00e3o das metas? Para os c\u00e1lculos das metas foram utilizadas as varia\u00e7\u00f5es quadrimestrais e anuais dos indicadores, bem como propor\u00e7\u00f5es almejadas, proje\u00e7\u00f5es, crescimento percentual m\u00e9dio e cotas referentes \u00e0s metas finais nos casos dos planos estadual e nacional, nos casos em que havia meta para [&hellip;]<\/p>\n","protected":false},"author":5,"featured_media":0,"parent":190,"menu_order":0,"comment_status":"closed","ping_status":"closed","template":"page-model-padrao.php","meta":{"_acf_changed":false,"inline_featured_image":false,"footnotes":""},"class_list":["post-354","page","type-page","status-publish","hentry"],"acf":[],"yoast_head":"<!-- This site is optimized with the Yoast SEO plugin v26.9 - https:\/\/yoast.com\/product\/yoast-seo-wordpress\/ -->\n<title>Perguntas frequentes - Secretaria da Seguran\u00e7a P\u00fablica e Defesa Social<\/title>\n<meta name=\"robots\" content=\"index, follow, max-snippet:-1, max-image-preview:large, max-video-preview:-1\" \/>\n<link rel=\"canonical\" href=\"https:\/\/ww16.ce.gov.br\/sspds\/metas-integradas-de-seguranca-publica-misp\/misp-perguntas-frequentes\/\" \/>\n<meta property=\"og:locale\" content=\"pt_BR\" \/>\n<meta property=\"og:type\" content=\"article\" \/>\n<meta property=\"og:title\" content=\"Perguntas frequentes - Secretaria da Seguran\u00e7a P\u00fablica e Defesa Social\" \/>\n<meta property=\"og:description\" content=\"Metas Integradas de Seguran\u00e7a P\u00fablica 1. Quais os crit\u00e9rios para defini\u00e7\u00e3o das metas? Para os c\u00e1lculos das metas foram utilizadas as varia\u00e7\u00f5es quadrimestrais e anuais dos indicadores, bem como propor\u00e7\u00f5es almejadas, proje\u00e7\u00f5es, crescimento percentual m\u00e9dio e cotas referentes \u00e0s metas finais nos casos dos planos estadual e nacional, nos casos em que havia meta para [&hellip;]\" \/>\n<meta property=\"og:url\" content=\"https:\/\/ww16.ce.gov.br\/sspds\/metas-integradas-de-seguranca-publica-misp\/misp-perguntas-frequentes\/\" \/>\n<meta property=\"og:site_name\" content=\"Secretaria da Seguran\u00e7a P\u00fablica e Defesa Social\" \/>\n<meta property=\"article:modified_time\" content=\"2026-01-21T16:55:25+00:00\" \/>\n<meta name=\"twitter:card\" content=\"summary_large_image\" \/>\n<meta name=\"twitter:label1\" content=\"Est. reading time\" \/>\n\t<meta name=\"twitter:data1\" content=\"4 minutos\" \/>\n<script type=\"application\/ld+json\" class=\"yoast-schema-graph\">{\"@context\":\"https:\/\/schema.org\",\"@graph\":[{\"@type\":\"WebPage\",\"@id\":\"https:\/\/ww16.ce.gov.br\/sspds\/metas-integradas-de-seguranca-publica-misp\/misp-perguntas-frequentes\/\",\"url\":\"https:\/\/ww16.ce.gov.br\/sspds\/metas-integradas-de-seguranca-publica-misp\/misp-perguntas-frequentes\/\",\"name\":\"Perguntas frequentes - Secretaria da Seguran\u00e7a P\u00fablica e Defesa Social\",\"isPartOf\":{\"@id\":\"https:\/\/ww16.ce.gov.br\/sspds\/#website\"},\"datePublished\":\"2026-01-21T16:55:23+00:00\",\"dateModified\":\"2026-01-21T16:55:25+00:00\",\"breadcrumb\":{\"@id\":\"https:\/\/ww16.ce.gov.br\/sspds\/metas-integradas-de-seguranca-publica-misp\/misp-perguntas-frequentes\/#breadcrumb\"},\"inLanguage\":\"pt-BR\",\"potentialAction\":[{\"@type\":\"ReadAction\",\"target\":[\"https:\/\/ww16.ce.gov.br\/sspds\/metas-integradas-de-seguranca-publica-misp\/misp-perguntas-frequentes\/\"]}]},{\"@type\":\"BreadcrumbList\",\"@id\":\"https:\/\/ww16.ce.gov.br\/sspds\/metas-integradas-de-seguranca-publica-misp\/misp-perguntas-frequentes\/#breadcrumb\",\"itemListElement\":[{\"@type\":\"ListItem\",\"position\":1,\"name\":\"Home\",\"item\":\"https:\/\/ww16.ce.gov.br\/sspds\/\"},{\"@type\":\"ListItem\",\"position\":2,\"name\":\"Metas Integradas de Seguran\u00e7a P\u00fablica &#8211; MISP\",\"item\":\"https:\/\/ww16.ce.gov.br\/sspds\/metas-integradas-de-seguranca-publica-misp\/\"},{\"@type\":\"ListItem\",\"position\":3,\"name\":\"Perguntas frequentes\"}]},{\"@type\":\"WebSite\",\"@id\":\"https:\/\/ww16.ce.gov.br\/sspds\/#website\",\"url\":\"https:\/\/ww16.ce.gov.br\/sspds\/\",\"name\":\"Secretaria da Seguran\u00e7a P\u00fablica e Defesa Social\",\"description\":\"\",\"potentialAction\":[{\"@type\":\"SearchAction\",\"target\":{\"@type\":\"EntryPoint\",\"urlTemplate\":\"https:\/\/ww16.ce.gov.br\/sspds\/?s={search_term_string}\"},\"query-input\":{\"@type\":\"PropertyValueSpecification\",\"valueRequired\":true,\"valueName\":\"search_term_string\"}}],\"inLanguage\":\"pt-BR\"}]}<\/script>\n<!-- \/ Yoast SEO plugin. -->","yoast_head_json":{"title":"Perguntas frequentes - Secretaria da Seguran\u00e7a P\u00fablica e Defesa Social","robots":{"index":"index","follow":"follow","max-snippet":"max-snippet:-1","max-image-preview":"max-image-preview:large","max-video-preview":"max-video-preview:-1"},"canonical":"https:\/\/ww16.ce.gov.br\/sspds\/metas-integradas-de-seguranca-publica-misp\/misp-perguntas-frequentes\/","og_locale":"pt_BR","og_type":"article","og_title":"Perguntas frequentes - Secretaria da Seguran\u00e7a P\u00fablica e Defesa Social","og_description":"Metas Integradas de Seguran\u00e7a P\u00fablica 1. Quais os crit\u00e9rios para defini\u00e7\u00e3o das metas? Para os c\u00e1lculos das metas foram utilizadas as varia\u00e7\u00f5es quadrimestrais e anuais dos indicadores, bem como propor\u00e7\u00f5es almejadas, proje\u00e7\u00f5es, crescimento percentual m\u00e9dio e cotas referentes \u00e0s metas finais nos casos dos planos estadual e nacional, nos casos em que havia meta para [&hellip;]","og_url":"https:\/\/ww16.ce.gov.br\/sspds\/metas-integradas-de-seguranca-publica-misp\/misp-perguntas-frequentes\/","og_site_name":"Secretaria da Seguran\u00e7a P\u00fablica e Defesa Social","article_modified_time":"2026-01-21T16:55:25+00:00","twitter_card":"summary_large_image","twitter_misc":{"Est. reading time":"4 minutos"},"schema":{"@context":"https:\/\/schema.org","@graph":[{"@type":"WebPage","@id":"https:\/\/ww16.ce.gov.br\/sspds\/metas-integradas-de-seguranca-publica-misp\/misp-perguntas-frequentes\/","url":"https:\/\/ww16.ce.gov.br\/sspds\/metas-integradas-de-seguranca-publica-misp\/misp-perguntas-frequentes\/","name":"Perguntas frequentes - Secretaria da Seguran\u00e7a P\u00fablica e Defesa Social","isPartOf":{"@id":"https:\/\/ww16.ce.gov.br\/sspds\/#website"},"datePublished":"2026-01-21T16:55:23+00:00","dateModified":"2026-01-21T16:55:25+00:00","breadcrumb":{"@id":"https:\/\/ww16.ce.gov.br\/sspds\/metas-integradas-de-seguranca-publica-misp\/misp-perguntas-frequentes\/#breadcrumb"},"inLanguage":"pt-BR","potentialAction":[{"@type":"ReadAction","target":["https:\/\/ww16.ce.gov.br\/sspds\/metas-integradas-de-seguranca-publica-misp\/misp-perguntas-frequentes\/"]}]},{"@type":"BreadcrumbList","@id":"https:\/\/ww16.ce.gov.br\/sspds\/metas-integradas-de-seguranca-publica-misp\/misp-perguntas-frequentes\/#breadcrumb","itemListElement":[{"@type":"ListItem","position":1,"name":"Home","item":"https:\/\/ww16.ce.gov.br\/sspds\/"},{"@type":"ListItem","position":2,"name":"Metas Integradas de Seguran\u00e7a P\u00fablica &#8211; MISP","item":"https:\/\/ww16.ce.gov.br\/sspds\/metas-integradas-de-seguranca-publica-misp\/"},{"@type":"ListItem","position":3,"name":"Perguntas frequentes"}]},{"@type":"WebSite","@id":"https:\/\/ww16.ce.gov.br\/sspds\/#website","url":"https:\/\/ww16.ce.gov.br\/sspds\/","name":"Secretaria da Seguran\u00e7a P\u00fablica e Defesa Social","description":"","potentialAction":[{"@type":"SearchAction","target":{"@type":"EntryPoint","urlTemplate":"https:\/\/ww16.ce.gov.br\/sspds\/?s={search_term_string}"},"query-input":{"@type":"PropertyValueSpecification","valueRequired":true,"valueName":"search_term_string"}}],"inLanguage":"pt-BR"}]}},"_links":{"self":[{"href":"https:\/\/ww16.ce.gov.br\/sspds\/wp-json\/wp\/v2\/pages\/354","targetHints":{"allow":["GET"]}}],"collection":[{"href":"https:\/\/ww16.ce.gov.br\/sspds\/wp-json\/wp\/v2\/pages"}],"about":[{"href":"https:\/\/ww16.ce.gov.br\/sspds\/wp-json\/wp\/v2\/types\/page"}],"author":[{"embeddable":true,"href":"https:\/\/ww16.ce.gov.br\/sspds\/wp-json\/wp\/v2\/users\/5"}],"replies":[{"embeddable":true,"href":"https:\/\/ww16.ce.gov.br\/sspds\/wp-json\/wp\/v2\/comments?post=354"}],"version-history":[{"count":1,"href":"https:\/\/ww16.ce.gov.br\/sspds\/wp-json\/wp\/v2\/pages\/354\/revisions"}],"predecessor-version":[{"id":357,"href":"https:\/\/ww16.ce.gov.br\/sspds\/wp-json\/wp\/v2\/pages\/354\/revisions\/357"}],"up":[{"embeddable":true,"href":"https:\/\/ww16.ce.gov.br\/sspds\/wp-json\/wp\/v2\/pages\/190"}],"wp:attachment":[{"href":"https:\/\/ww16.ce.gov.br\/sspds\/wp-json\/wp\/v2\/media?parent=354"}],"curies":[{"name":"wp","href":"https:\/\/api.w.org\/{rel}","templated":true}]}}