{"id":345,"date":"2026-01-21T13:42:28","date_gmt":"2026-01-21T16:42:28","guid":{"rendered":"http:\/\/ww16.ce.gov.br\/sspds\/?page_id=345"},"modified":"2026-01-22T14:46:22","modified_gmt":"2026-01-22T17:46:22","slug":"misp-premiacao-por-boas-praticas","status":"publish","type":"page","link":"https:\/\/ww16.ce.gov.br\/sspds\/metas-integradas-de-seguranca-publica-misp\/misp-premiacao-por-boas-praticas\/","title":{"rendered":"Premia\u00e7\u00e3o por Boas Pr\u00e1ticas"},"content":{"rendered":"\n<p>Metas Integradas de Seguran\u00e7a P\u00fablica <\/p>\n\n\n\n<h4 class=\"wp-block-heading\"><strong>Etapas<\/strong><\/h4>\n\n\n\n<div class=\"wp-block-buttons is-layout-flex wp-block-buttons-is-layout-flex\">\n<div class=\"wp-block-button has-custom-width wp-block-button__width-100\"><a class=\"wp-block-button__link has-small-font-size has-text-align-left has-custom-font-size wp-element-button\" href=\"https:\/\/www.sspds.ce.gov.br\/wp-content\/uploads\/sites\/24\/2025\/11\/5861ddc3-e98a-487e-b526-35bca147e7b91762885841.715184.pdf\" target=\"_blank\" rel=\"noreferrer noopener\">EDITAL N\u00ba 001\/2025 \u2013 Sele\u00e7\u00e3o de Boas Pr\u00e1ticas no \u00e2mbito do sistema de Metas Integradas de Seguran\u00e7a P\u00fablica<\/a><\/div>\n\n\n\n<div class=\"wp-block-button has-custom-width wp-block-button__width-100\"><a class=\"wp-block-button__link has-small-font-size has-text-align-left has-custom-font-size wp-element-button\" href=\"https:\/\/docs.google.com\/forms\/d\/e\/1FAIpQLSd_MRvpBGa-Y6pv-fWNYC4l8QSXLUbqnXR9oUYBB_TTtw54SA\/closedform\" target=\"_blank\" rel=\"noreferrer noopener\">Formul\u00e1rio de inscri\u00e7\u00e3o e envio de documenta\u00e7\u00e3o para premia\u00e7\u00e3o por Boas Pr\u00e1ticas Misp<\/a><\/div>\n\n\n\n<div class=\"wp-block-button has-custom-width wp-block-button__width-100\"><a class=\"wp-block-button__link has-small-font-size has-text-align-left has-custom-font-size wp-element-button\" href=\"https:\/\/www.sspds.ce.gov.br\/wp-content\/uploads\/sites\/24\/2025\/11\/Publicacao-COMISSAO-BOAS-PRATICAS-MISP.pdf\" target=\"_blank\" rel=\"noreferrer noopener\">Lista de membros das Comiss\u00f5es Internas de Avalia\u00e7\u00e3o<\/a><\/div>\n\n\n\n<div class=\"wp-block-button has-custom-width wp-block-button__width-100\"><a class=\"wp-block-button__link has-small-font-size has-text-align-left has-custom-font-size wp-element-button\" href=\"https:\/\/www.sspds.ce.gov.br\/wp-content\/uploads\/sites\/24\/2026\/01\/Retificacao-do-cronograma-Boas-praticas-Misp.pdf\" target=\"_blank\" rel=\"noreferrer noopener\">Retifica\u00e7\u00e3o do cronograma da premia\u00e7\u00e3o por Boas Pr\u00e1ticas no \u00e2mbito do sistema de Metas Integradas de Seguran\u00e7a P\u00fablica (Misp)<\/a><\/div>\n\n\n\n<div class=\"wp-block-button has-custom-width wp-block-button__width-100\"><a class=\"wp-block-button__link has-small-font-size has-text-align-left has-custom-font-size wp-element-button\" href=\"https:\/\/www.sspds.ce.gov.br\/wp-content\/uploads\/sites\/24\/2026\/01\/Resultado-Provisorio-Boas-praticas-Misp.pdf\" target=\"_blank\" rel=\"noreferrer noopener\">Resultado provis\u00f3rio da premia\u00e7\u00e3o por Boas Pr\u00e1ticas no \u00e2mbito do sistema de Metas Integradas de Seguran\u00e7a P\u00fablica (Misp)<\/a><\/div>\n\n\n\n<div class=\"wp-block-button has-custom-width wp-block-button__width-100\"><a class=\"wp-block-button__link has-small-font-size has-text-align-left has-custom-font-size wp-element-button\" href=\"https:\/\/www.sspds.ce.gov.br\/wp-content\/uploads\/sites\/24\/2026\/01\/DOC_Resultado_Final_das_Boas_Praticas_2025.pdf\" target=\"_blank\" rel=\"noreferrer noopener\">Resultado final da premia\u00e7\u00e3o por Boas Pr\u00e1ticas no \u00e2mbito do sistema de Metas Integradas de Seguran\u00e7a P\u00fablica (Misp)<\/a><\/div>\n<\/div>\n\n\n\n<p><\/p>\n","protected":false},"excerpt":{"rendered":"<p>Metas Integradas de Seguran\u00e7a P\u00fablica Etapas<\/p>\n","protected":false},"author":5,"featured_media":0,"parent":190,"menu_order":0,"comment_status":"closed","ping_status":"closed","template":"page-model-padrao.php","meta":{"_acf_changed":false,"inline_featured_image":false,"footnotes":""},"class_list":["post-345","page","type-page","status-publish","hentry"],"acf":[],"yoast_head":"<!-- This site is optimized with the Yoast SEO plugin v26.9 - https:\/\/yoast.com\/product\/yoast-seo-wordpress\/ -->\n<title>Premia\u00e7\u00e3o por Boas Pr\u00e1ticas - Secretaria da Seguran\u00e7a P\u00fablica e Defesa Social<\/title>\n<meta name=\"robots\" content=\"index, follow, max-snippet:-1, max-image-preview:large, max-video-preview:-1\" \/>\n<link rel=\"canonical\" href=\"https:\/\/ww16.ce.gov.br\/sspds\/metas-integradas-de-seguranca-publica-misp\/misp-premiacao-por-boas-praticas\/\" \/>\n<meta property=\"og:locale\" content=\"pt_BR\" \/>\n<meta property=\"og:type\" content=\"article\" \/>\n<meta property=\"og:title\" content=\"Premia\u00e7\u00e3o por Boas Pr\u00e1ticas - Secretaria da Seguran\u00e7a P\u00fablica e Defesa Social\" \/>\n<meta property=\"og:description\" content=\"Metas Integradas de Seguran\u00e7a P\u00fablica Etapas\" \/>\n<meta property=\"og:url\" content=\"https:\/\/ww16.ce.gov.br\/sspds\/metas-integradas-de-seguranca-publica-misp\/misp-premiacao-por-boas-praticas\/\" \/>\n<meta property=\"og:site_name\" content=\"Secretaria da Seguran\u00e7a P\u00fablica e Defesa Social\" \/>\n<meta property=\"article:modified_time\" content=\"2026-01-22T17:46:22+00:00\" \/>\n<meta name=\"twitter:card\" content=\"summary_large_image\" \/>\n<meta name=\"twitter:label1\" content=\"Est. reading time\" \/>\n\t<meta name=\"twitter:data1\" content=\"1 minuto\" \/>\n<script type=\"application\/ld+json\" class=\"yoast-schema-graph\">{\"@context\":\"https:\/\/schema.org\",\"@graph\":[{\"@type\":\"WebPage\",\"@id\":\"https:\/\/ww16.ce.gov.br\/sspds\/metas-integradas-de-seguranca-publica-misp\/misp-premiacao-por-boas-praticas\/\",\"url\":\"https:\/\/ww16.ce.gov.br\/sspds\/metas-integradas-de-seguranca-publica-misp\/misp-premiacao-por-boas-praticas\/\",\"name\":\"Premia\u00e7\u00e3o por Boas Pr\u00e1ticas - Secretaria da Seguran\u00e7a P\u00fablica e Defesa Social\",\"isPartOf\":{\"@id\":\"https:\/\/ww16.ce.gov.br\/sspds\/#website\"},\"datePublished\":\"2026-01-21T16:42:28+00:00\",\"dateModified\":\"2026-01-22T17:46:22+00:00\",\"breadcrumb\":{\"@id\":\"https:\/\/ww16.ce.gov.br\/sspds\/metas-integradas-de-seguranca-publica-misp\/misp-premiacao-por-boas-praticas\/#breadcrumb\"},\"inLanguage\":\"pt-BR\",\"potentialAction\":[{\"@type\":\"ReadAction\",\"target\":[\"https:\/\/ww16.ce.gov.br\/sspds\/metas-integradas-de-seguranca-publica-misp\/misp-premiacao-por-boas-praticas\/\"]}]},{\"@type\":\"BreadcrumbList\",\"@id\":\"https:\/\/ww16.ce.gov.br\/sspds\/metas-integradas-de-seguranca-publica-misp\/misp-premiacao-por-boas-praticas\/#breadcrumb\",\"itemListElement\":[{\"@type\":\"ListItem\",\"position\":1,\"name\":\"Home\",\"item\":\"https:\/\/ww16.ce.gov.br\/sspds\/\"},{\"@type\":\"ListItem\",\"position\":2,\"name\":\"Metas Integradas de Seguran\u00e7a P\u00fablica &#8211; MISP\",\"item\":\"https:\/\/ww16.ce.gov.br\/sspds\/metas-integradas-de-seguranca-publica-misp\/\"},{\"@type\":\"ListItem\",\"position\":3,\"name\":\"Premia\u00e7\u00e3o por Boas Pr\u00e1ticas\"}]},{\"@type\":\"WebSite\",\"@id\":\"https:\/\/ww16.ce.gov.br\/sspds\/#website\",\"url\":\"https:\/\/ww16.ce.gov.br\/sspds\/\",\"name\":\"Secretaria da Seguran\u00e7a P\u00fablica e Defesa Social\",\"description\":\"\",\"potentialAction\":[{\"@type\":\"SearchAction\",\"target\":{\"@type\":\"EntryPoint\",\"urlTemplate\":\"https:\/\/ww16.ce.gov.br\/sspds\/?s={search_term_string}\"},\"query-input\":{\"@type\":\"PropertyValueSpecification\",\"valueRequired\":true,\"valueName\":\"search_term_string\"}}],\"inLanguage\":\"pt-BR\"}]}<\/script>\n<!-- \/ Yoast SEO plugin. -->","yoast_head_json":{"title":"Premia\u00e7\u00e3o por Boas Pr\u00e1ticas - Secretaria da Seguran\u00e7a P\u00fablica e Defesa Social","robots":{"index":"index","follow":"follow","max-snippet":"max-snippet:-1","max-image-preview":"max-image-preview:large","max-video-preview":"max-video-preview:-1"},"canonical":"https:\/\/ww16.ce.gov.br\/sspds\/metas-integradas-de-seguranca-publica-misp\/misp-premiacao-por-boas-praticas\/","og_locale":"pt_BR","og_type":"article","og_title":"Premia\u00e7\u00e3o por Boas Pr\u00e1ticas - Secretaria da Seguran\u00e7a P\u00fablica e Defesa Social","og_description":"Metas Integradas de Seguran\u00e7a P\u00fablica Etapas","og_url":"https:\/\/ww16.ce.gov.br\/sspds\/metas-integradas-de-seguranca-publica-misp\/misp-premiacao-por-boas-praticas\/","og_site_name":"Secretaria da Seguran\u00e7a P\u00fablica e Defesa Social","article_modified_time":"2026-01-22T17:46:22+00:00","twitter_card":"summary_large_image","twitter_misc":{"Est. reading time":"1 minuto"},"schema":{"@context":"https:\/\/schema.org","@graph":[{"@type":"WebPage","@id":"https:\/\/ww16.ce.gov.br\/sspds\/metas-integradas-de-seguranca-publica-misp\/misp-premiacao-por-boas-praticas\/","url":"https:\/\/ww16.ce.gov.br\/sspds\/metas-integradas-de-seguranca-publica-misp\/misp-premiacao-por-boas-praticas\/","name":"Premia\u00e7\u00e3o por Boas Pr\u00e1ticas - Secretaria da Seguran\u00e7a P\u00fablica e Defesa Social","isPartOf":{"@id":"https:\/\/ww16.ce.gov.br\/sspds\/#website"},"datePublished":"2026-01-21T16:42:28+00:00","dateModified":"2026-01-22T17:46:22+00:00","breadcrumb":{"@id":"https:\/\/ww16.ce.gov.br\/sspds\/metas-integradas-de-seguranca-publica-misp\/misp-premiacao-por-boas-praticas\/#breadcrumb"},"inLanguage":"pt-BR","potentialAction":[{"@type":"ReadAction","target":["https:\/\/ww16.ce.gov.br\/sspds\/metas-integradas-de-seguranca-publica-misp\/misp-premiacao-por-boas-praticas\/"]}]},{"@type":"BreadcrumbList","@id":"https:\/\/ww16.ce.gov.br\/sspds\/metas-integradas-de-seguranca-publica-misp\/misp-premiacao-por-boas-praticas\/#breadcrumb","itemListElement":[{"@type":"ListItem","position":1,"name":"Home","item":"https:\/\/ww16.ce.gov.br\/sspds\/"},{"@type":"ListItem","position":2,"name":"Metas Integradas de Seguran\u00e7a P\u00fablica &#8211; MISP","item":"https:\/\/ww16.ce.gov.br\/sspds\/metas-integradas-de-seguranca-publica-misp\/"},{"@type":"ListItem","position":3,"name":"Premia\u00e7\u00e3o por Boas Pr\u00e1ticas"}]},{"@type":"WebSite","@id":"https:\/\/ww16.ce.gov.br\/sspds\/#website","url":"https:\/\/ww16.ce.gov.br\/sspds\/","name":"Secretaria da Seguran\u00e7a P\u00fablica e Defesa Social","description":"","potentialAction":[{"@type":"SearchAction","target":{"@type":"EntryPoint","urlTemplate":"https:\/\/ww16.ce.gov.br\/sspds\/?s={search_term_string}"},"query-input":{"@type":"PropertyValueSpecification","valueRequired":true,"valueName":"search_term_string"}}],"inLanguage":"pt-BR"}]}},"_links":{"self":[{"href":"https:\/\/ww16.ce.gov.br\/sspds\/wp-json\/wp\/v2\/pages\/345","targetHints":{"allow":["GET"]}}],"collection":[{"href":"https:\/\/ww16.ce.gov.br\/sspds\/wp-json\/wp\/v2\/pages"}],"about":[{"href":"https:\/\/ww16.ce.gov.br\/sspds\/wp-json\/wp\/v2\/types\/page"}],"author":[{"embeddable":true,"href":"https:\/\/ww16.ce.gov.br\/sspds\/wp-json\/wp\/v2\/users\/5"}],"replies":[{"embeddable":true,"href":"https:\/\/ww16.ce.gov.br\/sspds\/wp-json\/wp\/v2\/comments?post=345"}],"version-history":[{"count":5,"href":"https:\/\/ww16.ce.gov.br\/sspds\/wp-json\/wp\/v2\/pages\/345\/revisions"}],"predecessor-version":[{"id":486,"href":"https:\/\/ww16.ce.gov.br\/sspds\/wp-json\/wp\/v2\/pages\/345\/revisions\/486"}],"up":[{"embeddable":true,"href":"https:\/\/ww16.ce.gov.br\/sspds\/wp-json\/wp\/v2\/pages\/190"}],"wp:attachment":[{"href":"https:\/\/ww16.ce.gov.br\/sspds\/wp-json\/wp\/v2\/media?parent=345"}],"curies":[{"name":"wp","href":"https:\/\/api.w.org\/{rel}","templated":true}]}}