{"id":339,"date":"2026-01-21T13:34:57","date_gmt":"2026-01-21T16:34:57","guid":{"rendered":"http:\/\/ww16.ce.gov.br\/sspds\/?page_id=339"},"modified":"2026-01-23T17:40:23","modified_gmt":"2026-01-23T20:40:23","slug":"misp-metas-e-resultados","status":"publish","type":"page","link":"https:\/\/ww16.ce.gov.br\/sspds\/metas-integradas-de-seguranca-publica-misp\/misp-metas-e-resultados\/","title":{"rendered":"Metas e Resultados"},"content":{"rendered":"\n<p>Metas Integradas de Seguran\u00e7a P\u00fablica<\/p>\n\n\n\n<h4 class=\"wp-block-heading\"><strong>METAS 2025<\/strong><\/h4>\n\n\n\n<div class=\"wp-block-columns is-layout-flex wp-container-core-columns-is-layout-9d6595d7 wp-block-columns-is-layout-flex\">\n<div class=\"wp-block-column is-layout-flow wp-block-column-is-layout-flow\" style=\"flex-basis:25%\">\n<div class=\"wp-block-buttons is-layout-flex wp-block-buttons-is-layout-flex\">\n<div class=\"wp-block-button has-custom-width wp-block-button__width-100\"><a class=\"wp-block-button__link has-small-font-size has-custom-font-size wp-element-button\" href=\"https:\/\/www.sspds.ce.gov.br\/wp-content\/uploads\/sites\/24\/2025\/03\/Portaria-1038.2025-Metas-1o-Quadrimestre-2025.pdf\" target=\"_blank\" rel=\"noreferrer noopener\">1\u00ba Quadrimestre <\/a><\/div>\n<\/div>\n<\/div>\n\n\n\n<div class=\"wp-block-column is-layout-flow wp-block-column-is-layout-flow\" style=\"flex-basis:25%\">\n<div class=\"wp-block-buttons is-layout-flex wp-block-buttons-is-layout-flex\">\n<div class=\"wp-block-button has-custom-width wp-block-button__width-100\"><a class=\"wp-block-button__link has-small-font-size has-custom-font-size wp-element-button\" href=\"https:\/\/www.sspds.ce.gov.br\/wp-content\/uploads\/sites\/24\/2025\/07\/2o-CICLO-REPUBLICACAO.pdf\" target=\"_blank\" rel=\"noreferrer noopener\">2\u00ba Quadrimestre <\/a><\/div>\n<\/div>\n<\/div>\n\n\n\n<div class=\"wp-block-column is-layout-flow wp-block-column-is-layout-flow\" style=\"flex-basis:25%\">\n<div class=\"wp-block-buttons is-layout-flex wp-block-buttons-is-layout-flex\">\n<div class=\"wp-block-button has-custom-width wp-block-button__width-100\"><a class=\"wp-block-button__link has-small-font-size has-custom-font-size wp-element-button\" href=\"https:\/\/www.sspds.ce.gov.br\/wp-content\/uploads\/sites\/24\/2025\/09\/PORTARIA-No40282025-GSSSPDS-Estabelecimento-de-Metas-Estrategicas-do-Misp-referente-ao-t.pdf\" target=\"_blank\" rel=\"noreferrer noopener\">3\u00ba Quadrimestre <\/a><\/div>\n<\/div>\n<\/div>\n\n\n\n<div class=\"wp-block-column is-layout-flow wp-block-column-is-layout-flow\" style=\"flex-basis:25%\"><\/div>\n<\/div>\n\n\n\n<h4 class=\"wp-block-heading\"><strong>RESULTADOS 2025<\/strong><\/h4>\n\n\n\n<div class=\"wp-block-columns is-layout-flex wp-container-core-columns-is-layout-9d6595d7 wp-block-columns-is-layout-flex\">\n<div class=\"wp-block-column is-layout-flow wp-block-column-is-layout-flow\" style=\"flex-basis:25%\">\n<div class=\"wp-block-buttons is-layout-flex wp-block-buttons-is-layout-flex\">\n<div class=\"wp-block-button has-custom-width wp-block-button__width-100\"><a class=\"wp-block-button__link has-small-font-size has-custom-font-size wp-element-button\" href=\"https:\/\/www.sspds.ce.gov.br\/wp-content\/uploads\/sites\/24\/2025\/05\/PORTARIA-CONSOLIDACAO.pdf\" target=\"_blank\" rel=\"noreferrer noopener\">1\u00ba Quadrimestre <\/a><\/div>\n<\/div>\n<\/div>\n\n\n\n<div class=\"wp-block-column is-layout-flow wp-block-column-is-layout-flow\" style=\"flex-basis:25%\">\n<div class=\"wp-block-buttons is-layout-flex wp-block-buttons-is-layout-flex\">\n<div class=\"wp-block-button has-custom-width wp-block-button__width-100\"><a class=\"wp-block-button__link has-small-font-size has-custom-font-size wp-element-button\" href=\"https:\/\/www.sspds.ce.gov.br\/wp-content\/uploads\/sites\/24\/2025\/09\/PORTARIA-No40272025-%E2%80%93-GSSSPDS-Consolidacao-dos-resultados-das-Metas-Estrategicas-do-Misp-r.pdf\" target=\"_blank\" rel=\"noreferrer noopener\">2\u00ba Quadrimestre <\/a><\/div>\n<\/div>\n<\/div>\n\n\n\n<div class=\"wp-block-column is-layout-flow wp-block-column-is-layout-flow\" style=\"flex-basis:25%\">\n<div class=\"wp-block-buttons is-layout-flex wp-block-buttons-is-layout-flex\">\n<div class=\"wp-block-button has-custom-width wp-block-button__width-100\"><a class=\"wp-block-button__link has-small-font-size has-custom-font-size wp-element-button\" href=\"https:\/\/www.sspds.ce.gov.br\/wp-content\/uploads\/sites\/24\/2026\/01\/PORTARIA-No-033_2026-Resultados-3o-quadrimestre.pdf\" target=\"_blank\" rel=\"noreferrer noopener\">3\u00ba Quadrimestre <\/a><\/div>\n<\/div>\n<\/div>\n\n\n\n<div class=\"wp-block-column is-layout-flow wp-block-column-is-layout-flow\" style=\"flex-basis:25%\"><\/div>\n<\/div>\n\n\n\n<hr class=\"wp-block-separator has-alpha-channel-opacity\" \/>\n\n\n\n<h4 class=\"wp-block-heading\"><strong>METAS 2026<\/strong><\/h4>\n\n\n\n<div class=\"wp-block-columns is-layout-flex wp-container-core-columns-is-layout-9d6595d7 wp-block-columns-is-layout-flex\">\n<div class=\"wp-block-column is-layout-flow wp-block-column-is-layout-flow\" style=\"flex-basis:25%\">\n<div class=\"wp-block-buttons is-layout-flex wp-block-buttons-is-layout-flex\">\n<div class=\"wp-block-button has-custom-width wp-block-button__width-100\"><a class=\"wp-block-button__link has-small-font-size has-custom-font-size wp-element-button\" href=\"https:\/\/www.sspds.ce.gov.br\/wp-content\/uploads\/sites\/24\/2026\/01\/do20260122p02-PORTARIA-No0043_2026-GS_SSPDS-Metas-1-quad.-2026.pdf\" target=\"_blank\" rel=\"noreferrer noopener\">1\u00ba Quadrimestre <\/a><\/div>\n<\/div>\n<\/div>\n\n\n\n<div class=\"wp-block-column is-layout-flow wp-block-column-is-layout-flow\" style=\"flex-basis:25%\"><\/div>\n\n\n\n<div class=\"wp-block-column is-layout-flow wp-block-column-is-layout-flow\" style=\"flex-basis:25%\"><\/div>\n\n\n\n<div class=\"wp-block-column is-layout-flow wp-block-column-is-layout-flow\" style=\"flex-basis:25%\"><\/div>\n<\/div>\n","protected":false},"excerpt":{"rendered":"<p>Metas Integradas de Seguran\u00e7a P\u00fablica METAS 2025 RESULTADOS 2025 METAS 2026<\/p>\n","protected":false},"author":5,"featured_media":0,"parent":190,"menu_order":0,"comment_status":"closed","ping_status":"closed","template":"page-model-padrao.php","meta":{"_acf_changed":false,"inline_featured_image":false,"footnotes":""},"class_list":["post-339","page","type-page","status-publish","hentry"],"acf":[],"yoast_head":"<!-- This site is optimized with the Yoast SEO plugin v26.9 - https:\/\/yoast.com\/product\/yoast-seo-wordpress\/ -->\n<title>Metas e Resultados - Secretaria da Seguran\u00e7a P\u00fablica e Defesa Social<\/title>\n<meta name=\"robots\" content=\"index, follow, max-snippet:-1, max-image-preview:large, max-video-preview:-1\" \/>\n<link rel=\"canonical\" href=\"https:\/\/ww16.ce.gov.br\/sspds\/metas-integradas-de-seguranca-publica-misp\/misp-metas-e-resultados\/\" \/>\n<meta property=\"og:locale\" content=\"pt_BR\" \/>\n<meta property=\"og:type\" content=\"article\" \/>\n<meta property=\"og:title\" content=\"Metas e Resultados - Secretaria da Seguran\u00e7a P\u00fablica e Defesa Social\" \/>\n<meta property=\"og:description\" content=\"Metas Integradas de Seguran\u00e7a P\u00fablica METAS 2025 RESULTADOS 2025 METAS 2026\" \/>\n<meta property=\"og:url\" content=\"https:\/\/ww16.ce.gov.br\/sspds\/metas-integradas-de-seguranca-publica-misp\/misp-metas-e-resultados\/\" \/>\n<meta property=\"og:site_name\" content=\"Secretaria da Seguran\u00e7a P\u00fablica e Defesa Social\" \/>\n<meta property=\"article:modified_time\" content=\"2026-01-23T20:40:23+00:00\" \/>\n<meta name=\"twitter:card\" content=\"summary_large_image\" \/>\n<meta name=\"twitter:label1\" content=\"Est. reading time\" \/>\n\t<meta name=\"twitter:data1\" content=\"1 minuto\" \/>\n<script type=\"application\/ld+json\" class=\"yoast-schema-graph\">{\"@context\":\"https:\/\/schema.org\",\"@graph\":[{\"@type\":\"WebPage\",\"@id\":\"https:\/\/ww16.ce.gov.br\/sspds\/metas-integradas-de-seguranca-publica-misp\/misp-metas-e-resultados\/\",\"url\":\"https:\/\/ww16.ce.gov.br\/sspds\/metas-integradas-de-seguranca-publica-misp\/misp-metas-e-resultados\/\",\"name\":\"Metas e Resultados - Secretaria da Seguran\u00e7a P\u00fablica e Defesa Social\",\"isPartOf\":{\"@id\":\"https:\/\/ww16.ce.gov.br\/sspds\/#website\"},\"datePublished\":\"2026-01-21T16:34:57+00:00\",\"dateModified\":\"2026-01-23T20:40:23+00:00\",\"breadcrumb\":{\"@id\":\"https:\/\/ww16.ce.gov.br\/sspds\/metas-integradas-de-seguranca-publica-misp\/misp-metas-e-resultados\/#breadcrumb\"},\"inLanguage\":\"pt-BR\",\"potentialAction\":[{\"@type\":\"ReadAction\",\"target\":[\"https:\/\/ww16.ce.gov.br\/sspds\/metas-integradas-de-seguranca-publica-misp\/misp-metas-e-resultados\/\"]}]},{\"@type\":\"BreadcrumbList\",\"@id\":\"https:\/\/ww16.ce.gov.br\/sspds\/metas-integradas-de-seguranca-publica-misp\/misp-metas-e-resultados\/#breadcrumb\",\"itemListElement\":[{\"@type\":\"ListItem\",\"position\":1,\"name\":\"Home\",\"item\":\"https:\/\/ww16.ce.gov.br\/sspds\/\"},{\"@type\":\"ListItem\",\"position\":2,\"name\":\"Metas Integradas de Seguran\u00e7a P\u00fablica &#8211; MISP\",\"item\":\"https:\/\/ww16.ce.gov.br\/sspds\/metas-integradas-de-seguranca-publica-misp\/\"},{\"@type\":\"ListItem\",\"position\":3,\"name\":\"Metas e Resultados\"}]},{\"@type\":\"WebSite\",\"@id\":\"https:\/\/ww16.ce.gov.br\/sspds\/#website\",\"url\":\"https:\/\/ww16.ce.gov.br\/sspds\/\",\"name\":\"Secretaria da Seguran\u00e7a P\u00fablica e Defesa Social\",\"description\":\"\",\"potentialAction\":[{\"@type\":\"SearchAction\",\"target\":{\"@type\":\"EntryPoint\",\"urlTemplate\":\"https:\/\/ww16.ce.gov.br\/sspds\/?s={search_term_string}\"},\"query-input\":{\"@type\":\"PropertyValueSpecification\",\"valueRequired\":true,\"valueName\":\"search_term_string\"}}],\"inLanguage\":\"pt-BR\"}]}<\/script>\n<!-- \/ Yoast SEO plugin. -->","yoast_head_json":{"title":"Metas e Resultados - Secretaria da Seguran\u00e7a P\u00fablica e Defesa Social","robots":{"index":"index","follow":"follow","max-snippet":"max-snippet:-1","max-image-preview":"max-image-preview:large","max-video-preview":"max-video-preview:-1"},"canonical":"https:\/\/ww16.ce.gov.br\/sspds\/metas-integradas-de-seguranca-publica-misp\/misp-metas-e-resultados\/","og_locale":"pt_BR","og_type":"article","og_title":"Metas e Resultados - Secretaria da Seguran\u00e7a P\u00fablica e Defesa Social","og_description":"Metas Integradas de Seguran\u00e7a P\u00fablica METAS 2025 RESULTADOS 2025 METAS 2026","og_url":"https:\/\/ww16.ce.gov.br\/sspds\/metas-integradas-de-seguranca-publica-misp\/misp-metas-e-resultados\/","og_site_name":"Secretaria da Seguran\u00e7a P\u00fablica e Defesa Social","article_modified_time":"2026-01-23T20:40:23+00:00","twitter_card":"summary_large_image","twitter_misc":{"Est. reading time":"1 minuto"},"schema":{"@context":"https:\/\/schema.org","@graph":[{"@type":"WebPage","@id":"https:\/\/ww16.ce.gov.br\/sspds\/metas-integradas-de-seguranca-publica-misp\/misp-metas-e-resultados\/","url":"https:\/\/ww16.ce.gov.br\/sspds\/metas-integradas-de-seguranca-publica-misp\/misp-metas-e-resultados\/","name":"Metas e Resultados - Secretaria da Seguran\u00e7a P\u00fablica e Defesa Social","isPartOf":{"@id":"https:\/\/ww16.ce.gov.br\/sspds\/#website"},"datePublished":"2026-01-21T16:34:57+00:00","dateModified":"2026-01-23T20:40:23+00:00","breadcrumb":{"@id":"https:\/\/ww16.ce.gov.br\/sspds\/metas-integradas-de-seguranca-publica-misp\/misp-metas-e-resultados\/#breadcrumb"},"inLanguage":"pt-BR","potentialAction":[{"@type":"ReadAction","target":["https:\/\/ww16.ce.gov.br\/sspds\/metas-integradas-de-seguranca-publica-misp\/misp-metas-e-resultados\/"]}]},{"@type":"BreadcrumbList","@id":"https:\/\/ww16.ce.gov.br\/sspds\/metas-integradas-de-seguranca-publica-misp\/misp-metas-e-resultados\/#breadcrumb","itemListElement":[{"@type":"ListItem","position":1,"name":"Home","item":"https:\/\/ww16.ce.gov.br\/sspds\/"},{"@type":"ListItem","position":2,"name":"Metas Integradas de Seguran\u00e7a P\u00fablica &#8211; MISP","item":"https:\/\/ww16.ce.gov.br\/sspds\/metas-integradas-de-seguranca-publica-misp\/"},{"@type":"ListItem","position":3,"name":"Metas e Resultados"}]},{"@type":"WebSite","@id":"https:\/\/ww16.ce.gov.br\/sspds\/#website","url":"https:\/\/ww16.ce.gov.br\/sspds\/","name":"Secretaria da Seguran\u00e7a P\u00fablica e Defesa Social","description":"","potentialAction":[{"@type":"SearchAction","target":{"@type":"EntryPoint","urlTemplate":"https:\/\/ww16.ce.gov.br\/sspds\/?s={search_term_string}"},"query-input":{"@type":"PropertyValueSpecification","valueRequired":true,"valueName":"search_term_string"}}],"inLanguage":"pt-BR"}]}},"_links":{"self":[{"href":"https:\/\/ww16.ce.gov.br\/sspds\/wp-json\/wp\/v2\/pages\/339","targetHints":{"allow":["GET"]}}],"collection":[{"href":"https:\/\/ww16.ce.gov.br\/sspds\/wp-json\/wp\/v2\/pages"}],"about":[{"href":"https:\/\/ww16.ce.gov.br\/sspds\/wp-json\/wp\/v2\/types\/page"}],"author":[{"embeddable":true,"href":"https:\/\/ww16.ce.gov.br\/sspds\/wp-json\/wp\/v2\/users\/5"}],"replies":[{"embeddable":true,"href":"https:\/\/ww16.ce.gov.br\/sspds\/wp-json\/wp\/v2\/comments?post=339"}],"version-history":[{"count":7,"href":"https:\/\/ww16.ce.gov.br\/sspds\/wp-json\/wp\/v2\/pages\/339\/revisions"}],"predecessor-version":[{"id":533,"href":"https:\/\/ww16.ce.gov.br\/sspds\/wp-json\/wp\/v2\/pages\/339\/revisions\/533"}],"up":[{"embeddable":true,"href":"https:\/\/ww16.ce.gov.br\/sspds\/wp-json\/wp\/v2\/pages\/190"}],"wp:attachment":[{"href":"https:\/\/ww16.ce.gov.br\/sspds\/wp-json\/wp\/v2\/media?parent=339"}],"curies":[{"name":"wp","href":"https:\/\/api.w.org\/{rel}","templated":true}]}}