{"id":300,"date":"2026-01-21T10:59:58","date_gmt":"2026-01-21T13:59:58","guid":{"rendered":"http:\/\/ww16.ce.gov.br\/sspds\/?page_id=300"},"modified":"2026-01-21T10:59:59","modified_gmt":"2026-01-21T13:59:59","slug":"orientacoes-gerais","status":"publish","type":"page","link":"https:\/\/ww16.ce.gov.br\/sspds\/coordenadorias\/coordenadoria-de-defesa-social-codes\/orientacoes-gerais\/","title":{"rendered":"Orienta\u00e7\u00f5es Gerais"},"content":{"rendered":"\n<p><\/p>\n\n\n\n<h4 class=\"wp-block-heading\"><strong>Como se cria um CCDS?<\/strong><\/h4>\n\n\n\n<p class=\"is-style-justified\">Para ser criado um Conselho \u00e9 necess\u00e1rio que haja interesse dos representantes das diversas camadas sociais do bairro, ou seja: lideran\u00e7a comunit\u00e1ria, profissionais liberais, donas de casa, aposentados, entre outros, que se interessem e solicitem da SSPDS um representante para orient\u00e1-los na cria\u00e7\u00e3o do Conselho Comunit\u00e1rio de Defesa Social.<\/p>\n\n\n\n<h4 class=\"wp-block-heading\"><strong>Como \u00e9 formado um CCDS?<\/strong><\/h4>\n\n\n\n<p class=\"is-style-justified\">O Conselho \u00e9 formado por uma diretoria eleita pela comunidade, para o mandado de 1 ano, assim constitu\u00edda: Presidente, Primeiro Secret\u00e1rio, Segundo Secret\u00e1rio, Diretor de Direitos Humanos, Diretor de Rela\u00e7\u00f5es P\u00fablicas e Diretor de Patrim\u00f4nio.<\/p>\n\n\n\n<h4 class=\"wp-block-heading\"><strong>Quais os benef\u00edcios trazidos para o bairro com a cria\u00e7\u00e3o do CCDS?<\/strong><\/h4>\n\n\n\n<ul class=\"wp-block-list\">\n<li>Organizar os moradores do bairro com vistas \u00e0 defesa de seus interesses junto aos poderes p\u00fablicos, no campo da Seguran\u00e7a P\u00fablica, garantindo assim a satisfa\u00e7\u00e3o dos anseios e necessidades existentes;<\/li>\n\n\n\n<li>Incentivar o bom relacionamento da comunidade e lideran\u00e7as com a Pol\u00edcia Militar, Corpo de Bombeiros e Pol\u00edcia Civil;<\/li>\n\n\n\n<li>Desenvolver um trabalho auxiliar de combate as causas da viol\u00eancia, criminalidade, prostitui\u00e7\u00e3o, uso e tr\u00e1fico de drogas e quaisquer atividades que venham a perturbar o equil\u00edbrio da seguran\u00e7a p\u00fablica naquele local;<\/li>\n\n\n\n<li>Promover e requerer, se necess\u00e1rio, junto \u00e0 SSPDS, orienta\u00e7\u00f5es para palestras, confer\u00eancias, f\u00f3runs de debates, campanhas educativas e culturais que orientam a comunidade na preven\u00e7\u00e3o da autodefesa;<\/li>\n<\/ul>\n\n\n\n<h4 class=\"wp-block-heading\"><strong>Por que a participa\u00e7\u00e3o da comunidade?<\/strong><\/h4>\n\n\n\n<p class=\"is-style-justified\">O artigo 144 da Constitui\u00e7\u00e3o Federal diz: \u201cSeguran\u00e7a P\u00fablica\u201d, DEVER do estado, DIREITO E RESPONSABILIDADE de todos\u201d. Assim, a comunidade, como respons\u00e1vel pela seguran\u00e7a p\u00fablica, n\u00e3o poderia ficar de fora de qualquer entidade criada com o objetivo primordial de oferecer seguran\u00e7a, paz e tranquilidade. Sabemos ainda que \u00e9 de vital import\u00e2ncia para o \u00eaxito dos programas de seguran\u00e7a: despertar, fomentar e manter o interesse e a participa\u00e7\u00e3o ativa dos cidad\u00e3os nos assuntos referentes a seguran\u00e7a p\u00fablica.<\/p>\n\n\n\n<h4 class=\"wp-block-heading\"><strong>Como seria a participa\u00e7\u00e3o da comunidade na execu\u00e7\u00e3o de t\u00e3o nobilitante tarefa, que \u00e9 a seguran\u00e7a p\u00fablica?<\/strong><\/h4>\n\n\n\n<p class=\"is-style-justified\">Por meio do Teleden\u00fancia 185 ou Den\u00fancia Postal, qualquer cidad\u00e3o poder\u00e1 cumprir suas responsabilidades constitucionais, ajudando os \u00f3rg\u00e3os de seguran\u00e7a denunciando todo e qualquer tipo de viol\u00eancia ou crime. Atrav\u00e9s de telefones, gratuitamente, qualquer pessoa poder\u00e1 denunciar, anonimamente, marginais e criminosos que estejam perturbando a harmonia social.<\/p>\n\n\n\n<h4 class=\"wp-block-heading\"><strong>A participa\u00e7\u00e3o da comunidade resume-se somente \u00e0s den\u00fancias telef\u00f4nicas ou postais?<\/strong><\/h4>\n\n\n\n<p class=\"is-style-justified\">A comunidade, muitas vezes, conhece melhor a \u00e1rea do que a pr\u00f3pria pol\u00edcia e poder\u00e1 indicar, at\u00e9 mesmo por meio dos Conselhos Comunit\u00e1rios de Defesa Social, \u00e0s Unidades Policiais locais os pontos de intranquilidade social, pontos cr\u00edticos de criminalidade, bem como o mais eficaz tipo de policiamento para o seu bairro: se motopatrulha, radiopatrulha, cavalaria, a p\u00e9, misto, entre outros.<\/p>\n\n\n\n<p><\/p>\n","protected":false},"excerpt":{"rendered":"<p>Como se cria um CCDS? Para ser criado um Conselho \u00e9 necess\u00e1rio que haja interesse dos representantes das diversas camadas sociais do bairro, ou seja: lideran\u00e7a comunit\u00e1ria, profissionais liberais, donas de casa, aposentados, entre outros, que se interessem e solicitem da SSPDS um representante para orient\u00e1-los na cria\u00e7\u00e3o do Conselho Comunit\u00e1rio de Defesa Social. Como [&hellip;]<\/p>\n","protected":false},"author":5,"featured_media":0,"parent":80,"menu_order":0,"comment_status":"closed","ping_status":"closed","template":"page-model-padrao.php","meta":{"_acf_changed":false,"inline_featured_image":false,"footnotes":""},"class_list":["post-300","page","type-page","status-publish","hentry"],"acf":[],"yoast_head":"<!-- This site is optimized with the Yoast SEO plugin v26.9 - https:\/\/yoast.com\/product\/yoast-seo-wordpress\/ -->\n<title>Orienta\u00e7\u00f5es Gerais - Secretaria da Seguran\u00e7a P\u00fablica e Defesa Social<\/title>\n<meta name=\"robots\" content=\"index, follow, max-snippet:-1, max-image-preview:large, max-video-preview:-1\" \/>\n<link rel=\"canonical\" href=\"https:\/\/ww16.ce.gov.br\/sspds\/coordenadorias\/coordenadoria-de-defesa-social-codes\/orientacoes-gerais\/\" \/>\n<meta property=\"og:locale\" content=\"pt_BR\" \/>\n<meta property=\"og:type\" content=\"article\" \/>\n<meta property=\"og:title\" content=\"Orienta\u00e7\u00f5es Gerais - Secretaria da Seguran\u00e7a P\u00fablica e Defesa Social\" \/>\n<meta property=\"og:description\" content=\"Como se cria um CCDS? Para ser criado um Conselho \u00e9 necess\u00e1rio que haja interesse dos representantes das diversas camadas sociais do bairro, ou seja: lideran\u00e7a comunit\u00e1ria, profissionais liberais, donas de casa, aposentados, entre outros, que se interessem e solicitem da SSPDS um representante para orient\u00e1-los na cria\u00e7\u00e3o do Conselho Comunit\u00e1rio de Defesa Social. Como [&hellip;]\" \/>\n<meta property=\"og:url\" content=\"https:\/\/ww16.ce.gov.br\/sspds\/coordenadorias\/coordenadoria-de-defesa-social-codes\/orientacoes-gerais\/\" \/>\n<meta property=\"og:site_name\" content=\"Secretaria da Seguran\u00e7a P\u00fablica e Defesa Social\" \/>\n<meta property=\"article:modified_time\" content=\"2026-01-21T13:59:59+00:00\" \/>\n<meta name=\"twitter:card\" content=\"summary_large_image\" \/>\n<meta name=\"twitter:label1\" content=\"Est. reading time\" \/>\n\t<meta name=\"twitter:data1\" content=\"3 minutos\" \/>\n<script type=\"application\/ld+json\" class=\"yoast-schema-graph\">{\"@context\":\"https:\/\/schema.org\",\"@graph\":[{\"@type\":\"WebPage\",\"@id\":\"https:\/\/ww16.ce.gov.br\/sspds\/coordenadorias\/coordenadoria-de-defesa-social-codes\/orientacoes-gerais\/\",\"url\":\"https:\/\/ww16.ce.gov.br\/sspds\/coordenadorias\/coordenadoria-de-defesa-social-codes\/orientacoes-gerais\/\",\"name\":\"Orienta\u00e7\u00f5es Gerais - Secretaria da Seguran\u00e7a P\u00fablica e Defesa Social\",\"isPartOf\":{\"@id\":\"https:\/\/ww16.ce.gov.br\/sspds\/#website\"},\"datePublished\":\"2026-01-21T13:59:58+00:00\",\"dateModified\":\"2026-01-21T13:59:59+00:00\",\"breadcrumb\":{\"@id\":\"https:\/\/ww16.ce.gov.br\/sspds\/coordenadorias\/coordenadoria-de-defesa-social-codes\/orientacoes-gerais\/#breadcrumb\"},\"inLanguage\":\"pt-BR\",\"potentialAction\":[{\"@type\":\"ReadAction\",\"target\":[\"https:\/\/ww16.ce.gov.br\/sspds\/coordenadorias\/coordenadoria-de-defesa-social-codes\/orientacoes-gerais\/\"]}]},{\"@type\":\"BreadcrumbList\",\"@id\":\"https:\/\/ww16.ce.gov.br\/sspds\/coordenadorias\/coordenadoria-de-defesa-social-codes\/orientacoes-gerais\/#breadcrumb\",\"itemListElement\":[{\"@type\":\"ListItem\",\"position\":1,\"name\":\"Home\",\"item\":\"https:\/\/ww16.ce.gov.br\/sspds\/\"},{\"@type\":\"ListItem\",\"position\":2,\"name\":\"Coordenadorias\",\"item\":\"https:\/\/ww16.ce.gov.br\/sspds\/coordenadorias\/\"},{\"@type\":\"ListItem\",\"position\":3,\"name\":\"Coordenadoria de Defesa Social \u2013 Codes\",\"item\":\"https:\/\/ww16.ce.gov.br\/sspds\/coordenadorias\/coordenadoria-de-defesa-social-codes\/\"},{\"@type\":\"ListItem\",\"position\":4,\"name\":\"Orienta\u00e7\u00f5es Gerais\"}]},{\"@type\":\"WebSite\",\"@id\":\"https:\/\/ww16.ce.gov.br\/sspds\/#website\",\"url\":\"https:\/\/ww16.ce.gov.br\/sspds\/\",\"name\":\"Secretaria da Seguran\u00e7a P\u00fablica e Defesa Social\",\"description\":\"\",\"potentialAction\":[{\"@type\":\"SearchAction\",\"target\":{\"@type\":\"EntryPoint\",\"urlTemplate\":\"https:\/\/ww16.ce.gov.br\/sspds\/?s={search_term_string}\"},\"query-input\":{\"@type\":\"PropertyValueSpecification\",\"valueRequired\":true,\"valueName\":\"search_term_string\"}}],\"inLanguage\":\"pt-BR\"}]}<\/script>\n<!-- \/ Yoast SEO plugin. -->","yoast_head_json":{"title":"Orienta\u00e7\u00f5es Gerais - Secretaria da Seguran\u00e7a P\u00fablica e Defesa Social","robots":{"index":"index","follow":"follow","max-snippet":"max-snippet:-1","max-image-preview":"max-image-preview:large","max-video-preview":"max-video-preview:-1"},"canonical":"https:\/\/ww16.ce.gov.br\/sspds\/coordenadorias\/coordenadoria-de-defesa-social-codes\/orientacoes-gerais\/","og_locale":"pt_BR","og_type":"article","og_title":"Orienta\u00e7\u00f5es Gerais - Secretaria da Seguran\u00e7a P\u00fablica e Defesa Social","og_description":"Como se cria um CCDS? Para ser criado um Conselho \u00e9 necess\u00e1rio que haja interesse dos representantes das diversas camadas sociais do bairro, ou seja: lideran\u00e7a comunit\u00e1ria, profissionais liberais, donas de casa, aposentados, entre outros, que se interessem e solicitem da SSPDS um representante para orient\u00e1-los na cria\u00e7\u00e3o do Conselho Comunit\u00e1rio de Defesa Social. Como [&hellip;]","og_url":"https:\/\/ww16.ce.gov.br\/sspds\/coordenadorias\/coordenadoria-de-defesa-social-codes\/orientacoes-gerais\/","og_site_name":"Secretaria da Seguran\u00e7a P\u00fablica e Defesa Social","article_modified_time":"2026-01-21T13:59:59+00:00","twitter_card":"summary_large_image","twitter_misc":{"Est. reading time":"3 minutos"},"schema":{"@context":"https:\/\/schema.org","@graph":[{"@type":"WebPage","@id":"https:\/\/ww16.ce.gov.br\/sspds\/coordenadorias\/coordenadoria-de-defesa-social-codes\/orientacoes-gerais\/","url":"https:\/\/ww16.ce.gov.br\/sspds\/coordenadorias\/coordenadoria-de-defesa-social-codes\/orientacoes-gerais\/","name":"Orienta\u00e7\u00f5es Gerais - Secretaria da Seguran\u00e7a P\u00fablica e Defesa Social","isPartOf":{"@id":"https:\/\/ww16.ce.gov.br\/sspds\/#website"},"datePublished":"2026-01-21T13:59:58+00:00","dateModified":"2026-01-21T13:59:59+00:00","breadcrumb":{"@id":"https:\/\/ww16.ce.gov.br\/sspds\/coordenadorias\/coordenadoria-de-defesa-social-codes\/orientacoes-gerais\/#breadcrumb"},"inLanguage":"pt-BR","potentialAction":[{"@type":"ReadAction","target":["https:\/\/ww16.ce.gov.br\/sspds\/coordenadorias\/coordenadoria-de-defesa-social-codes\/orientacoes-gerais\/"]}]},{"@type":"BreadcrumbList","@id":"https:\/\/ww16.ce.gov.br\/sspds\/coordenadorias\/coordenadoria-de-defesa-social-codes\/orientacoes-gerais\/#breadcrumb","itemListElement":[{"@type":"ListItem","position":1,"name":"Home","item":"https:\/\/ww16.ce.gov.br\/sspds\/"},{"@type":"ListItem","position":2,"name":"Coordenadorias","item":"https:\/\/ww16.ce.gov.br\/sspds\/coordenadorias\/"},{"@type":"ListItem","position":3,"name":"Coordenadoria de Defesa Social \u2013 Codes","item":"https:\/\/ww16.ce.gov.br\/sspds\/coordenadorias\/coordenadoria-de-defesa-social-codes\/"},{"@type":"ListItem","position":4,"name":"Orienta\u00e7\u00f5es Gerais"}]},{"@type":"WebSite","@id":"https:\/\/ww16.ce.gov.br\/sspds\/#website","url":"https:\/\/ww16.ce.gov.br\/sspds\/","name":"Secretaria da Seguran\u00e7a P\u00fablica e Defesa Social","description":"","potentialAction":[{"@type":"SearchAction","target":{"@type":"EntryPoint","urlTemplate":"https:\/\/ww16.ce.gov.br\/sspds\/?s={search_term_string}"},"query-input":{"@type":"PropertyValueSpecification","valueRequired":true,"valueName":"search_term_string"}}],"inLanguage":"pt-BR"}]}},"_links":{"self":[{"href":"https:\/\/ww16.ce.gov.br\/sspds\/wp-json\/wp\/v2\/pages\/300","targetHints":{"allow":["GET"]}}],"collection":[{"href":"https:\/\/ww16.ce.gov.br\/sspds\/wp-json\/wp\/v2\/pages"}],"about":[{"href":"https:\/\/ww16.ce.gov.br\/sspds\/wp-json\/wp\/v2\/types\/page"}],"author":[{"embeddable":true,"href":"https:\/\/ww16.ce.gov.br\/sspds\/wp-json\/wp\/v2\/users\/5"}],"replies":[{"embeddable":true,"href":"https:\/\/ww16.ce.gov.br\/sspds\/wp-json\/wp\/v2\/comments?post=300"}],"version-history":[{"count":1,"href":"https:\/\/ww16.ce.gov.br\/sspds\/wp-json\/wp\/v2\/pages\/300\/revisions"}],"predecessor-version":[{"id":302,"href":"https:\/\/ww16.ce.gov.br\/sspds\/wp-json\/wp\/v2\/pages\/300\/revisions\/302"}],"up":[{"embeddable":true,"href":"https:\/\/ww16.ce.gov.br\/sspds\/wp-json\/wp\/v2\/pages\/80"}],"wp:attachment":[{"href":"https:\/\/ww16.ce.gov.br\/sspds\/wp-json\/wp\/v2\/media?parent=300"}],"curies":[{"name":"wp","href":"https:\/\/api.w.org\/{rel}","templated":true}]}}