{"id":297,"date":"2026-01-21T10:58:20","date_gmt":"2026-01-21T13:58:20","guid":{"rendered":"http:\/\/ww16.ce.gov.br\/sspds\/?page_id=297"},"modified":"2026-01-21T10:58:22","modified_gmt":"2026-01-21T13:58:22","slug":"atribuicoes","status":"publish","type":"page","link":"https:\/\/ww16.ce.gov.br\/sspds\/coordenadorias\/coordenadoria-de-defesa-social-codes\/atribuicoes\/","title":{"rendered":"Atribui\u00e7\u00f5es"},"content":{"rendered":"\n<p><\/p>\n\n\n\n<p class=\"is-style-justified\">Os Conselhos Comunit\u00e1rios t\u00eam a incumb\u00eancia de:<\/p>\n\n\n\n<ul class=\"wp-block-list\">\n<li>Estabelecer uma aproxima\u00e7\u00e3o da comunidade com os \u00f3rg\u00e3os da Seguran\u00e7a P\u00fablica;<\/li>\n\n\n\n<li>Preparar o cidad\u00e3o e capacit\u00e1-lo a utilizar os recursos de Seguran\u00e7a que o governo lhe coloca \u00e0 disposi\u00e7\u00e3o;<\/li>\n\n\n\n<li>Permitir \u00e0 popula\u00e7\u00e3o participar, fiscalizar, reivindicando e oferecendo sugest\u00f5es aos diversos \u00f3rg\u00e3os de Seguran\u00e7a P\u00fablica;<\/li>\n\n\n\n<li>Permitir que os \u00f3rg\u00e3os de Seguran\u00e7a e demais \u00f3rg\u00e3os governamentais evoluam, \u00e0 medida que a comunidade solicite sua atua\u00e7\u00e3o;<\/li>\n\n\n\n<li>Desenvolver a confian\u00e7a da popula\u00e7\u00e3o nos \u00f3rg\u00e3os de Seguran\u00e7a P\u00fablica;<\/li>\n\n\n\n<li>Auxiliar no combate \u00e0s causas da viol\u00eancia e da criminalidade;<\/li>\n\n\n\n<li>Promover campanhas de assist\u00eancias e recupera\u00e7\u00e3o das v\u00edtimas de viol\u00eancia;<\/li>\n\n\n\n<li>Identificar os problemas que possam afligir as comunidades e buscar as solu\u00e7\u00f5es, antes que se agravem;<\/li>\n\n\n\n<li>Efetuar levantamentos das \u00e1reas de risco de acidentes, sugerindo medidas acauteladoras, visando preveni-los ou minimizar seus efeitos;<\/li>\n\n\n\n<li>Levar diretamente \u00e0s autoridades as reivindica\u00e7\u00f5es e queixas da comunidade.<\/li>\n<\/ul>\n\n\n\n<p class=\"is-style-justified\">Para o desempenho de suas atividades, as Diretorias dos Conselhos buscar\u00e3o na pr\u00f3pria comunidade os recursos necess\u00e1rios \u00e0 sua manuten\u00e7\u00e3o. Tal pr\u00e1tica, al\u00e9m de despertar o esp\u00edrito de solidariedade e interesse pelas coisas que lhe dizem respeito, proporcionar\u00e1 mais personalidade, respeito e autonomia.<\/p>\n","protected":false},"excerpt":{"rendered":"<p>Os Conselhos Comunit\u00e1rios t\u00eam a incumb\u00eancia de: Para o desempenho de suas atividades, as Diretorias dos Conselhos buscar\u00e3o na pr\u00f3pria comunidade os recursos necess\u00e1rios \u00e0 sua manuten\u00e7\u00e3o. Tal pr\u00e1tica, al\u00e9m de despertar o esp\u00edrito de solidariedade e interesse pelas coisas que lhe dizem respeito, proporcionar\u00e1 mais personalidade, respeito e autonomia.<\/p>\n","protected":false},"author":5,"featured_media":0,"parent":80,"menu_order":0,"comment_status":"closed","ping_status":"closed","template":"page-model-padrao.php","meta":{"_acf_changed":false,"inline_featured_image":false,"footnotes":""},"class_list":["post-297","page","type-page","status-publish","hentry"],"acf":[],"yoast_head":"<!-- This site is optimized with the Yoast SEO plugin v26.9 - https:\/\/yoast.com\/product\/yoast-seo-wordpress\/ -->\n<title>Atribui\u00e7\u00f5es - Secretaria da Seguran\u00e7a P\u00fablica e Defesa Social<\/title>\n<meta name=\"robots\" content=\"index, follow, max-snippet:-1, max-image-preview:large, max-video-preview:-1\" \/>\n<link rel=\"canonical\" href=\"https:\/\/ww16.ce.gov.br\/sspds\/coordenadorias\/coordenadoria-de-defesa-social-codes\/atribuicoes\/\" \/>\n<meta property=\"og:locale\" content=\"pt_BR\" \/>\n<meta property=\"og:type\" content=\"article\" \/>\n<meta property=\"og:title\" content=\"Atribui\u00e7\u00f5es - Secretaria da Seguran\u00e7a P\u00fablica e Defesa Social\" \/>\n<meta property=\"og:description\" content=\"Os Conselhos Comunit\u00e1rios t\u00eam a incumb\u00eancia de: Para o desempenho de suas atividades, as Diretorias dos Conselhos buscar\u00e3o na pr\u00f3pria comunidade os recursos necess\u00e1rios \u00e0 sua manuten\u00e7\u00e3o. Tal pr\u00e1tica, al\u00e9m de despertar o esp\u00edrito de solidariedade e interesse pelas coisas que lhe dizem respeito, proporcionar\u00e1 mais personalidade, respeito e autonomia.\" \/>\n<meta property=\"og:url\" content=\"https:\/\/ww16.ce.gov.br\/sspds\/coordenadorias\/coordenadoria-de-defesa-social-codes\/atribuicoes\/\" \/>\n<meta property=\"og:site_name\" content=\"Secretaria da Seguran\u00e7a P\u00fablica e Defesa Social\" \/>\n<meta property=\"article:modified_time\" content=\"2026-01-21T13:58:22+00:00\" \/>\n<meta name=\"twitter:card\" content=\"summary_large_image\" \/>\n<meta name=\"twitter:label1\" content=\"Est. reading time\" \/>\n\t<meta name=\"twitter:data1\" content=\"2 minutos\" \/>\n<script type=\"application\/ld+json\" class=\"yoast-schema-graph\">{\"@context\":\"https:\/\/schema.org\",\"@graph\":[{\"@type\":\"WebPage\",\"@id\":\"https:\/\/ww16.ce.gov.br\/sspds\/coordenadorias\/coordenadoria-de-defesa-social-codes\/atribuicoes\/\",\"url\":\"https:\/\/ww16.ce.gov.br\/sspds\/coordenadorias\/coordenadoria-de-defesa-social-codes\/atribuicoes\/\",\"name\":\"Atribui\u00e7\u00f5es - Secretaria da Seguran\u00e7a P\u00fablica e Defesa Social\",\"isPartOf\":{\"@id\":\"https:\/\/ww16.ce.gov.br\/sspds\/#website\"},\"datePublished\":\"2026-01-21T13:58:20+00:00\",\"dateModified\":\"2026-01-21T13:58:22+00:00\",\"breadcrumb\":{\"@id\":\"https:\/\/ww16.ce.gov.br\/sspds\/coordenadorias\/coordenadoria-de-defesa-social-codes\/atribuicoes\/#breadcrumb\"},\"inLanguage\":\"pt-BR\",\"potentialAction\":[{\"@type\":\"ReadAction\",\"target\":[\"https:\/\/ww16.ce.gov.br\/sspds\/coordenadorias\/coordenadoria-de-defesa-social-codes\/atribuicoes\/\"]}]},{\"@type\":\"BreadcrumbList\",\"@id\":\"https:\/\/ww16.ce.gov.br\/sspds\/coordenadorias\/coordenadoria-de-defesa-social-codes\/atribuicoes\/#breadcrumb\",\"itemListElement\":[{\"@type\":\"ListItem\",\"position\":1,\"name\":\"Home\",\"item\":\"https:\/\/ww16.ce.gov.br\/sspds\/\"},{\"@type\":\"ListItem\",\"position\":2,\"name\":\"Coordenadorias\",\"item\":\"https:\/\/ww16.ce.gov.br\/sspds\/coordenadorias\/\"},{\"@type\":\"ListItem\",\"position\":3,\"name\":\"Coordenadoria de Defesa Social \u2013 Codes\",\"item\":\"https:\/\/ww16.ce.gov.br\/sspds\/coordenadorias\/coordenadoria-de-defesa-social-codes\/\"},{\"@type\":\"ListItem\",\"position\":4,\"name\":\"Atribui\u00e7\u00f5es\"}]},{\"@type\":\"WebSite\",\"@id\":\"https:\/\/ww16.ce.gov.br\/sspds\/#website\",\"url\":\"https:\/\/ww16.ce.gov.br\/sspds\/\",\"name\":\"Secretaria da Seguran\u00e7a P\u00fablica e Defesa Social\",\"description\":\"\",\"potentialAction\":[{\"@type\":\"SearchAction\",\"target\":{\"@type\":\"EntryPoint\",\"urlTemplate\":\"https:\/\/ww16.ce.gov.br\/sspds\/?s={search_term_string}\"},\"query-input\":{\"@type\":\"PropertyValueSpecification\",\"valueRequired\":true,\"valueName\":\"search_term_string\"}}],\"inLanguage\":\"pt-BR\"}]}<\/script>\n<!-- \/ Yoast SEO plugin. -->","yoast_head_json":{"title":"Atribui\u00e7\u00f5es - Secretaria da Seguran\u00e7a P\u00fablica e Defesa Social","robots":{"index":"index","follow":"follow","max-snippet":"max-snippet:-1","max-image-preview":"max-image-preview:large","max-video-preview":"max-video-preview:-1"},"canonical":"https:\/\/ww16.ce.gov.br\/sspds\/coordenadorias\/coordenadoria-de-defesa-social-codes\/atribuicoes\/","og_locale":"pt_BR","og_type":"article","og_title":"Atribui\u00e7\u00f5es - Secretaria da Seguran\u00e7a P\u00fablica e Defesa Social","og_description":"Os Conselhos Comunit\u00e1rios t\u00eam a incumb\u00eancia de: Para o desempenho de suas atividades, as Diretorias dos Conselhos buscar\u00e3o na pr\u00f3pria comunidade os recursos necess\u00e1rios \u00e0 sua manuten\u00e7\u00e3o. Tal pr\u00e1tica, al\u00e9m de despertar o esp\u00edrito de solidariedade e interesse pelas coisas que lhe dizem respeito, proporcionar\u00e1 mais personalidade, respeito e autonomia.","og_url":"https:\/\/ww16.ce.gov.br\/sspds\/coordenadorias\/coordenadoria-de-defesa-social-codes\/atribuicoes\/","og_site_name":"Secretaria da Seguran\u00e7a P\u00fablica e Defesa Social","article_modified_time":"2026-01-21T13:58:22+00:00","twitter_card":"summary_large_image","twitter_misc":{"Est. reading time":"2 minutos"},"schema":{"@context":"https:\/\/schema.org","@graph":[{"@type":"WebPage","@id":"https:\/\/ww16.ce.gov.br\/sspds\/coordenadorias\/coordenadoria-de-defesa-social-codes\/atribuicoes\/","url":"https:\/\/ww16.ce.gov.br\/sspds\/coordenadorias\/coordenadoria-de-defesa-social-codes\/atribuicoes\/","name":"Atribui\u00e7\u00f5es - Secretaria da Seguran\u00e7a P\u00fablica e Defesa Social","isPartOf":{"@id":"https:\/\/ww16.ce.gov.br\/sspds\/#website"},"datePublished":"2026-01-21T13:58:20+00:00","dateModified":"2026-01-21T13:58:22+00:00","breadcrumb":{"@id":"https:\/\/ww16.ce.gov.br\/sspds\/coordenadorias\/coordenadoria-de-defesa-social-codes\/atribuicoes\/#breadcrumb"},"inLanguage":"pt-BR","potentialAction":[{"@type":"ReadAction","target":["https:\/\/ww16.ce.gov.br\/sspds\/coordenadorias\/coordenadoria-de-defesa-social-codes\/atribuicoes\/"]}]},{"@type":"BreadcrumbList","@id":"https:\/\/ww16.ce.gov.br\/sspds\/coordenadorias\/coordenadoria-de-defesa-social-codes\/atribuicoes\/#breadcrumb","itemListElement":[{"@type":"ListItem","position":1,"name":"Home","item":"https:\/\/ww16.ce.gov.br\/sspds\/"},{"@type":"ListItem","position":2,"name":"Coordenadorias","item":"https:\/\/ww16.ce.gov.br\/sspds\/coordenadorias\/"},{"@type":"ListItem","position":3,"name":"Coordenadoria de Defesa Social \u2013 Codes","item":"https:\/\/ww16.ce.gov.br\/sspds\/coordenadorias\/coordenadoria-de-defesa-social-codes\/"},{"@type":"ListItem","position":4,"name":"Atribui\u00e7\u00f5es"}]},{"@type":"WebSite","@id":"https:\/\/ww16.ce.gov.br\/sspds\/#website","url":"https:\/\/ww16.ce.gov.br\/sspds\/","name":"Secretaria da Seguran\u00e7a P\u00fablica e Defesa Social","description":"","potentialAction":[{"@type":"SearchAction","target":{"@type":"EntryPoint","urlTemplate":"https:\/\/ww16.ce.gov.br\/sspds\/?s={search_term_string}"},"query-input":{"@type":"PropertyValueSpecification","valueRequired":true,"valueName":"search_term_string"}}],"inLanguage":"pt-BR"}]}},"_links":{"self":[{"href":"https:\/\/ww16.ce.gov.br\/sspds\/wp-json\/wp\/v2\/pages\/297","targetHints":{"allow":["GET"]}}],"collection":[{"href":"https:\/\/ww16.ce.gov.br\/sspds\/wp-json\/wp\/v2\/pages"}],"about":[{"href":"https:\/\/ww16.ce.gov.br\/sspds\/wp-json\/wp\/v2\/types\/page"}],"author":[{"embeddable":true,"href":"https:\/\/ww16.ce.gov.br\/sspds\/wp-json\/wp\/v2\/users\/5"}],"replies":[{"embeddable":true,"href":"https:\/\/ww16.ce.gov.br\/sspds\/wp-json\/wp\/v2\/comments?post=297"}],"version-history":[{"count":1,"href":"https:\/\/ww16.ce.gov.br\/sspds\/wp-json\/wp\/v2\/pages\/297\/revisions"}],"predecessor-version":[{"id":299,"href":"https:\/\/ww16.ce.gov.br\/sspds\/wp-json\/wp\/v2\/pages\/297\/revisions\/299"}],"up":[{"embeddable":true,"href":"https:\/\/ww16.ce.gov.br\/sspds\/wp-json\/wp\/v2\/pages\/80"}],"wp:attachment":[{"href":"https:\/\/ww16.ce.gov.br\/sspds\/wp-json\/wp\/v2\/media?parent=297"}],"curies":[{"name":"wp","href":"https:\/\/api.w.org\/{rel}","templated":true}]}}