{"id":293,"date":"2026-01-21T10:57:04","date_gmt":"2026-01-21T13:57:04","guid":{"rendered":"http:\/\/ww16.ce.gov.br\/sspds\/?page_id=293"},"modified":"2026-01-22T14:32:44","modified_gmt":"2026-01-22T17:32:44","slug":"hino-dos-ccdss","status":"publish","type":"page","link":"https:\/\/ww16.ce.gov.br\/sspds\/coordenadorias\/coordenadoria-de-defesa-social-codes\/hino-dos-ccdss\/","title":{"rendered":"Hino dos CCDSs"},"content":{"rendered":"\n<p><\/p>\n\n\n\n<p class=\"has-text-align-left\"><strong>Letra e m\u00fasica<\/strong>: Cel BM Franklin de Freitas Lopes<\/p>\n\n\n\n<p class=\"has-text-align-center\"><em>Avante, Conselheiros,<br>Que buscam a paz no mundo inteiro:<br>Convoquem todos os cora\u00e7\u00f5es,<br>Pra pulsar forte na mais nobre uni\u00e3o.<br>Vibrai jovens e infantos,<br>Adultos e idosos devotados,<br>Engajados numa fina sintonia,<br>Fortalecendo a real cidadania.<\/em><\/p>\n\n\n\n<p class=\"has-text-align-center\"><em><strong>REFR\u00c3O:<br><\/strong>Juntai todas as for\u00e7as!<br>Unir nossos recantos!<br>Criar uma aura nobre,<br>Que a todos nos encante.<br>Arder em nossas vidas<br>A chama do sucesso<br>Ter sempre vigorosos nossos CCDSs.<br>Vibrar com a ra\u00e7a altiva,<br>Tenaz pro rumo certo,<br>Ter sempre altaneiros nossos CCDSs.<\/em><\/p>\n\n\n\n<p class=\"has-text-align-center\"><em>Brademos nossas vozes,<br>Parcerizando na jornada.<br>Irmanados aos bravos guardi\u00f5es,<br>Compartilhando preventivas decis\u00f5es.<br>Os la\u00e7os que nos unem<br>Aos nossos irm\u00e3os da seguran\u00e7a,<br>Nos trazem conc\u00f3rdia e sinergia<br>Pra um mundo terno na mais bela harmonia<\/em>.<\/p>\n\n\n\n<p class=\"has-text-align-center\"><em>REPETE O REFR\u00c3O<\/em><\/p>\n\n\n\n<p><\/p>\n","protected":false},"excerpt":{"rendered":"<p>Letra e m\u00fasica: Cel BM Franklin de Freitas Lopes Avante, Conselheiros,Que buscam a paz no mundo inteiro:Convoquem todos os cora\u00e7\u00f5es,Pra pulsar forte na mais nobre uni\u00e3o.Vibrai jovens e infantos,Adultos e idosos devotados,Engajados numa fina sintonia,Fortalecendo a real cidadania. REFR\u00c3O:Juntai todas as for\u00e7as!Unir nossos recantos!Criar uma aura nobre,Que a todos nos encante.Arder em nossas vidasA chama [&hellip;]<\/p>\n","protected":false},"author":5,"featured_media":0,"parent":80,"menu_order":0,"comment_status":"closed","ping_status":"closed","template":"page-model-padrao.php","meta":{"_acf_changed":false,"inline_featured_image":false,"footnotes":""},"class_list":["post-293","page","type-page","status-publish","hentry"],"acf":[],"yoast_head":"<!-- This site is optimized with the Yoast SEO plugin v26.9 - https:\/\/yoast.com\/product\/yoast-seo-wordpress\/ -->\n<title>Hino dos CCDSs - Secretaria da Seguran\u00e7a P\u00fablica e Defesa Social<\/title>\n<meta name=\"robots\" content=\"index, follow, max-snippet:-1, max-image-preview:large, max-video-preview:-1\" \/>\n<link rel=\"canonical\" href=\"https:\/\/ww16.ce.gov.br\/sspds\/coordenadorias\/coordenadoria-de-defesa-social-codes\/hino-dos-ccdss\/\" \/>\n<meta property=\"og:locale\" content=\"pt_BR\" \/>\n<meta property=\"og:type\" content=\"article\" \/>\n<meta property=\"og:title\" content=\"Hino dos CCDSs - Secretaria da Seguran\u00e7a P\u00fablica e Defesa Social\" \/>\n<meta property=\"og:description\" content=\"Letra e m\u00fasica: Cel BM Franklin de Freitas Lopes Avante, Conselheiros,Que buscam a paz no mundo inteiro:Convoquem todos os cora\u00e7\u00f5es,Pra pulsar forte na mais nobre uni\u00e3o.Vibrai jovens e infantos,Adultos e idosos devotados,Engajados numa fina sintonia,Fortalecendo a real cidadania. REFR\u00c3O:Juntai todas as for\u00e7as!Unir nossos recantos!Criar uma aura nobre,Que a todos nos encante.Arder em nossas vidasA chama [&hellip;]\" \/>\n<meta property=\"og:url\" content=\"https:\/\/ww16.ce.gov.br\/sspds\/coordenadorias\/coordenadoria-de-defesa-social-codes\/hino-dos-ccdss\/\" \/>\n<meta property=\"og:site_name\" content=\"Secretaria da Seguran\u00e7a P\u00fablica e Defesa Social\" \/>\n<meta property=\"article:modified_time\" content=\"2026-01-22T17:32:44+00:00\" \/>\n<meta name=\"twitter:card\" content=\"summary_large_image\" \/>\n<meta name=\"twitter:label1\" content=\"Est. reading time\" \/>\n\t<meta name=\"twitter:data1\" content=\"1 minuto\" \/>\n<script type=\"application\/ld+json\" class=\"yoast-schema-graph\">{\"@context\":\"https:\/\/schema.org\",\"@graph\":[{\"@type\":\"WebPage\",\"@id\":\"https:\/\/ww16.ce.gov.br\/sspds\/coordenadorias\/coordenadoria-de-defesa-social-codes\/hino-dos-ccdss\/\",\"url\":\"https:\/\/ww16.ce.gov.br\/sspds\/coordenadorias\/coordenadoria-de-defesa-social-codes\/hino-dos-ccdss\/\",\"name\":\"Hino dos CCDSs - Secretaria da Seguran\u00e7a P\u00fablica e Defesa Social\",\"isPartOf\":{\"@id\":\"https:\/\/ww16.ce.gov.br\/sspds\/#website\"},\"datePublished\":\"2026-01-21T13:57:04+00:00\",\"dateModified\":\"2026-01-22T17:32:44+00:00\",\"breadcrumb\":{\"@id\":\"https:\/\/ww16.ce.gov.br\/sspds\/coordenadorias\/coordenadoria-de-defesa-social-codes\/hino-dos-ccdss\/#breadcrumb\"},\"inLanguage\":\"pt-BR\",\"potentialAction\":[{\"@type\":\"ReadAction\",\"target\":[\"https:\/\/ww16.ce.gov.br\/sspds\/coordenadorias\/coordenadoria-de-defesa-social-codes\/hino-dos-ccdss\/\"]}]},{\"@type\":\"BreadcrumbList\",\"@id\":\"https:\/\/ww16.ce.gov.br\/sspds\/coordenadorias\/coordenadoria-de-defesa-social-codes\/hino-dos-ccdss\/#breadcrumb\",\"itemListElement\":[{\"@type\":\"ListItem\",\"position\":1,\"name\":\"Home\",\"item\":\"https:\/\/ww16.ce.gov.br\/sspds\/\"},{\"@type\":\"ListItem\",\"position\":2,\"name\":\"Coordenadorias\",\"item\":\"https:\/\/ww16.ce.gov.br\/sspds\/coordenadorias\/\"},{\"@type\":\"ListItem\",\"position\":3,\"name\":\"Coordenadoria de Defesa Social \u2013 Codes\",\"item\":\"https:\/\/ww16.ce.gov.br\/sspds\/coordenadorias\/coordenadoria-de-defesa-social-codes\/\"},{\"@type\":\"ListItem\",\"position\":4,\"name\":\"Hino dos CCDSs\"}]},{\"@type\":\"WebSite\",\"@id\":\"https:\/\/ww16.ce.gov.br\/sspds\/#website\",\"url\":\"https:\/\/ww16.ce.gov.br\/sspds\/\",\"name\":\"Secretaria da Seguran\u00e7a P\u00fablica e Defesa Social\",\"description\":\"\",\"potentialAction\":[{\"@type\":\"SearchAction\",\"target\":{\"@type\":\"EntryPoint\",\"urlTemplate\":\"https:\/\/ww16.ce.gov.br\/sspds\/?s={search_term_string}\"},\"query-input\":{\"@type\":\"PropertyValueSpecification\",\"valueRequired\":true,\"valueName\":\"search_term_string\"}}],\"inLanguage\":\"pt-BR\"}]}<\/script>\n<!-- \/ Yoast SEO plugin. -->","yoast_head_json":{"title":"Hino dos CCDSs - Secretaria da Seguran\u00e7a P\u00fablica e Defesa Social","robots":{"index":"index","follow":"follow","max-snippet":"max-snippet:-1","max-image-preview":"max-image-preview:large","max-video-preview":"max-video-preview:-1"},"canonical":"https:\/\/ww16.ce.gov.br\/sspds\/coordenadorias\/coordenadoria-de-defesa-social-codes\/hino-dos-ccdss\/","og_locale":"pt_BR","og_type":"article","og_title":"Hino dos CCDSs - Secretaria da Seguran\u00e7a P\u00fablica e Defesa Social","og_description":"Letra e m\u00fasica: Cel BM Franklin de Freitas Lopes Avante, Conselheiros,Que buscam a paz no mundo inteiro:Convoquem todos os cora\u00e7\u00f5es,Pra pulsar forte na mais nobre uni\u00e3o.Vibrai jovens e infantos,Adultos e idosos devotados,Engajados numa fina sintonia,Fortalecendo a real cidadania. REFR\u00c3O:Juntai todas as for\u00e7as!Unir nossos recantos!Criar uma aura nobre,Que a todos nos encante.Arder em nossas vidasA chama [&hellip;]","og_url":"https:\/\/ww16.ce.gov.br\/sspds\/coordenadorias\/coordenadoria-de-defesa-social-codes\/hino-dos-ccdss\/","og_site_name":"Secretaria da Seguran\u00e7a P\u00fablica e Defesa Social","article_modified_time":"2026-01-22T17:32:44+00:00","twitter_card":"summary_large_image","twitter_misc":{"Est. reading time":"1 minuto"},"schema":{"@context":"https:\/\/schema.org","@graph":[{"@type":"WebPage","@id":"https:\/\/ww16.ce.gov.br\/sspds\/coordenadorias\/coordenadoria-de-defesa-social-codes\/hino-dos-ccdss\/","url":"https:\/\/ww16.ce.gov.br\/sspds\/coordenadorias\/coordenadoria-de-defesa-social-codes\/hino-dos-ccdss\/","name":"Hino dos CCDSs - Secretaria da Seguran\u00e7a P\u00fablica e Defesa Social","isPartOf":{"@id":"https:\/\/ww16.ce.gov.br\/sspds\/#website"},"datePublished":"2026-01-21T13:57:04+00:00","dateModified":"2026-01-22T17:32:44+00:00","breadcrumb":{"@id":"https:\/\/ww16.ce.gov.br\/sspds\/coordenadorias\/coordenadoria-de-defesa-social-codes\/hino-dos-ccdss\/#breadcrumb"},"inLanguage":"pt-BR","potentialAction":[{"@type":"ReadAction","target":["https:\/\/ww16.ce.gov.br\/sspds\/coordenadorias\/coordenadoria-de-defesa-social-codes\/hino-dos-ccdss\/"]}]},{"@type":"BreadcrumbList","@id":"https:\/\/ww16.ce.gov.br\/sspds\/coordenadorias\/coordenadoria-de-defesa-social-codes\/hino-dos-ccdss\/#breadcrumb","itemListElement":[{"@type":"ListItem","position":1,"name":"Home","item":"https:\/\/ww16.ce.gov.br\/sspds\/"},{"@type":"ListItem","position":2,"name":"Coordenadorias","item":"https:\/\/ww16.ce.gov.br\/sspds\/coordenadorias\/"},{"@type":"ListItem","position":3,"name":"Coordenadoria de Defesa Social \u2013 Codes","item":"https:\/\/ww16.ce.gov.br\/sspds\/coordenadorias\/coordenadoria-de-defesa-social-codes\/"},{"@type":"ListItem","position":4,"name":"Hino dos CCDSs"}]},{"@type":"WebSite","@id":"https:\/\/ww16.ce.gov.br\/sspds\/#website","url":"https:\/\/ww16.ce.gov.br\/sspds\/","name":"Secretaria da Seguran\u00e7a P\u00fablica e Defesa Social","description":"","potentialAction":[{"@type":"SearchAction","target":{"@type":"EntryPoint","urlTemplate":"https:\/\/ww16.ce.gov.br\/sspds\/?s={search_term_string}"},"query-input":{"@type":"PropertyValueSpecification","valueRequired":true,"valueName":"search_term_string"}}],"inLanguage":"pt-BR"}]}},"_links":{"self":[{"href":"https:\/\/ww16.ce.gov.br\/sspds\/wp-json\/wp\/v2\/pages\/293","targetHints":{"allow":["GET"]}}],"collection":[{"href":"https:\/\/ww16.ce.gov.br\/sspds\/wp-json\/wp\/v2\/pages"}],"about":[{"href":"https:\/\/ww16.ce.gov.br\/sspds\/wp-json\/wp\/v2\/types\/page"}],"author":[{"embeddable":true,"href":"https:\/\/ww16.ce.gov.br\/sspds\/wp-json\/wp\/v2\/users\/5"}],"replies":[{"embeddable":true,"href":"https:\/\/ww16.ce.gov.br\/sspds\/wp-json\/wp\/v2\/comments?post=293"}],"version-history":[{"count":4,"href":"https:\/\/ww16.ce.gov.br\/sspds\/wp-json\/wp\/v2\/pages\/293\/revisions"}],"predecessor-version":[{"id":474,"href":"https:\/\/ww16.ce.gov.br\/sspds\/wp-json\/wp\/v2\/pages\/293\/revisions\/474"}],"up":[{"embeddable":true,"href":"https:\/\/ww16.ce.gov.br\/sspds\/wp-json\/wp\/v2\/pages\/80"}],"wp:attachment":[{"href":"https:\/\/ww16.ce.gov.br\/sspds\/wp-json\/wp\/v2\/media?parent=293"}],"curies":[{"name":"wp","href":"https:\/\/api.w.org\/{rel}","templated":true}]}}