{"id":289,"date":"2026-01-21T10:55:25","date_gmt":"2026-01-21T13:55:25","guid":{"rendered":"http:\/\/ww16.ce.gov.br\/sspds\/?page_id=289"},"modified":"2026-01-21T10:55:55","modified_gmt":"2026-01-21T13:55:55","slug":"como-organizar-um-ccds","status":"publish","type":"page","link":"https:\/\/ww16.ce.gov.br\/sspds\/coordenadorias\/coordenadoria-de-defesa-social-codes\/como-organizar-um-ccds\/","title":{"rendered":"Como organizar um CCDS"},"content":{"rendered":"\n<p><\/p>\n\n\n\n<h4 class=\"wp-block-heading\"><strong>Primeiros grandes passos do CCDS:<\/strong><\/h4>\n\n\n\n<ul class=\"wp-block-list\">\n<li><a>Promover uma reuni\u00e3o para apresenta\u00e7\u00e3o do CCDS \u00e0 sociedade, convidando todos os segmentos representativos do munic\u00edpio;<\/a><\/li>\n\n\n\n<li><a>Ler, discutir e esclarecer detalhadamente o Estatuto e o Decreto de cria\u00e7\u00e3o dos CCDS;<\/a><\/li>\n\n\n\n<li><a>Providenciar a composi\u00e7\u00e3o do Conselho Consultivo (treze representantes de segmentos sociais de relev\u00e2ncia);<\/a><\/li>\n\n\n\n<li><a>Providenciar a identifica\u00e7\u00e3o dos membros do CCDS (Certificados assinados pelas autoridades da seguran\u00e7a da regi\u00e3o);<\/a><\/li>\n\n\n\n<li><a>Preencher o Levantamento Estrat\u00e9gico do munic\u00edpio ou localidade;<\/a><\/li>\n\n\n\n<li><a>Providenciar o quadro de Fotografias dos Conselheiros (Executivo e Consultivo);<\/a><\/li>\n\n\n\n<li><a>Enviar c\u00f3pias dos documentos do Conselho \u00e0 Diretoria da Cidadania da SSPDS;<\/a><\/li>\n\n\n\n<li><a>Encaminhar c\u00f3pias das atas de reuni\u00e3o \u00e0 Diretoria da Cidadania, Assessoria Comunit\u00e1ria e \u00e0s autoridades de seguran\u00e7a da localidade;<\/a><\/li>\n\n\n\n<li><a>Reunir-se ordinariamente uma vez por m\u00eas;<\/a><\/li>\n\n\n\n<li><a>Reunir-se extraordinariamente sempre que se fizer necess\u00e1rio;<\/a><\/li>\n\n\n\n<li><a>Reunir-se com o Comandante da Cia., Delegados do Corpo de Bombeiros, Minist\u00e9rio P\u00fablico, Defensoria P\u00fablica, Judici\u00e1rio e outras autoridades da \u00e1rea.<\/a><\/li>\n<\/ul>\n\n\n\n<h4 class=\"wp-block-heading\"><strong>Procedimentos nas reuni\u00f5es ordin\u00e1rias:<\/strong><\/h4>\n\n\n\n<ul class=\"wp-block-list\">\n<li><a>Fixar uma data padr\u00e3o para a realiza\u00e7\u00e3o das reuni\u00f5es, dando conhecimento da data \u00e0s autoridades locais;<\/a><\/li>\n\n\n\n<li><a>Elaborar o calend\u00e1rio de atividades do CCDS;<\/a><\/li>\n\n\n\n<li><a>Ler ata anterior;<\/a><\/li>\n\n\n\n<li><a>Solicitar a\u00e7\u00f5es de cada Diretor;<\/a><\/li>\n\n\n\n<li><a>Determinar miss\u00f5es para cada Diretor;<\/a><\/li>\n\n\n\n<li><a>Atualizar a Diretoria sobre assuntos da seguran\u00e7a social e geral;<\/a><\/li>\n\n\n\n<li><a>Sempre convidar as autoridades da Seguran\u00e7a P\u00fablica do local;<\/a><\/li>\n\n\n\n<li><a>Convidar autoridades doutras \u00e1reas;<\/a><\/li>\n\n\n\n<li><a>Convidar sempre estudantes, artistas e outros segmentos;<\/a><\/li>\n\n\n\n<li><a>Substituir integrantes do CCDS que n\u00e3o estejam atendendo \u00e0s expectativas da Diretoria. Comunicar \u00e0 Diretoria da Cidadania a substitui\u00e7\u00e3o.<\/a><\/li>\n<\/ul>\n\n\n\n<h4 class=\"wp-block-heading\"><strong>Procedimentos nos encontros, semin\u00e1rios e f\u00f3runs:<\/strong><\/h4>\n\n\n\n<ul class=\"wp-block-list\">\n<li><a>Iniciar com o c\u00e2ntico do Hino Nacional;<\/a><\/li>\n\n\n\n<li><a>Hastear o Pavilh\u00e3o Nacional, Estadual, Municipal e do CCDS;<\/a><\/li>\n\n\n\n<li><a>Solicitar engajamento do diretor de Rela\u00e7\u00f5es P\u00fablicas na divulga\u00e7\u00e3o do evento, usando os meios de comunica\u00e7\u00e3o existentes na pr\u00f3pria comunidade;<\/a><\/li>\n\n\n\n<li><a>Solicitar o engajamento do diretor de patrim\u00f4nio na promo\u00e7\u00e3o e apoio \u00e0 realiza\u00e7\u00e3o do evento;<\/a><\/li>\n\n\n\n<li><a>Convidar e solicitar o apoio dos poderes constitu\u00eddos para a realiza\u00e7\u00e3o dos eventos.<\/a><\/li>\n<\/ul>\n\n\n\n<h4 class=\"wp-block-heading\"><strong>Rela\u00e7\u00e3o de convidados que podem ministrar palestras para a comunidade sob a coordena\u00e7\u00e3o do CCDS local:<\/strong><\/h4>\n\n\n\n<ul class=\"wp-block-list\">\n<li><a>Membros de Empresas P\u00fablicas e Privadas;<\/a><\/li>\n\n\n\n<li><a>Comandantes da Pol\u00edcia Militar, Pol\u00edcia Civil e Bombeiro Militar;<\/a><\/li>\n\n\n\n<li><a>Diretores das Esta\u00e7\u00f5es Rodovi\u00e1ria e Ferrovi\u00e1ria;<\/a><\/li>\n\n\n\n<li><a>Grupos diversos;<\/a><\/li>\n\n\n\n<li><a>Campos avan\u00e7ados de Universidades;<\/a><\/li>\n\n\n\n<li><a>Um grande comerciante;<\/a><\/li>\n\n\n\n<li><a>AA (Alco\u00f3licos An\u00f4nimos);<\/a><\/li>\n\n\n\n<li><a>NA (Narc\u00f3ticos An\u00f4nimos);<\/a><\/li>\n\n\n\n<li><a>M\u00e9dicos;<\/a><\/li>\n\n\n\n<li><a>Juiz;<\/a><\/li>\n\n\n\n<li><a>Promotor;<\/a><\/li>\n\n\n\n<li><a>Um vereador;<\/a><\/li>\n\n\n\n<li><a>Secret\u00e1rios Municipais de cada \u00e1rea;<\/a><\/li>\n\n\n\n<li><a>Um artista de destaque do munic\u00edpio ou bairro;<\/a><\/li>\n\n\n\n<li><a>Advogado renomado;<\/a><\/li>\n\n\n\n<li><a>Integrantes de outros conselhos;<\/a><\/li>\n\n\n\n<li><a>Integrantes de outras associa\u00e7\u00f5es e sindicatos;<\/a><\/li>\n\n\n\n<li><a>ONGs (Organiza\u00e7\u00f5es N\u00e3o Governamentais);<\/a><\/li>\n\n\n\n<li><a>Atletas de destaque;<\/a><\/li>\n\n\n\n<li><a>Vig\u00e1rio, Pastor;<\/a><\/li>\n\n\n\n<li><a>Articulador Comunit\u00e1rio dos Col\u00e9gios;\u00a0<\/a><\/li>\n<\/ul>\n\n\n\n<p><em>OBS: Valorizar as pessoas do local; n\u00e3o esperar s\u00f3 por pessoas de fora; valorizar o nativo.<\/em><\/p>\n\n\n\n<h4 class=\"wp-block-heading\"><strong>Atividades inerentes ao CCDS:<\/strong><\/h4>\n\n\n\n<ul class=\"wp-block-list\">\n<li><a>Fomentar a cria\u00e7\u00e3o de gr\u00eamios estudantis e culturais, grupos de teatro, corais e outras entidades que mobilizar\u00e3o a comunidade;<\/a><\/li>\n\n\n\n<li><a>Preparar rela\u00e7\u00e3o de cursos (Senac, Senai, Sebrae etc);<\/a><\/li>\n\n\n\n<li><a>Promover gincanas culturais;<\/a><\/li>\n\n\n\n<li><a>Realizar torneios desportivos;<\/a><\/li>\n\n\n\n<li><a>Promover concursos: Cria\u00e7\u00e3o do Lema, Cria\u00e7\u00e3o da Logomarca, Confec\u00e7\u00e3o da Bandeira do CCDS, Desenhos, Poesias, Contos, ets;<\/a><\/li>\n\n\n\n<li><a>Fazer recortes de reportagens de jornais e revistas;<\/a><\/li>\n\n\n\n<li><a>Providenciar Levantamentos Estrat\u00e9gicos:<\/a><\/li>\n\n\n\n<li><a>Fomentar a organiza\u00e7\u00e3o de Bibliotecas;<\/a><\/li>\n\n\n\n<li><a>Incentivar a cria\u00e7\u00e3o de Museu;<\/a><\/li>\n\n\n\n<li><a>Incentivar a cria\u00e7\u00e3o de Pastorais;<\/a><\/li>\n\n\n\n<li><a>Preparar rela\u00e7\u00e3o de institui\u00e7\u00f5es ligadas ao social \/ sa\u00fade \/ desporto (local, estadual, nacional);<\/a><\/li>\n\n\n\n<li><a>Promover Semin\u00e1rios Internos de Preven\u00e7\u00e3o de Acidentes.<\/a><\/li>\n<\/ul>\n\n\n\n<h4 class=\"wp-block-heading\"><strong>Rela\u00e7\u00e3o de segmentos importantes que devem participar das reuni\u00f5es dos CCDS:<\/strong><\/h4>\n\n\n\n<ul class=\"wp-block-list\">\n<li><a>Comandantes de Pelot\u00f5es, Companhias, Batalh\u00f5es, GPMs;<\/a><\/li>\n\n\n\n<li><a>Delegados;<\/a><\/li>\n\n\n\n<li><a>Comandantes das Unidades do Corpo de Bombeiros, Ex\u00e9rcito, Marinha, Aeron\u00e1utica, Pol\u00edcia Rodovi\u00e1ria Federal e Pol\u00edcia Federal;<\/a><\/li>\n\n\n\n<li><a>Gr\u00eamios estudantis;<\/a><\/li>\n\n\n\n<li><a>AA (Alco\u00f3licos An\u00f4nimos) e NA (Narc\u00f3ticos An\u00f4nimos);<\/a><\/li>\n\n\n\n<li><a>Mototaxistas;<\/a><\/li>\n\n\n\n<li><a>Comerciantes;<\/a><\/li>\n\n\n\n<li><a>Igrejas Cat\u00f3licas e Evang\u00e9licas;<\/a><\/li>\n\n\n\n<li><a>Artistas: pintores, artes\u00e3os, cantores, atores de teatro, coral, grupos municipais;<\/a><\/li>\n\n\n\n<li><a>Ligas esportivas;<\/a><\/li>\n\n\n\n<li><a>Conselhos: Crian\u00e7a e Adolescente, A\u00e7\u00e3o Social, Sa\u00fade, Educa\u00e7\u00e3o, CMDS (Conselho Municipal de Desenvolvimento Sustent\u00e1vel);<\/a><\/li>\n\n\n\n<li><a>CIPAs (Comiss\u00f5es Internas de Preven\u00e7\u00e3o de Acidentes do Trabalho);<\/a><\/li>\n\n\n\n<li><a>Brigadas de Inc\u00eandio;<\/a><\/li>\n\n\n\n<li><a>Secret\u00e1rios Municipais;<\/a><\/li>\n\n\n\n<li><a>CREDEs (Conselhos Regionais de Educa\u00e7\u00e3o);<\/a><\/li>\n\n\n\n<li><a>Diretores de Col\u00e9gios;<\/a><\/li>\n\n\n\n<li><a>Minist\u00e9rio P\u00fablico (Promotores);<\/a><\/li>\n\n\n\n<li><a>Rotary;<\/a><\/li>\n\n\n\n<li><a>Lions;<\/a><\/li>\n\n\n\n<li><a>Defensores P\u00fablicos;<\/a><\/li>\n\n\n\n<li><a>Judici\u00e1rio (Ju\u00edzes, Agentes Judici\u00e1rios);<\/a><\/li>\n\n\n\n<li><a>Vereadores;<\/a><\/li>\n\n\n\n<li><a>Outros.<\/a><\/li>\n<\/ul>\n\n\n\n<p><\/p>\n","protected":false},"excerpt":{"rendered":"<p>Primeiros grandes passos do CCDS: Procedimentos nas reuni\u00f5es ordin\u00e1rias: Procedimentos nos encontros, semin\u00e1rios e f\u00f3runs: Rela\u00e7\u00e3o de convidados que podem ministrar palestras para a comunidade sob a coordena\u00e7\u00e3o do CCDS local: OBS: Valorizar as pessoas do local; n\u00e3o esperar s\u00f3 por pessoas de fora; valorizar o nativo. Atividades inerentes ao CCDS: Rela\u00e7\u00e3o de segmentos importantes [&hellip;]<\/p>\n","protected":false},"author":5,"featured_media":0,"parent":80,"menu_order":0,"comment_status":"closed","ping_status":"closed","template":"page-model-padrao.php","meta":{"_acf_changed":false,"inline_featured_image":false,"footnotes":""},"class_list":["post-289","page","type-page","status-publish","hentry"],"acf":[],"yoast_head":"<!-- This site is optimized with the Yoast SEO plugin v26.9 - https:\/\/yoast.com\/product\/yoast-seo-wordpress\/ -->\n<title>Como organizar um CCDS - Secretaria da Seguran\u00e7a P\u00fablica e Defesa Social<\/title>\n<meta name=\"robots\" content=\"index, follow, max-snippet:-1, max-image-preview:large, max-video-preview:-1\" \/>\n<link rel=\"canonical\" href=\"https:\/\/ww16.ce.gov.br\/sspds\/coordenadorias\/coordenadoria-de-defesa-social-codes\/como-organizar-um-ccds\/\" \/>\n<meta property=\"og:locale\" content=\"pt_BR\" \/>\n<meta property=\"og:type\" content=\"article\" \/>\n<meta property=\"og:title\" content=\"Como organizar um CCDS - Secretaria da Seguran\u00e7a P\u00fablica e Defesa Social\" \/>\n<meta property=\"og:description\" content=\"Primeiros grandes passos do CCDS: Procedimentos nas reuni\u00f5es ordin\u00e1rias: Procedimentos nos encontros, semin\u00e1rios e f\u00f3runs: Rela\u00e7\u00e3o de convidados que podem ministrar palestras para a comunidade sob a coordena\u00e7\u00e3o do CCDS local: OBS: Valorizar as pessoas do local; n\u00e3o esperar s\u00f3 por pessoas de fora; valorizar o nativo. Atividades inerentes ao CCDS: Rela\u00e7\u00e3o de segmentos importantes [&hellip;]\" \/>\n<meta property=\"og:url\" content=\"https:\/\/ww16.ce.gov.br\/sspds\/coordenadorias\/coordenadoria-de-defesa-social-codes\/como-organizar-um-ccds\/\" \/>\n<meta property=\"og:site_name\" content=\"Secretaria da Seguran\u00e7a P\u00fablica e Defesa Social\" \/>\n<meta property=\"article:modified_time\" content=\"2026-01-21T13:55:55+00:00\" \/>\n<meta name=\"twitter:card\" content=\"summary_large_image\" \/>\n<meta name=\"twitter:label1\" content=\"Est. reading time\" \/>\n\t<meta name=\"twitter:data1\" content=\"4 minutos\" \/>\n<script type=\"application\/ld+json\" class=\"yoast-schema-graph\">{\"@context\":\"https:\/\/schema.org\",\"@graph\":[{\"@type\":\"WebPage\",\"@id\":\"https:\/\/ww16.ce.gov.br\/sspds\/coordenadorias\/coordenadoria-de-defesa-social-codes\/como-organizar-um-ccds\/\",\"url\":\"https:\/\/ww16.ce.gov.br\/sspds\/coordenadorias\/coordenadoria-de-defesa-social-codes\/como-organizar-um-ccds\/\",\"name\":\"Como organizar um CCDS - Secretaria da Seguran\u00e7a P\u00fablica e Defesa Social\",\"isPartOf\":{\"@id\":\"https:\/\/ww16.ce.gov.br\/sspds\/#website\"},\"datePublished\":\"2026-01-21T13:55:25+00:00\",\"dateModified\":\"2026-01-21T13:55:55+00:00\",\"breadcrumb\":{\"@id\":\"https:\/\/ww16.ce.gov.br\/sspds\/coordenadorias\/coordenadoria-de-defesa-social-codes\/como-organizar-um-ccds\/#breadcrumb\"},\"inLanguage\":\"pt-BR\",\"potentialAction\":[{\"@type\":\"ReadAction\",\"target\":[\"https:\/\/ww16.ce.gov.br\/sspds\/coordenadorias\/coordenadoria-de-defesa-social-codes\/como-organizar-um-ccds\/\"]}]},{\"@type\":\"BreadcrumbList\",\"@id\":\"https:\/\/ww16.ce.gov.br\/sspds\/coordenadorias\/coordenadoria-de-defesa-social-codes\/como-organizar-um-ccds\/#breadcrumb\",\"itemListElement\":[{\"@type\":\"ListItem\",\"position\":1,\"name\":\"Home\",\"item\":\"https:\/\/ww16.ce.gov.br\/sspds\/\"},{\"@type\":\"ListItem\",\"position\":2,\"name\":\"Coordenadorias\",\"item\":\"https:\/\/ww16.ce.gov.br\/sspds\/coordenadorias\/\"},{\"@type\":\"ListItem\",\"position\":3,\"name\":\"Coordenadoria de Defesa Social \u2013 Codes\",\"item\":\"https:\/\/ww16.ce.gov.br\/sspds\/coordenadorias\/coordenadoria-de-defesa-social-codes\/\"},{\"@type\":\"ListItem\",\"position\":4,\"name\":\"Como organizar um CCDS\"}]},{\"@type\":\"WebSite\",\"@id\":\"https:\/\/ww16.ce.gov.br\/sspds\/#website\",\"url\":\"https:\/\/ww16.ce.gov.br\/sspds\/\",\"name\":\"Secretaria da Seguran\u00e7a P\u00fablica e Defesa Social\",\"description\":\"\",\"potentialAction\":[{\"@type\":\"SearchAction\",\"target\":{\"@type\":\"EntryPoint\",\"urlTemplate\":\"https:\/\/ww16.ce.gov.br\/sspds\/?s={search_term_string}\"},\"query-input\":{\"@type\":\"PropertyValueSpecification\",\"valueRequired\":true,\"valueName\":\"search_term_string\"}}],\"inLanguage\":\"pt-BR\"}]}<\/script>\n<!-- \/ Yoast SEO plugin. -->","yoast_head_json":{"title":"Como organizar um CCDS - Secretaria da Seguran\u00e7a P\u00fablica e Defesa Social","robots":{"index":"index","follow":"follow","max-snippet":"max-snippet:-1","max-image-preview":"max-image-preview:large","max-video-preview":"max-video-preview:-1"},"canonical":"https:\/\/ww16.ce.gov.br\/sspds\/coordenadorias\/coordenadoria-de-defesa-social-codes\/como-organizar-um-ccds\/","og_locale":"pt_BR","og_type":"article","og_title":"Como organizar um CCDS - Secretaria da Seguran\u00e7a P\u00fablica e Defesa Social","og_description":"Primeiros grandes passos do CCDS: Procedimentos nas reuni\u00f5es ordin\u00e1rias: Procedimentos nos encontros, semin\u00e1rios e f\u00f3runs: Rela\u00e7\u00e3o de convidados que podem ministrar palestras para a comunidade sob a coordena\u00e7\u00e3o do CCDS local: OBS: Valorizar as pessoas do local; n\u00e3o esperar s\u00f3 por pessoas de fora; valorizar o nativo. Atividades inerentes ao CCDS: Rela\u00e7\u00e3o de segmentos importantes [&hellip;]","og_url":"https:\/\/ww16.ce.gov.br\/sspds\/coordenadorias\/coordenadoria-de-defesa-social-codes\/como-organizar-um-ccds\/","og_site_name":"Secretaria da Seguran\u00e7a P\u00fablica e Defesa Social","article_modified_time":"2026-01-21T13:55:55+00:00","twitter_card":"summary_large_image","twitter_misc":{"Est. reading time":"4 minutos"},"schema":{"@context":"https:\/\/schema.org","@graph":[{"@type":"WebPage","@id":"https:\/\/ww16.ce.gov.br\/sspds\/coordenadorias\/coordenadoria-de-defesa-social-codes\/como-organizar-um-ccds\/","url":"https:\/\/ww16.ce.gov.br\/sspds\/coordenadorias\/coordenadoria-de-defesa-social-codes\/como-organizar-um-ccds\/","name":"Como organizar um CCDS - Secretaria da Seguran\u00e7a P\u00fablica e Defesa Social","isPartOf":{"@id":"https:\/\/ww16.ce.gov.br\/sspds\/#website"},"datePublished":"2026-01-21T13:55:25+00:00","dateModified":"2026-01-21T13:55:55+00:00","breadcrumb":{"@id":"https:\/\/ww16.ce.gov.br\/sspds\/coordenadorias\/coordenadoria-de-defesa-social-codes\/como-organizar-um-ccds\/#breadcrumb"},"inLanguage":"pt-BR","potentialAction":[{"@type":"ReadAction","target":["https:\/\/ww16.ce.gov.br\/sspds\/coordenadorias\/coordenadoria-de-defesa-social-codes\/como-organizar-um-ccds\/"]}]},{"@type":"BreadcrumbList","@id":"https:\/\/ww16.ce.gov.br\/sspds\/coordenadorias\/coordenadoria-de-defesa-social-codes\/como-organizar-um-ccds\/#breadcrumb","itemListElement":[{"@type":"ListItem","position":1,"name":"Home","item":"https:\/\/ww16.ce.gov.br\/sspds\/"},{"@type":"ListItem","position":2,"name":"Coordenadorias","item":"https:\/\/ww16.ce.gov.br\/sspds\/coordenadorias\/"},{"@type":"ListItem","position":3,"name":"Coordenadoria de Defesa Social \u2013 Codes","item":"https:\/\/ww16.ce.gov.br\/sspds\/coordenadorias\/coordenadoria-de-defesa-social-codes\/"},{"@type":"ListItem","position":4,"name":"Como organizar um CCDS"}]},{"@type":"WebSite","@id":"https:\/\/ww16.ce.gov.br\/sspds\/#website","url":"https:\/\/ww16.ce.gov.br\/sspds\/","name":"Secretaria da Seguran\u00e7a P\u00fablica e Defesa Social","description":"","potentialAction":[{"@type":"SearchAction","target":{"@type":"EntryPoint","urlTemplate":"https:\/\/ww16.ce.gov.br\/sspds\/?s={search_term_string}"},"query-input":{"@type":"PropertyValueSpecification","valueRequired":true,"valueName":"search_term_string"}}],"inLanguage":"pt-BR"}]}},"_links":{"self":[{"href":"https:\/\/ww16.ce.gov.br\/sspds\/wp-json\/wp\/v2\/pages\/289","targetHints":{"allow":["GET"]}}],"collection":[{"href":"https:\/\/ww16.ce.gov.br\/sspds\/wp-json\/wp\/v2\/pages"}],"about":[{"href":"https:\/\/ww16.ce.gov.br\/sspds\/wp-json\/wp\/v2\/types\/page"}],"author":[{"embeddable":true,"href":"https:\/\/ww16.ce.gov.br\/sspds\/wp-json\/wp\/v2\/users\/5"}],"replies":[{"embeddable":true,"href":"https:\/\/ww16.ce.gov.br\/sspds\/wp-json\/wp\/v2\/comments?post=289"}],"version-history":[{"count":2,"href":"https:\/\/ww16.ce.gov.br\/sspds\/wp-json\/wp\/v2\/pages\/289\/revisions"}],"predecessor-version":[{"id":292,"href":"https:\/\/ww16.ce.gov.br\/sspds\/wp-json\/wp\/v2\/pages\/289\/revisions\/292"}],"up":[{"embeddable":true,"href":"https:\/\/ww16.ce.gov.br\/sspds\/wp-json\/wp\/v2\/pages\/80"}],"wp:attachment":[{"href":"https:\/\/ww16.ce.gov.br\/sspds\/wp-json\/wp\/v2\/media?parent=289"}],"curies":[{"name":"wp","href":"https:\/\/api.w.org\/{rel}","templated":true}]}}