{"id":277,"date":"2026-01-21T10:46:20","date_gmt":"2026-01-21T13:46:20","guid":{"rendered":"http:\/\/ww16.ce.gov.br\/sspds\/?page_id=277"},"modified":"2026-01-22T14:34:29","modified_gmt":"2026-01-22T17:34:29","slug":"editais-ccds","status":"publish","type":"page","link":"https:\/\/ww16.ce.gov.br\/sspds\/coordenadorias\/coordenadoria-de-defesa-social-codes\/editais-ccds\/","title":{"rendered":"Editais CCDS"},"content":{"rendered":"\n<p><\/p>\n\n\n\n<h4 class=\"wp-block-heading\">Elei\u00e7\u00e3o para o Conselho Comunit\u00e1rio de Defesa Social<\/h4>\n\n\n\n<p><a href=\"https:\/\/www.sspds.ce.gov.br\/wp-content\/uploads\/sites\/24\/2025\/08\/Eleicao-para-o-concelho-comunitario-de-defesa-social_250806_085835.pdf\">Edital N\u00ba 011\/2025<\/a><\/p>\n\n\n\n<h4 class=\"wp-block-heading\">Edital de Convoca\u00e7\u00e3o N\u00b0001 \u2013 Centro (Iguatu)<\/h4>\n\n\n\n<p><a href=\"https:\/\/www.sspds.ce.gov.br\/wp-content\/uploads\/sites\/24\/2025\/08\/Edital-de-Convocacao-N%C2%B0001-Centro-Iguatu.pdf\">Edital<\/a><\/p>\n\n\n\n<h4 class=\"wp-block-heading\">Edital de Convoca\u00e7\u00e3o N\u00b0002 \u2013 Distrito de Gadelha (Iguatu)<\/h4>\n\n\n\n<p><a href=\"https:\/\/www.sspds.ce.gov.br\/wp-content\/uploads\/sites\/24\/2025\/08\/Edital-de-Convocacao-N%C2%B0002-Distrito-de-Gadelha-Iguatu.pdf\">Edital<\/a><\/p>\n\n\n\n<h4 class=\"wp-block-heading\">Edital de Convoca\u00e7\u00e3o N\u00b0003 \u2013 Distrito Jos\u00e9 de Alencar (Iguatu)<\/h4>\n\n\n\n<p><a href=\"https:\/\/www.sspds.ce.gov.br\/wp-content\/uploads\/sites\/24\/2025\/08\/Edital-de-Convocacao-N%C2%B0003-Distrito-Jose-de-Alencar-Iguatu.pdf\">Edital<\/a><\/p>\n\n\n\n<h4 class=\"wp-block-heading\">Edital de Convoca\u00e7\u00e3o N\u00b0004 \u2013 Distrito de Suassurana (Iguatu)<\/h4>\n\n\n\n<p><a href=\"https:\/\/www.sspds.ce.gov.br\/wp-content\/uploads\/sites\/24\/2025\/08\/Edital-de-Convocacao-N%C2%B0004-Distrito-de-Suassurana-Iguatu.pdf\">Edital<\/a><\/p>\n\n\n\n<h4 class=\"wp-block-heading\">Edital de Convoca\u00e7\u00e3o N\u00b0005 \u2013 Distrito de Barro Alto (Iguatu)<\/h4>\n\n\n\n<p><a href=\"https:\/\/www.sspds.ce.gov.br\/wp-content\/uploads\/sites\/24\/2025\/08\/Edital-de-Convocacao-N%C2%B0005-Distrito-de-Barro-Alto-Iguatu.pdf\">Edital<\/a><\/p>\n\n\n\n<h4 class=\"wp-block-heading\">Edital de Convoca\u00e7\u00e3o N\u00b0006 \u2013 Distrito de Riacho Vermelho (Iguatu)<\/h4>\n\n\n\n<p><a href=\"https:\/\/www.sspds.ce.gov.br\/wp-content\/uploads\/sites\/24\/2025\/08\/Edital-de-Convocaao-N%C2%B0006-Distrito-de-Riacho-Vermelho-Iguatu.pdf\">Edital<\/a><\/p>\n\n\n\n<h4 class=\"wp-block-heading\">Edital de Convoca\u00e7\u00e3o N\u00b0007 \u2013 Distrito de Ba\u00fa (Iguatu)<\/h4>\n\n\n\n<p><a href=\"https:\/\/www.sspds.ce.gov.br\/wp-content\/uploads\/sites\/24\/2025\/08\/Edital-de-Convocacao-N%C2%B0007-Distrito-de-Bau-Iguatu.pdf\">Edital<\/a><\/p>\n\n\n\n<h4 class=\"wp-block-heading\">Edital de Convoca\u00e7\u00e3o N\u00b0008 \u2013 Distrito de Barreiras (Iguatu)<\/h4>\n\n\n\n<p><a href=\"https:\/\/www.sspds.ce.gov.br\/wp-content\/uploads\/sites\/24\/2025\/08\/Edital-de-Convocacao-N%C2%B0008-Distrito-de-Brreiras-Iguatu.pdf\">Edital<\/a><\/p>\n\n\n\n<h4 class=\"wp-block-heading\">Edital de Convoca\u00e7\u00e3o N\u00b0009 \u2013 Metr\u00f3pole V (Caucaia)<\/h4>\n\n\n\n<p><a href=\"https:\/\/www.sspds.ce.gov.br\/wp-content\/uploads\/sites\/24\/2025\/08\/Edital-de-Convocacao-N%C2%B0009-Metropole-V-Caucaia.pdf\">Edital<\/a><\/p>\n\n\n\n<h4 class=\"wp-block-heading\">Edital de Convoca\u00e7\u00e3o N\u00b0010 \u2013 Nova Metr\u00f3pole I (Caucaia)<\/h4>\n\n\n\n<p><a href=\"https:\/\/www.sspds.ce.gov.br\/wp-content\/uploads\/sites\/24\/2025\/08\/Edital-de-Convocacao-N%C2%B0010-Nova-Metropole-I-Caucaia.pdf\">Edital<\/a><\/p>\n\n\n\n<h4 class=\"wp-block-heading\">Edital de Convoca\u00e7\u00e3o N\u00b0013 \u2013 Centro (Camocim)<\/h4>\n\n\n\n<p><a href=\"https:\/\/www.sspds.ce.gov.br\/wp-content\/uploads\/sites\/24\/2025\/10\/Edital-n%C2%B0-013-2025-Centro-Camocim_251029_113821.pdf\">Edital<\/a><\/p>\n\n\n\n<h4 class=\"wp-block-heading\">Edital de Convoca\u00e7\u00e3o N\u00b0014 \u2013 Boa Esperan\u00e7a (Camocim)<\/h4>\n\n\n\n<p><a href=\"https:\/\/www.sspds.ce.gov.br\/wp-content\/uploads\/sites\/24\/2025\/10\/Edital-n%C2%B0-014-2025-Setor-I-Boa-Esperanca-Camocim_251029_114010.pdf\">Edital<\/a><\/p>\n\n\n\n<h4 class=\"wp-block-heading\">Edital de Convoca\u00e7\u00e3o N\u00b0015 \u2013 Jardim das Oliveiras (Camocim)<\/h4>\n\n\n\n<p><a href=\"https:\/\/www.sspds.ce.gov.br\/wp-content\/uploads\/sites\/24\/2025\/10\/Edital-n%C2%B0-015-2025-Setor-III-Jardim-das-Oliveiras-Camocim_251029_114134.pdf\">Edital<\/a><\/p>\n\n\n\n<h4 class=\"wp-block-heading\">Edital de Convoca\u00e7\u00e3o N\u00b0016 \u2013 Torta, Mor\u00e9ias e S. Olho D\u2019\u00c1gua (Camocim)<\/h4>\n\n\n\n<p><a href=\"https:\/\/www.sspds.ce.gov.br\/wp-content\/uploads\/sites\/24\/2025\/10\/Edital-n%C2%B0-016-2025-Setor-V-Torta-Moreias-e-S.-Olho-Dagua-Camocim_251029_114400.pdf\">Edital<\/a><\/p>\n\n\n\n<h4 class=\"wp-block-heading\">Edital de Convoca\u00e7\u00e3o N\u00b0017 \u2013 Amarelas (Camocim)<\/h4>\n\n\n\n<p><a href=\"https:\/\/www.sspds.ce.gov.br\/wp-content\/uploads\/sites\/24\/2025\/10\/Edital-n%C2%B0-017-2025-Setor-VI-Amarelas-Camocim_251029_114521.pdf\">Edital<\/a><\/p>\n\n\n\n<p><\/p>\n","protected":false},"excerpt":{"rendered":"<p>Elei\u00e7\u00e3o para o Conselho Comunit\u00e1rio de Defesa Social Edital N\u00ba 011\/2025 Edital de Convoca\u00e7\u00e3o N\u00b0001 \u2013 Centro (Iguatu) Edital Edital de Convoca\u00e7\u00e3o N\u00b0002 \u2013 Distrito de Gadelha (Iguatu) Edital Edital de Convoca\u00e7\u00e3o N\u00b0003 \u2013 Distrito Jos\u00e9 de Alencar (Iguatu) Edital Edital de Convoca\u00e7\u00e3o N\u00b0004 \u2013 Distrito de Suassurana (Iguatu) Edital Edital de Convoca\u00e7\u00e3o N\u00b0005 \u2013 [&hellip;]<\/p>\n","protected":false},"author":5,"featured_media":0,"parent":80,"menu_order":0,"comment_status":"closed","ping_status":"closed","template":"page-model-padrao.php","meta":{"_acf_changed":false,"inline_featured_image":false,"footnotes":""},"class_list":["post-277","page","type-page","status-publish","hentry"],"acf":[],"yoast_head":"<!-- This site is optimized with the Yoast SEO plugin v26.9 - https:\/\/yoast.com\/product\/yoast-seo-wordpress\/ -->\n<title>Editais CCDS - Secretaria da Seguran\u00e7a P\u00fablica e Defesa Social<\/title>\n<meta name=\"robots\" content=\"index, follow, max-snippet:-1, max-image-preview:large, max-video-preview:-1\" \/>\n<link rel=\"canonical\" href=\"https:\/\/ww16.ce.gov.br\/sspds\/coordenadorias\/coordenadoria-de-defesa-social-codes\/editais-ccds\/\" \/>\n<meta property=\"og:locale\" content=\"pt_BR\" \/>\n<meta property=\"og:type\" content=\"article\" \/>\n<meta property=\"og:title\" content=\"Editais CCDS - Secretaria da Seguran\u00e7a P\u00fablica e Defesa Social\" \/>\n<meta property=\"og:description\" content=\"Elei\u00e7\u00e3o para o Conselho Comunit\u00e1rio de Defesa Social Edital N\u00ba 011\/2025 Edital de Convoca\u00e7\u00e3o N\u00b0001 \u2013 Centro (Iguatu) Edital Edital de Convoca\u00e7\u00e3o N\u00b0002 \u2013 Distrito de Gadelha (Iguatu) Edital Edital de Convoca\u00e7\u00e3o N\u00b0003 \u2013 Distrito Jos\u00e9 de Alencar (Iguatu) Edital Edital de Convoca\u00e7\u00e3o N\u00b0004 \u2013 Distrito de Suassurana (Iguatu) Edital Edital de Convoca\u00e7\u00e3o N\u00b0005 \u2013 [&hellip;]\" \/>\n<meta property=\"og:url\" content=\"https:\/\/ww16.ce.gov.br\/sspds\/coordenadorias\/coordenadoria-de-defesa-social-codes\/editais-ccds\/\" \/>\n<meta property=\"og:site_name\" content=\"Secretaria da Seguran\u00e7a P\u00fablica e Defesa Social\" \/>\n<meta property=\"article:modified_time\" content=\"2026-01-22T17:34:29+00:00\" \/>\n<meta name=\"twitter:card\" content=\"summary_large_image\" \/>\n<meta name=\"twitter:label1\" content=\"Est. reading time\" \/>\n\t<meta name=\"twitter:data1\" content=\"1 minuto\" \/>\n<script type=\"application\/ld+json\" class=\"yoast-schema-graph\">{\"@context\":\"https:\/\/schema.org\",\"@graph\":[{\"@type\":\"WebPage\",\"@id\":\"https:\/\/ww16.ce.gov.br\/sspds\/coordenadorias\/coordenadoria-de-defesa-social-codes\/editais-ccds\/\",\"url\":\"https:\/\/ww16.ce.gov.br\/sspds\/coordenadorias\/coordenadoria-de-defesa-social-codes\/editais-ccds\/\",\"name\":\"Editais CCDS - Secretaria da Seguran\u00e7a P\u00fablica e Defesa Social\",\"isPartOf\":{\"@id\":\"https:\/\/ww16.ce.gov.br\/sspds\/#website\"},\"datePublished\":\"2026-01-21T13:46:20+00:00\",\"dateModified\":\"2026-01-22T17:34:29+00:00\",\"breadcrumb\":{\"@id\":\"https:\/\/ww16.ce.gov.br\/sspds\/coordenadorias\/coordenadoria-de-defesa-social-codes\/editais-ccds\/#breadcrumb\"},\"inLanguage\":\"pt-BR\",\"potentialAction\":[{\"@type\":\"ReadAction\",\"target\":[\"https:\/\/ww16.ce.gov.br\/sspds\/coordenadorias\/coordenadoria-de-defesa-social-codes\/editais-ccds\/\"]}]},{\"@type\":\"BreadcrumbList\",\"@id\":\"https:\/\/ww16.ce.gov.br\/sspds\/coordenadorias\/coordenadoria-de-defesa-social-codes\/editais-ccds\/#breadcrumb\",\"itemListElement\":[{\"@type\":\"ListItem\",\"position\":1,\"name\":\"Home\",\"item\":\"https:\/\/ww16.ce.gov.br\/sspds\/\"},{\"@type\":\"ListItem\",\"position\":2,\"name\":\"Coordenadorias\",\"item\":\"https:\/\/ww16.ce.gov.br\/sspds\/coordenadorias\/\"},{\"@type\":\"ListItem\",\"position\":3,\"name\":\"Coordenadoria de Defesa Social \u2013 Codes\",\"item\":\"https:\/\/ww16.ce.gov.br\/sspds\/coordenadorias\/coordenadoria-de-defesa-social-codes\/\"},{\"@type\":\"ListItem\",\"position\":4,\"name\":\"Editais CCDS\"}]},{\"@type\":\"WebSite\",\"@id\":\"https:\/\/ww16.ce.gov.br\/sspds\/#website\",\"url\":\"https:\/\/ww16.ce.gov.br\/sspds\/\",\"name\":\"Secretaria da Seguran\u00e7a P\u00fablica e Defesa Social\",\"description\":\"\",\"potentialAction\":[{\"@type\":\"SearchAction\",\"target\":{\"@type\":\"EntryPoint\",\"urlTemplate\":\"https:\/\/ww16.ce.gov.br\/sspds\/?s={search_term_string}\"},\"query-input\":{\"@type\":\"PropertyValueSpecification\",\"valueRequired\":true,\"valueName\":\"search_term_string\"}}],\"inLanguage\":\"pt-BR\"}]}<\/script>\n<!-- \/ Yoast SEO plugin. -->","yoast_head_json":{"title":"Editais CCDS - Secretaria da Seguran\u00e7a P\u00fablica e Defesa Social","robots":{"index":"index","follow":"follow","max-snippet":"max-snippet:-1","max-image-preview":"max-image-preview:large","max-video-preview":"max-video-preview:-1"},"canonical":"https:\/\/ww16.ce.gov.br\/sspds\/coordenadorias\/coordenadoria-de-defesa-social-codes\/editais-ccds\/","og_locale":"pt_BR","og_type":"article","og_title":"Editais CCDS - Secretaria da Seguran\u00e7a P\u00fablica e Defesa Social","og_description":"Elei\u00e7\u00e3o para o Conselho Comunit\u00e1rio de Defesa Social Edital N\u00ba 011\/2025 Edital de Convoca\u00e7\u00e3o N\u00b0001 \u2013 Centro (Iguatu) Edital Edital de Convoca\u00e7\u00e3o N\u00b0002 \u2013 Distrito de Gadelha (Iguatu) Edital Edital de Convoca\u00e7\u00e3o N\u00b0003 \u2013 Distrito Jos\u00e9 de Alencar (Iguatu) Edital Edital de Convoca\u00e7\u00e3o N\u00b0004 \u2013 Distrito de Suassurana (Iguatu) Edital Edital de Convoca\u00e7\u00e3o N\u00b0005 \u2013 [&hellip;]","og_url":"https:\/\/ww16.ce.gov.br\/sspds\/coordenadorias\/coordenadoria-de-defesa-social-codes\/editais-ccds\/","og_site_name":"Secretaria da Seguran\u00e7a P\u00fablica e Defesa Social","article_modified_time":"2026-01-22T17:34:29+00:00","twitter_card":"summary_large_image","twitter_misc":{"Est. reading time":"1 minuto"},"schema":{"@context":"https:\/\/schema.org","@graph":[{"@type":"WebPage","@id":"https:\/\/ww16.ce.gov.br\/sspds\/coordenadorias\/coordenadoria-de-defesa-social-codes\/editais-ccds\/","url":"https:\/\/ww16.ce.gov.br\/sspds\/coordenadorias\/coordenadoria-de-defesa-social-codes\/editais-ccds\/","name":"Editais CCDS - Secretaria da Seguran\u00e7a P\u00fablica e Defesa Social","isPartOf":{"@id":"https:\/\/ww16.ce.gov.br\/sspds\/#website"},"datePublished":"2026-01-21T13:46:20+00:00","dateModified":"2026-01-22T17:34:29+00:00","breadcrumb":{"@id":"https:\/\/ww16.ce.gov.br\/sspds\/coordenadorias\/coordenadoria-de-defesa-social-codes\/editais-ccds\/#breadcrumb"},"inLanguage":"pt-BR","potentialAction":[{"@type":"ReadAction","target":["https:\/\/ww16.ce.gov.br\/sspds\/coordenadorias\/coordenadoria-de-defesa-social-codes\/editais-ccds\/"]}]},{"@type":"BreadcrumbList","@id":"https:\/\/ww16.ce.gov.br\/sspds\/coordenadorias\/coordenadoria-de-defesa-social-codes\/editais-ccds\/#breadcrumb","itemListElement":[{"@type":"ListItem","position":1,"name":"Home","item":"https:\/\/ww16.ce.gov.br\/sspds\/"},{"@type":"ListItem","position":2,"name":"Coordenadorias","item":"https:\/\/ww16.ce.gov.br\/sspds\/coordenadorias\/"},{"@type":"ListItem","position":3,"name":"Coordenadoria de Defesa Social \u2013 Codes","item":"https:\/\/ww16.ce.gov.br\/sspds\/coordenadorias\/coordenadoria-de-defesa-social-codes\/"},{"@type":"ListItem","position":4,"name":"Editais CCDS"}]},{"@type":"WebSite","@id":"https:\/\/ww16.ce.gov.br\/sspds\/#website","url":"https:\/\/ww16.ce.gov.br\/sspds\/","name":"Secretaria da Seguran\u00e7a P\u00fablica e Defesa Social","description":"","potentialAction":[{"@type":"SearchAction","target":{"@type":"EntryPoint","urlTemplate":"https:\/\/ww16.ce.gov.br\/sspds\/?s={search_term_string}"},"query-input":{"@type":"PropertyValueSpecification","valueRequired":true,"valueName":"search_term_string"}}],"inLanguage":"pt-BR"}]}},"_links":{"self":[{"href":"https:\/\/ww16.ce.gov.br\/sspds\/wp-json\/wp\/v2\/pages\/277","targetHints":{"allow":["GET"]}}],"collection":[{"href":"https:\/\/ww16.ce.gov.br\/sspds\/wp-json\/wp\/v2\/pages"}],"about":[{"href":"https:\/\/ww16.ce.gov.br\/sspds\/wp-json\/wp\/v2\/types\/page"}],"author":[{"embeddable":true,"href":"https:\/\/ww16.ce.gov.br\/sspds\/wp-json\/wp\/v2\/users\/5"}],"replies":[{"embeddable":true,"href":"https:\/\/ww16.ce.gov.br\/sspds\/wp-json\/wp\/v2\/comments?post=277"}],"version-history":[{"count":2,"href":"https:\/\/ww16.ce.gov.br\/sspds\/wp-json\/wp\/v2\/pages\/277\/revisions"}],"predecessor-version":[{"id":475,"href":"https:\/\/ww16.ce.gov.br\/sspds\/wp-json\/wp\/v2\/pages\/277\/revisions\/475"}],"up":[{"embeddable":true,"href":"https:\/\/ww16.ce.gov.br\/sspds\/wp-json\/wp\/v2\/pages\/80"}],"wp:attachment":[{"href":"https:\/\/ww16.ce.gov.br\/sspds\/wp-json\/wp\/v2\/media?parent=277"}],"curies":[{"name":"wp","href":"https:\/\/api.w.org\/{rel}","templated":true}]}}