{"id":266,"date":"2026-01-21T10:39:18","date_gmt":"2026-01-21T13:39:18","guid":{"rendered":"http:\/\/ww16.ce.gov.br\/sspds\/?page_id=266"},"modified":"2026-01-21T10:39:20","modified_gmt":"2026-01-21T13:39:20","slug":"contabilidade","status":"publish","type":"page","link":"https:\/\/ww16.ce.gov.br\/sspds\/contabilidade-e-patrimonio\/contabilidade\/","title":{"rendered":"Contabilidade"},"content":{"rendered":"\n<p><\/p>\n\n\n\n<h2 class=\"wp-block-heading\"><strong>EXERC\u00cdCIO 2024<\/strong><\/h2>\n\n\n\n<ul class=\"wp-block-list\">\n<li><a href=\"https:\/\/www.sspds.ce.gov.br\/wp-content\/uploads\/sites\/24\/2025\/09\/Balanco-Financeiro-SSPDS-2024.pdf\">Balan\u00e7o Financeiro<\/a><\/li>\n\n\n\n<li><a href=\"https:\/\/www.sspds.ce.gov.br\/wp-content\/uploads\/sites\/24\/2025\/09\/Balanco-Orcamentario-SSPDS-2024.pdf\">Balan\u00e7o Or\u00e7ament\u00e1rio<\/a><\/li>\n\n\n\n<li><a href=\"https:\/\/www.sspds.ce.gov.br\/wp-content\/uploads\/sites\/24\/2025\/09\/Anexo-Balanco-Orcamentario-SSPDS-2024.pdf\">Anexo (Balan\u00e7o Or\u00e7ament\u00e1rio)<\/a><\/li>\n\n\n\n<li><a href=\"https:\/\/www.sspds.ce.gov.br\/wp-content\/uploads\/sites\/24\/2025\/09\/Balanco-Patrimonial-SSPDS-2024.pdf\">Balan\u00e7o Patrimonial<\/a><\/li>\n\n\n\n<li><a href=\"https:\/\/www.sspds.ce.gov.br\/wp-content\/uploads\/sites\/24\/2025\/09\/DVP-SSPDS-2024.pdf\">Demonstra\u00e7\u00e3o das Varia\u00e7\u00f5es Patrimoniais<\/a><\/li>\n\n\n\n<li><a href=\"https:\/\/www.sspds.ce.gov.br\/wp-content\/uploads\/sites\/24\/2025\/09\/Demonstrativo-de-Superavit_Deficit-Financeiro-SSPDS-2024.pdf\">Demonstrativo de Superavit\/D\u00e9ficit Financeiro<\/a><\/li>\n\n\n\n<li><a href=\"https:\/\/www.sspds.ce.gov.br\/wp-content\/uploads\/sites\/24\/2025\/09\/Demonstrativo-Divida-Flutuante-SSPDS-2024.pdf\">Demonstrativo da D\u00edvida Flutuante<\/a><\/li>\n\n\n\n<li><a href=\"https:\/\/www.sspds.ce.gov.br\/wp-content\/uploads\/sites\/24\/2025\/09\/Demonstracao-de-Fluxo-de-Caixa-SSPDS-2024.pdf\">Demonstrativo dos Fluxos de Caixa<\/a><\/li>\n\n\n\n<li><a href=\"https:\/\/www.sspds.ce.gov.br\/wp-content\/uploads\/sites\/24\/2025\/09\/Notas-Explicativas-SSPDS-2024.pdf\">Notas Explicativas<\/a><\/li>\n<\/ul>\n\n\n\n<h2 class=\"wp-block-heading\"><strong>EXERC\u00cdCIO 2023<\/strong><\/h2>\n\n\n\n<ul class=\"wp-block-list\">\n<li><a href=\"https:\/\/www.sspds.ce.gov.br\/wp-content\/uploads\/sites\/24\/2025\/09\/Balanco-Financeiro-SSPDS-2023.pdf\">Balan\u00e7o Financeiro<\/a><\/li>\n\n\n\n<li><a href=\"https:\/\/www.sspds.ce.gov.br\/wp-content\/uploads\/sites\/24\/2025\/09\/Balanco-Orcamentario-SSPDS-2023.pdf\">Balan\u00e7o Or\u00e7ament\u00e1rio<\/a><\/li>\n\n\n\n<li><a href=\"https:\/\/www.sspds.ce.gov.br\/wp-content\/uploads\/sites\/24\/2025\/09\/Anexo-Balanco-Orcamentario-SSPDS-2023.pdf\">Anexo (Balan\u00e7o Or\u00e7ament\u00e1rio)<\/a><\/li>\n\n\n\n<li><a href=\"https:\/\/www.sspds.ce.gov.br\/wp-content\/uploads\/sites\/24\/2025\/09\/Balanco-Patrimonial-SSPDS-2023.pdf\">Balan\u00e7o Patrimonial<\/a><\/li>\n\n\n\n<li><a href=\"https:\/\/www.sspds.ce.gov.br\/wp-content\/uploads\/sites\/24\/2025\/09\/DVP-SSPDS-2023.pdf\">Demonstra\u00e7\u00e3o das Varia\u00e7\u00f5es Patrimoniais<\/a><\/li>\n\n\n\n<li><a href=\"https:\/\/www.sspds.ce.gov.br\/wp-content\/uploads\/sites\/24\/2025\/09\/Demonstrativo-de-Superavit_Deficit-Financeiro-SSPDS-2023.pdf\">Demonstrativo de Superavit\/D\u00e9ficit Financeiro<\/a><\/li>\n\n\n\n<li><a href=\"https:\/\/www.sspds.ce.gov.br\/wp-content\/uploads\/sites\/24\/2025\/09\/Demonstrativo-Divida-Flutuante-SSPDS-2023.pdf\">Demonstrativo da D\u00edvida Flutuante<\/a><\/li>\n\n\n\n<li><a href=\"https:\/\/www.sspds.ce.gov.br\/wp-content\/uploads\/sites\/24\/2025\/09\/Demonstracao-de-Fluxo-de-Caixa-SSPDS-2023.pdf\">Demonstrativo dos Fluxos de Caixa<\/a><\/li>\n\n\n\n<li><a href=\"https:\/\/www.sspds.ce.gov.br\/wp-content\/uploads\/sites\/24\/2025\/09\/Notas-Explicativas-SSPDS-2023.pdf\">Notas Explicativas<\/a><\/li>\n<\/ul>\n\n\n\n<h2 class=\"wp-block-heading\"><strong>EXERC\u00cdCIO 2022<\/strong><\/h2>\n\n\n\n<ul class=\"wp-block-list\">\n<li><a href=\"https:\/\/www.sspds.ce.gov.br\/wp-content\/uploads\/sites\/24\/2024\/05\/Balanco_Financeiro_2022_SSPDS.pdf\">Balan\u00e7o Financeiro<\/a><\/li>\n\n\n\n<li><a href=\"https:\/\/www.sspds.ce.gov.br\/wp-content\/uploads\/sites\/24\/2024\/05\/Balanco_Orcamentario_2022_SSPDS.pdf\">Balan\u00e7o Or\u00e7ament\u00e1rio<\/a><\/li>\n\n\n\n<li><a href=\"https:\/\/www.sspds.ce.gov.br\/wp-content\/uploads\/sites\/24\/2024\/05\/Anexos_Balanco_orcamentario_12.1_12.2_2022-DRP.pdf\">Anexo (Balan\u00e7o Or\u00e7ament\u00e1rio)<\/a><\/li>\n\n\n\n<li><a href=\"https:\/\/www.sspds.ce.gov.br\/wp-content\/uploads\/sites\/24\/2024\/05\/Balanco_Patrimonial_2022_SSPDS.pdf\">Balan\u00e7o Patrimonial<\/a><\/li>\n\n\n\n<li><a href=\"https:\/\/www.sspds.ce.gov.br\/wp-content\/uploads\/sites\/24\/2024\/05\/Demonstracao_das_Variacoes_Patrimoniais_2022_SSPDS.pdf\">Demonstra\u00e7\u00e3o das Varia\u00e7\u00f5es Patrimoniais<\/a><\/li>\n\n\n\n<li><a href=\"https:\/\/www.sspds.ce.gov.br\/wp-content\/uploads\/sites\/24\/2024\/05\/Demonstrativo_de_Superavit_Deficit_financeiro_2022.pdf\">Demonstrativo de Superavit\/D\u00e9ficit Financeiro<\/a><\/li>\n\n\n\n<li><a href=\"https:\/\/www.sspds.ce.gov.br\/wp-content\/uploads\/sites\/24\/2024\/05\/Demonstrativo_Divida_Flutuante_2022_SSPDS.pdf\">Demonstrativo da D\u00edvida Flutuante<\/a><\/li>\n\n\n\n<li><a href=\"https:\/\/www.sspds.ce.gov.br\/wp-content\/uploads\/sites\/24\/2024\/05\/DEMONSTRATIVO_DOS_FLUXOS_DE_CAIXA_2022_SSPDS.pdf\">Demonstrativo dos Fluxos de Caixa<\/a><\/li>\n\n\n\n<li><a href=\"https:\/\/www.sspds.ce.gov.br\/wp-content\/uploads\/sites\/24\/2024\/05\/Notas_explicativas_demonstracoes_2022_SSPDS.pdf\">Notas Explicativas<\/a><\/li>\n<\/ul>\n\n\n\n<h2 class=\"wp-block-heading\"><strong>EXERC\u00cdCIO 2021<\/strong><\/h2>\n\n\n\n<ul class=\"wp-block-list\">\n<li><a href=\"https:\/\/www.sspds.ce.gov.br\/wp-content\/uploads\/sites\/24\/2024\/05\/Balanco_Financeiro_2021_SSPDS-.pdf\">Balan\u00e7o Financeiro<\/a><\/li>\n\n\n\n<li><a href=\"https:\/\/www.sspds.ce.gov.br\/wp-content\/uploads\/sites\/24\/2024\/05\/Balanco_Orcamentario_2021_SSPDS-.pdf\">Balan\u00e7o Or\u00e7ament\u00e1rio<\/a><\/li>\n\n\n\n<li><a href=\"https:\/\/www.sspds.ce.gov.br\/wp-content\/uploads\/sites\/24\/2024\/05\/Balanco_Patrimonial_2021_SSPDS-.pdf\">Balan\u00e7o Patrimonial<\/a><\/li>\n\n\n\n<li><a href=\"https:\/\/www.sspds.ce.gov.br\/wp-content\/uploads\/sites\/24\/2024\/05\/Demonstracao_das_Variacoes_Patrimoniais_2021_SSPDS.pdf\">Demonstra\u00e7\u00e3o das Varia\u00e7\u00f5es Patrimoniais<\/a><\/li>\n\n\n\n<li><a href=\"https:\/\/www.sspds.ce.gov.br\/wp-content\/uploads\/sites\/24\/2024\/05\/Demonstrativo_de_Superavit_Deficit_financeiro_2021-.pdf\">Demonstrativo de Superavit\/D\u00e9ficit Financeiro<\/a><\/li>\n\n\n\n<li><a href=\"https:\/\/www.sspds.ce.gov.br\/wp-content\/uploads\/sites\/24\/2024\/05\/Demonstrativo_de_Exercicio_de_Restos_a_Pagar_2021_SSPDS-.pdf\">Demonstrativo de Exerc\u00edcio de Restos a Pagar<\/a><\/li>\n\n\n\n<li><a href=\"https:\/\/www.sspds.ce.gov.br\/wp-content\/uploads\/sites\/24\/2024\/05\/Demonstrativo_Divida_Flutuante_2021_SSPDS-.pdf\">Demonstrativo da D\u00edvida Flutuante<\/a><\/li>\n\n\n\n<li><a href=\"https:\/\/www.sspds.ce.gov.br\/wp-content\/uploads\/sites\/24\/2024\/05\/DEMONSTRATIVO_DOS_FLUXOS_DE_CAIXA_2021_SSPDS.pdf\">Demonstrativo dos Fluxos de Caixa<\/a><\/li>\n\n\n\n<li><a href=\"https:\/\/www.sspds.ce.gov.br\/wp-content\/uploads\/sites\/24\/2024\/05\/Notas_explicativas_demonstracoes_2021_SSPDS.pdf\">Notas Explicativas<\/a><\/li>\n<\/ul>\n\n\n\n<h2 class=\"wp-block-heading\"><strong>EXERC\u00cdCIO 2020<\/strong><\/h2>\n\n\n\n<ul class=\"wp-block-list\">\n<li><a href=\"https:\/\/www.sspds.ce.gov.br\/wp-content\/uploads\/sites\/24\/2024\/05\/Balanco_Financeiro_2020_SSPDS-.pdf\">Balan\u00e7o Financeiro<\/a><\/li>\n\n\n\n<li><a href=\"https:\/\/www.sspds.ce.gov.br\/wp-content\/uploads\/sites\/24\/2024\/05\/Balanco_Orcamentario_2020_SSPDS-.pdf\">Balan\u00e7o Or\u00e7ament\u00e1rio<\/a><\/li>\n\n\n\n<li><a href=\"https:\/\/www.sspds.ce.gov.br\/wp-content\/uploads\/sites\/24\/2024\/05\/Balanco_Patrimonial_2020_SSPDS-.pdf\">Balan\u00e7o Patrimonial<\/a><\/li>\n\n\n\n<li><a href=\"https:\/\/www.sspds.ce.gov.br\/wp-content\/uploads\/sites\/24\/2024\/05\/Demonstracao_das_Variacoes_Patrimoniais_2020_SSPDS.pdf\">Demonstra\u00e7\u00e3o das Varia\u00e7\u00f5es Patrimoniais<\/a><\/li>\n\n\n\n<li><a href=\"https:\/\/www.sspds.ce.gov.br\/wp-content\/uploads\/sites\/24\/2024\/05\/Demonstrativo_de_Superavit_Deficit_financeiro_2020-.pdf\">Demonstrativo de Superavit\/D\u00e9ficit Financeiro<\/a><\/li>\n\n\n\n<li><a href=\"https:\/\/www.sspds.ce.gov.br\/wp-content\/uploads\/sites\/24\/2024\/05\/Demonstrativo_de_Exercicio_de_Restos_a_Pagar_2020_SSPDS-.pdf\">Demonstrativo de Exerc\u00edcio de Restos a Pagar<\/a><\/li>\n\n\n\n<li><a href=\"https:\/\/www.sspds.ce.gov.br\/wp-content\/uploads\/sites\/24\/2024\/05\/Demonstrativo_Divida_Flutuante_2020_SSPDS-.pdf\">Demonstrativo da D\u00edvida Flutuante<\/a><\/li>\n\n\n\n<li><a href=\"https:\/\/www.sspds.ce.gov.br\/wp-content\/uploads\/sites\/24\/2024\/05\/DEMONSTRATIVO_DOS_FLUXOS_DE_CAIXA_2020_SSPDS.pdf\">Demonstrativo dos Fluxos de Caixa<\/a><\/li>\n\n\n\n<li><a href=\"https:\/\/www.sspds.ce.gov.br\/wp-content\/uploads\/sites\/24\/2024\/05\/Notas_explicativas_demonstracoes_2020_SSPDS.pdf\">Notas Explicativas<\/a><\/li>\n<\/ul>\n\n\n\n<h2 class=\"wp-block-heading\"><strong>EXERC\u00cdCIO 2019<\/strong><\/h2>\n\n\n\n<ul class=\"wp-block-list\">\n<li><a href=\"https:\/\/www.sspds.ce.gov.br\/wp-content\/uploads\/sites\/24\/2024\/05\/Balanco_Financeiro_2019_SSPDS-.pdf\">Balan\u00e7o Financeiro<\/a><\/li>\n\n\n\n<li><a href=\"https:\/\/www.sspds.ce.gov.br\/wp-content\/uploads\/sites\/24\/2024\/05\/Balanco_Orcamentario_2019_SSPDS-.pdf\">Balan\u00e7o Or\u00e7ament\u00e1rio<\/a><\/li>\n\n\n\n<li><a href=\"https:\/\/www.sspds.ce.gov.br\/wp-content\/uploads\/sites\/24\/2024\/05\/Balanco_Patrimonial_2019_SSPDS-.pdf\">Balan\u00e7o Patrimonial<\/a><\/li>\n\n\n\n<li><a href=\"https:\/\/www.sspds.ce.gov.br\/wp-content\/uploads\/sites\/24\/2024\/05\/Demonstracao_das_Variacoes_Patrimoniais_2019_SSPDS.pdf\">Demonstra\u00e7\u00e3o das Varia\u00e7\u00f5es Patrimoniais<\/a><\/li>\n\n\n\n<li><a href=\"https:\/\/www.sspds.ce.gov.br\/wp-content\/uploads\/sites\/24\/2024\/05\/Demonstrativo_de_Superavit_Deficit_financeiro_2019-.pdf\">Demonstrativo de Superavit\/D\u00e9ficit Financeiro<\/a><\/li>\n\n\n\n<li><a href=\"https:\/\/www.sspds.ce.gov.br\/wp-content\/uploads\/sites\/24\/2024\/05\/Demonstrativo_de_Exercicio_de_Restos_a_Pagar_2019_SSPDS-.pdf\">Demonstrativo de Exerc\u00edcio de Restos a Pagar<\/a><\/li>\n\n\n\n<li><a href=\"https:\/\/www.sspds.ce.gov.br\/wp-content\/uploads\/sites\/24\/2024\/05\/Demonstrativo_Divida_Flutuante_2019_SSPDS-.pdf\">Demonstrativo da D\u00edvida Flutuante<\/a><\/li>\n\n\n\n<li><a href=\"https:\/\/www.sspds.ce.gov.br\/wp-content\/uploads\/sites\/24\/2024\/05\/DEMONSTRATIVO_DOS_FLUXOS_DE_CAIXA_2019_SSPDS.pdf\">Demonstrativo dos Fluxos de Caixa<\/a><\/li>\n\n\n\n<li><a href=\"https:\/\/www.sspds.ce.gov.br\/wp-content\/uploads\/sites\/24\/2024\/05\/Notas_explicativas_demonstracoes_2019_SSPDS.pdf\">Notas Explicativas<\/a><\/li>\n<\/ul>\n\n\n\n<h2 class=\"wp-block-heading\"><strong>EXERC\u00cdCIO 2018<\/strong><\/h2>\n\n\n\n<ul class=\"wp-block-list\">\n<li><a href=\"https:\/\/www.sspds.ce.gov.br\/wp-content\/uploads\/sites\/24\/2024\/05\/Balanco_Financeiro_2018_SSPDS-.pdf\">Balan\u00e7o Financeiro<\/a><\/li>\n\n\n\n<li><a href=\"https:\/\/www.sspds.ce.gov.br\/wp-content\/uploads\/sites\/24\/2024\/05\/Balanco_Orcamentario_2018_SSPDS-.pdf\">Balan\u00e7o Or\u00e7ament\u00e1rio<\/a><\/li>\n\n\n\n<li><a href=\"https:\/\/www.sspds.ce.gov.br\/wp-content\/uploads\/sites\/24\/2024\/05\/Balanco_Patrimonial_2018_SSPDS-.pdf\">Balan\u00e7o Patrimonial<\/a><\/li>\n\n\n\n<li><a href=\"https:\/\/www.sspds.ce.gov.br\/wp-content\/uploads\/sites\/24\/2024\/05\/Demonstracao_das_Variacoes_Patrimoniais_2018_SSPDS.pdf\">Demonstra\u00e7\u00e3o das Varia\u00e7\u00f5es Patrimoniais<\/a><\/li>\n\n\n\n<li><a href=\"https:\/\/www.sspds.ce.gov.br\/wp-content\/uploads\/sites\/24\/2024\/05\/Demonstrativo_de_Superavit_Deficit_financeiro_2018-.pdf\">Demonstrativo de Superavit\/D\u00e9ficit Financeiro<\/a><\/li>\n\n\n\n<li><a href=\"https:\/\/www.sspds.ce.gov.br\/wp-content\/uploads\/sites\/24\/2024\/05\/Demonstrativo_de_Exercicio_de_Restos_a_Pagar_2018_SSPDS-.pdf\">Demonstrativo de Exerc\u00edcio de Restos a Pagar<\/a><\/li>\n\n\n\n<li><a href=\"https:\/\/www.sspds.ce.gov.br\/wp-content\/uploads\/sites\/24\/2024\/05\/Demonstrativo_Divida_Flutuante_2018_SSPDS-.pdf\">Demonstrativo da D\u00edvida Flutuante<\/a><\/li>\n\n\n\n<li><a href=\"https:\/\/www.sspds.ce.gov.br\/wp-content\/uploads\/sites\/24\/2024\/05\/DEMONSTRATIVO_DOS_FLUXOS_DE_CAIXA_2018_SSPDS.pdf\">Demonstrativo dos Fluxos de Caixa<\/a><\/li>\n\n\n\n<li><a href=\"https:\/\/www.sspds.ce.gov.br\/wp-content\/uploads\/sites\/24\/2024\/05\/Notas_explicativas_demonstracoes_2018_SSPDS.pdf\">Notas Explicativas<\/a><\/li>\n<\/ul>\n\n\n\n<h2 class=\"wp-block-heading\"><strong>EXERC\u00cdCIO 2017<\/strong><\/h2>\n\n\n\n<ul class=\"wp-block-list\">\n<li><a href=\"https:\/\/www.sspds.ce.gov.br\/wp-content\/uploads\/sites\/24\/2024\/05\/Balanco_Financeiro_2017_SSPDS.pdf\">Balan\u00e7o Financeiro<\/a><\/li>\n\n\n\n<li><a href=\"https:\/\/www.sspds.ce.gov.br\/wp-content\/uploads\/sites\/24\/2024\/05\/Balanco_Orcamentario_2017_SSPDS.pdf\">Balan\u00e7o Or\u00e7ament\u00e1rio<\/a><\/li>\n\n\n\n<li><a href=\"https:\/\/www.sspds.ce.gov.br\/wp-content\/uploads\/sites\/24\/2024\/05\/Balanco_Patrimonial_2017_SSPDS-.pdf\">Balan\u00e7o Patrimonial<\/a><\/li>\n\n\n\n<li><a href=\"https:\/\/www.sspds.ce.gov.br\/wp-content\/uploads\/sites\/24\/2024\/05\/Demonstracao_das_Variacoes_Patrimoniais_2017_SSPDS.pdf\">Demonstra\u00e7\u00e3o das Varia\u00e7\u00f5es Patrimoniais<\/a><\/li>\n\n\n\n<li><a href=\"https:\/\/www.sspds.ce.gov.br\/wp-content\/uploads\/sites\/24\/2024\/05\/Demonstrativo_de_Superavit_Deficit_financeiro_2017_SSPDS.pdf\">Demonstrativo de Superavit\/D\u00e9ficit Financeiro<\/a><\/li>\n\n\n\n<li><a href=\"https:\/\/www.sspds.ce.gov.br\/wp-content\/uploads\/sites\/24\/2024\/05\/Demonstrativo_de_Exercicio_de_Restos_a_Pagar_2017_SSPDS.pdf\">Demonstrativo de Exerc\u00edcio de Restos a Pagar<\/a><\/li>\n\n\n\n<li><a href=\"https:\/\/www.sspds.ce.gov.br\/wp-content\/uploads\/sites\/24\/2024\/05\/Demonstrativo_Divida_Flutuante_2017_SSPDS.pdf\">Demonstrativo da D\u00edvida Flutuante<\/a><\/li>\n\n\n\n<li><a href=\"https:\/\/www.sspds.ce.gov.br\/wp-content\/uploads\/sites\/24\/2024\/05\/DEMONSTRATIVO_DOS_FLUXOS_DE_CAIXA_2017_SSPDS.pdf\">Demonstrativo dos Fluxos de Caixa<\/a><\/li>\n\n\n\n<li><a href=\"https:\/\/www.sspds.ce.gov.br\/wp-content\/uploads\/sites\/24\/2024\/05\/Notas_explicativas_demonstracoes_2017_SSPDS.pdf\">Notas Explicativas<\/a><\/li>\n<\/ul>\n\n\n\n<p><\/p>\n","protected":false},"excerpt":{"rendered":"<p>EXERC\u00cdCIO 2024 EXERC\u00cdCIO 2023 EXERC\u00cdCIO 2022 EXERC\u00cdCIO 2021 EXERC\u00cdCIO 2020 EXERC\u00cdCIO 2019 EXERC\u00cdCIO 2018 EXERC\u00cdCIO 2017<\/p>\n","protected":false},"author":5,"featured_media":0,"parent":185,"menu_order":0,"comment_status":"closed","ping_status":"closed","template":"page-model-padrao.php","meta":{"_acf_changed":false,"inline_featured_image":false,"footnotes":""},"class_list":["post-266","page","type-page","status-publish","hentry"],"acf":[],"yoast_head":"<!-- This site is optimized with the Yoast SEO plugin v26.9 - https:\/\/yoast.com\/product\/yoast-seo-wordpress\/ -->\n<title>Contabilidade - Secretaria da Seguran\u00e7a P\u00fablica e Defesa Social<\/title>\n<meta name=\"robots\" content=\"index, follow, max-snippet:-1, max-image-preview:large, max-video-preview:-1\" \/>\n<link rel=\"canonical\" href=\"https:\/\/ww16.ce.gov.br\/sspds\/contabilidade-e-patrimonio\/contabilidade\/\" \/>\n<meta property=\"og:locale\" content=\"pt_BR\" \/>\n<meta property=\"og:type\" content=\"article\" \/>\n<meta property=\"og:title\" content=\"Contabilidade - Secretaria da Seguran\u00e7a P\u00fablica e Defesa Social\" \/>\n<meta property=\"og:description\" content=\"EXERC\u00cdCIO 2024 EXERC\u00cdCIO 2023 EXERC\u00cdCIO 2022 EXERC\u00cdCIO 2021 EXERC\u00cdCIO 2020 EXERC\u00cdCIO 2019 EXERC\u00cdCIO 2018 EXERC\u00cdCIO 2017\" \/>\n<meta property=\"og:url\" content=\"https:\/\/ww16.ce.gov.br\/sspds\/contabilidade-e-patrimonio\/contabilidade\/\" \/>\n<meta property=\"og:site_name\" content=\"Secretaria da Seguran\u00e7a P\u00fablica e Defesa Social\" \/>\n<meta property=\"article:modified_time\" content=\"2026-01-21T13:39:20+00:00\" \/>\n<meta name=\"twitter:card\" content=\"summary_large_image\" \/>\n<meta name=\"twitter:label1\" content=\"Est. reading time\" \/>\n\t<meta name=\"twitter:data1\" content=\"2 minutos\" \/>\n<script type=\"application\/ld+json\" class=\"yoast-schema-graph\">{\"@context\":\"https:\/\/schema.org\",\"@graph\":[{\"@type\":\"WebPage\",\"@id\":\"https:\/\/ww16.ce.gov.br\/sspds\/contabilidade-e-patrimonio\/contabilidade\/\",\"url\":\"https:\/\/ww16.ce.gov.br\/sspds\/contabilidade-e-patrimonio\/contabilidade\/\",\"name\":\"Contabilidade - Secretaria da Seguran\u00e7a P\u00fablica e Defesa Social\",\"isPartOf\":{\"@id\":\"https:\/\/ww16.ce.gov.br\/sspds\/#website\"},\"datePublished\":\"2026-01-21T13:39:18+00:00\",\"dateModified\":\"2026-01-21T13:39:20+00:00\",\"breadcrumb\":{\"@id\":\"https:\/\/ww16.ce.gov.br\/sspds\/contabilidade-e-patrimonio\/contabilidade\/#breadcrumb\"},\"inLanguage\":\"pt-BR\",\"potentialAction\":[{\"@type\":\"ReadAction\",\"target\":[\"https:\/\/ww16.ce.gov.br\/sspds\/contabilidade-e-patrimonio\/contabilidade\/\"]}]},{\"@type\":\"BreadcrumbList\",\"@id\":\"https:\/\/ww16.ce.gov.br\/sspds\/contabilidade-e-patrimonio\/contabilidade\/#breadcrumb\",\"itemListElement\":[{\"@type\":\"ListItem\",\"position\":1,\"name\":\"Home\",\"item\":\"https:\/\/ww16.ce.gov.br\/sspds\/\"},{\"@type\":\"ListItem\",\"position\":2,\"name\":\"Contabilidade e Patrim\u00f4nio\",\"item\":\"https:\/\/ww16.ce.gov.br\/sspds\/contabilidade-e-patrimonio\/\"},{\"@type\":\"ListItem\",\"position\":3,\"name\":\"Contabilidade\"}]},{\"@type\":\"WebSite\",\"@id\":\"https:\/\/ww16.ce.gov.br\/sspds\/#website\",\"url\":\"https:\/\/ww16.ce.gov.br\/sspds\/\",\"name\":\"Secretaria da Seguran\u00e7a P\u00fablica e Defesa Social\",\"description\":\"\",\"potentialAction\":[{\"@type\":\"SearchAction\",\"target\":{\"@type\":\"EntryPoint\",\"urlTemplate\":\"https:\/\/ww16.ce.gov.br\/sspds\/?s={search_term_string}\"},\"query-input\":{\"@type\":\"PropertyValueSpecification\",\"valueRequired\":true,\"valueName\":\"search_term_string\"}}],\"inLanguage\":\"pt-BR\"}]}<\/script>\n<!-- \/ Yoast SEO plugin. -->","yoast_head_json":{"title":"Contabilidade - Secretaria da Seguran\u00e7a P\u00fablica e Defesa Social","robots":{"index":"index","follow":"follow","max-snippet":"max-snippet:-1","max-image-preview":"max-image-preview:large","max-video-preview":"max-video-preview:-1"},"canonical":"https:\/\/ww16.ce.gov.br\/sspds\/contabilidade-e-patrimonio\/contabilidade\/","og_locale":"pt_BR","og_type":"article","og_title":"Contabilidade - Secretaria da Seguran\u00e7a P\u00fablica e Defesa Social","og_description":"EXERC\u00cdCIO 2024 EXERC\u00cdCIO 2023 EXERC\u00cdCIO 2022 EXERC\u00cdCIO 2021 EXERC\u00cdCIO 2020 EXERC\u00cdCIO 2019 EXERC\u00cdCIO 2018 EXERC\u00cdCIO 2017","og_url":"https:\/\/ww16.ce.gov.br\/sspds\/contabilidade-e-patrimonio\/contabilidade\/","og_site_name":"Secretaria da Seguran\u00e7a P\u00fablica e Defesa Social","article_modified_time":"2026-01-21T13:39:20+00:00","twitter_card":"summary_large_image","twitter_misc":{"Est. reading time":"2 minutos"},"schema":{"@context":"https:\/\/schema.org","@graph":[{"@type":"WebPage","@id":"https:\/\/ww16.ce.gov.br\/sspds\/contabilidade-e-patrimonio\/contabilidade\/","url":"https:\/\/ww16.ce.gov.br\/sspds\/contabilidade-e-patrimonio\/contabilidade\/","name":"Contabilidade - Secretaria da Seguran\u00e7a P\u00fablica e Defesa Social","isPartOf":{"@id":"https:\/\/ww16.ce.gov.br\/sspds\/#website"},"datePublished":"2026-01-21T13:39:18+00:00","dateModified":"2026-01-21T13:39:20+00:00","breadcrumb":{"@id":"https:\/\/ww16.ce.gov.br\/sspds\/contabilidade-e-patrimonio\/contabilidade\/#breadcrumb"},"inLanguage":"pt-BR","potentialAction":[{"@type":"ReadAction","target":["https:\/\/ww16.ce.gov.br\/sspds\/contabilidade-e-patrimonio\/contabilidade\/"]}]},{"@type":"BreadcrumbList","@id":"https:\/\/ww16.ce.gov.br\/sspds\/contabilidade-e-patrimonio\/contabilidade\/#breadcrumb","itemListElement":[{"@type":"ListItem","position":1,"name":"Home","item":"https:\/\/ww16.ce.gov.br\/sspds\/"},{"@type":"ListItem","position":2,"name":"Contabilidade e Patrim\u00f4nio","item":"https:\/\/ww16.ce.gov.br\/sspds\/contabilidade-e-patrimonio\/"},{"@type":"ListItem","position":3,"name":"Contabilidade"}]},{"@type":"WebSite","@id":"https:\/\/ww16.ce.gov.br\/sspds\/#website","url":"https:\/\/ww16.ce.gov.br\/sspds\/","name":"Secretaria da Seguran\u00e7a P\u00fablica e Defesa Social","description":"","potentialAction":[{"@type":"SearchAction","target":{"@type":"EntryPoint","urlTemplate":"https:\/\/ww16.ce.gov.br\/sspds\/?s={search_term_string}"},"query-input":{"@type":"PropertyValueSpecification","valueRequired":true,"valueName":"search_term_string"}}],"inLanguage":"pt-BR"}]}},"_links":{"self":[{"href":"https:\/\/ww16.ce.gov.br\/sspds\/wp-json\/wp\/v2\/pages\/266","targetHints":{"allow":["GET"]}}],"collection":[{"href":"https:\/\/ww16.ce.gov.br\/sspds\/wp-json\/wp\/v2\/pages"}],"about":[{"href":"https:\/\/ww16.ce.gov.br\/sspds\/wp-json\/wp\/v2\/types\/page"}],"author":[{"embeddable":true,"href":"https:\/\/ww16.ce.gov.br\/sspds\/wp-json\/wp\/v2\/users\/5"}],"replies":[{"embeddable":true,"href":"https:\/\/ww16.ce.gov.br\/sspds\/wp-json\/wp\/v2\/comments?post=266"}],"version-history":[{"count":1,"href":"https:\/\/ww16.ce.gov.br\/sspds\/wp-json\/wp\/v2\/pages\/266\/revisions"}],"predecessor-version":[{"id":268,"href":"https:\/\/ww16.ce.gov.br\/sspds\/wp-json\/wp\/v2\/pages\/266\/revisions\/268"}],"up":[{"embeddable":true,"href":"https:\/\/ww16.ce.gov.br\/sspds\/wp-json\/wp\/v2\/pages\/185"}],"wp:attachment":[{"href":"https:\/\/ww16.ce.gov.br\/sspds\/wp-json\/wp\/v2\/media?parent=266"}],"curies":[{"name":"wp","href":"https:\/\/api.w.org\/{rel}","templated":true}]}}