{"id":207,"date":"2026-01-20T15:50:25","date_gmt":"2026-01-20T18:50:25","guid":{"rendered":"http:\/\/ww16.ce.gov.br\/sspds\/?page_id=207"},"modified":"2026-01-22T15:44:05","modified_gmt":"2026-01-22T18:44:05","slug":"informativos","status":"publish","type":"page","link":"https:\/\/ww16.ce.gov.br\/sspds\/informativos\/","title":{"rendered":"Informativos"},"content":{"rendered":"\n<p>Editais<\/p>\n\n\n\n<p><em><small>08 Julho 2022<\/small><br><\/em><strong>Edital &#8211; Processo Seletivo para o Curso de Forma\u00e7\u00e3o de Operador Aerot\u00e1tico (CFOAT\/2022)<br><\/strong><a href=\"https:\/\/www.sspds.ce.gov.br\/wp-content\/uploads\/sites\/24\/2022\/08\/Edital-CFOAT-2022-MINUTA-ASJUR-08JUL2022_Edoweb.pdf\">Download<\/a><\/p>\n\n\n\n<p><em><small>10 Agosto 2022<\/small><br><\/em><strong>Resultado Preliminar CFOAT\/Ciopaer &#8211; 1\u00aa Fase<br><\/strong><a href=\"https:\/\/www.sspds.ce.gov.br\/wp-content\/uploads\/sites\/24\/2022\/08\/RESULTADO-CFOAT2022-PRELIMINAR-10AGO2022.pdf\">Download<\/a><\/p>\n\n\n\n<p><em><small>15 Agosto 2022<\/small><br><\/em><strong>Resultado CFOAT\/Ciopaer &#8211; 1\u00aa Fase<br><\/strong><a href=\"https:\/\/www.sspds.ce.gov.br\/wp-content\/uploads\/sites\/24\/2022\/08\/RESULTADO-F1-CFOAT2022-15AGO2022.pdf\">Download<\/a><\/p>\n\n\n\n<p><em><small>23 Agosto 2022<\/small><br><\/em><strong>Resultado preliminar CFOAT\/Ciopaer &#8211; 2\u00aa Fase<br><\/strong><a href=\"https:\/\/sistemas.sspds.ce.gov.br\/portal\/midia\/RESULTADO_PRELIMINAR_F2_EXAMES-CFOAT2022-22AGO2022.pdf\">Download<\/a><\/p>\n\n\n\n<p><em><small>24 Agosto 2022<\/small><br><\/em><strong>Resultado CFOAT\/Ciopaer &#8211; 2\u00aa fase<br><\/strong><a href=\"https:\/\/www.sspds.ce.gov.br\/wp-content\/uploads\/sites\/24\/2022\/08\/RESULTADO-F2-EXAMES-CFOAT2022-24AGO2022-Ok.pdf\">Download<\/a><\/p>\n\n\n\n<p><em><small>26 Agosto 2022<\/small><br><\/em><strong>Resultado Convoca\u00e7\u00e3o CFOAT\/Ciopaer para 3\u00aa fase &#8211; TAF<br><\/strong><a href=\"https:\/\/www.sspds.ce.gov.br\/wp-content\/uploads\/sites\/24\/2022\/08\/sodapdf-compressed-1.pdf\">Download<\/a><\/p>\n\n\n\n<p><em><small>06 Setembro 2022<\/small><br><\/em><strong>Resultado preliminar 3a fase &#8211; CFOAT\/Ciopaer &#8211; TAF<br><\/strong><a href=\"https:\/\/www.sspds.ce.gov.br\/wp-content\/uploads\/sites\/24\/2022\/09\/RESULTADO-PRELIMINAR-F3-TAF-CFOAT2022-06SET2022.pdf\">Download<\/a><\/p>\n\n\n\n<p><em><small>09 Setembro 2022<\/small><br><\/em><strong>Resultado da 3a fase &#8211; CFOAT\/Ciopaer &#8211; TAF<br><\/strong><a href=\"https:\/\/www.sspds.ce.gov.br\/wp-content\/uploads\/sites\/24\/2022\/09\/RESULTADO-F3-RECURSOS-TAF-CFOAT2022-09SET2022.pdf\">Download<\/a><\/p>\n\n\n\n<p><em><small>14 Setembro 2022<\/small><br><\/em><strong>Resultado final CFOAT\/Ciopaer<br><\/strong><a href=\"https:\/\/www.sspds.ce.gov.br\/wp-content\/uploads\/sites\/24\/2022\/09\/RESULTADO-CFOAT-CLASSIFICACAO-FINAL-15SET2022.pdf\">Download<\/a><\/p>\n","protected":false},"excerpt":{"rendered":"<p>Editais 08 Julho 2022Edital &#8211; Processo Seletivo para o Curso de Forma\u00e7\u00e3o de Operador Aerot\u00e1tico (CFOAT\/2022)Download 10 Agosto 2022Resultado Preliminar CFOAT\/Ciopaer &#8211; 1\u00aa FaseDownload 15 Agosto 2022Resultado CFOAT\/Ciopaer &#8211; 1\u00aa FaseDownload 23 Agosto 2022Resultado preliminar CFOAT\/Ciopaer &#8211; 2\u00aa FaseDownload 24 Agosto 2022Resultado CFOAT\/Ciopaer &#8211; 2\u00aa faseDownload 26 Agosto 2022Resultado Convoca\u00e7\u00e3o CFOAT\/Ciopaer para 3\u00aa fase &#8211; [&hellip;]<\/p>\n","protected":false},"author":5,"featured_media":0,"parent":0,"menu_order":0,"comment_status":"closed","ping_status":"closed","template":"page-model-padrao.php","meta":{"_acf_changed":false,"inline_featured_image":false,"footnotes":""},"class_list":["post-207","page","type-page","status-publish","hentry"],"acf":[],"yoast_head":"<!-- This site is optimized with the Yoast SEO plugin v26.9 - https:\/\/yoast.com\/product\/yoast-seo-wordpress\/ -->\n<title>Informativos - Secretaria da Seguran\u00e7a P\u00fablica e Defesa Social<\/title>\n<meta name=\"robots\" content=\"index, follow, max-snippet:-1, max-image-preview:large, max-video-preview:-1\" \/>\n<link rel=\"canonical\" href=\"https:\/\/ww16.ce.gov.br\/sspds\/informativos\/\" \/>\n<meta property=\"og:locale\" content=\"pt_BR\" \/>\n<meta property=\"og:type\" content=\"article\" \/>\n<meta property=\"og:title\" content=\"Informativos - Secretaria da Seguran\u00e7a P\u00fablica e Defesa Social\" \/>\n<meta property=\"og:description\" content=\"Editais 08 Julho 2022Edital &#8211; Processo Seletivo para o Curso de Forma\u00e7\u00e3o de Operador Aerot\u00e1tico (CFOAT\/2022)Download 10 Agosto 2022Resultado Preliminar CFOAT\/Ciopaer &#8211; 1\u00aa FaseDownload 15 Agosto 2022Resultado CFOAT\/Ciopaer &#8211; 1\u00aa FaseDownload 23 Agosto 2022Resultado preliminar CFOAT\/Ciopaer &#8211; 2\u00aa FaseDownload 24 Agosto 2022Resultado CFOAT\/Ciopaer &#8211; 2\u00aa faseDownload 26 Agosto 2022Resultado Convoca\u00e7\u00e3o CFOAT\/Ciopaer para 3\u00aa fase &#8211; [&hellip;]\" \/>\n<meta property=\"og:url\" content=\"https:\/\/ww16.ce.gov.br\/sspds\/informativos\/\" \/>\n<meta property=\"og:site_name\" content=\"Secretaria da Seguran\u00e7a P\u00fablica e Defesa Social\" \/>\n<meta property=\"article:modified_time\" content=\"2026-01-22T18:44:05+00:00\" \/>\n<meta name=\"twitter:card\" content=\"summary_large_image\" \/>\n<meta name=\"twitter:label1\" content=\"Est. reading time\" \/>\n\t<meta name=\"twitter:data1\" content=\"1 minuto\" \/>\n<script type=\"application\/ld+json\" class=\"yoast-schema-graph\">{\"@context\":\"https:\/\/schema.org\",\"@graph\":[{\"@type\":\"WebPage\",\"@id\":\"https:\/\/ww16.ce.gov.br\/sspds\/informativos\/\",\"url\":\"https:\/\/ww16.ce.gov.br\/sspds\/informativos\/\",\"name\":\"Informativos - Secretaria da Seguran\u00e7a P\u00fablica e Defesa Social\",\"isPartOf\":{\"@id\":\"https:\/\/ww16.ce.gov.br\/sspds\/#website\"},\"datePublished\":\"2026-01-20T18:50:25+00:00\",\"dateModified\":\"2026-01-22T18:44:05+00:00\",\"breadcrumb\":{\"@id\":\"https:\/\/ww16.ce.gov.br\/sspds\/informativos\/#breadcrumb\"},\"inLanguage\":\"pt-BR\",\"potentialAction\":[{\"@type\":\"ReadAction\",\"target\":[\"https:\/\/ww16.ce.gov.br\/sspds\/informativos\/\"]}]},{\"@type\":\"BreadcrumbList\",\"@id\":\"https:\/\/ww16.ce.gov.br\/sspds\/informativos\/#breadcrumb\",\"itemListElement\":[{\"@type\":\"ListItem\",\"position\":1,\"name\":\"Home\",\"item\":\"https:\/\/ww16.ce.gov.br\/sspds\/\"},{\"@type\":\"ListItem\",\"position\":2,\"name\":\"Informativos\"}]},{\"@type\":\"WebSite\",\"@id\":\"https:\/\/ww16.ce.gov.br\/sspds\/#website\",\"url\":\"https:\/\/ww16.ce.gov.br\/sspds\/\",\"name\":\"Secretaria da Seguran\u00e7a P\u00fablica e Defesa Social\",\"description\":\"\",\"potentialAction\":[{\"@type\":\"SearchAction\",\"target\":{\"@type\":\"EntryPoint\",\"urlTemplate\":\"https:\/\/ww16.ce.gov.br\/sspds\/?s={search_term_string}\"},\"query-input\":{\"@type\":\"PropertyValueSpecification\",\"valueRequired\":true,\"valueName\":\"search_term_string\"}}],\"inLanguage\":\"pt-BR\"}]}<\/script>\n<!-- \/ Yoast SEO plugin. -->","yoast_head_json":{"title":"Informativos - Secretaria da Seguran\u00e7a P\u00fablica e Defesa Social","robots":{"index":"index","follow":"follow","max-snippet":"max-snippet:-1","max-image-preview":"max-image-preview:large","max-video-preview":"max-video-preview:-1"},"canonical":"https:\/\/ww16.ce.gov.br\/sspds\/informativos\/","og_locale":"pt_BR","og_type":"article","og_title":"Informativos - Secretaria da Seguran\u00e7a P\u00fablica e Defesa Social","og_description":"Editais 08 Julho 2022Edital &#8211; Processo Seletivo para o Curso de Forma\u00e7\u00e3o de Operador Aerot\u00e1tico (CFOAT\/2022)Download 10 Agosto 2022Resultado Preliminar CFOAT\/Ciopaer &#8211; 1\u00aa FaseDownload 15 Agosto 2022Resultado CFOAT\/Ciopaer &#8211; 1\u00aa FaseDownload 23 Agosto 2022Resultado preliminar CFOAT\/Ciopaer &#8211; 2\u00aa FaseDownload 24 Agosto 2022Resultado CFOAT\/Ciopaer &#8211; 2\u00aa faseDownload 26 Agosto 2022Resultado Convoca\u00e7\u00e3o CFOAT\/Ciopaer para 3\u00aa fase &#8211; [&hellip;]","og_url":"https:\/\/ww16.ce.gov.br\/sspds\/informativos\/","og_site_name":"Secretaria da Seguran\u00e7a P\u00fablica e Defesa Social","article_modified_time":"2026-01-22T18:44:05+00:00","twitter_card":"summary_large_image","twitter_misc":{"Est. reading time":"1 minuto"},"schema":{"@context":"https:\/\/schema.org","@graph":[{"@type":"WebPage","@id":"https:\/\/ww16.ce.gov.br\/sspds\/informativos\/","url":"https:\/\/ww16.ce.gov.br\/sspds\/informativos\/","name":"Informativos - Secretaria da Seguran\u00e7a P\u00fablica e Defesa Social","isPartOf":{"@id":"https:\/\/ww16.ce.gov.br\/sspds\/#website"},"datePublished":"2026-01-20T18:50:25+00:00","dateModified":"2026-01-22T18:44:05+00:00","breadcrumb":{"@id":"https:\/\/ww16.ce.gov.br\/sspds\/informativos\/#breadcrumb"},"inLanguage":"pt-BR","potentialAction":[{"@type":"ReadAction","target":["https:\/\/ww16.ce.gov.br\/sspds\/informativos\/"]}]},{"@type":"BreadcrumbList","@id":"https:\/\/ww16.ce.gov.br\/sspds\/informativos\/#breadcrumb","itemListElement":[{"@type":"ListItem","position":1,"name":"Home","item":"https:\/\/ww16.ce.gov.br\/sspds\/"},{"@type":"ListItem","position":2,"name":"Informativos"}]},{"@type":"WebSite","@id":"https:\/\/ww16.ce.gov.br\/sspds\/#website","url":"https:\/\/ww16.ce.gov.br\/sspds\/","name":"Secretaria da Seguran\u00e7a P\u00fablica e Defesa Social","description":"","potentialAction":[{"@type":"SearchAction","target":{"@type":"EntryPoint","urlTemplate":"https:\/\/ww16.ce.gov.br\/sspds\/?s={search_term_string}"},"query-input":{"@type":"PropertyValueSpecification","valueRequired":true,"valueName":"search_term_string"}}],"inLanguage":"pt-BR"}]}},"_links":{"self":[{"href":"https:\/\/ww16.ce.gov.br\/sspds\/wp-json\/wp\/v2\/pages\/207","targetHints":{"allow":["GET"]}}],"collection":[{"href":"https:\/\/ww16.ce.gov.br\/sspds\/wp-json\/wp\/v2\/pages"}],"about":[{"href":"https:\/\/ww16.ce.gov.br\/sspds\/wp-json\/wp\/v2\/types\/page"}],"author":[{"embeddable":true,"href":"https:\/\/ww16.ce.gov.br\/sspds\/wp-json\/wp\/v2\/users\/5"}],"replies":[{"embeddable":true,"href":"https:\/\/ww16.ce.gov.br\/sspds\/wp-json\/wp\/v2\/comments?post=207"}],"version-history":[{"count":3,"href":"https:\/\/ww16.ce.gov.br\/sspds\/wp-json\/wp\/v2\/pages\/207\/revisions"}],"predecessor-version":[{"id":495,"href":"https:\/\/ww16.ce.gov.br\/sspds\/wp-json\/wp\/v2\/pages\/207\/revisions\/495"}],"wp:attachment":[{"href":"https:\/\/ww16.ce.gov.br\/sspds\/wp-json\/wp\/v2\/media?parent=207"}],"curies":[{"name":"wp","href":"https:\/\/api.w.org\/{rel}","templated":true}]}}