{"id":190,"date":"2026-01-20T15:43:43","date_gmt":"2026-01-20T18:43:43","guid":{"rendered":"http:\/\/ww16.ce.gov.br\/sspds\/?page_id=190"},"modified":"2026-01-22T14:53:25","modified_gmt":"2026-01-22T17:53:25","slug":"metas-integradas-de-seguranca-publica-misp","status":"publish","type":"page","link":"https:\/\/ww16.ce.gov.br\/sspds\/metas-integradas-de-seguranca-publica-misp\/","title":{"rendered":"Metas Integradas de Seguran\u00e7a P\u00fablica &#8211; MISP"},"content":{"rendered":"\n<p><\/p>\n\n\n\n<div class=\"wp-block-columns is-layout-flex wp-container-core-columns-is-layout-9d6595d7 wp-block-columns-is-layout-flex\">\n<div class=\"wp-block-column is-vertically-aligned-center is-layout-flow wp-block-column-is-layout-flow\" style=\"flex-basis:70%\">\n<figure class=\"wp-block-image size-full\"><img loading=\"lazy\" decoding=\"async\" width=\"1181\" height=\"417\" src=\"https:\/\/ww16.ce.gov.br\/sspds\/wp-content\/uploads\/sites\/66\/2026\/01\/Banner-Web-10-09.png\" alt=\"\" class=\"wp-image-192\" srcset=\"https:\/\/ww16.ce.gov.br\/sspds\/wp-content\/uploads\/sites\/66\/2026\/01\/Banner-Web-10-09.png 1181w, https:\/\/ww16.ce.gov.br\/sspds\/wp-content\/uploads\/sites\/66\/2026\/01\/Banner-Web-10-09-600x212.png 600w, https:\/\/ww16.ce.gov.br\/sspds\/wp-content\/uploads\/sites\/66\/2026\/01\/Banner-Web-10-09-768x271.png 768w\" sizes=\"auto, (max-width: 1181px) 100vw, 1181px\" \/><\/figure>\n<\/div>\n\n\n\n<div class=\"wp-block-column is-layout-flow wp-block-column-is-layout-flow\"><\/div>\n\n\n\n<div class=\"wp-block-column is-layout-flow wp-block-column-is-layout-flow\" style=\"flex-basis:25%\">\n<div class=\"wp-block-buttons has-custom-font-size has-small-font-size is-vertical is-content-justification-left is-layout-flex wp-container-core-buttons-is-layout-c0ca7d81 wp-block-buttons-is-layout-flex\">\n<div class=\"wp-block-button\"><a class=\"wp-block-button__link wp-element-button\" href=\"https:\/\/ww16.ce.gov.br\/sspds\/metas-integradas-de-seguranca-publica-misp\/misp-atos-normativos\/\">Atos normativos<\/a><\/div>\n\n\n\n<div class=\"wp-block-button\"><a class=\"wp-block-button__link wp-element-button\" href=\"https:\/\/ww16.ce.gov.br\/sspds\/metas-integradas-de-seguranca-publica-misp\/misp-metas-e-resultados\/\">Metas e resultados<\/a><\/div>\n\n\n\n<div class=\"wp-block-button\"><a class=\"wp-block-button__link wp-element-button\" href=\"https:\/\/www.appsheet.com\/Account\/Login?appName=Plano%20de%20A%C3%A7%C3%A3o%202026&amp;FullScope=False&amp;provider=&amp;returnUrl=https%3A%2F%2Fwww.appsheet.com%2Fstart%2F078677f9-6131-4403-88ac-052f74d0c9ef\" target=\"_blank\" rel=\"noreferrer noopener\">Plano de A\u00e7\u00e3o Integrado<\/a><\/div>\n\n\n\n<div class=\"wp-block-button\"><a class=\"wp-block-button__link wp-element-button\" href=\"https:\/\/spca.sspds.ce.gov.br\/web\/misp\/\" target=\"_blank\" rel=\"noreferrer noopener\">Plataforma Misp &#8211; Pagamento<\/a><\/div>\n\n\n\n<div class=\"wp-block-button\"><a class=\"wp-block-button__link wp-element-button\" href=\"https:\/\/ww16.ce.gov.br\/sspds\/metas-integradas-de-seguranca-publica-misp\/misp-premiacao-por-boas-praticas\/\">Premia\u00e7\u00e3o por Boas Pr\u00e1ticas<\/a><\/div>\n\n\n\n<div class=\"wp-block-button\"><a class=\"wp-block-button__link wp-element-button\" href=\"https:\/\/ww16.ce.gov.br\/sspds\/metas-integradas-de-seguranca-publica-misp\/misp-calendario\/\">Calend\u00e1rio<\/a><\/div>\n\n\n\n<div class=\"wp-block-button\"><a class=\"wp-block-button__link wp-element-button\" href=\"https:\/\/ww16.ce.gov.br\/sspds\/metas-integradas-de-seguranca-publica-misp\/misp-perguntas-frequentes\/\">Perguntas frequentes<\/a><\/div>\n<\/div>\n<\/div>\n<\/div>\n\n\n\n<div class=\"wp-block-columns is-layout-flex wp-container-core-columns-is-layout-9d6595d7 wp-block-columns-is-layout-flex\">\n<div class=\"wp-block-column is-layout-flow wp-block-column-is-layout-flow\" style=\"flex-basis:100%\">\n<p class=\"is-style-justified\">O sistema de Metas Integradas de Seguran\u00e7a P\u00fablica (Misp), institu\u00eddo pela Lei n\u00ba 19.178, de 27 de fevereiro de 2025, visa reduzir os \u00edndices estrat\u00e9gicos de criminalidade e defesa social por meio da colabora\u00e7\u00e3o integrada entre profissionais da seguran\u00e7a p\u00fablica. O Misp comp\u00f5e uma das estrat\u00e9gias do Programa Cear\u00e1 Contra o Crime, do Governo do Estado do Cear\u00e1.<\/p>\n<\/div>\n<\/div>\n\n\n\n<h4 class=\"wp-block-heading\"><strong>Funcionamento<\/strong><\/h4>\n\n\n\n<p class=\"is-style-justified\"><strong>Planos de A\u00e7\u00e3o Integrados:<\/strong>&nbsp;As \u00c1reas Integradas de Seguran\u00e7a (AIS) elaborar\u00e3o planos conjuntos, com participa\u00e7\u00e3o das Pol\u00edcias Militar e Civil, para reduzir Crimes Violentos Letais e Intencionais (CVLI) e Crimes Violentos contra o Patrim\u00f4nio (CVP).<\/p>\n\n\n\n<p class=\"is-style-justified\"><strong>Outros Indicadores:<\/strong>&nbsp;O sistema tamb\u00e9m monitorar\u00e1 o \u00cdndice de Laudos (ILP), da Per\u00edcia Forense, e o \u00cdndice de Preven\u00e7\u00e3o e Salvamento (IPS) do Corpo de Bombeiros Militar, com metas espec\u00edficas.<\/p>\n\n\n\n<p class=\"is-style-justified\"><strong>Metas e Incentivos:<\/strong>&nbsp;Metas quadrimestrais ser\u00e3o estabelecidas, com recompensas financeiras e benef\u00edcios na ascens\u00e3o funcional para os que as atingirem.<\/p>\n\n\n\n<p class=\"is-style-justified\">O Misp busca promover a integra\u00e7\u00e3o das For\u00e7as de Seguran\u00e7a do Cear\u00e1 para um combate mais eficaz \u00e0 criminalidade, incentivando o desempenho dos profissionais da seguran\u00e7a p\u00fablica por meio de reconhecimento e recompensas a fim de reduzir os \u00edndices de viol\u00eancia e criminalidade no Cear\u00e1.<\/p>\n","protected":false},"excerpt":{"rendered":"<p>O sistema de Metas Integradas de Seguran\u00e7a P\u00fablica (Misp), institu\u00eddo pela Lei n\u00ba 19.178, de 27 de fevereiro de 2025, visa reduzir os \u00edndices estrat\u00e9gicos de criminalidade e defesa social por meio da colabora\u00e7\u00e3o integrada entre profissionais da seguran\u00e7a p\u00fablica. O Misp comp\u00f5e uma das estrat\u00e9gias do Programa Cear\u00e1 Contra o Crime, do Governo do [&hellip;]<\/p>\n","protected":false},"author":5,"featured_media":0,"parent":0,"menu_order":0,"comment_status":"closed","ping_status":"closed","template":"page-model-padrao.php","meta":{"_acf_changed":false,"inline_featured_image":false,"footnotes":""},"class_list":["post-190","page","type-page","status-publish","hentry"],"acf":[],"yoast_head":"<!-- This site is optimized with the Yoast SEO plugin v26.9 - https:\/\/yoast.com\/product\/yoast-seo-wordpress\/ -->\n<title>Metas Integradas de Seguran\u00e7a P\u00fablica - MISP - Secretaria da Seguran\u00e7a P\u00fablica e Defesa Social<\/title>\n<meta name=\"robots\" content=\"index, follow, max-snippet:-1, max-image-preview:large, max-video-preview:-1\" \/>\n<link rel=\"canonical\" href=\"https:\/\/ww16.ce.gov.br\/sspds\/metas-integradas-de-seguranca-publica-misp\/\" \/>\n<meta property=\"og:locale\" content=\"pt_BR\" \/>\n<meta property=\"og:type\" content=\"article\" \/>\n<meta property=\"og:title\" content=\"Metas Integradas de Seguran\u00e7a P\u00fablica - MISP - Secretaria da Seguran\u00e7a P\u00fablica e Defesa Social\" \/>\n<meta property=\"og:description\" content=\"O sistema de Metas Integradas de Seguran\u00e7a P\u00fablica (Misp), institu\u00eddo pela Lei n\u00ba 19.178, de 27 de fevereiro de 2025, visa reduzir os \u00edndices estrat\u00e9gicos de criminalidade e defesa social por meio da colabora\u00e7\u00e3o integrada entre profissionais da seguran\u00e7a p\u00fablica. O Misp comp\u00f5e uma das estrat\u00e9gias do Programa Cear\u00e1 Contra o Crime, do Governo do [&hellip;]\" \/>\n<meta property=\"og:url\" content=\"https:\/\/ww16.ce.gov.br\/sspds\/metas-integradas-de-seguranca-publica-misp\/\" \/>\n<meta property=\"og:site_name\" content=\"Secretaria da Seguran\u00e7a P\u00fablica e Defesa Social\" \/>\n<meta property=\"article:modified_time\" content=\"2026-01-22T17:53:25+00:00\" \/>\n<meta property=\"og:image\" content=\"http:\/\/ww16.ce.gov.br\/sspds\/wp-content\/uploads\/sites\/66\/2026\/01\/Banner-Web-10-09.png\" \/>\n<meta name=\"twitter:card\" content=\"summary_large_image\" \/>\n<meta name=\"twitter:label1\" content=\"Est. reading time\" \/>\n\t<meta name=\"twitter:data1\" content=\"2 minutos\" \/>\n<script type=\"application\/ld+json\" class=\"yoast-schema-graph\">{\"@context\":\"https:\/\/schema.org\",\"@graph\":[{\"@type\":\"WebPage\",\"@id\":\"https:\/\/ww16.ce.gov.br\/sspds\/metas-integradas-de-seguranca-publica-misp\/\",\"url\":\"https:\/\/ww16.ce.gov.br\/sspds\/metas-integradas-de-seguranca-publica-misp\/\",\"name\":\"Metas Integradas de Seguran\u00e7a P\u00fablica - MISP - Secretaria da Seguran\u00e7a P\u00fablica e Defesa Social\",\"isPartOf\":{\"@id\":\"https:\/\/ww16.ce.gov.br\/sspds\/#website\"},\"primaryImageOfPage\":{\"@id\":\"https:\/\/ww16.ce.gov.br\/sspds\/metas-integradas-de-seguranca-publica-misp\/#primaryimage\"},\"image\":{\"@id\":\"https:\/\/ww16.ce.gov.br\/sspds\/metas-integradas-de-seguranca-publica-misp\/#primaryimage\"},\"thumbnailUrl\":\"http:\/\/ww16.ce.gov.br\/sspds\/wp-content\/uploads\/sites\/66\/2026\/01\/Banner-Web-10-09.png\",\"datePublished\":\"2026-01-20T18:43:43+00:00\",\"dateModified\":\"2026-01-22T17:53:25+00:00\",\"breadcrumb\":{\"@id\":\"https:\/\/ww16.ce.gov.br\/sspds\/metas-integradas-de-seguranca-publica-misp\/#breadcrumb\"},\"inLanguage\":\"pt-BR\",\"potentialAction\":[{\"@type\":\"ReadAction\",\"target\":[\"https:\/\/ww16.ce.gov.br\/sspds\/metas-integradas-de-seguranca-publica-misp\/\"]}]},{\"@type\":\"ImageObject\",\"inLanguage\":\"pt-BR\",\"@id\":\"https:\/\/ww16.ce.gov.br\/sspds\/metas-integradas-de-seguranca-publica-misp\/#primaryimage\",\"url\":\"https:\/\/ww16.ce.gov.br\/sspds\/wp-content\/uploads\/sites\/66\/2026\/01\/Banner-Web-10-09.png\",\"contentUrl\":\"https:\/\/ww16.ce.gov.br\/sspds\/wp-content\/uploads\/sites\/66\/2026\/01\/Banner-Web-10-09.png\",\"width\":1181,\"height\":417},{\"@type\":\"BreadcrumbList\",\"@id\":\"https:\/\/ww16.ce.gov.br\/sspds\/metas-integradas-de-seguranca-publica-misp\/#breadcrumb\",\"itemListElement\":[{\"@type\":\"ListItem\",\"position\":1,\"name\":\"Home\",\"item\":\"https:\/\/ww16.ce.gov.br\/sspds\/\"},{\"@type\":\"ListItem\",\"position\":2,\"name\":\"Metas Integradas de Seguran\u00e7a P\u00fablica &#8211; MISP\"}]},{\"@type\":\"WebSite\",\"@id\":\"https:\/\/ww16.ce.gov.br\/sspds\/#website\",\"url\":\"https:\/\/ww16.ce.gov.br\/sspds\/\",\"name\":\"Secretaria da Seguran\u00e7a P\u00fablica e Defesa Social\",\"description\":\"\",\"potentialAction\":[{\"@type\":\"SearchAction\",\"target\":{\"@type\":\"EntryPoint\",\"urlTemplate\":\"https:\/\/ww16.ce.gov.br\/sspds\/?s={search_term_string}\"},\"query-input\":{\"@type\":\"PropertyValueSpecification\",\"valueRequired\":true,\"valueName\":\"search_term_string\"}}],\"inLanguage\":\"pt-BR\"}]}<\/script>\n<!-- \/ Yoast SEO plugin. -->","yoast_head_json":{"title":"Metas Integradas de Seguran\u00e7a P\u00fablica - MISP - Secretaria da Seguran\u00e7a P\u00fablica e Defesa Social","robots":{"index":"index","follow":"follow","max-snippet":"max-snippet:-1","max-image-preview":"max-image-preview:large","max-video-preview":"max-video-preview:-1"},"canonical":"https:\/\/ww16.ce.gov.br\/sspds\/metas-integradas-de-seguranca-publica-misp\/","og_locale":"pt_BR","og_type":"article","og_title":"Metas Integradas de Seguran\u00e7a P\u00fablica - MISP - Secretaria da Seguran\u00e7a P\u00fablica e Defesa Social","og_description":"O sistema de Metas Integradas de Seguran\u00e7a P\u00fablica (Misp), institu\u00eddo pela Lei n\u00ba 19.178, de 27 de fevereiro de 2025, visa reduzir os \u00edndices estrat\u00e9gicos de criminalidade e defesa social por meio da colabora\u00e7\u00e3o integrada entre profissionais da seguran\u00e7a p\u00fablica. O Misp comp\u00f5e uma das estrat\u00e9gias do Programa Cear\u00e1 Contra o Crime, do Governo do [&hellip;]","og_url":"https:\/\/ww16.ce.gov.br\/sspds\/metas-integradas-de-seguranca-publica-misp\/","og_site_name":"Secretaria da Seguran\u00e7a P\u00fablica e Defesa Social","article_modified_time":"2026-01-22T17:53:25+00:00","og_image":[{"url":"http:\/\/ww16.ce.gov.br\/sspds\/wp-content\/uploads\/sites\/66\/2026\/01\/Banner-Web-10-09.png","type":"","width":"","height":""}],"twitter_card":"summary_large_image","twitter_misc":{"Est. reading time":"2 minutos"},"schema":{"@context":"https:\/\/schema.org","@graph":[{"@type":"WebPage","@id":"https:\/\/ww16.ce.gov.br\/sspds\/metas-integradas-de-seguranca-publica-misp\/","url":"https:\/\/ww16.ce.gov.br\/sspds\/metas-integradas-de-seguranca-publica-misp\/","name":"Metas Integradas de Seguran\u00e7a P\u00fablica - MISP - Secretaria da Seguran\u00e7a P\u00fablica e Defesa Social","isPartOf":{"@id":"https:\/\/ww16.ce.gov.br\/sspds\/#website"},"primaryImageOfPage":{"@id":"https:\/\/ww16.ce.gov.br\/sspds\/metas-integradas-de-seguranca-publica-misp\/#primaryimage"},"image":{"@id":"https:\/\/ww16.ce.gov.br\/sspds\/metas-integradas-de-seguranca-publica-misp\/#primaryimage"},"thumbnailUrl":"http:\/\/ww16.ce.gov.br\/sspds\/wp-content\/uploads\/sites\/66\/2026\/01\/Banner-Web-10-09.png","datePublished":"2026-01-20T18:43:43+00:00","dateModified":"2026-01-22T17:53:25+00:00","breadcrumb":{"@id":"https:\/\/ww16.ce.gov.br\/sspds\/metas-integradas-de-seguranca-publica-misp\/#breadcrumb"},"inLanguage":"pt-BR","potentialAction":[{"@type":"ReadAction","target":["https:\/\/ww16.ce.gov.br\/sspds\/metas-integradas-de-seguranca-publica-misp\/"]}]},{"@type":"ImageObject","inLanguage":"pt-BR","@id":"https:\/\/ww16.ce.gov.br\/sspds\/metas-integradas-de-seguranca-publica-misp\/#primaryimage","url":"https:\/\/ww16.ce.gov.br\/sspds\/wp-content\/uploads\/sites\/66\/2026\/01\/Banner-Web-10-09.png","contentUrl":"https:\/\/ww16.ce.gov.br\/sspds\/wp-content\/uploads\/sites\/66\/2026\/01\/Banner-Web-10-09.png","width":1181,"height":417},{"@type":"BreadcrumbList","@id":"https:\/\/ww16.ce.gov.br\/sspds\/metas-integradas-de-seguranca-publica-misp\/#breadcrumb","itemListElement":[{"@type":"ListItem","position":1,"name":"Home","item":"https:\/\/ww16.ce.gov.br\/sspds\/"},{"@type":"ListItem","position":2,"name":"Metas Integradas de Seguran\u00e7a P\u00fablica &#8211; MISP"}]},{"@type":"WebSite","@id":"https:\/\/ww16.ce.gov.br\/sspds\/#website","url":"https:\/\/ww16.ce.gov.br\/sspds\/","name":"Secretaria da Seguran\u00e7a P\u00fablica e Defesa Social","description":"","potentialAction":[{"@type":"SearchAction","target":{"@type":"EntryPoint","urlTemplate":"https:\/\/ww16.ce.gov.br\/sspds\/?s={search_term_string}"},"query-input":{"@type":"PropertyValueSpecification","valueRequired":true,"valueName":"search_term_string"}}],"inLanguage":"pt-BR"}]}},"_links":{"self":[{"href":"https:\/\/ww16.ce.gov.br\/sspds\/wp-json\/wp\/v2\/pages\/190","targetHints":{"allow":["GET"]}}],"collection":[{"href":"https:\/\/ww16.ce.gov.br\/sspds\/wp-json\/wp\/v2\/pages"}],"about":[{"href":"https:\/\/ww16.ce.gov.br\/sspds\/wp-json\/wp\/v2\/types\/page"}],"author":[{"embeddable":true,"href":"https:\/\/ww16.ce.gov.br\/sspds\/wp-json\/wp\/v2\/users\/5"}],"replies":[{"embeddable":true,"href":"https:\/\/ww16.ce.gov.br\/sspds\/wp-json\/wp\/v2\/comments?post=190"}],"version-history":[{"count":5,"href":"https:\/\/ww16.ce.gov.br\/sspds\/wp-json\/wp\/v2\/pages\/190\/revisions"}],"predecessor-version":[{"id":358,"href":"https:\/\/ww16.ce.gov.br\/sspds\/wp-json\/wp\/v2\/pages\/190\/revisions\/358"}],"wp:attachment":[{"href":"https:\/\/ww16.ce.gov.br\/sspds\/wp-json\/wp\/v2\/media?parent=190"}],"curies":[{"name":"wp","href":"https:\/\/api.w.org\/{rel}","templated":true}]}}