{"id":185,"date":"2026-01-20T15:35:48","date_gmt":"2026-01-20T18:35:48","guid":{"rendered":"http:\/\/ww16.ce.gov.br\/sspds\/?page_id=185"},"modified":"2026-01-21T10:40:48","modified_gmt":"2026-01-21T13:40:48","slug":"contabilidade-e-patrimonio","status":"publish","type":"page","link":"https:\/\/ww16.ce.gov.br\/sspds\/contabilidade-e-patrimonio\/","title":{"rendered":"Contabilidade e Patrim\u00f4nio"},"content":{"rendered":"\n<p><\/p>\n\n\n\n<div class=\"wp-block-columns is-layout-flex wp-container-core-columns-is-layout-9d6595d7 wp-block-columns-is-layout-flex\">\n<div class=\"wp-block-column is-layout-flow wp-block-column-is-layout-flow\" style=\"flex-basis:50%\" id=\"https:\/\/ww16.ce.gov.br\/sspds\/contabilidade-e-patrimonio\/fundo-de-seguranca-publica-e-defesa-social-fspds\/\">\n<div class=\"wp-block-buttons is-layout-flex wp-block-buttons-is-layout-flex\">\n<div class=\"wp-block-button has-custom-width wp-block-button__width-100\" id=\"https:\/\/ww16.ce.gov.br\/sspds\/contabilidade-e-patrimonio\/fundo-de-seguranca-publica-e-defesa-social-fspds\/\"><a class=\"wp-block-button__link has-small-font-size has-custom-font-size wp-element-button\" href=\"https:\/\/ww16.ce.gov.br\/sspds\/contabilidade-e-patrimonio\/fundo-de-seguranca-publica-e-defesa-social-fspds\/\">FUNDO DE SEGURAN\u00c7A P\u00daBLICA E DEFESA SOCIAL \u2013 FSPDS<\/a><\/div>\n<\/div>\n<\/div>\n\n\n\n<div class=\"wp-block-column is-layout-flow wp-block-column-is-layout-flow\" style=\"flex-basis:50%\">\n<div class=\"wp-block-buttons is-layout-flex wp-block-buttons-is-layout-flex\">\n<div class=\"wp-block-button has-custom-width wp-block-button__width-100\" id=\"https:\/\/ww16.ce.gov.br\/sspds\/contabilidade-e-patrimonio\/contabilidade\/\"><a class=\"wp-block-button__link has-small-font-size has-custom-font-size wp-element-button\" href=\"https:\/\/ww16.ce.gov.br\/sspds\/contabilidade-e-patrimonio\/contabilidade\/\">Contabilidade<\/a><\/div>\n<\/div>\n<\/div>\n<\/div>\n\n\n\n<p><\/p>\n","protected":false},"excerpt":{"rendered":"","protected":false},"author":5,"featured_media":0,"parent":0,"menu_order":0,"comment_status":"closed","ping_status":"closed","template":"page-model-padrao.php","meta":{"_acf_changed":false,"inline_featured_image":false,"footnotes":""},"class_list":["post-185","page","type-page","status-publish","hentry"],"acf":[],"yoast_head":"<!-- This site is optimized with the Yoast SEO plugin v26.9 - https:\/\/yoast.com\/product\/yoast-seo-wordpress\/ -->\n<title>Contabilidade e Patrim\u00f4nio - Secretaria da Seguran\u00e7a P\u00fablica e Defesa Social<\/title>\n<meta name=\"robots\" content=\"index, follow, max-snippet:-1, max-image-preview:large, max-video-preview:-1\" \/>\n<link rel=\"canonical\" href=\"https:\/\/ww16.ce.gov.br\/sspds\/contabilidade-e-patrimonio\/\" \/>\n<meta property=\"og:locale\" content=\"pt_BR\" \/>\n<meta property=\"og:type\" content=\"article\" \/>\n<meta property=\"og:title\" content=\"Contabilidade e Patrim\u00f4nio - Secretaria da Seguran\u00e7a P\u00fablica e Defesa Social\" \/>\n<meta property=\"og:url\" content=\"https:\/\/ww16.ce.gov.br\/sspds\/contabilidade-e-patrimonio\/\" \/>\n<meta property=\"og:site_name\" content=\"Secretaria da Seguran\u00e7a P\u00fablica e Defesa Social\" \/>\n<meta property=\"article:modified_time\" content=\"2026-01-21T13:40:48+00:00\" \/>\n<meta name=\"twitter:card\" content=\"summary_large_image\" \/>\n<meta name=\"twitter:label1\" content=\"Est. reading time\" \/>\n\t<meta name=\"twitter:data1\" content=\"1 minuto\" \/>\n<script type=\"application\/ld+json\" class=\"yoast-schema-graph\">{\"@context\":\"https:\/\/schema.org\",\"@graph\":[{\"@type\":\"WebPage\",\"@id\":\"https:\/\/ww16.ce.gov.br\/sspds\/contabilidade-e-patrimonio\/\",\"url\":\"https:\/\/ww16.ce.gov.br\/sspds\/contabilidade-e-patrimonio\/\",\"name\":\"Contabilidade e Patrim\u00f4nio - Secretaria da Seguran\u00e7a P\u00fablica e Defesa Social\",\"isPartOf\":{\"@id\":\"https:\/\/ww16.ce.gov.br\/sspds\/#website\"},\"datePublished\":\"2026-01-20T18:35:48+00:00\",\"dateModified\":\"2026-01-21T13:40:48+00:00\",\"breadcrumb\":{\"@id\":\"https:\/\/ww16.ce.gov.br\/sspds\/contabilidade-e-patrimonio\/#breadcrumb\"},\"inLanguage\":\"pt-BR\",\"potentialAction\":[{\"@type\":\"ReadAction\",\"target\":[\"https:\/\/ww16.ce.gov.br\/sspds\/contabilidade-e-patrimonio\/\"]}]},{\"@type\":\"BreadcrumbList\",\"@id\":\"https:\/\/ww16.ce.gov.br\/sspds\/contabilidade-e-patrimonio\/#breadcrumb\",\"itemListElement\":[{\"@type\":\"ListItem\",\"position\":1,\"name\":\"Home\",\"item\":\"https:\/\/ww16.ce.gov.br\/sspds\/\"},{\"@type\":\"ListItem\",\"position\":2,\"name\":\"Contabilidade e Patrim\u00f4nio\"}]},{\"@type\":\"WebSite\",\"@id\":\"https:\/\/ww16.ce.gov.br\/sspds\/#website\",\"url\":\"https:\/\/ww16.ce.gov.br\/sspds\/\",\"name\":\"Secretaria da Seguran\u00e7a P\u00fablica e Defesa Social\",\"description\":\"\",\"potentialAction\":[{\"@type\":\"SearchAction\",\"target\":{\"@type\":\"EntryPoint\",\"urlTemplate\":\"https:\/\/ww16.ce.gov.br\/sspds\/?s={search_term_string}\"},\"query-input\":{\"@type\":\"PropertyValueSpecification\",\"valueRequired\":true,\"valueName\":\"search_term_string\"}}],\"inLanguage\":\"pt-BR\"}]}<\/script>\n<!-- \/ Yoast SEO plugin. -->","yoast_head_json":{"title":"Contabilidade e Patrim\u00f4nio - Secretaria da Seguran\u00e7a P\u00fablica e Defesa Social","robots":{"index":"index","follow":"follow","max-snippet":"max-snippet:-1","max-image-preview":"max-image-preview:large","max-video-preview":"max-video-preview:-1"},"canonical":"https:\/\/ww16.ce.gov.br\/sspds\/contabilidade-e-patrimonio\/","og_locale":"pt_BR","og_type":"article","og_title":"Contabilidade e Patrim\u00f4nio - Secretaria da Seguran\u00e7a P\u00fablica e Defesa Social","og_url":"https:\/\/ww16.ce.gov.br\/sspds\/contabilidade-e-patrimonio\/","og_site_name":"Secretaria da Seguran\u00e7a P\u00fablica e Defesa Social","article_modified_time":"2026-01-21T13:40:48+00:00","twitter_card":"summary_large_image","twitter_misc":{"Est. reading time":"1 minuto"},"schema":{"@context":"https:\/\/schema.org","@graph":[{"@type":"WebPage","@id":"https:\/\/ww16.ce.gov.br\/sspds\/contabilidade-e-patrimonio\/","url":"https:\/\/ww16.ce.gov.br\/sspds\/contabilidade-e-patrimonio\/","name":"Contabilidade e Patrim\u00f4nio - Secretaria da Seguran\u00e7a P\u00fablica e Defesa Social","isPartOf":{"@id":"https:\/\/ww16.ce.gov.br\/sspds\/#website"},"datePublished":"2026-01-20T18:35:48+00:00","dateModified":"2026-01-21T13:40:48+00:00","breadcrumb":{"@id":"https:\/\/ww16.ce.gov.br\/sspds\/contabilidade-e-patrimonio\/#breadcrumb"},"inLanguage":"pt-BR","potentialAction":[{"@type":"ReadAction","target":["https:\/\/ww16.ce.gov.br\/sspds\/contabilidade-e-patrimonio\/"]}]},{"@type":"BreadcrumbList","@id":"https:\/\/ww16.ce.gov.br\/sspds\/contabilidade-e-patrimonio\/#breadcrumb","itemListElement":[{"@type":"ListItem","position":1,"name":"Home","item":"https:\/\/ww16.ce.gov.br\/sspds\/"},{"@type":"ListItem","position":2,"name":"Contabilidade e Patrim\u00f4nio"}]},{"@type":"WebSite","@id":"https:\/\/ww16.ce.gov.br\/sspds\/#website","url":"https:\/\/ww16.ce.gov.br\/sspds\/","name":"Secretaria da Seguran\u00e7a P\u00fablica e Defesa Social","description":"","potentialAction":[{"@type":"SearchAction","target":{"@type":"EntryPoint","urlTemplate":"https:\/\/ww16.ce.gov.br\/sspds\/?s={search_term_string}"},"query-input":{"@type":"PropertyValueSpecification","valueRequired":true,"valueName":"search_term_string"}}],"inLanguage":"pt-BR"}]}},"_links":{"self":[{"href":"https:\/\/ww16.ce.gov.br\/sspds\/wp-json\/wp\/v2\/pages\/185","targetHints":{"allow":["GET"]}}],"collection":[{"href":"https:\/\/ww16.ce.gov.br\/sspds\/wp-json\/wp\/v2\/pages"}],"about":[{"href":"https:\/\/ww16.ce.gov.br\/sspds\/wp-json\/wp\/v2\/types\/page"}],"author":[{"embeddable":true,"href":"https:\/\/ww16.ce.gov.br\/sspds\/wp-json\/wp\/v2\/users\/5"}],"replies":[{"embeddable":true,"href":"https:\/\/ww16.ce.gov.br\/sspds\/wp-json\/wp\/v2\/comments?post=185"}],"version-history":[{"count":4,"href":"https:\/\/ww16.ce.gov.br\/sspds\/wp-json\/wp\/v2\/pages\/185\/revisions"}],"predecessor-version":[{"id":270,"href":"https:\/\/ww16.ce.gov.br\/sspds\/wp-json\/wp\/v2\/pages\/185\/revisions\/270"}],"wp:attachment":[{"href":"https:\/\/ww16.ce.gov.br\/sspds\/wp-json\/wp\/v2\/media?parent=185"}],"curies":[{"name":"wp","href":"https:\/\/api.w.org\/{rel}","templated":true}]}}