{"id":1220,"date":"2026-05-11T10:13:06","date_gmt":"2026-05-11T13:13:06","guid":{"rendered":"https:\/\/ww16.ce.gov.br\/sspds\/?page_id=1220"},"modified":"2026-05-15T11:31:41","modified_gmt":"2026-05-15T14:31:41","slug":"pagina-inicial","status":"publish","type":"page","link":"https:\/\/ww16.ce.gov.br\/sspds\/","title":{"rendered":"P\u00e1gina Inicial"},"content":{"rendered":"\n<div class=\"wp-block-cegovbr-titulo-personalizado cegovbr-titulo-personalizado\"><div class=\"cegovbr-titulo-header\"><span class=\"material-symbols-outlined cegovbr-titulo-icon\">local_police<\/span><h6 class=\"cegovbr-titulo-text\">Dicas que Salvam<\/h6><\/div><\/div>\n\n\n<div class=\"wp-block-cegovbr-destaques\"><div class=\"destaques\"><div class=\"destaques__carousel-wrapper\"><button class=\"destaques__nav destaques__nav--prev\" aria-label=\"Anterior arrow_back\" disabled><span class=\"material-symbols-outlined\" aria-hidden=\"true\">arrow_back<\/span><\/button><div class=\"destaques__track\"><a class=\"destaques__card\" href=\"https:\/\/www.youtube.com\/watch?v=yLMvlsF7cRs\" title=\"Dicas que Salvam\" aria-label=\"Dicas que Salvam\"><div class=\"destaques__card-imagem\"><img decoding=\"async\" src=\"https:\/\/ww16.ce.gov.br\/sspds\/wp-content\/uploads\/sites\/66\/2026\/05\/Dicas-que-salvam-SSPDS-Quadrado-1.png\" alt=\"Dicas que Salvam\" \/><\/div><\/a><a class=\"destaques__card\" href=\"https:\/\/www.youtube.com\/watch?v=M6qhnQdr0AY\" title=\"Dicas que Salvam\" aria-label=\"Dicas que Salvam\"><div class=\"destaques__card-imagem\"><img decoding=\"async\" src=\"https:\/\/ww16.ce.gov.br\/sspds\/wp-content\/uploads\/sites\/66\/2026\/05\/Dicas-que-salvam-SSPDS-Quadrado-2.png\" alt=\"Dicas que Salvam\" \/><\/div><\/a><a class=\"destaques__card\" href=\"https:\/\/www.youtube.com\/watch?v=HUXAazJ67LM\" title=\"Dicas que Salvam\" aria-label=\"Dicas que Salvam\"><div class=\"destaques__card-imagem\"><img decoding=\"async\" src=\"https:\/\/ww16.ce.gov.br\/sspds\/wp-content\/uploads\/sites\/66\/2026\/05\/Dicas-que-salvam-SSPDS-Quadrado-3.png\" alt=\"Dicas que Salvam\" \/><\/div><\/a><a class=\"destaques__card\" href=\"https:\/\/www.youtube.com\/watch?v=N3Wi1plbdf0\" title=\"Dicas que Salvam\" aria-label=\"Dicas que Salvam\"><div class=\"destaques__card-imagem\"><img decoding=\"async\" src=\"https:\/\/ww16.ce.gov.br\/sspds\/wp-content\/uploads\/sites\/66\/2026\/05\/Dicas-que-salvam-SSPDS-Quadrado-4.png\" alt=\"Dicas que Salvam\" \/><\/div><\/a><a class=\"destaques__card\" href=\"https:\/\/www.youtube.com\/watch?v=TjARAjH3OVs\" title=\"Dicas que Salvam\" aria-label=\"Dicas que Salvam\"><div class=\"destaques__card-imagem\"><img decoding=\"async\" src=\"https:\/\/ww16.ce.gov.br\/sspds\/wp-content\/uploads\/sites\/66\/2026\/05\/Dicas-que-salvam-SSPDS-Quadrado-5.png\" alt=\"Dicas que Salvam\" \/><\/div><\/a><\/div><button class=\"destaques__nav destaques__nav--next\" aria-label=\"Pr\u00f3ximo arrow_forward\"><span class=\"material-symbols-outlined\" aria-hidden=\"true\">arrow_forward<\/span><\/button><\/div><div class=\"destaques__dots\"><\/div><\/div><\/div>\n\n\n<div class=\"wp-block-columns is-layout-flex wp-container-core-columns-is-layout-9d6595d7 wp-block-columns-is-layout-flex\">\n<div class=\"wp-block-column is-layout-flow wp-block-column-is-layout-flow\" style=\"flex-basis:25%\">\n<div class=\"wp-block-cegovbr-titulo-personalizado cegovbr-titulo-personalizado\"><div class=\"cegovbr-titulo-header\"><span class=\"material-symbols-outlined cegovbr-titulo-icon\">campaign<\/span><h6 class=\"cegovbr-titulo-text\">Giro de Not\u00edcias<\/h6><\/div><\/div>\n\n\n\n<p>\ud83d\ude80\ud83d\udcc9 <em>Est\u00e1 no ar mais um <strong>Giro de Not\u00edcias<\/strong>!<\/em><\/p>\n\n\n\n<p>&#8211; <em>O Governo do Cear\u00e1 entregou mais 72 novas viaturas \u00e0 PMCE, ultrapassando a marca de mil ve\u00edculos destinados \u00e0 corpora\u00e7\u00e3o desde 2023.<\/em><\/p>\n\n\n\n<p>&#8211; <em>O CBMCE e a Supesp realizaram a 1\u00aa Confer\u00eancia para a elabora\u00e7\u00e3o do 1\u00ba Plano Estadual de Prote\u00e7\u00e3o e Defesa Civil.<\/em><\/p>\n\n\n\n<p>&#8211; <em>A Ciopaer\/SSPDS promoveu o II Desafio Aerot\u00e1tico InterBases, reunindo operadores em provas de salvamento e tiro policial.<\/em><\/p>\n\n\n\n<p>&#8211; <em>O Cear\u00e1 encerrou o primeiro quadrimestre de 2026 com redu\u00e7\u00e3o de 37,2% nas mortes violentas, 44,7% nos roubos e 14,5% nos furtos.<\/em><\/p>\n<\/div>\n\n\n\n<div class=\"wp-block-column has-small-font-size is-layout-flow wp-block-column-is-layout-flow\" style=\"flex-basis:75%\">\n<figure class=\"wp-block-embed is-type-rich is-provider-incorporar-manipulador wp-block-embed-incorporar-manipulador\"><div class=\"wp-block-embed__wrapper\">\n<div class=\"wp-block-embed is-type-video is-provider-instagram wp-block-embed-instagram cegovbr-social-fix\">\n                    <div class=\"wp-block-embed__wrapper\">\n                        <iframe loading=\"lazy\" src=\"https:\/\/www.instagram.com\/reel\/DYHgEFTggwa\/embed\/\" width=\"500\" height=\"750\" frameborder=\"0\" scrolling=\"no\" allowtransparency=\"true\" allowfullscreen=\"true\" style=\"border-radius: 0.75rem; border: 0.0625rem solid #dbdbdb; background: #FFF; display: block; margin: 0 auto; min-width: 20.375rem; max-width: 100%;\"><\/iframe>\n                    <\/div>\n                <\/div>\n<\/div><\/figure>\n<\/div>\n<\/div>\n\n\n\n<div class=\"wp-block-cegovbr-titulo-personalizado cegovbr-titulo-personalizado\"><div class=\"cegovbr-titulo-header\"><span class=\"material-symbols-outlined cegovbr-titulo-icon\">bar_chart<\/span><h6 class=\"cegovbr-titulo-text\">Destaque do m\u00eas<\/h6><\/div><\/div>\n\n\n\n<div class=\"wp-block-media-text is-stacked-on-mobile\"><figure class=\"wp-block-media-text__media\"><a href=\"https:\/\/www.sspds.ce.gov.br\/2026\/05\/14\/ceara-encerra-1o-quadrimestre-de-2026-com-reducao-de-467-nos-roubos-e-118-nos-furtos-de-aparelhos-celulares\/\"><img loading=\"lazy\" decoding=\"async\" width=\"775\" height=\"485\" src=\"https:\/\/ww16.ce.gov.br\/sspds\/wp-content\/uploads\/sites\/66\/2026\/05\/Celular-Capa-Site-SSPDS-14-05-1.png\" alt=\"\" class=\"wp-image-1499 size-full\" srcset=\"https:\/\/ww16.ce.gov.br\/sspds\/wp-content\/uploads\/sites\/66\/2026\/05\/Celular-Capa-Site-SSPDS-14-05-1.png 775w, https:\/\/ww16.ce.gov.br\/sspds\/wp-content\/uploads\/sites\/66\/2026\/05\/Celular-Capa-Site-SSPDS-14-05-1-600x375.png 600w, https:\/\/ww16.ce.gov.br\/sspds\/wp-content\/uploads\/sites\/66\/2026\/05\/Celular-Capa-Site-SSPDS-14-05-1-768x481.png 768w\" sizes=\"auto, (max-width: 775px) 100vw, 775px\" \/><\/a><\/figure><div class=\"wp-block-media-text__content\">\n<h2 class=\"wp-block-heading\">Cear\u00e1 encerra 1\u00ba quadrimestre de 2026 com redu\u00e7\u00e3o de 46,7% nos roubos e 11,8% nos furtos de aparelhos celulares<\/h2>\n<\/div><\/div>\n\n\n\n<div style=\"height:35px\" aria-hidden=\"true\" class=\"wp-block-spacer\"><\/div>\n","protected":false},"excerpt":{"rendered":"<p>\ud83d\ude80\ud83d\udcc9 Est\u00e1 no ar mais um Giro de Not\u00edcias! &#8211; O Governo do Cear\u00e1 entregou mais 72 novas viaturas \u00e0 PMCE, ultrapassando a marca de mil ve\u00edculos destinados \u00e0 corpora\u00e7\u00e3o desde 2023. &#8211; O CBMCE e a Supesp realizaram a 1\u00aa Confer\u00eancia para a elabora\u00e7\u00e3o do 1\u00ba Plano Estadual de Prote\u00e7\u00e3o e Defesa Civil. &#8211; [&hellip;]<\/p>\n","protected":false},"author":66,"featured_media":0,"parent":0,"menu_order":0,"comment_status":"closed","ping_status":"closed","template":"","meta":{"_acf_changed":false,"inline_featured_image":false,"footnotes":""},"class_list":["post-1220","page","type-page","status-publish","hentry"],"acf":[],"yoast_head":"<!-- This site is optimized with the Yoast SEO plugin v26.9 - https:\/\/yoast.com\/product\/yoast-seo-wordpress\/ -->\n<title>P\u00e1gina Inicial - Secretaria da Seguran\u00e7a P\u00fablica e Defesa Social<\/title>\n<meta name=\"robots\" content=\"index, follow, max-snippet:-1, max-image-preview:large, max-video-preview:-1\" \/>\n<link rel=\"canonical\" href=\"https:\/\/ww16.ce.gov.br\/sspds\/\" \/>\n<meta property=\"og:locale\" content=\"pt_BR\" \/>\n<meta property=\"og:type\" content=\"article\" \/>\n<meta property=\"og:title\" content=\"P\u00e1gina Inicial - Secretaria da Seguran\u00e7a P\u00fablica e Defesa Social\" \/>\n<meta property=\"og:description\" content=\"\ud83d\ude80\ud83d\udcc9 Est\u00e1 no ar mais um Giro de Not\u00edcias! &#8211; O Governo do Cear\u00e1 entregou mais 72 novas viaturas \u00e0 PMCE, ultrapassando a marca de mil ve\u00edculos destinados \u00e0 corpora\u00e7\u00e3o desde 2023. &#8211; O CBMCE e a Supesp realizaram a 1\u00aa Confer\u00eancia para a elabora\u00e7\u00e3o do 1\u00ba Plano Estadual de Prote\u00e7\u00e3o e Defesa Civil. &#8211; [&hellip;]\" \/>\n<meta property=\"og:url\" content=\"https:\/\/ww16.ce.gov.br\/sspds\/\" \/>\n<meta property=\"og:site_name\" content=\"Secretaria da Seguran\u00e7a P\u00fablica e Defesa Social\" \/>\n<meta property=\"article:modified_time\" content=\"2026-05-15T14:31:41+00:00\" \/>\n<meta property=\"og:image\" content=\"https:\/\/ww16.ce.gov.br\/sspds\/wp-content\/uploads\/sites\/66\/2026\/05\/Celular-Capa-Site-SSPDS-14-05-1.png\" \/>\n<meta name=\"twitter:card\" content=\"summary_large_image\" \/>\n<meta name=\"twitter:label1\" content=\"Est. reading time\" \/>\n\t<meta name=\"twitter:data1\" content=\"1 minuto\" \/>\n<script type=\"application\/ld+json\" class=\"yoast-schema-graph\">{\"@context\":\"https:\/\/schema.org\",\"@graph\":[{\"@type\":\"WebPage\",\"@id\":\"https:\/\/ww16.ce.gov.br\/sspds\/\",\"url\":\"https:\/\/ww16.ce.gov.br\/sspds\/\",\"name\":\"P\u00e1gina Inicial - Secretaria da Seguran\u00e7a P\u00fablica e Defesa Social\",\"isPartOf\":{\"@id\":\"https:\/\/ww16.ce.gov.br\/sspds\/#website\"},\"primaryImageOfPage\":{\"@id\":\"https:\/\/ww16.ce.gov.br\/sspds\/#primaryimage\"},\"image\":{\"@id\":\"https:\/\/ww16.ce.gov.br\/sspds\/#primaryimage\"},\"thumbnailUrl\":\"https:\/\/ww16.ce.gov.br\/sspds\/wp-content\/uploads\/sites\/66\/2026\/05\/Celular-Capa-Site-SSPDS-14-05-1.png\",\"datePublished\":\"2026-05-11T13:13:06+00:00\",\"dateModified\":\"2026-05-15T14:31:41+00:00\",\"breadcrumb\":{\"@id\":\"https:\/\/ww16.ce.gov.br\/sspds\/#breadcrumb\"},\"inLanguage\":\"pt-BR\",\"potentialAction\":[{\"@type\":\"ReadAction\",\"target\":[\"https:\/\/ww16.ce.gov.br\/sspds\/\"]}]},{\"@type\":\"ImageObject\",\"inLanguage\":\"pt-BR\",\"@id\":\"https:\/\/ww16.ce.gov.br\/sspds\/#primaryimage\",\"url\":\"https:\/\/ww16.ce.gov.br\/sspds\/wp-content\/uploads\/sites\/66\/2026\/05\/Celular-Capa-Site-SSPDS-14-05-1.png\",\"contentUrl\":\"https:\/\/ww16.ce.gov.br\/sspds\/wp-content\/uploads\/sites\/66\/2026\/05\/Celular-Capa-Site-SSPDS-14-05-1.png\",\"width\":775,\"height\":485},{\"@type\":\"BreadcrumbList\",\"@id\":\"https:\/\/ww16.ce.gov.br\/sspds\/#breadcrumb\",\"itemListElement\":[{\"@type\":\"ListItem\",\"position\":1,\"name\":\"Home\",\"item\":\"https:\/\/ww16.ce.gov.br\/sspds\/\"},{\"@type\":\"ListItem\",\"position\":2,\"name\":\"P\u00e1gina Inicial\"}]},{\"@type\":\"WebSite\",\"@id\":\"https:\/\/ww16.ce.gov.br\/sspds\/#website\",\"url\":\"https:\/\/ww16.ce.gov.br\/sspds\/\",\"name\":\"Secretaria da Seguran\u00e7a P\u00fablica e Defesa Social\",\"description\":\"\",\"potentialAction\":[{\"@type\":\"SearchAction\",\"target\":{\"@type\":\"EntryPoint\",\"urlTemplate\":\"https:\/\/ww16.ce.gov.br\/sspds\/?s={search_term_string}\"},\"query-input\":{\"@type\":\"PropertyValueSpecification\",\"valueRequired\":true,\"valueName\":\"search_term_string\"}}],\"inLanguage\":\"pt-BR\"}]}<\/script>\n<!-- \/ Yoast SEO plugin. -->","yoast_head_json":{"title":"P\u00e1gina Inicial - Secretaria da Seguran\u00e7a P\u00fablica e Defesa Social","robots":{"index":"index","follow":"follow","max-snippet":"max-snippet:-1","max-image-preview":"max-image-preview:large","max-video-preview":"max-video-preview:-1"},"canonical":"https:\/\/ww16.ce.gov.br\/sspds\/","og_locale":"pt_BR","og_type":"article","og_title":"P\u00e1gina Inicial - Secretaria da Seguran\u00e7a P\u00fablica e Defesa Social","og_description":"\ud83d\ude80\ud83d\udcc9 Est\u00e1 no ar mais um Giro de Not\u00edcias! &#8211; O Governo do Cear\u00e1 entregou mais 72 novas viaturas \u00e0 PMCE, ultrapassando a marca de mil ve\u00edculos destinados \u00e0 corpora\u00e7\u00e3o desde 2023. &#8211; O CBMCE e a Supesp realizaram a 1\u00aa Confer\u00eancia para a elabora\u00e7\u00e3o do 1\u00ba Plano Estadual de Prote\u00e7\u00e3o e Defesa Civil. &#8211; [&hellip;]","og_url":"https:\/\/ww16.ce.gov.br\/sspds\/","og_site_name":"Secretaria da Seguran\u00e7a P\u00fablica e Defesa Social","article_modified_time":"2026-05-15T14:31:41+00:00","og_image":[{"url":"https:\/\/ww16.ce.gov.br\/sspds\/wp-content\/uploads\/sites\/66\/2026\/05\/Celular-Capa-Site-SSPDS-14-05-1.png","type":"","width":"","height":""}],"twitter_card":"summary_large_image","twitter_misc":{"Est. reading time":"1 minuto"},"schema":{"@context":"https:\/\/schema.org","@graph":[{"@type":"WebPage","@id":"https:\/\/ww16.ce.gov.br\/sspds\/","url":"https:\/\/ww16.ce.gov.br\/sspds\/","name":"P\u00e1gina Inicial - Secretaria da Seguran\u00e7a P\u00fablica e Defesa Social","isPartOf":{"@id":"https:\/\/ww16.ce.gov.br\/sspds\/#website"},"primaryImageOfPage":{"@id":"https:\/\/ww16.ce.gov.br\/sspds\/#primaryimage"},"image":{"@id":"https:\/\/ww16.ce.gov.br\/sspds\/#primaryimage"},"thumbnailUrl":"https:\/\/ww16.ce.gov.br\/sspds\/wp-content\/uploads\/sites\/66\/2026\/05\/Celular-Capa-Site-SSPDS-14-05-1.png","datePublished":"2026-05-11T13:13:06+00:00","dateModified":"2026-05-15T14:31:41+00:00","breadcrumb":{"@id":"https:\/\/ww16.ce.gov.br\/sspds\/#breadcrumb"},"inLanguage":"pt-BR","potentialAction":[{"@type":"ReadAction","target":["https:\/\/ww16.ce.gov.br\/sspds\/"]}]},{"@type":"ImageObject","inLanguage":"pt-BR","@id":"https:\/\/ww16.ce.gov.br\/sspds\/#primaryimage","url":"https:\/\/ww16.ce.gov.br\/sspds\/wp-content\/uploads\/sites\/66\/2026\/05\/Celular-Capa-Site-SSPDS-14-05-1.png","contentUrl":"https:\/\/ww16.ce.gov.br\/sspds\/wp-content\/uploads\/sites\/66\/2026\/05\/Celular-Capa-Site-SSPDS-14-05-1.png","width":775,"height":485},{"@type":"BreadcrumbList","@id":"https:\/\/ww16.ce.gov.br\/sspds\/#breadcrumb","itemListElement":[{"@type":"ListItem","position":1,"name":"Home","item":"https:\/\/ww16.ce.gov.br\/sspds\/"},{"@type":"ListItem","position":2,"name":"P\u00e1gina Inicial"}]},{"@type":"WebSite","@id":"https:\/\/ww16.ce.gov.br\/sspds\/#website","url":"https:\/\/ww16.ce.gov.br\/sspds\/","name":"Secretaria da Seguran\u00e7a P\u00fablica e Defesa Social","description":"","potentialAction":[{"@type":"SearchAction","target":{"@type":"EntryPoint","urlTemplate":"https:\/\/ww16.ce.gov.br\/sspds\/?s={search_term_string}"},"query-input":{"@type":"PropertyValueSpecification","valueRequired":true,"valueName":"search_term_string"}}],"inLanguage":"pt-BR"}]}},"_links":{"self":[{"href":"https:\/\/ww16.ce.gov.br\/sspds\/wp-json\/wp\/v2\/pages\/1220","targetHints":{"allow":["GET"]}}],"collection":[{"href":"https:\/\/ww16.ce.gov.br\/sspds\/wp-json\/wp\/v2\/pages"}],"about":[{"href":"https:\/\/ww16.ce.gov.br\/sspds\/wp-json\/wp\/v2\/types\/page"}],"author":[{"embeddable":true,"href":"https:\/\/ww16.ce.gov.br\/sspds\/wp-json\/wp\/v2\/users\/66"}],"replies":[{"embeddable":true,"href":"https:\/\/ww16.ce.gov.br\/sspds\/wp-json\/wp\/v2\/comments?post=1220"}],"version-history":[{"count":112,"href":"https:\/\/ww16.ce.gov.br\/sspds\/wp-json\/wp\/v2\/pages\/1220\/revisions"}],"predecessor-version":[{"id":1511,"href":"https:\/\/ww16.ce.gov.br\/sspds\/wp-json\/wp\/v2\/pages\/1220\/revisions\/1511"}],"wp:attachment":[{"href":"https:\/\/ww16.ce.gov.br\/sspds\/wp-json\/wp\/v2\/media?parent=1220"}],"curies":[{"name":"wp","href":"https:\/\/api.w.org\/{rel}","templated":true}]}}