{"id":99075,"date":"2026-05-14T13:06:42","date_gmt":"2026-05-14T16:06:42","guid":{"rendered":"https:\/\/ww16.ce.gov.br\/seplag\/?page_id=99075"},"modified":"2026-05-14T13:13:09","modified_gmt":"2026-05-14T16:13:09","slug":"programa-papel-da-casa","status":"publish","type":"page","link":"https:\/\/ww16.ce.gov.br\/seplag\/institucional\/entidades-vinculadas\/cohab-ce\/programa-papel-da-casa\/","title":{"rendered":"Programa Papel da Casa"},"content":{"rendered":"\n<figure class=\"wp-block-image size-full\"><img loading=\"lazy\" decoding=\"async\" width=\"4000\" height=\"1000\" src=\"https:\/\/ww16.ce.gov.br\/seplag\/wp-content\/uploads\/sites\/62\/2024\/10\/Cabecalho-final-2023.png\" alt=\"\" class=\"wp-image-90671\" srcset=\"https:\/\/ww16.ce.gov.br\/seplag\/wp-content\/uploads\/sites\/62\/2024\/10\/Cabecalho-final-2023.png 4000w, https:\/\/ww16.ce.gov.br\/seplag\/wp-content\/uploads\/sites\/62\/2024\/10\/Cabecalho-final-2023-600x150.png 600w, https:\/\/ww16.ce.gov.br\/seplag\/wp-content\/uploads\/sites\/62\/2024\/10\/Cabecalho-final-2023-1200x300.png 1200w, https:\/\/ww16.ce.gov.br\/seplag\/wp-content\/uploads\/sites\/62\/2024\/10\/Cabecalho-final-2023-768x192.png 768w, https:\/\/ww16.ce.gov.br\/seplag\/wp-content\/uploads\/sites\/62\/2024\/10\/Cabecalho-final-2023-1536x384.png 1536w, https:\/\/ww16.ce.gov.br\/seplag\/wp-content\/uploads\/sites\/62\/2024\/10\/Cabecalho-final-2023-2048x512.png 2048w\" sizes=\"auto, (max-width: 4000px) 100vw, 4000px\" \/><\/figure>\n\n\n\n<p>Campanha \u201cPapel da Casa\u201d, lan\u00e7ada em 20\/08\/2013, pelo Governo do Estado do Cear\u00e1, em parceria com o Tribunal de Justi\u00e7a do Estado do Cear\u00e1 e a Prefeitura de Fortaleza, com ades\u00e3o posterior dos Munic\u00edpios de Pacatuba, Maracana\u00fa, Caucaia, e Sobral, com o apoio da Secret\u00e1ria do Planejamento e Gest\u00e3o \u2013 SEPLAG, que teve como prop\u00f3sito concluir a regulariza\u00e7\u00e3o fundi\u00e1ria titulat\u00f3ria dos im\u00f3veis financiados pela COHAB-CE, atrav\u00e9s de sua Carteira Imobili\u00e1ria, e constru\u00eddos com recursos do Banco Nacional de Habita\u00e7\u00e3o \u2013 BNH, mediante a entrega do t\u00edtulo de propriedade aos mutu\u00e1rios que quitaram seus\u00a0 financiamentos, mas que n\u00e3o tinham condi\u00e7\u00f5es financeiras para arcarem com os custos necess\u00e1rios a esse procedimento, e assim cumprir a fun\u00e7\u00e3o social da propriedade imobili\u00e1ria urbana, assegurada pela Constitui\u00e7\u00e3o Federal. Para tanto foram reduzidos os valores dos atos notariais referentes aos registros das escrituras dos citados im\u00f3veis em 70%, mediante a Lei Estadual n\u00ba 16.132\/01.11.2016; bem como foram autorizadas por lei municipal as remiss\u00f5es e isen\u00e7\u00f5es de IPTU e ITBI: Fortaleza (Lei n\u00ba10.614\/19); Sobral (Lei n\u00ba 1.968\/19); Caucaia (Lei n\u00ba1.352\/17); Maracana\u00fa (Lei n\u00ba 2.904\/20); Pacatuba (Lei n\u00ba 1.555\/19) al\u00e9m de haver sido concedida a isen\u00e7\u00e3oda taxa administrativa da COHAB-CE.<\/p>\n\n\n\n<details class=\"wp-block-details is-layout-flow wp-block-details-is-layout-flow\"><summary><strong>Fluxo de Processos<\/strong><\/summary>\n<ul class=\"wp-block-list\">\n<li><a href=\"https:\/\/cearadigital.ce.gov.br\/servicos\/3005\" target=\"_blank\" rel=\"noreferrer noopener\">Clique aqui para acessar a Carta de Servi\u00e7os.<\/a><\/li>\n<\/ul>\n<\/details>\n\n\n\n<details class=\"wp-block-details is-layout-flow wp-block-details-is-layout-flow\"><summary><strong>Lista de Documenta\u00e7\u00e3o<\/strong><\/summary>\n<ul class=\"wp-block-list\">\n<li><a href=\"\/seplag\/wp-content\/uploads\/sites\/62\/2024\/10\/DOCUMENTACAO-COHAB-1.pdf\" target=\"_blank\" rel=\"noreferrer noopener\">Clique aqui para baixar a lista.<\/a><\/li>\n<\/ul>\n<\/details>\n\n\n\n<p><strong>Contatos<\/strong><br>e-mail: papeldacasa@gmail.com<br>Whatsapp: 85 9.9946.8278<br>Av. Santos Dumont, 1425 \u2013 Aldeota CEP: 60.150-161<\/p>\n","protected":false},"excerpt":{"rendered":"<p>Campanha \u201cPapel da Casa\u201d, lan\u00e7ada em 20\/08\/2013, pelo Governo do Estado do Cear\u00e1, em parceria com o Tribunal de Justi\u00e7a do Estado do Cear\u00e1 e a Prefeitura de Fortaleza, com ades\u00e3o posterior dos Munic\u00edpios de Pacatuba, Maracana\u00fa, Caucaia, e Sobral, com o apoio da Secret\u00e1ria do Planejamento e Gest\u00e3o \u2013 SEPLAG, que teve como prop\u00f3sito [&hellip;]<\/p>\n","protected":false},"author":135,"featured_media":0,"parent":99038,"menu_order":0,"comment_status":"closed","ping_status":"closed","template":"","meta":{"_acf_changed":false,"inline_featured_image":false,"footnotes":""},"class_list":["post-99075","page","type-page","status-publish","hentry"],"acf":[],"yoast_head":"<!-- This site is optimized with the Yoast SEO plugin v26.9 - https:\/\/yoast.com\/product\/yoast-seo-wordpress\/ -->\n<title>Programa Papel da Casa - Secretaria do Planejamento e Gest\u00e3o<\/title>\n<meta name=\"robots\" content=\"index, follow, max-snippet:-1, max-image-preview:large, max-video-preview:-1\" \/>\n<link rel=\"canonical\" href=\"https:\/\/ww16.ce.gov.br\/seplag\/institucional\/entidades-vinculadas\/cohab-ce\/programa-papel-da-casa\/\" \/>\n<meta property=\"og:locale\" content=\"pt_BR\" \/>\n<meta property=\"og:type\" content=\"article\" \/>\n<meta property=\"og:title\" content=\"Programa Papel da Casa - Secretaria do Planejamento e Gest\u00e3o\" \/>\n<meta property=\"og:description\" content=\"Campanha \u201cPapel da Casa\u201d, lan\u00e7ada em 20\/08\/2013, pelo Governo do Estado do Cear\u00e1, em parceria com o Tribunal de Justi\u00e7a do Estado do Cear\u00e1 e a Prefeitura de Fortaleza, com ades\u00e3o posterior dos Munic\u00edpios de Pacatuba, Maracana\u00fa, Caucaia, e Sobral, com o apoio da Secret\u00e1ria do Planejamento e Gest\u00e3o \u2013 SEPLAG, que teve como prop\u00f3sito [&hellip;]\" \/>\n<meta property=\"og:url\" content=\"https:\/\/ww16.ce.gov.br\/seplag\/institucional\/entidades-vinculadas\/cohab-ce\/programa-papel-da-casa\/\" \/>\n<meta property=\"og:site_name\" content=\"Secretaria do Planejamento e Gest\u00e3o\" \/>\n<meta property=\"article:modified_time\" content=\"2026-05-14T16:13:09+00:00\" \/>\n<meta property=\"og:image\" content=\"https:\/\/ww16.ce.gov.br\/seplag\/wp-content\/uploads\/sites\/62\/2024\/10\/Cabecalho-final-2023.png\" \/>\n\t<meta property=\"og:image:width\" content=\"4000\" \/>\n\t<meta property=\"og:image:height\" content=\"1000\" \/>\n\t<meta property=\"og:image:type\" content=\"image\/png\" \/>\n<meta name=\"twitter:card\" content=\"summary_large_image\" \/>\n<meta name=\"twitter:label1\" content=\"Est. reading time\" \/>\n\t<meta name=\"twitter:data1\" content=\"2 minutos\" \/>\n<script type=\"application\/ld+json\" class=\"yoast-schema-graph\">{\"@context\":\"https:\/\/schema.org\",\"@graph\":[{\"@type\":\"WebPage\",\"@id\":\"https:\/\/ww16.ce.gov.br\/seplag\/institucional\/entidades-vinculadas\/cohab-ce\/programa-papel-da-casa\/\",\"url\":\"https:\/\/ww16.ce.gov.br\/seplag\/institucional\/entidades-vinculadas\/cohab-ce\/programa-papel-da-casa\/\",\"name\":\"Programa Papel da Casa - Secretaria do Planejamento e Gest\u00e3o\",\"isPartOf\":{\"@id\":\"https:\/\/ww16.ce.gov.br\/seplag\/#website\"},\"primaryImageOfPage\":{\"@id\":\"https:\/\/ww16.ce.gov.br\/seplag\/institucional\/entidades-vinculadas\/cohab-ce\/programa-papel-da-casa\/#primaryimage\"},\"image\":{\"@id\":\"https:\/\/ww16.ce.gov.br\/seplag\/institucional\/entidades-vinculadas\/cohab-ce\/programa-papel-da-casa\/#primaryimage\"},\"thumbnailUrl\":\"https:\/\/ww16.ce.gov.br\/seplag\/wp-content\/uploads\/sites\/62\/2024\/10\/Cabecalho-final-2023.png\",\"datePublished\":\"2026-05-14T16:06:42+00:00\",\"dateModified\":\"2026-05-14T16:13:09+00:00\",\"breadcrumb\":{\"@id\":\"https:\/\/ww16.ce.gov.br\/seplag\/institucional\/entidades-vinculadas\/cohab-ce\/programa-papel-da-casa\/#breadcrumb\"},\"inLanguage\":\"pt-BR\",\"potentialAction\":[{\"@type\":\"ReadAction\",\"target\":[\"https:\/\/ww16.ce.gov.br\/seplag\/institucional\/entidades-vinculadas\/cohab-ce\/programa-papel-da-casa\/\"]}]},{\"@type\":\"ImageObject\",\"inLanguage\":\"pt-BR\",\"@id\":\"https:\/\/ww16.ce.gov.br\/seplag\/institucional\/entidades-vinculadas\/cohab-ce\/programa-papel-da-casa\/#primaryimage\",\"url\":\"https:\/\/ww16.ce.gov.br\/seplag\/wp-content\/uploads\/sites\/62\/2024\/10\/Cabecalho-final-2023.png\",\"contentUrl\":\"https:\/\/ww16.ce.gov.br\/seplag\/wp-content\/uploads\/sites\/62\/2024\/10\/Cabecalho-final-2023.png\",\"width\":4000,\"height\":1000},{\"@type\":\"BreadcrumbList\",\"@id\":\"https:\/\/ww16.ce.gov.br\/seplag\/institucional\/entidades-vinculadas\/cohab-ce\/programa-papel-da-casa\/#breadcrumb\",\"itemListElement\":[{\"@type\":\"ListItem\",\"position\":1,\"name\":\"In\u00edcio\",\"item\":\"https:\/\/ww16.ce.gov.br\/seplag\/\"},{\"@type\":\"ListItem\",\"position\":2,\"name\":\"Institucional\",\"item\":\"https:\/\/ww16.ce.gov.br\/seplag\/institucional\/\"},{\"@type\":\"ListItem\",\"position\":3,\"name\":\"Entidades vinculadas\",\"item\":\"https:\/\/ww16.ce.gov.br\/seplag\/institucional\/entidades-vinculadas\/\"},{\"@type\":\"ListItem\",\"position\":4,\"name\":\"COHAB-CE\",\"item\":\"https:\/\/ww16.ce.gov.br\/seplag\/institucional\/entidades-vinculadas\/cohab-ce\/\"},{\"@type\":\"ListItem\",\"position\":5,\"name\":\"Programa Papel da Casa\"}]},{\"@type\":\"WebSite\",\"@id\":\"https:\/\/ww16.ce.gov.br\/seplag\/#website\",\"url\":\"https:\/\/ww16.ce.gov.br\/seplag\/\",\"name\":\"Secretaria do Planejamento e Gest\u00e3o\",\"description\":\"Secretaria do Planejamento e Gest\u00e3o\",\"publisher\":{\"@id\":\"https:\/\/ww16.ce.gov.br\/seplag\/#organization\"},\"potentialAction\":[{\"@type\":\"SearchAction\",\"target\":{\"@type\":\"EntryPoint\",\"urlTemplate\":\"https:\/\/ww16.ce.gov.br\/seplag\/?s={search_term_string}\"},\"query-input\":{\"@type\":\"PropertyValueSpecification\",\"valueRequired\":true,\"valueName\":\"search_term_string\"}}],\"inLanguage\":\"pt-BR\"},{\"@type\":\"Organization\",\"@id\":\"https:\/\/ww16.ce.gov.br\/seplag\/#organization\",\"name\":\"Secretaria do Planejamento e Gest\u00e3o\",\"url\":\"https:\/\/ww16.ce.gov.br\/seplag\/\",\"logo\":{\"@type\":\"ImageObject\",\"inLanguage\":\"pt-BR\",\"@id\":\"https:\/\/ww16.ce.gov.br\/seplag\/#\/schema\/logo\/image\/\",\"url\":\"http:\/\/ww16.ce.gov.br\/seplag\/wp-content\/uploads\/sites\/14\/2017\/11\/clara-1.png\",\"contentUrl\":\"http:\/\/ww16.ce.gov.br\/seplag\/wp-content\/uploads\/sites\/14\/2017\/11\/clara-1.png\",\"width\":559,\"height\":106,\"caption\":\"Secretaria do Planejamento e Gest\u00e3o\"},\"image\":{\"@id\":\"https:\/\/ww16.ce.gov.br\/seplag\/#\/schema\/logo\/image\/\"}}]}<\/script>\n<!-- \/ Yoast SEO plugin. -->","yoast_head_json":{"title":"Programa Papel da Casa - Secretaria do Planejamento e Gest\u00e3o","robots":{"index":"index","follow":"follow","max-snippet":"max-snippet:-1","max-image-preview":"max-image-preview:large","max-video-preview":"max-video-preview:-1"},"canonical":"https:\/\/ww16.ce.gov.br\/seplag\/institucional\/entidades-vinculadas\/cohab-ce\/programa-papel-da-casa\/","og_locale":"pt_BR","og_type":"article","og_title":"Programa Papel da Casa - Secretaria do Planejamento e Gest\u00e3o","og_description":"Campanha \u201cPapel da Casa\u201d, lan\u00e7ada em 20\/08\/2013, pelo Governo do Estado do Cear\u00e1, em parceria com o Tribunal de Justi\u00e7a do Estado do Cear\u00e1 e a Prefeitura de Fortaleza, com ades\u00e3o posterior dos Munic\u00edpios de Pacatuba, Maracana\u00fa, Caucaia, e Sobral, com o apoio da Secret\u00e1ria do Planejamento e Gest\u00e3o \u2013 SEPLAG, que teve como prop\u00f3sito [&hellip;]","og_url":"https:\/\/ww16.ce.gov.br\/seplag\/institucional\/entidades-vinculadas\/cohab-ce\/programa-papel-da-casa\/","og_site_name":"Secretaria do Planejamento e Gest\u00e3o","article_modified_time":"2026-05-14T16:13:09+00:00","og_image":[{"width":4000,"height":1000,"url":"https:\/\/ww16.ce.gov.br\/seplag\/wp-content\/uploads\/sites\/62\/2024\/10\/Cabecalho-final-2023.png","type":"image\/png"}],"twitter_card":"summary_large_image","twitter_misc":{"Est. reading time":"2 minutos"},"schema":{"@context":"https:\/\/schema.org","@graph":[{"@type":"WebPage","@id":"https:\/\/ww16.ce.gov.br\/seplag\/institucional\/entidades-vinculadas\/cohab-ce\/programa-papel-da-casa\/","url":"https:\/\/ww16.ce.gov.br\/seplag\/institucional\/entidades-vinculadas\/cohab-ce\/programa-papel-da-casa\/","name":"Programa Papel da Casa - Secretaria do Planejamento e Gest\u00e3o","isPartOf":{"@id":"https:\/\/ww16.ce.gov.br\/seplag\/#website"},"primaryImageOfPage":{"@id":"https:\/\/ww16.ce.gov.br\/seplag\/institucional\/entidades-vinculadas\/cohab-ce\/programa-papel-da-casa\/#primaryimage"},"image":{"@id":"https:\/\/ww16.ce.gov.br\/seplag\/institucional\/entidades-vinculadas\/cohab-ce\/programa-papel-da-casa\/#primaryimage"},"thumbnailUrl":"https:\/\/ww16.ce.gov.br\/seplag\/wp-content\/uploads\/sites\/62\/2024\/10\/Cabecalho-final-2023.png","datePublished":"2026-05-14T16:06:42+00:00","dateModified":"2026-05-14T16:13:09+00:00","breadcrumb":{"@id":"https:\/\/ww16.ce.gov.br\/seplag\/institucional\/entidades-vinculadas\/cohab-ce\/programa-papel-da-casa\/#breadcrumb"},"inLanguage":"pt-BR","potentialAction":[{"@type":"ReadAction","target":["https:\/\/ww16.ce.gov.br\/seplag\/institucional\/entidades-vinculadas\/cohab-ce\/programa-papel-da-casa\/"]}]},{"@type":"ImageObject","inLanguage":"pt-BR","@id":"https:\/\/ww16.ce.gov.br\/seplag\/institucional\/entidades-vinculadas\/cohab-ce\/programa-papel-da-casa\/#primaryimage","url":"https:\/\/ww16.ce.gov.br\/seplag\/wp-content\/uploads\/sites\/62\/2024\/10\/Cabecalho-final-2023.png","contentUrl":"https:\/\/ww16.ce.gov.br\/seplag\/wp-content\/uploads\/sites\/62\/2024\/10\/Cabecalho-final-2023.png","width":4000,"height":1000},{"@type":"BreadcrumbList","@id":"https:\/\/ww16.ce.gov.br\/seplag\/institucional\/entidades-vinculadas\/cohab-ce\/programa-papel-da-casa\/#breadcrumb","itemListElement":[{"@type":"ListItem","position":1,"name":"In\u00edcio","item":"https:\/\/ww16.ce.gov.br\/seplag\/"},{"@type":"ListItem","position":2,"name":"Institucional","item":"https:\/\/ww16.ce.gov.br\/seplag\/institucional\/"},{"@type":"ListItem","position":3,"name":"Entidades vinculadas","item":"https:\/\/ww16.ce.gov.br\/seplag\/institucional\/entidades-vinculadas\/"},{"@type":"ListItem","position":4,"name":"COHAB-CE","item":"https:\/\/ww16.ce.gov.br\/seplag\/institucional\/entidades-vinculadas\/cohab-ce\/"},{"@type":"ListItem","position":5,"name":"Programa Papel da Casa"}]},{"@type":"WebSite","@id":"https:\/\/ww16.ce.gov.br\/seplag\/#website","url":"https:\/\/ww16.ce.gov.br\/seplag\/","name":"Secretaria do Planejamento e Gest\u00e3o","description":"Secretaria do Planejamento e Gest\u00e3o","publisher":{"@id":"https:\/\/ww16.ce.gov.br\/seplag\/#organization"},"potentialAction":[{"@type":"SearchAction","target":{"@type":"EntryPoint","urlTemplate":"https:\/\/ww16.ce.gov.br\/seplag\/?s={search_term_string}"},"query-input":{"@type":"PropertyValueSpecification","valueRequired":true,"valueName":"search_term_string"}}],"inLanguage":"pt-BR"},{"@type":"Organization","@id":"https:\/\/ww16.ce.gov.br\/seplag\/#organization","name":"Secretaria do Planejamento e Gest\u00e3o","url":"https:\/\/ww16.ce.gov.br\/seplag\/","logo":{"@type":"ImageObject","inLanguage":"pt-BR","@id":"https:\/\/ww16.ce.gov.br\/seplag\/#\/schema\/logo\/image\/","url":"http:\/\/ww16.ce.gov.br\/seplag\/wp-content\/uploads\/sites\/14\/2017\/11\/clara-1.png","contentUrl":"http:\/\/ww16.ce.gov.br\/seplag\/wp-content\/uploads\/sites\/14\/2017\/11\/clara-1.png","width":559,"height":106,"caption":"Secretaria do Planejamento e Gest\u00e3o"},"image":{"@id":"https:\/\/ww16.ce.gov.br\/seplag\/#\/schema\/logo\/image\/"}}]}},"_links":{"self":[{"href":"https:\/\/ww16.ce.gov.br\/seplag\/wp-json\/wp\/v2\/pages\/99075","targetHints":{"allow":["GET"]}}],"collection":[{"href":"https:\/\/ww16.ce.gov.br\/seplag\/wp-json\/wp\/v2\/pages"}],"about":[{"href":"https:\/\/ww16.ce.gov.br\/seplag\/wp-json\/wp\/v2\/types\/page"}],"author":[{"embeddable":true,"href":"https:\/\/ww16.ce.gov.br\/seplag\/wp-json\/wp\/v2\/users\/135"}],"replies":[{"embeddable":true,"href":"https:\/\/ww16.ce.gov.br\/seplag\/wp-json\/wp\/v2\/comments?post=99075"}],"version-history":[{"count":2,"href":"https:\/\/ww16.ce.gov.br\/seplag\/wp-json\/wp\/v2\/pages\/99075\/revisions"}],"predecessor-version":[{"id":99081,"href":"https:\/\/ww16.ce.gov.br\/seplag\/wp-json\/wp\/v2\/pages\/99075\/revisions\/99081"}],"up":[{"embeddable":true,"href":"https:\/\/ww16.ce.gov.br\/seplag\/wp-json\/wp\/v2\/pages\/99038"}],"wp:attachment":[{"href":"https:\/\/ww16.ce.gov.br\/seplag\/wp-json\/wp\/v2\/media?parent=99075"}],"curies":[{"name":"wp","href":"https:\/\/api.w.org\/{rel}","templated":true}]}}