{"id":98840,"date":"2026-05-08T14:59:20","date_gmt":"2026-05-08T17:59:20","guid":{"rendered":"https:\/\/ww16.ce.gov.br\/seplag\/?page_id=98840"},"modified":"2026-05-08T14:59:24","modified_gmt":"2026-05-08T17:59:24","slug":"menu-plano-plurianual","status":"publish","type":"page","link":"https:\/\/ww16.ce.gov.br\/seplag\/planejamento\/menu-plano-plurianual\/","title":{"rendered":"Plano Plurianual"},"content":{"rendered":"\n<h2 class=\"wp-block-heading has-text-align-left\">Plano Plurianual (PPA)<\/h2>\n\n\n<div id=\"cegov-vt-4ccb1cfd-6db9-4084-be4e-ba82a4e95e90\" class=\"cegov-politicas-incentivo cegov-vertical-tabs\"><div class=\"cegov-vt-wrapper\"><div class=\"cegov-vt-list\"><ul class=\"cegov-vt-menu\" role=\"tablist\"><li><button id=\"cegov-vt-4ccb1cfd-6db9-4084-be4e-ba82a4e95e90-tab-1\" class=\"cegov-vt-aba is-active\" role=\"tab\" aria-controls=\"cegov-vt-4ccb1cfd-6db9-4084-be4e-ba82a4e95e90-panel-1\" aria-selected=\"true\" tabindex=\"0\" data-target=\"#cegov-vt-4ccb1cfd-6db9-4084-be4e-ba82a4e95e90-panel-1\"><span class=\"cegov-vt-aba-label\">Leis, Decretos e demais documentos<\/span><\/button><\/li><li><button id=\"cegov-vt-4ccb1cfd-6db9-4084-be4e-ba82a4e95e90-tab-2\" class=\"cegov-vt-aba\" role=\"tab\" aria-controls=\"cegov-vt-4ccb1cfd-6db9-4084-be4e-ba82a4e95e90-panel-2\" aria-selected=\"false\" tabindex=\"-1\" data-target=\"#cegov-vt-4ccb1cfd-6db9-4084-be4e-ba82a4e95e90-panel-2\"><span class=\"cegov-vt-aba-label\">Monitoramento e Avalia\u00e7\u00e3o do PPA<\/span><\/button><\/li><li><button id=\"cegov-vt-4ccb1cfd-6db9-4084-be4e-ba82a4e95e90-tab-3\" class=\"cegov-vt-aba\" role=\"tab\" aria-controls=\"cegov-vt-4ccb1cfd-6db9-4084-be4e-ba82a4e95e90-panel-3\" aria-selected=\"false\" tabindex=\"-1\" data-target=\"#cegov-vt-4ccb1cfd-6db9-4084-be4e-ba82a4e95e90-panel-3\"><span class=\"cegov-vt-aba-label\">PPA Participativo e Regionalizado<\/span><\/button><\/li><\/ul><\/div><div class=\"cegov-vt-panels\"><div id=\"cegov-vt-4ccb1cfd-6db9-4084-be4e-ba82a4e95e90-panel-1\" class=\"cegov-vt-panel is-active\" role=\"tabpanel\" aria-hidden=\"false\">\n<p class=\"has-text-align-left has-medium-font-size\">Leis, Decretos e demais Documentos<\/p>\n\n<div class=\"wp-block-columns is-layout-flex wp-container-core-columns-is-layout-9d6595d7 wp-block-columns-is-layout-flex\">\n<div class=\"wp-block-column is-layout-flow wp-block-column-is-layout-flow\">\n<div class=\"wp-block-buttons is-content-justification-center is-layout-flex wp-container-core-buttons-is-layout-5e6b19ed wp-block-buttons-is-layout-flex\">\n<div class=\"wp-block-button has-custom-width wp-block-button__width-75 is-style-outline is-style-outline--21\"><a class=\"wp-block-button__link has-text-align-center wp-element-button\" href=\"\/seplag\/planejamento\/menu-plano-plurianual\/ppa-2024-2027\/\">PPA 2024 &#8211; 2027<\/a><\/div>\n\n\n\n<div class=\"wp-block-button has-custom-width wp-block-button__width-75 is-style-outline is-style-outline--22\"><a class=\"wp-block-button__link has-text-align-center wp-element-button\" href=\"\/seplag\/planejamento\/menu-plano-plurianual\/ppa-2016-2019\/\">PPA 2016 &#8211; 2019<\/a><\/div>\n\n\n\n<div class=\"wp-block-button has-custom-width wp-block-button__width-75 is-style-outline is-style-outline--23\"><a class=\"wp-block-button__link has-text-align-center wp-element-button\" href=\"\/seplag\/planejamento\/menu-plano-plurianual\/ppa-2008-2011\/\">PPA 2008 &#8211; 2011<\/a><\/div>\n\n\n\n<div class=\"wp-block-button has-custom-width wp-block-button__width-75 is-style-outline is-style-outline--24\"><a class=\"wp-block-button__link wp-element-button\" href=\"\/seplag\/planejamento\/menu-plano-plurianual\/ppa-2000-2003\/\">PPA 2000 &#8211; 2003<\/a><\/div>\n<\/div>\n<\/div>\n\n\n\n<div class=\"wp-block-column is-layout-flow wp-block-column-is-layout-flow\">\n<div class=\"wp-block-buttons is-content-justification-center is-layout-flex wp-container-core-buttons-is-layout-16018d1d wp-block-buttons-is-layout-flex\">\n<div class=\"wp-block-button has-custom-width wp-block-button__width-75 is-style-outline is-style-outline--25\"><a class=\"wp-block-button__link wp-element-button\" href=\"\/seplag\/planejamento\/menu-plano-plurianual\/ppa-2020-2023\/\">PPA 2020 &#8211; 2023<\/a><\/div>\n\n\n\n<div class=\"wp-block-button has-custom-width wp-block-button__width-75 is-style-outline is-style-outline--26\"><a class=\"wp-block-button__link wp-element-button\" href=\"\/seplag\/planejamento\/menu-plano-plurianual\/ppa-2012-2015\/\">PPA 2012 &#8211; 2015<\/a><\/div>\n\n\n\n<div class=\"wp-block-button has-custom-width wp-block-button__width-75 is-style-outline is-style-outline--27\"><a class=\"wp-block-button__link wp-element-button\" href=\"\/seplag\/planejamento\/menu-plano-plurianual\/ppa-2004-2007\/\">PPA 2004 &#8211; 2007<\/a><\/div>\n<\/div>\n<\/div>\n<\/div>\n<\/div><div id=\"cegov-vt-4ccb1cfd-6db9-4084-be4e-ba82a4e95e90-panel-2\" class=\"cegov-vt-panel\" role=\"tabpanel\" aria-hidden=\"true\">\n<div class=\"wp-block-columns is-layout-flex wp-container-core-columns-is-layout-9d6595d7 wp-block-columns-is-layout-flex\">\n<div class=\"wp-block-column is-layout-flow wp-block-column-is-layout-flow\">\n<div class=\"wp-block-buttons is-content-justification-center is-layout-flex wp-container-core-buttons-is-layout-16018d1d wp-block-buttons-is-layout-flex\">\n<div class=\"wp-block-button has-custom-width wp-block-button__width-100 is-style-outline is-style-outline--28\"><a class=\"wp-block-button__link wp-element-button\" href=\"https:\/\/planejamento.seplag.ce.gov.br\/SiofConsultaPPA\/Paginas\/frm_consulta_ppa.aspx\" target=\"_blank\" rel=\"noreferrer noopener\">Consulta de Acompanhamento &#8211; 2016 a 2023<\/a><\/div>\n\n\n\n<div class=\"wp-block-button has-custom-width wp-block-button__width-100 is-style-outline is-style-outline--29\"><a class=\"wp-block-button__link wp-element-button\" href=\"\/seplag\/planejamento\/menu-plano-plurianual\/ppa-2024-2027-relatorios-de-monitoramento\/\">Relat\u00f3rios Sint\u00e9ticos e Anal\u00edticos \u2013 2024 &#8211; 2027<\/a><\/div>\n\n\n\n<div class=\"wp-block-button has-custom-width wp-block-button__width-100 is-style-outline is-style-outline--30\"><a class=\"wp-block-button__link wp-element-button\" href=\"\/seplag\/planejamento\/menu-plano-plurianual\/ppa-2016-2019-monitoramento-e-avaliacao\/\">Relat\u00f3rios Sint\u00e9ticos e Anal\u00edticos \u2013 2016 &#8211; 2019<\/a><\/div>\n\n\n\n<div class=\"wp-block-button has-custom-width wp-block-button__width-100 is-style-outline is-style-outline--31\"><a class=\"wp-block-button__link wp-element-button\" href=\"\/seplag\/planejamento\/menu-plano-plurianual\/ppa-2008-2011-relatorios-de-monitoramento-e-avaliacao\/\">Relat\u00f3rios Sint\u00e9ticos e Anal\u00edticos \u2013 2008 &#8211; 2011<\/a><\/div>\n<\/div>\n<\/div>\n\n\n\n<div class=\"wp-block-column is-layout-flow wp-block-column-is-layout-flow\">\n<div class=\"wp-block-buttons is-content-justification-center is-layout-flex wp-container-core-buttons-is-layout-16018d1d wp-block-buttons-is-layout-flex\">\n\n\n<div class=\"wp-block-button has-custom-width wp-block-button__width-100 is-style-outline is-style-outline--33\"><a class=\"wp-block-button__link wp-element-button\" href=\"\/seplag\/planejamento\/menu-plano-plurianual\/ppa-2020-2023-relatorios-de-monitoramento\/\" target=\"_blank\" rel=\"noreferrer noopener\">Relat\u00f3rios Sint\u00e9ticos e Anal\u00edticos \u2013 2020-2023<\/a><\/div>\n\n\n\n<div class=\"wp-block-button has-custom-width wp-block-button__width-100 is-style-outline is-style-outline--34\"><a class=\"wp-block-button__link wp-element-button\" href=\"\/seplag\/planejamento\/menu-plano-plurianual\/ppa-2012-2015-monitoramento-e-avaliacao\/\">Relat\u00f3rios Sint\u00e9ticos e Anal\u00edticos \u2013 2012-2015<\/a><\/div>\n\n\n\n<div class=\"wp-block-button has-custom-width wp-block-button__width-100 is-style-outline is-style-outline--35\"><a class=\"wp-block-button__link wp-element-button\" href=\"\/seplag\/planejamento\/menu-plano-plurianual\/ppa-2004-2007-relatorios-de-monitoramento-e-avaliacao\/\">Relat\u00f3rios Sint\u00e9ticos e Anal\u00edticos \u2013 2004-2007<\/a><\/div>\n<\/div>\n<\/div>\n<\/div>\n<\/div><div id=\"cegov-vt-4ccb1cfd-6db9-4084-be4e-ba82a4e95e90-panel-3\" class=\"cegov-vt-panel\" role=\"tabpanel\" aria-hidden=\"true\">\n<div class=\"wp-block-columns is-layout-flex wp-container-core-columns-is-layout-9d6595d7 wp-block-columns-is-layout-flex\">\n<div class=\"wp-block-column is-layout-flow wp-block-column-is-layout-flow\">\n<div class=\"wp-block-buttons is-layout-flex wp-block-buttons-is-layout-flex\">\n<div class=\"wp-block-button has-custom-width wp-block-button__width-100 is-style-outline is-style-outline--36\"><a class=\"wp-block-button__link wp-element-button\" href=\"\/seplag\/planejamento\/menu-plano-plurianual\/ppa-participativo-e-regionalizado-2024-2027\/\">PPA 2024 &#8211; 2027<\/a><\/div>\n\n\n\n<div class=\"wp-block-button has-custom-width wp-block-button__width-100 is-style-outline is-style-outline--37\"><a class=\"wp-block-button__link wp-element-button\" href=\"\/seplag\/planejamento\/menu-plano-plurianual\/ppa-participativo-e-regionalizado-2016-2019\/\">PPA 2016 &#8211; 2019<\/a><\/div>\n\n\n\n<div class=\"wp-block-button has-custom-width wp-block-button__width-100 is-style-outline is-style-outline--38\"><a class=\"wp-block-button__link wp-element-button\" href=\"\/seplag\/planejamento\/menu-plano-plurianual\/ppa-participativo-e-regionalizado-2008-2011\/\">PPA 2008 &#8211; 2011<\/a><\/div>\n<\/div>\n<\/div>\n\n\n\n<div class=\"wp-block-column is-layout-flow wp-block-column-is-layout-flow\">\n<div class=\"wp-block-buttons is-layout-flex wp-block-buttons-is-layout-flex\">\n<div class=\"wp-block-button has-custom-width wp-block-button__width-100 is-style-outline is-style-outline--39\"><a class=\"wp-block-button__link wp-element-button\" href=\"https:\/\/ww16.ce.gov.br\/seplag\/planejamento\/menu-plano-plurianual\/ppa-participativo-e-regionalizado-2020-2023\/\">PPA 2020 &#8211; 2023<\/a><\/div>\n\n\n\n<div class=\"wp-block-button has-custom-width wp-block-button__width-100 is-style-outline is-style-outline--40\"><a class=\"wp-block-button__link wp-element-button\" href=\"\/seplag\/planejamento\/menu-plano-plurianual\/ppa-participativo-e-regionalizado-2012-2015\/\">PPA 2012 &#8211; 2015<\/a><\/div>\n<\/div>\n<\/div>\n<\/div>\n<\/div><\/div><\/div><\/div>\n\n\n<p><\/p>\n","protected":false},"excerpt":{"rendered":"<p>Plano Plurianual (PPA)<\/p>\n","protected":false},"author":135,"featured_media":0,"parent":7942,"menu_order":0,"comment_status":"closed","ping_status":"closed","template":"","meta":{"_acf_changed":false,"inline_featured_image":false,"footnotes":""},"class_list":["post-98840","page","type-page","status-publish","hentry"],"acf":[],"yoast_head":"<!-- This site is optimized with the Yoast SEO plugin v26.9 - https:\/\/yoast.com\/product\/yoast-seo-wordpress\/ -->\n<title>Plano Plurianual - Secretaria do Planejamento e Gest\u00e3o<\/title>\n<meta name=\"robots\" content=\"index, follow, max-snippet:-1, max-image-preview:large, max-video-preview:-1\" \/>\n<link rel=\"canonical\" href=\"https:\/\/ww16.ce.gov.br\/seplag\/planejamento\/menu-plano-plurianual\/\" \/>\n<meta property=\"og:locale\" content=\"pt_BR\" \/>\n<meta property=\"og:type\" content=\"article\" \/>\n<meta property=\"og:title\" content=\"Plano Plurianual - Secretaria do Planejamento e Gest\u00e3o\" \/>\n<meta property=\"og:description\" content=\"Plano Plurianual (PPA)\" \/>\n<meta property=\"og:url\" content=\"https:\/\/ww16.ce.gov.br\/seplag\/planejamento\/menu-plano-plurianual\/\" \/>\n<meta property=\"og:site_name\" content=\"Secretaria do Planejamento e Gest\u00e3o\" \/>\n<meta property=\"article:modified_time\" content=\"2026-05-08T17:59:24+00:00\" \/>\n<meta name=\"twitter:card\" content=\"summary_large_image\" \/>\n<meta name=\"twitter:label1\" content=\"Est. reading time\" \/>\n\t<meta name=\"twitter:data1\" content=\"1 minuto\" \/>\n<script type=\"application\/ld+json\" class=\"yoast-schema-graph\">{\"@context\":\"https:\/\/schema.org\",\"@graph\":[{\"@type\":\"WebPage\",\"@id\":\"https:\/\/ww16.ce.gov.br\/seplag\/planejamento\/menu-plano-plurianual\/\",\"url\":\"https:\/\/ww16.ce.gov.br\/seplag\/planejamento\/menu-plano-plurianual\/\",\"name\":\"Plano Plurianual - Secretaria do Planejamento e Gest\u00e3o\",\"isPartOf\":{\"@id\":\"https:\/\/ww16.ce.gov.br\/seplag\/#website\"},\"datePublished\":\"2026-05-08T17:59:20+00:00\",\"dateModified\":\"2026-05-08T17:59:24+00:00\",\"breadcrumb\":{\"@id\":\"https:\/\/ww16.ce.gov.br\/seplag\/planejamento\/menu-plano-plurianual\/#breadcrumb\"},\"inLanguage\":\"pt-BR\",\"potentialAction\":[{\"@type\":\"ReadAction\",\"target\":[\"https:\/\/ww16.ce.gov.br\/seplag\/planejamento\/menu-plano-plurianual\/\"]}]},{\"@type\":\"BreadcrumbList\",\"@id\":\"https:\/\/ww16.ce.gov.br\/seplag\/planejamento\/menu-plano-plurianual\/#breadcrumb\",\"itemListElement\":[{\"@type\":\"ListItem\",\"position\":1,\"name\":\"In\u00edcio\",\"item\":\"https:\/\/ww16.ce.gov.br\/seplag\/\"},{\"@type\":\"ListItem\",\"position\":2,\"name\":\"Planejamento\",\"item\":\"https:\/\/ww16.ce.gov.br\/seplag\/planejamento\/\"},{\"@type\":\"ListItem\",\"position\":3,\"name\":\"Plano Plurianual\"}]},{\"@type\":\"WebSite\",\"@id\":\"https:\/\/ww16.ce.gov.br\/seplag\/#website\",\"url\":\"https:\/\/ww16.ce.gov.br\/seplag\/\",\"name\":\"Secretaria do Planejamento e Gest\u00e3o\",\"description\":\"Secretaria do Planejamento e Gest\u00e3o\",\"publisher\":{\"@id\":\"https:\/\/ww16.ce.gov.br\/seplag\/#organization\"},\"potentialAction\":[{\"@type\":\"SearchAction\",\"target\":{\"@type\":\"EntryPoint\",\"urlTemplate\":\"https:\/\/ww16.ce.gov.br\/seplag\/?s={search_term_string}\"},\"query-input\":{\"@type\":\"PropertyValueSpecification\",\"valueRequired\":true,\"valueName\":\"search_term_string\"}}],\"inLanguage\":\"pt-BR\"},{\"@type\":\"Organization\",\"@id\":\"https:\/\/ww16.ce.gov.br\/seplag\/#organization\",\"name\":\"Secretaria do Planejamento e Gest\u00e3o\",\"url\":\"https:\/\/ww16.ce.gov.br\/seplag\/\",\"logo\":{\"@type\":\"ImageObject\",\"inLanguage\":\"pt-BR\",\"@id\":\"https:\/\/ww16.ce.gov.br\/seplag\/#\/schema\/logo\/image\/\",\"url\":\"http:\/\/ww16.ce.gov.br\/seplag\/wp-content\/uploads\/sites\/14\/2017\/11\/clara-1.png\",\"contentUrl\":\"http:\/\/ww16.ce.gov.br\/seplag\/wp-content\/uploads\/sites\/14\/2017\/11\/clara-1.png\",\"width\":559,\"height\":106,\"caption\":\"Secretaria do Planejamento e Gest\u00e3o\"},\"image\":{\"@id\":\"https:\/\/ww16.ce.gov.br\/seplag\/#\/schema\/logo\/image\/\"}}]}<\/script>\n<!-- \/ Yoast SEO plugin. -->","yoast_head_json":{"title":"Plano Plurianual - Secretaria do Planejamento e Gest\u00e3o","robots":{"index":"index","follow":"follow","max-snippet":"max-snippet:-1","max-image-preview":"max-image-preview:large","max-video-preview":"max-video-preview:-1"},"canonical":"https:\/\/ww16.ce.gov.br\/seplag\/planejamento\/menu-plano-plurianual\/","og_locale":"pt_BR","og_type":"article","og_title":"Plano Plurianual - Secretaria do Planejamento e Gest\u00e3o","og_description":"Plano Plurianual (PPA)","og_url":"https:\/\/ww16.ce.gov.br\/seplag\/planejamento\/menu-plano-plurianual\/","og_site_name":"Secretaria do Planejamento e Gest\u00e3o","article_modified_time":"2026-05-08T17:59:24+00:00","twitter_card":"summary_large_image","twitter_misc":{"Est. reading time":"1 minuto"},"schema":{"@context":"https:\/\/schema.org","@graph":[{"@type":"WebPage","@id":"https:\/\/ww16.ce.gov.br\/seplag\/planejamento\/menu-plano-plurianual\/","url":"https:\/\/ww16.ce.gov.br\/seplag\/planejamento\/menu-plano-plurianual\/","name":"Plano Plurianual - Secretaria do Planejamento e Gest\u00e3o","isPartOf":{"@id":"https:\/\/ww16.ce.gov.br\/seplag\/#website"},"datePublished":"2026-05-08T17:59:20+00:00","dateModified":"2026-05-08T17:59:24+00:00","breadcrumb":{"@id":"https:\/\/ww16.ce.gov.br\/seplag\/planejamento\/menu-plano-plurianual\/#breadcrumb"},"inLanguage":"pt-BR","potentialAction":[{"@type":"ReadAction","target":["https:\/\/ww16.ce.gov.br\/seplag\/planejamento\/menu-plano-plurianual\/"]}]},{"@type":"BreadcrumbList","@id":"https:\/\/ww16.ce.gov.br\/seplag\/planejamento\/menu-plano-plurianual\/#breadcrumb","itemListElement":[{"@type":"ListItem","position":1,"name":"In\u00edcio","item":"https:\/\/ww16.ce.gov.br\/seplag\/"},{"@type":"ListItem","position":2,"name":"Planejamento","item":"https:\/\/ww16.ce.gov.br\/seplag\/planejamento\/"},{"@type":"ListItem","position":3,"name":"Plano Plurianual"}]},{"@type":"WebSite","@id":"https:\/\/ww16.ce.gov.br\/seplag\/#website","url":"https:\/\/ww16.ce.gov.br\/seplag\/","name":"Secretaria do Planejamento e Gest\u00e3o","description":"Secretaria do Planejamento e Gest\u00e3o","publisher":{"@id":"https:\/\/ww16.ce.gov.br\/seplag\/#organization"},"potentialAction":[{"@type":"SearchAction","target":{"@type":"EntryPoint","urlTemplate":"https:\/\/ww16.ce.gov.br\/seplag\/?s={search_term_string}"},"query-input":{"@type":"PropertyValueSpecification","valueRequired":true,"valueName":"search_term_string"}}],"inLanguage":"pt-BR"},{"@type":"Organization","@id":"https:\/\/ww16.ce.gov.br\/seplag\/#organization","name":"Secretaria do Planejamento e Gest\u00e3o","url":"https:\/\/ww16.ce.gov.br\/seplag\/","logo":{"@type":"ImageObject","inLanguage":"pt-BR","@id":"https:\/\/ww16.ce.gov.br\/seplag\/#\/schema\/logo\/image\/","url":"http:\/\/ww16.ce.gov.br\/seplag\/wp-content\/uploads\/sites\/14\/2017\/11\/clara-1.png","contentUrl":"http:\/\/ww16.ce.gov.br\/seplag\/wp-content\/uploads\/sites\/14\/2017\/11\/clara-1.png","width":559,"height":106,"caption":"Secretaria do Planejamento e Gest\u00e3o"},"image":{"@id":"https:\/\/ww16.ce.gov.br\/seplag\/#\/schema\/logo\/image\/"}}]}},"_links":{"self":[{"href":"https:\/\/ww16.ce.gov.br\/seplag\/wp-json\/wp\/v2\/pages\/98840","targetHints":{"allow":["GET"]}}],"collection":[{"href":"https:\/\/ww16.ce.gov.br\/seplag\/wp-json\/wp\/v2\/pages"}],"about":[{"href":"https:\/\/ww16.ce.gov.br\/seplag\/wp-json\/wp\/v2\/types\/page"}],"author":[{"embeddable":true,"href":"https:\/\/ww16.ce.gov.br\/seplag\/wp-json\/wp\/v2\/users\/135"}],"replies":[{"embeddable":true,"href":"https:\/\/ww16.ce.gov.br\/seplag\/wp-json\/wp\/v2\/comments?post=98840"}],"version-history":[{"count":1,"href":"https:\/\/ww16.ce.gov.br\/seplag\/wp-json\/wp\/v2\/pages\/98840\/revisions"}],"predecessor-version":[{"id":98843,"href":"https:\/\/ww16.ce.gov.br\/seplag\/wp-json\/wp\/v2\/pages\/98840\/revisions\/98843"}],"up":[{"embeddable":true,"href":"https:\/\/ww16.ce.gov.br\/seplag\/wp-json\/wp\/v2\/pages\/7942"}],"wp:attachment":[{"href":"https:\/\/ww16.ce.gov.br\/seplag\/wp-json\/wp\/v2\/media?parent=98840"}],"curies":[{"name":"wp","href":"https:\/\/api.w.org\/{rel}","templated":true}]}}