{"id":98571,"date":"2026-05-08T09:19:08","date_gmt":"2026-05-08T12:19:08","guid":{"rendered":"https:\/\/ww16.ce.gov.br\/seplag\/?page_id=98571"},"modified":"2026-05-08T09:22:11","modified_gmt":"2026-05-08T12:22:11","slug":"servidor-online","status":"publish","type":"page","link":"https:\/\/ww16.ce.gov.br\/seplag\/servicos\/servidor-online\/","title":{"rendered":"Servidor Online"},"content":{"rendered":"\n<div class=\"wp-block-cegovbr-titulo-personalizado cegovbr-titulo-personalizado\"><div class=\"cegovbr-titulo-header\"><span class=\"material-icons cegovbr-titulo-icon\">person<\/span><h6 class=\"cegovbr-titulo-text\"> <strong>Formul\u00e1rio de Cadastro<\/strong> <strong>Servidor Online<\/strong><\/h6><\/div><\/div>\n\n\n\n<p>Para acessar o Servidor Online, entre em contato com a \u00e1rea de Gest\u00e3o de Pessoas do \u00d3rg\u00e3o\/Entidade em que trabalha para solicitar sua senha. Voc\u00ea receber\u00e1 no e-mail que indicar, ou preencha o formul\u00e1rio&nbsp;de cadastro Servidor Online no link abaixo.<\/p>\n\n\n\n<p>No caso de servidores aposentados, a solicita\u00e7\u00e3o dever\u00e1 ser feita junto \u00e0 institui\u00e7\u00e3o pela qual se aposentou.<\/p>\n\n\n\n<div class=\"wp-block-buttons is-vertical is-content-justification-left is-layout-flex wp-container-core-buttons-is-layout-aacc3761 wp-block-buttons-is-layout-flex\">\n<div class=\"wp-block-button has-custom-width wp-block-button__width-100\"><a class=\"wp-block-button__link wp-element-button\" href=\"https:\/\/guardiaov4.seplag.ce.gov.br\/auth\" target=\"_blank\" rel=\"noreferrer noopener\">Acesso ao Servidor OnLine<\/a><\/div>\n<\/div>\n\n\n\n<div class=\"wp-block-columns is-layout-flex wp-container-core-columns-is-layout-9d6595d7 wp-block-columns-is-layout-flex\">\n<div class=\"wp-block-column is-layout-flow wp-block-column-is-layout-flow\">\n<div class=\"wp-block-buttons is-layout-flex wp-block-buttons-is-layout-flex\">\n<div class=\"wp-block-button has-custom-width wp-block-button__width-100\"><a class=\"wp-block-button__link wp-element-button\" href=\"https:\/\/webapps.seplag.ce.gov.br\/servidor-online\/acesso-externo\/validacao-imposto-renda\" target=\"_blank\" rel=\"noreferrer noopener\">Valida\u00e7\u00e3o para Comprovante de Imposto de Renda<\/a><\/div>\n<\/div>\n<\/div>\n\n\n\n<div class=\"wp-block-column is-layout-flow wp-block-column-is-layout-flow\">\n<div class=\"wp-block-buttons is-layout-flex wp-block-buttons-is-layout-flex\">\n<div class=\"wp-block-button has-custom-width wp-block-button__width-100\"><a class=\"wp-block-button__link wp-element-button\" href=\"https:\/\/webapps.seplag.ce.gov.br\/servidor-online\/acesso-externo\/validacao-extrato-pagamento\" target=\"_blank\" rel=\"noreferrer noopener\">Valida\u00e7\u00e3o para Extrato de Pagamento<\/a><\/div>\n<\/div>\n<\/div>\n<\/div>\n\n\n\n<!-- iframe plugin v.6.0 wordpress.org\/plugins\/iframe\/ -->\n<iframe loading=\"lazy\" src=\"https:\/\/servidoronline.seplag.ce.gov.br\/servidoronline\/cadastroServidor\/formularioCadastro.seam\" width=\"100%\" height=\"600\" scrolling=\"auto\" class=\"iframe-class\" frameborder=\"0\"><\/iframe>\n\n\n\n\n<p><\/p>\n","protected":false},"excerpt":{"rendered":"<p>Para acessar o Servidor Online, entre em contato com a \u00e1rea de Gest\u00e3o de Pessoas do \u00d3rg\u00e3o\/Entidade em que trabalha para solicitar sua senha. Voc\u00ea receber\u00e1 no e-mail que indicar, ou preencha o formul\u00e1rio&nbsp;de cadastro Servidor Online no link abaixo. No caso de servidores aposentados, a solicita\u00e7\u00e3o dever\u00e1 ser feita junto \u00e0 institui\u00e7\u00e3o pela qual [&hellip;]<\/p>\n","protected":false},"author":135,"featured_media":0,"parent":67411,"menu_order":0,"comment_status":"closed","ping_status":"closed","template":"","meta":{"_acf_changed":false,"inline_featured_image":false,"footnotes":""},"class_list":["post-98571","page","type-page","status-publish","hentry"],"acf":[],"yoast_head":"<!-- This site is optimized with the Yoast SEO plugin v26.9 - https:\/\/yoast.com\/product\/yoast-seo-wordpress\/ -->\n<title>Servidor Online - Secretaria do Planejamento e Gest\u00e3o<\/title>\n<meta name=\"robots\" content=\"index, follow, max-snippet:-1, max-image-preview:large, max-video-preview:-1\" \/>\n<link rel=\"canonical\" href=\"https:\/\/ww16.ce.gov.br\/seplag\/servicos\/servidor-online\/\" \/>\n<meta property=\"og:locale\" content=\"pt_BR\" \/>\n<meta property=\"og:type\" content=\"article\" \/>\n<meta property=\"og:title\" content=\"Servidor Online - Secretaria do Planejamento e Gest\u00e3o\" \/>\n<meta property=\"og:description\" content=\"Para acessar o Servidor Online, entre em contato com a \u00e1rea de Gest\u00e3o de Pessoas do \u00d3rg\u00e3o\/Entidade em que trabalha para solicitar sua senha. Voc\u00ea receber\u00e1 no e-mail que indicar, ou preencha o formul\u00e1rio&nbsp;de cadastro Servidor Online no link abaixo. No caso de servidores aposentados, a solicita\u00e7\u00e3o dever\u00e1 ser feita junto \u00e0 institui\u00e7\u00e3o pela qual [&hellip;]\" \/>\n<meta property=\"og:url\" content=\"https:\/\/ww16.ce.gov.br\/seplag\/servicos\/servidor-online\/\" \/>\n<meta property=\"og:site_name\" content=\"Secretaria do Planejamento e Gest\u00e3o\" \/>\n<meta property=\"article:modified_time\" content=\"2026-05-08T12:22:11+00:00\" \/>\n<meta name=\"twitter:card\" content=\"summary_large_image\" \/>\n<meta name=\"twitter:label1\" content=\"Est. reading time\" \/>\n\t<meta name=\"twitter:data1\" content=\"1 minuto\" \/>\n<script type=\"application\/ld+json\" class=\"yoast-schema-graph\">{\"@context\":\"https:\/\/schema.org\",\"@graph\":[{\"@type\":\"WebPage\",\"@id\":\"https:\/\/ww16.ce.gov.br\/seplag\/servicos\/servidor-online\/\",\"url\":\"https:\/\/ww16.ce.gov.br\/seplag\/servicos\/servidor-online\/\",\"name\":\"Servidor Online - Secretaria do Planejamento e Gest\u00e3o\",\"isPartOf\":{\"@id\":\"https:\/\/ww16.ce.gov.br\/seplag\/#website\"},\"datePublished\":\"2026-05-08T12:19:08+00:00\",\"dateModified\":\"2026-05-08T12:22:11+00:00\",\"breadcrumb\":{\"@id\":\"https:\/\/ww16.ce.gov.br\/seplag\/servicos\/servidor-online\/#breadcrumb\"},\"inLanguage\":\"pt-BR\",\"potentialAction\":[{\"@type\":\"ReadAction\",\"target\":[\"https:\/\/ww16.ce.gov.br\/seplag\/servicos\/servidor-online\/\"]}]},{\"@type\":\"BreadcrumbList\",\"@id\":\"https:\/\/ww16.ce.gov.br\/seplag\/servicos\/servidor-online\/#breadcrumb\",\"itemListElement\":[{\"@type\":\"ListItem\",\"position\":1,\"name\":\"In\u00edcio\",\"item\":\"https:\/\/ww16.ce.gov.br\/seplag\/\"},{\"@type\":\"ListItem\",\"position\":2,\"name\":\"SERVI\u00c7OS\",\"item\":\"https:\/\/ww16.ce.gov.br\/seplag\/servicos\/\"},{\"@type\":\"ListItem\",\"position\":3,\"name\":\"Servidor Online\"}]},{\"@type\":\"WebSite\",\"@id\":\"https:\/\/ww16.ce.gov.br\/seplag\/#website\",\"url\":\"https:\/\/ww16.ce.gov.br\/seplag\/\",\"name\":\"Secretaria do Planejamento e Gest\u00e3o\",\"description\":\"Secretaria do Planejamento e Gest\u00e3o\",\"publisher\":{\"@id\":\"https:\/\/ww16.ce.gov.br\/seplag\/#organization\"},\"potentialAction\":[{\"@type\":\"SearchAction\",\"target\":{\"@type\":\"EntryPoint\",\"urlTemplate\":\"https:\/\/ww16.ce.gov.br\/seplag\/?s={search_term_string}\"},\"query-input\":{\"@type\":\"PropertyValueSpecification\",\"valueRequired\":true,\"valueName\":\"search_term_string\"}}],\"inLanguage\":\"pt-BR\"},{\"@type\":\"Organization\",\"@id\":\"https:\/\/ww16.ce.gov.br\/seplag\/#organization\",\"name\":\"Secretaria do Planejamento e Gest\u00e3o\",\"url\":\"https:\/\/ww16.ce.gov.br\/seplag\/\",\"logo\":{\"@type\":\"ImageObject\",\"inLanguage\":\"pt-BR\",\"@id\":\"https:\/\/ww16.ce.gov.br\/seplag\/#\/schema\/logo\/image\/\",\"url\":\"http:\/\/ww16.ce.gov.br\/seplag\/wp-content\/uploads\/sites\/14\/2017\/11\/clara-1.png\",\"contentUrl\":\"http:\/\/ww16.ce.gov.br\/seplag\/wp-content\/uploads\/sites\/14\/2017\/11\/clara-1.png\",\"width\":559,\"height\":106,\"caption\":\"Secretaria do Planejamento e Gest\u00e3o\"},\"image\":{\"@id\":\"https:\/\/ww16.ce.gov.br\/seplag\/#\/schema\/logo\/image\/\"}}]}<\/script>\n<!-- \/ Yoast SEO plugin. -->","yoast_head_json":{"title":"Servidor Online - Secretaria do Planejamento e Gest\u00e3o","robots":{"index":"index","follow":"follow","max-snippet":"max-snippet:-1","max-image-preview":"max-image-preview:large","max-video-preview":"max-video-preview:-1"},"canonical":"https:\/\/ww16.ce.gov.br\/seplag\/servicos\/servidor-online\/","og_locale":"pt_BR","og_type":"article","og_title":"Servidor Online - Secretaria do Planejamento e Gest\u00e3o","og_description":"Para acessar o Servidor Online, entre em contato com a \u00e1rea de Gest\u00e3o de Pessoas do \u00d3rg\u00e3o\/Entidade em que trabalha para solicitar sua senha. Voc\u00ea receber\u00e1 no e-mail que indicar, ou preencha o formul\u00e1rio&nbsp;de cadastro Servidor Online no link abaixo. No caso de servidores aposentados, a solicita\u00e7\u00e3o dever\u00e1 ser feita junto \u00e0 institui\u00e7\u00e3o pela qual [&hellip;]","og_url":"https:\/\/ww16.ce.gov.br\/seplag\/servicos\/servidor-online\/","og_site_name":"Secretaria do Planejamento e Gest\u00e3o","article_modified_time":"2026-05-08T12:22:11+00:00","twitter_card":"summary_large_image","twitter_misc":{"Est. reading time":"1 minuto"},"schema":{"@context":"https:\/\/schema.org","@graph":[{"@type":"WebPage","@id":"https:\/\/ww16.ce.gov.br\/seplag\/servicos\/servidor-online\/","url":"https:\/\/ww16.ce.gov.br\/seplag\/servicos\/servidor-online\/","name":"Servidor Online - Secretaria do Planejamento e Gest\u00e3o","isPartOf":{"@id":"https:\/\/ww16.ce.gov.br\/seplag\/#website"},"datePublished":"2026-05-08T12:19:08+00:00","dateModified":"2026-05-08T12:22:11+00:00","breadcrumb":{"@id":"https:\/\/ww16.ce.gov.br\/seplag\/servicos\/servidor-online\/#breadcrumb"},"inLanguage":"pt-BR","potentialAction":[{"@type":"ReadAction","target":["https:\/\/ww16.ce.gov.br\/seplag\/servicos\/servidor-online\/"]}]},{"@type":"BreadcrumbList","@id":"https:\/\/ww16.ce.gov.br\/seplag\/servicos\/servidor-online\/#breadcrumb","itemListElement":[{"@type":"ListItem","position":1,"name":"In\u00edcio","item":"https:\/\/ww16.ce.gov.br\/seplag\/"},{"@type":"ListItem","position":2,"name":"SERVI\u00c7OS","item":"https:\/\/ww16.ce.gov.br\/seplag\/servicos\/"},{"@type":"ListItem","position":3,"name":"Servidor Online"}]},{"@type":"WebSite","@id":"https:\/\/ww16.ce.gov.br\/seplag\/#website","url":"https:\/\/ww16.ce.gov.br\/seplag\/","name":"Secretaria do Planejamento e Gest\u00e3o","description":"Secretaria do Planejamento e Gest\u00e3o","publisher":{"@id":"https:\/\/ww16.ce.gov.br\/seplag\/#organization"},"potentialAction":[{"@type":"SearchAction","target":{"@type":"EntryPoint","urlTemplate":"https:\/\/ww16.ce.gov.br\/seplag\/?s={search_term_string}"},"query-input":{"@type":"PropertyValueSpecification","valueRequired":true,"valueName":"search_term_string"}}],"inLanguage":"pt-BR"},{"@type":"Organization","@id":"https:\/\/ww16.ce.gov.br\/seplag\/#organization","name":"Secretaria do Planejamento e Gest\u00e3o","url":"https:\/\/ww16.ce.gov.br\/seplag\/","logo":{"@type":"ImageObject","inLanguage":"pt-BR","@id":"https:\/\/ww16.ce.gov.br\/seplag\/#\/schema\/logo\/image\/","url":"http:\/\/ww16.ce.gov.br\/seplag\/wp-content\/uploads\/sites\/14\/2017\/11\/clara-1.png","contentUrl":"http:\/\/ww16.ce.gov.br\/seplag\/wp-content\/uploads\/sites\/14\/2017\/11\/clara-1.png","width":559,"height":106,"caption":"Secretaria do Planejamento e Gest\u00e3o"},"image":{"@id":"https:\/\/ww16.ce.gov.br\/seplag\/#\/schema\/logo\/image\/"}}]}},"_links":{"self":[{"href":"https:\/\/ww16.ce.gov.br\/seplag\/wp-json\/wp\/v2\/pages\/98571","targetHints":{"allow":["GET"]}}],"collection":[{"href":"https:\/\/ww16.ce.gov.br\/seplag\/wp-json\/wp\/v2\/pages"}],"about":[{"href":"https:\/\/ww16.ce.gov.br\/seplag\/wp-json\/wp\/v2\/types\/page"}],"author":[{"embeddable":true,"href":"https:\/\/ww16.ce.gov.br\/seplag\/wp-json\/wp\/v2\/users\/135"}],"replies":[{"embeddable":true,"href":"https:\/\/ww16.ce.gov.br\/seplag\/wp-json\/wp\/v2\/comments?post=98571"}],"version-history":[{"count":2,"href":"https:\/\/ww16.ce.gov.br\/seplag\/wp-json\/wp\/v2\/pages\/98571\/revisions"}],"predecessor-version":[{"id":98574,"href":"https:\/\/ww16.ce.gov.br\/seplag\/wp-json\/wp\/v2\/pages\/98571\/revisions\/98574"}],"up":[{"embeddable":true,"href":"https:\/\/ww16.ce.gov.br\/seplag\/wp-json\/wp\/v2\/pages\/67411"}],"wp:attachment":[{"href":"https:\/\/ww16.ce.gov.br\/seplag\/wp-json\/wp\/v2\/media?parent=98571"}],"curies":[{"name":"wp","href":"https:\/\/api.w.org\/{rel}","templated":true}]}}