{"id":98549,"date":"2026-05-08T08:44:23","date_gmt":"2026-05-08T11:44:23","guid":{"rendered":"https:\/\/ww16.ce.gov.br\/seplag\/?page_id=98549"},"modified":"2026-05-08T08:44:57","modified_gmt":"2026-05-08T11:44:57","slug":"gestao-de-abastecimento-e-manutencao-leve-veicular","status":"publish","type":"page","link":"https:\/\/ww16.ce.gov.br\/seplag\/servicos\/gestao-de-abastecimento-e-manutencao-leve-veicular\/","title":{"rendered":"Gest\u00e3o de Abastecimento e Manuten\u00e7\u00e3o Leve Veicular"},"content":{"rendered":"\n<p>O gerenciamento corporativo do abastecimento e manuten\u00e7\u00e3o leve de ve\u00edculos\/equipamentos da Administra\u00e7\u00e3o P\u00fablica Estadual \u00e9 realizado por meio de utiliza\u00e7\u00e3o de cart\u00e3o magn\u00e9tico em rede de servi\u00e7os especializadas junto a postos de combust\u00edveis e estabelecimentos credenciados \u00e9 realizado pela Secretaria do Planejamento e Gest\u00e3o (SEPLAG) por meio da Coordenadoria de Gest\u00e3o Patrimonial e Recursos Log\u00edsticos (COPAT).<\/p>\n\n\n\n<p>O objetivo \u00e9 tornar a gest\u00e3o desses servi\u00e7os cada vez mais eficiente, com base em informa\u00e7\u00f5es \u00e1geis e confi\u00e1veis, de modo a aperfei\u00e7oar a utiliza\u00e7\u00e3o dos recursos p\u00fablicos.<\/p>\n\n\n\n<p>Um dos fatores que influenciam na qualidade dos servi\u00e7os \u00e9 a padroniza\u00e7\u00e3o de normas e procedimentos para a utiliza\u00e7\u00e3o da frota de ve\u00edculos e a capacita\u00e7\u00e3o dos usu\u00e1rios para fazer cumprir as rotinas b\u00e1sicas.O \u00faltimo processo licitat\u00f3rio para contrata\u00e7\u00e3o dos servi\u00e7os de gerenciamento do abastecimento da frota ocorreu por meio do Preg\u00e3o Eletr\u00f4nico n\u00ba. 20200001.<\/p>\n\n\n\n<p>Com a implanta\u00e7\u00e3o dos novos contratos de gest\u00e3o do abastecimento e manuten\u00e7\u00e3o leve da frota, o Governo do Estado atende a demandas por esses servi\u00e7os de, aproximadamente, sessenta e um \u00f3rg\u00e3os\/entidades totalizando 90 contratos e dez mil unidades de consumo, entre ve\u00edculos e equipamentos.<\/p>\n\n\n\n<p><strong>Disponibilizamos para&nbsp;<em>download&nbsp;<\/em>informa\u00e7\u00f5es e documentos relacionados \u00e0 gest\u00e3o do abastecimento e manuten\u00e7\u00e3o leve da frota do Governo do Estado.<\/strong><\/p>\n\n\n\n<ul class=\"wp-block-list\">\n<li><a href=\"\/seplag\/wp-content\/uploads\/sites\/62\/2025\/07\/FOLDER-Guia-Pratico-3.pdf\" target=\"_blank\" rel=\"noreferrer noopener\">Folder &#8211; Guia Pr\u00e1tico<\/a><\/li>\n\n\n\n<li><a href=\"\/seplag\/wp-content\/uploads\/sites\/62\/2025\/07\/Como-Economizar-com-Combustivel.pdf\" target=\"_blank\" rel=\"noreferrer noopener\">Informativo &#8211; Como Economizar Combust\u00edvel<\/a><\/li>\n\n\n\n<li><a href=\"\/seplag\/wp-content\/uploads\/sites\/62\/2025\/04\/INSTRUCAO-NORMATIVA.pdf\" target=\"_blank\" rel=\"noreferrer noopener\">Instru\u00e7\u00e3o Normativa<\/a><\/li>\n\n\n\n<li><a href=\"\/seplag\/wp-content\/uploads\/sites\/62\/2020\/10\/02-Aviso-de-Licitao.pdf\" target=\"_blank\" rel=\"noreferrer noopener\">Aviso de Licita\u00e7\u00e3o<\/a><\/li>\n\n\n\n<li><a href=\"\/seplag\/wp-content\/uploads\/sites\/62\/2020\/10\/04-Termo-de-Homologao.pdf\" target=\"_blank\" rel=\"noreferrer noopener\">Termo de Homologa\u00e7\u00e3o<\/a><\/li>\n\n\n\n<li><a href=\"\/seplag\/wp-content\/uploads\/sites\/62\/2020\/10\/06-Minuta-do-Contrato.pdf\" target=\"_blank\" rel=\"noreferrer noopener\">Minuta do Contrato<\/a><\/li>\n\n\n\n<li><a href=\"\/seplag\/wp-content\/uploads\/sites\/62\/2020\/10\/01-Edital.pdf\" target=\"_blank\" rel=\"noreferrer noopener\">Edital<\/a><\/li>\n\n\n\n<li><a href=\"\/seplag\/wp-content\/uploads\/sites\/62\/2020\/10\/03-Aviso-de-Resultado.pdf\" target=\"_blank\" rel=\"noreferrer noopener\">AVISO DE RESULTADO<\/a><\/li>\n\n\n\n<li><a href=\"\/seplag\/wp-content\/uploads\/sites\/62\/2023\/02\/EXTRATO-DA-ATA.pdf\" target=\"_blank\" rel=\"noreferrer noopener\">EXTRATO DA ATA<\/a><\/li>\n\n\n\n<li><a href=\"\/seplag\/wp-content\/uploads\/sites\/62\/2025\/04\/OFICIO-CIRCULAR-No-000048-DIRETRIZES-ATUALIZADAS.pdf\">OF\u00cdCIO CIRCULAR N\u00ba 000048 \u2013 DIRETRIZES ATUALIZADAS.<\/a><\/li>\n\n\n\n<li><a href=\"\/seplag\/wp-content\/uploads\/sites\/62\/2022\/03\/OFICIO-CIRCULAR-No-02.2022-DIRETRIZES.pdf\" target=\"_blank\" rel=\"noreferrer noopener\">OF\u00cdCIO CIRCULAR N\u00ba 02.2022 \u2013 DIRETRIZES<\/a><\/li>\n\n\n\n<li><a href=\"\/seplag\/wp-content\/uploads\/sites\/62\/2018\/06\/3-OficioCircular136-2009-SolicitacoesAbastecimento.pdf\" target=\"_blank\" rel=\"noreferrer noopener\">OF\u00cdCIO CIRCULAR N\u00ba 136\/2009<\/a><\/li>\n\n\n\n<li><a href=\"\/seplag\/wp-content\/uploads\/sites\/62\/2018\/06\/4-OficioCircular-142-2009-Viagem.pdf\" target=\"_blank\" rel=\"noreferrer noopener\">OF\u00cdCIO CIRCULAR N\u00ba 142\/2009<\/a><\/li>\n\n\n\n<li><a href=\"\/seplag\/wp-content\/uploads\/sites\/62\/2023\/02\/DECLARACAO-DA-OFICINA.pdf\" target=\"_blank\" rel=\"noreferrer noopener\">DECLARA\u00c7\u00c3O DA OFICINA<\/a><\/li>\n\n\n\n<li><a href=\"\/seplag\/wp-content\/uploads\/sites\/62\/2023\/04\/MANUAL-PARA-PAGAMENTO-DIGITAL-QR-CODE.pdf\" target=\"_blank\" rel=\"noreferrer noopener\">MANUAL PARA PAGAMENTO DIGITAL \/ QR CODE<\/a><\/li>\n\n\n\n<li><a href=\"\/seplag\/wp-content\/uploads\/sites\/62\/2023\/02\/GUIA-DE-PROCEDIMENTOS-DE-VENDAS-POS.pdf\" target=\"_blank\" rel=\"noreferrer noopener\">GUIA DE PROCEDIMENTOS DE VENDAS POS<\/a><\/li>\n\n\n\n<li><a href=\"\/seplag\/wp-content\/uploads\/sites\/62\/2023\/02\/APLICATIVO-PARA-GESTORA-DE-FROTA.pdf\" target=\"_blank\" rel=\"noreferrer noopener\">APLICATIVO PARA GESTOR(A) DE FROTA<\/a><\/li>\n\n\n\n<li><a href=\"\/seplag\/wp-content\/uploads\/sites\/62\/2023\/04\/APLICATIVO-PARA-CONDUTOR-MINHA-MOBILIDADE.pdf\" target=\"_blank\" rel=\"noreferrer noopener\">APP (APLICATIPO PARA CONDUTOR \u2013 MINHA MOBILIDADE)<\/a><\/li>\n\n\n\n<li><a href=\"\/seplag\/wp-content\/uploads\/sites\/62\/2025\/04\/APRESENTACAO-%E2%80%93-GESTAO-DE-ABASTECIMENTO-E-MANUTENCAO-LEVE-VEICULAR.pdf\" target=\"_blank\" rel=\"noreferrer noopener\">APRESENTA\u00c7\u00c3O \u2013 GEST\u00c3O DE ABASTECIMENTO E MANUTEN\u00c7\u00c3O LEVE VEICULAR<\/a><\/li>\n\n\n\n<li><a href=\"\/seplag\/wp-content\/uploads\/sites\/62\/2025\/04\/CERTIDAO-NEGATIVA-COMPROBATORIA.pdf\" target=\"_blank\" rel=\"noreferrer noopener\">CERTID\u00c3O NEGATIVA COMPROBAT\u00d3RIA<\/a><\/li>\n\n\n\n<li><a href=\"\/seplag\/wp-content\/uploads\/sites\/62\/2025\/04\/FLUXO-DO-PROCESSO-DE-COMPRA-CORPORATIVA.pdf\" target=\"_blank\" rel=\"noreferrer noopener\">FLUXO DO PROCESSO DE COMPRA CORPORATIVA<\/a><\/li>\n\n\n\n<li><a href=\"\/seplag\/wp-content\/uploads\/sites\/62\/2025\/07\/INFORMATIVO-%E2%80%93-GESTAO-DE-ABASTECIMENTO.pdf\" target=\"_blank\" rel=\"noreferrer noopener\">INFORMATIVO \u2013 GEST\u00c3O DE ABASTECIMENTO<\/a><\/li>\n\n\n\n<li><a href=\"\/seplag\/wp-content\/uploads\/sites\/62\/2025\/04\/PLANILHA-%E2%80%93-CADASTRO-DE-EQUIPAMENTOS.pdf\" target=\"_blank\" rel=\"noreferrer noopener\">PLANILHA \u2013 CADASTRO DE EQUIPAMENTOS<\/a><\/li>\n\n\n\n<li><a href=\"\/seplag\/wp-content\/uploads\/sites\/62\/2025\/04\/RESPONSABILIDADES-DA-GESTAO-DE-FROTA.pdf\" target=\"_blank\" rel=\"noreferrer noopener\">RESPONSABILIDADES DA GEST\u00c3O DE FROTA<\/a><\/li>\n\n\n\n<li><a href=\"\/seplag\/wp-content\/uploads\/sites\/62\/2025\/04\/SIGEF-%E2%80%93-SISTEMA-DE-GESTAO-DE-FROTA.pdf\" target=\"_blank\" rel=\"noreferrer noopener\">SIGEF \u2013 SISTEMA DE GEST\u00c3O DE FROTA<\/a><\/li>\n<\/ul>\n","protected":false},"excerpt":{"rendered":"<p>O gerenciamento corporativo do abastecimento e manuten\u00e7\u00e3o leve de ve\u00edculos\/equipamentos da Administra\u00e7\u00e3o P\u00fablica Estadual \u00e9 realizado por meio de utiliza\u00e7\u00e3o de cart\u00e3o magn\u00e9tico em rede de servi\u00e7os especializadas junto a postos de combust\u00edveis e estabelecimentos credenciados \u00e9 realizado pela Secretaria do Planejamento e Gest\u00e3o (SEPLAG) por meio da Coordenadoria de Gest\u00e3o Patrimonial e Recursos Log\u00edsticos [&hellip;]<\/p>\n","protected":false},"author":135,"featured_media":0,"parent":67411,"menu_order":0,"comment_status":"closed","ping_status":"closed","template":"","meta":{"_acf_changed":false,"inline_featured_image":false,"footnotes":""},"class_list":["post-98549","page","type-page","status-publish","hentry"],"acf":[],"yoast_head":"<!-- This site is optimized with the Yoast SEO plugin v26.9 - https:\/\/yoast.com\/product\/yoast-seo-wordpress\/ -->\n<title>Gest\u00e3o de Abastecimento e Manuten\u00e7\u00e3o Leve Veicular - Secretaria do Planejamento e Gest\u00e3o<\/title>\n<meta name=\"robots\" content=\"index, follow, max-snippet:-1, max-image-preview:large, max-video-preview:-1\" \/>\n<link rel=\"canonical\" href=\"https:\/\/ww16.ce.gov.br\/seplag\/servicos\/gestao-de-abastecimento-e-manutencao-leve-veicular\/\" \/>\n<meta property=\"og:locale\" content=\"pt_BR\" \/>\n<meta property=\"og:type\" content=\"article\" \/>\n<meta property=\"og:title\" content=\"Gest\u00e3o de Abastecimento e Manuten\u00e7\u00e3o Leve Veicular - Secretaria do Planejamento e Gest\u00e3o\" \/>\n<meta property=\"og:description\" content=\"O gerenciamento corporativo do abastecimento e manuten\u00e7\u00e3o leve de ve\u00edculos\/equipamentos da Administra\u00e7\u00e3o P\u00fablica Estadual \u00e9 realizado por meio de utiliza\u00e7\u00e3o de cart\u00e3o magn\u00e9tico em rede de servi\u00e7os especializadas junto a postos de combust\u00edveis e estabelecimentos credenciados \u00e9 realizado pela Secretaria do Planejamento e Gest\u00e3o (SEPLAG) por meio da Coordenadoria de Gest\u00e3o Patrimonial e Recursos Log\u00edsticos [&hellip;]\" \/>\n<meta property=\"og:url\" content=\"https:\/\/ww16.ce.gov.br\/seplag\/servicos\/gestao-de-abastecimento-e-manutencao-leve-veicular\/\" \/>\n<meta property=\"og:site_name\" content=\"Secretaria do Planejamento e Gest\u00e3o\" \/>\n<meta property=\"article:modified_time\" content=\"2026-05-08T11:44:57+00:00\" \/>\n<meta name=\"twitter:card\" content=\"summary_large_image\" \/>\n<meta name=\"twitter:label1\" content=\"Est. reading time\" \/>\n\t<meta name=\"twitter:data1\" content=\"2 minutos\" \/>\n<script type=\"application\/ld+json\" class=\"yoast-schema-graph\">{\"@context\":\"https:\/\/schema.org\",\"@graph\":[{\"@type\":\"WebPage\",\"@id\":\"https:\/\/ww16.ce.gov.br\/seplag\/servicos\/gestao-de-abastecimento-e-manutencao-leve-veicular\/\",\"url\":\"https:\/\/ww16.ce.gov.br\/seplag\/servicos\/gestao-de-abastecimento-e-manutencao-leve-veicular\/\",\"name\":\"Gest\u00e3o de Abastecimento e Manuten\u00e7\u00e3o Leve Veicular - Secretaria do Planejamento e Gest\u00e3o\",\"isPartOf\":{\"@id\":\"https:\/\/ww16.ce.gov.br\/seplag\/#website\"},\"datePublished\":\"2026-05-08T11:44:23+00:00\",\"dateModified\":\"2026-05-08T11:44:57+00:00\",\"breadcrumb\":{\"@id\":\"https:\/\/ww16.ce.gov.br\/seplag\/servicos\/gestao-de-abastecimento-e-manutencao-leve-veicular\/#breadcrumb\"},\"inLanguage\":\"pt-BR\",\"potentialAction\":[{\"@type\":\"ReadAction\",\"target\":[\"https:\/\/ww16.ce.gov.br\/seplag\/servicos\/gestao-de-abastecimento-e-manutencao-leve-veicular\/\"]}]},{\"@type\":\"BreadcrumbList\",\"@id\":\"https:\/\/ww16.ce.gov.br\/seplag\/servicos\/gestao-de-abastecimento-e-manutencao-leve-veicular\/#breadcrumb\",\"itemListElement\":[{\"@type\":\"ListItem\",\"position\":1,\"name\":\"In\u00edcio\",\"item\":\"https:\/\/ww16.ce.gov.br\/seplag\/\"},{\"@type\":\"ListItem\",\"position\":2,\"name\":\"SERVI\u00c7OS\",\"item\":\"https:\/\/ww16.ce.gov.br\/seplag\/servicos\/\"},{\"@type\":\"ListItem\",\"position\":3,\"name\":\"Gest\u00e3o de Abastecimento e Manuten\u00e7\u00e3o Leve Veicular\"}]},{\"@type\":\"WebSite\",\"@id\":\"https:\/\/ww16.ce.gov.br\/seplag\/#website\",\"url\":\"https:\/\/ww16.ce.gov.br\/seplag\/\",\"name\":\"Secretaria do Planejamento e Gest\u00e3o\",\"description\":\"Secretaria do Planejamento e Gest\u00e3o\",\"publisher\":{\"@id\":\"https:\/\/ww16.ce.gov.br\/seplag\/#organization\"},\"potentialAction\":[{\"@type\":\"SearchAction\",\"target\":{\"@type\":\"EntryPoint\",\"urlTemplate\":\"https:\/\/ww16.ce.gov.br\/seplag\/?s={search_term_string}\"},\"query-input\":{\"@type\":\"PropertyValueSpecification\",\"valueRequired\":true,\"valueName\":\"search_term_string\"}}],\"inLanguage\":\"pt-BR\"},{\"@type\":\"Organization\",\"@id\":\"https:\/\/ww16.ce.gov.br\/seplag\/#organization\",\"name\":\"Secretaria do Planejamento e Gest\u00e3o\",\"url\":\"https:\/\/ww16.ce.gov.br\/seplag\/\",\"logo\":{\"@type\":\"ImageObject\",\"inLanguage\":\"pt-BR\",\"@id\":\"https:\/\/ww16.ce.gov.br\/seplag\/#\/schema\/logo\/image\/\",\"url\":\"http:\/\/ww16.ce.gov.br\/seplag\/wp-content\/uploads\/sites\/14\/2017\/11\/clara-1.png\",\"contentUrl\":\"http:\/\/ww16.ce.gov.br\/seplag\/wp-content\/uploads\/sites\/14\/2017\/11\/clara-1.png\",\"width\":559,\"height\":106,\"caption\":\"Secretaria do Planejamento e Gest\u00e3o\"},\"image\":{\"@id\":\"https:\/\/ww16.ce.gov.br\/seplag\/#\/schema\/logo\/image\/\"}}]}<\/script>\n<!-- \/ Yoast SEO plugin. -->","yoast_head_json":{"title":"Gest\u00e3o de Abastecimento e Manuten\u00e7\u00e3o Leve Veicular - Secretaria do Planejamento e Gest\u00e3o","robots":{"index":"index","follow":"follow","max-snippet":"max-snippet:-1","max-image-preview":"max-image-preview:large","max-video-preview":"max-video-preview:-1"},"canonical":"https:\/\/ww16.ce.gov.br\/seplag\/servicos\/gestao-de-abastecimento-e-manutencao-leve-veicular\/","og_locale":"pt_BR","og_type":"article","og_title":"Gest\u00e3o de Abastecimento e Manuten\u00e7\u00e3o Leve Veicular - Secretaria do Planejamento e Gest\u00e3o","og_description":"O gerenciamento corporativo do abastecimento e manuten\u00e7\u00e3o leve de ve\u00edculos\/equipamentos da Administra\u00e7\u00e3o P\u00fablica Estadual \u00e9 realizado por meio de utiliza\u00e7\u00e3o de cart\u00e3o magn\u00e9tico em rede de servi\u00e7os especializadas junto a postos de combust\u00edveis e estabelecimentos credenciados \u00e9 realizado pela Secretaria do Planejamento e Gest\u00e3o (SEPLAG) por meio da Coordenadoria de Gest\u00e3o Patrimonial e Recursos Log\u00edsticos [&hellip;]","og_url":"https:\/\/ww16.ce.gov.br\/seplag\/servicos\/gestao-de-abastecimento-e-manutencao-leve-veicular\/","og_site_name":"Secretaria do Planejamento e Gest\u00e3o","article_modified_time":"2026-05-08T11:44:57+00:00","twitter_card":"summary_large_image","twitter_misc":{"Est. reading time":"2 minutos"},"schema":{"@context":"https:\/\/schema.org","@graph":[{"@type":"WebPage","@id":"https:\/\/ww16.ce.gov.br\/seplag\/servicos\/gestao-de-abastecimento-e-manutencao-leve-veicular\/","url":"https:\/\/ww16.ce.gov.br\/seplag\/servicos\/gestao-de-abastecimento-e-manutencao-leve-veicular\/","name":"Gest\u00e3o de Abastecimento e Manuten\u00e7\u00e3o Leve Veicular - Secretaria do Planejamento e Gest\u00e3o","isPartOf":{"@id":"https:\/\/ww16.ce.gov.br\/seplag\/#website"},"datePublished":"2026-05-08T11:44:23+00:00","dateModified":"2026-05-08T11:44:57+00:00","breadcrumb":{"@id":"https:\/\/ww16.ce.gov.br\/seplag\/servicos\/gestao-de-abastecimento-e-manutencao-leve-veicular\/#breadcrumb"},"inLanguage":"pt-BR","potentialAction":[{"@type":"ReadAction","target":["https:\/\/ww16.ce.gov.br\/seplag\/servicos\/gestao-de-abastecimento-e-manutencao-leve-veicular\/"]}]},{"@type":"BreadcrumbList","@id":"https:\/\/ww16.ce.gov.br\/seplag\/servicos\/gestao-de-abastecimento-e-manutencao-leve-veicular\/#breadcrumb","itemListElement":[{"@type":"ListItem","position":1,"name":"In\u00edcio","item":"https:\/\/ww16.ce.gov.br\/seplag\/"},{"@type":"ListItem","position":2,"name":"SERVI\u00c7OS","item":"https:\/\/ww16.ce.gov.br\/seplag\/servicos\/"},{"@type":"ListItem","position":3,"name":"Gest\u00e3o de Abastecimento e Manuten\u00e7\u00e3o Leve Veicular"}]},{"@type":"WebSite","@id":"https:\/\/ww16.ce.gov.br\/seplag\/#website","url":"https:\/\/ww16.ce.gov.br\/seplag\/","name":"Secretaria do Planejamento e Gest\u00e3o","description":"Secretaria do Planejamento e Gest\u00e3o","publisher":{"@id":"https:\/\/ww16.ce.gov.br\/seplag\/#organization"},"potentialAction":[{"@type":"SearchAction","target":{"@type":"EntryPoint","urlTemplate":"https:\/\/ww16.ce.gov.br\/seplag\/?s={search_term_string}"},"query-input":{"@type":"PropertyValueSpecification","valueRequired":true,"valueName":"search_term_string"}}],"inLanguage":"pt-BR"},{"@type":"Organization","@id":"https:\/\/ww16.ce.gov.br\/seplag\/#organization","name":"Secretaria do Planejamento e Gest\u00e3o","url":"https:\/\/ww16.ce.gov.br\/seplag\/","logo":{"@type":"ImageObject","inLanguage":"pt-BR","@id":"https:\/\/ww16.ce.gov.br\/seplag\/#\/schema\/logo\/image\/","url":"http:\/\/ww16.ce.gov.br\/seplag\/wp-content\/uploads\/sites\/14\/2017\/11\/clara-1.png","contentUrl":"http:\/\/ww16.ce.gov.br\/seplag\/wp-content\/uploads\/sites\/14\/2017\/11\/clara-1.png","width":559,"height":106,"caption":"Secretaria do Planejamento e Gest\u00e3o"},"image":{"@id":"https:\/\/ww16.ce.gov.br\/seplag\/#\/schema\/logo\/image\/"}}]}},"_links":{"self":[{"href":"https:\/\/ww16.ce.gov.br\/seplag\/wp-json\/wp\/v2\/pages\/98549","targetHints":{"allow":["GET"]}}],"collection":[{"href":"https:\/\/ww16.ce.gov.br\/seplag\/wp-json\/wp\/v2\/pages"}],"about":[{"href":"https:\/\/ww16.ce.gov.br\/seplag\/wp-json\/wp\/v2\/types\/page"}],"author":[{"embeddable":true,"href":"https:\/\/ww16.ce.gov.br\/seplag\/wp-json\/wp\/v2\/users\/135"}],"replies":[{"embeddable":true,"href":"https:\/\/ww16.ce.gov.br\/seplag\/wp-json\/wp\/v2\/comments?post=98549"}],"version-history":[{"count":1,"href":"https:\/\/ww16.ce.gov.br\/seplag\/wp-json\/wp\/v2\/pages\/98549\/revisions"}],"predecessor-version":[{"id":98553,"href":"https:\/\/ww16.ce.gov.br\/seplag\/wp-json\/wp\/v2\/pages\/98549\/revisions\/98553"}],"up":[{"embeddable":true,"href":"https:\/\/ww16.ce.gov.br\/seplag\/wp-json\/wp\/v2\/pages\/67411"}],"wp:attachment":[{"href":"https:\/\/ww16.ce.gov.br\/seplag\/wp-json\/wp\/v2\/media?parent=98549"}],"curies":[{"name":"wp","href":"https:\/\/api.w.org\/{rel}","templated":true}]}}