{"id":98545,"date":"2026-05-08T08:32:59","date_gmt":"2026-05-08T11:32:59","guid":{"rendered":"https:\/\/ww16.ce.gov.br\/seplag\/?page_id=98545"},"modified":"2026-05-08T08:34:40","modified_gmt":"2026-05-08T11:34:40","slug":"lgpd","status":"publish","type":"page","link":"https:\/\/ww16.ce.gov.br\/seplag\/servicos\/lgpd\/","title":{"rendered":"LGPD"},"content":{"rendered":"\n<figure class=\"wp-block-image aligncenter size-large is-resized\"><img loading=\"lazy\" decoding=\"async\" width=\"1200\" height=\"471\" src=\"https:\/\/ww16.ce.gov.br\/seplag\/wp-content\/uploads\/sites\/62\/2025\/06\/lgpd-1200x471.png\" alt=\"\" class=\"wp-image-94166\" style=\"aspect-ratio:2.5478418773571727;width:552px;height:auto\" srcset=\"https:\/\/ww16.ce.gov.br\/seplag\/wp-content\/uploads\/sites\/62\/2025\/06\/lgpd-1200x471.png 1200w, https:\/\/ww16.ce.gov.br\/seplag\/wp-content\/uploads\/sites\/62\/2025\/06\/lgpd-600x236.png 600w, https:\/\/ww16.ce.gov.br\/seplag\/wp-content\/uploads\/sites\/62\/2025\/06\/lgpd-120x46.png 120w, https:\/\/ww16.ce.gov.br\/seplag\/wp-content\/uploads\/sites\/62\/2025\/06\/lgpd-768x302.png 768w, https:\/\/ww16.ce.gov.br\/seplag\/wp-content\/uploads\/sites\/62\/2025\/06\/lgpd-1536x603.png 1536w, https:\/\/ww16.ce.gov.br\/seplag\/wp-content\/uploads\/sites\/62\/2025\/06\/lgpd.png 1739w\" sizes=\"auto, (max-width: 1200px) 100vw, 1200px\" \/><\/figure>\n\n\n\n<p>A Lei Geral de Prote\u00e7\u00e3o de Dados (LGPD), Lei n\u00ba 13.709\/2018, entrou em vigor no Brasil em setembro de 2020, marcando um importante avan\u00e7o na prote\u00e7\u00e3o da privacidade e seguran\u00e7a dos dados pessoais dos cidad\u00e3os. Inspirada no Regulamento Geral sobre a Prote\u00e7\u00e3o de Dados (GDPR) da Uni\u00e3o Europeia, a LGPD define diretrizes claras para o tratamento de informa\u00e7\u00f5es pessoais, aplic\u00e1veis tanto a organiza\u00e7\u00f5es p\u00fablicas quanto privadas.<\/p>\n\n\n\n<p>No Cear\u00e1, a LGPD foi regulamentada pela Lei n\u00ba 18.699, de 07 de mar\u00e7o de 2024, que estabelece o Modelo de Governan\u00e7a da Prote\u00e7\u00e3o de Dados Pessoais no \u00e2mbito do Poder Executivo Estadual. Essa lei visa assegurar a implementa\u00e7\u00e3o de pr\u00e1ticas adequadas de gest\u00e3o e prote\u00e7\u00e3o de dados, refor\u00e7ando a transpar\u00eancia e o respeito aos direitos dos titulares.<\/p>\n\n\n\n<p>A Portaria n\u00ba 129\/2024 criou o Comit\u00ea Estadual de Prote\u00e7\u00e3o de Dados Pessoais (CEPD), encarregado de coordenar as a\u00e7\u00f5es de prote\u00e7\u00e3o de dados no estado. O CEPD \u00e9 composto por membros de diversas institui\u00e7\u00f5es, sendo coordenado pela Controladoria e Ouvidoria Geral do Estado (CGE). Entre seus integrantes est\u00e3o representantes da Casa Civil, Procuradoria Geral do Estado, Secretaria do Planejamento e Gest\u00e3o, Secretaria da Fazenda, Empresa de Tecnologia da Informa\u00e7\u00e3o do Cear\u00e1 e Secretaria da Seguran\u00e7a P\u00fablica e Defesa Social.<\/p>\n\n\n\n<h2 class=\"wp-block-heading has-medium-font-size\"><strong>Encarregado pelo Tratamento dos Dados Pessoais da SEPLAG<\/strong><\/h2>\n\n\n\n<ul class=\"wp-block-list\">\n<li>Diego Castro Ribeiro | <strong>Coordenador de Gest\u00e3o Estrat\u00e9gica de TIC | Titular<\/strong><\/li>\n\n\n\n<li>Denilson Ara\u00fajo da P\u00e1scoa | <strong>Analista de Gest\u00e3o P\u00fablica | Suplente<\/strong><\/li>\n<\/ul>\n\n\n\n<h2 class=\"wp-block-heading has-medium-font-size\"><strong>Canais de Comunica\u00e7\u00e3o<\/strong><\/h2>\n\n\n\n<p>Para fazer uma reclama\u00e7\u00e3o, elogio, den\u00fancia ou solicita\u00e7\u00e3o acerca do tratamento de dados pessoais acesse o link&nbsp;<a href=\"https:\/\/cearatransparente.ce.gov.br\/tickets\/new?locale=pt-BR&amp;ticket_type=sou\" target=\"_blank\" rel=\"noreferrer noopener\">Manifesta\u00e7\u00e3o de Ouvidoria<\/a>.<\/p>\n\n\n\n<p>Para fazer uma solicita\u00e7\u00e3o de informa\u00e7\u00e3o acerca do tratamento de dados pessoais envie um e-mail com o assunto LGPD para&nbsp;<a href=\"mailto:atendimento@seplag.ce.gov.br\">atendimento@seplag.ce.gov.br<\/a><\/p>\n\n\n\n<p><\/p>\n","protected":false},"excerpt":{"rendered":"<p>A Lei Geral de Prote\u00e7\u00e3o de Dados (LGPD), Lei n\u00ba 13.709\/2018, entrou em vigor no Brasil em setembro de 2020, marcando um importante avan\u00e7o na prote\u00e7\u00e3o da privacidade e seguran\u00e7a dos dados pessoais dos cidad\u00e3os. Inspirada no Regulamento Geral sobre a Prote\u00e7\u00e3o de Dados (GDPR) da Uni\u00e3o Europeia, a LGPD define diretrizes claras para o [&hellip;]<\/p>\n","protected":false},"author":135,"featured_media":0,"parent":67411,"menu_order":0,"comment_status":"closed","ping_status":"closed","template":"","meta":{"_acf_changed":false,"inline_featured_image":false,"footnotes":""},"class_list":["post-98545","page","type-page","status-publish","hentry"],"acf":[],"yoast_head":"<!-- This site is optimized with the Yoast SEO plugin v26.9 - https:\/\/yoast.com\/product\/yoast-seo-wordpress\/ -->\n<title>LGPD - Secretaria do Planejamento e Gest\u00e3o<\/title>\n<meta name=\"robots\" content=\"index, follow, max-snippet:-1, max-image-preview:large, max-video-preview:-1\" \/>\n<link rel=\"canonical\" href=\"https:\/\/ww16.ce.gov.br\/seplag\/servicos\/lgpd\/\" \/>\n<meta property=\"og:locale\" content=\"pt_BR\" \/>\n<meta property=\"og:type\" content=\"article\" \/>\n<meta property=\"og:title\" content=\"LGPD - Secretaria do Planejamento e Gest\u00e3o\" \/>\n<meta property=\"og:description\" content=\"A Lei Geral de Prote\u00e7\u00e3o de Dados (LGPD), Lei n\u00ba 13.709\/2018, entrou em vigor no Brasil em setembro de 2020, marcando um importante avan\u00e7o na prote\u00e7\u00e3o da privacidade e seguran\u00e7a dos dados pessoais dos cidad\u00e3os. Inspirada no Regulamento Geral sobre a Prote\u00e7\u00e3o de Dados (GDPR) da Uni\u00e3o Europeia, a LGPD define diretrizes claras para o [&hellip;]\" \/>\n<meta property=\"og:url\" content=\"https:\/\/ww16.ce.gov.br\/seplag\/servicos\/lgpd\/\" \/>\n<meta property=\"og:site_name\" content=\"Secretaria do Planejamento e Gest\u00e3o\" \/>\n<meta property=\"article:modified_time\" content=\"2026-05-08T11:34:40+00:00\" \/>\n<meta property=\"og:image\" content=\"https:\/\/ww16.ce.gov.br\/seplag\/wp-content\/uploads\/sites\/62\/2025\/06\/lgpd.png\" \/>\n\t<meta property=\"og:image:width\" content=\"1739\" \/>\n\t<meta property=\"og:image:height\" content=\"683\" \/>\n\t<meta property=\"og:image:type\" content=\"image\/png\" \/>\n<meta name=\"twitter:card\" content=\"summary_large_image\" \/>\n<meta name=\"twitter:label1\" content=\"Est. reading time\" \/>\n\t<meta name=\"twitter:data1\" content=\"2 minutos\" \/>\n<script type=\"application\/ld+json\" class=\"yoast-schema-graph\">{\"@context\":\"https:\/\/schema.org\",\"@graph\":[{\"@type\":\"WebPage\",\"@id\":\"https:\/\/ww16.ce.gov.br\/seplag\/servicos\/lgpd\/\",\"url\":\"https:\/\/ww16.ce.gov.br\/seplag\/servicos\/lgpd\/\",\"name\":\"LGPD - Secretaria do Planejamento e Gest\u00e3o\",\"isPartOf\":{\"@id\":\"https:\/\/ww16.ce.gov.br\/seplag\/#website\"},\"primaryImageOfPage\":{\"@id\":\"https:\/\/ww16.ce.gov.br\/seplag\/servicos\/lgpd\/#primaryimage\"},\"image\":{\"@id\":\"https:\/\/ww16.ce.gov.br\/seplag\/servicos\/lgpd\/#primaryimage\"},\"thumbnailUrl\":\"https:\/\/ww16.ce.gov.br\/seplag\/wp-content\/uploads\/sites\/62\/2025\/06\/lgpd-1200x471.png\",\"datePublished\":\"2026-05-08T11:32:59+00:00\",\"dateModified\":\"2026-05-08T11:34:40+00:00\",\"breadcrumb\":{\"@id\":\"https:\/\/ww16.ce.gov.br\/seplag\/servicos\/lgpd\/#breadcrumb\"},\"inLanguage\":\"pt-BR\",\"potentialAction\":[{\"@type\":\"ReadAction\",\"target\":[\"https:\/\/ww16.ce.gov.br\/seplag\/servicos\/lgpd\/\"]}]},{\"@type\":\"ImageObject\",\"inLanguage\":\"pt-BR\",\"@id\":\"https:\/\/ww16.ce.gov.br\/seplag\/servicos\/lgpd\/#primaryimage\",\"url\":\"https:\/\/ww16.ce.gov.br\/seplag\/wp-content\/uploads\/sites\/62\/2025\/06\/lgpd.png\",\"contentUrl\":\"https:\/\/ww16.ce.gov.br\/seplag\/wp-content\/uploads\/sites\/62\/2025\/06\/lgpd.png\",\"width\":1739,\"height\":683},{\"@type\":\"BreadcrumbList\",\"@id\":\"https:\/\/ww16.ce.gov.br\/seplag\/servicos\/lgpd\/#breadcrumb\",\"itemListElement\":[{\"@type\":\"ListItem\",\"position\":1,\"name\":\"In\u00edcio\",\"item\":\"https:\/\/ww16.ce.gov.br\/seplag\/\"},{\"@type\":\"ListItem\",\"position\":2,\"name\":\"SERVI\u00c7OS\",\"item\":\"https:\/\/ww16.ce.gov.br\/seplag\/servicos\/\"},{\"@type\":\"ListItem\",\"position\":3,\"name\":\"LGPD\"}]},{\"@type\":\"WebSite\",\"@id\":\"https:\/\/ww16.ce.gov.br\/seplag\/#website\",\"url\":\"https:\/\/ww16.ce.gov.br\/seplag\/\",\"name\":\"Secretaria do Planejamento e Gest\u00e3o\",\"description\":\"Secretaria do Planejamento e Gest\u00e3o\",\"publisher\":{\"@id\":\"https:\/\/ww16.ce.gov.br\/seplag\/#organization\"},\"potentialAction\":[{\"@type\":\"SearchAction\",\"target\":{\"@type\":\"EntryPoint\",\"urlTemplate\":\"https:\/\/ww16.ce.gov.br\/seplag\/?s={search_term_string}\"},\"query-input\":{\"@type\":\"PropertyValueSpecification\",\"valueRequired\":true,\"valueName\":\"search_term_string\"}}],\"inLanguage\":\"pt-BR\"},{\"@type\":\"Organization\",\"@id\":\"https:\/\/ww16.ce.gov.br\/seplag\/#organization\",\"name\":\"Secretaria do Planejamento e Gest\u00e3o\",\"url\":\"https:\/\/ww16.ce.gov.br\/seplag\/\",\"logo\":{\"@type\":\"ImageObject\",\"inLanguage\":\"pt-BR\",\"@id\":\"https:\/\/ww16.ce.gov.br\/seplag\/#\/schema\/logo\/image\/\",\"url\":\"http:\/\/ww16.ce.gov.br\/seplag\/wp-content\/uploads\/sites\/14\/2017\/11\/clara-1.png\",\"contentUrl\":\"http:\/\/ww16.ce.gov.br\/seplag\/wp-content\/uploads\/sites\/14\/2017\/11\/clara-1.png\",\"width\":559,\"height\":106,\"caption\":\"Secretaria do Planejamento e Gest\u00e3o\"},\"image\":{\"@id\":\"https:\/\/ww16.ce.gov.br\/seplag\/#\/schema\/logo\/image\/\"}}]}<\/script>\n<!-- \/ Yoast SEO plugin. -->","yoast_head_json":{"title":"LGPD - Secretaria do Planejamento e Gest\u00e3o","robots":{"index":"index","follow":"follow","max-snippet":"max-snippet:-1","max-image-preview":"max-image-preview:large","max-video-preview":"max-video-preview:-1"},"canonical":"https:\/\/ww16.ce.gov.br\/seplag\/servicos\/lgpd\/","og_locale":"pt_BR","og_type":"article","og_title":"LGPD - Secretaria do Planejamento e Gest\u00e3o","og_description":"A Lei Geral de Prote\u00e7\u00e3o de Dados (LGPD), Lei n\u00ba 13.709\/2018, entrou em vigor no Brasil em setembro de 2020, marcando um importante avan\u00e7o na prote\u00e7\u00e3o da privacidade e seguran\u00e7a dos dados pessoais dos cidad\u00e3os. Inspirada no Regulamento Geral sobre a Prote\u00e7\u00e3o de Dados (GDPR) da Uni\u00e3o Europeia, a LGPD define diretrizes claras para o [&hellip;]","og_url":"https:\/\/ww16.ce.gov.br\/seplag\/servicos\/lgpd\/","og_site_name":"Secretaria do Planejamento e Gest\u00e3o","article_modified_time":"2026-05-08T11:34:40+00:00","og_image":[{"width":1739,"height":683,"url":"https:\/\/ww16.ce.gov.br\/seplag\/wp-content\/uploads\/sites\/62\/2025\/06\/lgpd.png","type":"image\/png"}],"twitter_card":"summary_large_image","twitter_misc":{"Est. reading time":"2 minutos"},"schema":{"@context":"https:\/\/schema.org","@graph":[{"@type":"WebPage","@id":"https:\/\/ww16.ce.gov.br\/seplag\/servicos\/lgpd\/","url":"https:\/\/ww16.ce.gov.br\/seplag\/servicos\/lgpd\/","name":"LGPD - Secretaria do Planejamento e Gest\u00e3o","isPartOf":{"@id":"https:\/\/ww16.ce.gov.br\/seplag\/#website"},"primaryImageOfPage":{"@id":"https:\/\/ww16.ce.gov.br\/seplag\/servicos\/lgpd\/#primaryimage"},"image":{"@id":"https:\/\/ww16.ce.gov.br\/seplag\/servicos\/lgpd\/#primaryimage"},"thumbnailUrl":"https:\/\/ww16.ce.gov.br\/seplag\/wp-content\/uploads\/sites\/62\/2025\/06\/lgpd-1200x471.png","datePublished":"2026-05-08T11:32:59+00:00","dateModified":"2026-05-08T11:34:40+00:00","breadcrumb":{"@id":"https:\/\/ww16.ce.gov.br\/seplag\/servicos\/lgpd\/#breadcrumb"},"inLanguage":"pt-BR","potentialAction":[{"@type":"ReadAction","target":["https:\/\/ww16.ce.gov.br\/seplag\/servicos\/lgpd\/"]}]},{"@type":"ImageObject","inLanguage":"pt-BR","@id":"https:\/\/ww16.ce.gov.br\/seplag\/servicos\/lgpd\/#primaryimage","url":"https:\/\/ww16.ce.gov.br\/seplag\/wp-content\/uploads\/sites\/62\/2025\/06\/lgpd.png","contentUrl":"https:\/\/ww16.ce.gov.br\/seplag\/wp-content\/uploads\/sites\/62\/2025\/06\/lgpd.png","width":1739,"height":683},{"@type":"BreadcrumbList","@id":"https:\/\/ww16.ce.gov.br\/seplag\/servicos\/lgpd\/#breadcrumb","itemListElement":[{"@type":"ListItem","position":1,"name":"In\u00edcio","item":"https:\/\/ww16.ce.gov.br\/seplag\/"},{"@type":"ListItem","position":2,"name":"SERVI\u00c7OS","item":"https:\/\/ww16.ce.gov.br\/seplag\/servicos\/"},{"@type":"ListItem","position":3,"name":"LGPD"}]},{"@type":"WebSite","@id":"https:\/\/ww16.ce.gov.br\/seplag\/#website","url":"https:\/\/ww16.ce.gov.br\/seplag\/","name":"Secretaria do Planejamento e Gest\u00e3o","description":"Secretaria do Planejamento e Gest\u00e3o","publisher":{"@id":"https:\/\/ww16.ce.gov.br\/seplag\/#organization"},"potentialAction":[{"@type":"SearchAction","target":{"@type":"EntryPoint","urlTemplate":"https:\/\/ww16.ce.gov.br\/seplag\/?s={search_term_string}"},"query-input":{"@type":"PropertyValueSpecification","valueRequired":true,"valueName":"search_term_string"}}],"inLanguage":"pt-BR"},{"@type":"Organization","@id":"https:\/\/ww16.ce.gov.br\/seplag\/#organization","name":"Secretaria do Planejamento e Gest\u00e3o","url":"https:\/\/ww16.ce.gov.br\/seplag\/","logo":{"@type":"ImageObject","inLanguage":"pt-BR","@id":"https:\/\/ww16.ce.gov.br\/seplag\/#\/schema\/logo\/image\/","url":"http:\/\/ww16.ce.gov.br\/seplag\/wp-content\/uploads\/sites\/14\/2017\/11\/clara-1.png","contentUrl":"http:\/\/ww16.ce.gov.br\/seplag\/wp-content\/uploads\/sites\/14\/2017\/11\/clara-1.png","width":559,"height":106,"caption":"Secretaria do Planejamento e Gest\u00e3o"},"image":{"@id":"https:\/\/ww16.ce.gov.br\/seplag\/#\/schema\/logo\/image\/"}}]}},"_links":{"self":[{"href":"https:\/\/ww16.ce.gov.br\/seplag\/wp-json\/wp\/v2\/pages\/98545","targetHints":{"allow":["GET"]}}],"collection":[{"href":"https:\/\/ww16.ce.gov.br\/seplag\/wp-json\/wp\/v2\/pages"}],"about":[{"href":"https:\/\/ww16.ce.gov.br\/seplag\/wp-json\/wp\/v2\/types\/page"}],"author":[{"embeddable":true,"href":"https:\/\/ww16.ce.gov.br\/seplag\/wp-json\/wp\/v2\/users\/135"}],"replies":[{"embeddable":true,"href":"https:\/\/ww16.ce.gov.br\/seplag\/wp-json\/wp\/v2\/comments?post=98545"}],"version-history":[{"count":1,"href":"https:\/\/ww16.ce.gov.br\/seplag\/wp-json\/wp\/v2\/pages\/98545\/revisions"}],"predecessor-version":[{"id":98548,"href":"https:\/\/ww16.ce.gov.br\/seplag\/wp-json\/wp\/v2\/pages\/98545\/revisions\/98548"}],"up":[{"embeddable":true,"href":"https:\/\/ww16.ce.gov.br\/seplag\/wp-json\/wp\/v2\/pages\/67411"}],"wp:attachment":[{"href":"https:\/\/ww16.ce.gov.br\/seplag\/wp-json\/wp\/v2\/media?parent=98545"}],"curies":[{"name":"wp","href":"https:\/\/api.w.org\/{rel}","templated":true}]}}