{"id":98346,"date":"2026-05-04T08:58:24","date_gmt":"2026-05-04T11:58:24","guid":{"rendered":"https:\/\/ww16.ce.gov.br\/seplag\/?page_id=98346"},"modified":"2026-05-06T14:25:46","modified_gmt":"2026-05-06T17:25:46","slug":"material-tecnico","status":"publish","type":"page","link":"https:\/\/ww16.ce.gov.br\/seplag\/material-tecnico\/","title":{"rendered":"Material T\u00e9cnico"},"content":{"rendered":"\n<details class=\"wp-block-details has-medium-font-size is-layout-flow wp-block-details-is-layout-flow\" open><summary>Download<\/summary>\n<ul class=\"wp-block-list\">\n<li><a href=\"\/seplag\/wp-content\/uploads\/sites\/62\/2025\/04\/MANUAL-DO-NOVO-SERVIDOR_PDF.pdf\" target=\"_blank\" rel=\"noreferrer noopener\">Manual do Novo Servidor<\/a><\/li>\n\n\n\n<li><a href=\"\/seplag\/wp-content\/uploads\/sites\/62\/2024\/03\/Codigo-de-Conduta-Etica-dos-Agentes-Publicos-da-SEPLAG-1.pdf\" target=\"_blank\" rel=\"noreferrer noopener\">C\u00f3digo de Conduta \u00c9tica dos Agentes P\u00fablicos da SEPLAG<\/a><\/li>\n\n\n\n<li><a href=\"\/seplag\/wp-content\/uploads\/sites\/62\/2024\/03\/Cartilha-Codigo-de-Conduta-Etica-dos-Agentes-Publicos-da-SEPLAG.pdf\" target=\"_blank\" rel=\"noreferrer noopener\">Cartilha \u2013 C\u00f3digo de Conduta \u00c9tica dos Agentes P\u00fablicos da SEPLAG<\/a><\/li>\n\n\n\n<li><a href=\"\/seplag\/wp-content\/uploads\/sites\/62\/2023\/12\/E-book-Resgate-60-anos-de-planejamento-no-Ceara.pdf\" target=\"_blank\" rel=\"noreferrer noopener\">E-book \u2013 Resgate 60 anos de planejamento no Cear\u00e1<\/a><\/li>\n\n\n\n<li><a href=\"\/seplag\/wp-content\/uploads\/sites\/62\/2022\/01\/Atualizacao_dados_contato_guardiao_suite.ods\" target=\"_blank\" rel=\"noreferrer noopener\">Atualiza\u00e7\u00e3o Dados Contato Guardi\u00e3o Suite<\/a><\/li>\n<\/ul>\n<\/details>\n\n\n\n<details class=\"wp-block-details has-medium-font-size is-layout-flow wp-block-details-is-layout-flow\"><summary>Material T\u00e9cnico<\/summary>\n<ol class=\"wp-block-list\">\n<li><a href=\"\/seplag\/wp-content\/uploads\/sites\/62\/2018\/11\/SGP_-Manual-do-Usu\u00e1rio.pdf\" target=\"_blank\" rel=\"noreferrer noopener\">SISTEMA GEST\u00c3O DE PESSOAS \u2013 Manual do Usu\u00e1rio<\/a><\/li>\n\n\n\n<li><a href=\"\/seplag\/wp-content\/uploads\/sites\/62\/2018\/11\/Apresenta\u00e7\u00e3o-do-treinamento-SGP-2.pdf\" target=\"_blank\" rel=\"noreferrer noopener\">APRESENTA\u00c7\u00c3O DO TREINAMENTO SGP<\/a><\/li>\n\n\n\n<li><a href=\"\/seplag\/wp-content\/uploads\/sites\/62\/2018\/11\/CARTILHA-DA-PREVID\u00caNCIA-DO-ESTADO-DO-CEAR\u00c1.pdf\" target=\"_blank\" rel=\"noreferrer noopener\">CARTILHA DA PREVID\u00caNCIA DO ESTADO DO CEAR\u00c1<\/a><\/li>\n\n\n\n<li><a href=\"\/seplag\/menu-servicos\/material-tecnico\/covid-19\/\">Covid-19<\/a><\/li>\n\n\n\n<li><a href=\"\/seplag\/wp-content\/uploads\/sites\/62\/2024\/05\/Controle-de-acesso-ao-Edificio-Seplag-CE.pdf\" target=\"_blank\" rel=\"noreferrer noopener\">Controle de acesso ao Edif\u00edcio Seplag-CE<\/a><\/li>\n\n\n\n<li><a href=\"\/seplag\/wp-content\/uploads\/sites\/62\/2011\/05\/bt26.pdf\" target=\"_blank\" rel=\"noreferrer noopener\">PREVID\u00caNCIA SOCIAL \u2013 LEGISLA\u00c7\u00c3O B\u00c1SICA \u2013 VOLUME 1 \u2013 LEGISLA\u00c7\u00c3O FEDERAL \u2013 1 EDI\u00c7\u00c3O<\/a><\/li>\n\n\n\n<li><a href=\"\/seplag\/wp-content\/uploads\/sites\/62\/2011\/05\/bt27.pdf\" target=\"_blank\" rel=\"noreferrer noopener\">PREVID\u00caNCIA SOCIAL \u2013 LEGISLA\u00c7\u00c3O B\u00c1SICA \u2013 VOLUME 1 \u2013 LEGISLA\u00c7\u00c3O ESTADUAL \u2013 1 EDI\u00c7\u00c3O<\/a><\/li>\n<\/ol>\n<\/details>\n\n\n\n<details class=\"wp-block-details has-medium-font-size is-layout-flow wp-block-details-is-layout-flow\"><summary>Assinador Digital<\/summary>\n<ul class=\"wp-block-list\">\n<li><a href=\"https:\/\/get.webpkiplugin.com\/Setup\" target=\"_blank\" rel=\"noreferrer noopener\">ASSINADOR DIGITAL \u2013 Instalar o Web PKI<\/a><\/li>\n\n\n\n<li><a href=\"https:\/\/appsweb.seplag.ce.gov.br\/sgdoc\/externo\/tutorial\" target=\"_blank\" rel=\"noreferrer noopener\">Tutorial do Assinador SEPLAG<\/a><\/li>\n<\/ul>\n<\/details>\n","protected":false},"excerpt":{"rendered":"","protected":false},"author":135,"featured_media":0,"parent":0,"menu_order":0,"comment_status":"closed","ping_status":"closed","template":"","meta":{"_acf_changed":false,"inline_featured_image":false,"footnotes":""},"class_list":["post-98346","page","type-page","status-publish","hentry"],"acf":[],"yoast_head":"<!-- This site is optimized with the Yoast SEO plugin v26.9 - https:\/\/yoast.com\/product\/yoast-seo-wordpress\/ -->\n<title>Material T\u00e9cnico - Secretaria do Planejamento e Gest\u00e3o<\/title>\n<meta name=\"robots\" content=\"index, follow, max-snippet:-1, max-image-preview:large, max-video-preview:-1\" \/>\n<link rel=\"canonical\" href=\"https:\/\/ww16.ce.gov.br\/seplag\/material-tecnico\/\" \/>\n<meta property=\"og:locale\" content=\"pt_BR\" \/>\n<meta property=\"og:type\" content=\"article\" \/>\n<meta property=\"og:title\" content=\"Material T\u00e9cnico - Secretaria do Planejamento e Gest\u00e3o\" \/>\n<meta property=\"og:url\" content=\"https:\/\/ww16.ce.gov.br\/seplag\/material-tecnico\/\" \/>\n<meta property=\"og:site_name\" content=\"Secretaria do Planejamento e Gest\u00e3o\" \/>\n<meta property=\"article:modified_time\" content=\"2026-05-06T17:25:46+00:00\" \/>\n<meta name=\"twitter:card\" content=\"summary_large_image\" \/>\n<meta name=\"twitter:label1\" content=\"Est. reading time\" \/>\n\t<meta name=\"twitter:data1\" content=\"1 minuto\" \/>\n<script type=\"application\/ld+json\" class=\"yoast-schema-graph\">{\"@context\":\"https:\/\/schema.org\",\"@graph\":[{\"@type\":\"WebPage\",\"@id\":\"https:\/\/ww16.ce.gov.br\/seplag\/material-tecnico\/\",\"url\":\"https:\/\/ww16.ce.gov.br\/seplag\/material-tecnico\/\",\"name\":\"Material T\u00e9cnico - Secretaria do Planejamento e Gest\u00e3o\",\"isPartOf\":{\"@id\":\"https:\/\/ww16.ce.gov.br\/seplag\/#website\"},\"datePublished\":\"2026-05-04T11:58:24+00:00\",\"dateModified\":\"2026-05-06T17:25:46+00:00\",\"breadcrumb\":{\"@id\":\"https:\/\/ww16.ce.gov.br\/seplag\/material-tecnico\/#breadcrumb\"},\"inLanguage\":\"pt-BR\",\"potentialAction\":[{\"@type\":\"ReadAction\",\"target\":[\"https:\/\/ww16.ce.gov.br\/seplag\/material-tecnico\/\"]}]},{\"@type\":\"BreadcrumbList\",\"@id\":\"https:\/\/ww16.ce.gov.br\/seplag\/material-tecnico\/#breadcrumb\",\"itemListElement\":[{\"@type\":\"ListItem\",\"position\":1,\"name\":\"In\u00edcio\",\"item\":\"https:\/\/ww16.ce.gov.br\/seplag\/\"},{\"@type\":\"ListItem\",\"position\":2,\"name\":\"Material T\u00e9cnico\"}]},{\"@type\":\"WebSite\",\"@id\":\"https:\/\/ww16.ce.gov.br\/seplag\/#website\",\"url\":\"https:\/\/ww16.ce.gov.br\/seplag\/\",\"name\":\"Secretaria do Planejamento e Gest\u00e3o\",\"description\":\"Secretaria do Planejamento e Gest\u00e3o\",\"publisher\":{\"@id\":\"https:\/\/ww16.ce.gov.br\/seplag\/#organization\"},\"potentialAction\":[{\"@type\":\"SearchAction\",\"target\":{\"@type\":\"EntryPoint\",\"urlTemplate\":\"https:\/\/ww16.ce.gov.br\/seplag\/?s={search_term_string}\"},\"query-input\":{\"@type\":\"PropertyValueSpecification\",\"valueRequired\":true,\"valueName\":\"search_term_string\"}}],\"inLanguage\":\"pt-BR\"},{\"@type\":\"Organization\",\"@id\":\"https:\/\/ww16.ce.gov.br\/seplag\/#organization\",\"name\":\"Secretaria do Planejamento e Gest\u00e3o\",\"url\":\"https:\/\/ww16.ce.gov.br\/seplag\/\",\"logo\":{\"@type\":\"ImageObject\",\"inLanguage\":\"pt-BR\",\"@id\":\"https:\/\/ww16.ce.gov.br\/seplag\/#\/schema\/logo\/image\/\",\"url\":\"http:\/\/ww16.ce.gov.br\/seplag\/wp-content\/uploads\/sites\/14\/2017\/11\/clara-1.png\",\"contentUrl\":\"http:\/\/ww16.ce.gov.br\/seplag\/wp-content\/uploads\/sites\/14\/2017\/11\/clara-1.png\",\"width\":559,\"height\":106,\"caption\":\"Secretaria do Planejamento e Gest\u00e3o\"},\"image\":{\"@id\":\"https:\/\/ww16.ce.gov.br\/seplag\/#\/schema\/logo\/image\/\"}}]}<\/script>\n<!-- \/ Yoast SEO plugin. -->","yoast_head_json":{"title":"Material T\u00e9cnico - Secretaria do Planejamento e Gest\u00e3o","robots":{"index":"index","follow":"follow","max-snippet":"max-snippet:-1","max-image-preview":"max-image-preview:large","max-video-preview":"max-video-preview:-1"},"canonical":"https:\/\/ww16.ce.gov.br\/seplag\/material-tecnico\/","og_locale":"pt_BR","og_type":"article","og_title":"Material T\u00e9cnico - Secretaria do Planejamento e Gest\u00e3o","og_url":"https:\/\/ww16.ce.gov.br\/seplag\/material-tecnico\/","og_site_name":"Secretaria do Planejamento e Gest\u00e3o","article_modified_time":"2026-05-06T17:25:46+00:00","twitter_card":"summary_large_image","twitter_misc":{"Est. reading time":"1 minuto"},"schema":{"@context":"https:\/\/schema.org","@graph":[{"@type":"WebPage","@id":"https:\/\/ww16.ce.gov.br\/seplag\/material-tecnico\/","url":"https:\/\/ww16.ce.gov.br\/seplag\/material-tecnico\/","name":"Material T\u00e9cnico - Secretaria do Planejamento e Gest\u00e3o","isPartOf":{"@id":"https:\/\/ww16.ce.gov.br\/seplag\/#website"},"datePublished":"2026-05-04T11:58:24+00:00","dateModified":"2026-05-06T17:25:46+00:00","breadcrumb":{"@id":"https:\/\/ww16.ce.gov.br\/seplag\/material-tecnico\/#breadcrumb"},"inLanguage":"pt-BR","potentialAction":[{"@type":"ReadAction","target":["https:\/\/ww16.ce.gov.br\/seplag\/material-tecnico\/"]}]},{"@type":"BreadcrumbList","@id":"https:\/\/ww16.ce.gov.br\/seplag\/material-tecnico\/#breadcrumb","itemListElement":[{"@type":"ListItem","position":1,"name":"In\u00edcio","item":"https:\/\/ww16.ce.gov.br\/seplag\/"},{"@type":"ListItem","position":2,"name":"Material T\u00e9cnico"}]},{"@type":"WebSite","@id":"https:\/\/ww16.ce.gov.br\/seplag\/#website","url":"https:\/\/ww16.ce.gov.br\/seplag\/","name":"Secretaria do Planejamento e Gest\u00e3o","description":"Secretaria do Planejamento e Gest\u00e3o","publisher":{"@id":"https:\/\/ww16.ce.gov.br\/seplag\/#organization"},"potentialAction":[{"@type":"SearchAction","target":{"@type":"EntryPoint","urlTemplate":"https:\/\/ww16.ce.gov.br\/seplag\/?s={search_term_string}"},"query-input":{"@type":"PropertyValueSpecification","valueRequired":true,"valueName":"search_term_string"}}],"inLanguage":"pt-BR"},{"@type":"Organization","@id":"https:\/\/ww16.ce.gov.br\/seplag\/#organization","name":"Secretaria do Planejamento e Gest\u00e3o","url":"https:\/\/ww16.ce.gov.br\/seplag\/","logo":{"@type":"ImageObject","inLanguage":"pt-BR","@id":"https:\/\/ww16.ce.gov.br\/seplag\/#\/schema\/logo\/image\/","url":"http:\/\/ww16.ce.gov.br\/seplag\/wp-content\/uploads\/sites\/14\/2017\/11\/clara-1.png","contentUrl":"http:\/\/ww16.ce.gov.br\/seplag\/wp-content\/uploads\/sites\/14\/2017\/11\/clara-1.png","width":559,"height":106,"caption":"Secretaria do Planejamento e Gest\u00e3o"},"image":{"@id":"https:\/\/ww16.ce.gov.br\/seplag\/#\/schema\/logo\/image\/"}}]}},"_links":{"self":[{"href":"https:\/\/ww16.ce.gov.br\/seplag\/wp-json\/wp\/v2\/pages\/98346","targetHints":{"allow":["GET"]}}],"collection":[{"href":"https:\/\/ww16.ce.gov.br\/seplag\/wp-json\/wp\/v2\/pages"}],"about":[{"href":"https:\/\/ww16.ce.gov.br\/seplag\/wp-json\/wp\/v2\/types\/page"}],"author":[{"embeddable":true,"href":"https:\/\/ww16.ce.gov.br\/seplag\/wp-json\/wp\/v2\/users\/135"}],"replies":[{"embeddable":true,"href":"https:\/\/ww16.ce.gov.br\/seplag\/wp-json\/wp\/v2\/comments?post=98346"}],"version-history":[{"count":3,"href":"https:\/\/ww16.ce.gov.br\/seplag\/wp-json\/wp\/v2\/pages\/98346\/revisions"}],"predecessor-version":[{"id":98472,"href":"https:\/\/ww16.ce.gov.br\/seplag\/wp-json\/wp\/v2\/pages\/98346\/revisions\/98472"}],"wp:attachment":[{"href":"https:\/\/ww16.ce.gov.br\/seplag\/wp-json\/wp\/v2\/media?parent=98346"}],"curies":[{"name":"wp","href":"https:\/\/api.w.org\/{rel}","templated":true}]}}