{"id":97727,"date":"2026-04-24T16:13:13","date_gmt":"2026-04-24T19:13:13","guid":{"rendered":"https:\/\/ww16.ce.gov.br\/seplag\/?page_id=97727"},"modified":"2026-04-29T11:22:48","modified_gmt":"2026-04-29T14:22:48","slug":"ppa","status":"publish","type":"page","link":"https:\/\/ww16.ce.gov.br\/seplag\/institucional\/ppa\/","title":{"rendered":"PPA"},"content":{"rendered":"\n<div class=\"wp-block-group is-layout-constrained wp-block-group-is-layout-constrained\">\n<h2 class=\"wp-block-heading has-large-font-size\"><strong>Plano Plurianual (PPA)<\/strong><\/h2>\n\n\n\n<p>Principal instrumento de planejamento governamental, o Plano Plurianual (PPA) estabelece de forma regionalizada, as diretrizes, os objetivos e as metas da administra\u00e7\u00e3o p\u00fablica para um per\u00edodo de quatro anos.<\/p>\n\n\n\n<p>A vig\u00eancia do PPA conecta duas gest\u00f5es governamentais, buscando garantir a continuidade das estrat\u00e9gias previamente desenhadas e servindo como uma diretiva inicial no primeiro ano da gest\u00e3o de um governante.<\/p>\n\n\n\n<h2 class=\"wp-block-heading has-medium-font-size\"><strong>Premissas<\/strong><\/h2>\n\n\n\n<p>O PPA tem suas bases estabelecidas em premissas essenciais para a organiza\u00e7\u00e3o da atua\u00e7\u00e3o governamental e a implementa\u00e7\u00e3o das pol\u00edticas p\u00fablicas:<\/p>\n<\/div>\n\n\n\n<ul class=\"wp-block-list\">\n<li>I \u2013 Gest\u00e3o P\u00fablica para Resultados;<\/li>\n\n\n\n<li>II \u2013 Participa\u00e7\u00e3o Cidad\u00e3;<\/li>\n\n\n\n<li>III \u2013 Promo\u00e7\u00e3o do Desenvolvimento Territorial;<\/li>\n\n\n\n<li>IV \u2013 Intersetorialidade; <\/li>\n\n\n\n<li>V \u2013 Promo\u00e7\u00e3o do Desenvolvimento Sustent\u00e1vel.<\/li>\n<\/ul>\n\n\n\n<div class=\"wp-block-group is-layout-constrained wp-block-group-is-layout-constrained\">\n<h2 class=\"wp-block-heading has-medium-font-size\"><strong>PPA 2020-2023 \u2013 Relat\u00f3rios<\/strong><\/h2>\n\n\n\n<p>Nesta p\u00e1gina voc\u00ea encontra um recorte do PPA 2020-2023 com Eixos, Temas, Programas Iniciativas, Entregas e A\u00e7\u00f5es espec\u00edficas da Seplag.<\/p>\n\n\n\n<p>Vis\u00e3o geral do planejamento da Seplag:<\/p>\n\n\n\n<ul class=\"wp-block-list\">\n<li><a href=\"\/seplag\/wp-content\/uploads\/sites\/62\/2020\/12\/Visao_orgao_Seplag_no_PPA_2020_2023_Programado_Exercicio_2020_e_Exercicio_2021_2023.pdf\" target=\"_blank\" rel=\"noreferrer noopener\">Vis\u00e3o \u00f3rg\u00e3o Seplag no PPA 2020 &#8211; 2023 Programado Exerc\u00edcio 2020 e Exerc\u00edcio 2021 &#8211; 2023<\/a><\/li>\n<\/ul>\n\n\n\n<p>2020<\/p>\n\n\n\n<ul class=\"wp-block-list\">\n<li><a href=\"\/seplag\/wp-content\/uploads\/sites\/62\/2020\/12\/Visao_orgao_Seplag_no_PPA_2020_2023_Programado_Exercicio_2020.pdf\" target=\"_blank\" rel=\"noreferrer noopener\">Vis\u00e3o \u00f3rg\u00e3o Seplag no PPA 2020 &#8211; 2023 Programado Exerc\u00edcio 2020<\/a><\/li>\n<\/ul>\n<\/div>\n","protected":false},"excerpt":{"rendered":"<p>Plano Plurianual (PPA) Principal instrumento de planejamento governamental, o Plano Plurianual (PPA) estabelece de forma regionalizada, as diretrizes, os objetivos e as metas da administra\u00e7\u00e3o p\u00fablica para um per\u00edodo de quatro anos. A vig\u00eancia do PPA conecta duas gest\u00f5es governamentais, buscando garantir a continuidade das estrat\u00e9gias previamente desenhadas e servindo como uma diretiva inicial no [&hellip;]<\/p>\n","protected":false},"author":135,"featured_media":0,"parent":97634,"menu_order":0,"comment_status":"closed","ping_status":"closed","template":"","meta":{"_acf_changed":false,"inline_featured_image":false,"footnotes":""},"class_list":["post-97727","page","type-page","status-publish","hentry"],"acf":[],"yoast_head":"<!-- This site is optimized with the Yoast SEO plugin v26.9 - https:\/\/yoast.com\/product\/yoast-seo-wordpress\/ -->\n<title>PPA - Secretaria do Planejamento e Gest\u00e3o<\/title>\n<meta name=\"robots\" content=\"index, follow, max-snippet:-1, max-image-preview:large, max-video-preview:-1\" \/>\n<link rel=\"canonical\" href=\"https:\/\/ww16.ce.gov.br\/seplag\/institucional\/ppa\/\" \/>\n<meta property=\"og:locale\" content=\"pt_BR\" \/>\n<meta property=\"og:type\" content=\"article\" \/>\n<meta property=\"og:title\" content=\"PPA - Secretaria do Planejamento e Gest\u00e3o\" \/>\n<meta property=\"og:description\" content=\"Plano Plurianual (PPA) Principal instrumento de planejamento governamental, o Plano Plurianual (PPA) estabelece de forma regionalizada, as diretrizes, os objetivos e as metas da administra\u00e7\u00e3o p\u00fablica para um per\u00edodo de quatro anos. A vig\u00eancia do PPA conecta duas gest\u00f5es governamentais, buscando garantir a continuidade das estrat\u00e9gias previamente desenhadas e servindo como uma diretiva inicial no [&hellip;]\" \/>\n<meta property=\"og:url\" content=\"https:\/\/ww16.ce.gov.br\/seplag\/institucional\/ppa\/\" \/>\n<meta property=\"og:site_name\" content=\"Secretaria do Planejamento e Gest\u00e3o\" \/>\n<meta property=\"article:modified_time\" content=\"2026-04-29T14:22:48+00:00\" \/>\n<meta name=\"twitter:card\" content=\"summary_large_image\" \/>\n<meta name=\"twitter:label1\" content=\"Est. reading time\" \/>\n\t<meta name=\"twitter:data1\" content=\"1 minuto\" \/>\n<script type=\"application\/ld+json\" class=\"yoast-schema-graph\">{\"@context\":\"https:\/\/schema.org\",\"@graph\":[{\"@type\":\"WebPage\",\"@id\":\"https:\/\/ww16.ce.gov.br\/seplag\/institucional\/ppa\/\",\"url\":\"https:\/\/ww16.ce.gov.br\/seplag\/institucional\/ppa\/\",\"name\":\"PPA - Secretaria do Planejamento e Gest\u00e3o\",\"isPartOf\":{\"@id\":\"https:\/\/ww16.ce.gov.br\/seplag\/#website\"},\"datePublished\":\"2026-04-24T19:13:13+00:00\",\"dateModified\":\"2026-04-29T14:22:48+00:00\",\"breadcrumb\":{\"@id\":\"https:\/\/ww16.ce.gov.br\/seplag\/institucional\/ppa\/#breadcrumb\"},\"inLanguage\":\"pt-BR\",\"potentialAction\":[{\"@type\":\"ReadAction\",\"target\":[\"https:\/\/ww16.ce.gov.br\/seplag\/institucional\/ppa\/\"]}]},{\"@type\":\"BreadcrumbList\",\"@id\":\"https:\/\/ww16.ce.gov.br\/seplag\/institucional\/ppa\/#breadcrumb\",\"itemListElement\":[{\"@type\":\"ListItem\",\"position\":1,\"name\":\"In\u00edcio\",\"item\":\"https:\/\/ww16.ce.gov.br\/seplag\/\"},{\"@type\":\"ListItem\",\"position\":2,\"name\":\"Institucional\",\"item\":\"https:\/\/ww16.ce.gov.br\/seplag\/institucional\/\"},{\"@type\":\"ListItem\",\"position\":3,\"name\":\"PPA\"}]},{\"@type\":\"WebSite\",\"@id\":\"https:\/\/ww16.ce.gov.br\/seplag\/#website\",\"url\":\"https:\/\/ww16.ce.gov.br\/seplag\/\",\"name\":\"Secretaria do Planejamento e Gest\u00e3o\",\"description\":\"Secretaria do Planejamento e Gest\u00e3o\",\"publisher\":{\"@id\":\"https:\/\/ww16.ce.gov.br\/seplag\/#organization\"},\"potentialAction\":[{\"@type\":\"SearchAction\",\"target\":{\"@type\":\"EntryPoint\",\"urlTemplate\":\"https:\/\/ww16.ce.gov.br\/seplag\/?s={search_term_string}\"},\"query-input\":{\"@type\":\"PropertyValueSpecification\",\"valueRequired\":true,\"valueName\":\"search_term_string\"}}],\"inLanguage\":\"pt-BR\"},{\"@type\":\"Organization\",\"@id\":\"https:\/\/ww16.ce.gov.br\/seplag\/#organization\",\"name\":\"Secretaria do Planejamento e Gest\u00e3o\",\"url\":\"https:\/\/ww16.ce.gov.br\/seplag\/\",\"logo\":{\"@type\":\"ImageObject\",\"inLanguage\":\"pt-BR\",\"@id\":\"https:\/\/ww16.ce.gov.br\/seplag\/#\/schema\/logo\/image\/\",\"url\":\"http:\/\/ww16.ce.gov.br\/seplag\/wp-content\/uploads\/sites\/14\/2017\/11\/clara-1.png\",\"contentUrl\":\"http:\/\/ww16.ce.gov.br\/seplag\/wp-content\/uploads\/sites\/14\/2017\/11\/clara-1.png\",\"width\":559,\"height\":106,\"caption\":\"Secretaria do Planejamento e Gest\u00e3o\"},\"image\":{\"@id\":\"https:\/\/ww16.ce.gov.br\/seplag\/#\/schema\/logo\/image\/\"}}]}<\/script>\n<!-- \/ Yoast SEO plugin. -->","yoast_head_json":{"title":"PPA - Secretaria do Planejamento e Gest\u00e3o","robots":{"index":"index","follow":"follow","max-snippet":"max-snippet:-1","max-image-preview":"max-image-preview:large","max-video-preview":"max-video-preview:-1"},"canonical":"https:\/\/ww16.ce.gov.br\/seplag\/institucional\/ppa\/","og_locale":"pt_BR","og_type":"article","og_title":"PPA - Secretaria do Planejamento e Gest\u00e3o","og_description":"Plano Plurianual (PPA) Principal instrumento de planejamento governamental, o Plano Plurianual (PPA) estabelece de forma regionalizada, as diretrizes, os objetivos e as metas da administra\u00e7\u00e3o p\u00fablica para um per\u00edodo de quatro anos. A vig\u00eancia do PPA conecta duas gest\u00f5es governamentais, buscando garantir a continuidade das estrat\u00e9gias previamente desenhadas e servindo como uma diretiva inicial no [&hellip;]","og_url":"https:\/\/ww16.ce.gov.br\/seplag\/institucional\/ppa\/","og_site_name":"Secretaria do Planejamento e Gest\u00e3o","article_modified_time":"2026-04-29T14:22:48+00:00","twitter_card":"summary_large_image","twitter_misc":{"Est. reading time":"1 minuto"},"schema":{"@context":"https:\/\/schema.org","@graph":[{"@type":"WebPage","@id":"https:\/\/ww16.ce.gov.br\/seplag\/institucional\/ppa\/","url":"https:\/\/ww16.ce.gov.br\/seplag\/institucional\/ppa\/","name":"PPA - Secretaria do Planejamento e Gest\u00e3o","isPartOf":{"@id":"https:\/\/ww16.ce.gov.br\/seplag\/#website"},"datePublished":"2026-04-24T19:13:13+00:00","dateModified":"2026-04-29T14:22:48+00:00","breadcrumb":{"@id":"https:\/\/ww16.ce.gov.br\/seplag\/institucional\/ppa\/#breadcrumb"},"inLanguage":"pt-BR","potentialAction":[{"@type":"ReadAction","target":["https:\/\/ww16.ce.gov.br\/seplag\/institucional\/ppa\/"]}]},{"@type":"BreadcrumbList","@id":"https:\/\/ww16.ce.gov.br\/seplag\/institucional\/ppa\/#breadcrumb","itemListElement":[{"@type":"ListItem","position":1,"name":"In\u00edcio","item":"https:\/\/ww16.ce.gov.br\/seplag\/"},{"@type":"ListItem","position":2,"name":"Institucional","item":"https:\/\/ww16.ce.gov.br\/seplag\/institucional\/"},{"@type":"ListItem","position":3,"name":"PPA"}]},{"@type":"WebSite","@id":"https:\/\/ww16.ce.gov.br\/seplag\/#website","url":"https:\/\/ww16.ce.gov.br\/seplag\/","name":"Secretaria do Planejamento e Gest\u00e3o","description":"Secretaria do Planejamento e Gest\u00e3o","publisher":{"@id":"https:\/\/ww16.ce.gov.br\/seplag\/#organization"},"potentialAction":[{"@type":"SearchAction","target":{"@type":"EntryPoint","urlTemplate":"https:\/\/ww16.ce.gov.br\/seplag\/?s={search_term_string}"},"query-input":{"@type":"PropertyValueSpecification","valueRequired":true,"valueName":"search_term_string"}}],"inLanguage":"pt-BR"},{"@type":"Organization","@id":"https:\/\/ww16.ce.gov.br\/seplag\/#organization","name":"Secretaria do Planejamento e Gest\u00e3o","url":"https:\/\/ww16.ce.gov.br\/seplag\/","logo":{"@type":"ImageObject","inLanguage":"pt-BR","@id":"https:\/\/ww16.ce.gov.br\/seplag\/#\/schema\/logo\/image\/","url":"http:\/\/ww16.ce.gov.br\/seplag\/wp-content\/uploads\/sites\/14\/2017\/11\/clara-1.png","contentUrl":"http:\/\/ww16.ce.gov.br\/seplag\/wp-content\/uploads\/sites\/14\/2017\/11\/clara-1.png","width":559,"height":106,"caption":"Secretaria do Planejamento e Gest\u00e3o"},"image":{"@id":"https:\/\/ww16.ce.gov.br\/seplag\/#\/schema\/logo\/image\/"}}]}},"_links":{"self":[{"href":"https:\/\/ww16.ce.gov.br\/seplag\/wp-json\/wp\/v2\/pages\/97727","targetHints":{"allow":["GET"]}}],"collection":[{"href":"https:\/\/ww16.ce.gov.br\/seplag\/wp-json\/wp\/v2\/pages"}],"about":[{"href":"https:\/\/ww16.ce.gov.br\/seplag\/wp-json\/wp\/v2\/types\/page"}],"author":[{"embeddable":true,"href":"https:\/\/ww16.ce.gov.br\/seplag\/wp-json\/wp\/v2\/users\/135"}],"replies":[{"embeddable":true,"href":"https:\/\/ww16.ce.gov.br\/seplag\/wp-json\/wp\/v2\/comments?post=97727"}],"version-history":[{"count":3,"href":"https:\/\/ww16.ce.gov.br\/seplag\/wp-json\/wp\/v2\/pages\/97727\/revisions"}],"predecessor-version":[{"id":98106,"href":"https:\/\/ww16.ce.gov.br\/seplag\/wp-json\/wp\/v2\/pages\/97727\/revisions\/98106"}],"up":[{"embeddable":true,"href":"https:\/\/ww16.ce.gov.br\/seplag\/wp-json\/wp\/v2\/pages\/97634"}],"wp:attachment":[{"href":"https:\/\/ww16.ce.gov.br\/seplag\/wp-json\/wp\/v2\/media?parent=97727"}],"curies":[{"name":"wp","href":"https:\/\/api.w.org\/{rel}","templated":true}]}}