{"id":97705,"date":"2026-04-24T13:52:00","date_gmt":"2026-04-24T16:52:00","guid":{"rendered":"https:\/\/ww16.ce.gov.br\/seplag\/?page_id=97705"},"modified":"2026-04-27T13:10:33","modified_gmt":"2026-04-27T16:10:33","slug":"planejamento-de-longo-prazo-plp-ceara-2050","status":"publish","type":"page","link":"https:\/\/ww16.ce.gov.br\/seplag\/planejamento\/planejamento-de-longo-prazo-plp-ceara-2050\/","title":{"rendered":"Planejamento de Longo Prazo (PLP) &#8211; Cear\u00e1 2050"},"content":{"rendered":"\n<div class=\"wp-block-group is-layout-constrained wp-block-group-is-layout-constrained\">\n<p>O Plano de Longo Prazo (PLP) estabelece as diretrizes e os objetivos para fomento ao desenvolvimento sustent\u00e1vel estadual no horizonte de um ciclo de 24 anos, equivalente a seis Planos Plurianuais (PPA), promovendo o crescimento econ\u00f4mico, social e ambiental, na expectativa de reduzir de forma sustentada as desigualdades sociais e regionais.<\/p>\n\n\n\n<p>O alcance dos objetivos estrat\u00e9gicos declarados no PLP ser\u00e1 concretizado por meio da execu\u00e7\u00e3o dos planos de m\u00e9dio prazo, ou seja, dos PPAs vigentes no per\u00edodo abrangido pelo planejamento de longo prazo, e tamb\u00e9m das Leis Or\u00e7ament\u00e1rias Anuais (LOA) correspondentes.<\/p>\n\n\n\n<p>O alinhamento das entregas do PPA 2024-2027 com o PLP \u00e9 demonstrado no Anexo VIII \u2013 Alinhamento com os Objetivos do Planejamento de Longo Prazo. Nele, visualiza-se o que o estado realizar\u00e1 e que contribuir\u00e1 para o alcance dos grandes objetivos estrat\u00e9gicos definidos no planejamento de longo prazo do Cear\u00e1.<\/p>\n\n\n\n<p>Neste contexto, destaca-se o relat\u00f3rio s\u00edntese do projeto Cear\u00e1 2050 que apresenta modos mais eficientes de se atender \u00e0s expectativas da sociedade cearense em \u00e1reas fundamentais e essenciais como sa\u00fade, educa\u00e7\u00e3o, saneamento, seguran\u00e7a p\u00fablica, gera\u00e7\u00e3o de trabalho, abastecimento de \u00e1gua e cultura. Muitos dos objetivos estrat\u00e9gicos do Cear\u00e1 2050 j\u00e1 est\u00e3o em execu\u00e7\u00e3o por meio de a\u00e7\u00f5es e programas desenvolvidos pela administra\u00e7\u00e3o p\u00fablica estadual.<\/p>\n<\/div>\n\n\n\n<div class=\"wp-block-cegovbr-mural-materiais-card-arquivos-multiplos\"><div class=\"ckc-card-arquivos-multiplos\"><h3 class=\"ckc-card-arquivos-multiplos-title\">Arquivos<\/h3><div class=\"ckc-card-arquivos-multiplos-files\"><ul class=\"ckc-file-list list-group\"><li><a href=\"https:\/\/ww16.ce.gov.br\/seplag\/wp-content\/uploads\/sites\/62\/2024\/04\/Lei-do-Plano-de-Longo-Prazo.pdf\" target=\"_blank\" rel=\"noopener noreferrer\"><span class=\"material-symbols-outlined\">download<\/span><span class=\"ckc-file-name\">LEI DO PLANO DE LONGO PRAZO \u2013 Lei N\u00ba 18.709, de 27 de mar\u00e7o de 2024.<\/span><\/a><\/li><li><a href=\"https:\/\/ww16.ce.gov.br\/seplag\/wp-content\/uploads\/sites\/62\/2022\/07\/FINAL_Relatorio-do-Livro-Sintese-Ceara-2050_VALIDADO.pdf\" target=\"_blank\" rel=\"noopener noreferrer\"><span class=\"material-symbols-outlined\">download<\/span><span class=\"ckc-file-name\">Livro S\u00edntese \u2013 Cear\u00e1 2050<\/span><\/a><\/li><\/ul><\/div><\/div><\/div>\n","protected":false},"excerpt":{"rendered":"<p>O Plano de Longo Prazo (PLP) estabelece as diretrizes e os objetivos para fomento ao desenvolvimento sustent\u00e1vel estadual no horizonte de um ciclo de 24 anos, equivalente a seis Planos Plurianuais (PPA), promovendo o crescimento econ\u00f4mico, social e ambiental, na expectativa de reduzir de forma sustentada as desigualdades sociais e regionais. O alcance dos objetivos [&hellip;]<\/p>\n","protected":false},"author":135,"featured_media":0,"parent":7942,"menu_order":0,"comment_status":"closed","ping_status":"closed","template":"","meta":{"_acf_changed":false,"inline_featured_image":false,"footnotes":""},"class_list":["post-97705","page","type-page","status-publish","hentry"],"acf":[],"yoast_head":"<!-- This site is optimized with the Yoast SEO plugin v26.9 - https:\/\/yoast.com\/product\/yoast-seo-wordpress\/ -->\n<title>Planejamento de Longo Prazo (PLP) - Cear\u00e1 2050 - Secretaria do Planejamento e Gest\u00e3o<\/title>\n<meta name=\"robots\" content=\"index, follow, max-snippet:-1, max-image-preview:large, max-video-preview:-1\" \/>\n<link rel=\"canonical\" href=\"https:\/\/ww16.ce.gov.br\/seplag\/planejamento\/planejamento-de-longo-prazo-plp-ceara-2050\/\" \/>\n<meta property=\"og:locale\" content=\"pt_BR\" \/>\n<meta property=\"og:type\" content=\"article\" \/>\n<meta property=\"og:title\" content=\"Planejamento de Longo Prazo (PLP) - Cear\u00e1 2050 - Secretaria do Planejamento e Gest\u00e3o\" \/>\n<meta property=\"og:description\" content=\"O Plano de Longo Prazo (PLP) estabelece as diretrizes e os objetivos para fomento ao desenvolvimento sustent\u00e1vel estadual no horizonte de um ciclo de 24 anos, equivalente a seis Planos Plurianuais (PPA), promovendo o crescimento econ\u00f4mico, social e ambiental, na expectativa de reduzir de forma sustentada as desigualdades sociais e regionais. O alcance dos objetivos [&hellip;]\" \/>\n<meta property=\"og:url\" content=\"https:\/\/ww16.ce.gov.br\/seplag\/planejamento\/planejamento-de-longo-prazo-plp-ceara-2050\/\" \/>\n<meta property=\"og:site_name\" content=\"Secretaria do Planejamento e Gest\u00e3o\" \/>\n<meta property=\"article:modified_time\" content=\"2026-04-27T16:10:33+00:00\" \/>\n<meta name=\"twitter:card\" content=\"summary_large_image\" \/>\n<meta name=\"twitter:label1\" content=\"Est. reading time\" \/>\n\t<meta name=\"twitter:data1\" content=\"2 minutos\" \/>\n<script type=\"application\/ld+json\" class=\"yoast-schema-graph\">{\"@context\":\"https:\/\/schema.org\",\"@graph\":[{\"@type\":\"WebPage\",\"@id\":\"https:\/\/ww16.ce.gov.br\/seplag\/planejamento\/planejamento-de-longo-prazo-plp-ceara-2050\/\",\"url\":\"https:\/\/ww16.ce.gov.br\/seplag\/planejamento\/planejamento-de-longo-prazo-plp-ceara-2050\/\",\"name\":\"Planejamento de Longo Prazo (PLP) - Cear\u00e1 2050 - Secretaria do Planejamento e Gest\u00e3o\",\"isPartOf\":{\"@id\":\"https:\/\/ww16.ce.gov.br\/seplag\/#website\"},\"datePublished\":\"2026-04-24T16:52:00+00:00\",\"dateModified\":\"2026-04-27T16:10:33+00:00\",\"breadcrumb\":{\"@id\":\"https:\/\/ww16.ce.gov.br\/seplag\/planejamento\/planejamento-de-longo-prazo-plp-ceara-2050\/#breadcrumb\"},\"inLanguage\":\"pt-BR\",\"potentialAction\":[{\"@type\":\"ReadAction\",\"target\":[\"https:\/\/ww16.ce.gov.br\/seplag\/planejamento\/planejamento-de-longo-prazo-plp-ceara-2050\/\"]}]},{\"@type\":\"BreadcrumbList\",\"@id\":\"https:\/\/ww16.ce.gov.br\/seplag\/planejamento\/planejamento-de-longo-prazo-plp-ceara-2050\/#breadcrumb\",\"itemListElement\":[{\"@type\":\"ListItem\",\"position\":1,\"name\":\"In\u00edcio\",\"item\":\"https:\/\/ww16.ce.gov.br\/seplag\/\"},{\"@type\":\"ListItem\",\"position\":2,\"name\":\"Planejamento\",\"item\":\"https:\/\/ww16.ce.gov.br\/seplag\/planejamento\/\"},{\"@type\":\"ListItem\",\"position\":3,\"name\":\"Planejamento de Longo Prazo (PLP) &#8211; Cear\u00e1 2050\"}]},{\"@type\":\"WebSite\",\"@id\":\"https:\/\/ww16.ce.gov.br\/seplag\/#website\",\"url\":\"https:\/\/ww16.ce.gov.br\/seplag\/\",\"name\":\"Secretaria do Planejamento e Gest\u00e3o\",\"description\":\"Secretaria do Planejamento e Gest\u00e3o\",\"publisher\":{\"@id\":\"https:\/\/ww16.ce.gov.br\/seplag\/#organization\"},\"potentialAction\":[{\"@type\":\"SearchAction\",\"target\":{\"@type\":\"EntryPoint\",\"urlTemplate\":\"https:\/\/ww16.ce.gov.br\/seplag\/?s={search_term_string}\"},\"query-input\":{\"@type\":\"PropertyValueSpecification\",\"valueRequired\":true,\"valueName\":\"search_term_string\"}}],\"inLanguage\":\"pt-BR\"},{\"@type\":\"Organization\",\"@id\":\"https:\/\/ww16.ce.gov.br\/seplag\/#organization\",\"name\":\"Secretaria do Planejamento e Gest\u00e3o\",\"url\":\"https:\/\/ww16.ce.gov.br\/seplag\/\",\"logo\":{\"@type\":\"ImageObject\",\"inLanguage\":\"pt-BR\",\"@id\":\"https:\/\/ww16.ce.gov.br\/seplag\/#\/schema\/logo\/image\/\",\"url\":\"http:\/\/ww16.ce.gov.br\/seplag\/wp-content\/uploads\/sites\/14\/2017\/11\/clara-1.png\",\"contentUrl\":\"http:\/\/ww16.ce.gov.br\/seplag\/wp-content\/uploads\/sites\/14\/2017\/11\/clara-1.png\",\"width\":559,\"height\":106,\"caption\":\"Secretaria do Planejamento e Gest\u00e3o\"},\"image\":{\"@id\":\"https:\/\/ww16.ce.gov.br\/seplag\/#\/schema\/logo\/image\/\"}}]}<\/script>\n<!-- \/ Yoast SEO plugin. -->","yoast_head_json":{"title":"Planejamento de Longo Prazo (PLP) - Cear\u00e1 2050 - Secretaria do Planejamento e Gest\u00e3o","robots":{"index":"index","follow":"follow","max-snippet":"max-snippet:-1","max-image-preview":"max-image-preview:large","max-video-preview":"max-video-preview:-1"},"canonical":"https:\/\/ww16.ce.gov.br\/seplag\/planejamento\/planejamento-de-longo-prazo-plp-ceara-2050\/","og_locale":"pt_BR","og_type":"article","og_title":"Planejamento de Longo Prazo (PLP) - Cear\u00e1 2050 - Secretaria do Planejamento e Gest\u00e3o","og_description":"O Plano de Longo Prazo (PLP) estabelece as diretrizes e os objetivos para fomento ao desenvolvimento sustent\u00e1vel estadual no horizonte de um ciclo de 24 anos, equivalente a seis Planos Plurianuais (PPA), promovendo o crescimento econ\u00f4mico, social e ambiental, na expectativa de reduzir de forma sustentada as desigualdades sociais e regionais. O alcance dos objetivos [&hellip;]","og_url":"https:\/\/ww16.ce.gov.br\/seplag\/planejamento\/planejamento-de-longo-prazo-plp-ceara-2050\/","og_site_name":"Secretaria do Planejamento e Gest\u00e3o","article_modified_time":"2026-04-27T16:10:33+00:00","twitter_card":"summary_large_image","twitter_misc":{"Est. reading time":"2 minutos"},"schema":{"@context":"https:\/\/schema.org","@graph":[{"@type":"WebPage","@id":"https:\/\/ww16.ce.gov.br\/seplag\/planejamento\/planejamento-de-longo-prazo-plp-ceara-2050\/","url":"https:\/\/ww16.ce.gov.br\/seplag\/planejamento\/planejamento-de-longo-prazo-plp-ceara-2050\/","name":"Planejamento de Longo Prazo (PLP) - Cear\u00e1 2050 - Secretaria do Planejamento e Gest\u00e3o","isPartOf":{"@id":"https:\/\/ww16.ce.gov.br\/seplag\/#website"},"datePublished":"2026-04-24T16:52:00+00:00","dateModified":"2026-04-27T16:10:33+00:00","breadcrumb":{"@id":"https:\/\/ww16.ce.gov.br\/seplag\/planejamento\/planejamento-de-longo-prazo-plp-ceara-2050\/#breadcrumb"},"inLanguage":"pt-BR","potentialAction":[{"@type":"ReadAction","target":["https:\/\/ww16.ce.gov.br\/seplag\/planejamento\/planejamento-de-longo-prazo-plp-ceara-2050\/"]}]},{"@type":"BreadcrumbList","@id":"https:\/\/ww16.ce.gov.br\/seplag\/planejamento\/planejamento-de-longo-prazo-plp-ceara-2050\/#breadcrumb","itemListElement":[{"@type":"ListItem","position":1,"name":"In\u00edcio","item":"https:\/\/ww16.ce.gov.br\/seplag\/"},{"@type":"ListItem","position":2,"name":"Planejamento","item":"https:\/\/ww16.ce.gov.br\/seplag\/planejamento\/"},{"@type":"ListItem","position":3,"name":"Planejamento de Longo Prazo (PLP) &#8211; Cear\u00e1 2050"}]},{"@type":"WebSite","@id":"https:\/\/ww16.ce.gov.br\/seplag\/#website","url":"https:\/\/ww16.ce.gov.br\/seplag\/","name":"Secretaria do Planejamento e Gest\u00e3o","description":"Secretaria do Planejamento e Gest\u00e3o","publisher":{"@id":"https:\/\/ww16.ce.gov.br\/seplag\/#organization"},"potentialAction":[{"@type":"SearchAction","target":{"@type":"EntryPoint","urlTemplate":"https:\/\/ww16.ce.gov.br\/seplag\/?s={search_term_string}"},"query-input":{"@type":"PropertyValueSpecification","valueRequired":true,"valueName":"search_term_string"}}],"inLanguage":"pt-BR"},{"@type":"Organization","@id":"https:\/\/ww16.ce.gov.br\/seplag\/#organization","name":"Secretaria do Planejamento e Gest\u00e3o","url":"https:\/\/ww16.ce.gov.br\/seplag\/","logo":{"@type":"ImageObject","inLanguage":"pt-BR","@id":"https:\/\/ww16.ce.gov.br\/seplag\/#\/schema\/logo\/image\/","url":"http:\/\/ww16.ce.gov.br\/seplag\/wp-content\/uploads\/sites\/14\/2017\/11\/clara-1.png","contentUrl":"http:\/\/ww16.ce.gov.br\/seplag\/wp-content\/uploads\/sites\/14\/2017\/11\/clara-1.png","width":559,"height":106,"caption":"Secretaria do Planejamento e Gest\u00e3o"},"image":{"@id":"https:\/\/ww16.ce.gov.br\/seplag\/#\/schema\/logo\/image\/"}}]}},"_links":{"self":[{"href":"https:\/\/ww16.ce.gov.br\/seplag\/wp-json\/wp\/v2\/pages\/97705","targetHints":{"allow":["GET"]}}],"collection":[{"href":"https:\/\/ww16.ce.gov.br\/seplag\/wp-json\/wp\/v2\/pages"}],"about":[{"href":"https:\/\/ww16.ce.gov.br\/seplag\/wp-json\/wp\/v2\/types\/page"}],"author":[{"embeddable":true,"href":"https:\/\/ww16.ce.gov.br\/seplag\/wp-json\/wp\/v2\/users\/135"}],"replies":[{"embeddable":true,"href":"https:\/\/ww16.ce.gov.br\/seplag\/wp-json\/wp\/v2\/comments?post=97705"}],"version-history":[{"count":9,"href":"https:\/\/ww16.ce.gov.br\/seplag\/wp-json\/wp\/v2\/pages\/97705\/revisions"}],"predecessor-version":[{"id":97763,"href":"https:\/\/ww16.ce.gov.br\/seplag\/wp-json\/wp\/v2\/pages\/97705\/revisions\/97763"}],"up":[{"embeddable":true,"href":"https:\/\/ww16.ce.gov.br\/seplag\/wp-json\/wp\/v2\/pages\/7942"}],"wp:attachment":[{"href":"https:\/\/ww16.ce.gov.br\/seplag\/wp-json\/wp\/v2\/media?parent=97705"}],"curies":[{"name":"wp","href":"https:\/\/api.w.org\/{rel}","templated":true}]}}