{"id":97634,"date":"2026-04-24T09:02:53","date_gmt":"2026-04-24T12:02:53","guid":{"rendered":"https:\/\/ww16.ce.gov.br\/seplag\/?page_id=97634"},"modified":"2026-04-24T09:17:44","modified_gmt":"2026-04-24T12:17:44","slug":"institucional","status":"publish","type":"page","link":"https:\/\/ww16.ce.gov.br\/seplag\/institucional\/","title":{"rendered":"Institucional"},"content":{"rendered":"\n<figure class=\"wp-block-table\"><table><thead><tr><th class=\"has-text-align-center\" data-align=\"center\">Assunto<\/th><th class=\"has-text-align-center\" data-align=\"center\">Detalhe<\/th><th class=\"has-text-align-center\" data-align=\"center\">Arquivo<\/th><\/tr><\/thead><tbody><tr><td class=\"has-text-align-center\" data-align=\"center\"><small>DECRETO N\u00ba35.985, de 07 de maio de 2024.<\/small><\/td><td class=\"has-text-align-center\" data-align=\"center\">ALTERA A ESTRUTURA ORGANIZACIONAL, APROVA O REGULAMENTO E DISP\u00d5E SOBRE OS CARGOS DE PROVIMENTO EM COMISS\u00c3O DA SECRETARIA DO PLANEJAMENTO E GEST\u00c3O (SEPLAG) E D\u00c1 OUTRAS PROVID\u00caNCIAS.<\/td><td class=\"has-text-align-center\" data-align=\"center\"><a href=\"\/seplag\/wp-content\/uploads\/sites\/62\/2024\/07\/Decreto-35.985-DOE-07-05-2024-Regulamento-da-Seplag.pdf\" target=\"_blank\" rel=\"noreferrer noopener\">Download<\/a><\/td><\/tr><tr><td class=\"has-text-align-center\" data-align=\"center\"><small>DECRETO 35.609, de 04 de agosto de 2023 (DO 04.08.23) \u2013 Altera estrutura organizacional da Seplag<\/small><\/td><td class=\"has-text-align-center\" data-align=\"center\">ALTERA A ESTRUTURA ORGANIZACIONAL DA SECRETARIA DO PLANEJAMENTO E GEST\u00c3O (SEPLAG) \u2013 2023<\/td><td class=\"has-text-align-center\" data-align=\"center\"><a href=\"\/seplag\/wp-content\/uploads\/sites\/62\/2023\/08\/Decreto-No-35.609-de-04-de-agosto-de-2023-DO-04.08.23.pdf\" target=\"_blank\" rel=\"noreferrer noopener\">Download<\/a><\/td><\/tr><tr><td class=\"has-text-align-center\" data-align=\"center\"><small>DECRETO 34.325, de 05\/11\/2021 \u2013 Altera estrutura organizacional da Seplag<\/small><\/td><td class=\"has-text-align-center\" data-align=\"center\">ALTERA A ESTRUTURA ORGANIZACIONAL DA SECRETARIA DO PLANEJAMENTO E GEST\u00c3O (SEPLAG)<\/td><td class=\"has-text-align-center\" data-align=\"center\"><a href=\"\/seplag\/wp-content\/uploads\/sites\/62\/2021\/12\/Decreto_34.325_2021_de_05_11_2021_altera_estrutura-organizacional-da-Seplag.pdf\" target=\"_blank\" rel=\"noreferrer noopener\">Download<\/a><\/td><\/tr><tr><td class=\"has-text-align-center\" data-align=\"center\"><small>DECRETO N\u00ba33.968, de 08 de mar\u00e7o de 2021 \u2013 Regulamento da Seplag<\/small><\/td><td class=\"has-text-align-center\" data-align=\"center\">APROVA O REGULAMENTO DA SECRETARIA DO PLANEJAMENTO E GEST\u00c3O (SEPLAG)<\/td><td class=\"has-text-align-center\" data-align=\"center\"><a href=\"https:\/\/Decreto_33.968_2021_de_08_03_2021_altera_estrutura-organizacional-da-Seplag.pdf\" target=\"_blank\" rel=\"noreferrer noopener\">Dow<\/a><a href=\"https:\/\/Decreto_33.968_2021_de_08_03_2021_altera_estrutura-organizacional-da-Seplag.pdf\">nload<\/a><\/td><\/tr><tr><td class=\"has-text-align-center\" data-align=\"center\"><small>DECRETO N\u00ba33.267, de 13 de setembro de 2019<\/small><\/td><td class=\"has-text-align-center\" data-align=\"center\">APROVA O REGULAMENTO DA SECRETARIA DO PLANEJAMENTO E GEST\u00c3O (SEPLAG), E D\u00c1 OUTRAS PROVID\u00caNCIAS<\/td><td class=\"has-text-align-center\" data-align=\"center\"><a href=\"\/seplag\/wp-content\/uploads\/sites\/62\/2020\/04\/Decreto-33.267-2019.pdf\" target=\"_blank\" rel=\"noreferrer noopener\">Download<\/a><\/td><\/tr><tr><td class=\"has-text-align-center\" data-align=\"center\"><small>LEI N\u00ba16.710, 21 de dezembro de 2018<\/small><\/td><td class=\"has-text-align-center\" data-align=\"center\">DISP\u00d5E SOBRE O MODELO DE GEST\u00c3O DO PODER EXECUTIVO, ALTERA A ESTRUTURA&nbsp;DA ADMINISTRA\u00c7\u00c3O ESTADUAL<\/td><td class=\"has-text-align-center\" data-align=\"center\"><a href=\"https:\/\/LEI-EST-16.710_2018-Modelo-de-Gest\u00e3o-Governo.pdf\" target=\"_blank\" rel=\"noreferrer noopener\">Download<\/a><\/td><\/tr><tr><td class=\"has-text-align-center\" data-align=\"center\"><small>DECRETO N\u00ba32.951, de 13 de fevereiro de 2019<\/small><\/td><td class=\"has-text-align-center\" data-align=\"center\">ALTERA A ESTRUTURA ORGANIZACIONAL E DISP\u00d5E SOBRE OS CARGOS DE PROVIMENTO&nbsp;EM COMISS\u00c3O DA SECRETARIA DO PLANEJAMENTO E GEST\u00c3O (SEPLAG)<\/td><td class=\"has-text-align-center\" data-align=\"center\"><a href=\"\/seplag\/wp-content\/uploads\/sites\/62\/2019\/03\/DE-32.951_2019-Estrutura-Seplag.pdf\">Download<\/a><\/td><\/tr><tr><td class=\"has-text-align-center\" data-align=\"center\"><small>CNPJ SEPLAG<\/small><\/td><td class=\"has-text-align-center\" data-align=\"center\">CADASTRO NACIONAL DA PESSOA JUR\u00cdDICA<\/td><td class=\"has-text-align-center\" data-align=\"center\"><a href=\"\/seplag\/wp-content\/uploads\/sites\/62\/2019\/03\/CNPJ-SEPLAG.pdf\" target=\"_blank\" rel=\"noreferrer noopener\">Download<\/a><\/td><\/tr><tr><td class=\"has-text-align-center\" data-align=\"center\"><small>PORTARIA N\u00b0417\/2020<\/small><\/td><td class=\"has-text-align-center\" data-align=\"center\">Sistema de Gest\u00e3o de Bens Im\u00f3veis(SGBI)<\/td><td class=\"has-text-align-center\" data-align=\"center\"><a href=\"\/seplag\/wp-content\/uploads\/sites\/62\/2021\/07\/PORT_417_2020_DESIG_COMISS_SGBI_SEPLAG.pdf\" target=\"_blank\" rel=\"noreferrer noopener\">Download<\/a><\/td><\/tr><tr><td class=\"has-text-align-center\" data-align=\"center\"><small>PORTARIA N\u00ba723\/2019<\/small><\/td><td class=\"has-text-align-center\" data-align=\"center\">Portaria do Plano para Sanar Fragilidades<\/td><td class=\"has-text-align-center\" data-align=\"center\"><a href=\"\/seplag\/wp-content\/uploads\/sites\/62\/2020\/01\/2019_PORT_723_CONSTITUIR_COMISS_GESTORA_PLANO_A\u00c7\u00c3O_SANAR_FRAGILIDADES.pdf\" target=\"_blank\" rel=\"noreferrer noopener\">Download<\/a><\/td><\/tr><\/tbody><\/table><\/figure>\n\n\n\n<p><\/p>\n","protected":false},"excerpt":{"rendered":"<p>Assunto Detalhe Arquivo DECRETO N\u00ba35.985, de 07 de maio de 2024. ALTERA A ESTRUTURA ORGANIZACIONAL, APROVA O REGULAMENTO E DISP\u00d5E SOBRE OS CARGOS DE PROVIMENTO EM COMISS\u00c3O DA SECRETARIA DO PLANEJAMENTO E GEST\u00c3O (SEPLAG) E D\u00c1 OUTRAS PROVID\u00caNCIAS. Download DECRETO 35.609, de 04 de agosto de 2023 (DO 04.08.23) \u2013 Altera estrutura organizacional da Seplag [&hellip;]<\/p>\n","protected":false},"author":135,"featured_media":0,"parent":0,"menu_order":0,"comment_status":"closed","ping_status":"closed","template":"","meta":{"_acf_changed":false,"inline_featured_image":false,"footnotes":""},"class_list":["post-97634","page","type-page","status-publish","hentry"],"acf":[],"yoast_head":"<!-- This site is optimized with the Yoast SEO plugin v26.9 - https:\/\/yoast.com\/product\/yoast-seo-wordpress\/ -->\n<title>Institucional - Secretaria do Planejamento e Gest\u00e3o<\/title>\n<meta name=\"robots\" content=\"index, follow, max-snippet:-1, max-image-preview:large, max-video-preview:-1\" \/>\n<link rel=\"canonical\" href=\"https:\/\/ww16.ce.gov.br\/seplag\/institucional\/\" \/>\n<meta property=\"og:locale\" content=\"pt_BR\" \/>\n<meta property=\"og:type\" content=\"article\" \/>\n<meta property=\"og:title\" content=\"Institucional - Secretaria do Planejamento e Gest\u00e3o\" \/>\n<meta property=\"og:description\" content=\"Assunto Detalhe Arquivo DECRETO N\u00ba35.985, de 07 de maio de 2024. ALTERA A ESTRUTURA ORGANIZACIONAL, APROVA O REGULAMENTO E DISP\u00d5E SOBRE OS CARGOS DE PROVIMENTO EM COMISS\u00c3O DA SECRETARIA DO PLANEJAMENTO E GEST\u00c3O (SEPLAG) E D\u00c1 OUTRAS PROVID\u00caNCIAS. Download DECRETO 35.609, de 04 de agosto de 2023 (DO 04.08.23) \u2013 Altera estrutura organizacional da Seplag [&hellip;]\" \/>\n<meta property=\"og:url\" content=\"https:\/\/ww16.ce.gov.br\/seplag\/institucional\/\" \/>\n<meta property=\"og:site_name\" content=\"Secretaria do Planejamento e Gest\u00e3o\" \/>\n<meta property=\"article:modified_time\" content=\"2026-04-24T12:17:44+00:00\" \/>\n<meta name=\"twitter:card\" content=\"summary_large_image\" \/>\n<meta name=\"twitter:label1\" content=\"Est. reading time\" \/>\n\t<meta name=\"twitter:data1\" content=\"2 minutos\" \/>\n<script type=\"application\/ld+json\" class=\"yoast-schema-graph\">{\"@context\":\"https:\/\/schema.org\",\"@graph\":[{\"@type\":\"WebPage\",\"@id\":\"https:\/\/ww16.ce.gov.br\/seplag\/institucional\/\",\"url\":\"https:\/\/ww16.ce.gov.br\/seplag\/institucional\/\",\"name\":\"Institucional - Secretaria do Planejamento e Gest\u00e3o\",\"isPartOf\":{\"@id\":\"https:\/\/ww16.ce.gov.br\/seplag\/#website\"},\"datePublished\":\"2026-04-24T12:02:53+00:00\",\"dateModified\":\"2026-04-24T12:17:44+00:00\",\"breadcrumb\":{\"@id\":\"https:\/\/ww16.ce.gov.br\/seplag\/institucional\/#breadcrumb\"},\"inLanguage\":\"pt-BR\",\"potentialAction\":[{\"@type\":\"ReadAction\",\"target\":[\"https:\/\/ww16.ce.gov.br\/seplag\/institucional\/\"]}]},{\"@type\":\"BreadcrumbList\",\"@id\":\"https:\/\/ww16.ce.gov.br\/seplag\/institucional\/#breadcrumb\",\"itemListElement\":[{\"@type\":\"ListItem\",\"position\":1,\"name\":\"In\u00edcio\",\"item\":\"https:\/\/ww16.ce.gov.br\/seplag\/\"},{\"@type\":\"ListItem\",\"position\":2,\"name\":\"Institucional\"}]},{\"@type\":\"WebSite\",\"@id\":\"https:\/\/ww16.ce.gov.br\/seplag\/#website\",\"url\":\"https:\/\/ww16.ce.gov.br\/seplag\/\",\"name\":\"Secretaria do Planejamento e Gest\u00e3o\",\"description\":\"Secretaria do Planejamento e Gest\u00e3o\",\"publisher\":{\"@id\":\"https:\/\/ww16.ce.gov.br\/seplag\/#organization\"},\"potentialAction\":[{\"@type\":\"SearchAction\",\"target\":{\"@type\":\"EntryPoint\",\"urlTemplate\":\"https:\/\/ww16.ce.gov.br\/seplag\/?s={search_term_string}\"},\"query-input\":{\"@type\":\"PropertyValueSpecification\",\"valueRequired\":true,\"valueName\":\"search_term_string\"}}],\"inLanguage\":\"pt-BR\"},{\"@type\":\"Organization\",\"@id\":\"https:\/\/ww16.ce.gov.br\/seplag\/#organization\",\"name\":\"Secretaria do Planejamento e Gest\u00e3o\",\"url\":\"https:\/\/ww16.ce.gov.br\/seplag\/\",\"logo\":{\"@type\":\"ImageObject\",\"inLanguage\":\"pt-BR\",\"@id\":\"https:\/\/ww16.ce.gov.br\/seplag\/#\/schema\/logo\/image\/\",\"url\":\"http:\/\/ww16.ce.gov.br\/seplag\/wp-content\/uploads\/sites\/14\/2017\/11\/clara-1.png\",\"contentUrl\":\"http:\/\/ww16.ce.gov.br\/seplag\/wp-content\/uploads\/sites\/14\/2017\/11\/clara-1.png\",\"width\":559,\"height\":106,\"caption\":\"Secretaria do Planejamento e Gest\u00e3o\"},\"image\":{\"@id\":\"https:\/\/ww16.ce.gov.br\/seplag\/#\/schema\/logo\/image\/\"}}]}<\/script>\n<!-- \/ Yoast SEO plugin. -->","yoast_head_json":{"title":"Institucional - Secretaria do Planejamento e Gest\u00e3o","robots":{"index":"index","follow":"follow","max-snippet":"max-snippet:-1","max-image-preview":"max-image-preview:large","max-video-preview":"max-video-preview:-1"},"canonical":"https:\/\/ww16.ce.gov.br\/seplag\/institucional\/","og_locale":"pt_BR","og_type":"article","og_title":"Institucional - Secretaria do Planejamento e Gest\u00e3o","og_description":"Assunto Detalhe Arquivo DECRETO N\u00ba35.985, de 07 de maio de 2024. ALTERA A ESTRUTURA ORGANIZACIONAL, APROVA O REGULAMENTO E DISP\u00d5E SOBRE OS CARGOS DE PROVIMENTO EM COMISS\u00c3O DA SECRETARIA DO PLANEJAMENTO E GEST\u00c3O (SEPLAG) E D\u00c1 OUTRAS PROVID\u00caNCIAS. Download DECRETO 35.609, de 04 de agosto de 2023 (DO 04.08.23) \u2013 Altera estrutura organizacional da Seplag [&hellip;]","og_url":"https:\/\/ww16.ce.gov.br\/seplag\/institucional\/","og_site_name":"Secretaria do Planejamento e Gest\u00e3o","article_modified_time":"2026-04-24T12:17:44+00:00","twitter_card":"summary_large_image","twitter_misc":{"Est. reading time":"2 minutos"},"schema":{"@context":"https:\/\/schema.org","@graph":[{"@type":"WebPage","@id":"https:\/\/ww16.ce.gov.br\/seplag\/institucional\/","url":"https:\/\/ww16.ce.gov.br\/seplag\/institucional\/","name":"Institucional - Secretaria do Planejamento e Gest\u00e3o","isPartOf":{"@id":"https:\/\/ww16.ce.gov.br\/seplag\/#website"},"datePublished":"2026-04-24T12:02:53+00:00","dateModified":"2026-04-24T12:17:44+00:00","breadcrumb":{"@id":"https:\/\/ww16.ce.gov.br\/seplag\/institucional\/#breadcrumb"},"inLanguage":"pt-BR","potentialAction":[{"@type":"ReadAction","target":["https:\/\/ww16.ce.gov.br\/seplag\/institucional\/"]}]},{"@type":"BreadcrumbList","@id":"https:\/\/ww16.ce.gov.br\/seplag\/institucional\/#breadcrumb","itemListElement":[{"@type":"ListItem","position":1,"name":"In\u00edcio","item":"https:\/\/ww16.ce.gov.br\/seplag\/"},{"@type":"ListItem","position":2,"name":"Institucional"}]},{"@type":"WebSite","@id":"https:\/\/ww16.ce.gov.br\/seplag\/#website","url":"https:\/\/ww16.ce.gov.br\/seplag\/","name":"Secretaria do Planejamento e Gest\u00e3o","description":"Secretaria do Planejamento e Gest\u00e3o","publisher":{"@id":"https:\/\/ww16.ce.gov.br\/seplag\/#organization"},"potentialAction":[{"@type":"SearchAction","target":{"@type":"EntryPoint","urlTemplate":"https:\/\/ww16.ce.gov.br\/seplag\/?s={search_term_string}"},"query-input":{"@type":"PropertyValueSpecification","valueRequired":true,"valueName":"search_term_string"}}],"inLanguage":"pt-BR"},{"@type":"Organization","@id":"https:\/\/ww16.ce.gov.br\/seplag\/#organization","name":"Secretaria do Planejamento e Gest\u00e3o","url":"https:\/\/ww16.ce.gov.br\/seplag\/","logo":{"@type":"ImageObject","inLanguage":"pt-BR","@id":"https:\/\/ww16.ce.gov.br\/seplag\/#\/schema\/logo\/image\/","url":"http:\/\/ww16.ce.gov.br\/seplag\/wp-content\/uploads\/sites\/14\/2017\/11\/clara-1.png","contentUrl":"http:\/\/ww16.ce.gov.br\/seplag\/wp-content\/uploads\/sites\/14\/2017\/11\/clara-1.png","width":559,"height":106,"caption":"Secretaria do Planejamento e Gest\u00e3o"},"image":{"@id":"https:\/\/ww16.ce.gov.br\/seplag\/#\/schema\/logo\/image\/"}}]}},"_links":{"self":[{"href":"https:\/\/ww16.ce.gov.br\/seplag\/wp-json\/wp\/v2\/pages\/97634","targetHints":{"allow":["GET"]}}],"collection":[{"href":"https:\/\/ww16.ce.gov.br\/seplag\/wp-json\/wp\/v2\/pages"}],"about":[{"href":"https:\/\/ww16.ce.gov.br\/seplag\/wp-json\/wp\/v2\/types\/page"}],"author":[{"embeddable":true,"href":"https:\/\/ww16.ce.gov.br\/seplag\/wp-json\/wp\/v2\/users\/135"}],"replies":[{"embeddable":true,"href":"https:\/\/ww16.ce.gov.br\/seplag\/wp-json\/wp\/v2\/comments?post=97634"}],"version-history":[{"count":12,"href":"https:\/\/ww16.ce.gov.br\/seplag\/wp-json\/wp\/v2\/pages\/97634\/revisions"}],"predecessor-version":[{"id":98409,"href":"https:\/\/ww16.ce.gov.br\/seplag\/wp-json\/wp\/v2\/pages\/97634\/revisions\/98409"}],"wp:attachment":[{"href":"https:\/\/ww16.ce.gov.br\/seplag\/wp-json\/wp\/v2\/media?parent=97634"}],"curies":[{"name":"wp","href":"https:\/\/api.w.org\/{rel}","templated":true}]}}