{"id":97627,"date":"2026-04-24T09:19:43","date_gmt":"2026-04-24T12:19:43","guid":{"rendered":"https:\/\/ww16.ce.gov.br\/seplag\/?page_id=97627"},"modified":"2026-05-12T13:43:17","modified_gmt":"2026-05-12T16:43:17","slug":"a-instituicao","status":"publish","type":"page","link":"https:\/\/ww16.ce.gov.br\/seplag\/institucional\/a-instituicao\/","title":{"rendered":"A institui\u00e7\u00e3o"},"content":{"rendered":"\n<div class=\"wp-block-group is-layout-constrained wp-block-group-is-layout-constrained\">\n<h2 class=\"wp-block-heading has-large-font-size\"><strong>Hist\u00f3rico<\/strong><\/h2>\n\n\n\n<p>Em 2007, por meio da Lei n\u00ba 13.875, ocorreu a fus\u00e3o da Secretaria do Planejamento e Coordena\u00e7\u00e3o (Seplan) com a Secretaria da Administra\u00e7\u00e3o (Sead), com o prop\u00f3sito de aproximar fun\u00e7\u00f5es estrat\u00e9gicas inerentes \u00e0 administra\u00e7\u00e3o p\u00fablica. A fus\u00e3o dessas duas secretarias deu origem \u00e0 Secretaria do Planejamento e Gest\u00e3o (Seplag).<\/p>\n\n\n\n<h2 class=\"wp-block-heading has-large-font-size\"><strong>Miss\u00e3o<\/strong><\/h2>\n\n\n\n<p>Liderar com sabedoria, transpar\u00eancia e inova\u00e7\u00e3o a pol\u00edtica de Planejamento e Gest\u00e3o P\u00fablica para impulsionar o desenvolvimento sustent\u00e1vel do Cear\u00e1 e o bem-estar da popula\u00e7\u00e3o cearense.<\/p>\n\n\n\n<h2 class=\"wp-block-heading has-large-font-size\"><strong>Vis\u00e3o<\/strong><\/h2>\n\n\n\n<p>Ser refer\u00eancia nacional em planejamento e gest\u00e3o p\u00fablica, destacando-se por sua efici\u00eancia, inova\u00e7\u00e3o e comprometimento com o desenvolvimento sustent\u00e1vel, a transforma\u00e7\u00e3o digital e a qualidade de vida da popula\u00e7\u00e3o cearense.<\/p>\n\n\n\n<h2 class=\"wp-block-heading has-large-font-size\"><strong>Valores<\/strong><\/h2>\n<\/div>\n\n\n\n<ul class=\"wp-block-list\">\n<li>Foco nas pessoas;<\/li>\n\n\n\n<li>\u00c9tica e transpar\u00eancia;<\/li>\n\n\n\n<li>Responsabilidade social, ambiental e fiscal;<\/li>\n\n\n\n<li>Compet\u00eancia e comprometimento profissional;<\/li>\n\n\n\n<li>Foco nos resultados;<\/li>\n\n\n\n<li>Valoriza\u00e7\u00e3o do servidor;<\/li>\n\n\n\n<li>Vis\u00e3o integrada.<\/li>\n<\/ul>\n\n\n\n<hr class=\"wp-block-separator has-alpha-channel-opacity\" \/>\n\n\n\n<div class=\"wp-block-columns is-layout-flex wp-container-core-columns-is-layout-9d6595d7 wp-block-columns-is-layout-flex\">\n<div class=\"wp-block-column is-layout-flow wp-block-column-is-layout-flow\">\n<div class=\"wp-block-buttons is-layout-flex wp-block-buttons-is-layout-flex\">\n<div class=\"wp-block-button has-custom-width wp-block-button__width-100 is-style-outline is-style-outline--1\"><a class=\"wp-block-button__link wp-element-button\" href=\"\/seplag\/wp-content\/uploads\/sites\/62\/2026\/04\/Decreto_37.101_02.02.2026.pdf\" target=\"_blank\" rel=\"noreferrer noopener\">Estrutura e Regulamento da Secretaria do Planejamento e Gest\u00e3o (SEPLAG): Decreto N\u00ba 37.101, de 02 de fevereiro de 2026<\/a><\/div>\n\n\n\n<div class=\"wp-block-button has-custom-width wp-block-button__width-100 is-style-outline is-style-outline--2\"><a class=\"wp-block-button__link wp-element-button\" href=\"https:\/\/www.ce.gov.br\/organograma\/seplag\/\" target=\"_blank\" rel=\"noreferrer noopener\">Organograma Seplag \u2013 Estadual<\/a><\/div>\n\n\n\n<div class=\"wp-block-button has-custom-width wp-block-button__width-100 is-style-outline is-style-outline--3\"><a class=\"wp-block-button__link wp-element-button\" href=\"\/seplag\/wp-content\/uploads\/sites\/62\/2024\/03\/Relatorio-Planejamento-Estrategico-Seplag.pdf\" target=\"_blank\" rel=\"noreferrer noopener\">Relat\u00f3rio da Elabora\u00e7\u00e3o do Plano Estrat\u00e9gico 2024-2027<\/a><\/div>\n<\/div>\n<\/div>\n\n\n\n<div class=\"wp-block-column is-layout-flow wp-block-column-is-layout-flow\">\n<div class=\"wp-block-buttons is-layout-flex wp-block-buttons-is-layout-flex\">\n<div class=\"wp-block-button has-custom-width wp-block-button__width-100 is-style-outline is-style-outline--4\"><a class=\"wp-block-button__link wp-element-button\" href=\"\/seplag\/wp-content\/uploads\/sites\/62\/2024\/05\/do20240502p01.pdf\" target=\"_blank\" rel=\"noreferrer noopener\">Portaria de Controle de Acesso ao Edif\u00edcio Seplag<\/a><\/div>\n\n\n\n<div class=\"wp-block-button has-custom-width wp-block-button__width-100 is-style-outline is-style-outline--5\"><a class=\"wp-block-button__link wp-element-button\" href=\"\/seplag\/legislacao\/institucional\/\" target=\"_blank\" rel=\"noreferrer noopener\">Acesso \u00e0 p\u00e1gina Legisla\u00e7\u00e3o<\/a><\/div>\n<\/div>\n<\/div>\n<\/div>\n\n\n\n<p><\/p>\n","protected":false},"excerpt":{"rendered":"<p>Hist\u00f3rico Em 2007, por meio da Lei n\u00ba 13.875, ocorreu a fus\u00e3o da Secretaria do Planejamento e Coordena\u00e7\u00e3o (Seplan) com a Secretaria da Administra\u00e7\u00e3o (Sead), com o prop\u00f3sito de aproximar fun\u00e7\u00f5es estrat\u00e9gicas inerentes \u00e0 administra\u00e7\u00e3o p\u00fablica. A fus\u00e3o dessas duas secretarias deu origem \u00e0 Secretaria do Planejamento e Gest\u00e3o (Seplag). Miss\u00e3o Liderar com sabedoria, transpar\u00eancia [&hellip;]<\/p>\n","protected":false},"author":135,"featured_media":0,"parent":97634,"menu_order":0,"comment_status":"closed","ping_status":"closed","template":"page-relacao-de-informacao-sigilosa.php","meta":{"_acf_changed":false,"inline_featured_image":false,"footnotes":""},"class_list":["post-97627","page","type-page","status-publish","hentry"],"acf":[],"yoast_head":"<!-- This site is optimized with the Yoast SEO plugin v26.9 - https:\/\/yoast.com\/product\/yoast-seo-wordpress\/ -->\n<title>A institui\u00e7\u00e3o - Secretaria do Planejamento e Gest\u00e3o<\/title>\n<meta name=\"robots\" content=\"index, follow, max-snippet:-1, max-image-preview:large, max-video-preview:-1\" \/>\n<link rel=\"canonical\" href=\"https:\/\/ww16.ce.gov.br\/seplag\/institucional\/a-instituicao\/\" \/>\n<meta property=\"og:locale\" content=\"pt_BR\" \/>\n<meta property=\"og:type\" content=\"article\" \/>\n<meta property=\"og:title\" content=\"A institui\u00e7\u00e3o - Secretaria do Planejamento e Gest\u00e3o\" \/>\n<meta property=\"og:description\" content=\"Hist\u00f3rico Em 2007, por meio da Lei n\u00ba 13.875, ocorreu a fus\u00e3o da Secretaria do Planejamento e Coordena\u00e7\u00e3o (Seplan) com a Secretaria da Administra\u00e7\u00e3o (Sead), com o prop\u00f3sito de aproximar fun\u00e7\u00f5es estrat\u00e9gicas inerentes \u00e0 administra\u00e7\u00e3o p\u00fablica. A fus\u00e3o dessas duas secretarias deu origem \u00e0 Secretaria do Planejamento e Gest\u00e3o (Seplag). Miss\u00e3o Liderar com sabedoria, transpar\u00eancia [&hellip;]\" \/>\n<meta property=\"og:url\" content=\"https:\/\/ww16.ce.gov.br\/seplag\/institucional\/a-instituicao\/\" \/>\n<meta property=\"og:site_name\" content=\"Secretaria do Planejamento e Gest\u00e3o\" \/>\n<meta property=\"article:modified_time\" content=\"2026-05-12T16:43:17+00:00\" \/>\n<meta name=\"twitter:card\" content=\"summary_large_image\" \/>\n<meta name=\"twitter:label1\" content=\"Est. reading time\" \/>\n\t<meta name=\"twitter:data1\" content=\"1 minuto\" \/>\n<script type=\"application\/ld+json\" class=\"yoast-schema-graph\">{\"@context\":\"https:\/\/schema.org\",\"@graph\":[{\"@type\":\"WebPage\",\"@id\":\"https:\/\/ww16.ce.gov.br\/seplag\/institucional\/a-instituicao\/\",\"url\":\"https:\/\/ww16.ce.gov.br\/seplag\/institucional\/a-instituicao\/\",\"name\":\"A institui\u00e7\u00e3o - Secretaria do Planejamento e Gest\u00e3o\",\"isPartOf\":{\"@id\":\"https:\/\/ww16.ce.gov.br\/seplag\/#website\"},\"datePublished\":\"2026-04-24T12:19:43+00:00\",\"dateModified\":\"2026-05-12T16:43:17+00:00\",\"breadcrumb\":{\"@id\":\"https:\/\/ww16.ce.gov.br\/seplag\/institucional\/a-instituicao\/#breadcrumb\"},\"inLanguage\":\"pt-BR\",\"potentialAction\":[{\"@type\":\"ReadAction\",\"target\":[\"https:\/\/ww16.ce.gov.br\/seplag\/institucional\/a-instituicao\/\"]}]},{\"@type\":\"BreadcrumbList\",\"@id\":\"https:\/\/ww16.ce.gov.br\/seplag\/institucional\/a-instituicao\/#breadcrumb\",\"itemListElement\":[{\"@type\":\"ListItem\",\"position\":1,\"name\":\"In\u00edcio\",\"item\":\"https:\/\/ww16.ce.gov.br\/seplag\/\"},{\"@type\":\"ListItem\",\"position\":2,\"name\":\"Institucional\",\"item\":\"https:\/\/ww16.ce.gov.br\/seplag\/institucional\/\"},{\"@type\":\"ListItem\",\"position\":3,\"name\":\"A institui\u00e7\u00e3o\"}]},{\"@type\":\"WebSite\",\"@id\":\"https:\/\/ww16.ce.gov.br\/seplag\/#website\",\"url\":\"https:\/\/ww16.ce.gov.br\/seplag\/\",\"name\":\"Secretaria do Planejamento e Gest\u00e3o\",\"description\":\"Secretaria do Planejamento e Gest\u00e3o\",\"publisher\":{\"@id\":\"https:\/\/ww16.ce.gov.br\/seplag\/#organization\"},\"potentialAction\":[{\"@type\":\"SearchAction\",\"target\":{\"@type\":\"EntryPoint\",\"urlTemplate\":\"https:\/\/ww16.ce.gov.br\/seplag\/?s={search_term_string}\"},\"query-input\":{\"@type\":\"PropertyValueSpecification\",\"valueRequired\":true,\"valueName\":\"search_term_string\"}}],\"inLanguage\":\"pt-BR\"},{\"@type\":\"Organization\",\"@id\":\"https:\/\/ww16.ce.gov.br\/seplag\/#organization\",\"name\":\"Secretaria do Planejamento e Gest\u00e3o\",\"url\":\"https:\/\/ww16.ce.gov.br\/seplag\/\",\"logo\":{\"@type\":\"ImageObject\",\"inLanguage\":\"pt-BR\",\"@id\":\"https:\/\/ww16.ce.gov.br\/seplag\/#\/schema\/logo\/image\/\",\"url\":\"http:\/\/ww16.ce.gov.br\/seplag\/wp-content\/uploads\/sites\/14\/2017\/11\/clara-1.png\",\"contentUrl\":\"http:\/\/ww16.ce.gov.br\/seplag\/wp-content\/uploads\/sites\/14\/2017\/11\/clara-1.png\",\"width\":559,\"height\":106,\"caption\":\"Secretaria do Planejamento e Gest\u00e3o\"},\"image\":{\"@id\":\"https:\/\/ww16.ce.gov.br\/seplag\/#\/schema\/logo\/image\/\"}}]}<\/script>\n<!-- \/ Yoast SEO plugin. -->","yoast_head_json":{"title":"A institui\u00e7\u00e3o - Secretaria do Planejamento e Gest\u00e3o","robots":{"index":"index","follow":"follow","max-snippet":"max-snippet:-1","max-image-preview":"max-image-preview:large","max-video-preview":"max-video-preview:-1"},"canonical":"https:\/\/ww16.ce.gov.br\/seplag\/institucional\/a-instituicao\/","og_locale":"pt_BR","og_type":"article","og_title":"A institui\u00e7\u00e3o - Secretaria do Planejamento e Gest\u00e3o","og_description":"Hist\u00f3rico Em 2007, por meio da Lei n\u00ba 13.875, ocorreu a fus\u00e3o da Secretaria do Planejamento e Coordena\u00e7\u00e3o (Seplan) com a Secretaria da Administra\u00e7\u00e3o (Sead), com o prop\u00f3sito de aproximar fun\u00e7\u00f5es estrat\u00e9gicas inerentes \u00e0 administra\u00e7\u00e3o p\u00fablica. A fus\u00e3o dessas duas secretarias deu origem \u00e0 Secretaria do Planejamento e Gest\u00e3o (Seplag). Miss\u00e3o Liderar com sabedoria, transpar\u00eancia [&hellip;]","og_url":"https:\/\/ww16.ce.gov.br\/seplag\/institucional\/a-instituicao\/","og_site_name":"Secretaria do Planejamento e Gest\u00e3o","article_modified_time":"2026-05-12T16:43:17+00:00","twitter_card":"summary_large_image","twitter_misc":{"Est. reading time":"1 minuto"},"schema":{"@context":"https:\/\/schema.org","@graph":[{"@type":"WebPage","@id":"https:\/\/ww16.ce.gov.br\/seplag\/institucional\/a-instituicao\/","url":"https:\/\/ww16.ce.gov.br\/seplag\/institucional\/a-instituicao\/","name":"A institui\u00e7\u00e3o - Secretaria do Planejamento e Gest\u00e3o","isPartOf":{"@id":"https:\/\/ww16.ce.gov.br\/seplag\/#website"},"datePublished":"2026-04-24T12:19:43+00:00","dateModified":"2026-05-12T16:43:17+00:00","breadcrumb":{"@id":"https:\/\/ww16.ce.gov.br\/seplag\/institucional\/a-instituicao\/#breadcrumb"},"inLanguage":"pt-BR","potentialAction":[{"@type":"ReadAction","target":["https:\/\/ww16.ce.gov.br\/seplag\/institucional\/a-instituicao\/"]}]},{"@type":"BreadcrumbList","@id":"https:\/\/ww16.ce.gov.br\/seplag\/institucional\/a-instituicao\/#breadcrumb","itemListElement":[{"@type":"ListItem","position":1,"name":"In\u00edcio","item":"https:\/\/ww16.ce.gov.br\/seplag\/"},{"@type":"ListItem","position":2,"name":"Institucional","item":"https:\/\/ww16.ce.gov.br\/seplag\/institucional\/"},{"@type":"ListItem","position":3,"name":"A institui\u00e7\u00e3o"}]},{"@type":"WebSite","@id":"https:\/\/ww16.ce.gov.br\/seplag\/#website","url":"https:\/\/ww16.ce.gov.br\/seplag\/","name":"Secretaria do Planejamento e Gest\u00e3o","description":"Secretaria do Planejamento e Gest\u00e3o","publisher":{"@id":"https:\/\/ww16.ce.gov.br\/seplag\/#organization"},"potentialAction":[{"@type":"SearchAction","target":{"@type":"EntryPoint","urlTemplate":"https:\/\/ww16.ce.gov.br\/seplag\/?s={search_term_string}"},"query-input":{"@type":"PropertyValueSpecification","valueRequired":true,"valueName":"search_term_string"}}],"inLanguage":"pt-BR"},{"@type":"Organization","@id":"https:\/\/ww16.ce.gov.br\/seplag\/#organization","name":"Secretaria do Planejamento e Gest\u00e3o","url":"https:\/\/ww16.ce.gov.br\/seplag\/","logo":{"@type":"ImageObject","inLanguage":"pt-BR","@id":"https:\/\/ww16.ce.gov.br\/seplag\/#\/schema\/logo\/image\/","url":"http:\/\/ww16.ce.gov.br\/seplag\/wp-content\/uploads\/sites\/14\/2017\/11\/clara-1.png","contentUrl":"http:\/\/ww16.ce.gov.br\/seplag\/wp-content\/uploads\/sites\/14\/2017\/11\/clara-1.png","width":559,"height":106,"caption":"Secretaria do Planejamento e Gest\u00e3o"},"image":{"@id":"https:\/\/ww16.ce.gov.br\/seplag\/#\/schema\/logo\/image\/"}}]}},"_links":{"self":[{"href":"https:\/\/ww16.ce.gov.br\/seplag\/wp-json\/wp\/v2\/pages\/97627","targetHints":{"allow":["GET"]}}],"collection":[{"href":"https:\/\/ww16.ce.gov.br\/seplag\/wp-json\/wp\/v2\/pages"}],"about":[{"href":"https:\/\/ww16.ce.gov.br\/seplag\/wp-json\/wp\/v2\/types\/page"}],"author":[{"embeddable":true,"href":"https:\/\/ww16.ce.gov.br\/seplag\/wp-json\/wp\/v2\/users\/135"}],"replies":[{"embeddable":true,"href":"https:\/\/ww16.ce.gov.br\/seplag\/wp-json\/wp\/v2\/comments?post=97627"}],"version-history":[{"count":8,"href":"https:\/\/ww16.ce.gov.br\/seplag\/wp-json\/wp\/v2\/pages\/97627\/revisions"}],"predecessor-version":[{"id":98984,"href":"https:\/\/ww16.ce.gov.br\/seplag\/wp-json\/wp\/v2\/pages\/97627\/revisions\/98984"}],"up":[{"embeddable":true,"href":"https:\/\/ww16.ce.gov.br\/seplag\/wp-json\/wp\/v2\/pages\/97634"}],"wp:attachment":[{"href":"https:\/\/ww16.ce.gov.br\/seplag\/wp-json\/wp\/v2\/media?parent=97627"}],"curies":[{"name":"wp","href":"https:\/\/api.w.org\/{rel}","templated":true}]}}