{"id":97619,"date":"2026-04-22T16:43:43","date_gmt":"2026-04-22T19:43:43","guid":{"rendered":"https:\/\/ww16.ce.gov.br\/seplag\/?page_id=97619"},"modified":"2026-05-06T09:03:59","modified_gmt":"2026-05-06T12:03:59","slug":"semana-anual-da-gestao","status":"publish","type":"page","link":"https:\/\/ww16.ce.gov.br\/seplag\/gestao\/semana-anual-da-gestao\/","title":{"rendered":"Semana Anual da Gest\u00e3o"},"content":{"rendered":"\n<div style=\"height:20px\" aria-hidden=\"true\" class=\"wp-block-spacer\"><\/div>\n\n\n\n<p>A Semana Anual da Gest\u00e3o \u00e9 um evento realizado pela Secretaria do Planejamento e Gest\u00e3o do Cear\u00e1 (Seplag-CE) que tem o objetivo de alinhar os conhecimentos dos servidores e colaboradores do Governo do Cear\u00e1 sobre gest\u00e3o. O evento tamb\u00e9m busca estreitar os la\u00e7os e fortalecer a comunica\u00e7\u00e3o entre a Seplag e as \u00e1reas dos \u00f3rg\u00e3os\/entidades da administra\u00e7\u00e3o p\u00fablica que atuam diretamente com a gest\u00e3o.<\/p>\n\n\n\n<h2 class=\"wp-block-heading\"><strong>Apresenta\u00e7\u00f5es<\/strong><\/h2>\n\n\n\n<details class=\"wp-block-details is-layout-flow wp-block-details-is-layout-flow\"><summary><strong>Gest\u00e3o de Patrim\u00f4nio e Log\u00edstica<\/strong><\/summary>\n<div class=\"wp-block-cegovbr-mural-materiais-card-arquivos-multiplos\"><div class=\"ckc-card-arquivos-multiplos\"><div class=\"ckc-card-arquivos-multiplos-files\"><ul class=\"ckc-file-list list-group\"><li><a href=\"https:\/\/ww16.ce.gov.br\/seplag\/wp-content\/uploads\/sites\/62\/2024\/01\/COPAT_.pdf\" target=\"_blank\" rel=\"noopener noreferrer\"><span class=\"material-symbols-outlined\">download<\/span><span class=\"ckc-file-name\">Coordenadoria de Gest\u00e3o Patrimonial e Recursos Log\u00edsticos (Copat)<\/span><\/a><\/li><li><a href=\"https:\/\/ww16.ce.gov.br\/seplag\/wp-content\/uploads\/sites\/62\/2024\/01\/CEARAPAR.pdf\" target=\"_blank\" rel=\"noopener noreferrer\"><span class=\"material-symbols-outlined\">download<\/span><span class=\"ckc-file-name\">Companhia de Participa\u00e7\u00e3o e Gest\u00e3o de Ativos do Cear\u00e1 (CearaPar)<\/span><\/a><\/li><\/ul><\/div><\/div><\/div>\n<\/details>\n\n\n\n<details class=\"wp-block-details is-layout-flow wp-block-details-is-layout-flow\"><summary><strong>Moderniza\u00e7\u00e3o e Gest\u00e3o de TIC<\/strong><\/summary>\n<div class=\"wp-block-cegovbr-mural-materiais-card-arquivos-multiplos\"><div class=\"ckc-card-arquivos-multiplos\"><div class=\"ckc-card-arquivos-multiplos-files\"><ul class=\"ckc-file-list list-group\"><li><a href=\"https:\/\/ww16.ce.gov.br\/seplag\/wp-content\/uploads\/sites\/62\/2024\/01\/COMGE.pdf\" target=\"_blank\" rel=\"noopener noreferrer\"><span class=\"material-symbols-outlined\">download<\/span><span class=\"ckc-file-name\">Coordenadoria de Moderniza\u00e7\u00e3o da Gest\u00e3o do Estado (Comge)<\/span><\/a><\/li><li><a href=\"https:\/\/ww16.ce.gov.br\/seplag\/wp-content\/uploads\/sites\/62\/2024\/08\/COGET.pdf\" target=\"_blank\" rel=\"noopener noreferrer\"><span class=\"material-symbols-outlined\">download<\/span><span class=\"ckc-file-name\">Coordenadoria de Gest\u00e3o Estrat\u00e9gica da Tecnologia da Informa\u00e7\u00e3o e Comunica\u00e7\u00e3o (Coget)<\/span><\/a><\/li><\/ul><\/div><\/div><\/div>\n<\/details>\n\n\n\n<details class=\"wp-block-details is-layout-flow wp-block-details-is-layout-flow\"><summary><strong>Gest\u00e3o de Pessoas<\/strong><\/summary>\n<div class=\"wp-block-cegovbr-mural-materiais-card-arquivos-multiplos\"><div class=\"ckc-card-arquivos-multiplos\"><div class=\"ckc-card-arquivos-multiplos-files\"><ul class=\"ckc-file-list list-group\"><li><a href=\"https:\/\/ww16.ce.gov.br\/seplag\/wp-content\/uploads\/sites\/62\/2024\/01\/SEXC-LID.pdf\" target=\"_blank\" rel=\"noopener noreferrer\"><span class=\"material-symbols-outlined\">download<\/span><span class=\"ckc-file-name\">Secretaria Executiva de Pol\u00edticas Estrat\u00e9gicas para Lideran\u00e7a (Sexec-LID)<\/span><\/a><\/li><li><a href=\"https:\/\/ww16.ce.gov.br\/seplag\/wp-content\/uploads\/sites\/62\/2024\/01\/COGEP_.pdf\" target=\"_blank\" rel=\"noopener noreferrer\"><span class=\"material-symbols-outlined\">download<\/span><span class=\"ckc-file-name\">Coordenadoria de Gest\u00e3o de Pessoas (Cogep)<\/span><\/a><\/li><li><a href=\"https:\/\/ww16.ce.gov.br\/seplag\/wp-content\/uploads\/sites\/62\/2024\/01\/EGPCE.pdf\" target=\"_blank\" rel=\"noopener noreferrer\"><span class=\"material-symbols-outlined\">download<\/span><span class=\"ckc-file-name\">Escola de Gest\u00e3o P\u00fablica do Estado do Cear\u00e1 (EGPCE)<\/span><\/a><\/li><li><a href=\"https:\/\/ww16.ce.gov.br\/seplag\/wp-content\/uploads\/sites\/62\/2024\/01\/ISSEC.pdf\" target=\"_blank\" rel=\"noopener noreferrer\"><span class=\"material-symbols-outlined\">download<\/span><span class=\"ckc-file-name\">Instituto de Sa\u00fade dos Servidores do Estado do Cear\u00e1 (Issec)<\/span><\/a><\/li><li><a href=\"https:\/\/ww16.ce.gov.br\/seplag\/wp-content\/uploads\/sites\/62\/2024\/01\/COPAI.pdf\" target=\"_blank\" rel=\"noopener noreferrer\"><span class=\"material-symbols-outlined\">download<\/span><span class=\"ckc-file-name\">Coordenadoria de Promo\u00e7\u00e3o da Qualidade de Vida do Aposentado (Copai)<\/span><\/a><\/li><li><a href=\"https:\/\/ww16.ce.gov.br\/seplag\/wp-content\/uploads\/sites\/62\/2024\/01\/CE-PREVCOM_.pdf\" target=\"_blank\" rel=\"noopener noreferrer\"><span class=\"material-symbols-outlined\">download<\/span><span class=\"ckc-file-name\">Funda\u00e7\u00e3o de Previd\u00eancia Complementar do Estado do Cear\u00e1 (CE-Prevcom)<\/span><\/a><\/li><li><a href=\"https:\/\/ww16.ce.gov.br\/seplag\/wp-content\/uploads\/sites\/62\/2024\/01\/CEARAPREV.pdf\" target=\"_blank\" rel=\"noopener noreferrer\"><span class=\"material-symbols-outlined\">download<\/span><span class=\"ckc-file-name\">Funda\u00e7\u00e3o de Previd\u00eancia Social do Estado do Cear\u00e1 (Cearaprev)<\/span><\/a><\/li><\/ul><\/div><\/div><\/div>\n<\/details>\n\n\n\n<details class=\"wp-block-details is-layout-flow wp-block-details-is-layout-flow\"><summary><strong>Gest\u00e3o de Terceiriza\u00e7\u00e3o<\/strong><\/summary>\n<div class=\"wp-block-cegovbr-mural-materiais-card-arquivos-multiplos\"><div class=\"ckc-card-arquivos-multiplos\"><div class=\"ckc-card-arquivos-multiplos-files\"><ul class=\"ckc-file-list list-group\"><li><a href=\"https:\/\/ww16.ce.gov.br\/seplag\/wp-content\/uploads\/sites\/62\/2024\/01\/COSET.pdf\" target=\"_blank\" rel=\"noopener noreferrer\"><span class=\"material-symbols-outlined\">download<\/span><span class=\"ckc-file-name\">Coordenadoria de Gest\u00e3o de Servi\u00e7os Terceirizados (Coset)<\/span><\/a><\/li><\/ul><\/div><\/div><\/div>\n<\/details>\n\n\n\n<details class=\"wp-block-details is-layout-flow wp-block-details-is-layout-flow\"><summary><strong>Gest\u00e3o de Compras<\/strong><\/summary>\n<div class=\"wp-block-cegovbr-mural-materiais-card-arquivos-multiplos\"><div class=\"ckc-card-arquivos-multiplos\"><div class=\"ckc-card-arquivos-multiplos-files\"><ul class=\"ckc-file-list list-group\"><li><a href=\"https:\/\/ww16.ce.gov.br\/seplag\/wp-content\/uploads\/sites\/62\/2024\/01\/COGEC.pdf\" target=\"_blank\" rel=\"noopener noreferrer\"><span class=\"material-symbols-outlined\">download<\/span><span class=\"ckc-file-name\">Coordenadoria de Gest\u00e3o de Compras (Cogec)<\/span><\/a><\/li><\/ul><\/div><\/div><\/div>\n<\/details>\n","protected":false},"excerpt":{"rendered":"<p>A Semana Anual da Gest\u00e3o \u00e9 um evento realizado pela Secretaria do Planejamento e Gest\u00e3o do Cear\u00e1 (Seplag-CE) que tem o objetivo de alinhar os conhecimentos dos servidores e colaboradores do Governo do Cear\u00e1 sobre gest\u00e3o. O evento tamb\u00e9m busca estreitar os la\u00e7os e fortalecer a comunica\u00e7\u00e3o entre a Seplag e as \u00e1reas dos \u00f3rg\u00e3os\/entidades [&hellip;]<\/p>\n","protected":false},"author":135,"featured_media":0,"parent":68888,"menu_order":0,"comment_status":"closed","ping_status":"closed","template":"","meta":{"_acf_changed":false,"inline_featured_image":false,"footnotes":""},"class_list":["post-97619","page","type-page","status-publish","hentry"],"acf":[],"yoast_head":"<!-- This site is optimized with the Yoast SEO plugin v26.9 - https:\/\/yoast.com\/product\/yoast-seo-wordpress\/ -->\n<title>Semana Anual da Gest\u00e3o - Secretaria do Planejamento e Gest\u00e3o<\/title>\n<meta name=\"robots\" content=\"index, follow, max-snippet:-1, max-image-preview:large, max-video-preview:-1\" \/>\n<link rel=\"canonical\" href=\"https:\/\/ww16.ce.gov.br\/seplag\/gestao\/semana-anual-da-gestao\/\" \/>\n<meta property=\"og:locale\" content=\"pt_BR\" \/>\n<meta property=\"og:type\" content=\"article\" \/>\n<meta property=\"og:title\" content=\"Semana Anual da Gest\u00e3o - Secretaria do Planejamento e Gest\u00e3o\" \/>\n<meta property=\"og:description\" content=\"A Semana Anual da Gest\u00e3o \u00e9 um evento realizado pela Secretaria do Planejamento e Gest\u00e3o do Cear\u00e1 (Seplag-CE) que tem o objetivo de alinhar os conhecimentos dos servidores e colaboradores do Governo do Cear\u00e1 sobre gest\u00e3o. O evento tamb\u00e9m busca estreitar os la\u00e7os e fortalecer a comunica\u00e7\u00e3o entre a Seplag e as \u00e1reas dos \u00f3rg\u00e3os\/entidades [&hellip;]\" \/>\n<meta property=\"og:url\" content=\"https:\/\/ww16.ce.gov.br\/seplag\/gestao\/semana-anual-da-gestao\/\" \/>\n<meta property=\"og:site_name\" content=\"Secretaria do Planejamento e Gest\u00e3o\" \/>\n<meta property=\"article:modified_time\" content=\"2026-05-06T12:03:59+00:00\" \/>\n<meta name=\"twitter:card\" content=\"summary_large_image\" \/>\n<meta name=\"twitter:label1\" content=\"Est. reading time\" \/>\n\t<meta name=\"twitter:data1\" content=\"2 minutos\" \/>\n<script type=\"application\/ld+json\" class=\"yoast-schema-graph\">{\"@context\":\"https:\/\/schema.org\",\"@graph\":[{\"@type\":\"WebPage\",\"@id\":\"https:\/\/ww16.ce.gov.br\/seplag\/gestao\/semana-anual-da-gestao\/\",\"url\":\"https:\/\/ww16.ce.gov.br\/seplag\/gestao\/semana-anual-da-gestao\/\",\"name\":\"Semana Anual da Gest\u00e3o - Secretaria do Planejamento e Gest\u00e3o\",\"isPartOf\":{\"@id\":\"https:\/\/ww16.ce.gov.br\/seplag\/#website\"},\"datePublished\":\"2026-04-22T19:43:43+00:00\",\"dateModified\":\"2026-05-06T12:03:59+00:00\",\"breadcrumb\":{\"@id\":\"https:\/\/ww16.ce.gov.br\/seplag\/gestao\/semana-anual-da-gestao\/#breadcrumb\"},\"inLanguage\":\"pt-BR\",\"potentialAction\":[{\"@type\":\"ReadAction\",\"target\":[\"https:\/\/ww16.ce.gov.br\/seplag\/gestao\/semana-anual-da-gestao\/\"]}]},{\"@type\":\"BreadcrumbList\",\"@id\":\"https:\/\/ww16.ce.gov.br\/seplag\/gestao\/semana-anual-da-gestao\/#breadcrumb\",\"itemListElement\":[{\"@type\":\"ListItem\",\"position\":1,\"name\":\"In\u00edcio\",\"item\":\"https:\/\/ww16.ce.gov.br\/seplag\/\"},{\"@type\":\"ListItem\",\"position\":2,\"name\":\"Gest\u00e3o\",\"item\":\"https:\/\/ww16.ce.gov.br\/seplag\/gestao\/\"},{\"@type\":\"ListItem\",\"position\":3,\"name\":\"Semana Anual da Gest\u00e3o\"}]},{\"@type\":\"WebSite\",\"@id\":\"https:\/\/ww16.ce.gov.br\/seplag\/#website\",\"url\":\"https:\/\/ww16.ce.gov.br\/seplag\/\",\"name\":\"Secretaria do Planejamento e Gest\u00e3o\",\"description\":\"Secretaria do Planejamento e Gest\u00e3o\",\"publisher\":{\"@id\":\"https:\/\/ww16.ce.gov.br\/seplag\/#organization\"},\"potentialAction\":[{\"@type\":\"SearchAction\",\"target\":{\"@type\":\"EntryPoint\",\"urlTemplate\":\"https:\/\/ww16.ce.gov.br\/seplag\/?s={search_term_string}\"},\"query-input\":{\"@type\":\"PropertyValueSpecification\",\"valueRequired\":true,\"valueName\":\"search_term_string\"}}],\"inLanguage\":\"pt-BR\"},{\"@type\":\"Organization\",\"@id\":\"https:\/\/ww16.ce.gov.br\/seplag\/#organization\",\"name\":\"Secretaria do Planejamento e Gest\u00e3o\",\"url\":\"https:\/\/ww16.ce.gov.br\/seplag\/\",\"logo\":{\"@type\":\"ImageObject\",\"inLanguage\":\"pt-BR\",\"@id\":\"https:\/\/ww16.ce.gov.br\/seplag\/#\/schema\/logo\/image\/\",\"url\":\"http:\/\/ww16.ce.gov.br\/seplag\/wp-content\/uploads\/sites\/14\/2017\/11\/clara-1.png\",\"contentUrl\":\"http:\/\/ww16.ce.gov.br\/seplag\/wp-content\/uploads\/sites\/14\/2017\/11\/clara-1.png\",\"width\":559,\"height\":106,\"caption\":\"Secretaria do Planejamento e Gest\u00e3o\"},\"image\":{\"@id\":\"https:\/\/ww16.ce.gov.br\/seplag\/#\/schema\/logo\/image\/\"}}]}<\/script>\n<!-- \/ Yoast SEO plugin. -->","yoast_head_json":{"title":"Semana Anual da Gest\u00e3o - Secretaria do Planejamento e Gest\u00e3o","robots":{"index":"index","follow":"follow","max-snippet":"max-snippet:-1","max-image-preview":"max-image-preview:large","max-video-preview":"max-video-preview:-1"},"canonical":"https:\/\/ww16.ce.gov.br\/seplag\/gestao\/semana-anual-da-gestao\/","og_locale":"pt_BR","og_type":"article","og_title":"Semana Anual da Gest\u00e3o - Secretaria do Planejamento e Gest\u00e3o","og_description":"A Semana Anual da Gest\u00e3o \u00e9 um evento realizado pela Secretaria do Planejamento e Gest\u00e3o do Cear\u00e1 (Seplag-CE) que tem o objetivo de alinhar os conhecimentos dos servidores e colaboradores do Governo do Cear\u00e1 sobre gest\u00e3o. O evento tamb\u00e9m busca estreitar os la\u00e7os e fortalecer a comunica\u00e7\u00e3o entre a Seplag e as \u00e1reas dos \u00f3rg\u00e3os\/entidades [&hellip;]","og_url":"https:\/\/ww16.ce.gov.br\/seplag\/gestao\/semana-anual-da-gestao\/","og_site_name":"Secretaria do Planejamento e Gest\u00e3o","article_modified_time":"2026-05-06T12:03:59+00:00","twitter_card":"summary_large_image","twitter_misc":{"Est. reading time":"2 minutos"},"schema":{"@context":"https:\/\/schema.org","@graph":[{"@type":"WebPage","@id":"https:\/\/ww16.ce.gov.br\/seplag\/gestao\/semana-anual-da-gestao\/","url":"https:\/\/ww16.ce.gov.br\/seplag\/gestao\/semana-anual-da-gestao\/","name":"Semana Anual da Gest\u00e3o - Secretaria do Planejamento e Gest\u00e3o","isPartOf":{"@id":"https:\/\/ww16.ce.gov.br\/seplag\/#website"},"datePublished":"2026-04-22T19:43:43+00:00","dateModified":"2026-05-06T12:03:59+00:00","breadcrumb":{"@id":"https:\/\/ww16.ce.gov.br\/seplag\/gestao\/semana-anual-da-gestao\/#breadcrumb"},"inLanguage":"pt-BR","potentialAction":[{"@type":"ReadAction","target":["https:\/\/ww16.ce.gov.br\/seplag\/gestao\/semana-anual-da-gestao\/"]}]},{"@type":"BreadcrumbList","@id":"https:\/\/ww16.ce.gov.br\/seplag\/gestao\/semana-anual-da-gestao\/#breadcrumb","itemListElement":[{"@type":"ListItem","position":1,"name":"In\u00edcio","item":"https:\/\/ww16.ce.gov.br\/seplag\/"},{"@type":"ListItem","position":2,"name":"Gest\u00e3o","item":"https:\/\/ww16.ce.gov.br\/seplag\/gestao\/"},{"@type":"ListItem","position":3,"name":"Semana Anual da Gest\u00e3o"}]},{"@type":"WebSite","@id":"https:\/\/ww16.ce.gov.br\/seplag\/#website","url":"https:\/\/ww16.ce.gov.br\/seplag\/","name":"Secretaria do Planejamento e Gest\u00e3o","description":"Secretaria do Planejamento e Gest\u00e3o","publisher":{"@id":"https:\/\/ww16.ce.gov.br\/seplag\/#organization"},"potentialAction":[{"@type":"SearchAction","target":{"@type":"EntryPoint","urlTemplate":"https:\/\/ww16.ce.gov.br\/seplag\/?s={search_term_string}"},"query-input":{"@type":"PropertyValueSpecification","valueRequired":true,"valueName":"search_term_string"}}],"inLanguage":"pt-BR"},{"@type":"Organization","@id":"https:\/\/ww16.ce.gov.br\/seplag\/#organization","name":"Secretaria do Planejamento e Gest\u00e3o","url":"https:\/\/ww16.ce.gov.br\/seplag\/","logo":{"@type":"ImageObject","inLanguage":"pt-BR","@id":"https:\/\/ww16.ce.gov.br\/seplag\/#\/schema\/logo\/image\/","url":"http:\/\/ww16.ce.gov.br\/seplag\/wp-content\/uploads\/sites\/14\/2017\/11\/clara-1.png","contentUrl":"http:\/\/ww16.ce.gov.br\/seplag\/wp-content\/uploads\/sites\/14\/2017\/11\/clara-1.png","width":559,"height":106,"caption":"Secretaria do Planejamento e Gest\u00e3o"},"image":{"@id":"https:\/\/ww16.ce.gov.br\/seplag\/#\/schema\/logo\/image\/"}}]}},"_links":{"self":[{"href":"https:\/\/ww16.ce.gov.br\/seplag\/wp-json\/wp\/v2\/pages\/97619","targetHints":{"allow":["GET"]}}],"collection":[{"href":"https:\/\/ww16.ce.gov.br\/seplag\/wp-json\/wp\/v2\/pages"}],"about":[{"href":"https:\/\/ww16.ce.gov.br\/seplag\/wp-json\/wp\/v2\/types\/page"}],"author":[{"embeddable":true,"href":"https:\/\/ww16.ce.gov.br\/seplag\/wp-json\/wp\/v2\/users\/135"}],"replies":[{"embeddable":true,"href":"https:\/\/ww16.ce.gov.br\/seplag\/wp-json\/wp\/v2\/comments?post=97619"}],"version-history":[{"count":4,"href":"https:\/\/ww16.ce.gov.br\/seplag\/wp-json\/wp\/v2\/pages\/97619\/revisions"}],"predecessor-version":[{"id":98435,"href":"https:\/\/ww16.ce.gov.br\/seplag\/wp-json\/wp\/v2\/pages\/97619\/revisions\/98435"}],"up":[{"embeddable":true,"href":"https:\/\/ww16.ce.gov.br\/seplag\/wp-json\/wp\/v2\/pages\/68888"}],"wp:attachment":[{"href":"https:\/\/ww16.ce.gov.br\/seplag\/wp-json\/wp\/v2\/media?parent=97619"}],"curies":[{"name":"wp","href":"https:\/\/api.w.org\/{rel}","templated":true}]}}