{"id":89454,"date":"2024-08-22T13:17:46","date_gmt":"2024-08-22T16:17:46","guid":{"rendered":"http:\/\/ww16.ce.gov.br\/seplag\/?page_id=89454"},"modified":"2024-08-22T13:18:18","modified_gmt":"2024-08-22T16:18:18","slug":"aquisicoes-de-tic","status":"publish","type":"page","link":"https:\/\/ww16.ce.gov.br\/seplag\/governancatic\/aquisicoes-de-tic\/","title":{"rendered":"Aquisi\u00e7\u00f5es de TIC"},"content":{"rendered":"<p>&nbsp;<\/p>\n<h4><b>Templates e Listas de verifica\u00e7\u00f5es<\/b><\/h4>\n<p><strong>\u2022<\/strong>\u00a0\u00a0<a href=\"https:\/\/drive.google.com\/drive\/u\/0\/folders\/1id7pUHaZ2BzscNpu4gF5qa5iS_twCbak\" target=\"_blank\" rel=\"noopener\"><u>Clique aqui<\/u><\/a>\u00a0para acessar os arquivos do Drive<\/p>\n","protected":false},"excerpt":{"rendered":"<p>&nbsp; Templates e Listas de verifica\u00e7\u00f5es \u2022\u00a0\u00a0Clique aqui\u00a0para acessar os arquivos do Drive<\/p>\n","protected":false},"author":68,"featured_media":0,"parent":71669,"menu_order":0,"comment_status":"closed","ping_status":"closed","template":"","meta":{"_acf_changed":false,"inline_featured_image":false,"footnotes":""},"class_list":["post-89454","page","type-page","status-publish","hentry"],"acf":[],"yoast_head":"<!-- This site is optimized with the Yoast SEO plugin v26.9 - https:\/\/yoast.com\/product\/yoast-seo-wordpress\/ -->\n<title>Aquisi\u00e7\u00f5es de TIC - Secretaria do Planejamento e Gest\u00e3o<\/title>\n<meta name=\"robots\" content=\"index, follow, max-snippet:-1, max-image-preview:large, max-video-preview:-1\" \/>\n<link rel=\"canonical\" href=\"https:\/\/ww16.ce.gov.br\/seplag\/governancatic\/aquisicoes-de-tic\/\" \/>\n<meta property=\"og:locale\" content=\"pt_BR\" \/>\n<meta property=\"og:type\" content=\"article\" \/>\n<meta property=\"og:title\" content=\"Aquisi\u00e7\u00f5es de TIC - Secretaria do Planejamento e Gest\u00e3o\" \/>\n<meta property=\"og:description\" content=\"&nbsp; Templates e Listas de verifica\u00e7\u00f5es \u2022\u00a0\u00a0Clique aqui\u00a0para acessar os arquivos do Drive\" \/>\n<meta property=\"og:url\" content=\"https:\/\/ww16.ce.gov.br\/seplag\/governancatic\/aquisicoes-de-tic\/\" \/>\n<meta property=\"og:site_name\" content=\"Secretaria do Planejamento e Gest\u00e3o\" \/>\n<meta property=\"article:modified_time\" content=\"2024-08-22T16:18:18+00:00\" \/>\n<meta name=\"twitter:card\" content=\"summary_large_image\" \/>\n<meta name=\"twitter:label1\" content=\"Est. reading time\" \/>\n\t<meta name=\"twitter:data1\" content=\"1 minuto\" \/>\n<script type=\"application\/ld+json\" class=\"yoast-schema-graph\">{\"@context\":\"https:\/\/schema.org\",\"@graph\":[{\"@type\":\"WebPage\",\"@id\":\"https:\/\/ww16.ce.gov.br\/seplag\/governancatic\/aquisicoes-de-tic\/\",\"url\":\"https:\/\/ww16.ce.gov.br\/seplag\/governancatic\/aquisicoes-de-tic\/\",\"name\":\"Aquisi\u00e7\u00f5es de TIC - Secretaria do Planejamento e Gest\u00e3o\",\"isPartOf\":{\"@id\":\"https:\/\/ww16.ce.gov.br\/seplag\/#website\"},\"datePublished\":\"2024-08-22T16:17:46+00:00\",\"dateModified\":\"2024-08-22T16:18:18+00:00\",\"breadcrumb\":{\"@id\":\"https:\/\/ww16.ce.gov.br\/seplag\/governancatic\/aquisicoes-de-tic\/#breadcrumb\"},\"inLanguage\":\"pt-BR\",\"potentialAction\":[{\"@type\":\"ReadAction\",\"target\":[\"https:\/\/ww16.ce.gov.br\/seplag\/governancatic\/aquisicoes-de-tic\/\"]}]},{\"@type\":\"BreadcrumbList\",\"@id\":\"https:\/\/ww16.ce.gov.br\/seplag\/governancatic\/aquisicoes-de-tic\/#breadcrumb\",\"itemListElement\":[{\"@type\":\"ListItem\",\"position\":1,\"name\":\"In\u00edcio\",\"item\":\"https:\/\/ww16.ce.gov.br\/seplag\/\"},{\"@type\":\"ListItem\",\"position\":2,\"name\":\"Governan\u00e7a de TIC da Administra\u00e7\u00e3o P\u00fablica Estadual\",\"item\":\"https:\/\/ww16.ce.gov.br\/seplag\/governancatic\/\"},{\"@type\":\"ListItem\",\"position\":3,\"name\":\"Aquisi\u00e7\u00f5es de TIC\"}]},{\"@type\":\"WebSite\",\"@id\":\"https:\/\/ww16.ce.gov.br\/seplag\/#website\",\"url\":\"https:\/\/ww16.ce.gov.br\/seplag\/\",\"name\":\"Secretaria do Planejamento e Gest\u00e3o\",\"description\":\"Secretaria do Planejamento e Gest\u00e3o\",\"publisher\":{\"@id\":\"https:\/\/ww16.ce.gov.br\/seplag\/#organization\"},\"potentialAction\":[{\"@type\":\"SearchAction\",\"target\":{\"@type\":\"EntryPoint\",\"urlTemplate\":\"https:\/\/ww16.ce.gov.br\/seplag\/?s={search_term_string}\"},\"query-input\":{\"@type\":\"PropertyValueSpecification\",\"valueRequired\":true,\"valueName\":\"search_term_string\"}}],\"inLanguage\":\"pt-BR\"},{\"@type\":\"Organization\",\"@id\":\"https:\/\/ww16.ce.gov.br\/seplag\/#organization\",\"name\":\"Secretaria do Planejamento e Gest\u00e3o\",\"url\":\"https:\/\/ww16.ce.gov.br\/seplag\/\",\"logo\":{\"@type\":\"ImageObject\",\"inLanguage\":\"pt-BR\",\"@id\":\"https:\/\/ww16.ce.gov.br\/seplag\/#\/schema\/logo\/image\/\",\"url\":\"http:\/\/ww16.ce.gov.br\/seplag\/wp-content\/uploads\/sites\/14\/2017\/11\/clara-1.png\",\"contentUrl\":\"http:\/\/ww16.ce.gov.br\/seplag\/wp-content\/uploads\/sites\/14\/2017\/11\/clara-1.png\",\"width\":559,\"height\":106,\"caption\":\"Secretaria do Planejamento e Gest\u00e3o\"},\"image\":{\"@id\":\"https:\/\/ww16.ce.gov.br\/seplag\/#\/schema\/logo\/image\/\"}}]}<\/script>\n<!-- \/ Yoast SEO plugin. -->","yoast_head_json":{"title":"Aquisi\u00e7\u00f5es de TIC - Secretaria do Planejamento e Gest\u00e3o","robots":{"index":"index","follow":"follow","max-snippet":"max-snippet:-1","max-image-preview":"max-image-preview:large","max-video-preview":"max-video-preview:-1"},"canonical":"https:\/\/ww16.ce.gov.br\/seplag\/governancatic\/aquisicoes-de-tic\/","og_locale":"pt_BR","og_type":"article","og_title":"Aquisi\u00e7\u00f5es de TIC - Secretaria do Planejamento e Gest\u00e3o","og_description":"&nbsp; Templates e Listas de verifica\u00e7\u00f5es \u2022\u00a0\u00a0Clique aqui\u00a0para acessar os arquivos do Drive","og_url":"https:\/\/ww16.ce.gov.br\/seplag\/governancatic\/aquisicoes-de-tic\/","og_site_name":"Secretaria do Planejamento e Gest\u00e3o","article_modified_time":"2024-08-22T16:18:18+00:00","twitter_card":"summary_large_image","twitter_misc":{"Est. reading time":"1 minuto"},"schema":{"@context":"https:\/\/schema.org","@graph":[{"@type":"WebPage","@id":"https:\/\/ww16.ce.gov.br\/seplag\/governancatic\/aquisicoes-de-tic\/","url":"https:\/\/ww16.ce.gov.br\/seplag\/governancatic\/aquisicoes-de-tic\/","name":"Aquisi\u00e7\u00f5es de TIC - Secretaria do Planejamento e Gest\u00e3o","isPartOf":{"@id":"https:\/\/ww16.ce.gov.br\/seplag\/#website"},"datePublished":"2024-08-22T16:17:46+00:00","dateModified":"2024-08-22T16:18:18+00:00","breadcrumb":{"@id":"https:\/\/ww16.ce.gov.br\/seplag\/governancatic\/aquisicoes-de-tic\/#breadcrumb"},"inLanguage":"pt-BR","potentialAction":[{"@type":"ReadAction","target":["https:\/\/ww16.ce.gov.br\/seplag\/governancatic\/aquisicoes-de-tic\/"]}]},{"@type":"BreadcrumbList","@id":"https:\/\/ww16.ce.gov.br\/seplag\/governancatic\/aquisicoes-de-tic\/#breadcrumb","itemListElement":[{"@type":"ListItem","position":1,"name":"In\u00edcio","item":"https:\/\/ww16.ce.gov.br\/seplag\/"},{"@type":"ListItem","position":2,"name":"Governan\u00e7a de TIC da Administra\u00e7\u00e3o P\u00fablica Estadual","item":"https:\/\/ww16.ce.gov.br\/seplag\/governancatic\/"},{"@type":"ListItem","position":3,"name":"Aquisi\u00e7\u00f5es de TIC"}]},{"@type":"WebSite","@id":"https:\/\/ww16.ce.gov.br\/seplag\/#website","url":"https:\/\/ww16.ce.gov.br\/seplag\/","name":"Secretaria do Planejamento e Gest\u00e3o","description":"Secretaria do Planejamento e Gest\u00e3o","publisher":{"@id":"https:\/\/ww16.ce.gov.br\/seplag\/#organization"},"potentialAction":[{"@type":"SearchAction","target":{"@type":"EntryPoint","urlTemplate":"https:\/\/ww16.ce.gov.br\/seplag\/?s={search_term_string}"},"query-input":{"@type":"PropertyValueSpecification","valueRequired":true,"valueName":"search_term_string"}}],"inLanguage":"pt-BR"},{"@type":"Organization","@id":"https:\/\/ww16.ce.gov.br\/seplag\/#organization","name":"Secretaria do Planejamento e Gest\u00e3o","url":"https:\/\/ww16.ce.gov.br\/seplag\/","logo":{"@type":"ImageObject","inLanguage":"pt-BR","@id":"https:\/\/ww16.ce.gov.br\/seplag\/#\/schema\/logo\/image\/","url":"http:\/\/ww16.ce.gov.br\/seplag\/wp-content\/uploads\/sites\/14\/2017\/11\/clara-1.png","contentUrl":"http:\/\/ww16.ce.gov.br\/seplag\/wp-content\/uploads\/sites\/14\/2017\/11\/clara-1.png","width":559,"height":106,"caption":"Secretaria do Planejamento e Gest\u00e3o"},"image":{"@id":"https:\/\/ww16.ce.gov.br\/seplag\/#\/schema\/logo\/image\/"}}]}},"_links":{"self":[{"href":"https:\/\/ww16.ce.gov.br\/seplag\/wp-json\/wp\/v2\/pages\/89454","targetHints":{"allow":["GET"]}}],"collection":[{"href":"https:\/\/ww16.ce.gov.br\/seplag\/wp-json\/wp\/v2\/pages"}],"about":[{"href":"https:\/\/ww16.ce.gov.br\/seplag\/wp-json\/wp\/v2\/types\/page"}],"author":[{"embeddable":true,"href":"https:\/\/ww16.ce.gov.br\/seplag\/wp-json\/wp\/v2\/users\/68"}],"replies":[{"embeddable":true,"href":"https:\/\/ww16.ce.gov.br\/seplag\/wp-json\/wp\/v2\/comments?post=89454"}],"version-history":[{"count":2,"href":"https:\/\/ww16.ce.gov.br\/seplag\/wp-json\/wp\/v2\/pages\/89454\/revisions"}],"predecessor-version":[{"id":89457,"href":"https:\/\/ww16.ce.gov.br\/seplag\/wp-json\/wp\/v2\/pages\/89454\/revisions\/89457"}],"up":[{"embeddable":true,"href":"https:\/\/ww16.ce.gov.br\/seplag\/wp-json\/wp\/v2\/pages\/71669"}],"wp:attachment":[{"href":"https:\/\/ww16.ce.gov.br\/seplag\/wp-json\/wp\/v2\/media?parent=89454"}],"curies":[{"name":"wp","href":"https:\/\/api.w.org\/{rel}","templated":true}]}}