{"id":88869,"date":"2024-07-19T14:26:46","date_gmt":"2024-07-19T17:26:46","guid":{"rendered":"http:\/\/ww16.ce.gov.br\/seplag\/?page_id=88869"},"modified":"2024-07-19T16:21:32","modified_gmt":"2024-07-19T19:21:32","slug":"modelo-de-governanca-de-tic","status":"publish","type":"page","link":"https:\/\/ww16.ce.gov.br\/seplag\/governancatic\/modelo-de-governanca-de-tic\/","title":{"rendered":"Modelo de Governan\u00e7a de TIC"},"content":{"rendered":"<ul class=\"CategoriasNoticias\">\n<li><a href=\"https:\/\/ww16.ce.gov.br\/seplag\/governancatic\"><strong>Governan\u00e7a de TIC da Administra\u00e7\u00e3o P\u00fablica Estadual<\/strong><\/a><\/li>\n<\/ul>\n<h2><strong>Modelo de Governan\u00e7a de TIC<\/strong><\/h2>\n<p>&nbsp;<\/p>\n<p>&nbsp;<\/p>\n<h3><span style=\"color: #028245\"><strong><b>Conselho Superior de TIC &#8211; CSTIC<\/b><\/strong><\/span><\/h3>\n<p>Conselho Superior de TIC, de car\u00e1ter deliberativo sobre estrat\u00e9gias, diretrizes, pol\u00edticas corporativas, programas e projetos estruturantes e estrat\u00e9gicos de TIC, bem como viabilizar or\u00e7amento e recursos financeiros e tomar decis\u00f5es que assegurem a implementa\u00e7\u00e3o das pr\u00e1ticas de governan\u00e7a, incluindo a\u00e7\u00f5es de Governo Digital.<\/p>\n<p>&nbsp;<\/p>\n<p>Composto pelos Secret\u00e1rios da Casa Civil, do Planejamento e Gest\u00e3o, da Fazenda, da Controladoria e Ouvidoria-Geral do Estado, da Ci\u00eancia, Tecnologia e Educa\u00e7\u00e3o Superior, do Desenvolvimento Econ\u00f4mico e Trabalho e pelo Procurador-Geral do Estado e pelo Presidente da Empresa de Tecnologia da Informa\u00e7\u00e3o do Cear\u00e1 \u2013 Etice, todos com direito a voz e voto.\u00a0Presidido e coordenado pela Secretaria do Planejamento e Gest\u00e3o \u2013 Seplag.<\/p>\n<p>&nbsp;<\/p>\n<p><strong>Reuni\u00f5es:<\/strong><\/p>\n<p>&nbsp;<\/p>\n<hr \/>\n<h3><span style=\"color: #028245\"><strong><b>Comit\u00ea de Governan\u00e7a de TIC &#8211; CGTIC<\/b><\/strong><\/span><\/h3>\n<p>Comit\u00ea de Governan\u00e7a de TIC, \u00f3rg\u00e3o de assessoramento t\u00e9cnico ao CSTIC, promover, junto com os demais componentes do modelo, a governan\u00e7a de TIC, definindo, avaliando e submetendo \u00e0 delibera\u00e7\u00e3o do CSTIC as estrat\u00e9gias e pol\u00edticas de TIC no Governo<\/p>\n<p>&nbsp;<\/p>\n<p>Composto pelos gestores de tecnologia da informa\u00e7\u00e3o e comunica\u00e7\u00e3o dos \u00f3rg\u00e3os e das entidades estaduais, que comp\u00f5em o CSTIC, todos com direito a voz e veto. Presidido e coordenado pela Secretaria do Planejamento e Gest\u00e3o \u2013 Seplag.<\/p>\n<p>&nbsp;<\/p>\n<p><strong>Reuni\u00f5es:<\/strong><\/p>\n<p><strong>\u2022<\/strong>\u00a0 17.07.2024 &#8211; <a href=\"https:\/\/ww16.ce.gov.br\/seplag\/wp-content\/uploads\/sites\/62\/2024\/07\/17.07.2024_Reuniao-CGTIC-PL-politica-e-governanca-de-TIC.pdf\" target=\"_blank\" rel=\"noopener\">Apresenta\u00e7\u00e3o da Reuni\u00e3o CGTIC &#8211; PL pol\u00edtica e governan\u00e7a de TIC<\/a><\/p>\n<p><strong> \u2022<\/strong>\u00a0 17.07.2024 &#8211; <a href=\"https:\/\/drive.google.com\/file\/d\/1C2Gp5WA5l1AR5q58epbt20HsdlycrpNm\/view\" target=\"_blank\" rel=\"noopener\">Grava\u00e7\u00e3o da Reuni\u00e3o Comit\u00ea CGTIC &#8211; PL pol\u00edtica e governan\u00e7a de TIC\u00a0<\/a><\/p>\n<p>&nbsp;<\/p>\n<hr \/>\n<h3><span style=\"color: #028245\"><strong><b>Comit\u00eas Gestores Tem\u00e1ticos<\/b><\/strong><\/span><\/h3>\n<p><b>COMIT\u00ca GESTOR DE SEGURAN\u00c7A DA INFORMA\u00c7\u00c3O E COMUNICA\u00c7\u00c3O (CGSI)<\/b><\/p>\n<p>&nbsp;<\/p>\n<p>Comit\u00ea tem\u00e1tico de Tecnologia da Informa\u00e7\u00e3o e Comunica\u00e7\u00e3o, de car\u00e1ter t\u00e9cnico, consultivo, propositivo e permanente, focado em Seguran\u00e7a da Informa\u00e7\u00e3o e Comunica\u00e7\u00e3o, devendo suas recomenda\u00e7\u00f5es e proposi\u00e7\u00f5es serem submetidas aos \u00f3rg\u00e3os superiores de Tecnologia da Informa\u00e7\u00e3o e Comunica\u00e7\u00e3o do Estado do Cear\u00e1.<\/p>\n<p>Formado por t\u00e9cnicos representantes das Secretarias do Planejamento e Gest\u00e3o (Seplag), Casa Civil\/GABGOV, da Fazenda (Sefaz), Controladoria e Ouvidoria Geral do Estado (CGE), da Ci\u00eancia, Tecnologia e Educa\u00e7\u00e3o Superior (Secitece), Secretaria da Sa\u00fade (Sesa), SSPDS, Procuradoria Geral do Estado (PGE), Companhia de \u00c1gua e Esgoto do Cear\u00e1 (Cagece), Departamento Estadual de Tr\u00e2nsito do Cear\u00e1 (Detran) e da Empresa de Tecnologia da Informa\u00e7\u00e3o do Cear\u00e1 (Etice).<\/p>\n<p>&nbsp;<\/p>\n<p><strong>Reuni\u00f5es:<\/strong><\/p>\n<p>&nbsp;<\/p>\n<hr \/>\n<h3><span style=\"color: #028245\"><strong><b>Grupos de Trabalho Tem\u00e1ticos<\/b><\/strong><\/span><\/h3>\n<p>Grupos de Trabalho Tem\u00e1ticos,<b>\u00a0<\/b>formado para<b>\u00a0<\/b>desenvolver programas, projetos ou a\u00e7\u00f5es estruturantes e estrat\u00e9gicas e elaborar e implementar pol\u00edticas, normas e padr\u00f5es de TIC para a Administra\u00e7\u00e3o P\u00fablica Estadual.<\/p>\n<p>&nbsp;<\/p>\n<p><strong>Reuni\u00f5es:<\/strong><\/p>\n<p>&nbsp;<\/p>\n<hr \/>\n<h3><span style=\"color: #028245\"><strong><b>Rede de Gestores de TIC<\/b><\/strong><\/span><\/h3>\n<p>Rede de Gestores de Tecnologia da Informa\u00e7\u00e3o e Comunica\u00e7\u00e3o \u2013 TIC, coordenada pela Seplag e composta pelos gestores de TIC dos \u00f3rg\u00e3os e das entidades da administra\u00e7\u00e3o p\u00fablica estadual direta, autarquias, funda\u00e7\u00f5es, empresas p\u00fablicas e sociedades de economia mista.<b><br \/>\n<\/b><\/p>\n<p>&nbsp;<\/p>\n<p><strong>Reuni\u00f5es:<\/strong><\/p>\n","protected":false},"excerpt":{"rendered":"<p>Governan\u00e7a de TIC da Administra\u00e7\u00e3o P\u00fablica Estadual Modelo de Governan\u00e7a de TIC &nbsp; &nbsp; Conselho Superior de TIC &#8211; CSTIC Conselho Superior de TIC, de car\u00e1ter deliberativo sobre estrat\u00e9gias, diretrizes, pol\u00edticas corporativas, programas e projetos estruturantes e estrat\u00e9gicos de TIC, bem como viabilizar or\u00e7amento e recursos financeiros e tomar decis\u00f5es que assegurem a implementa\u00e7\u00e3o das [&hellip;]<\/p>\n","protected":false},"author":68,"featured_media":0,"parent":71669,"menu_order":0,"comment_status":"closed","ping_status":"closed","template":"","meta":{"_acf_changed":false,"inline_featured_image":false,"footnotes":""},"class_list":["post-88869","page","type-page","status-publish","hentry"],"acf":[],"yoast_head":"<!-- This site is optimized with the Yoast SEO plugin v26.9 - https:\/\/yoast.com\/product\/yoast-seo-wordpress\/ -->\n<title>Modelo de Governan\u00e7a de TIC - Secretaria do Planejamento e Gest\u00e3o<\/title>\n<meta name=\"robots\" content=\"index, follow, max-snippet:-1, max-image-preview:large, max-video-preview:-1\" \/>\n<link rel=\"canonical\" href=\"https:\/\/ww16.ce.gov.br\/seplag\/governancatic\/modelo-de-governanca-de-tic\/\" \/>\n<meta property=\"og:locale\" content=\"pt_BR\" \/>\n<meta property=\"og:type\" content=\"article\" \/>\n<meta property=\"og:title\" content=\"Modelo de Governan\u00e7a de TIC - Secretaria do Planejamento e Gest\u00e3o\" \/>\n<meta property=\"og:description\" content=\"Governan\u00e7a de TIC da Administra\u00e7\u00e3o P\u00fablica Estadual Modelo de Governan\u00e7a de TIC &nbsp; &nbsp; Conselho Superior de TIC &#8211; CSTIC Conselho Superior de TIC, de car\u00e1ter deliberativo sobre estrat\u00e9gias, diretrizes, pol\u00edticas corporativas, programas e projetos estruturantes e estrat\u00e9gicos de TIC, bem como viabilizar or\u00e7amento e recursos financeiros e tomar decis\u00f5es que assegurem a implementa\u00e7\u00e3o das [&hellip;]\" \/>\n<meta property=\"og:url\" content=\"https:\/\/ww16.ce.gov.br\/seplag\/governancatic\/modelo-de-governanca-de-tic\/\" \/>\n<meta property=\"og:site_name\" content=\"Secretaria do Planejamento e Gest\u00e3o\" \/>\n<meta property=\"article:modified_time\" content=\"2024-07-19T19:21:32+00:00\" \/>\n<meta name=\"twitter:card\" content=\"summary_large_image\" \/>\n<meta name=\"twitter:label1\" content=\"Est. reading time\" \/>\n\t<meta name=\"twitter:data1\" content=\"3 minutos\" \/>\n<script type=\"application\/ld+json\" class=\"yoast-schema-graph\">{\"@context\":\"https:\/\/schema.org\",\"@graph\":[{\"@type\":\"WebPage\",\"@id\":\"https:\/\/ww16.ce.gov.br\/seplag\/governancatic\/modelo-de-governanca-de-tic\/\",\"url\":\"https:\/\/ww16.ce.gov.br\/seplag\/governancatic\/modelo-de-governanca-de-tic\/\",\"name\":\"Modelo de Governan\u00e7a de TIC - Secretaria do Planejamento e Gest\u00e3o\",\"isPartOf\":{\"@id\":\"https:\/\/ww16.ce.gov.br\/seplag\/#website\"},\"datePublished\":\"2024-07-19T17:26:46+00:00\",\"dateModified\":\"2024-07-19T19:21:32+00:00\",\"breadcrumb\":{\"@id\":\"https:\/\/ww16.ce.gov.br\/seplag\/governancatic\/modelo-de-governanca-de-tic\/#breadcrumb\"},\"inLanguage\":\"pt-BR\",\"potentialAction\":[{\"@type\":\"ReadAction\",\"target\":[\"https:\/\/ww16.ce.gov.br\/seplag\/governancatic\/modelo-de-governanca-de-tic\/\"]}]},{\"@type\":\"BreadcrumbList\",\"@id\":\"https:\/\/ww16.ce.gov.br\/seplag\/governancatic\/modelo-de-governanca-de-tic\/#breadcrumb\",\"itemListElement\":[{\"@type\":\"ListItem\",\"position\":1,\"name\":\"In\u00edcio\",\"item\":\"https:\/\/ww16.ce.gov.br\/seplag\/\"},{\"@type\":\"ListItem\",\"position\":2,\"name\":\"Governan\u00e7a de TIC da Administra\u00e7\u00e3o P\u00fablica Estadual\",\"item\":\"https:\/\/ww16.ce.gov.br\/seplag\/governancatic\/\"},{\"@type\":\"ListItem\",\"position\":3,\"name\":\"Modelo de Governan\u00e7a de TIC\"}]},{\"@type\":\"WebSite\",\"@id\":\"https:\/\/ww16.ce.gov.br\/seplag\/#website\",\"url\":\"https:\/\/ww16.ce.gov.br\/seplag\/\",\"name\":\"Secretaria do Planejamento e Gest\u00e3o\",\"description\":\"Secretaria do Planejamento e Gest\u00e3o\",\"publisher\":{\"@id\":\"https:\/\/ww16.ce.gov.br\/seplag\/#organization\"},\"potentialAction\":[{\"@type\":\"SearchAction\",\"target\":{\"@type\":\"EntryPoint\",\"urlTemplate\":\"https:\/\/ww16.ce.gov.br\/seplag\/?s={search_term_string}\"},\"query-input\":{\"@type\":\"PropertyValueSpecification\",\"valueRequired\":true,\"valueName\":\"search_term_string\"}}],\"inLanguage\":\"pt-BR\"},{\"@type\":\"Organization\",\"@id\":\"https:\/\/ww16.ce.gov.br\/seplag\/#organization\",\"name\":\"Secretaria do Planejamento e Gest\u00e3o\",\"url\":\"https:\/\/ww16.ce.gov.br\/seplag\/\",\"logo\":{\"@type\":\"ImageObject\",\"inLanguage\":\"pt-BR\",\"@id\":\"https:\/\/ww16.ce.gov.br\/seplag\/#\/schema\/logo\/image\/\",\"url\":\"http:\/\/ww16.ce.gov.br\/seplag\/wp-content\/uploads\/sites\/14\/2017\/11\/clara-1.png\",\"contentUrl\":\"http:\/\/ww16.ce.gov.br\/seplag\/wp-content\/uploads\/sites\/14\/2017\/11\/clara-1.png\",\"width\":559,\"height\":106,\"caption\":\"Secretaria do Planejamento e Gest\u00e3o\"},\"image\":{\"@id\":\"https:\/\/ww16.ce.gov.br\/seplag\/#\/schema\/logo\/image\/\"}}]}<\/script>\n<!-- \/ Yoast SEO plugin. -->","yoast_head_json":{"title":"Modelo de Governan\u00e7a de TIC - Secretaria do Planejamento e Gest\u00e3o","robots":{"index":"index","follow":"follow","max-snippet":"max-snippet:-1","max-image-preview":"max-image-preview:large","max-video-preview":"max-video-preview:-1"},"canonical":"https:\/\/ww16.ce.gov.br\/seplag\/governancatic\/modelo-de-governanca-de-tic\/","og_locale":"pt_BR","og_type":"article","og_title":"Modelo de Governan\u00e7a de TIC - Secretaria do Planejamento e Gest\u00e3o","og_description":"Governan\u00e7a de TIC da Administra\u00e7\u00e3o P\u00fablica Estadual Modelo de Governan\u00e7a de TIC &nbsp; &nbsp; Conselho Superior de TIC &#8211; CSTIC Conselho Superior de TIC, de car\u00e1ter deliberativo sobre estrat\u00e9gias, diretrizes, pol\u00edticas corporativas, programas e projetos estruturantes e estrat\u00e9gicos de TIC, bem como viabilizar or\u00e7amento e recursos financeiros e tomar decis\u00f5es que assegurem a implementa\u00e7\u00e3o das [&hellip;]","og_url":"https:\/\/ww16.ce.gov.br\/seplag\/governancatic\/modelo-de-governanca-de-tic\/","og_site_name":"Secretaria do Planejamento e Gest\u00e3o","article_modified_time":"2024-07-19T19:21:32+00:00","twitter_card":"summary_large_image","twitter_misc":{"Est. reading time":"3 minutos"},"schema":{"@context":"https:\/\/schema.org","@graph":[{"@type":"WebPage","@id":"https:\/\/ww16.ce.gov.br\/seplag\/governancatic\/modelo-de-governanca-de-tic\/","url":"https:\/\/ww16.ce.gov.br\/seplag\/governancatic\/modelo-de-governanca-de-tic\/","name":"Modelo de Governan\u00e7a de TIC - Secretaria do Planejamento e Gest\u00e3o","isPartOf":{"@id":"https:\/\/ww16.ce.gov.br\/seplag\/#website"},"datePublished":"2024-07-19T17:26:46+00:00","dateModified":"2024-07-19T19:21:32+00:00","breadcrumb":{"@id":"https:\/\/ww16.ce.gov.br\/seplag\/governancatic\/modelo-de-governanca-de-tic\/#breadcrumb"},"inLanguage":"pt-BR","potentialAction":[{"@type":"ReadAction","target":["https:\/\/ww16.ce.gov.br\/seplag\/governancatic\/modelo-de-governanca-de-tic\/"]}]},{"@type":"BreadcrumbList","@id":"https:\/\/ww16.ce.gov.br\/seplag\/governancatic\/modelo-de-governanca-de-tic\/#breadcrumb","itemListElement":[{"@type":"ListItem","position":1,"name":"In\u00edcio","item":"https:\/\/ww16.ce.gov.br\/seplag\/"},{"@type":"ListItem","position":2,"name":"Governan\u00e7a de TIC da Administra\u00e7\u00e3o P\u00fablica Estadual","item":"https:\/\/ww16.ce.gov.br\/seplag\/governancatic\/"},{"@type":"ListItem","position":3,"name":"Modelo de Governan\u00e7a de TIC"}]},{"@type":"WebSite","@id":"https:\/\/ww16.ce.gov.br\/seplag\/#website","url":"https:\/\/ww16.ce.gov.br\/seplag\/","name":"Secretaria do Planejamento e Gest\u00e3o","description":"Secretaria do Planejamento e Gest\u00e3o","publisher":{"@id":"https:\/\/ww16.ce.gov.br\/seplag\/#organization"},"potentialAction":[{"@type":"SearchAction","target":{"@type":"EntryPoint","urlTemplate":"https:\/\/ww16.ce.gov.br\/seplag\/?s={search_term_string}"},"query-input":{"@type":"PropertyValueSpecification","valueRequired":true,"valueName":"search_term_string"}}],"inLanguage":"pt-BR"},{"@type":"Organization","@id":"https:\/\/ww16.ce.gov.br\/seplag\/#organization","name":"Secretaria do Planejamento e Gest\u00e3o","url":"https:\/\/ww16.ce.gov.br\/seplag\/","logo":{"@type":"ImageObject","inLanguage":"pt-BR","@id":"https:\/\/ww16.ce.gov.br\/seplag\/#\/schema\/logo\/image\/","url":"http:\/\/ww16.ce.gov.br\/seplag\/wp-content\/uploads\/sites\/14\/2017\/11\/clara-1.png","contentUrl":"http:\/\/ww16.ce.gov.br\/seplag\/wp-content\/uploads\/sites\/14\/2017\/11\/clara-1.png","width":559,"height":106,"caption":"Secretaria do Planejamento e Gest\u00e3o"},"image":{"@id":"https:\/\/ww16.ce.gov.br\/seplag\/#\/schema\/logo\/image\/"}}]}},"_links":{"self":[{"href":"https:\/\/ww16.ce.gov.br\/seplag\/wp-json\/wp\/v2\/pages\/88869","targetHints":{"allow":["GET"]}}],"collection":[{"href":"https:\/\/ww16.ce.gov.br\/seplag\/wp-json\/wp\/v2\/pages"}],"about":[{"href":"https:\/\/ww16.ce.gov.br\/seplag\/wp-json\/wp\/v2\/types\/page"}],"author":[{"embeddable":true,"href":"https:\/\/ww16.ce.gov.br\/seplag\/wp-json\/wp\/v2\/users\/68"}],"replies":[{"embeddable":true,"href":"https:\/\/ww16.ce.gov.br\/seplag\/wp-json\/wp\/v2\/comments?post=88869"}],"version-history":[{"count":9,"href":"https:\/\/ww16.ce.gov.br\/seplag\/wp-json\/wp\/v2\/pages\/88869\/revisions"}],"predecessor-version":[{"id":88931,"href":"https:\/\/ww16.ce.gov.br\/seplag\/wp-json\/wp\/v2\/pages\/88869\/revisions\/88931"}],"up":[{"embeddable":true,"href":"https:\/\/ww16.ce.gov.br\/seplag\/wp-json\/wp\/v2\/pages\/71669"}],"wp:attachment":[{"href":"https:\/\/ww16.ce.gov.br\/seplag\/wp-json\/wp\/v2\/media?parent=88869"}],"curies":[{"name":"wp","href":"https:\/\/api.w.org\/{rel}","templated":true}]}}