{"id":85638,"date":"2023-10-10T09:14:00","date_gmt":"2023-10-10T12:14:00","guid":{"rendered":"http:\/\/ww16.ce.gov.br\/seplag\/?page_id=85638"},"modified":"2026-04-20T13:25:08","modified_gmt":"2026-04-20T16:25:08","slug":"relatorios-e-dados","status":"publish","type":"page","link":"https:\/\/ww16.ce.gov.br\/seplag\/relatorios-e-dados\/","title":{"rendered":"Relat\u00f3rios e Dados"},"content":{"rendered":"\n<div class=\"wp-block-columns is-layout-flex wp-container-core-columns-is-layout-9d6595d7 wp-block-columns-is-layout-flex\">\n<div class=\"wp-block-column is-layout-flow wp-block-column-is-layout-flow\" style=\"flex-basis:120px\">\n<figure class=\"wp-block-image size-full is-resized is-style-default\"><a href=\"https:\/\/observai.cearadigital.ce.gov.br\/bi?roomId=1&amp;biId=23\"><img loading=\"lazy\" decoding=\"async\" width=\"201\" height=\"201\" src=\"https:\/\/ww16.ce.gov.br\/seplag\/wp-content\/uploads\/sites\/62\/2025\/08\/icon-ouvidoria.png\" alt=\"\" class=\"wp-image-94956\" style=\"object-fit:cover;width:130px;height:auto\" \/><\/a><\/figure>\n<\/div>\n\n\n\n<div class=\"wp-block-column is-layout-flow wp-block-column-is-layout-flow\">\n<h2 class=\"wp-block-heading has-text-align-left\"><strong>Ouvidoria<\/strong><\/h2>\n\n\n\n<p class=\"has-text-align-left has-small-font-size\">Acompanhamento geral das manifesta\u00e7\u00f5es de Ouvidoria.<\/p>\n<\/div>\n\n\n\n<div class=\"wp-block-column is-layout-flow wp-block-column-is-layout-flow\" style=\"flex-basis:120px\">\n<figure class=\"wp-block-image size-full is-resized is-style-default\"><a href=\"https:\/\/observai.cearadigital.ce.gov.br\/\"><img loading=\"lazy\" decoding=\"async\" width=\"201\" height=\"201\" src=\"https:\/\/ww16.ce.gov.br\/seplag\/wp-content\/uploads\/sites\/62\/2025\/05\/icon-observai.png\" alt=\"\" class=\"wp-image-93507\" style=\"width:115px;height:auto\" \/><\/a><\/figure>\n<\/div>\n\n\n\n<div class=\"wp-block-column is-layout-flow wp-block-column-is-layout-flow\">\n<h2 class=\"wp-block-heading has-text-align-left\"><strong>ObservA\u00ed<\/strong><\/h2>\n\n\n\n<p class=\"has-text-align-left has-small-font-size\">O ObservA\u00cd re\u00fane todas as informa\u00e7\u00f5es importantes sobre sa\u00fade, educa\u00e7\u00e3o, seguran\u00e7a e meio ambiente em um s\u00f3 lugar.<\/p>\n<\/div>\n<\/div>\n\n\n\n<div class=\"wp-block-columns is-layout-flex wp-container-core-columns-is-layout-9d6595d7 wp-block-columns-is-layout-flex\">\n<div class=\"wp-block-column is-layout-flow wp-block-column-is-layout-flow\" style=\"flex-basis:120px\">\n<figure class=\"wp-block-image size-full is-style-default\"><a href=\"https:\/\/app.powerbi.com\/view?r=eyJrIjoiM2JkOGE1MDAtYWY1Yy00YTk5LTkwODQtYjc1YzkwY2FjYmQ0IiwidCI6IjY5YmViNjk4LWEyNTgtNGVjNi04NDJiLTAzNjBlNDVmNGM1NiJ9\"><img loading=\"lazy\" decoding=\"async\" width=\"200\" height=\"200\" src=\"https:\/\/ww16.ce.gov.br\/seplag\/wp-content\/uploads\/sites\/62\/2023\/09\/icon-compras.png\" alt=\"\" class=\"wp-image-85414\" \/><\/a><\/figure>\n<\/div>\n\n\n\n<div class=\"wp-block-column is-layout-flow wp-block-column-is-layout-flow\">\n<h2 class=\"wp-block-heading has-text-align-left\"><strong>Compras<\/strong><\/h2>\n\n\n\n<p class=\"has-text-align-left has-small-font-size\">Acesso ao panorama das compras de uma forma geral, assim como ao cat\u00e1logo de bens e servi\u00e7os, compras por registro de pre\u00e7o, entre outras op\u00e7\u00f5es de consultas.<\/p>\n<\/div>\n\n\n\n<div class=\"wp-block-column is-layout-flow wp-block-column-is-layout-flow\" style=\"flex-basis:120px\">\n<figure class=\"wp-block-image size-full is-style-default\"><a href=\"https:\/\/app.powerbi.com\/view?r=eyJrIjoiYWYyM2YzYzYtMTVjNy00MGFlLTg5NzEtMDRjMWYxOGEzZDUzIiwidCI6IjY5YmViNjk4LWEyNTgtNGVjNi04NDJiLTAzNjBlNDVmNGM1NiJ9\"><img loading=\"lazy\" decoding=\"async\" width=\"200\" height=\"200\" src=\"https:\/\/ww16.ce.gov.br\/seplag\/wp-content\/uploads\/sites\/62\/2023\/09\/icon-processo.png\" alt=\"\" class=\"wp-image-85427\" \/><\/a><\/figure>\n<\/div>\n\n\n\n<div class=\"wp-block-column is-layout-flow wp-block-column-is-layout-flow\">\n<h2 class=\"wp-block-heading has-text-align-left\"><strong>Processos<\/strong><\/h2>\n\n\n\n<p class=\"has-text-align-left has-small-font-size\">Acompanhamento geral dos processos ao Sistema SUITE.<\/p>\n<\/div>\n<\/div>\n\n\n\n<div class=\"wp-block-columns is-layout-flex wp-container-core-columns-is-layout-9d6595d7 wp-block-columns-is-layout-flex\">\n<div class=\"wp-block-column is-layout-flow wp-block-column-is-layout-flow\" style=\"flex-basis:120px\">\n<figure class=\"wp-block-image size-full\"><a href=\"https:\/\/app.powerbi.com\/view?r=eyJrIjoiZGQ0OTk5ZDAtYmY4My00ZDY0LTliYWMtNmMzNWM3NTE0YjYxIiwidCI6IjY5YmViNjk4LWEyNTgtNGVjNi04NDJiLTAzNjBlNDVmNGM1NiJ9\"><img loading=\"lazy\" decoding=\"async\" width=\"200\" height=\"200\" src=\"https:\/\/ww16.ce.gov.br\/seplag\/wp-content\/uploads\/sites\/62\/2023\/09\/icon-concurso.png\" alt=\"\" class=\"wp-image-85424\" \/><\/a><\/figure>\n<\/div>\n\n\n\n<div class=\"wp-block-column is-layout-flow wp-block-column-is-layout-flow\">\n<h2 class=\"wp-block-heading has-text-align-left\"><strong>Concursos<\/strong><\/h2>\n\n\n\n<p class=\"has-text-align-left has-small-font-size\">Vis\u00e3o geral dos concursos realizados, desde 2017, no poder executivo do Estado do Cear\u00e1, incluindo vagas existentes e nomea\u00e7\u00f5es realizadas, bem como o acompanhamento da evolu\u00e7\u00e3o de certames realizados ao longo dos anos.<\/p>\n<\/div>\n\n\n\n<div class=\"wp-block-column is-layout-flow wp-block-column-is-layout-flow\" style=\"flex-basis:120px\">\n<figure class=\"wp-block-image size-full\"><a href=\"https:\/\/app.powerbi.com\/view?r=eyJrIjoiMzU2MDliODctNjkzOS00NTlhLWJmNDAtNGI5Y2RmZmQ4NTQwIiwidCI6IjY5YmViNjk4LWEyNTgtNGVjNi04NDJiLTAzNjBlNDVmNGM1NiJ9\"><img loading=\"lazy\" decoding=\"async\" width=\"200\" height=\"200\" src=\"https:\/\/ww16.ce.gov.br\/seplag\/wp-content\/uploads\/sites\/62\/2023\/09\/icon-periciamedica.png\" alt=\"\" class=\"wp-image-85421\" \/><\/a><\/figure>\n<\/div>\n\n\n\n<div class=\"wp-block-column is-layout-flow wp-block-column-is-layout-flow\">\n<h2 class=\"wp-block-heading has-text-align-left\"><strong>Per\u00edcia M\u00e9dica<\/strong><\/h2>\n\n\n\n<p class=\"has-text-align-left has-small-font-size\">Consultas sobre quantitativo de per\u00edcias realizadas, por \u00f3rg\u00e3o, assim como n\u00famero de servidores beneficiados, tempo m\u00e9dio por atendimento, entre outros dados.<\/p>\n<\/div>\n<\/div>\n\n\n\n<div class=\"wp-block-columns is-layout-flex wp-container-core-columns-is-layout-9d6595d7 wp-block-columns-is-layout-flex\">\n<div class=\"wp-block-column is-layout-flow wp-block-column-is-layout-flow\" style=\"flex-basis:120px\">\n<figure class=\"wp-block-image size-full\"><a href=\"https:\/\/datastudio.google.com\/u\/0\/reporting\/3eeeefbe-e60f-4b73-9e91-d876d89e6f2c\/page\/p_krgzbulvad\"><img loading=\"lazy\" decoding=\"async\" width=\"480\" height=\"481\" src=\"https:\/\/ww16.ce.gov.br\/seplag\/wp-content\/uploads\/sites\/62\/2023\/10\/icones-tic.png\" alt=\"\" class=\"wp-image-85867\" \/><\/a><\/figure>\n<\/div>\n\n\n\n<div class=\"wp-block-column is-layout-flow wp-block-column-is-layout-flow\">\n<h2 class=\"wp-block-heading has-text-align-left\"><strong>Radar de TIC<\/strong><\/h2>\n\n\n\n<p class=\"has-text-align-left has-small-font-size\">Acompanhamento dos servi\u00e7os digitais dispon\u00edveis para os cidad\u00e3os, ranking da transforma\u00e7\u00e3o digital, servi\u00e7os digitais por \u00f3rg\u00e3o, plano de aquisi\u00e7\u00f5es, planos estrat\u00e9gicos de TIC dos \u00f3rg\u00e3os setoriais, entre outros dados.<\/p>\n<\/div>\n\n\n\n<div class=\"wp-block-column is-layout-flow wp-block-column-is-layout-flow\" style=\"flex-basis:120px\">\n<figure class=\"wp-block-image size-full\"><a href=\"https:\/\/app.powerbi.com\/view?r=eyJrIjoiYjY3M2UzOGItMTUwNy00ZjdlLWI3MDItYjVkMjk4MjM4ZjFjIiwidCI6IjY5YmViNjk4LWEyNTgtNGVjNi04NDJiLTAzNjBlNDVmNGM1NiJ9\"><img loading=\"lazy\" decoding=\"async\" width=\"200\" height=\"200\" src=\"https:\/\/ww16.ce.gov.br\/seplag\/wp-content\/uploads\/sites\/62\/2023\/09\/icon-imoveis.png\" alt=\"\" class=\"wp-image-85418\" \/><\/a><\/figure>\n<\/div>\n\n\n\n<div class=\"wp-block-column is-layout-flow wp-block-column-is-layout-flow\">\n<h2 class=\"wp-block-heading has-text-align-left\"><strong>Bens im\u00f3veis<\/strong><\/h2>\n\n\n\n<p class=\"has-text-align-left has-small-font-size\">Vis\u00e3o geral dos bens im\u00f3veis por tipo, macrorregi\u00e3o e munic\u00edpios, assim como \u00f3rg\u00e3o respons\u00e1vel e mapa das propriedades.<\/p>\n<\/div>\n<\/div>\n\n\n\n<p><\/p>\n","protected":false},"excerpt":{"rendered":"<p>Ouvidoria Acompanhamento geral das manifesta\u00e7\u00f5es de Ouvidoria. ObservA\u00ed O ObservA\u00cd re\u00fane todas as informa\u00e7\u00f5es importantes sobre sa\u00fade, educa\u00e7\u00e3o, seguran\u00e7a e meio ambiente em um s\u00f3 lugar. Compras Acesso ao panorama das compras de uma forma geral, assim como ao cat\u00e1logo de bens e servi\u00e7os, compras por registro de pre\u00e7o, entre outras op\u00e7\u00f5es de consultas. Processos [&hellip;]<\/p>\n","protected":false},"author":68,"featured_media":0,"parent":0,"menu_order":0,"comment_status":"closed","ping_status":"closed","template":"","meta":{"_acf_changed":false,"inline_featured_image":false,"footnotes":""},"class_list":["post-85638","page","type-page","status-publish","hentry"],"acf":[],"yoast_head":"<!-- This site is optimized with the Yoast SEO plugin v26.9 - https:\/\/yoast.com\/product\/yoast-seo-wordpress\/ -->\n<title>Relat\u00f3rios e Dados - Secretaria do Planejamento e Gest\u00e3o<\/title>\n<meta name=\"robots\" content=\"index, follow, max-snippet:-1, max-image-preview:large, max-video-preview:-1\" \/>\n<link rel=\"canonical\" href=\"https:\/\/ww16.ce.gov.br\/seplag\/relatorios-e-dados\/\" \/>\n<meta property=\"og:locale\" content=\"pt_BR\" \/>\n<meta property=\"og:type\" content=\"article\" \/>\n<meta property=\"og:title\" content=\"Relat\u00f3rios e Dados - Secretaria do Planejamento e Gest\u00e3o\" \/>\n<meta property=\"og:description\" content=\"Ouvidoria Acompanhamento geral das manifesta\u00e7\u00f5es de Ouvidoria. ObservA\u00ed O ObservA\u00cd re\u00fane todas as informa\u00e7\u00f5es importantes sobre sa\u00fade, educa\u00e7\u00e3o, seguran\u00e7a e meio ambiente em um s\u00f3 lugar. Compras Acesso ao panorama das compras de uma forma geral, assim como ao cat\u00e1logo de bens e servi\u00e7os, compras por registro de pre\u00e7o, entre outras op\u00e7\u00f5es de consultas. Processos [&hellip;]\" \/>\n<meta property=\"og:url\" content=\"https:\/\/ww16.ce.gov.br\/seplag\/relatorios-e-dados\/\" \/>\n<meta property=\"og:site_name\" content=\"Secretaria do Planejamento e Gest\u00e3o\" \/>\n<meta property=\"article:modified_time\" content=\"2026-04-20T16:25:08+00:00\" \/>\n<meta property=\"og:image\" content=\"https:\/\/ww16.ce.gov.br\/seplag\/wp-content\/uploads\/sites\/62\/2025\/08\/icon-ouvidoria.png\" \/>\n\t<meta property=\"og:image:width\" content=\"201\" \/>\n\t<meta property=\"og:image:height\" content=\"201\" \/>\n\t<meta property=\"og:image:type\" content=\"image\/png\" \/>\n<meta name=\"twitter:card\" content=\"summary_large_image\" \/>\n<meta name=\"twitter:label1\" content=\"Est. reading time\" \/>\n\t<meta name=\"twitter:data1\" content=\"3 minutos\" \/>\n<script type=\"application\/ld+json\" class=\"yoast-schema-graph\">{\"@context\":\"https:\/\/schema.org\",\"@graph\":[{\"@type\":\"WebPage\",\"@id\":\"https:\/\/ww16.ce.gov.br\/seplag\/relatorios-e-dados\/\",\"url\":\"https:\/\/ww16.ce.gov.br\/seplag\/relatorios-e-dados\/\",\"name\":\"Relat\u00f3rios e Dados - Secretaria do Planejamento e Gest\u00e3o\",\"isPartOf\":{\"@id\":\"https:\/\/ww16.ce.gov.br\/seplag\/#website\"},\"primaryImageOfPage\":{\"@id\":\"https:\/\/ww16.ce.gov.br\/seplag\/relatorios-e-dados\/#primaryimage\"},\"image\":{\"@id\":\"https:\/\/ww16.ce.gov.br\/seplag\/relatorios-e-dados\/#primaryimage\"},\"thumbnailUrl\":\"https:\/\/ww16.ce.gov.br\/seplag\/wp-content\/uploads\/sites\/62\/2025\/08\/icon-ouvidoria.png\",\"datePublished\":\"2023-10-10T12:14:00+00:00\",\"dateModified\":\"2026-04-20T16:25:08+00:00\",\"breadcrumb\":{\"@id\":\"https:\/\/ww16.ce.gov.br\/seplag\/relatorios-e-dados\/#breadcrumb\"},\"inLanguage\":\"pt-BR\",\"potentialAction\":[{\"@type\":\"ReadAction\",\"target\":[\"https:\/\/ww16.ce.gov.br\/seplag\/relatorios-e-dados\/\"]}]},{\"@type\":\"ImageObject\",\"inLanguage\":\"pt-BR\",\"@id\":\"https:\/\/ww16.ce.gov.br\/seplag\/relatorios-e-dados\/#primaryimage\",\"url\":\"https:\/\/ww16.ce.gov.br\/seplag\/wp-content\/uploads\/sites\/62\/2025\/08\/icon-ouvidoria.png\",\"contentUrl\":\"https:\/\/ww16.ce.gov.br\/seplag\/wp-content\/uploads\/sites\/62\/2025\/08\/icon-ouvidoria.png\",\"width\":201,\"height\":201},{\"@type\":\"BreadcrumbList\",\"@id\":\"https:\/\/ww16.ce.gov.br\/seplag\/relatorios-e-dados\/#breadcrumb\",\"itemListElement\":[{\"@type\":\"ListItem\",\"position\":1,\"name\":\"In\u00edcio\",\"item\":\"https:\/\/ww16.ce.gov.br\/seplag\/\"},{\"@type\":\"ListItem\",\"position\":2,\"name\":\"Relat\u00f3rios e Dados\"}]},{\"@type\":\"WebSite\",\"@id\":\"https:\/\/ww16.ce.gov.br\/seplag\/#website\",\"url\":\"https:\/\/ww16.ce.gov.br\/seplag\/\",\"name\":\"Secretaria do Planejamento e Gest\u00e3o\",\"description\":\"Secretaria do Planejamento e Gest\u00e3o\",\"publisher\":{\"@id\":\"https:\/\/ww16.ce.gov.br\/seplag\/#organization\"},\"potentialAction\":[{\"@type\":\"SearchAction\",\"target\":{\"@type\":\"EntryPoint\",\"urlTemplate\":\"https:\/\/ww16.ce.gov.br\/seplag\/?s={search_term_string}\"},\"query-input\":{\"@type\":\"PropertyValueSpecification\",\"valueRequired\":true,\"valueName\":\"search_term_string\"}}],\"inLanguage\":\"pt-BR\"},{\"@type\":\"Organization\",\"@id\":\"https:\/\/ww16.ce.gov.br\/seplag\/#organization\",\"name\":\"Secretaria do Planejamento e Gest\u00e3o\",\"url\":\"https:\/\/ww16.ce.gov.br\/seplag\/\",\"logo\":{\"@type\":\"ImageObject\",\"inLanguage\":\"pt-BR\",\"@id\":\"https:\/\/ww16.ce.gov.br\/seplag\/#\/schema\/logo\/image\/\",\"url\":\"http:\/\/ww16.ce.gov.br\/seplag\/wp-content\/uploads\/sites\/14\/2017\/11\/clara-1.png\",\"contentUrl\":\"http:\/\/ww16.ce.gov.br\/seplag\/wp-content\/uploads\/sites\/14\/2017\/11\/clara-1.png\",\"width\":559,\"height\":106,\"caption\":\"Secretaria do Planejamento e Gest\u00e3o\"},\"image\":{\"@id\":\"https:\/\/ww16.ce.gov.br\/seplag\/#\/schema\/logo\/image\/\"}}]}<\/script>\n<!-- \/ Yoast SEO plugin. -->","yoast_head_json":{"title":"Relat\u00f3rios e Dados - Secretaria do Planejamento e Gest\u00e3o","robots":{"index":"index","follow":"follow","max-snippet":"max-snippet:-1","max-image-preview":"max-image-preview:large","max-video-preview":"max-video-preview:-1"},"canonical":"https:\/\/ww16.ce.gov.br\/seplag\/relatorios-e-dados\/","og_locale":"pt_BR","og_type":"article","og_title":"Relat\u00f3rios e Dados - Secretaria do Planejamento e Gest\u00e3o","og_description":"Ouvidoria Acompanhamento geral das manifesta\u00e7\u00f5es de Ouvidoria. ObservA\u00ed O ObservA\u00cd re\u00fane todas as informa\u00e7\u00f5es importantes sobre sa\u00fade, educa\u00e7\u00e3o, seguran\u00e7a e meio ambiente em um s\u00f3 lugar. Compras Acesso ao panorama das compras de uma forma geral, assim como ao cat\u00e1logo de bens e servi\u00e7os, compras por registro de pre\u00e7o, entre outras op\u00e7\u00f5es de consultas. Processos [&hellip;]","og_url":"https:\/\/ww16.ce.gov.br\/seplag\/relatorios-e-dados\/","og_site_name":"Secretaria do Planejamento e Gest\u00e3o","article_modified_time":"2026-04-20T16:25:08+00:00","og_image":[{"width":201,"height":201,"url":"https:\/\/ww16.ce.gov.br\/seplag\/wp-content\/uploads\/sites\/62\/2025\/08\/icon-ouvidoria.png","type":"image\/png"}],"twitter_card":"summary_large_image","twitter_misc":{"Est. reading time":"3 minutos"},"schema":{"@context":"https:\/\/schema.org","@graph":[{"@type":"WebPage","@id":"https:\/\/ww16.ce.gov.br\/seplag\/relatorios-e-dados\/","url":"https:\/\/ww16.ce.gov.br\/seplag\/relatorios-e-dados\/","name":"Relat\u00f3rios e Dados - Secretaria do Planejamento e Gest\u00e3o","isPartOf":{"@id":"https:\/\/ww16.ce.gov.br\/seplag\/#website"},"primaryImageOfPage":{"@id":"https:\/\/ww16.ce.gov.br\/seplag\/relatorios-e-dados\/#primaryimage"},"image":{"@id":"https:\/\/ww16.ce.gov.br\/seplag\/relatorios-e-dados\/#primaryimage"},"thumbnailUrl":"https:\/\/ww16.ce.gov.br\/seplag\/wp-content\/uploads\/sites\/62\/2025\/08\/icon-ouvidoria.png","datePublished":"2023-10-10T12:14:00+00:00","dateModified":"2026-04-20T16:25:08+00:00","breadcrumb":{"@id":"https:\/\/ww16.ce.gov.br\/seplag\/relatorios-e-dados\/#breadcrumb"},"inLanguage":"pt-BR","potentialAction":[{"@type":"ReadAction","target":["https:\/\/ww16.ce.gov.br\/seplag\/relatorios-e-dados\/"]}]},{"@type":"ImageObject","inLanguage":"pt-BR","@id":"https:\/\/ww16.ce.gov.br\/seplag\/relatorios-e-dados\/#primaryimage","url":"https:\/\/ww16.ce.gov.br\/seplag\/wp-content\/uploads\/sites\/62\/2025\/08\/icon-ouvidoria.png","contentUrl":"https:\/\/ww16.ce.gov.br\/seplag\/wp-content\/uploads\/sites\/62\/2025\/08\/icon-ouvidoria.png","width":201,"height":201},{"@type":"BreadcrumbList","@id":"https:\/\/ww16.ce.gov.br\/seplag\/relatorios-e-dados\/#breadcrumb","itemListElement":[{"@type":"ListItem","position":1,"name":"In\u00edcio","item":"https:\/\/ww16.ce.gov.br\/seplag\/"},{"@type":"ListItem","position":2,"name":"Relat\u00f3rios e Dados"}]},{"@type":"WebSite","@id":"https:\/\/ww16.ce.gov.br\/seplag\/#website","url":"https:\/\/ww16.ce.gov.br\/seplag\/","name":"Secretaria do Planejamento e Gest\u00e3o","description":"Secretaria do Planejamento e Gest\u00e3o","publisher":{"@id":"https:\/\/ww16.ce.gov.br\/seplag\/#organization"},"potentialAction":[{"@type":"SearchAction","target":{"@type":"EntryPoint","urlTemplate":"https:\/\/ww16.ce.gov.br\/seplag\/?s={search_term_string}"},"query-input":{"@type":"PropertyValueSpecification","valueRequired":true,"valueName":"search_term_string"}}],"inLanguage":"pt-BR"},{"@type":"Organization","@id":"https:\/\/ww16.ce.gov.br\/seplag\/#organization","name":"Secretaria do Planejamento e Gest\u00e3o","url":"https:\/\/ww16.ce.gov.br\/seplag\/","logo":{"@type":"ImageObject","inLanguage":"pt-BR","@id":"https:\/\/ww16.ce.gov.br\/seplag\/#\/schema\/logo\/image\/","url":"http:\/\/ww16.ce.gov.br\/seplag\/wp-content\/uploads\/sites\/14\/2017\/11\/clara-1.png","contentUrl":"http:\/\/ww16.ce.gov.br\/seplag\/wp-content\/uploads\/sites\/14\/2017\/11\/clara-1.png","width":559,"height":106,"caption":"Secretaria do Planejamento e Gest\u00e3o"},"image":{"@id":"https:\/\/ww16.ce.gov.br\/seplag\/#\/schema\/logo\/image\/"}}]}},"_links":{"self":[{"href":"https:\/\/ww16.ce.gov.br\/seplag\/wp-json\/wp\/v2\/pages\/85638","targetHints":{"allow":["GET"]}}],"collection":[{"href":"https:\/\/ww16.ce.gov.br\/seplag\/wp-json\/wp\/v2\/pages"}],"about":[{"href":"https:\/\/ww16.ce.gov.br\/seplag\/wp-json\/wp\/v2\/types\/page"}],"author":[{"embeddable":true,"href":"https:\/\/ww16.ce.gov.br\/seplag\/wp-json\/wp\/v2\/users\/68"}],"replies":[{"embeddable":true,"href":"https:\/\/ww16.ce.gov.br\/seplag\/wp-json\/wp\/v2\/comments?post=85638"}],"version-history":[{"count":11,"href":"https:\/\/ww16.ce.gov.br\/seplag\/wp-json\/wp\/v2\/pages\/85638\/revisions"}],"predecessor-version":[{"id":97385,"href":"https:\/\/ww16.ce.gov.br\/seplag\/wp-json\/wp\/v2\/pages\/85638\/revisions\/97385"}],"wp:attachment":[{"href":"https:\/\/ww16.ce.gov.br\/seplag\/wp-json\/wp\/v2\/media?parent=85638"}],"curies":[{"name":"wp","href":"https:\/\/api.w.org\/{rel}","templated":true}]}}