{"id":82412,"date":"2022-09-05T14:35:48","date_gmt":"2022-09-05T17:35:48","guid":{"rendered":"http:\/\/ww16.ce.gov.br\/seplag\/?page_id=82412"},"modified":"2026-05-14T13:16:13","modified_gmt":"2026-05-14T16:16:13","slug":"legislacao","status":"publish","type":"page","link":"https:\/\/ww16.ce.gov.br\/seplag\/ceara-mais-gigital\/legislacao\/","title":{"rendered":"Legisla\u00e7\u00e3o"},"content":{"rendered":"\n<p>Seguem a seguir os normativos publicados no \u00e2mbito do Programa Cear\u00e1 Mais Digital.<\/p>\n\n\n\n<ul class=\"wp-block-list\">\n<li><a href=\"https:\/\/ww16.ce.gov.br\/seplag\/wp-content\/uploads\/sites\/62\/2022\/09\/Lei-no-17.820_10_12_2021.pdf\" target=\"_blank\" rel=\"noreferrer noopener\">Lei n\u00ba 17.820, de 10 de dezembro de 2021<\/a> (AUTORIZA O PODER EXECUTIVO A CONTRATAR FINANCIAMENTO JUNTO BANCO INTERAMERICANO DE DESENVOLVIMENTO \u2013 BID)<\/li>\n\n\n\n<li><a href=\"https:\/\/ww16.ce.gov.br\/seplag\/wp-content\/uploads\/sites\/62\/2022\/09\/Lei-no-18.187_29_08_2022.pdf\" target=\"_blank\" rel=\"noreferrer noopener\">Lei n\u00ba 18.187, de 29 de agosto de 2022<\/a> (DISP\u00d5E SOBRE A OPERA\u00c7\u00c3O DE CR\u00c9DITO EXTERNO AUTORIZADA NA LEI ESTADUAL N\u00ba17.820, DE 10 DE DEZEMBRO DE 2021)<\/li>\n\n\n\n<li><a href=\"https:\/\/ww16.ce.gov.br\/seplag\/wp-content\/uploads\/sites\/62\/2022\/09\/Decreto-no-34.769_26_05_2022.pdf\" target=\"_blank\" rel=\"noreferrer noopener\">Decreto n\u00ba 34.769, de 26 de maio de 2022<\/a> (CRIA A UNIDADE DE GERENCIAMENTO DO PROJETO CEAR\u00c1 MAIS DIGITAL, ALTERA A ESTRUTURA ORGANIZACIONAL E DISP\u00d5E SOBRE A DENOMINA\u00c7\u00c3O DOS CARGOS DE PROVIMENTO EM COMISS\u00c3O DA SECRETARIA DO PLANEJAMENTO E GEST\u00c3O, E D\u00c1 OUTRAS PROVID\u00caNCIAS).<\/li>\n\n\n\n<li><a href=\"https:\/\/ww16.ce.gov.br\/seplag\/wp-content\/uploads\/sites\/62\/2023\/01\/002_ACT_SEPLAG-ETICE_COM-PLANO-DE-TRABALHO_08_09_2022_FINAL_pos_NO-assETICE-e-SEPLAG-1.pdf\" target=\"_blank\" rel=\"noreferrer noopener\">ACORDO DE COOPERA\u00c7\u00c3O T\u00c9CNICA N\u00b0 02\/2022 &#8211; SEPLAG \/ ETICE<\/a><\/li>\n\n\n\n<li><a href=\"https:\/\/ww16.ce.gov.br\/seplag\/wp-content\/uploads\/sites\/62\/2023\/01\/002_ACT_SEPLAG-CGE_COM-PLANO-DE-TRABALHO_04_08_2022_FINAL-assinadoCGE-e-SEPLAG.pdf\" target=\"_blank\" rel=\"noreferrer noopener\">ACORDO DE COOPERA\u00c7\u00c3O T\u00c9CNICA N\u00ba 03\/2022 &#8211; SEPLAG \/ CGE<\/a><\/li>\n\n\n\n<li><a href=\"https:\/\/ww16.ce.gov.br\/seplag\/wp-content\/uploads\/sites\/62\/2023\/01\/003_ACT_SEPLAG-MPCE_COM-PLANO-DE-TRABALHO_04_08_2022_FINAL-assinadoMPCE-e-SEPLAG.pdf\">ACORDO DE COOPERA\u00c7\u00c3O T\u00c9CNICA N.\u00ba 04\/2022 \u2013 SEPLAG \/ MPCE<\/a><\/li>\n<\/ul>\n","protected":false},"excerpt":{"rendered":"<p>Seguem a seguir os normativos publicados no \u00e2mbito do Programa Cear\u00e1 Mais Digital.<\/p>\n","protected":false},"author":68,"featured_media":0,"parent":82402,"menu_order":0,"comment_status":"closed","ping_status":"closed","template":"","meta":{"_acf_changed":false,"inline_featured_image":false,"footnotes":""},"class_list":["post-82412","page","type-page","status-publish","hentry"],"acf":[],"yoast_head":"<!-- This site is optimized with the Yoast SEO plugin v26.9 - https:\/\/yoast.com\/product\/yoast-seo-wordpress\/ -->\n<title>Legisla\u00e7\u00e3o - Secretaria do Planejamento e Gest\u00e3o<\/title>\n<meta name=\"robots\" content=\"index, follow, max-snippet:-1, max-image-preview:large, max-video-preview:-1\" \/>\n<link rel=\"canonical\" href=\"https:\/\/ww16.ce.gov.br\/seplag\/ceara-mais-gigital\/legislacao\/\" \/>\n<meta property=\"og:locale\" content=\"pt_BR\" \/>\n<meta property=\"og:type\" content=\"article\" \/>\n<meta property=\"og:title\" content=\"Legisla\u00e7\u00e3o - Secretaria do Planejamento e Gest\u00e3o\" \/>\n<meta property=\"og:description\" content=\"Seguem a seguir os normativos publicados no \u00e2mbito do Programa Cear\u00e1 Mais Digital.\" \/>\n<meta property=\"og:url\" content=\"https:\/\/ww16.ce.gov.br\/seplag\/ceara-mais-gigital\/legislacao\/\" \/>\n<meta property=\"og:site_name\" content=\"Secretaria do Planejamento e Gest\u00e3o\" \/>\n<meta property=\"article:modified_time\" content=\"2026-05-14T16:16:13+00:00\" \/>\n<meta name=\"twitter:card\" content=\"summary_large_image\" \/>\n<meta name=\"twitter:label1\" content=\"Est. reading time\" \/>\n\t<meta name=\"twitter:data1\" content=\"1 minuto\" \/>\n<script type=\"application\/ld+json\" class=\"yoast-schema-graph\">{\"@context\":\"https:\/\/schema.org\",\"@graph\":[{\"@type\":\"WebPage\",\"@id\":\"https:\/\/ww16.ce.gov.br\/seplag\/ceara-mais-gigital\/legislacao\/\",\"url\":\"https:\/\/ww16.ce.gov.br\/seplag\/ceara-mais-gigital\/legislacao\/\",\"name\":\"Legisla\u00e7\u00e3o - Secretaria do Planejamento e Gest\u00e3o\",\"isPartOf\":{\"@id\":\"https:\/\/ww16.ce.gov.br\/seplag\/#website\"},\"datePublished\":\"2022-09-05T17:35:48+00:00\",\"dateModified\":\"2026-05-14T16:16:13+00:00\",\"breadcrumb\":{\"@id\":\"https:\/\/ww16.ce.gov.br\/seplag\/ceara-mais-gigital\/legislacao\/#breadcrumb\"},\"inLanguage\":\"pt-BR\",\"potentialAction\":[{\"@type\":\"ReadAction\",\"target\":[\"https:\/\/ww16.ce.gov.br\/seplag\/ceara-mais-gigital\/legislacao\/\"]}]},{\"@type\":\"BreadcrumbList\",\"@id\":\"https:\/\/ww16.ce.gov.br\/seplag\/ceara-mais-gigital\/legislacao\/#breadcrumb\",\"itemListElement\":[{\"@type\":\"ListItem\",\"position\":1,\"name\":\"In\u00edcio\",\"item\":\"https:\/\/ww16.ce.gov.br\/seplag\/\"},{\"@type\":\"ListItem\",\"position\":2,\"name\":\"Cear\u00e1 Mais Digital\",\"item\":\"https:\/\/ww16.ce.gov.br\/seplag\/ceara-mais-gigital\/\"},{\"@type\":\"ListItem\",\"position\":3,\"name\":\"Legisla\u00e7\u00e3o\"}]},{\"@type\":\"WebSite\",\"@id\":\"https:\/\/ww16.ce.gov.br\/seplag\/#website\",\"url\":\"https:\/\/ww16.ce.gov.br\/seplag\/\",\"name\":\"Secretaria do Planejamento e Gest\u00e3o\",\"description\":\"Secretaria do Planejamento e Gest\u00e3o\",\"publisher\":{\"@id\":\"https:\/\/ww16.ce.gov.br\/seplag\/#organization\"},\"potentialAction\":[{\"@type\":\"SearchAction\",\"target\":{\"@type\":\"EntryPoint\",\"urlTemplate\":\"https:\/\/ww16.ce.gov.br\/seplag\/?s={search_term_string}\"},\"query-input\":{\"@type\":\"PropertyValueSpecification\",\"valueRequired\":true,\"valueName\":\"search_term_string\"}}],\"inLanguage\":\"pt-BR\"},{\"@type\":\"Organization\",\"@id\":\"https:\/\/ww16.ce.gov.br\/seplag\/#organization\",\"name\":\"Secretaria do Planejamento e Gest\u00e3o\",\"url\":\"https:\/\/ww16.ce.gov.br\/seplag\/\",\"logo\":{\"@type\":\"ImageObject\",\"inLanguage\":\"pt-BR\",\"@id\":\"https:\/\/ww16.ce.gov.br\/seplag\/#\/schema\/logo\/image\/\",\"url\":\"http:\/\/ww16.ce.gov.br\/seplag\/wp-content\/uploads\/sites\/14\/2017\/11\/clara-1.png\",\"contentUrl\":\"http:\/\/ww16.ce.gov.br\/seplag\/wp-content\/uploads\/sites\/14\/2017\/11\/clara-1.png\",\"width\":559,\"height\":106,\"caption\":\"Secretaria do Planejamento e Gest\u00e3o\"},\"image\":{\"@id\":\"https:\/\/ww16.ce.gov.br\/seplag\/#\/schema\/logo\/image\/\"}}]}<\/script>\n<!-- \/ Yoast SEO plugin. -->","yoast_head_json":{"title":"Legisla\u00e7\u00e3o - Secretaria do Planejamento e Gest\u00e3o","robots":{"index":"index","follow":"follow","max-snippet":"max-snippet:-1","max-image-preview":"max-image-preview:large","max-video-preview":"max-video-preview:-1"},"canonical":"https:\/\/ww16.ce.gov.br\/seplag\/ceara-mais-gigital\/legislacao\/","og_locale":"pt_BR","og_type":"article","og_title":"Legisla\u00e7\u00e3o - Secretaria do Planejamento e Gest\u00e3o","og_description":"Seguem a seguir os normativos publicados no \u00e2mbito do Programa Cear\u00e1 Mais Digital.","og_url":"https:\/\/ww16.ce.gov.br\/seplag\/ceara-mais-gigital\/legislacao\/","og_site_name":"Secretaria do Planejamento e Gest\u00e3o","article_modified_time":"2026-05-14T16:16:13+00:00","twitter_card":"summary_large_image","twitter_misc":{"Est. reading time":"1 minuto"},"schema":{"@context":"https:\/\/schema.org","@graph":[{"@type":"WebPage","@id":"https:\/\/ww16.ce.gov.br\/seplag\/ceara-mais-gigital\/legislacao\/","url":"https:\/\/ww16.ce.gov.br\/seplag\/ceara-mais-gigital\/legislacao\/","name":"Legisla\u00e7\u00e3o - Secretaria do Planejamento e Gest\u00e3o","isPartOf":{"@id":"https:\/\/ww16.ce.gov.br\/seplag\/#website"},"datePublished":"2022-09-05T17:35:48+00:00","dateModified":"2026-05-14T16:16:13+00:00","breadcrumb":{"@id":"https:\/\/ww16.ce.gov.br\/seplag\/ceara-mais-gigital\/legislacao\/#breadcrumb"},"inLanguage":"pt-BR","potentialAction":[{"@type":"ReadAction","target":["https:\/\/ww16.ce.gov.br\/seplag\/ceara-mais-gigital\/legislacao\/"]}]},{"@type":"BreadcrumbList","@id":"https:\/\/ww16.ce.gov.br\/seplag\/ceara-mais-gigital\/legislacao\/#breadcrumb","itemListElement":[{"@type":"ListItem","position":1,"name":"In\u00edcio","item":"https:\/\/ww16.ce.gov.br\/seplag\/"},{"@type":"ListItem","position":2,"name":"Cear\u00e1 Mais Digital","item":"https:\/\/ww16.ce.gov.br\/seplag\/ceara-mais-gigital\/"},{"@type":"ListItem","position":3,"name":"Legisla\u00e7\u00e3o"}]},{"@type":"WebSite","@id":"https:\/\/ww16.ce.gov.br\/seplag\/#website","url":"https:\/\/ww16.ce.gov.br\/seplag\/","name":"Secretaria do Planejamento e Gest\u00e3o","description":"Secretaria do Planejamento e Gest\u00e3o","publisher":{"@id":"https:\/\/ww16.ce.gov.br\/seplag\/#organization"},"potentialAction":[{"@type":"SearchAction","target":{"@type":"EntryPoint","urlTemplate":"https:\/\/ww16.ce.gov.br\/seplag\/?s={search_term_string}"},"query-input":{"@type":"PropertyValueSpecification","valueRequired":true,"valueName":"search_term_string"}}],"inLanguage":"pt-BR"},{"@type":"Organization","@id":"https:\/\/ww16.ce.gov.br\/seplag\/#organization","name":"Secretaria do Planejamento e Gest\u00e3o","url":"https:\/\/ww16.ce.gov.br\/seplag\/","logo":{"@type":"ImageObject","inLanguage":"pt-BR","@id":"https:\/\/ww16.ce.gov.br\/seplag\/#\/schema\/logo\/image\/","url":"http:\/\/ww16.ce.gov.br\/seplag\/wp-content\/uploads\/sites\/14\/2017\/11\/clara-1.png","contentUrl":"http:\/\/ww16.ce.gov.br\/seplag\/wp-content\/uploads\/sites\/14\/2017\/11\/clara-1.png","width":559,"height":106,"caption":"Secretaria do Planejamento e Gest\u00e3o"},"image":{"@id":"https:\/\/ww16.ce.gov.br\/seplag\/#\/schema\/logo\/image\/"}}]}},"_links":{"self":[{"href":"https:\/\/ww16.ce.gov.br\/seplag\/wp-json\/wp\/v2\/pages\/82412","targetHints":{"allow":["GET"]}}],"collection":[{"href":"https:\/\/ww16.ce.gov.br\/seplag\/wp-json\/wp\/v2\/pages"}],"about":[{"href":"https:\/\/ww16.ce.gov.br\/seplag\/wp-json\/wp\/v2\/types\/page"}],"author":[{"embeddable":true,"href":"https:\/\/ww16.ce.gov.br\/seplag\/wp-json\/wp\/v2\/users\/68"}],"replies":[{"embeddable":true,"href":"https:\/\/ww16.ce.gov.br\/seplag\/wp-json\/wp\/v2\/comments?post=82412"}],"version-history":[{"count":13,"href":"https:\/\/ww16.ce.gov.br\/seplag\/wp-json\/wp\/v2\/pages\/82412\/revisions"}],"predecessor-version":[{"id":99085,"href":"https:\/\/ww16.ce.gov.br\/seplag\/wp-json\/wp\/v2\/pages\/82412\/revisions\/99085"}],"up":[{"embeddable":true,"href":"https:\/\/ww16.ce.gov.br\/seplag\/wp-json\/wp\/v2\/pages\/82402"}],"wp:attachment":[{"href":"https:\/\/ww16.ce.gov.br\/seplag\/wp-json\/wp\/v2\/media?parent=82412"}],"curies":[{"name":"wp","href":"https:\/\/api.w.org\/{rel}","templated":true}]}}