{"id":82408,"date":"2022-09-05T14:35:06","date_gmt":"2022-09-05T17:35:06","guid":{"rendered":"http:\/\/ww16.ce.gov.br\/seplag\/?page_id=82408"},"modified":"2022-09-15T11:54:50","modified_gmt":"2022-09-15T14:54:50","slug":"unidade-de-gerenciamento-do-programa-ugp","status":"publish","type":"page","link":"https:\/\/ww16.ce.gov.br\/seplag\/ceara-mais-gigital\/unidade-de-gerenciamento-do-programa-ugp\/","title":{"rendered":"Unidade de Gerenciamento do Programa &#8211; UGP"},"content":{"rendered":"<p>&nbsp;<\/p>\n<p style=\"text-align: justify\">A <strong>Unidade de Gerenciamento do Programa (UGP)<\/strong> <strong>Cear\u00e1 Mais Digital<\/strong> foi criada por meio do Decreto n\u00ba 34.769, de 26 de maio de 2022, publicada no Di\u00e1rio Oficial do Estado (DOE) em 27 de maio de 2022.<\/p>\n<p>&nbsp;<\/p>\n<p style=\"text-align: justify\">A UGP Cear\u00e1 Mais Digital tem como finalidade coordenar a execu\u00e7\u00e3o do Programa e ser\u00e1 composta por 1 (um) Coordenador, 1 (um) Gerente de Aquisi\u00e7\u00f5es, 1 (um) Gerente Administrativo-Financeiro, 1 (um) Gerente de Monitoramento e Controle, al\u00e9m de uma equipe para apoio t\u00e9cnico que ser\u00e3o contratados para o assessoramento das atividades.<\/p>\n<p>&nbsp;<\/p>\n<p style=\"text-align: justify\">Em cada \u00f3rg\u00e3o benefici\u00e1rio do financiamento haver\u00e1 um L\u00edder T\u00e9cnico de Projeto que ser\u00e1 colaborador da \u00e1rea de neg\u00f3cio atrelada ao objeto do projeto, indicado pelo \u00f3rg\u00e3o\/entidade do Poder Executivo ou do Minist\u00e9rio P\u00fablico do Estado do Cear\u00e1, que apoiar\u00e1 a UGP na elabora\u00e7\u00e3o das especifica\u00e7\u00f5es t\u00e9cnicas e dos documentos necess\u00e1rios, assim como verificar a tempestividade e a qualidade t\u00e9cnica das entregas, conforme previsto no Contrato de Empr\u00e9stimo.<\/p>\n<p>&nbsp;<\/p>\n<p style=\"text-align: justify\">A figura a seguir apresenta a estrutura de governan\u00e7a da UGP, envolvendo os n\u00edveis estrat\u00e9gico, t\u00e1tico e operacional.<\/p>\n<p>&nbsp;<\/p>\n<p><a href=\"https:\/\/ww16.ce.gov.br\/seplag\/wp-content\/uploads\/sites\/62\/2022\/09\/quadro1.png\"><img loading=\"lazy\" decoding=\"async\" class=\"alignnone  wp-image-82495\" src=\"https:\/\/ww16.ce.gov.br\/seplag\/wp-content\/uploads\/sites\/62\/2022\/09\/quadro1.png\" alt=\"\" width=\"771\" height=\"766\" srcset=\"https:\/\/ww16.ce.gov.br\/seplag\/wp-content\/uploads\/sites\/62\/2022\/09\/quadro1.png 948w, https:\/\/ww16.ce.gov.br\/seplag\/wp-content\/uploads\/sites\/62\/2022\/09\/quadro1-600x596.png 600w, https:\/\/ww16.ce.gov.br\/seplag\/wp-content\/uploads\/sites\/62\/2022\/09\/quadro1-768x763.png 768w\" sizes=\"auto, (max-width: 771px) 100vw, 771px\" \/><\/a><\/p>\n","protected":false},"excerpt":{"rendered":"<p>&nbsp; A Unidade de Gerenciamento do Programa (UGP) Cear\u00e1 Mais Digital foi criada por meio do Decreto n\u00ba 34.769, de 26 de maio de 2022, publicada no Di\u00e1rio Oficial do Estado (DOE) em 27 de maio de 2022. &nbsp; A UGP Cear\u00e1 Mais Digital tem como finalidade coordenar a execu\u00e7\u00e3o do Programa e ser\u00e1 composta [&hellip;]<\/p>\n","protected":false},"author":68,"featured_media":0,"parent":82402,"menu_order":0,"comment_status":"closed","ping_status":"closed","template":"","meta":{"_acf_changed":false,"inline_featured_image":false,"footnotes":""},"class_list":["post-82408","page","type-page","status-publish","hentry"],"acf":[],"yoast_head":"<!-- This site is optimized with the Yoast SEO plugin v26.9 - https:\/\/yoast.com\/product\/yoast-seo-wordpress\/ -->\n<title>Unidade de Gerenciamento do Programa - UGP - Secretaria do Planejamento e Gest\u00e3o<\/title>\n<meta name=\"robots\" content=\"index, follow, max-snippet:-1, max-image-preview:large, max-video-preview:-1\" \/>\n<link rel=\"canonical\" href=\"https:\/\/ww16.ce.gov.br\/seplag\/ceara-mais-gigital\/unidade-de-gerenciamento-do-programa-ugp\/\" \/>\n<meta property=\"og:locale\" content=\"pt_BR\" \/>\n<meta property=\"og:type\" content=\"article\" \/>\n<meta property=\"og:title\" content=\"Unidade de Gerenciamento do Programa - UGP - Secretaria do Planejamento e Gest\u00e3o\" \/>\n<meta property=\"og:description\" content=\"&nbsp; A Unidade de Gerenciamento do Programa (UGP) Cear\u00e1 Mais Digital foi criada por meio do Decreto n\u00ba 34.769, de 26 de maio de 2022, publicada no Di\u00e1rio Oficial do Estado (DOE) em 27 de maio de 2022. &nbsp; A UGP Cear\u00e1 Mais Digital tem como finalidade coordenar a execu\u00e7\u00e3o do Programa e ser\u00e1 composta [&hellip;]\" \/>\n<meta property=\"og:url\" content=\"https:\/\/ww16.ce.gov.br\/seplag\/ceara-mais-gigital\/unidade-de-gerenciamento-do-programa-ugp\/\" \/>\n<meta property=\"og:site_name\" content=\"Secretaria do Planejamento e Gest\u00e3o\" \/>\n<meta property=\"article:modified_time\" content=\"2022-09-15T14:54:50+00:00\" \/>\n<meta property=\"og:image\" content=\"http:\/\/ww16.ce.gov.br\/seplag\/wp-content\/uploads\/sites\/62\/2022\/09\/quadro1.png\" \/>\n<meta name=\"twitter:card\" content=\"summary_large_image\" \/>\n<meta name=\"twitter:label1\" content=\"Est. reading time\" \/>\n\t<meta name=\"twitter:data1\" content=\"2 minutos\" \/>\n<script type=\"application\/ld+json\" class=\"yoast-schema-graph\">{\"@context\":\"https:\/\/schema.org\",\"@graph\":[{\"@type\":\"WebPage\",\"@id\":\"https:\/\/ww16.ce.gov.br\/seplag\/ceara-mais-gigital\/unidade-de-gerenciamento-do-programa-ugp\/\",\"url\":\"https:\/\/ww16.ce.gov.br\/seplag\/ceara-mais-gigital\/unidade-de-gerenciamento-do-programa-ugp\/\",\"name\":\"Unidade de Gerenciamento do Programa - UGP - Secretaria do Planejamento e Gest\u00e3o\",\"isPartOf\":{\"@id\":\"https:\/\/ww16.ce.gov.br\/seplag\/#website\"},\"primaryImageOfPage\":{\"@id\":\"https:\/\/ww16.ce.gov.br\/seplag\/ceara-mais-gigital\/unidade-de-gerenciamento-do-programa-ugp\/#primaryimage\"},\"image\":{\"@id\":\"https:\/\/ww16.ce.gov.br\/seplag\/ceara-mais-gigital\/unidade-de-gerenciamento-do-programa-ugp\/#primaryimage\"},\"thumbnailUrl\":\"http:\/\/ww16.ce.gov.br\/seplag\/wp-content\/uploads\/sites\/62\/2022\/09\/quadro1.png\",\"datePublished\":\"2022-09-05T17:35:06+00:00\",\"dateModified\":\"2022-09-15T14:54:50+00:00\",\"breadcrumb\":{\"@id\":\"https:\/\/ww16.ce.gov.br\/seplag\/ceara-mais-gigital\/unidade-de-gerenciamento-do-programa-ugp\/#breadcrumb\"},\"inLanguage\":\"pt-BR\",\"potentialAction\":[{\"@type\":\"ReadAction\",\"target\":[\"https:\/\/ww16.ce.gov.br\/seplag\/ceara-mais-gigital\/unidade-de-gerenciamento-do-programa-ugp\/\"]}]},{\"@type\":\"ImageObject\",\"inLanguage\":\"pt-BR\",\"@id\":\"https:\/\/ww16.ce.gov.br\/seplag\/ceara-mais-gigital\/unidade-de-gerenciamento-do-programa-ugp\/#primaryimage\",\"url\":\"http:\/\/ww16.ce.gov.br\/seplag\/wp-content\/uploads\/sites\/62\/2022\/09\/quadro1.png\",\"contentUrl\":\"http:\/\/ww16.ce.gov.br\/seplag\/wp-content\/uploads\/sites\/62\/2022\/09\/quadro1.png\"},{\"@type\":\"BreadcrumbList\",\"@id\":\"https:\/\/ww16.ce.gov.br\/seplag\/ceara-mais-gigital\/unidade-de-gerenciamento-do-programa-ugp\/#breadcrumb\",\"itemListElement\":[{\"@type\":\"ListItem\",\"position\":1,\"name\":\"In\u00edcio\",\"item\":\"https:\/\/ww16.ce.gov.br\/seplag\/\"},{\"@type\":\"ListItem\",\"position\":2,\"name\":\"Cear\u00e1 Mais Digital\",\"item\":\"https:\/\/ww16.ce.gov.br\/seplag\/ceara-mais-gigital\/\"},{\"@type\":\"ListItem\",\"position\":3,\"name\":\"Unidade de Gerenciamento do Programa &#8211; UGP\"}]},{\"@type\":\"WebSite\",\"@id\":\"https:\/\/ww16.ce.gov.br\/seplag\/#website\",\"url\":\"https:\/\/ww16.ce.gov.br\/seplag\/\",\"name\":\"Secretaria do Planejamento e Gest\u00e3o\",\"description\":\"Secretaria do Planejamento e Gest\u00e3o\",\"publisher\":{\"@id\":\"https:\/\/ww16.ce.gov.br\/seplag\/#organization\"},\"potentialAction\":[{\"@type\":\"SearchAction\",\"target\":{\"@type\":\"EntryPoint\",\"urlTemplate\":\"https:\/\/ww16.ce.gov.br\/seplag\/?s={search_term_string}\"},\"query-input\":{\"@type\":\"PropertyValueSpecification\",\"valueRequired\":true,\"valueName\":\"search_term_string\"}}],\"inLanguage\":\"pt-BR\"},{\"@type\":\"Organization\",\"@id\":\"https:\/\/ww16.ce.gov.br\/seplag\/#organization\",\"name\":\"Secretaria do Planejamento e Gest\u00e3o\",\"url\":\"https:\/\/ww16.ce.gov.br\/seplag\/\",\"logo\":{\"@type\":\"ImageObject\",\"inLanguage\":\"pt-BR\",\"@id\":\"https:\/\/ww16.ce.gov.br\/seplag\/#\/schema\/logo\/image\/\",\"url\":\"http:\/\/ww16.ce.gov.br\/seplag\/wp-content\/uploads\/sites\/14\/2017\/11\/clara-1.png\",\"contentUrl\":\"http:\/\/ww16.ce.gov.br\/seplag\/wp-content\/uploads\/sites\/14\/2017\/11\/clara-1.png\",\"width\":559,\"height\":106,\"caption\":\"Secretaria do Planejamento e Gest\u00e3o\"},\"image\":{\"@id\":\"https:\/\/ww16.ce.gov.br\/seplag\/#\/schema\/logo\/image\/\"}}]}<\/script>\n<!-- \/ Yoast SEO plugin. -->","yoast_head_json":{"title":"Unidade de Gerenciamento do Programa - UGP - Secretaria do Planejamento e Gest\u00e3o","robots":{"index":"index","follow":"follow","max-snippet":"max-snippet:-1","max-image-preview":"max-image-preview:large","max-video-preview":"max-video-preview:-1"},"canonical":"https:\/\/ww16.ce.gov.br\/seplag\/ceara-mais-gigital\/unidade-de-gerenciamento-do-programa-ugp\/","og_locale":"pt_BR","og_type":"article","og_title":"Unidade de Gerenciamento do Programa - UGP - Secretaria do Planejamento e Gest\u00e3o","og_description":"&nbsp; A Unidade de Gerenciamento do Programa (UGP) Cear\u00e1 Mais Digital foi criada por meio do Decreto n\u00ba 34.769, de 26 de maio de 2022, publicada no Di\u00e1rio Oficial do Estado (DOE) em 27 de maio de 2022. &nbsp; A UGP Cear\u00e1 Mais Digital tem como finalidade coordenar a execu\u00e7\u00e3o do Programa e ser\u00e1 composta [&hellip;]","og_url":"https:\/\/ww16.ce.gov.br\/seplag\/ceara-mais-gigital\/unidade-de-gerenciamento-do-programa-ugp\/","og_site_name":"Secretaria do Planejamento e Gest\u00e3o","article_modified_time":"2022-09-15T14:54:50+00:00","og_image":[{"url":"http:\/\/ww16.ce.gov.br\/seplag\/wp-content\/uploads\/sites\/62\/2022\/09\/quadro1.png","type":"","width":"","height":""}],"twitter_card":"summary_large_image","twitter_misc":{"Est. reading time":"2 minutos"},"schema":{"@context":"https:\/\/schema.org","@graph":[{"@type":"WebPage","@id":"https:\/\/ww16.ce.gov.br\/seplag\/ceara-mais-gigital\/unidade-de-gerenciamento-do-programa-ugp\/","url":"https:\/\/ww16.ce.gov.br\/seplag\/ceara-mais-gigital\/unidade-de-gerenciamento-do-programa-ugp\/","name":"Unidade de Gerenciamento do Programa - UGP - Secretaria do Planejamento e Gest\u00e3o","isPartOf":{"@id":"https:\/\/ww16.ce.gov.br\/seplag\/#website"},"primaryImageOfPage":{"@id":"https:\/\/ww16.ce.gov.br\/seplag\/ceara-mais-gigital\/unidade-de-gerenciamento-do-programa-ugp\/#primaryimage"},"image":{"@id":"https:\/\/ww16.ce.gov.br\/seplag\/ceara-mais-gigital\/unidade-de-gerenciamento-do-programa-ugp\/#primaryimage"},"thumbnailUrl":"http:\/\/ww16.ce.gov.br\/seplag\/wp-content\/uploads\/sites\/62\/2022\/09\/quadro1.png","datePublished":"2022-09-05T17:35:06+00:00","dateModified":"2022-09-15T14:54:50+00:00","breadcrumb":{"@id":"https:\/\/ww16.ce.gov.br\/seplag\/ceara-mais-gigital\/unidade-de-gerenciamento-do-programa-ugp\/#breadcrumb"},"inLanguage":"pt-BR","potentialAction":[{"@type":"ReadAction","target":["https:\/\/ww16.ce.gov.br\/seplag\/ceara-mais-gigital\/unidade-de-gerenciamento-do-programa-ugp\/"]}]},{"@type":"ImageObject","inLanguage":"pt-BR","@id":"https:\/\/ww16.ce.gov.br\/seplag\/ceara-mais-gigital\/unidade-de-gerenciamento-do-programa-ugp\/#primaryimage","url":"http:\/\/ww16.ce.gov.br\/seplag\/wp-content\/uploads\/sites\/62\/2022\/09\/quadro1.png","contentUrl":"http:\/\/ww16.ce.gov.br\/seplag\/wp-content\/uploads\/sites\/62\/2022\/09\/quadro1.png"},{"@type":"BreadcrumbList","@id":"https:\/\/ww16.ce.gov.br\/seplag\/ceara-mais-gigital\/unidade-de-gerenciamento-do-programa-ugp\/#breadcrumb","itemListElement":[{"@type":"ListItem","position":1,"name":"In\u00edcio","item":"https:\/\/ww16.ce.gov.br\/seplag\/"},{"@type":"ListItem","position":2,"name":"Cear\u00e1 Mais Digital","item":"https:\/\/ww16.ce.gov.br\/seplag\/ceara-mais-gigital\/"},{"@type":"ListItem","position":3,"name":"Unidade de Gerenciamento do Programa &#8211; UGP"}]},{"@type":"WebSite","@id":"https:\/\/ww16.ce.gov.br\/seplag\/#website","url":"https:\/\/ww16.ce.gov.br\/seplag\/","name":"Secretaria do Planejamento e Gest\u00e3o","description":"Secretaria do Planejamento e Gest\u00e3o","publisher":{"@id":"https:\/\/ww16.ce.gov.br\/seplag\/#organization"},"potentialAction":[{"@type":"SearchAction","target":{"@type":"EntryPoint","urlTemplate":"https:\/\/ww16.ce.gov.br\/seplag\/?s={search_term_string}"},"query-input":{"@type":"PropertyValueSpecification","valueRequired":true,"valueName":"search_term_string"}}],"inLanguage":"pt-BR"},{"@type":"Organization","@id":"https:\/\/ww16.ce.gov.br\/seplag\/#organization","name":"Secretaria do Planejamento e Gest\u00e3o","url":"https:\/\/ww16.ce.gov.br\/seplag\/","logo":{"@type":"ImageObject","inLanguage":"pt-BR","@id":"https:\/\/ww16.ce.gov.br\/seplag\/#\/schema\/logo\/image\/","url":"http:\/\/ww16.ce.gov.br\/seplag\/wp-content\/uploads\/sites\/14\/2017\/11\/clara-1.png","contentUrl":"http:\/\/ww16.ce.gov.br\/seplag\/wp-content\/uploads\/sites\/14\/2017\/11\/clara-1.png","width":559,"height":106,"caption":"Secretaria do Planejamento e Gest\u00e3o"},"image":{"@id":"https:\/\/ww16.ce.gov.br\/seplag\/#\/schema\/logo\/image\/"}}]}},"_links":{"self":[{"href":"https:\/\/ww16.ce.gov.br\/seplag\/wp-json\/wp\/v2\/pages\/82408","targetHints":{"allow":["GET"]}}],"collection":[{"href":"https:\/\/ww16.ce.gov.br\/seplag\/wp-json\/wp\/v2\/pages"}],"about":[{"href":"https:\/\/ww16.ce.gov.br\/seplag\/wp-json\/wp\/v2\/types\/page"}],"author":[{"embeddable":true,"href":"https:\/\/ww16.ce.gov.br\/seplag\/wp-json\/wp\/v2\/users\/68"}],"replies":[{"embeddable":true,"href":"https:\/\/ww16.ce.gov.br\/seplag\/wp-json\/wp\/v2\/comments?post=82408"}],"version-history":[{"count":5,"href":"https:\/\/ww16.ce.gov.br\/seplag\/wp-json\/wp\/v2\/pages\/82408\/revisions"}],"predecessor-version":[{"id":82510,"href":"https:\/\/ww16.ce.gov.br\/seplag\/wp-json\/wp\/v2\/pages\/82408\/revisions\/82510"}],"up":[{"embeddable":true,"href":"https:\/\/ww16.ce.gov.br\/seplag\/wp-json\/wp\/v2\/pages\/82402"}],"wp:attachment":[{"href":"https:\/\/ww16.ce.gov.br\/seplag\/wp-json\/wp\/v2\/media?parent=82408"}],"curies":[{"name":"wp","href":"https:\/\/api.w.org\/{rel}","templated":true}]}}