{"id":82406,"date":"2022-09-05T14:34:39","date_gmt":"2022-09-05T17:34:39","guid":{"rendered":"http:\/\/ww16.ce.gov.br\/seplag\/?page_id=82406"},"modified":"2023-08-14T09:58:21","modified_gmt":"2023-08-14T12:58:21","slug":"beneficiarios-do-financiamento","status":"publish","type":"page","link":"https:\/\/ww16.ce.gov.br\/seplag\/ceara-mais-gigital\/beneficiarios-do-financiamento\/","title":{"rendered":"Benefici\u00e1rios do Financiamento"},"content":{"rendered":"<p>&nbsp;<\/p>\n<p>O <strong>Programa Cear\u00e1 Mais Digital<\/strong> ter\u00e1 a Seplag como \u00d3rg\u00e3o Executor, bem como outros \u00f3rg\u00e3os participantes e benefici\u00e1rios do financiamento, a saber: a Controladoria e Ouvidoria Geral do Estado do Cear\u00e1 (CGE), a Empresa de Tecnologia da Informa\u00e7\u00e3o do Cear\u00e1 (Etice), o Minist\u00e9rio P\u00fablico do Estado do Cear\u00e1 (MPCE), dentre outros.<\/p>\n<p>&nbsp;<\/p>\n<p>Tendo em vista o arranjo institucional do Programa, os \u00f3rg\u00e3os participantes e benefici\u00e1rios do financiamento atuam junto \u00e0 Seplag em suas \u00e1reas de compet\u00eancia para: elabora\u00e7\u00e3o de estudos, projetos, especifica\u00e7\u00f5es t\u00e9cnicas, termos de refer\u00eancia e outras a\u00e7\u00f5es requeridas pelos processos de licita\u00e7\u00e3o, assim como s\u00e3o respons\u00e1veis pela fiscaliza\u00e7\u00e3o e controle da qualidade t\u00e9cnica das entregas; e opera\u00e7\u00e3o e manuten\u00e7\u00e3o dos bens e servi\u00e7os adquiridos; al\u00e9m de apoiar a gest\u00e3o dos contratos celebrados.<\/p>\n<p>&nbsp;<\/p>\n<p>Os Acordos de Coopera\u00e7\u00e3o T\u00e9cnica entre a Seplag e cada \u00f3rg\u00e3o participante definem e formalizam as responsabilidades de cada part\u00edcipe.<\/p>\n","protected":false},"excerpt":{"rendered":"<p>&nbsp; O Programa Cear\u00e1 Mais Digital ter\u00e1 a Seplag como \u00d3rg\u00e3o Executor, bem como outros \u00f3rg\u00e3os participantes e benefici\u00e1rios do financiamento, a saber: a Controladoria e Ouvidoria Geral do Estado do Cear\u00e1 (CGE), a Empresa de Tecnologia da Informa\u00e7\u00e3o do Cear\u00e1 (Etice), o Minist\u00e9rio P\u00fablico do Estado do Cear\u00e1 (MPCE), dentre outros. &nbsp; Tendo em [&hellip;]<\/p>\n","protected":false},"author":68,"featured_media":0,"parent":82402,"menu_order":0,"comment_status":"closed","ping_status":"closed","template":"","meta":{"_acf_changed":false,"inline_featured_image":false,"footnotes":""},"class_list":["post-82406","page","type-page","status-publish","hentry"],"acf":[],"yoast_head":"<!-- This site is optimized with the Yoast SEO plugin v26.9 - https:\/\/yoast.com\/product\/yoast-seo-wordpress\/ -->\n<title>Benefici\u00e1rios do Financiamento - Secretaria do Planejamento e Gest\u00e3o<\/title>\n<meta name=\"robots\" content=\"index, follow, max-snippet:-1, max-image-preview:large, max-video-preview:-1\" \/>\n<link rel=\"canonical\" href=\"https:\/\/ww16.ce.gov.br\/seplag\/ceara-mais-gigital\/beneficiarios-do-financiamento\/\" \/>\n<meta property=\"og:locale\" content=\"pt_BR\" \/>\n<meta property=\"og:type\" content=\"article\" \/>\n<meta property=\"og:title\" content=\"Benefici\u00e1rios do Financiamento - Secretaria do Planejamento e Gest\u00e3o\" \/>\n<meta property=\"og:description\" content=\"&nbsp; O Programa Cear\u00e1 Mais Digital ter\u00e1 a Seplag como \u00d3rg\u00e3o Executor, bem como outros \u00f3rg\u00e3os participantes e benefici\u00e1rios do financiamento, a saber: a Controladoria e Ouvidoria Geral do Estado do Cear\u00e1 (CGE), a Empresa de Tecnologia da Informa\u00e7\u00e3o do Cear\u00e1 (Etice), o Minist\u00e9rio P\u00fablico do Estado do Cear\u00e1 (MPCE), dentre outros. &nbsp; Tendo em [&hellip;]\" \/>\n<meta property=\"og:url\" content=\"https:\/\/ww16.ce.gov.br\/seplag\/ceara-mais-gigital\/beneficiarios-do-financiamento\/\" \/>\n<meta property=\"og:site_name\" content=\"Secretaria do Planejamento e Gest\u00e3o\" \/>\n<meta property=\"article:modified_time\" content=\"2023-08-14T12:58:21+00:00\" \/>\n<meta name=\"twitter:card\" content=\"summary_large_image\" \/>\n<meta name=\"twitter:label1\" content=\"Est. reading time\" \/>\n\t<meta name=\"twitter:data1\" content=\"1 minuto\" \/>\n<script type=\"application\/ld+json\" class=\"yoast-schema-graph\">{\"@context\":\"https:\/\/schema.org\",\"@graph\":[{\"@type\":\"WebPage\",\"@id\":\"https:\/\/ww16.ce.gov.br\/seplag\/ceara-mais-gigital\/beneficiarios-do-financiamento\/\",\"url\":\"https:\/\/ww16.ce.gov.br\/seplag\/ceara-mais-gigital\/beneficiarios-do-financiamento\/\",\"name\":\"Benefici\u00e1rios do Financiamento - Secretaria do Planejamento e Gest\u00e3o\",\"isPartOf\":{\"@id\":\"https:\/\/ww16.ce.gov.br\/seplag\/#website\"},\"datePublished\":\"2022-09-05T17:34:39+00:00\",\"dateModified\":\"2023-08-14T12:58:21+00:00\",\"breadcrumb\":{\"@id\":\"https:\/\/ww16.ce.gov.br\/seplag\/ceara-mais-gigital\/beneficiarios-do-financiamento\/#breadcrumb\"},\"inLanguage\":\"pt-BR\",\"potentialAction\":[{\"@type\":\"ReadAction\",\"target\":[\"https:\/\/ww16.ce.gov.br\/seplag\/ceara-mais-gigital\/beneficiarios-do-financiamento\/\"]}]},{\"@type\":\"BreadcrumbList\",\"@id\":\"https:\/\/ww16.ce.gov.br\/seplag\/ceara-mais-gigital\/beneficiarios-do-financiamento\/#breadcrumb\",\"itemListElement\":[{\"@type\":\"ListItem\",\"position\":1,\"name\":\"In\u00edcio\",\"item\":\"https:\/\/ww16.ce.gov.br\/seplag\/\"},{\"@type\":\"ListItem\",\"position\":2,\"name\":\"Cear\u00e1 Mais Digital\",\"item\":\"https:\/\/ww16.ce.gov.br\/seplag\/ceara-mais-gigital\/\"},{\"@type\":\"ListItem\",\"position\":3,\"name\":\"Benefici\u00e1rios do Financiamento\"}]},{\"@type\":\"WebSite\",\"@id\":\"https:\/\/ww16.ce.gov.br\/seplag\/#website\",\"url\":\"https:\/\/ww16.ce.gov.br\/seplag\/\",\"name\":\"Secretaria do Planejamento e Gest\u00e3o\",\"description\":\"Secretaria do Planejamento e Gest\u00e3o\",\"publisher\":{\"@id\":\"https:\/\/ww16.ce.gov.br\/seplag\/#organization\"},\"potentialAction\":[{\"@type\":\"SearchAction\",\"target\":{\"@type\":\"EntryPoint\",\"urlTemplate\":\"https:\/\/ww16.ce.gov.br\/seplag\/?s={search_term_string}\"},\"query-input\":{\"@type\":\"PropertyValueSpecification\",\"valueRequired\":true,\"valueName\":\"search_term_string\"}}],\"inLanguage\":\"pt-BR\"},{\"@type\":\"Organization\",\"@id\":\"https:\/\/ww16.ce.gov.br\/seplag\/#organization\",\"name\":\"Secretaria do Planejamento e Gest\u00e3o\",\"url\":\"https:\/\/ww16.ce.gov.br\/seplag\/\",\"logo\":{\"@type\":\"ImageObject\",\"inLanguage\":\"pt-BR\",\"@id\":\"https:\/\/ww16.ce.gov.br\/seplag\/#\/schema\/logo\/image\/\",\"url\":\"http:\/\/ww16.ce.gov.br\/seplag\/wp-content\/uploads\/sites\/14\/2017\/11\/clara-1.png\",\"contentUrl\":\"http:\/\/ww16.ce.gov.br\/seplag\/wp-content\/uploads\/sites\/14\/2017\/11\/clara-1.png\",\"width\":559,\"height\":106,\"caption\":\"Secretaria do Planejamento e Gest\u00e3o\"},\"image\":{\"@id\":\"https:\/\/ww16.ce.gov.br\/seplag\/#\/schema\/logo\/image\/\"}}]}<\/script>\n<!-- \/ Yoast SEO plugin. -->","yoast_head_json":{"title":"Benefici\u00e1rios do Financiamento - Secretaria do Planejamento e Gest\u00e3o","robots":{"index":"index","follow":"follow","max-snippet":"max-snippet:-1","max-image-preview":"max-image-preview:large","max-video-preview":"max-video-preview:-1"},"canonical":"https:\/\/ww16.ce.gov.br\/seplag\/ceara-mais-gigital\/beneficiarios-do-financiamento\/","og_locale":"pt_BR","og_type":"article","og_title":"Benefici\u00e1rios do Financiamento - Secretaria do Planejamento e Gest\u00e3o","og_description":"&nbsp; O Programa Cear\u00e1 Mais Digital ter\u00e1 a Seplag como \u00d3rg\u00e3o Executor, bem como outros \u00f3rg\u00e3os participantes e benefici\u00e1rios do financiamento, a saber: a Controladoria e Ouvidoria Geral do Estado do Cear\u00e1 (CGE), a Empresa de Tecnologia da Informa\u00e7\u00e3o do Cear\u00e1 (Etice), o Minist\u00e9rio P\u00fablico do Estado do Cear\u00e1 (MPCE), dentre outros. &nbsp; Tendo em [&hellip;]","og_url":"https:\/\/ww16.ce.gov.br\/seplag\/ceara-mais-gigital\/beneficiarios-do-financiamento\/","og_site_name":"Secretaria do Planejamento e Gest\u00e3o","article_modified_time":"2023-08-14T12:58:21+00:00","twitter_card":"summary_large_image","twitter_misc":{"Est. reading time":"1 minuto"},"schema":{"@context":"https:\/\/schema.org","@graph":[{"@type":"WebPage","@id":"https:\/\/ww16.ce.gov.br\/seplag\/ceara-mais-gigital\/beneficiarios-do-financiamento\/","url":"https:\/\/ww16.ce.gov.br\/seplag\/ceara-mais-gigital\/beneficiarios-do-financiamento\/","name":"Benefici\u00e1rios do Financiamento - Secretaria do Planejamento e Gest\u00e3o","isPartOf":{"@id":"https:\/\/ww16.ce.gov.br\/seplag\/#website"},"datePublished":"2022-09-05T17:34:39+00:00","dateModified":"2023-08-14T12:58:21+00:00","breadcrumb":{"@id":"https:\/\/ww16.ce.gov.br\/seplag\/ceara-mais-gigital\/beneficiarios-do-financiamento\/#breadcrumb"},"inLanguage":"pt-BR","potentialAction":[{"@type":"ReadAction","target":["https:\/\/ww16.ce.gov.br\/seplag\/ceara-mais-gigital\/beneficiarios-do-financiamento\/"]}]},{"@type":"BreadcrumbList","@id":"https:\/\/ww16.ce.gov.br\/seplag\/ceara-mais-gigital\/beneficiarios-do-financiamento\/#breadcrumb","itemListElement":[{"@type":"ListItem","position":1,"name":"In\u00edcio","item":"https:\/\/ww16.ce.gov.br\/seplag\/"},{"@type":"ListItem","position":2,"name":"Cear\u00e1 Mais Digital","item":"https:\/\/ww16.ce.gov.br\/seplag\/ceara-mais-gigital\/"},{"@type":"ListItem","position":3,"name":"Benefici\u00e1rios do Financiamento"}]},{"@type":"WebSite","@id":"https:\/\/ww16.ce.gov.br\/seplag\/#website","url":"https:\/\/ww16.ce.gov.br\/seplag\/","name":"Secretaria do Planejamento e Gest\u00e3o","description":"Secretaria do Planejamento e Gest\u00e3o","publisher":{"@id":"https:\/\/ww16.ce.gov.br\/seplag\/#organization"},"potentialAction":[{"@type":"SearchAction","target":{"@type":"EntryPoint","urlTemplate":"https:\/\/ww16.ce.gov.br\/seplag\/?s={search_term_string}"},"query-input":{"@type":"PropertyValueSpecification","valueRequired":true,"valueName":"search_term_string"}}],"inLanguage":"pt-BR"},{"@type":"Organization","@id":"https:\/\/ww16.ce.gov.br\/seplag\/#organization","name":"Secretaria do Planejamento e Gest\u00e3o","url":"https:\/\/ww16.ce.gov.br\/seplag\/","logo":{"@type":"ImageObject","inLanguage":"pt-BR","@id":"https:\/\/ww16.ce.gov.br\/seplag\/#\/schema\/logo\/image\/","url":"http:\/\/ww16.ce.gov.br\/seplag\/wp-content\/uploads\/sites\/14\/2017\/11\/clara-1.png","contentUrl":"http:\/\/ww16.ce.gov.br\/seplag\/wp-content\/uploads\/sites\/14\/2017\/11\/clara-1.png","width":559,"height":106,"caption":"Secretaria do Planejamento e Gest\u00e3o"},"image":{"@id":"https:\/\/ww16.ce.gov.br\/seplag\/#\/schema\/logo\/image\/"}}]}},"_links":{"self":[{"href":"https:\/\/ww16.ce.gov.br\/seplag\/wp-json\/wp\/v2\/pages\/82406","targetHints":{"allow":["GET"]}}],"collection":[{"href":"https:\/\/ww16.ce.gov.br\/seplag\/wp-json\/wp\/v2\/pages"}],"about":[{"href":"https:\/\/ww16.ce.gov.br\/seplag\/wp-json\/wp\/v2\/types\/page"}],"author":[{"embeddable":true,"href":"https:\/\/ww16.ce.gov.br\/seplag\/wp-json\/wp\/v2\/users\/68"}],"replies":[{"embeddable":true,"href":"https:\/\/ww16.ce.gov.br\/seplag\/wp-json\/wp\/v2\/comments?post=82406"}],"version-history":[{"count":7,"href":"https:\/\/ww16.ce.gov.br\/seplag\/wp-json\/wp\/v2\/pages\/82406\/revisions"}],"predecessor-version":[{"id":99087,"href":"https:\/\/ww16.ce.gov.br\/seplag\/wp-json\/wp\/v2\/pages\/82406\/revisions\/99087"}],"up":[{"embeddable":true,"href":"https:\/\/ww16.ce.gov.br\/seplag\/wp-json\/wp\/v2\/pages\/82402"}],"wp:attachment":[{"href":"https:\/\/ww16.ce.gov.br\/seplag\/wp-json\/wp\/v2\/media?parent=82406"}],"curies":[{"name":"wp","href":"https:\/\/api.w.org\/{rel}","templated":true}]}}