{"id":82404,"date":"2022-09-05T14:34:12","date_gmt":"2022-09-05T17:34:12","guid":{"rendered":"http:\/\/ww16.ce.gov.br\/seplag\/?page_id=82404"},"modified":"2023-08-14T09:43:17","modified_gmt":"2023-08-14T12:43:17","slug":"apresentacao","status":"publish","type":"page","link":"https:\/\/ww16.ce.gov.br\/seplag\/ceara-mais-gigital\/apresentacao\/","title":{"rendered":"Apresenta\u00e7\u00e3o"},"content":{"rendered":"<p>&nbsp;<\/p>\n<p style=\"text-align: justify\">O Governo do Estado do Cear\u00e1 objetiva avan\u00e7ar na transforma\u00e7\u00e3o digital, modernizando e inovando suas ferramentas de gest\u00e3o e processos de trabalho, para que possa atingir um patamar de excel\u00eancia na presta\u00e7\u00e3o dos servi\u00e7os p\u00fablicos ao cidad\u00e3o. Para isso, ser\u00e1 formalizado um Contrato de Empr\u00e9stimo com Banco Interamericano de Desenvolvimento (BID), para a execu\u00e7\u00e3o do<strong> Programa para a Transforma\u00e7\u00e3o Digital do Governo do Estado do Cear\u00e1 (Programa Cear\u00e1 Mais Digital), tendo a Secretaria do Planejamento e Gest\u00e3o do Estado do Cear\u00e1 (Seplag) como \u00f3rg\u00e3o Executor<\/strong>.<\/p>\n<p>&nbsp;<\/p>\n<p style=\"text-align: justify\">O <strong>Programa Cear\u00e1 Mais Digital<\/strong> prev\u00ea um investimento total de US$38.750.000,00 (trinta e oito milh\u00f5es e setecentos e cinquenta mil d\u00f3lares), sendo at\u00e9 US$31.000.000,00 (trinta e um milh\u00f5es de d\u00f3lares) financiados pelo BID e US$7.750.000,00 (sete milh\u00f5es e setecentos e cinquenta mil d\u00f3lares) de contrapartida local.<\/p>\n<p>&nbsp;<\/p>\n<p style=\"text-align: justify\">O <strong>Programa Cear\u00e1 Mais Digital<\/strong> \u00e9 composto por 4 (quatro) componentes, os quais possuem a\u00e7\u00f5es que ser\u00e3o desenvolvidas ao longo da execu\u00e7\u00e3o do Programa, conforme descrito a seguir. Al\u00e9m desses componentes, o Programa disp\u00f5e tamb\u00e9m de uma categoria destinada \u00e0 sua administra\u00e7\u00e3o (gerenciamento, auditoria e avalia\u00e7\u00e3o).<\/p>\n<p>&nbsp;<\/p>\n\n\n<table width=\"100%\" border=\"0\">\r\n  <tbody>\r\n    <tr>\r\n      <td width=\"250\" bgcolor=\"#5C9AD7\" style=\"padding: 15px;color: white\"><p>Componente 1 (Transforma\u00e7\u00e3o digital dos servi\u00e7os p\u00fablicos)<\/p><\/td>\r\n      <td width=\"10\"><p>&nbsp;<\/p><\/td>\r\n      <td width=\"250\" bgcolor=\"#4CBFAE\" style=\"padding: 15px;color: white\"><p>Componente 2 (Transforma\u00e7\u00e3o digital da gest\u00e3o p\u00fablica)<\/p><\/td>\r\n      <td width=\"10\"><p>&nbsp;<\/p><\/td>\r\n      <td width=\"250\" bgcolor=\"#4BBE61\" style=\"padding: 15px;color: white\"><p>Componente 3 (Infraestrutura digital e conectividade)<\/p><\/td>\r\n      <td width=\"10\"><p>&nbsp;<\/p><\/td>\r\n      <td width=\"250\" bgcolor=\"#6CA844\" style=\"padding: 15px;color: white\"><p>Componente 4 (Transforma\u00e7\u00e3o digital do MPCE)<\/p><\/td>\r\n    <\/tr>\r\n    <tr>\r\n      <td width=\"250\" valign=\"top\" bgcolor=\"#D6E2F2\" style=\"padding: 15px\"><p>\u2022 Automatizar e expandir a oferta de servi\u00e7os p\u00fablicos digitais e melhorar a qualidade desses servi\u00e7os.<\/p><\/td>\r\n      <td width=\"10\"><p>&nbsp;<\/p><\/td>\r\n      <td width=\"250\" height=\"140\" valign=\"top\" bgcolor=\"#D5EEEB\" style=\"padding: 15px\"><p>\u2022 Contribuir para agilizar a presta\u00e7\u00e3o de servi\u00e7os p\u00fablicos, proporcionar maior efetividade e efici\u00eancia na gest\u00e3o p\u00fablica e responder satisfatoriamente \u00e0s demandas.<\/p><\/td>\r\n      <td width=\"10\"><p>&nbsp;<\/p><\/td>\r\n      <td width=\"250\" valign=\"top\" bgcolor=\"#D5E9DD\" style=\"padding: 15px\"><p>\u2022 Contribuir para melhorar a conectividade digital.<\/p><\/td>\r\n      <td width=\"10\"><p>&nbsp;<\/p><\/td>\r\n      <td width=\"250\" valign=\"top\" bgcolor=\"#D9E6D4\" style=\"padding: 15px\"><p>\u2022 Contribuir para a transforma\u00e7\u00e3o digital do MPCE, com o objetivo de melhorar sua efetividade e efici\u00eancia.<\/p><\/td>\r\n    <\/tr>\r\n  <\/tbody>\r\n<\/table>\n","protected":false},"excerpt":{"rendered":"<p>&nbsp; O Governo do Estado do Cear\u00e1 objetiva avan\u00e7ar na transforma\u00e7\u00e3o digital, modernizando e inovando suas ferramentas de gest\u00e3o e processos de trabalho, para que possa atingir um patamar de excel\u00eancia na presta\u00e7\u00e3o dos servi\u00e7os p\u00fablicos ao cidad\u00e3o. Para isso, ser\u00e1 formalizado um Contrato de Empr\u00e9stimo com Banco Interamericano de Desenvolvimento (BID), para a execu\u00e7\u00e3o [&hellip;]<\/p>\n","protected":false},"author":68,"featured_media":0,"parent":82402,"menu_order":0,"comment_status":"closed","ping_status":"closed","template":"","meta":{"_acf_changed":false,"inline_featured_image":false,"footnotes":""},"class_list":["post-82404","page","type-page","status-publish","hentry"],"acf":[],"yoast_head":"<!-- This site is optimized with the Yoast SEO plugin v26.9 - https:\/\/yoast.com\/product\/yoast-seo-wordpress\/ -->\n<title>Apresenta\u00e7\u00e3o - Secretaria do Planejamento e Gest\u00e3o<\/title>\n<meta name=\"robots\" content=\"index, follow, max-snippet:-1, max-image-preview:large, max-video-preview:-1\" \/>\n<link rel=\"canonical\" href=\"https:\/\/ww16.ce.gov.br\/seplag\/ceara-mais-gigital\/apresentacao\/\" \/>\n<meta property=\"og:locale\" content=\"pt_BR\" \/>\n<meta property=\"og:type\" content=\"article\" \/>\n<meta property=\"og:title\" content=\"Apresenta\u00e7\u00e3o - Secretaria do Planejamento e Gest\u00e3o\" \/>\n<meta property=\"og:description\" content=\"&nbsp; O Governo do Estado do Cear\u00e1 objetiva avan\u00e7ar na transforma\u00e7\u00e3o digital, modernizando e inovando suas ferramentas de gest\u00e3o e processos de trabalho, para que possa atingir um patamar de excel\u00eancia na presta\u00e7\u00e3o dos servi\u00e7os p\u00fablicos ao cidad\u00e3o. Para isso, ser\u00e1 formalizado um Contrato de Empr\u00e9stimo com Banco Interamericano de Desenvolvimento (BID), para a execu\u00e7\u00e3o [&hellip;]\" \/>\n<meta property=\"og:url\" content=\"https:\/\/ww16.ce.gov.br\/seplag\/ceara-mais-gigital\/apresentacao\/\" \/>\n<meta property=\"og:site_name\" content=\"Secretaria do Planejamento e Gest\u00e3o\" \/>\n<meta property=\"article:modified_time\" content=\"2023-08-14T12:43:17+00:00\" \/>\n<meta name=\"twitter:card\" content=\"summary_large_image\" \/>\n<meta name=\"twitter:label1\" content=\"Est. reading time\" \/>\n\t<meta name=\"twitter:data1\" content=\"2 minutos\" \/>\n<script type=\"application\/ld+json\" class=\"yoast-schema-graph\">{\"@context\":\"https:\/\/schema.org\",\"@graph\":[{\"@type\":\"WebPage\",\"@id\":\"https:\/\/ww16.ce.gov.br\/seplag\/ceara-mais-gigital\/apresentacao\/\",\"url\":\"https:\/\/ww16.ce.gov.br\/seplag\/ceara-mais-gigital\/apresentacao\/\",\"name\":\"Apresenta\u00e7\u00e3o - Secretaria do Planejamento e Gest\u00e3o\",\"isPartOf\":{\"@id\":\"https:\/\/ww16.ce.gov.br\/seplag\/#website\"},\"datePublished\":\"2022-09-05T17:34:12+00:00\",\"dateModified\":\"2023-08-14T12:43:17+00:00\",\"breadcrumb\":{\"@id\":\"https:\/\/ww16.ce.gov.br\/seplag\/ceara-mais-gigital\/apresentacao\/#breadcrumb\"},\"inLanguage\":\"pt-BR\",\"potentialAction\":[{\"@type\":\"ReadAction\",\"target\":[\"https:\/\/ww16.ce.gov.br\/seplag\/ceara-mais-gigital\/apresentacao\/\"]}]},{\"@type\":\"BreadcrumbList\",\"@id\":\"https:\/\/ww16.ce.gov.br\/seplag\/ceara-mais-gigital\/apresentacao\/#breadcrumb\",\"itemListElement\":[{\"@type\":\"ListItem\",\"position\":1,\"name\":\"In\u00edcio\",\"item\":\"https:\/\/ww16.ce.gov.br\/seplag\/\"},{\"@type\":\"ListItem\",\"position\":2,\"name\":\"Cear\u00e1 Mais Digital\",\"item\":\"https:\/\/ww16.ce.gov.br\/seplag\/ceara-mais-gigital\/\"},{\"@type\":\"ListItem\",\"position\":3,\"name\":\"Apresenta\u00e7\u00e3o\"}]},{\"@type\":\"WebSite\",\"@id\":\"https:\/\/ww16.ce.gov.br\/seplag\/#website\",\"url\":\"https:\/\/ww16.ce.gov.br\/seplag\/\",\"name\":\"Secretaria do Planejamento e Gest\u00e3o\",\"description\":\"Secretaria do Planejamento e Gest\u00e3o\",\"publisher\":{\"@id\":\"https:\/\/ww16.ce.gov.br\/seplag\/#organization\"},\"potentialAction\":[{\"@type\":\"SearchAction\",\"target\":{\"@type\":\"EntryPoint\",\"urlTemplate\":\"https:\/\/ww16.ce.gov.br\/seplag\/?s={search_term_string}\"},\"query-input\":{\"@type\":\"PropertyValueSpecification\",\"valueRequired\":true,\"valueName\":\"search_term_string\"}}],\"inLanguage\":\"pt-BR\"},{\"@type\":\"Organization\",\"@id\":\"https:\/\/ww16.ce.gov.br\/seplag\/#organization\",\"name\":\"Secretaria do Planejamento e Gest\u00e3o\",\"url\":\"https:\/\/ww16.ce.gov.br\/seplag\/\",\"logo\":{\"@type\":\"ImageObject\",\"inLanguage\":\"pt-BR\",\"@id\":\"https:\/\/ww16.ce.gov.br\/seplag\/#\/schema\/logo\/image\/\",\"url\":\"http:\/\/ww16.ce.gov.br\/seplag\/wp-content\/uploads\/sites\/14\/2017\/11\/clara-1.png\",\"contentUrl\":\"http:\/\/ww16.ce.gov.br\/seplag\/wp-content\/uploads\/sites\/14\/2017\/11\/clara-1.png\",\"width\":559,\"height\":106,\"caption\":\"Secretaria do Planejamento e Gest\u00e3o\"},\"image\":{\"@id\":\"https:\/\/ww16.ce.gov.br\/seplag\/#\/schema\/logo\/image\/\"}}]}<\/script>\n<!-- \/ Yoast SEO plugin. -->","yoast_head_json":{"title":"Apresenta\u00e7\u00e3o - Secretaria do Planejamento e Gest\u00e3o","robots":{"index":"index","follow":"follow","max-snippet":"max-snippet:-1","max-image-preview":"max-image-preview:large","max-video-preview":"max-video-preview:-1"},"canonical":"https:\/\/ww16.ce.gov.br\/seplag\/ceara-mais-gigital\/apresentacao\/","og_locale":"pt_BR","og_type":"article","og_title":"Apresenta\u00e7\u00e3o - Secretaria do Planejamento e Gest\u00e3o","og_description":"&nbsp; O Governo do Estado do Cear\u00e1 objetiva avan\u00e7ar na transforma\u00e7\u00e3o digital, modernizando e inovando suas ferramentas de gest\u00e3o e processos de trabalho, para que possa atingir um patamar de excel\u00eancia na presta\u00e7\u00e3o dos servi\u00e7os p\u00fablicos ao cidad\u00e3o. Para isso, ser\u00e1 formalizado um Contrato de Empr\u00e9stimo com Banco Interamericano de Desenvolvimento (BID), para a execu\u00e7\u00e3o [&hellip;]","og_url":"https:\/\/ww16.ce.gov.br\/seplag\/ceara-mais-gigital\/apresentacao\/","og_site_name":"Secretaria do Planejamento e Gest\u00e3o","article_modified_time":"2023-08-14T12:43:17+00:00","twitter_card":"summary_large_image","twitter_misc":{"Est. reading time":"2 minutos"},"schema":{"@context":"https:\/\/schema.org","@graph":[{"@type":"WebPage","@id":"https:\/\/ww16.ce.gov.br\/seplag\/ceara-mais-gigital\/apresentacao\/","url":"https:\/\/ww16.ce.gov.br\/seplag\/ceara-mais-gigital\/apresentacao\/","name":"Apresenta\u00e7\u00e3o - Secretaria do Planejamento e Gest\u00e3o","isPartOf":{"@id":"https:\/\/ww16.ce.gov.br\/seplag\/#website"},"datePublished":"2022-09-05T17:34:12+00:00","dateModified":"2023-08-14T12:43:17+00:00","breadcrumb":{"@id":"https:\/\/ww16.ce.gov.br\/seplag\/ceara-mais-gigital\/apresentacao\/#breadcrumb"},"inLanguage":"pt-BR","potentialAction":[{"@type":"ReadAction","target":["https:\/\/ww16.ce.gov.br\/seplag\/ceara-mais-gigital\/apresentacao\/"]}]},{"@type":"BreadcrumbList","@id":"https:\/\/ww16.ce.gov.br\/seplag\/ceara-mais-gigital\/apresentacao\/#breadcrumb","itemListElement":[{"@type":"ListItem","position":1,"name":"In\u00edcio","item":"https:\/\/ww16.ce.gov.br\/seplag\/"},{"@type":"ListItem","position":2,"name":"Cear\u00e1 Mais Digital","item":"https:\/\/ww16.ce.gov.br\/seplag\/ceara-mais-gigital\/"},{"@type":"ListItem","position":3,"name":"Apresenta\u00e7\u00e3o"}]},{"@type":"WebSite","@id":"https:\/\/ww16.ce.gov.br\/seplag\/#website","url":"https:\/\/ww16.ce.gov.br\/seplag\/","name":"Secretaria do Planejamento e Gest\u00e3o","description":"Secretaria do Planejamento e Gest\u00e3o","publisher":{"@id":"https:\/\/ww16.ce.gov.br\/seplag\/#organization"},"potentialAction":[{"@type":"SearchAction","target":{"@type":"EntryPoint","urlTemplate":"https:\/\/ww16.ce.gov.br\/seplag\/?s={search_term_string}"},"query-input":{"@type":"PropertyValueSpecification","valueRequired":true,"valueName":"search_term_string"}}],"inLanguage":"pt-BR"},{"@type":"Organization","@id":"https:\/\/ww16.ce.gov.br\/seplag\/#organization","name":"Secretaria do Planejamento e Gest\u00e3o","url":"https:\/\/ww16.ce.gov.br\/seplag\/","logo":{"@type":"ImageObject","inLanguage":"pt-BR","@id":"https:\/\/ww16.ce.gov.br\/seplag\/#\/schema\/logo\/image\/","url":"http:\/\/ww16.ce.gov.br\/seplag\/wp-content\/uploads\/sites\/14\/2017\/11\/clara-1.png","contentUrl":"http:\/\/ww16.ce.gov.br\/seplag\/wp-content\/uploads\/sites\/14\/2017\/11\/clara-1.png","width":559,"height":106,"caption":"Secretaria do Planejamento e Gest\u00e3o"},"image":{"@id":"https:\/\/ww16.ce.gov.br\/seplag\/#\/schema\/logo\/image\/"}}]}},"_links":{"self":[{"href":"https:\/\/ww16.ce.gov.br\/seplag\/wp-json\/wp\/v2\/pages\/82404","targetHints":{"allow":["GET"]}}],"collection":[{"href":"https:\/\/ww16.ce.gov.br\/seplag\/wp-json\/wp\/v2\/pages"}],"about":[{"href":"https:\/\/ww16.ce.gov.br\/seplag\/wp-json\/wp\/v2\/types\/page"}],"author":[{"embeddable":true,"href":"https:\/\/ww16.ce.gov.br\/seplag\/wp-json\/wp\/v2\/users\/68"}],"replies":[{"embeddable":true,"href":"https:\/\/ww16.ce.gov.br\/seplag\/wp-json\/wp\/v2\/comments?post=82404"}],"version-history":[{"count":19,"href":"https:\/\/ww16.ce.gov.br\/seplag\/wp-json\/wp\/v2\/pages\/82404\/revisions"}],"predecessor-version":[{"id":85145,"href":"https:\/\/ww16.ce.gov.br\/seplag\/wp-json\/wp\/v2\/pages\/82404\/revisions\/85145"}],"up":[{"embeddable":true,"href":"https:\/\/ww16.ce.gov.br\/seplag\/wp-json\/wp\/v2\/pages\/82402"}],"wp:attachment":[{"href":"https:\/\/ww16.ce.gov.br\/seplag\/wp-json\/wp\/v2\/media?parent=82404"}],"curies":[{"name":"wp","href":"https:\/\/api.w.org\/{rel}","templated":true}]}}