{"id":76924,"date":"2023-03-15T16:28:56","date_gmt":"2023-03-15T19:28:56","guid":{"rendered":"http:\/\/ww16.ce.gov.br\/seplag\/?page_id=76924"},"modified":"2023-03-16T10:47:37","modified_gmt":"2023-03-16T13:47:37","slug":"avaliacao-dos-acordos-de-resultados","status":"publish","type":"page","link":"https:\/\/ww16.ce.gov.br\/seplag\/planejamento\/menu-gestao-para-resultados\/avaliacao-dos-acordos-de-resultados\/","title":{"rendered":"Avalia\u00e7\u00e3o dos Acordos de Resultados"},"content":{"rendered":"<p><strong><span style=\"color: #fc6836;font-size: 0.8em\">PLANEJAMENTO\u00a0 &gt;\u00a0\u00a0<\/span><\/strong><a href=\"https:\/\/ww16.ce.gov.br\/seplag\/planejamento\/menu-gestao-para-resultados\/\"><strong><span style=\"color: #fc6836;font-size: 0.8em\">GEST\u00c3O PARA RESULTADOS<\/span><\/strong><\/a><\/p>\n<h2><strong>Avalia\u00e7\u00e3o dos Acordos de Resultados<\/strong><\/h2>\n<p>&nbsp;<\/p>\n<p style=\"text-align: justify\">O Relat\u00f3rio de Avalia\u00e7\u00e3o Anual dos Acordos de Resultados, aplicado desde 2019, visa contribuir para o aprendizado organizacional e incentivar a supera\u00e7\u00e3o dos desafios enfrentados na gest\u00e3o das pol\u00edticas p\u00fablicas. Acima de tudo, oferece um retorno informativo para a supera\u00e7\u00e3o de fragilidades no processo de implementa\u00e7\u00e3o do modelo de Gest\u00e3o para Resultados nos \u00f3rg\u00e3os do Governo do Estado do Cear\u00e1. Nesse relat\u00f3rio, apresenta-se o Ranking das Secretarias, um instrumento comparativo que considera todos os \u00f3rg\u00e3os estaduais pactuantes, gerado ap\u00f3s a aplica\u00e7\u00e3o da Metodologia de Avalia\u00e7\u00e3o e a consolida\u00e7\u00e3o das notas dos cinco pilares (indicadores, entregas, financeiro, pactua\u00e7\u00e3o e monitoramento). Para esse fim, considera-se o per\u00edodo integral do ciclo de pactua\u00e7\u00e3o, o qual vai de janeiro a dezembro. Para acessar o Guia Metodol\u00f3gico de Avalia\u00e7\u00e3o do Acordo de Resultados, clique aqui. Os resultados do processo de avalia\u00e7\u00e3o podem ser acessados nos relat\u00f3rios a seguir:<\/p>\n<p>&nbsp;<\/p>\n<p><strong>\u2022\u00a0<\/strong>\u00a0<a href=\"https:\/\/ww16.ce.gov.br\/seplag\/wp-content\/uploads\/sites\/62\/2023\/03\/Relatorio-de-Avaliacao-dos-Acordos-de-Resultados-2022.pdf\" target=\"_blank\" rel=\"noopener\">Relat\u00f3rio de Avalia\u00e7\u00e3o dos Acordos de Resultados 2022<\/a><\/p>\n<p><strong>\u2022\u00a0 <\/strong><a href=\"https:\/\/ww16.ce.gov.br\/seplag\/wp-content\/uploads\/sites\/62\/2022\/02\/Relatorio-de-Avaliacao-dos-Acordos-de-Resultados-2021.pdf\" target=\"_blank\" rel=\"noopener\">Relat\u00f3rio de Avalia\u00e7\u00e3o dos Acordos de Resultados 2021<\/a><\/p>\n<p><strong>\u2022\u00a0\u00a0<\/strong><a href=\"https:\/\/ww16.ce.gov.br\/seplag\/wp-content\/uploads\/sites\/62\/2021\/05\/Relatorio-de-Avaliacao-dos-Acordos-de-Resultados-2020.pdf\" target=\"_blank\" rel=\"noopener\">Relat\u00f3rio de Avalia\u00e7\u00e3o dos Acordos de Resultados 2020<\/a><\/p>\n<p><strong>\u2022\u00a0\u00a0<\/strong><a href=\"https:\/\/ww16.ce.gov.br\/seplag\/wp-content\/uploads\/sites\/62\/2020\/12\/Relatorio-de-Avaliacao-dos-Acordos-de-Resultados-2019.pdf\" target=\"_blank\" rel=\"noopener\">Relat\u00f3rio de Avalia\u00e7\u00e3o dos Acordos de Resultados 2019<\/a><\/p>\n","protected":false},"excerpt":{"rendered":"<p>PLANEJAMENTO\u00a0 &gt;\u00a0\u00a0GEST\u00c3O PARA RESULTADOS Avalia\u00e7\u00e3o dos Acordos de Resultados &nbsp; O Relat\u00f3rio de Avalia\u00e7\u00e3o Anual dos Acordos de Resultados, aplicado desde 2019, visa contribuir para o aprendizado organizacional e incentivar a supera\u00e7\u00e3o dos desafios enfrentados na gest\u00e3o das pol\u00edticas p\u00fablicas. Acima de tudo, oferece um retorno informativo para a supera\u00e7\u00e3o de fragilidades no processo de [&hellip;]<\/p>\n","protected":false},"author":68,"featured_media":0,"parent":8160,"menu_order":0,"comment_status":"closed","ping_status":"closed","template":"","meta":{"_acf_changed":false,"inline_featured_image":false,"footnotes":""},"class_list":["post-76924","page","type-page","status-publish","hentry"],"acf":[],"yoast_head":"<!-- This site is optimized with the Yoast SEO plugin v26.9 - https:\/\/yoast.com\/product\/yoast-seo-wordpress\/ -->\n<title>Avalia\u00e7\u00e3o dos Acordos de Resultados - Secretaria do Planejamento e Gest\u00e3o<\/title>\n<meta name=\"robots\" content=\"index, follow, max-snippet:-1, max-image-preview:large, max-video-preview:-1\" \/>\n<link rel=\"canonical\" href=\"https:\/\/ww16.ce.gov.br\/seplag\/planejamento\/menu-gestao-para-resultados\/avaliacao-dos-acordos-de-resultados\/\" \/>\n<meta property=\"og:locale\" content=\"pt_BR\" \/>\n<meta property=\"og:type\" content=\"article\" \/>\n<meta property=\"og:title\" content=\"Avalia\u00e7\u00e3o dos Acordos de Resultados - Secretaria do Planejamento e Gest\u00e3o\" \/>\n<meta property=\"og:description\" content=\"PLANEJAMENTO\u00a0 &gt;\u00a0\u00a0GEST\u00c3O PARA RESULTADOS Avalia\u00e7\u00e3o dos Acordos de Resultados &nbsp; O Relat\u00f3rio de Avalia\u00e7\u00e3o Anual dos Acordos de Resultados, aplicado desde 2019, visa contribuir para o aprendizado organizacional e incentivar a supera\u00e7\u00e3o dos desafios enfrentados na gest\u00e3o das pol\u00edticas p\u00fablicas. Acima de tudo, oferece um retorno informativo para a supera\u00e7\u00e3o de fragilidades no processo de [&hellip;]\" \/>\n<meta property=\"og:url\" content=\"https:\/\/ww16.ce.gov.br\/seplag\/planejamento\/menu-gestao-para-resultados\/avaliacao-dos-acordos-de-resultados\/\" \/>\n<meta property=\"og:site_name\" content=\"Secretaria do Planejamento e Gest\u00e3o\" \/>\n<meta property=\"article:modified_time\" content=\"2023-03-16T13:47:37+00:00\" \/>\n<meta name=\"twitter:card\" content=\"summary_large_image\" \/>\n<meta name=\"twitter:label1\" content=\"Est. reading time\" \/>\n\t<meta name=\"twitter:data1\" content=\"2 minutos\" \/>\n<script type=\"application\/ld+json\" class=\"yoast-schema-graph\">{\"@context\":\"https:\/\/schema.org\",\"@graph\":[{\"@type\":\"WebPage\",\"@id\":\"https:\/\/ww16.ce.gov.br\/seplag\/planejamento\/menu-gestao-para-resultados\/avaliacao-dos-acordos-de-resultados\/\",\"url\":\"https:\/\/ww16.ce.gov.br\/seplag\/planejamento\/menu-gestao-para-resultados\/avaliacao-dos-acordos-de-resultados\/\",\"name\":\"Avalia\u00e7\u00e3o dos Acordos de Resultados - Secretaria do Planejamento e Gest\u00e3o\",\"isPartOf\":{\"@id\":\"https:\/\/ww16.ce.gov.br\/seplag\/#website\"},\"datePublished\":\"2023-03-15T19:28:56+00:00\",\"dateModified\":\"2023-03-16T13:47:37+00:00\",\"breadcrumb\":{\"@id\":\"https:\/\/ww16.ce.gov.br\/seplag\/planejamento\/menu-gestao-para-resultados\/avaliacao-dos-acordos-de-resultados\/#breadcrumb\"},\"inLanguage\":\"pt-BR\",\"potentialAction\":[{\"@type\":\"ReadAction\",\"target\":[\"https:\/\/ww16.ce.gov.br\/seplag\/planejamento\/menu-gestao-para-resultados\/avaliacao-dos-acordos-de-resultados\/\"]}]},{\"@type\":\"BreadcrumbList\",\"@id\":\"https:\/\/ww16.ce.gov.br\/seplag\/planejamento\/menu-gestao-para-resultados\/avaliacao-dos-acordos-de-resultados\/#breadcrumb\",\"itemListElement\":[{\"@type\":\"ListItem\",\"position\":1,\"name\":\"In\u00edcio\",\"item\":\"https:\/\/ww16.ce.gov.br\/seplag\/\"},{\"@type\":\"ListItem\",\"position\":2,\"name\":\"Planejamento\",\"item\":\"https:\/\/ww16.ce.gov.br\/seplag\/planejamento\/\"},{\"@type\":\"ListItem\",\"position\":3,\"name\":\"Gest\u00e3o para Resultados\",\"item\":\"https:\/\/ww16.ce.gov.br\/seplag\/planejamento\/menu-gestao-para-resultados\/\"},{\"@type\":\"ListItem\",\"position\":4,\"name\":\"Avalia\u00e7\u00e3o dos Acordos de Resultados\"}]},{\"@type\":\"WebSite\",\"@id\":\"https:\/\/ww16.ce.gov.br\/seplag\/#website\",\"url\":\"https:\/\/ww16.ce.gov.br\/seplag\/\",\"name\":\"Secretaria do Planejamento e Gest\u00e3o\",\"description\":\"Secretaria do Planejamento e Gest\u00e3o\",\"publisher\":{\"@id\":\"https:\/\/ww16.ce.gov.br\/seplag\/#organization\"},\"potentialAction\":[{\"@type\":\"SearchAction\",\"target\":{\"@type\":\"EntryPoint\",\"urlTemplate\":\"https:\/\/ww16.ce.gov.br\/seplag\/?s={search_term_string}\"},\"query-input\":{\"@type\":\"PropertyValueSpecification\",\"valueRequired\":true,\"valueName\":\"search_term_string\"}}],\"inLanguage\":\"pt-BR\"},{\"@type\":\"Organization\",\"@id\":\"https:\/\/ww16.ce.gov.br\/seplag\/#organization\",\"name\":\"Secretaria do Planejamento e Gest\u00e3o\",\"url\":\"https:\/\/ww16.ce.gov.br\/seplag\/\",\"logo\":{\"@type\":\"ImageObject\",\"inLanguage\":\"pt-BR\",\"@id\":\"https:\/\/ww16.ce.gov.br\/seplag\/#\/schema\/logo\/image\/\",\"url\":\"http:\/\/ww16.ce.gov.br\/seplag\/wp-content\/uploads\/sites\/14\/2017\/11\/clara-1.png\",\"contentUrl\":\"http:\/\/ww16.ce.gov.br\/seplag\/wp-content\/uploads\/sites\/14\/2017\/11\/clara-1.png\",\"width\":559,\"height\":106,\"caption\":\"Secretaria do Planejamento e Gest\u00e3o\"},\"image\":{\"@id\":\"https:\/\/ww16.ce.gov.br\/seplag\/#\/schema\/logo\/image\/\"}}]}<\/script>\n<!-- \/ Yoast SEO plugin. -->","yoast_head_json":{"title":"Avalia\u00e7\u00e3o dos Acordos de Resultados - Secretaria do Planejamento e Gest\u00e3o","robots":{"index":"index","follow":"follow","max-snippet":"max-snippet:-1","max-image-preview":"max-image-preview:large","max-video-preview":"max-video-preview:-1"},"canonical":"https:\/\/ww16.ce.gov.br\/seplag\/planejamento\/menu-gestao-para-resultados\/avaliacao-dos-acordos-de-resultados\/","og_locale":"pt_BR","og_type":"article","og_title":"Avalia\u00e7\u00e3o dos Acordos de Resultados - Secretaria do Planejamento e Gest\u00e3o","og_description":"PLANEJAMENTO\u00a0 &gt;\u00a0\u00a0GEST\u00c3O PARA RESULTADOS Avalia\u00e7\u00e3o dos Acordos de Resultados &nbsp; O Relat\u00f3rio de Avalia\u00e7\u00e3o Anual dos Acordos de Resultados, aplicado desde 2019, visa contribuir para o aprendizado organizacional e incentivar a supera\u00e7\u00e3o dos desafios enfrentados na gest\u00e3o das pol\u00edticas p\u00fablicas. Acima de tudo, oferece um retorno informativo para a supera\u00e7\u00e3o de fragilidades no processo de [&hellip;]","og_url":"https:\/\/ww16.ce.gov.br\/seplag\/planejamento\/menu-gestao-para-resultados\/avaliacao-dos-acordos-de-resultados\/","og_site_name":"Secretaria do Planejamento e Gest\u00e3o","article_modified_time":"2023-03-16T13:47:37+00:00","twitter_card":"summary_large_image","twitter_misc":{"Est. reading time":"2 minutos"},"schema":{"@context":"https:\/\/schema.org","@graph":[{"@type":"WebPage","@id":"https:\/\/ww16.ce.gov.br\/seplag\/planejamento\/menu-gestao-para-resultados\/avaliacao-dos-acordos-de-resultados\/","url":"https:\/\/ww16.ce.gov.br\/seplag\/planejamento\/menu-gestao-para-resultados\/avaliacao-dos-acordos-de-resultados\/","name":"Avalia\u00e7\u00e3o dos Acordos de Resultados - Secretaria do Planejamento e Gest\u00e3o","isPartOf":{"@id":"https:\/\/ww16.ce.gov.br\/seplag\/#website"},"datePublished":"2023-03-15T19:28:56+00:00","dateModified":"2023-03-16T13:47:37+00:00","breadcrumb":{"@id":"https:\/\/ww16.ce.gov.br\/seplag\/planejamento\/menu-gestao-para-resultados\/avaliacao-dos-acordos-de-resultados\/#breadcrumb"},"inLanguage":"pt-BR","potentialAction":[{"@type":"ReadAction","target":["https:\/\/ww16.ce.gov.br\/seplag\/planejamento\/menu-gestao-para-resultados\/avaliacao-dos-acordos-de-resultados\/"]}]},{"@type":"BreadcrumbList","@id":"https:\/\/ww16.ce.gov.br\/seplag\/planejamento\/menu-gestao-para-resultados\/avaliacao-dos-acordos-de-resultados\/#breadcrumb","itemListElement":[{"@type":"ListItem","position":1,"name":"In\u00edcio","item":"https:\/\/ww16.ce.gov.br\/seplag\/"},{"@type":"ListItem","position":2,"name":"Planejamento","item":"https:\/\/ww16.ce.gov.br\/seplag\/planejamento\/"},{"@type":"ListItem","position":3,"name":"Gest\u00e3o para Resultados","item":"https:\/\/ww16.ce.gov.br\/seplag\/planejamento\/menu-gestao-para-resultados\/"},{"@type":"ListItem","position":4,"name":"Avalia\u00e7\u00e3o dos Acordos de Resultados"}]},{"@type":"WebSite","@id":"https:\/\/ww16.ce.gov.br\/seplag\/#website","url":"https:\/\/ww16.ce.gov.br\/seplag\/","name":"Secretaria do Planejamento e Gest\u00e3o","description":"Secretaria do Planejamento e Gest\u00e3o","publisher":{"@id":"https:\/\/ww16.ce.gov.br\/seplag\/#organization"},"potentialAction":[{"@type":"SearchAction","target":{"@type":"EntryPoint","urlTemplate":"https:\/\/ww16.ce.gov.br\/seplag\/?s={search_term_string}"},"query-input":{"@type":"PropertyValueSpecification","valueRequired":true,"valueName":"search_term_string"}}],"inLanguage":"pt-BR"},{"@type":"Organization","@id":"https:\/\/ww16.ce.gov.br\/seplag\/#organization","name":"Secretaria do Planejamento e Gest\u00e3o","url":"https:\/\/ww16.ce.gov.br\/seplag\/","logo":{"@type":"ImageObject","inLanguage":"pt-BR","@id":"https:\/\/ww16.ce.gov.br\/seplag\/#\/schema\/logo\/image\/","url":"http:\/\/ww16.ce.gov.br\/seplag\/wp-content\/uploads\/sites\/14\/2017\/11\/clara-1.png","contentUrl":"http:\/\/ww16.ce.gov.br\/seplag\/wp-content\/uploads\/sites\/14\/2017\/11\/clara-1.png","width":559,"height":106,"caption":"Secretaria do Planejamento e Gest\u00e3o"},"image":{"@id":"https:\/\/ww16.ce.gov.br\/seplag\/#\/schema\/logo\/image\/"}}]}},"_links":{"self":[{"href":"https:\/\/ww16.ce.gov.br\/seplag\/wp-json\/wp\/v2\/pages\/76924","targetHints":{"allow":["GET"]}}],"collection":[{"href":"https:\/\/ww16.ce.gov.br\/seplag\/wp-json\/wp\/v2\/pages"}],"about":[{"href":"https:\/\/ww16.ce.gov.br\/seplag\/wp-json\/wp\/v2\/types\/page"}],"author":[{"embeddable":true,"href":"https:\/\/ww16.ce.gov.br\/seplag\/wp-json\/wp\/v2\/users\/68"}],"replies":[{"embeddable":true,"href":"https:\/\/ww16.ce.gov.br\/seplag\/wp-json\/wp\/v2\/comments?post=76924"}],"version-history":[{"count":5,"href":"https:\/\/ww16.ce.gov.br\/seplag\/wp-json\/wp\/v2\/pages\/76924\/revisions"}],"predecessor-version":[{"id":83574,"href":"https:\/\/ww16.ce.gov.br\/seplag\/wp-json\/wp\/v2\/pages\/76924\/revisions\/83574"}],"up":[{"embeddable":true,"href":"https:\/\/ww16.ce.gov.br\/seplag\/wp-json\/wp\/v2\/pages\/8160"}],"wp:attachment":[{"href":"https:\/\/ww16.ce.gov.br\/seplag\/wp-json\/wp\/v2\/media?parent=76924"}],"curies":[{"name":"wp","href":"https:\/\/api.w.org\/{rel}","templated":true}]}}