{"id":76075,"date":"2020-09-04T15:59:32","date_gmt":"2020-09-04T18:59:32","guid":{"rendered":"http:\/\/ww16.ce.gov.br\/seplag\/?page_id=76075"},"modified":"2022-07-12T14:31:17","modified_gmt":"2022-07-12T17:31:17","slug":"consolidacao-e-lancamento-do-plano-estrategico-de-desenvolvimento-de-longo-prazo","status":"publish","type":"page","link":"https:\/\/ww16.ce.gov.br\/seplag\/planejamento\/ceara-2050\/consolidacao-e-lancamento-do-plano-estrategico-de-desenvolvimento-de-longo-prazo\/","title":{"rendered":"CONSOLIDA\u00c7\u00c3O E LAN\u00c7AMENTO DO PLANO ESTRAT\u00c9GICO DE DESENVOLVIMENTO DE LONGO PRAZO"},"content":{"rendered":"<p><strong><span style=\"color: #fc6836;font-size: 0.8em\">PLANEJAMENTO &gt; <\/span><\/strong><a href=\"https:\/\/ww16.ce.gov.br\/seplag\/planejamento\/ceara-2050\/\"><strong><span style=\"color: #fc6836;font-size: 0.8em\">CEAR\u00c1 2050<\/span><\/strong><\/a><\/p>\n<h2><strong>Plataforma de Desenvolvimento Cear\u00e1 2050<\/strong><\/h2>\n<p>&nbsp;<\/p>\n<p><strong>CONSOLIDA\u00c7\u00c3O E LAN\u00c7AMENTO DO PLANO ESTRAT\u00c9GICO DE DESENVOLVIMENTO DE LONGO PRAZO<\/strong><\/p>\n<p style=\"padding-left: 30px\"><strong>\u2022<\/strong>\u00a0\u00a0<a href=\"https:\/\/ww16.ce.gov.br\/seplag\/wp-content\/uploads\/sites\/62\/2020\/07\/5.1-Modelo-de-Governan\u00e7a-e-Gest\u00e3o.pdf\" target=\"_blank\" rel=\"noopener noreferrer\">Modelo de Governan\u00e7a e Gest\u00e3o<\/a><\/p>\n<p style=\"padding-left: 30px\"><strong>\u2022<\/strong>\u00a0 <a href=\"https:\/\/ww16.ce.gov.br\/seplag\/wp-content\/uploads\/sites\/62\/2020\/07\/5.2-Desenho-do-Monitoramento.pdf\" target=\"_blank\" rel=\"noopener noreferrer\">Desenho do Monitoramento<\/a><\/p>\n<p style=\"padding-left: 30px\"><strong>\u2022<\/strong>\u00a0 <a href=\"https:\/\/ww16.ce.gov.br\/seplag\/wp-content\/uploads\/sites\/62\/2020\/07\/5.3-Modelo-de-Alinhamento-do-Plano-de-Longo-Prazo.pdf\" target=\"_blank\" rel=\"noopener noreferrer\">Modelo de Alinhamento do Plano de Longo Prazo<\/a><\/p>\n<p style=\"padding-left: 30px\"><strong>\u2022<\/strong>\u00a0 <a href=\"https:\/\/ww16.ce.gov.br\/seplag\/wp-content\/uploads\/sites\/62\/2020\/07\/5.4-Modelo-de-Institucionaliza\u00e7\u00e3o-do-Plano-e-da-Governan\u00e7a.pdf\" target=\"_blank\" rel=\"noopener noreferrer\">Modelo de Institucionaliza\u00e7\u00e3o do Plano e da Governan\u00e7a<\/a><\/p>\n<p style=\"padding-left: 30px\"><strong>\u2022<\/strong>\u00a0 <a href=\"https:\/\/ww16.ce.gov.br\/seplag\/wp-content\/uploads\/sites\/62\/2020\/07\/5.5-Plano-de-Capacita\u00e7\u00e3o.pdf\" target=\"_blank\" rel=\"noopener noreferrer\">Plano de Capacita\u00e7\u00e3o<\/a><\/p>\n<p style=\"padding-left: 30px\"><strong>\u2022<\/strong>\u00a0 <a href=\"https:\/\/ww16.ce.gov.br\/seplag\/wp-content\/uploads\/sites\/62\/2020\/07\/5.6-Consolida\u00e7\u00e3o-Geral-do-Plano-de-Governan\u00e7a-e-Gest\u00e3o-Multi-Institucional-do-Cear\u00e1-2050.pdf\" target=\"_blank\" rel=\"noopener noreferrer\">Consolida\u00e7\u00e3o Geral do Plano de Governan\u00e7a e Gest\u00e3o Multi-Institucional do Cear\u00e1 2050<\/a><\/p>\n<p style=\"padding-left: 30px\"><strong>\u2022<\/strong>\u00a0 <a href=\"https:\/\/ww16.ce.gov.br\/seplag\/wp-content\/uploads\/sites\/62\/2020\/07\/5.7-Plano-de-A\u00e7\u00e3o-para-Organiza\u00e7\u00e3o-do-Evento-de-Lan\u00e7amento-Cear\u00e1-2050.pdf\" target=\"_blank\" rel=\"noopener noreferrer\">Plano de A\u00e7\u00e3o para Organiza\u00e7\u00e3o do Evento de Lan\u00e7amento Cear\u00e1 2050<\/a><\/p>\n<p style=\"padding-left: 30px\"><strong>\u2022<\/strong>\u00a0 <a href=\"https:\/\/ww16.ce.gov.br\/seplag\/wp-content\/uploads\/sites\/62\/2020\/07\/5.8-Integra\u00e7\u00e3o-Cear\u00e1-2050-e-PPA-2020-2023.pdf\" target=\"_blank\" rel=\"noopener noreferrer\">Integra\u00e7\u00e3o Cear\u00e1 2050 e PPA 2020-2023<\/a><\/p>\n<p style=\"padding-left: 30px\"><strong>\u2022<\/strong>\u00a0 <a href=\"https:\/\/ww16.ce.gov.br\/seplag\/wp-content\/uploads\/sites\/62\/2022\/07\/FINAL_Relatorio-do-Livro-Sintese-Ceara-2050_VALIDADO.pdf\" target=\"_blank\" rel=\"noopener noreferrer\">Livro S\u00edntese<\/a><\/p>\n<p>&nbsp;<\/p>\n<p>&nbsp;<\/p>\n","protected":false},"excerpt":{"rendered":"<p>PLANEJAMENTO &gt; CEAR\u00c1 2050 Plataforma de Desenvolvimento Cear\u00e1 2050 &nbsp; CONSOLIDA\u00c7\u00c3O E LAN\u00c7AMENTO DO PLANO ESTRAT\u00c9GICO DE DESENVOLVIMENTO DE LONGO PRAZO \u2022\u00a0\u00a0Modelo de Governan\u00e7a e Gest\u00e3o \u2022\u00a0 Desenho do Monitoramento \u2022\u00a0 Modelo de Alinhamento do Plano de Longo Prazo \u2022\u00a0 Modelo de Institucionaliza\u00e7\u00e3o do Plano e da Governan\u00e7a \u2022\u00a0 Plano de Capacita\u00e7\u00e3o \u2022\u00a0 Consolida\u00e7\u00e3o Geral [&hellip;]<\/p>\n","protected":false},"author":68,"featured_media":0,"parent":75366,"menu_order":0,"comment_status":"closed","ping_status":"closed","template":"","meta":{"_acf_changed":false,"inline_featured_image":false,"footnotes":""},"class_list":["post-76075","page","type-page","status-publish","hentry"],"acf":[],"yoast_head":"<!-- This site is optimized with the Yoast SEO plugin v26.9 - https:\/\/yoast.com\/product\/yoast-seo-wordpress\/ -->\n<title>CONSOLIDA\u00c7\u00c3O E LAN\u00c7AMENTO DO PLANO ESTRAT\u00c9GICO DE DESENVOLVIMENTO DE LONGO PRAZO - Secretaria do Planejamento e Gest\u00e3o<\/title>\n<meta name=\"robots\" content=\"index, follow, max-snippet:-1, max-image-preview:large, max-video-preview:-1\" \/>\n<link rel=\"canonical\" href=\"https:\/\/ww16.ce.gov.br\/seplag\/planejamento\/ceara-2050\/consolidacao-e-lancamento-do-plano-estrategico-de-desenvolvimento-de-longo-prazo\/\" \/>\n<meta property=\"og:locale\" content=\"pt_BR\" \/>\n<meta property=\"og:type\" content=\"article\" \/>\n<meta property=\"og:title\" content=\"CONSOLIDA\u00c7\u00c3O E LAN\u00c7AMENTO DO PLANO ESTRAT\u00c9GICO DE DESENVOLVIMENTO DE LONGO PRAZO - Secretaria do Planejamento e Gest\u00e3o\" \/>\n<meta property=\"og:description\" content=\"PLANEJAMENTO &gt; CEAR\u00c1 2050 Plataforma de Desenvolvimento Cear\u00e1 2050 &nbsp; CONSOLIDA\u00c7\u00c3O E LAN\u00c7AMENTO DO PLANO ESTRAT\u00c9GICO DE DESENVOLVIMENTO DE LONGO PRAZO \u2022\u00a0\u00a0Modelo de Governan\u00e7a e Gest\u00e3o \u2022\u00a0 Desenho do Monitoramento \u2022\u00a0 Modelo de Alinhamento do Plano de Longo Prazo \u2022\u00a0 Modelo de Institucionaliza\u00e7\u00e3o do Plano e da Governan\u00e7a \u2022\u00a0 Plano de Capacita\u00e7\u00e3o \u2022\u00a0 Consolida\u00e7\u00e3o Geral [&hellip;]\" \/>\n<meta property=\"og:url\" content=\"https:\/\/ww16.ce.gov.br\/seplag\/planejamento\/ceara-2050\/consolidacao-e-lancamento-do-plano-estrategico-de-desenvolvimento-de-longo-prazo\/\" \/>\n<meta property=\"og:site_name\" content=\"Secretaria do Planejamento e Gest\u00e3o\" \/>\n<meta property=\"article:modified_time\" content=\"2022-07-12T17:31:17+00:00\" \/>\n<meta name=\"twitter:card\" content=\"summary_large_image\" \/>\n<script type=\"application\/ld+json\" class=\"yoast-schema-graph\">{\"@context\":\"https:\/\/schema.org\",\"@graph\":[{\"@type\":\"WebPage\",\"@id\":\"https:\/\/ww16.ce.gov.br\/seplag\/planejamento\/ceara-2050\/consolidacao-e-lancamento-do-plano-estrategico-de-desenvolvimento-de-longo-prazo\/\",\"url\":\"https:\/\/ww16.ce.gov.br\/seplag\/planejamento\/ceara-2050\/consolidacao-e-lancamento-do-plano-estrategico-de-desenvolvimento-de-longo-prazo\/\",\"name\":\"CONSOLIDA\u00c7\u00c3O E LAN\u00c7AMENTO DO PLANO ESTRAT\u00c9GICO DE DESENVOLVIMENTO DE LONGO PRAZO - Secretaria do Planejamento e Gest\u00e3o\",\"isPartOf\":{\"@id\":\"https:\/\/ww16.ce.gov.br\/seplag\/#website\"},\"datePublished\":\"2020-09-04T18:59:32+00:00\",\"dateModified\":\"2022-07-12T17:31:17+00:00\",\"breadcrumb\":{\"@id\":\"https:\/\/ww16.ce.gov.br\/seplag\/planejamento\/ceara-2050\/consolidacao-e-lancamento-do-plano-estrategico-de-desenvolvimento-de-longo-prazo\/#breadcrumb\"},\"inLanguage\":\"pt-BR\",\"potentialAction\":[{\"@type\":\"ReadAction\",\"target\":[\"https:\/\/ww16.ce.gov.br\/seplag\/planejamento\/ceara-2050\/consolidacao-e-lancamento-do-plano-estrategico-de-desenvolvimento-de-longo-prazo\/\"]}]},{\"@type\":\"BreadcrumbList\",\"@id\":\"https:\/\/ww16.ce.gov.br\/seplag\/planejamento\/ceara-2050\/consolidacao-e-lancamento-do-plano-estrategico-de-desenvolvimento-de-longo-prazo\/#breadcrumb\",\"itemListElement\":[{\"@type\":\"ListItem\",\"position\":1,\"name\":\"In\u00edcio\",\"item\":\"https:\/\/ww16.ce.gov.br\/seplag\/\"},{\"@type\":\"ListItem\",\"position\":2,\"name\":\"Planejamento\",\"item\":\"https:\/\/ww16.ce.gov.br\/seplag\/planejamento\/\"},{\"@type\":\"ListItem\",\"position\":3,\"name\":\"Cear\u00e1 2050\",\"item\":\"https:\/\/ww16.ce.gov.br\/seplag\/planejamento\/ceara-2050\/\"},{\"@type\":\"ListItem\",\"position\":4,\"name\":\"CONSOLIDA\u00c7\u00c3O E LAN\u00c7AMENTO DO PLANO ESTRAT\u00c9GICO DE DESENVOLVIMENTO DE LONGO PRAZO\"}]},{\"@type\":\"WebSite\",\"@id\":\"https:\/\/ww16.ce.gov.br\/seplag\/#website\",\"url\":\"https:\/\/ww16.ce.gov.br\/seplag\/\",\"name\":\"Secretaria do Planejamento e Gest\u00e3o\",\"description\":\"Secretaria do Planejamento e Gest\u00e3o\",\"publisher\":{\"@id\":\"https:\/\/ww16.ce.gov.br\/seplag\/#organization\"},\"potentialAction\":[{\"@type\":\"SearchAction\",\"target\":{\"@type\":\"EntryPoint\",\"urlTemplate\":\"https:\/\/ww16.ce.gov.br\/seplag\/?s={search_term_string}\"},\"query-input\":{\"@type\":\"PropertyValueSpecification\",\"valueRequired\":true,\"valueName\":\"search_term_string\"}}],\"inLanguage\":\"pt-BR\"},{\"@type\":\"Organization\",\"@id\":\"https:\/\/ww16.ce.gov.br\/seplag\/#organization\",\"name\":\"Secretaria do Planejamento e Gest\u00e3o\",\"url\":\"https:\/\/ww16.ce.gov.br\/seplag\/\",\"logo\":{\"@type\":\"ImageObject\",\"inLanguage\":\"pt-BR\",\"@id\":\"https:\/\/ww16.ce.gov.br\/seplag\/#\/schema\/logo\/image\/\",\"url\":\"http:\/\/ww16.ce.gov.br\/seplag\/wp-content\/uploads\/sites\/14\/2017\/11\/clara-1.png\",\"contentUrl\":\"http:\/\/ww16.ce.gov.br\/seplag\/wp-content\/uploads\/sites\/14\/2017\/11\/clara-1.png\",\"width\":559,\"height\":106,\"caption\":\"Secretaria do Planejamento e Gest\u00e3o\"},\"image\":{\"@id\":\"https:\/\/ww16.ce.gov.br\/seplag\/#\/schema\/logo\/image\/\"}}]}<\/script>\n<!-- \/ Yoast SEO plugin. -->","yoast_head_json":{"title":"CONSOLIDA\u00c7\u00c3O E LAN\u00c7AMENTO DO PLANO ESTRAT\u00c9GICO DE DESENVOLVIMENTO DE LONGO PRAZO - Secretaria do Planejamento e Gest\u00e3o","robots":{"index":"index","follow":"follow","max-snippet":"max-snippet:-1","max-image-preview":"max-image-preview:large","max-video-preview":"max-video-preview:-1"},"canonical":"https:\/\/ww16.ce.gov.br\/seplag\/planejamento\/ceara-2050\/consolidacao-e-lancamento-do-plano-estrategico-de-desenvolvimento-de-longo-prazo\/","og_locale":"pt_BR","og_type":"article","og_title":"CONSOLIDA\u00c7\u00c3O E LAN\u00c7AMENTO DO PLANO ESTRAT\u00c9GICO DE DESENVOLVIMENTO DE LONGO PRAZO - Secretaria do Planejamento e Gest\u00e3o","og_description":"PLANEJAMENTO &gt; CEAR\u00c1 2050 Plataforma de Desenvolvimento Cear\u00e1 2050 &nbsp; CONSOLIDA\u00c7\u00c3O E LAN\u00c7AMENTO DO PLANO ESTRAT\u00c9GICO DE DESENVOLVIMENTO DE LONGO PRAZO \u2022\u00a0\u00a0Modelo de Governan\u00e7a e Gest\u00e3o \u2022\u00a0 Desenho do Monitoramento \u2022\u00a0 Modelo de Alinhamento do Plano de Longo Prazo \u2022\u00a0 Modelo de Institucionaliza\u00e7\u00e3o do Plano e da Governan\u00e7a \u2022\u00a0 Plano de Capacita\u00e7\u00e3o \u2022\u00a0 Consolida\u00e7\u00e3o Geral [&hellip;]","og_url":"https:\/\/ww16.ce.gov.br\/seplag\/planejamento\/ceara-2050\/consolidacao-e-lancamento-do-plano-estrategico-de-desenvolvimento-de-longo-prazo\/","og_site_name":"Secretaria do Planejamento e Gest\u00e3o","article_modified_time":"2022-07-12T17:31:17+00:00","twitter_card":"summary_large_image","schema":{"@context":"https:\/\/schema.org","@graph":[{"@type":"WebPage","@id":"https:\/\/ww16.ce.gov.br\/seplag\/planejamento\/ceara-2050\/consolidacao-e-lancamento-do-plano-estrategico-de-desenvolvimento-de-longo-prazo\/","url":"https:\/\/ww16.ce.gov.br\/seplag\/planejamento\/ceara-2050\/consolidacao-e-lancamento-do-plano-estrategico-de-desenvolvimento-de-longo-prazo\/","name":"CONSOLIDA\u00c7\u00c3O E LAN\u00c7AMENTO DO PLANO ESTRAT\u00c9GICO DE DESENVOLVIMENTO DE LONGO PRAZO - Secretaria do Planejamento e Gest\u00e3o","isPartOf":{"@id":"https:\/\/ww16.ce.gov.br\/seplag\/#website"},"datePublished":"2020-09-04T18:59:32+00:00","dateModified":"2022-07-12T17:31:17+00:00","breadcrumb":{"@id":"https:\/\/ww16.ce.gov.br\/seplag\/planejamento\/ceara-2050\/consolidacao-e-lancamento-do-plano-estrategico-de-desenvolvimento-de-longo-prazo\/#breadcrumb"},"inLanguage":"pt-BR","potentialAction":[{"@type":"ReadAction","target":["https:\/\/ww16.ce.gov.br\/seplag\/planejamento\/ceara-2050\/consolidacao-e-lancamento-do-plano-estrategico-de-desenvolvimento-de-longo-prazo\/"]}]},{"@type":"BreadcrumbList","@id":"https:\/\/ww16.ce.gov.br\/seplag\/planejamento\/ceara-2050\/consolidacao-e-lancamento-do-plano-estrategico-de-desenvolvimento-de-longo-prazo\/#breadcrumb","itemListElement":[{"@type":"ListItem","position":1,"name":"In\u00edcio","item":"https:\/\/ww16.ce.gov.br\/seplag\/"},{"@type":"ListItem","position":2,"name":"Planejamento","item":"https:\/\/ww16.ce.gov.br\/seplag\/planejamento\/"},{"@type":"ListItem","position":3,"name":"Cear\u00e1 2050","item":"https:\/\/ww16.ce.gov.br\/seplag\/planejamento\/ceara-2050\/"},{"@type":"ListItem","position":4,"name":"CONSOLIDA\u00c7\u00c3O E LAN\u00c7AMENTO DO PLANO ESTRAT\u00c9GICO DE DESENVOLVIMENTO DE LONGO PRAZO"}]},{"@type":"WebSite","@id":"https:\/\/ww16.ce.gov.br\/seplag\/#website","url":"https:\/\/ww16.ce.gov.br\/seplag\/","name":"Secretaria do Planejamento e Gest\u00e3o","description":"Secretaria do Planejamento e Gest\u00e3o","publisher":{"@id":"https:\/\/ww16.ce.gov.br\/seplag\/#organization"},"potentialAction":[{"@type":"SearchAction","target":{"@type":"EntryPoint","urlTemplate":"https:\/\/ww16.ce.gov.br\/seplag\/?s={search_term_string}"},"query-input":{"@type":"PropertyValueSpecification","valueRequired":true,"valueName":"search_term_string"}}],"inLanguage":"pt-BR"},{"@type":"Organization","@id":"https:\/\/ww16.ce.gov.br\/seplag\/#organization","name":"Secretaria do Planejamento e Gest\u00e3o","url":"https:\/\/ww16.ce.gov.br\/seplag\/","logo":{"@type":"ImageObject","inLanguage":"pt-BR","@id":"https:\/\/ww16.ce.gov.br\/seplag\/#\/schema\/logo\/image\/","url":"http:\/\/ww16.ce.gov.br\/seplag\/wp-content\/uploads\/sites\/14\/2017\/11\/clara-1.png","contentUrl":"http:\/\/ww16.ce.gov.br\/seplag\/wp-content\/uploads\/sites\/14\/2017\/11\/clara-1.png","width":559,"height":106,"caption":"Secretaria do Planejamento e Gest\u00e3o"},"image":{"@id":"https:\/\/ww16.ce.gov.br\/seplag\/#\/schema\/logo\/image\/"}}]}},"_links":{"self":[{"href":"https:\/\/ww16.ce.gov.br\/seplag\/wp-json\/wp\/v2\/pages\/76075","targetHints":{"allow":["GET"]}}],"collection":[{"href":"https:\/\/ww16.ce.gov.br\/seplag\/wp-json\/wp\/v2\/pages"}],"about":[{"href":"https:\/\/ww16.ce.gov.br\/seplag\/wp-json\/wp\/v2\/types\/page"}],"author":[{"embeddable":true,"href":"https:\/\/ww16.ce.gov.br\/seplag\/wp-json\/wp\/v2\/users\/68"}],"replies":[{"embeddable":true,"href":"https:\/\/ww16.ce.gov.br\/seplag\/wp-json\/wp\/v2\/comments?post=76075"}],"version-history":[{"count":3,"href":"https:\/\/ww16.ce.gov.br\/seplag\/wp-json\/wp\/v2\/pages\/76075\/revisions"}],"predecessor-version":[{"id":82272,"href":"https:\/\/ww16.ce.gov.br\/seplag\/wp-json\/wp\/v2\/pages\/76075\/revisions\/82272"}],"up":[{"embeddable":true,"href":"https:\/\/ww16.ce.gov.br\/seplag\/wp-json\/wp\/v2\/pages\/75366"}],"wp:attachment":[{"href":"https:\/\/ww16.ce.gov.br\/seplag\/wp-json\/wp\/v2\/media?parent=76075"}],"curies":[{"name":"wp","href":"https:\/\/api.w.org\/{rel}","templated":true}]}}