{"id":76072,"date":"2020-09-04T15:58:17","date_gmt":"2020-09-04T18:58:17","guid":{"rendered":"http:\/\/ww16.ce.gov.br\/seplag\/?page_id=76072"},"modified":"2020-09-04T16:09:41","modified_gmt":"2020-09-04T19:09:41","slug":"concepcao-de-projetos-estrategicos","status":"publish","type":"page","link":"https:\/\/ww16.ce.gov.br\/seplag\/planejamento\/ceara-2050\/concepcao-de-projetos-estrategicos\/","title":{"rendered":"CONCEP\u00c7\u00c3O DE PROJETOS ESTRAT\u00c9GICOS"},"content":{"rendered":"<p><strong><span style=\"color: #fc6836;font-size: 0.8em\">PLANEJAMENTO &gt; <\/span><\/strong><a href=\"https:\/\/ww16.ce.gov.br\/seplag\/planejamento\/ceara-2050\/\"><strong><span style=\"color: #fc6836;font-size: 0.8em\">CEAR\u00c1 2050<\/span><\/strong><\/a><\/p>\n<h2><strong>Plataforma de Desenvolvimento Cear\u00e1 2050<\/strong><\/h2>\n<p>&nbsp;<\/p>\n<p><strong>CONCEP\u00c7\u00c3O DE PROJETOS ESTRAT\u00c9GICOS<\/strong><\/p>\n<p style=\"padding-left: 30px\">\u2022\u00a0\u00a0<a href=\"https:\/\/ww16.ce.gov.br\/seplag\/wp-content\/uploads\/sites\/62\/2020\/07\/4.1-Identifica\u00e7\u00e3o-de-Portf\u00f3lio-Preliminar-de-Projetos.pdf\" target=\"_blank\" rel=\"noopener\">Identifica\u00e7\u00e3o de Portf\u00f3lio Preliminar de Projetos<\/a><\/p>\n<p style=\"padding-left: 30px\">\u2022\u00a0 <a href=\"https:\/\/ww16.ce.gov.br\/seplag\/wp-content\/uploads\/sites\/62\/2020\/07\/4.2-Prioriza\u00e7\u00e3o-de-Portf\u00f3lio-de-Projetos.pdf\" target=\"_blank\" rel=\"noopener\">Prioriza\u00e7\u00e3o de Portf\u00f3lio de Projetos<\/a><\/p>\n<p style=\"padding-left: 30px\">\u2022\u00a0 <a href=\"https:\/\/ww16.ce.gov.br\/seplag\/wp-content\/uploads\/sites\/62\/2020\/07\/4.3-Regionaliza\u00e7\u00e3o-das-Id\u00e9ias-de-Projeto-nas-14-Regi\u00f5es-de-Planejamento.pdf\" target=\"_blank\" rel=\"noopener\">Regionaliza\u00e7\u00e3o das Id\u00e9ias de Projeto nas 14 Regi\u00f5es de Planejamento<\/a><\/p>\n<p style=\"padding-left: 30px\">\u2022\u00a0 <a href=\"https:\/\/ww16.ce.gov.br\/seplag\/wp-content\/uploads\/sites\/62\/2020\/07\/4.4-Detalhamento-dos-Programas-Estrat\u00e9gicos.pdf\" target=\"_blank\" rel=\"noopener\">Detalhamento dos Programas Estrat\u00e9gicos<\/a><\/p>\n<p style=\"padding-left: 30px\">\u2022\u00a0 <a href=\"https:\/\/ww16.ce.gov.br\/seplag\/wp-content\/uploads\/sites\/62\/2020\/07\/4.5-Montagem-do-Portf\u00f3lio-de-Projetos.pdf\" target=\"_blank\" rel=\"noopener\">Montagem do Portf\u00f3lio de Projetos<\/a><\/p>\n<p style=\"padding-left: 30px\">\u2022\u00a0 <a href=\"https:\/\/ww16.ce.gov.br\/seplag\/wp-content\/uploads\/sites\/62\/2020\/07\/4.6-Consolida\u00e7\u00e3o-do-Planejamento-Or\u00e7ament\u00e1rio.pdf\" target=\"_blank\" rel=\"noopener\">Consolida\u00e7\u00e3o do Planejamento Or\u00e7ament\u00e1rio<\/a><\/p>\n<p>&nbsp;<\/p>\n","protected":false},"excerpt":{"rendered":"<p>PLANEJAMENTO &gt; CEAR\u00c1 2050 Plataforma de Desenvolvimento Cear\u00e1 2050 &nbsp; CONCEP\u00c7\u00c3O DE PROJETOS ESTRAT\u00c9GICOS \u2022\u00a0\u00a0Identifica\u00e7\u00e3o de Portf\u00f3lio Preliminar de Projetos \u2022\u00a0 Prioriza\u00e7\u00e3o de Portf\u00f3lio de Projetos \u2022\u00a0 Regionaliza\u00e7\u00e3o das Id\u00e9ias de Projeto nas 14 Regi\u00f5es de Planejamento \u2022\u00a0 Detalhamento dos Programas Estrat\u00e9gicos \u2022\u00a0 Montagem do Portf\u00f3lio de Projetos \u2022\u00a0 Consolida\u00e7\u00e3o do Planejamento Or\u00e7ament\u00e1rio &nbsp;<\/p>\n","protected":false},"author":68,"featured_media":0,"parent":75366,"menu_order":0,"comment_status":"closed","ping_status":"closed","template":"","meta":{"_acf_changed":false,"inline_featured_image":false,"footnotes":""},"class_list":["post-76072","page","type-page","status-publish","hentry"],"acf":[],"yoast_head":"<!-- This site is optimized with the Yoast SEO plugin v26.9 - https:\/\/yoast.com\/product\/yoast-seo-wordpress\/ -->\n<title>CONCEP\u00c7\u00c3O DE PROJETOS ESTRAT\u00c9GICOS - Secretaria do Planejamento e Gest\u00e3o<\/title>\n<meta name=\"robots\" content=\"index, follow, max-snippet:-1, max-image-preview:large, max-video-preview:-1\" \/>\n<link rel=\"canonical\" href=\"https:\/\/ww16.ce.gov.br\/seplag\/planejamento\/ceara-2050\/concepcao-de-projetos-estrategicos\/\" \/>\n<meta property=\"og:locale\" content=\"pt_BR\" \/>\n<meta property=\"og:type\" content=\"article\" \/>\n<meta property=\"og:title\" content=\"CONCEP\u00c7\u00c3O DE PROJETOS ESTRAT\u00c9GICOS - Secretaria do Planejamento e Gest\u00e3o\" \/>\n<meta property=\"og:description\" content=\"PLANEJAMENTO &gt; CEAR\u00c1 2050 Plataforma de Desenvolvimento Cear\u00e1 2050 &nbsp; CONCEP\u00c7\u00c3O DE PROJETOS ESTRAT\u00c9GICOS \u2022\u00a0\u00a0Identifica\u00e7\u00e3o de Portf\u00f3lio Preliminar de Projetos \u2022\u00a0 Prioriza\u00e7\u00e3o de Portf\u00f3lio de Projetos \u2022\u00a0 Regionaliza\u00e7\u00e3o das Id\u00e9ias de Projeto nas 14 Regi\u00f5es de Planejamento \u2022\u00a0 Detalhamento dos Programas Estrat\u00e9gicos \u2022\u00a0 Montagem do Portf\u00f3lio de Projetos \u2022\u00a0 Consolida\u00e7\u00e3o do Planejamento Or\u00e7ament\u00e1rio &nbsp;\" \/>\n<meta property=\"og:url\" content=\"https:\/\/ww16.ce.gov.br\/seplag\/planejamento\/ceara-2050\/concepcao-de-projetos-estrategicos\/\" \/>\n<meta property=\"og:site_name\" content=\"Secretaria do Planejamento e Gest\u00e3o\" \/>\n<meta property=\"article:modified_time\" content=\"2020-09-04T19:09:41+00:00\" \/>\n<meta name=\"twitter:card\" content=\"summary_large_image\" \/>\n<script type=\"application\/ld+json\" class=\"yoast-schema-graph\">{\"@context\":\"https:\/\/schema.org\",\"@graph\":[{\"@type\":\"WebPage\",\"@id\":\"https:\/\/ww16.ce.gov.br\/seplag\/planejamento\/ceara-2050\/concepcao-de-projetos-estrategicos\/\",\"url\":\"https:\/\/ww16.ce.gov.br\/seplag\/planejamento\/ceara-2050\/concepcao-de-projetos-estrategicos\/\",\"name\":\"CONCEP\u00c7\u00c3O DE PROJETOS ESTRAT\u00c9GICOS - Secretaria do Planejamento e Gest\u00e3o\",\"isPartOf\":{\"@id\":\"https:\/\/ww16.ce.gov.br\/seplag\/#website\"},\"datePublished\":\"2020-09-04T18:58:17+00:00\",\"dateModified\":\"2020-09-04T19:09:41+00:00\",\"breadcrumb\":{\"@id\":\"https:\/\/ww16.ce.gov.br\/seplag\/planejamento\/ceara-2050\/concepcao-de-projetos-estrategicos\/#breadcrumb\"},\"inLanguage\":\"pt-BR\",\"potentialAction\":[{\"@type\":\"ReadAction\",\"target\":[\"https:\/\/ww16.ce.gov.br\/seplag\/planejamento\/ceara-2050\/concepcao-de-projetos-estrategicos\/\"]}]},{\"@type\":\"BreadcrumbList\",\"@id\":\"https:\/\/ww16.ce.gov.br\/seplag\/planejamento\/ceara-2050\/concepcao-de-projetos-estrategicos\/#breadcrumb\",\"itemListElement\":[{\"@type\":\"ListItem\",\"position\":1,\"name\":\"In\u00edcio\",\"item\":\"https:\/\/ww16.ce.gov.br\/seplag\/\"},{\"@type\":\"ListItem\",\"position\":2,\"name\":\"Planejamento\",\"item\":\"https:\/\/ww16.ce.gov.br\/seplag\/planejamento\/\"},{\"@type\":\"ListItem\",\"position\":3,\"name\":\"Cear\u00e1 2050\",\"item\":\"https:\/\/ww16.ce.gov.br\/seplag\/planejamento\/ceara-2050\/\"},{\"@type\":\"ListItem\",\"position\":4,\"name\":\"CONCEP\u00c7\u00c3O DE PROJETOS ESTRAT\u00c9GICOS\"}]},{\"@type\":\"WebSite\",\"@id\":\"https:\/\/ww16.ce.gov.br\/seplag\/#website\",\"url\":\"https:\/\/ww16.ce.gov.br\/seplag\/\",\"name\":\"Secretaria do Planejamento e Gest\u00e3o\",\"description\":\"Secretaria do Planejamento e Gest\u00e3o\",\"publisher\":{\"@id\":\"https:\/\/ww16.ce.gov.br\/seplag\/#organization\"},\"potentialAction\":[{\"@type\":\"SearchAction\",\"target\":{\"@type\":\"EntryPoint\",\"urlTemplate\":\"https:\/\/ww16.ce.gov.br\/seplag\/?s={search_term_string}\"},\"query-input\":{\"@type\":\"PropertyValueSpecification\",\"valueRequired\":true,\"valueName\":\"search_term_string\"}}],\"inLanguage\":\"pt-BR\"},{\"@type\":\"Organization\",\"@id\":\"https:\/\/ww16.ce.gov.br\/seplag\/#organization\",\"name\":\"Secretaria do Planejamento e Gest\u00e3o\",\"url\":\"https:\/\/ww16.ce.gov.br\/seplag\/\",\"logo\":{\"@type\":\"ImageObject\",\"inLanguage\":\"pt-BR\",\"@id\":\"https:\/\/ww16.ce.gov.br\/seplag\/#\/schema\/logo\/image\/\",\"url\":\"http:\/\/ww16.ce.gov.br\/seplag\/wp-content\/uploads\/sites\/14\/2017\/11\/clara-1.png\",\"contentUrl\":\"http:\/\/ww16.ce.gov.br\/seplag\/wp-content\/uploads\/sites\/14\/2017\/11\/clara-1.png\",\"width\":559,\"height\":106,\"caption\":\"Secretaria do Planejamento e Gest\u00e3o\"},\"image\":{\"@id\":\"https:\/\/ww16.ce.gov.br\/seplag\/#\/schema\/logo\/image\/\"}}]}<\/script>\n<!-- \/ Yoast SEO plugin. -->","yoast_head_json":{"title":"CONCEP\u00c7\u00c3O DE PROJETOS ESTRAT\u00c9GICOS - Secretaria do Planejamento e Gest\u00e3o","robots":{"index":"index","follow":"follow","max-snippet":"max-snippet:-1","max-image-preview":"max-image-preview:large","max-video-preview":"max-video-preview:-1"},"canonical":"https:\/\/ww16.ce.gov.br\/seplag\/planejamento\/ceara-2050\/concepcao-de-projetos-estrategicos\/","og_locale":"pt_BR","og_type":"article","og_title":"CONCEP\u00c7\u00c3O DE PROJETOS ESTRAT\u00c9GICOS - Secretaria do Planejamento e Gest\u00e3o","og_description":"PLANEJAMENTO &gt; CEAR\u00c1 2050 Plataforma de Desenvolvimento Cear\u00e1 2050 &nbsp; CONCEP\u00c7\u00c3O DE PROJETOS ESTRAT\u00c9GICOS \u2022\u00a0\u00a0Identifica\u00e7\u00e3o de Portf\u00f3lio Preliminar de Projetos \u2022\u00a0 Prioriza\u00e7\u00e3o de Portf\u00f3lio de Projetos \u2022\u00a0 Regionaliza\u00e7\u00e3o das Id\u00e9ias de Projeto nas 14 Regi\u00f5es de Planejamento \u2022\u00a0 Detalhamento dos Programas Estrat\u00e9gicos \u2022\u00a0 Montagem do Portf\u00f3lio de Projetos \u2022\u00a0 Consolida\u00e7\u00e3o do Planejamento Or\u00e7ament\u00e1rio &nbsp;","og_url":"https:\/\/ww16.ce.gov.br\/seplag\/planejamento\/ceara-2050\/concepcao-de-projetos-estrategicos\/","og_site_name":"Secretaria do Planejamento e Gest\u00e3o","article_modified_time":"2020-09-04T19:09:41+00:00","twitter_card":"summary_large_image","schema":{"@context":"https:\/\/schema.org","@graph":[{"@type":"WebPage","@id":"https:\/\/ww16.ce.gov.br\/seplag\/planejamento\/ceara-2050\/concepcao-de-projetos-estrategicos\/","url":"https:\/\/ww16.ce.gov.br\/seplag\/planejamento\/ceara-2050\/concepcao-de-projetos-estrategicos\/","name":"CONCEP\u00c7\u00c3O DE PROJETOS ESTRAT\u00c9GICOS - Secretaria do Planejamento e Gest\u00e3o","isPartOf":{"@id":"https:\/\/ww16.ce.gov.br\/seplag\/#website"},"datePublished":"2020-09-04T18:58:17+00:00","dateModified":"2020-09-04T19:09:41+00:00","breadcrumb":{"@id":"https:\/\/ww16.ce.gov.br\/seplag\/planejamento\/ceara-2050\/concepcao-de-projetos-estrategicos\/#breadcrumb"},"inLanguage":"pt-BR","potentialAction":[{"@type":"ReadAction","target":["https:\/\/ww16.ce.gov.br\/seplag\/planejamento\/ceara-2050\/concepcao-de-projetos-estrategicos\/"]}]},{"@type":"BreadcrumbList","@id":"https:\/\/ww16.ce.gov.br\/seplag\/planejamento\/ceara-2050\/concepcao-de-projetos-estrategicos\/#breadcrumb","itemListElement":[{"@type":"ListItem","position":1,"name":"In\u00edcio","item":"https:\/\/ww16.ce.gov.br\/seplag\/"},{"@type":"ListItem","position":2,"name":"Planejamento","item":"https:\/\/ww16.ce.gov.br\/seplag\/planejamento\/"},{"@type":"ListItem","position":3,"name":"Cear\u00e1 2050","item":"https:\/\/ww16.ce.gov.br\/seplag\/planejamento\/ceara-2050\/"},{"@type":"ListItem","position":4,"name":"CONCEP\u00c7\u00c3O DE PROJETOS ESTRAT\u00c9GICOS"}]},{"@type":"WebSite","@id":"https:\/\/ww16.ce.gov.br\/seplag\/#website","url":"https:\/\/ww16.ce.gov.br\/seplag\/","name":"Secretaria do Planejamento e Gest\u00e3o","description":"Secretaria do Planejamento e Gest\u00e3o","publisher":{"@id":"https:\/\/ww16.ce.gov.br\/seplag\/#organization"},"potentialAction":[{"@type":"SearchAction","target":{"@type":"EntryPoint","urlTemplate":"https:\/\/ww16.ce.gov.br\/seplag\/?s={search_term_string}"},"query-input":{"@type":"PropertyValueSpecification","valueRequired":true,"valueName":"search_term_string"}}],"inLanguage":"pt-BR"},{"@type":"Organization","@id":"https:\/\/ww16.ce.gov.br\/seplag\/#organization","name":"Secretaria do Planejamento e Gest\u00e3o","url":"https:\/\/ww16.ce.gov.br\/seplag\/","logo":{"@type":"ImageObject","inLanguage":"pt-BR","@id":"https:\/\/ww16.ce.gov.br\/seplag\/#\/schema\/logo\/image\/","url":"http:\/\/ww16.ce.gov.br\/seplag\/wp-content\/uploads\/sites\/14\/2017\/11\/clara-1.png","contentUrl":"http:\/\/ww16.ce.gov.br\/seplag\/wp-content\/uploads\/sites\/14\/2017\/11\/clara-1.png","width":559,"height":106,"caption":"Secretaria do Planejamento e Gest\u00e3o"},"image":{"@id":"https:\/\/ww16.ce.gov.br\/seplag\/#\/schema\/logo\/image\/"}}]}},"_links":{"self":[{"href":"https:\/\/ww16.ce.gov.br\/seplag\/wp-json\/wp\/v2\/pages\/76072","targetHints":{"allow":["GET"]}}],"collection":[{"href":"https:\/\/ww16.ce.gov.br\/seplag\/wp-json\/wp\/v2\/pages"}],"about":[{"href":"https:\/\/ww16.ce.gov.br\/seplag\/wp-json\/wp\/v2\/types\/page"}],"author":[{"embeddable":true,"href":"https:\/\/ww16.ce.gov.br\/seplag\/wp-json\/wp\/v2\/users\/68"}],"replies":[{"embeddable":true,"href":"https:\/\/ww16.ce.gov.br\/seplag\/wp-json\/wp\/v2\/comments?post=76072"}],"version-history":[{"count":2,"href":"https:\/\/ww16.ce.gov.br\/seplag\/wp-json\/wp\/v2\/pages\/76072\/revisions"}],"predecessor-version":[{"id":76083,"href":"https:\/\/ww16.ce.gov.br\/seplag\/wp-json\/wp\/v2\/pages\/76072\/revisions\/76083"}],"up":[{"embeddable":true,"href":"https:\/\/ww16.ce.gov.br\/seplag\/wp-json\/wp\/v2\/pages\/75366"}],"wp:attachment":[{"href":"https:\/\/ww16.ce.gov.br\/seplag\/wp-json\/wp\/v2\/media?parent=76072"}],"curies":[{"name":"wp","href":"https:\/\/api.w.org\/{rel}","templated":true}]}}