{"id":76066,"date":"2020-09-04T15:55:48","date_gmt":"2020-09-04T18:55:48","guid":{"rendered":"http:\/\/ww16.ce.gov.br\/seplag\/?page_id=76066"},"modified":"2020-09-04T16:07:57","modified_gmt":"2020-09-04T19:07:57","slug":"analise-externa-e-construcao-de-cenarios","status":"publish","type":"page","link":"https:\/\/ww16.ce.gov.br\/seplag\/planejamento\/ceara-2050\/analise-externa-e-construcao-de-cenarios\/","title":{"rendered":"AN\u00c1LISE EXTERNA E CONSTRU\u00c7\u00c3O DE CEN\u00c1RIOS"},"content":{"rendered":"<p><strong><span style=\"color: #fc6836;font-size: 0.8em\">PLANEJAMENTO &gt; <\/span><\/strong><a href=\"https:\/\/ww16.ce.gov.br\/seplag\/planejamento\/ceara-2050\/\"><strong><span style=\"color: #fc6836;font-size: 0.8em\">CEAR\u00c1 2050<\/span><\/strong><\/a><\/p>\n<h2><strong>Plataforma de Desenvolvimento Cear\u00e1 2050<\/strong><\/h2>\n<p>&nbsp;<\/p>\n<p><strong>AN\u00c1LISE EXTERNA E CONSTRU\u00c7\u00c3O DE CEN\u00c1RIOS<\/strong><\/p>\n<p style=\"padding-left: 30px\">\u2022\u00a0\u00a0<a href=\"https:\/\/ww16.ce.gov.br\/seplag\/wp-content\/uploads\/sites\/62\/2020\/07\/2.1-Estudo-de-Benchmarking.pdf\" target=\"_blank\" rel=\"noopener\">Estudo de Benchmarking<\/a><\/p>\n<p style=\"padding-left: 30px\">\u2022\u00a0 <a href=\"https:\/\/ww16.ce.gov.br\/seplag\/wp-content\/uploads\/sites\/62\/2020\/07\/2.2-Estudo-de-Tend\u00eancias-de-Longo-Prazo.pdf\" target=\"_blank\" rel=\"noopener\">Estudo de Tend\u00eancias de Longo Prazo<\/a><\/p>\n<p style=\"padding-left: 30px\">\u2022\u00a0\u00a0<a href=\"https:\/\/ww16.ce.gov.br\/seplag\/wp-content\/uploads\/sites\/62\/2020\/07\/2.3-Constru\u00e7\u00e3o-de-Cen\u00e1rios.pdf\" target=\"_blank\" rel=\"noopener\">Constru\u00e7\u00e3o de Cen\u00e1rios<\/a><\/p>\n<p>&nbsp;<\/p>\n","protected":false},"excerpt":{"rendered":"<p>PLANEJAMENTO &gt; CEAR\u00c1 2050 Plataforma de Desenvolvimento Cear\u00e1 2050 &nbsp; AN\u00c1LISE EXTERNA E CONSTRU\u00c7\u00c3O DE CEN\u00c1RIOS \u2022\u00a0\u00a0Estudo de Benchmarking \u2022\u00a0 Estudo de Tend\u00eancias de Longo Prazo \u2022\u00a0\u00a0Constru\u00e7\u00e3o de Cen\u00e1rios &nbsp;<\/p>\n","protected":false},"author":68,"featured_media":0,"parent":75366,"menu_order":0,"comment_status":"closed","ping_status":"closed","template":"","meta":{"_acf_changed":false,"inline_featured_image":false,"footnotes":""},"class_list":["post-76066","page","type-page","status-publish","hentry"],"acf":[],"yoast_head":"<!-- This site is optimized with the Yoast SEO plugin v26.9 - https:\/\/yoast.com\/product\/yoast-seo-wordpress\/ -->\n<title>AN\u00c1LISE EXTERNA E CONSTRU\u00c7\u00c3O DE CEN\u00c1RIOS - Secretaria do Planejamento e Gest\u00e3o<\/title>\n<meta name=\"robots\" content=\"index, follow, max-snippet:-1, max-image-preview:large, max-video-preview:-1\" \/>\n<link rel=\"canonical\" href=\"https:\/\/ww16.ce.gov.br\/seplag\/planejamento\/ceara-2050\/analise-externa-e-construcao-de-cenarios\/\" \/>\n<meta property=\"og:locale\" content=\"pt_BR\" \/>\n<meta property=\"og:type\" content=\"article\" \/>\n<meta property=\"og:title\" content=\"AN\u00c1LISE EXTERNA E CONSTRU\u00c7\u00c3O DE CEN\u00c1RIOS - Secretaria do Planejamento e Gest\u00e3o\" \/>\n<meta property=\"og:description\" content=\"PLANEJAMENTO &gt; CEAR\u00c1 2050 Plataforma de Desenvolvimento Cear\u00e1 2050 &nbsp; AN\u00c1LISE EXTERNA E CONSTRU\u00c7\u00c3O DE CEN\u00c1RIOS \u2022\u00a0\u00a0Estudo de Benchmarking \u2022\u00a0 Estudo de Tend\u00eancias de Longo Prazo \u2022\u00a0\u00a0Constru\u00e7\u00e3o de Cen\u00e1rios &nbsp;\" \/>\n<meta property=\"og:url\" content=\"https:\/\/ww16.ce.gov.br\/seplag\/planejamento\/ceara-2050\/analise-externa-e-construcao-de-cenarios\/\" \/>\n<meta property=\"og:site_name\" content=\"Secretaria do Planejamento e Gest\u00e3o\" \/>\n<meta property=\"article:modified_time\" content=\"2020-09-04T19:07:57+00:00\" \/>\n<meta name=\"twitter:card\" content=\"summary_large_image\" \/>\n<script type=\"application\/ld+json\" class=\"yoast-schema-graph\">{\"@context\":\"https:\/\/schema.org\",\"@graph\":[{\"@type\":\"WebPage\",\"@id\":\"https:\/\/ww16.ce.gov.br\/seplag\/planejamento\/ceara-2050\/analise-externa-e-construcao-de-cenarios\/\",\"url\":\"https:\/\/ww16.ce.gov.br\/seplag\/planejamento\/ceara-2050\/analise-externa-e-construcao-de-cenarios\/\",\"name\":\"AN\u00c1LISE EXTERNA E CONSTRU\u00c7\u00c3O DE CEN\u00c1RIOS - Secretaria do Planejamento e Gest\u00e3o\",\"isPartOf\":{\"@id\":\"https:\/\/ww16.ce.gov.br\/seplag\/#website\"},\"datePublished\":\"2020-09-04T18:55:48+00:00\",\"dateModified\":\"2020-09-04T19:07:57+00:00\",\"breadcrumb\":{\"@id\":\"https:\/\/ww16.ce.gov.br\/seplag\/planejamento\/ceara-2050\/analise-externa-e-construcao-de-cenarios\/#breadcrumb\"},\"inLanguage\":\"pt-BR\",\"potentialAction\":[{\"@type\":\"ReadAction\",\"target\":[\"https:\/\/ww16.ce.gov.br\/seplag\/planejamento\/ceara-2050\/analise-externa-e-construcao-de-cenarios\/\"]}]},{\"@type\":\"BreadcrumbList\",\"@id\":\"https:\/\/ww16.ce.gov.br\/seplag\/planejamento\/ceara-2050\/analise-externa-e-construcao-de-cenarios\/#breadcrumb\",\"itemListElement\":[{\"@type\":\"ListItem\",\"position\":1,\"name\":\"In\u00edcio\",\"item\":\"https:\/\/ww16.ce.gov.br\/seplag\/\"},{\"@type\":\"ListItem\",\"position\":2,\"name\":\"Planejamento\",\"item\":\"https:\/\/ww16.ce.gov.br\/seplag\/planejamento\/\"},{\"@type\":\"ListItem\",\"position\":3,\"name\":\"Cear\u00e1 2050\",\"item\":\"https:\/\/ww16.ce.gov.br\/seplag\/planejamento\/ceara-2050\/\"},{\"@type\":\"ListItem\",\"position\":4,\"name\":\"AN\u00c1LISE EXTERNA E CONSTRU\u00c7\u00c3O DE CEN\u00c1RIOS\"}]},{\"@type\":\"WebSite\",\"@id\":\"https:\/\/ww16.ce.gov.br\/seplag\/#website\",\"url\":\"https:\/\/ww16.ce.gov.br\/seplag\/\",\"name\":\"Secretaria do Planejamento e Gest\u00e3o\",\"description\":\"Secretaria do Planejamento e Gest\u00e3o\",\"publisher\":{\"@id\":\"https:\/\/ww16.ce.gov.br\/seplag\/#organization\"},\"potentialAction\":[{\"@type\":\"SearchAction\",\"target\":{\"@type\":\"EntryPoint\",\"urlTemplate\":\"https:\/\/ww16.ce.gov.br\/seplag\/?s={search_term_string}\"},\"query-input\":{\"@type\":\"PropertyValueSpecification\",\"valueRequired\":true,\"valueName\":\"search_term_string\"}}],\"inLanguage\":\"pt-BR\"},{\"@type\":\"Organization\",\"@id\":\"https:\/\/ww16.ce.gov.br\/seplag\/#organization\",\"name\":\"Secretaria do Planejamento e Gest\u00e3o\",\"url\":\"https:\/\/ww16.ce.gov.br\/seplag\/\",\"logo\":{\"@type\":\"ImageObject\",\"inLanguage\":\"pt-BR\",\"@id\":\"https:\/\/ww16.ce.gov.br\/seplag\/#\/schema\/logo\/image\/\",\"url\":\"http:\/\/ww16.ce.gov.br\/seplag\/wp-content\/uploads\/sites\/14\/2017\/11\/clara-1.png\",\"contentUrl\":\"http:\/\/ww16.ce.gov.br\/seplag\/wp-content\/uploads\/sites\/14\/2017\/11\/clara-1.png\",\"width\":559,\"height\":106,\"caption\":\"Secretaria do Planejamento e Gest\u00e3o\"},\"image\":{\"@id\":\"https:\/\/ww16.ce.gov.br\/seplag\/#\/schema\/logo\/image\/\"}}]}<\/script>\n<!-- \/ Yoast SEO plugin. -->","yoast_head_json":{"title":"AN\u00c1LISE EXTERNA E CONSTRU\u00c7\u00c3O DE CEN\u00c1RIOS - Secretaria do Planejamento e Gest\u00e3o","robots":{"index":"index","follow":"follow","max-snippet":"max-snippet:-1","max-image-preview":"max-image-preview:large","max-video-preview":"max-video-preview:-1"},"canonical":"https:\/\/ww16.ce.gov.br\/seplag\/planejamento\/ceara-2050\/analise-externa-e-construcao-de-cenarios\/","og_locale":"pt_BR","og_type":"article","og_title":"AN\u00c1LISE EXTERNA E CONSTRU\u00c7\u00c3O DE CEN\u00c1RIOS - Secretaria do Planejamento e Gest\u00e3o","og_description":"PLANEJAMENTO &gt; CEAR\u00c1 2050 Plataforma de Desenvolvimento Cear\u00e1 2050 &nbsp; AN\u00c1LISE EXTERNA E CONSTRU\u00c7\u00c3O DE CEN\u00c1RIOS \u2022\u00a0\u00a0Estudo de Benchmarking \u2022\u00a0 Estudo de Tend\u00eancias de Longo Prazo \u2022\u00a0\u00a0Constru\u00e7\u00e3o de Cen\u00e1rios &nbsp;","og_url":"https:\/\/ww16.ce.gov.br\/seplag\/planejamento\/ceara-2050\/analise-externa-e-construcao-de-cenarios\/","og_site_name":"Secretaria do Planejamento e Gest\u00e3o","article_modified_time":"2020-09-04T19:07:57+00:00","twitter_card":"summary_large_image","schema":{"@context":"https:\/\/schema.org","@graph":[{"@type":"WebPage","@id":"https:\/\/ww16.ce.gov.br\/seplag\/planejamento\/ceara-2050\/analise-externa-e-construcao-de-cenarios\/","url":"https:\/\/ww16.ce.gov.br\/seplag\/planejamento\/ceara-2050\/analise-externa-e-construcao-de-cenarios\/","name":"AN\u00c1LISE EXTERNA E CONSTRU\u00c7\u00c3O DE CEN\u00c1RIOS - Secretaria do Planejamento e Gest\u00e3o","isPartOf":{"@id":"https:\/\/ww16.ce.gov.br\/seplag\/#website"},"datePublished":"2020-09-04T18:55:48+00:00","dateModified":"2020-09-04T19:07:57+00:00","breadcrumb":{"@id":"https:\/\/ww16.ce.gov.br\/seplag\/planejamento\/ceara-2050\/analise-externa-e-construcao-de-cenarios\/#breadcrumb"},"inLanguage":"pt-BR","potentialAction":[{"@type":"ReadAction","target":["https:\/\/ww16.ce.gov.br\/seplag\/planejamento\/ceara-2050\/analise-externa-e-construcao-de-cenarios\/"]}]},{"@type":"BreadcrumbList","@id":"https:\/\/ww16.ce.gov.br\/seplag\/planejamento\/ceara-2050\/analise-externa-e-construcao-de-cenarios\/#breadcrumb","itemListElement":[{"@type":"ListItem","position":1,"name":"In\u00edcio","item":"https:\/\/ww16.ce.gov.br\/seplag\/"},{"@type":"ListItem","position":2,"name":"Planejamento","item":"https:\/\/ww16.ce.gov.br\/seplag\/planejamento\/"},{"@type":"ListItem","position":3,"name":"Cear\u00e1 2050","item":"https:\/\/ww16.ce.gov.br\/seplag\/planejamento\/ceara-2050\/"},{"@type":"ListItem","position":4,"name":"AN\u00c1LISE EXTERNA E CONSTRU\u00c7\u00c3O DE CEN\u00c1RIOS"}]},{"@type":"WebSite","@id":"https:\/\/ww16.ce.gov.br\/seplag\/#website","url":"https:\/\/ww16.ce.gov.br\/seplag\/","name":"Secretaria do Planejamento e Gest\u00e3o","description":"Secretaria do Planejamento e Gest\u00e3o","publisher":{"@id":"https:\/\/ww16.ce.gov.br\/seplag\/#organization"},"potentialAction":[{"@type":"SearchAction","target":{"@type":"EntryPoint","urlTemplate":"https:\/\/ww16.ce.gov.br\/seplag\/?s={search_term_string}"},"query-input":{"@type":"PropertyValueSpecification","valueRequired":true,"valueName":"search_term_string"}}],"inLanguage":"pt-BR"},{"@type":"Organization","@id":"https:\/\/ww16.ce.gov.br\/seplag\/#organization","name":"Secretaria do Planejamento e Gest\u00e3o","url":"https:\/\/ww16.ce.gov.br\/seplag\/","logo":{"@type":"ImageObject","inLanguage":"pt-BR","@id":"https:\/\/ww16.ce.gov.br\/seplag\/#\/schema\/logo\/image\/","url":"http:\/\/ww16.ce.gov.br\/seplag\/wp-content\/uploads\/sites\/14\/2017\/11\/clara-1.png","contentUrl":"http:\/\/ww16.ce.gov.br\/seplag\/wp-content\/uploads\/sites\/14\/2017\/11\/clara-1.png","width":559,"height":106,"caption":"Secretaria do Planejamento e Gest\u00e3o"},"image":{"@id":"https:\/\/ww16.ce.gov.br\/seplag\/#\/schema\/logo\/image\/"}}]}},"_links":{"self":[{"href":"https:\/\/ww16.ce.gov.br\/seplag\/wp-json\/wp\/v2\/pages\/76066","targetHints":{"allow":["GET"]}}],"collection":[{"href":"https:\/\/ww16.ce.gov.br\/seplag\/wp-json\/wp\/v2\/pages"}],"about":[{"href":"https:\/\/ww16.ce.gov.br\/seplag\/wp-json\/wp\/v2\/types\/page"}],"author":[{"embeddable":true,"href":"https:\/\/ww16.ce.gov.br\/seplag\/wp-json\/wp\/v2\/users\/68"}],"replies":[{"embeddable":true,"href":"https:\/\/ww16.ce.gov.br\/seplag\/wp-json\/wp\/v2\/comments?post=76066"}],"version-history":[{"count":2,"href":"https:\/\/ww16.ce.gov.br\/seplag\/wp-json\/wp\/v2\/pages\/76066\/revisions"}],"predecessor-version":[{"id":76081,"href":"https:\/\/ww16.ce.gov.br\/seplag\/wp-json\/wp\/v2\/pages\/76066\/revisions\/76081"}],"up":[{"embeddable":true,"href":"https:\/\/ww16.ce.gov.br\/seplag\/wp-json\/wp\/v2\/pages\/75366"}],"wp:attachment":[{"href":"https:\/\/ww16.ce.gov.br\/seplag\/wp-json\/wp\/v2\/media?parent=76066"}],"curies":[{"name":"wp","href":"https:\/\/api.w.org\/{rel}","templated":true}]}}