{"id":76062,"date":"2020-09-04T15:52:26","date_gmt":"2020-09-04T18:52:26","guid":{"rendered":"http:\/\/ww16.ce.gov.br\/seplag\/?page_id=76062"},"modified":"2020-09-04T16:06:57","modified_gmt":"2020-09-04T19:06:57","slug":"diagnostico","status":"publish","type":"page","link":"https:\/\/ww16.ce.gov.br\/seplag\/planejamento\/ceara-2050\/diagnostico\/","title":{"rendered":"DIAGN\u00d3STICO"},"content":{"rendered":"<p><strong><span style=\"color: #fc6836;font-size: 0.8em\">PLANEJAMENTO &gt; <\/span><\/strong><a href=\"https:\/\/ww16.ce.gov.br\/seplag\/planejamento\/ceara-2050\/\"><strong><span style=\"color: #fc6836;font-size: 0.8em\">CEAR\u00c1 2050<\/span><\/strong><\/a><\/p>\n<h2><strong>Plataforma de Desenvolvimento Cear\u00e1 2050<\/strong><\/h2>\n<p>&nbsp;<\/p>\n<p><strong>DIAGN\u00d3STICO<\/strong><\/p>\n<p style=\"padding-left: 30px\">\u2022\u00a0 <a href=\"https:\/\/ww16.ce.gov.br\/seplag\/wp-content\/uploads\/sites\/62\/2020\/07\/1.1-Diagn\u00f3stico-Quantitativo.pdf\" target=\"_blank\" rel=\"noopener\">Diagn\u00f3stico Quantitativo<\/a><\/p>\n<p style=\"padding-left: 30px\">\u2022\u00a0 <a href=\"https:\/\/ww16.ce.gov.br\/seplag\/wp-content\/uploads\/sites\/62\/2020\/07\/1.2-Diagnostico-Qualitativo_Tomo-I_-Ceara2050.pdf\" target=\"_blank\" rel=\"noopener\">Diagn\u00f3stico Qualitativo &#8211; Tomo I<\/a><\/p>\n<p style=\"padding-left: 30px\">\u2022\u00a0 <a href=\"https:\/\/ww16.ce.gov.br\/seplag\/wp-content\/uploads\/sites\/62\/2020\/07\/1.3-Diagnostico-Qualitativo_Tomo-II_Ceara2050.pdf\" target=\"_blank\" rel=\"noopener\">Diagn\u00f3stico Qualitativo &#8211; Tomo II<\/a><\/p>\n<p style=\"padding-left: 30px\">\u2022\u00a0 <a href=\"https:\/\/ww16.ce.gov.br\/seplag\/wp-content\/uploads\/sites\/62\/2020\/07\/1.4-Diagnostico-Qualitativo_Tomo-III_Ceara2050.pdf\" target=\"_blank\" rel=\"noopener\">Diagn\u00f3stico Qualitativo &#8211; Tomo III<\/a><\/p>\n<p style=\"padding-left: 30px\">\u2022\u00a0\u00a0<a href=\"https:\/\/ww16.ce.gov.br\/seplag\/wp-content\/uploads\/sites\/62\/2020\/07\/1.5-Diagnostico-Qualitativo_TomoIV_Ceara2050.pdf\" target=\"_blank\" rel=\"noopener\">Diagn\u00f3stico Qualitativo &#8211; Tomo IV<\/a><\/p>\n<p style=\"padding-left: 30px\">\u2022\u00a0 <a href=\"https:\/\/ww16.ce.gov.br\/seplag\/wp-content\/uploads\/sites\/62\/2020\/07\/1.6-Diagn\u00f3stico-Consolidado.pdf\" target=\"_blank\" rel=\"noopener\">Diagn\u00f3stico Consolidado<\/a><\/p>\n<p>&nbsp;<\/p>\n","protected":false},"excerpt":{"rendered":"<p>PLANEJAMENTO &gt; CEAR\u00c1 2050 Plataforma de Desenvolvimento Cear\u00e1 2050 &nbsp; DIAGN\u00d3STICO \u2022\u00a0 Diagn\u00f3stico Quantitativo \u2022\u00a0 Diagn\u00f3stico Qualitativo &#8211; Tomo I \u2022\u00a0 Diagn\u00f3stico Qualitativo &#8211; Tomo II \u2022\u00a0 Diagn\u00f3stico Qualitativo &#8211; Tomo III \u2022\u00a0\u00a0Diagn\u00f3stico Qualitativo &#8211; Tomo IV \u2022\u00a0 Diagn\u00f3stico Consolidado &nbsp;<\/p>\n","protected":false},"author":68,"featured_media":0,"parent":75366,"menu_order":0,"comment_status":"closed","ping_status":"closed","template":"","meta":{"_acf_changed":false,"inline_featured_image":false,"footnotes":""},"class_list":["post-76062","page","type-page","status-publish","hentry"],"acf":[],"yoast_head":"<!-- This site is optimized with the Yoast SEO plugin v26.9 - https:\/\/yoast.com\/product\/yoast-seo-wordpress\/ -->\n<title>DIAGN\u00d3STICO - Secretaria do Planejamento e Gest\u00e3o<\/title>\n<meta name=\"robots\" content=\"index, follow, max-snippet:-1, max-image-preview:large, max-video-preview:-1\" \/>\n<link rel=\"canonical\" href=\"https:\/\/ww16.ce.gov.br\/seplag\/planejamento\/ceara-2050\/diagnostico\/\" \/>\n<meta property=\"og:locale\" content=\"pt_BR\" \/>\n<meta property=\"og:type\" content=\"article\" \/>\n<meta property=\"og:title\" content=\"DIAGN\u00d3STICO - Secretaria do Planejamento e Gest\u00e3o\" \/>\n<meta property=\"og:description\" content=\"PLANEJAMENTO &gt; CEAR\u00c1 2050 Plataforma de Desenvolvimento Cear\u00e1 2050 &nbsp; DIAGN\u00d3STICO \u2022\u00a0 Diagn\u00f3stico Quantitativo \u2022\u00a0 Diagn\u00f3stico Qualitativo &#8211; Tomo I \u2022\u00a0 Diagn\u00f3stico Qualitativo &#8211; Tomo II \u2022\u00a0 Diagn\u00f3stico Qualitativo &#8211; Tomo III \u2022\u00a0\u00a0Diagn\u00f3stico Qualitativo &#8211; Tomo IV \u2022\u00a0 Diagn\u00f3stico Consolidado &nbsp;\" \/>\n<meta property=\"og:url\" content=\"https:\/\/ww16.ce.gov.br\/seplag\/planejamento\/ceara-2050\/diagnostico\/\" \/>\n<meta property=\"og:site_name\" content=\"Secretaria do Planejamento e Gest\u00e3o\" \/>\n<meta property=\"article:modified_time\" content=\"2020-09-04T19:06:57+00:00\" \/>\n<meta name=\"twitter:card\" content=\"summary_large_image\" \/>\n<script type=\"application\/ld+json\" class=\"yoast-schema-graph\">{\"@context\":\"https:\/\/schema.org\",\"@graph\":[{\"@type\":\"WebPage\",\"@id\":\"https:\/\/ww16.ce.gov.br\/seplag\/planejamento\/ceara-2050\/diagnostico\/\",\"url\":\"https:\/\/ww16.ce.gov.br\/seplag\/planejamento\/ceara-2050\/diagnostico\/\",\"name\":\"DIAGN\u00d3STICO - Secretaria do Planejamento e Gest\u00e3o\",\"isPartOf\":{\"@id\":\"https:\/\/ww16.ce.gov.br\/seplag\/#website\"},\"datePublished\":\"2020-09-04T18:52:26+00:00\",\"dateModified\":\"2020-09-04T19:06:57+00:00\",\"breadcrumb\":{\"@id\":\"https:\/\/ww16.ce.gov.br\/seplag\/planejamento\/ceara-2050\/diagnostico\/#breadcrumb\"},\"inLanguage\":\"pt-BR\",\"potentialAction\":[{\"@type\":\"ReadAction\",\"target\":[\"https:\/\/ww16.ce.gov.br\/seplag\/planejamento\/ceara-2050\/diagnostico\/\"]}]},{\"@type\":\"BreadcrumbList\",\"@id\":\"https:\/\/ww16.ce.gov.br\/seplag\/planejamento\/ceara-2050\/diagnostico\/#breadcrumb\",\"itemListElement\":[{\"@type\":\"ListItem\",\"position\":1,\"name\":\"In\u00edcio\",\"item\":\"https:\/\/ww16.ce.gov.br\/seplag\/\"},{\"@type\":\"ListItem\",\"position\":2,\"name\":\"Planejamento\",\"item\":\"https:\/\/ww16.ce.gov.br\/seplag\/planejamento\/\"},{\"@type\":\"ListItem\",\"position\":3,\"name\":\"Cear\u00e1 2050\",\"item\":\"https:\/\/ww16.ce.gov.br\/seplag\/planejamento\/ceara-2050\/\"},{\"@type\":\"ListItem\",\"position\":4,\"name\":\"DIAGN\u00d3STICO\"}]},{\"@type\":\"WebSite\",\"@id\":\"https:\/\/ww16.ce.gov.br\/seplag\/#website\",\"url\":\"https:\/\/ww16.ce.gov.br\/seplag\/\",\"name\":\"Secretaria do Planejamento e Gest\u00e3o\",\"description\":\"Secretaria do Planejamento e Gest\u00e3o\",\"publisher\":{\"@id\":\"https:\/\/ww16.ce.gov.br\/seplag\/#organization\"},\"potentialAction\":[{\"@type\":\"SearchAction\",\"target\":{\"@type\":\"EntryPoint\",\"urlTemplate\":\"https:\/\/ww16.ce.gov.br\/seplag\/?s={search_term_string}\"},\"query-input\":{\"@type\":\"PropertyValueSpecification\",\"valueRequired\":true,\"valueName\":\"search_term_string\"}}],\"inLanguage\":\"pt-BR\"},{\"@type\":\"Organization\",\"@id\":\"https:\/\/ww16.ce.gov.br\/seplag\/#organization\",\"name\":\"Secretaria do Planejamento e Gest\u00e3o\",\"url\":\"https:\/\/ww16.ce.gov.br\/seplag\/\",\"logo\":{\"@type\":\"ImageObject\",\"inLanguage\":\"pt-BR\",\"@id\":\"https:\/\/ww16.ce.gov.br\/seplag\/#\/schema\/logo\/image\/\",\"url\":\"http:\/\/ww16.ce.gov.br\/seplag\/wp-content\/uploads\/sites\/14\/2017\/11\/clara-1.png\",\"contentUrl\":\"http:\/\/ww16.ce.gov.br\/seplag\/wp-content\/uploads\/sites\/14\/2017\/11\/clara-1.png\",\"width\":559,\"height\":106,\"caption\":\"Secretaria do Planejamento e Gest\u00e3o\"},\"image\":{\"@id\":\"https:\/\/ww16.ce.gov.br\/seplag\/#\/schema\/logo\/image\/\"}}]}<\/script>\n<!-- \/ Yoast SEO plugin. -->","yoast_head_json":{"title":"DIAGN\u00d3STICO - Secretaria do Planejamento e Gest\u00e3o","robots":{"index":"index","follow":"follow","max-snippet":"max-snippet:-1","max-image-preview":"max-image-preview:large","max-video-preview":"max-video-preview:-1"},"canonical":"https:\/\/ww16.ce.gov.br\/seplag\/planejamento\/ceara-2050\/diagnostico\/","og_locale":"pt_BR","og_type":"article","og_title":"DIAGN\u00d3STICO - Secretaria do Planejamento e Gest\u00e3o","og_description":"PLANEJAMENTO &gt; CEAR\u00c1 2050 Plataforma de Desenvolvimento Cear\u00e1 2050 &nbsp; DIAGN\u00d3STICO \u2022\u00a0 Diagn\u00f3stico Quantitativo \u2022\u00a0 Diagn\u00f3stico Qualitativo &#8211; Tomo I \u2022\u00a0 Diagn\u00f3stico Qualitativo &#8211; Tomo II \u2022\u00a0 Diagn\u00f3stico Qualitativo &#8211; Tomo III \u2022\u00a0\u00a0Diagn\u00f3stico Qualitativo &#8211; Tomo IV \u2022\u00a0 Diagn\u00f3stico Consolidado &nbsp;","og_url":"https:\/\/ww16.ce.gov.br\/seplag\/planejamento\/ceara-2050\/diagnostico\/","og_site_name":"Secretaria do Planejamento e Gest\u00e3o","article_modified_time":"2020-09-04T19:06:57+00:00","twitter_card":"summary_large_image","schema":{"@context":"https:\/\/schema.org","@graph":[{"@type":"WebPage","@id":"https:\/\/ww16.ce.gov.br\/seplag\/planejamento\/ceara-2050\/diagnostico\/","url":"https:\/\/ww16.ce.gov.br\/seplag\/planejamento\/ceara-2050\/diagnostico\/","name":"DIAGN\u00d3STICO - Secretaria do Planejamento e Gest\u00e3o","isPartOf":{"@id":"https:\/\/ww16.ce.gov.br\/seplag\/#website"},"datePublished":"2020-09-04T18:52:26+00:00","dateModified":"2020-09-04T19:06:57+00:00","breadcrumb":{"@id":"https:\/\/ww16.ce.gov.br\/seplag\/planejamento\/ceara-2050\/diagnostico\/#breadcrumb"},"inLanguage":"pt-BR","potentialAction":[{"@type":"ReadAction","target":["https:\/\/ww16.ce.gov.br\/seplag\/planejamento\/ceara-2050\/diagnostico\/"]}]},{"@type":"BreadcrumbList","@id":"https:\/\/ww16.ce.gov.br\/seplag\/planejamento\/ceara-2050\/diagnostico\/#breadcrumb","itemListElement":[{"@type":"ListItem","position":1,"name":"In\u00edcio","item":"https:\/\/ww16.ce.gov.br\/seplag\/"},{"@type":"ListItem","position":2,"name":"Planejamento","item":"https:\/\/ww16.ce.gov.br\/seplag\/planejamento\/"},{"@type":"ListItem","position":3,"name":"Cear\u00e1 2050","item":"https:\/\/ww16.ce.gov.br\/seplag\/planejamento\/ceara-2050\/"},{"@type":"ListItem","position":4,"name":"DIAGN\u00d3STICO"}]},{"@type":"WebSite","@id":"https:\/\/ww16.ce.gov.br\/seplag\/#website","url":"https:\/\/ww16.ce.gov.br\/seplag\/","name":"Secretaria do Planejamento e Gest\u00e3o","description":"Secretaria do Planejamento e Gest\u00e3o","publisher":{"@id":"https:\/\/ww16.ce.gov.br\/seplag\/#organization"},"potentialAction":[{"@type":"SearchAction","target":{"@type":"EntryPoint","urlTemplate":"https:\/\/ww16.ce.gov.br\/seplag\/?s={search_term_string}"},"query-input":{"@type":"PropertyValueSpecification","valueRequired":true,"valueName":"search_term_string"}}],"inLanguage":"pt-BR"},{"@type":"Organization","@id":"https:\/\/ww16.ce.gov.br\/seplag\/#organization","name":"Secretaria do Planejamento e Gest\u00e3o","url":"https:\/\/ww16.ce.gov.br\/seplag\/","logo":{"@type":"ImageObject","inLanguage":"pt-BR","@id":"https:\/\/ww16.ce.gov.br\/seplag\/#\/schema\/logo\/image\/","url":"http:\/\/ww16.ce.gov.br\/seplag\/wp-content\/uploads\/sites\/14\/2017\/11\/clara-1.png","contentUrl":"http:\/\/ww16.ce.gov.br\/seplag\/wp-content\/uploads\/sites\/14\/2017\/11\/clara-1.png","width":559,"height":106,"caption":"Secretaria do Planejamento e Gest\u00e3o"},"image":{"@id":"https:\/\/ww16.ce.gov.br\/seplag\/#\/schema\/logo\/image\/"}}]}},"_links":{"self":[{"href":"https:\/\/ww16.ce.gov.br\/seplag\/wp-json\/wp\/v2\/pages\/76062","targetHints":{"allow":["GET"]}}],"collection":[{"href":"https:\/\/ww16.ce.gov.br\/seplag\/wp-json\/wp\/v2\/pages"}],"about":[{"href":"https:\/\/ww16.ce.gov.br\/seplag\/wp-json\/wp\/v2\/types\/page"}],"author":[{"embeddable":true,"href":"https:\/\/ww16.ce.gov.br\/seplag\/wp-json\/wp\/v2\/users\/68"}],"replies":[{"embeddable":true,"href":"https:\/\/ww16.ce.gov.br\/seplag\/wp-json\/wp\/v2\/comments?post=76062"}],"version-history":[{"count":3,"href":"https:\/\/ww16.ce.gov.br\/seplag\/wp-json\/wp\/v2\/pages\/76062\/revisions"}],"predecessor-version":[{"id":76080,"href":"https:\/\/ww16.ce.gov.br\/seplag\/wp-json\/wp\/v2\/pages\/76062\/revisions\/76080"}],"up":[{"embeddable":true,"href":"https:\/\/ww16.ce.gov.br\/seplag\/wp-json\/wp\/v2\/pages\/75366"}],"wp:attachment":[{"href":"https:\/\/ww16.ce.gov.br\/seplag\/wp-json\/wp\/v2\/media?parent=76062"}],"curies":[{"name":"wp","href":"https:\/\/api.w.org\/{rel}","templated":true}]}}