{"id":75366,"date":"2020-07-16T09:04:36","date_gmt":"2020-07-16T12:04:36","guid":{"rendered":"http:\/\/ww16.ce.gov.br\/seplag\/?page_id=75366"},"modified":"2020-09-08T09:35:20","modified_gmt":"2020-09-08T12:35:20","slug":"ceara-2050","status":"publish","type":"page","link":"https:\/\/ww16.ce.gov.br\/seplag\/planejamento\/ceara-2050\/","title":{"rendered":"Cear\u00e1 2050"},"content":{"rendered":"<p><strong><span style=\"color: #fc6836;font-size: 0.8em\">PLANEJAMENTO<\/span><\/strong><\/p>\n<h2><strong>CEAR\u00c1 2050<\/strong><\/h2>\n<p>&nbsp;<\/p>\n<h3><strong>Plataforma de Desenvolvimento Cear\u00e1 2050<\/strong><\/h3>\n<p>&nbsp;<\/p>\n<ul class=\"ListaEst col1\" style=\"font-weight: bold\">\n<li><a href=\"https:\/\/ww16.ce.gov.br\/seplag\/planejamento\/ceara-2050\/apresentacao\/\">APRESENTA\u00c7\u00c3O<\/a><\/li>\n<li><a href=\"https:\/\/ww16.ce.gov.br\/seplag\/planejamento\/ceara-2050\/diagnostico\/\">DIAGN\u00d3STICO<\/a><\/li>\n<li><a href=\"https:\/\/ww16.ce.gov.br\/seplag\/planejamento\/ceara-2050\/analise-externa-e-construcao-de-cenarios\/\">AN\u00c1LISE EXTERNA E CONSTRU\u00c7\u00c3O DE CEN\u00c1RIOS<\/a><\/li>\n<li><a href=\"https:\/\/ww16.ce.gov.br\/seplag\/planejamento\/ceara-2050\/elaboracao-da-visao-de-futuro-e-objetivos-estrategicos\/\">ELABORA\u00c7\u00c3O DA VIS\u00c3O DE FUTURO E OBJETIVOS ESTRAT\u00c9GICOS<\/a><\/li>\n<li><a href=\"https:\/\/ww16.ce.gov.br\/seplag\/planejamento\/ceara-2050\/concepcao-de-projetos-estrategicos\/\">CONCEP\u00c7\u00c3O DE PROJETOS ESTRAT\u00c9GICOS<\/a><\/li>\n<li><a href=\"https:\/\/ww16.ce.gov.br\/seplag\/planejamento\/ceara-2050\/consolidacao-e-lancamento-do-plano-estrategico-de-desenvolvimento-de-longo-prazo\/\">CONSOLIDA\u00c7\u00c3O E LAN\u00c7AMENTO DO PLANO ESTRAT\u00c9GICO DE DESENVOLVIMENTO DE LONGO PRAZO<\/a><\/li>\n<\/ul>\n<p>&nbsp;<\/p>\n","protected":false},"excerpt":{"rendered":"<p>PLANEJAMENTO CEAR\u00c1 2050 &nbsp; Plataforma de Desenvolvimento Cear\u00e1 2050 &nbsp; APRESENTA\u00c7\u00c3O DIAGN\u00d3STICO AN\u00c1LISE EXTERNA E CONSTRU\u00c7\u00c3O DE CEN\u00c1RIOS ELABORA\u00c7\u00c3O DA VIS\u00c3O DE FUTURO E OBJETIVOS ESTRAT\u00c9GICOS CONCEP\u00c7\u00c3O DE PROJETOS ESTRAT\u00c9GICOS CONSOLIDA\u00c7\u00c3O E LAN\u00c7AMENTO DO PLANO ESTRAT\u00c9GICO DE DESENVOLVIMENTO DE LONGO PRAZO &nbsp;<\/p>\n","protected":false},"author":68,"featured_media":0,"parent":7942,"menu_order":0,"comment_status":"closed","ping_status":"closed","template":"","meta":{"_acf_changed":false,"inline_featured_image":false,"footnotes":""},"class_list":["post-75366","page","type-page","status-publish","hentry"],"acf":[],"yoast_head":"<!-- This site is optimized with the Yoast SEO plugin v26.9 - https:\/\/yoast.com\/product\/yoast-seo-wordpress\/ -->\n<title>Cear\u00e1 2050 - Secretaria do Planejamento e Gest\u00e3o<\/title>\n<meta name=\"robots\" content=\"index, follow, max-snippet:-1, max-image-preview:large, max-video-preview:-1\" \/>\n<link rel=\"canonical\" href=\"https:\/\/ww16.ce.gov.br\/seplag\/planejamento\/ceara-2050\/\" \/>\n<meta property=\"og:locale\" content=\"pt_BR\" \/>\n<meta property=\"og:type\" content=\"article\" \/>\n<meta property=\"og:title\" content=\"Cear\u00e1 2050 - Secretaria do Planejamento e Gest\u00e3o\" \/>\n<meta property=\"og:description\" content=\"PLANEJAMENTO CEAR\u00c1 2050 &nbsp; Plataforma de Desenvolvimento Cear\u00e1 2050 &nbsp; APRESENTA\u00c7\u00c3O DIAGN\u00d3STICO AN\u00c1LISE EXTERNA E CONSTRU\u00c7\u00c3O DE CEN\u00c1RIOS ELABORA\u00c7\u00c3O DA VIS\u00c3O DE FUTURO E OBJETIVOS ESTRAT\u00c9GICOS CONCEP\u00c7\u00c3O DE PROJETOS ESTRAT\u00c9GICOS CONSOLIDA\u00c7\u00c3O E LAN\u00c7AMENTO DO PLANO ESTRAT\u00c9GICO DE DESENVOLVIMENTO DE LONGO PRAZO &nbsp;\" \/>\n<meta property=\"og:url\" content=\"https:\/\/ww16.ce.gov.br\/seplag\/planejamento\/ceara-2050\/\" \/>\n<meta property=\"og:site_name\" content=\"Secretaria do Planejamento e Gest\u00e3o\" \/>\n<meta property=\"article:modified_time\" content=\"2020-09-08T12:35:20+00:00\" \/>\n<meta name=\"twitter:card\" content=\"summary_large_image\" \/>\n<meta name=\"twitter:label1\" content=\"Est. reading time\" \/>\n\t<meta name=\"twitter:data1\" content=\"1 minuto\" \/>\n<script type=\"application\/ld+json\" class=\"yoast-schema-graph\">{\"@context\":\"https:\/\/schema.org\",\"@graph\":[{\"@type\":\"WebPage\",\"@id\":\"https:\/\/ww16.ce.gov.br\/seplag\/planejamento\/ceara-2050\/\",\"url\":\"https:\/\/ww16.ce.gov.br\/seplag\/planejamento\/ceara-2050\/\",\"name\":\"Cear\u00e1 2050 - Secretaria do Planejamento e Gest\u00e3o\",\"isPartOf\":{\"@id\":\"https:\/\/ww16.ce.gov.br\/seplag\/#website\"},\"datePublished\":\"2020-07-16T12:04:36+00:00\",\"dateModified\":\"2020-09-08T12:35:20+00:00\",\"breadcrumb\":{\"@id\":\"https:\/\/ww16.ce.gov.br\/seplag\/planejamento\/ceara-2050\/#breadcrumb\"},\"inLanguage\":\"pt-BR\",\"potentialAction\":[{\"@type\":\"ReadAction\",\"target\":[\"https:\/\/ww16.ce.gov.br\/seplag\/planejamento\/ceara-2050\/\"]}]},{\"@type\":\"BreadcrumbList\",\"@id\":\"https:\/\/ww16.ce.gov.br\/seplag\/planejamento\/ceara-2050\/#breadcrumb\",\"itemListElement\":[{\"@type\":\"ListItem\",\"position\":1,\"name\":\"In\u00edcio\",\"item\":\"https:\/\/ww16.ce.gov.br\/seplag\/\"},{\"@type\":\"ListItem\",\"position\":2,\"name\":\"Planejamento\",\"item\":\"https:\/\/ww16.ce.gov.br\/seplag\/planejamento\/\"},{\"@type\":\"ListItem\",\"position\":3,\"name\":\"Cear\u00e1 2050\"}]},{\"@type\":\"WebSite\",\"@id\":\"https:\/\/ww16.ce.gov.br\/seplag\/#website\",\"url\":\"https:\/\/ww16.ce.gov.br\/seplag\/\",\"name\":\"Secretaria do Planejamento e Gest\u00e3o\",\"description\":\"Secretaria do Planejamento e Gest\u00e3o\",\"publisher\":{\"@id\":\"https:\/\/ww16.ce.gov.br\/seplag\/#organization\"},\"potentialAction\":[{\"@type\":\"SearchAction\",\"target\":{\"@type\":\"EntryPoint\",\"urlTemplate\":\"https:\/\/ww16.ce.gov.br\/seplag\/?s={search_term_string}\"},\"query-input\":{\"@type\":\"PropertyValueSpecification\",\"valueRequired\":true,\"valueName\":\"search_term_string\"}}],\"inLanguage\":\"pt-BR\"},{\"@type\":\"Organization\",\"@id\":\"https:\/\/ww16.ce.gov.br\/seplag\/#organization\",\"name\":\"Secretaria do Planejamento e Gest\u00e3o\",\"url\":\"https:\/\/ww16.ce.gov.br\/seplag\/\",\"logo\":{\"@type\":\"ImageObject\",\"inLanguage\":\"pt-BR\",\"@id\":\"https:\/\/ww16.ce.gov.br\/seplag\/#\/schema\/logo\/image\/\",\"url\":\"http:\/\/ww16.ce.gov.br\/seplag\/wp-content\/uploads\/sites\/14\/2017\/11\/clara-1.png\",\"contentUrl\":\"http:\/\/ww16.ce.gov.br\/seplag\/wp-content\/uploads\/sites\/14\/2017\/11\/clara-1.png\",\"width\":559,\"height\":106,\"caption\":\"Secretaria do Planejamento e Gest\u00e3o\"},\"image\":{\"@id\":\"https:\/\/ww16.ce.gov.br\/seplag\/#\/schema\/logo\/image\/\"}}]}<\/script>\n<!-- \/ Yoast SEO plugin. -->","yoast_head_json":{"title":"Cear\u00e1 2050 - Secretaria do Planejamento e Gest\u00e3o","robots":{"index":"index","follow":"follow","max-snippet":"max-snippet:-1","max-image-preview":"max-image-preview:large","max-video-preview":"max-video-preview:-1"},"canonical":"https:\/\/ww16.ce.gov.br\/seplag\/planejamento\/ceara-2050\/","og_locale":"pt_BR","og_type":"article","og_title":"Cear\u00e1 2050 - Secretaria do Planejamento e Gest\u00e3o","og_description":"PLANEJAMENTO CEAR\u00c1 2050 &nbsp; Plataforma de Desenvolvimento Cear\u00e1 2050 &nbsp; APRESENTA\u00c7\u00c3O DIAGN\u00d3STICO AN\u00c1LISE EXTERNA E CONSTRU\u00c7\u00c3O DE CEN\u00c1RIOS ELABORA\u00c7\u00c3O DA VIS\u00c3O DE FUTURO E OBJETIVOS ESTRAT\u00c9GICOS CONCEP\u00c7\u00c3O DE PROJETOS ESTRAT\u00c9GICOS CONSOLIDA\u00c7\u00c3O E LAN\u00c7AMENTO DO PLANO ESTRAT\u00c9GICO DE DESENVOLVIMENTO DE LONGO PRAZO &nbsp;","og_url":"https:\/\/ww16.ce.gov.br\/seplag\/planejamento\/ceara-2050\/","og_site_name":"Secretaria do Planejamento e Gest\u00e3o","article_modified_time":"2020-09-08T12:35:20+00:00","twitter_card":"summary_large_image","twitter_misc":{"Est. reading time":"1 minuto"},"schema":{"@context":"https:\/\/schema.org","@graph":[{"@type":"WebPage","@id":"https:\/\/ww16.ce.gov.br\/seplag\/planejamento\/ceara-2050\/","url":"https:\/\/ww16.ce.gov.br\/seplag\/planejamento\/ceara-2050\/","name":"Cear\u00e1 2050 - Secretaria do Planejamento e Gest\u00e3o","isPartOf":{"@id":"https:\/\/ww16.ce.gov.br\/seplag\/#website"},"datePublished":"2020-07-16T12:04:36+00:00","dateModified":"2020-09-08T12:35:20+00:00","breadcrumb":{"@id":"https:\/\/ww16.ce.gov.br\/seplag\/planejamento\/ceara-2050\/#breadcrumb"},"inLanguage":"pt-BR","potentialAction":[{"@type":"ReadAction","target":["https:\/\/ww16.ce.gov.br\/seplag\/planejamento\/ceara-2050\/"]}]},{"@type":"BreadcrumbList","@id":"https:\/\/ww16.ce.gov.br\/seplag\/planejamento\/ceara-2050\/#breadcrumb","itemListElement":[{"@type":"ListItem","position":1,"name":"In\u00edcio","item":"https:\/\/ww16.ce.gov.br\/seplag\/"},{"@type":"ListItem","position":2,"name":"Planejamento","item":"https:\/\/ww16.ce.gov.br\/seplag\/planejamento\/"},{"@type":"ListItem","position":3,"name":"Cear\u00e1 2050"}]},{"@type":"WebSite","@id":"https:\/\/ww16.ce.gov.br\/seplag\/#website","url":"https:\/\/ww16.ce.gov.br\/seplag\/","name":"Secretaria do Planejamento e Gest\u00e3o","description":"Secretaria do Planejamento e Gest\u00e3o","publisher":{"@id":"https:\/\/ww16.ce.gov.br\/seplag\/#organization"},"potentialAction":[{"@type":"SearchAction","target":{"@type":"EntryPoint","urlTemplate":"https:\/\/ww16.ce.gov.br\/seplag\/?s={search_term_string}"},"query-input":{"@type":"PropertyValueSpecification","valueRequired":true,"valueName":"search_term_string"}}],"inLanguage":"pt-BR"},{"@type":"Organization","@id":"https:\/\/ww16.ce.gov.br\/seplag\/#organization","name":"Secretaria do Planejamento e Gest\u00e3o","url":"https:\/\/ww16.ce.gov.br\/seplag\/","logo":{"@type":"ImageObject","inLanguage":"pt-BR","@id":"https:\/\/ww16.ce.gov.br\/seplag\/#\/schema\/logo\/image\/","url":"http:\/\/ww16.ce.gov.br\/seplag\/wp-content\/uploads\/sites\/14\/2017\/11\/clara-1.png","contentUrl":"http:\/\/ww16.ce.gov.br\/seplag\/wp-content\/uploads\/sites\/14\/2017\/11\/clara-1.png","width":559,"height":106,"caption":"Secretaria do Planejamento e Gest\u00e3o"},"image":{"@id":"https:\/\/ww16.ce.gov.br\/seplag\/#\/schema\/logo\/image\/"}}]}},"_links":{"self":[{"href":"https:\/\/ww16.ce.gov.br\/seplag\/wp-json\/wp\/v2\/pages\/75366","targetHints":{"allow":["GET"]}}],"collection":[{"href":"https:\/\/ww16.ce.gov.br\/seplag\/wp-json\/wp\/v2\/pages"}],"about":[{"href":"https:\/\/ww16.ce.gov.br\/seplag\/wp-json\/wp\/v2\/types\/page"}],"author":[{"embeddable":true,"href":"https:\/\/ww16.ce.gov.br\/seplag\/wp-json\/wp\/v2\/users\/68"}],"replies":[{"embeddable":true,"href":"https:\/\/ww16.ce.gov.br\/seplag\/wp-json\/wp\/v2\/comments?post=75366"}],"version-history":[{"count":14,"href":"https:\/\/ww16.ce.gov.br\/seplag\/wp-json\/wp\/v2\/pages\/75366\/revisions"}],"predecessor-version":[{"id":76088,"href":"https:\/\/ww16.ce.gov.br\/seplag\/wp-json\/wp\/v2\/pages\/75366\/revisions\/76088"}],"up":[{"embeddable":true,"href":"https:\/\/ww16.ce.gov.br\/seplag\/wp-json\/wp\/v2\/pages\/7942"}],"wp:attachment":[{"href":"https:\/\/ww16.ce.gov.br\/seplag\/wp-json\/wp\/v2\/media?parent=75366"}],"curies":[{"name":"wp","href":"https:\/\/api.w.org\/{rel}","templated":true}]}}