{"id":73543,"date":"2020-01-21T14:30:25","date_gmt":"2020-01-21T17:30:25","guid":{"rendered":"http:\/\/ww16.ce.gov.br\/seplag\/?page_id=73543"},"modified":"2023-09-20T16:06:18","modified_gmt":"2023-09-20T19:06:18","slug":"planejamento-estrategico-de-tic","status":"publish","type":"page","link":"https:\/\/ww16.ce.gov.br\/seplag\/governancatic\/planejamento-estrategico-de-tic\/","title":{"rendered":"Planejamento Estrat\u00e9gico de TIC"},"content":{"rendered":"<ul class=\"CategoriasNoticias\">\n<li><a href=\"https:\/\/ww16.ce.gov.br\/seplag\/governancatic\"><strong>Governan\u00e7a de TIC da Administra\u00e7\u00e3o P\u00fablica Estadual<\/strong><\/a><\/li>\n<\/ul>\n<h3><strong>Planejamento Estrat\u00e9gico de TIC<\/strong><\/h3>\n<p>&nbsp;<\/p>\n<p>A Resolu\u00e7\u00e3o n\u00ba 01, publicada em 09\/08\/2013, determina que todas as \u00e1reas de Tecnologia da Informa\u00e7\u00e3o e Comunica\u00e7\u00e3o &#8211; TIC, setoriais dos \u00f3rg\u00e3os e entidades da Administra\u00e7\u00e3o P\u00fablica Estadual, dever\u00e3o realizar seu planejamento estrat\u00e9gico, enviando c\u00f3pia do seu produto \u00e0 Seplag, revis\u00e1-lo anualmente e realizar acompanhamento quadrimestral de avalia\u00e7\u00e3o junto \u00e0 Seplag, com vistas ao aprimoramento da governan\u00e7a das \u00e1reas de Tecnologia da Informa\u00e7\u00e3o e Comunica\u00e7\u00e3o do Estado.<\/p>\n<p>&nbsp;<\/p>\n<ul class=\"ListaEst -Laranja col1\">\n<li><a href=\"https:\/\/ww16.ce.gov.br\/seplag\/wp-content\/uploads\/sites\/62\/2020\/01\/PETIC-DO-ESTADO_AGO_2018_Atualizado-em-11092019.pdf\" target=\"_blank\" rel=\"noopener\">Plano Estrat\u00e9gico de TIC do Estado do Cear\u00e1 (PETIC CE)<\/a><\/li>\n<li><a href=\"https:\/\/ww16.ce.gov.br\/seplag\/wp-content\/uploads\/sites\/62\/2020\/01\/METODOLOGIA-PETIC_PASSO-A-PASSO.doc\" target=\"_blank\" rel=\"noopener\">Metodologia PETIC para os \u00f3rg\u00e3os setoriais (passo a passo) &#8211; 2019 a 2022<\/a><\/li>\n<li><a href=\"https:\/\/www.appsheet.com\/start\/393f24bc-2753-4029-b9c7-90e254cd5052\" target=\"_blank\" rel=\"noopener\">Acesso ao Sistema de Planejamento Estrat\u00e9gico de TIC &#8211; SisPetic<\/a><\/li>\n<\/ul>\n<p>&nbsp;<\/p>\n","protected":false},"excerpt":{"rendered":"<p>Governan\u00e7a de TIC da Administra\u00e7\u00e3o P\u00fablica Estadual Planejamento Estrat\u00e9gico de TIC &nbsp; A Resolu\u00e7\u00e3o n\u00ba 01, publicada em 09\/08\/2013, determina que todas as \u00e1reas de Tecnologia da Informa\u00e7\u00e3o e Comunica\u00e7\u00e3o &#8211; TIC, setoriais dos \u00f3rg\u00e3os e entidades da Administra\u00e7\u00e3o P\u00fablica Estadual, dever\u00e3o realizar seu planejamento estrat\u00e9gico, enviando c\u00f3pia do seu produto \u00e0 Seplag, revis\u00e1-lo anualmente [&hellip;]<\/p>\n","protected":false},"author":68,"featured_media":0,"parent":71669,"menu_order":0,"comment_status":"closed","ping_status":"closed","template":"","meta":{"_acf_changed":false,"inline_featured_image":false,"footnotes":""},"class_list":["post-73543","page","type-page","status-publish","hentry"],"acf":[],"yoast_head":"<!-- This site is optimized with the Yoast SEO plugin v26.9 - https:\/\/yoast.com\/product\/yoast-seo-wordpress\/ -->\n<title>Planejamento Estrat\u00e9gico de TIC - Secretaria do Planejamento e Gest\u00e3o<\/title>\n<meta name=\"robots\" content=\"index, follow, max-snippet:-1, max-image-preview:large, max-video-preview:-1\" \/>\n<link rel=\"canonical\" href=\"https:\/\/ww16.ce.gov.br\/seplag\/governancatic\/planejamento-estrategico-de-tic\/\" \/>\n<meta property=\"og:locale\" content=\"pt_BR\" \/>\n<meta property=\"og:type\" content=\"article\" \/>\n<meta property=\"og:title\" content=\"Planejamento Estrat\u00e9gico de TIC - Secretaria do Planejamento e Gest\u00e3o\" \/>\n<meta property=\"og:description\" content=\"Governan\u00e7a de TIC da Administra\u00e7\u00e3o P\u00fablica Estadual Planejamento Estrat\u00e9gico de TIC &nbsp; A Resolu\u00e7\u00e3o n\u00ba 01, publicada em 09\/08\/2013, determina que todas as \u00e1reas de Tecnologia da Informa\u00e7\u00e3o e Comunica\u00e7\u00e3o &#8211; TIC, setoriais dos \u00f3rg\u00e3os e entidades da Administra\u00e7\u00e3o P\u00fablica Estadual, dever\u00e3o realizar seu planejamento estrat\u00e9gico, enviando c\u00f3pia do seu produto \u00e0 Seplag, revis\u00e1-lo anualmente [&hellip;]\" \/>\n<meta property=\"og:url\" content=\"https:\/\/ww16.ce.gov.br\/seplag\/governancatic\/planejamento-estrategico-de-tic\/\" \/>\n<meta property=\"og:site_name\" content=\"Secretaria do Planejamento e Gest\u00e3o\" \/>\n<meta property=\"article:modified_time\" content=\"2023-09-20T19:06:18+00:00\" \/>\n<meta name=\"twitter:card\" content=\"summary_large_image\" \/>\n<meta name=\"twitter:label1\" content=\"Est. reading time\" \/>\n\t<meta name=\"twitter:data1\" content=\"1 minuto\" \/>\n<script type=\"application\/ld+json\" class=\"yoast-schema-graph\">{\"@context\":\"https:\/\/schema.org\",\"@graph\":[{\"@type\":\"WebPage\",\"@id\":\"https:\/\/ww16.ce.gov.br\/seplag\/governancatic\/planejamento-estrategico-de-tic\/\",\"url\":\"https:\/\/ww16.ce.gov.br\/seplag\/governancatic\/planejamento-estrategico-de-tic\/\",\"name\":\"Planejamento Estrat\u00e9gico de TIC - Secretaria do Planejamento e Gest\u00e3o\",\"isPartOf\":{\"@id\":\"https:\/\/ww16.ce.gov.br\/seplag\/#website\"},\"datePublished\":\"2020-01-21T17:30:25+00:00\",\"dateModified\":\"2023-09-20T19:06:18+00:00\",\"breadcrumb\":{\"@id\":\"https:\/\/ww16.ce.gov.br\/seplag\/governancatic\/planejamento-estrategico-de-tic\/#breadcrumb\"},\"inLanguage\":\"pt-BR\",\"potentialAction\":[{\"@type\":\"ReadAction\",\"target\":[\"https:\/\/ww16.ce.gov.br\/seplag\/governancatic\/planejamento-estrategico-de-tic\/\"]}]},{\"@type\":\"BreadcrumbList\",\"@id\":\"https:\/\/ww16.ce.gov.br\/seplag\/governancatic\/planejamento-estrategico-de-tic\/#breadcrumb\",\"itemListElement\":[{\"@type\":\"ListItem\",\"position\":1,\"name\":\"In\u00edcio\",\"item\":\"https:\/\/ww16.ce.gov.br\/seplag\/\"},{\"@type\":\"ListItem\",\"position\":2,\"name\":\"Governan\u00e7a de TIC da Administra\u00e7\u00e3o P\u00fablica Estadual\",\"item\":\"https:\/\/ww16.ce.gov.br\/seplag\/governancatic\/\"},{\"@type\":\"ListItem\",\"position\":3,\"name\":\"Planejamento Estrat\u00e9gico de TIC\"}]},{\"@type\":\"WebSite\",\"@id\":\"https:\/\/ww16.ce.gov.br\/seplag\/#website\",\"url\":\"https:\/\/ww16.ce.gov.br\/seplag\/\",\"name\":\"Secretaria do Planejamento e Gest\u00e3o\",\"description\":\"Secretaria do Planejamento e Gest\u00e3o\",\"publisher\":{\"@id\":\"https:\/\/ww16.ce.gov.br\/seplag\/#organization\"},\"potentialAction\":[{\"@type\":\"SearchAction\",\"target\":{\"@type\":\"EntryPoint\",\"urlTemplate\":\"https:\/\/ww16.ce.gov.br\/seplag\/?s={search_term_string}\"},\"query-input\":{\"@type\":\"PropertyValueSpecification\",\"valueRequired\":true,\"valueName\":\"search_term_string\"}}],\"inLanguage\":\"pt-BR\"},{\"@type\":\"Organization\",\"@id\":\"https:\/\/ww16.ce.gov.br\/seplag\/#organization\",\"name\":\"Secretaria do Planejamento e Gest\u00e3o\",\"url\":\"https:\/\/ww16.ce.gov.br\/seplag\/\",\"logo\":{\"@type\":\"ImageObject\",\"inLanguage\":\"pt-BR\",\"@id\":\"https:\/\/ww16.ce.gov.br\/seplag\/#\/schema\/logo\/image\/\",\"url\":\"http:\/\/ww16.ce.gov.br\/seplag\/wp-content\/uploads\/sites\/14\/2017\/11\/clara-1.png\",\"contentUrl\":\"http:\/\/ww16.ce.gov.br\/seplag\/wp-content\/uploads\/sites\/14\/2017\/11\/clara-1.png\",\"width\":559,\"height\":106,\"caption\":\"Secretaria do Planejamento e Gest\u00e3o\"},\"image\":{\"@id\":\"https:\/\/ww16.ce.gov.br\/seplag\/#\/schema\/logo\/image\/\"}}]}<\/script>\n<!-- \/ Yoast SEO plugin. -->","yoast_head_json":{"title":"Planejamento Estrat\u00e9gico de TIC - Secretaria do Planejamento e Gest\u00e3o","robots":{"index":"index","follow":"follow","max-snippet":"max-snippet:-1","max-image-preview":"max-image-preview:large","max-video-preview":"max-video-preview:-1"},"canonical":"https:\/\/ww16.ce.gov.br\/seplag\/governancatic\/planejamento-estrategico-de-tic\/","og_locale":"pt_BR","og_type":"article","og_title":"Planejamento Estrat\u00e9gico de TIC - Secretaria do Planejamento e Gest\u00e3o","og_description":"Governan\u00e7a de TIC da Administra\u00e7\u00e3o P\u00fablica Estadual Planejamento Estrat\u00e9gico de TIC &nbsp; A Resolu\u00e7\u00e3o n\u00ba 01, publicada em 09\/08\/2013, determina que todas as \u00e1reas de Tecnologia da Informa\u00e7\u00e3o e Comunica\u00e7\u00e3o &#8211; TIC, setoriais dos \u00f3rg\u00e3os e entidades da Administra\u00e7\u00e3o P\u00fablica Estadual, dever\u00e3o realizar seu planejamento estrat\u00e9gico, enviando c\u00f3pia do seu produto \u00e0 Seplag, revis\u00e1-lo anualmente [&hellip;]","og_url":"https:\/\/ww16.ce.gov.br\/seplag\/governancatic\/planejamento-estrategico-de-tic\/","og_site_name":"Secretaria do Planejamento e Gest\u00e3o","article_modified_time":"2023-09-20T19:06:18+00:00","twitter_card":"summary_large_image","twitter_misc":{"Est. reading time":"1 minuto"},"schema":{"@context":"https:\/\/schema.org","@graph":[{"@type":"WebPage","@id":"https:\/\/ww16.ce.gov.br\/seplag\/governancatic\/planejamento-estrategico-de-tic\/","url":"https:\/\/ww16.ce.gov.br\/seplag\/governancatic\/planejamento-estrategico-de-tic\/","name":"Planejamento Estrat\u00e9gico de TIC - Secretaria do Planejamento e Gest\u00e3o","isPartOf":{"@id":"https:\/\/ww16.ce.gov.br\/seplag\/#website"},"datePublished":"2020-01-21T17:30:25+00:00","dateModified":"2023-09-20T19:06:18+00:00","breadcrumb":{"@id":"https:\/\/ww16.ce.gov.br\/seplag\/governancatic\/planejamento-estrategico-de-tic\/#breadcrumb"},"inLanguage":"pt-BR","potentialAction":[{"@type":"ReadAction","target":["https:\/\/ww16.ce.gov.br\/seplag\/governancatic\/planejamento-estrategico-de-tic\/"]}]},{"@type":"BreadcrumbList","@id":"https:\/\/ww16.ce.gov.br\/seplag\/governancatic\/planejamento-estrategico-de-tic\/#breadcrumb","itemListElement":[{"@type":"ListItem","position":1,"name":"In\u00edcio","item":"https:\/\/ww16.ce.gov.br\/seplag\/"},{"@type":"ListItem","position":2,"name":"Governan\u00e7a de TIC da Administra\u00e7\u00e3o P\u00fablica Estadual","item":"https:\/\/ww16.ce.gov.br\/seplag\/governancatic\/"},{"@type":"ListItem","position":3,"name":"Planejamento Estrat\u00e9gico de TIC"}]},{"@type":"WebSite","@id":"https:\/\/ww16.ce.gov.br\/seplag\/#website","url":"https:\/\/ww16.ce.gov.br\/seplag\/","name":"Secretaria do Planejamento e Gest\u00e3o","description":"Secretaria do Planejamento e Gest\u00e3o","publisher":{"@id":"https:\/\/ww16.ce.gov.br\/seplag\/#organization"},"potentialAction":[{"@type":"SearchAction","target":{"@type":"EntryPoint","urlTemplate":"https:\/\/ww16.ce.gov.br\/seplag\/?s={search_term_string}"},"query-input":{"@type":"PropertyValueSpecification","valueRequired":true,"valueName":"search_term_string"}}],"inLanguage":"pt-BR"},{"@type":"Organization","@id":"https:\/\/ww16.ce.gov.br\/seplag\/#organization","name":"Secretaria do Planejamento e Gest\u00e3o","url":"https:\/\/ww16.ce.gov.br\/seplag\/","logo":{"@type":"ImageObject","inLanguage":"pt-BR","@id":"https:\/\/ww16.ce.gov.br\/seplag\/#\/schema\/logo\/image\/","url":"http:\/\/ww16.ce.gov.br\/seplag\/wp-content\/uploads\/sites\/14\/2017\/11\/clara-1.png","contentUrl":"http:\/\/ww16.ce.gov.br\/seplag\/wp-content\/uploads\/sites\/14\/2017\/11\/clara-1.png","width":559,"height":106,"caption":"Secretaria do Planejamento e Gest\u00e3o"},"image":{"@id":"https:\/\/ww16.ce.gov.br\/seplag\/#\/schema\/logo\/image\/"}}]}},"_links":{"self":[{"href":"https:\/\/ww16.ce.gov.br\/seplag\/wp-json\/wp\/v2\/pages\/73543","targetHints":{"allow":["GET"]}}],"collection":[{"href":"https:\/\/ww16.ce.gov.br\/seplag\/wp-json\/wp\/v2\/pages"}],"about":[{"href":"https:\/\/ww16.ce.gov.br\/seplag\/wp-json\/wp\/v2\/types\/page"}],"author":[{"embeddable":true,"href":"https:\/\/ww16.ce.gov.br\/seplag\/wp-json\/wp\/v2\/users\/68"}],"replies":[{"embeddable":true,"href":"https:\/\/ww16.ce.gov.br\/seplag\/wp-json\/wp\/v2\/comments?post=73543"}],"version-history":[{"count":19,"href":"https:\/\/ww16.ce.gov.br\/seplag\/wp-json\/wp\/v2\/pages\/73543\/revisions"}],"predecessor-version":[{"id":85334,"href":"https:\/\/ww16.ce.gov.br\/seplag\/wp-json\/wp\/v2\/pages\/73543\/revisions\/85334"}],"up":[{"embeddable":true,"href":"https:\/\/ww16.ce.gov.br\/seplag\/wp-json\/wp\/v2\/pages\/71669"}],"wp:attachment":[{"href":"https:\/\/ww16.ce.gov.br\/seplag\/wp-json\/wp\/v2\/media?parent=73543"}],"curies":[{"name":"wp","href":"https:\/\/api.w.org\/{rel}","templated":true}]}}