{"id":71923,"date":"2019-06-27T17:20:11","date_gmt":"2019-06-27T20:20:11","guid":{"rendered":"http:\/\/ww16.ce.gov.br\/seplag\/?page_id=71923"},"modified":"2024-08-22T13:18:42","modified_gmt":"2024-08-22T16:18:42","slug":"eventos-de-tic","status":"publish","type":"page","link":"https:\/\/ww16.ce.gov.br\/seplag\/governancatic\/eventos-de-tic\/","title":{"rendered":"Eventos de TIC"},"content":{"rendered":"<ul class=\"CategoriasNoticias\">\n<li><a href=\"https:\/\/ww16.ce.gov.br\/seplag\/governancatic\"><strong>Governan\u00e7a de TIC da Administra\u00e7\u00e3o P\u00fablica Estadual<\/strong><\/a><\/li>\n<\/ul>\n<p>&nbsp;<\/p>\n<p>&nbsp;<\/p>\n<h2><strong>Eventos de TIC<\/strong><\/h2>\n<p>&nbsp;<\/p>\n<h3><strong><span style=\"color: #fc6836\">2024<\/span><\/strong><\/h3>\n<p>&nbsp;<\/p>\n<p style=\"padding-left: 40px\"><strong>14\/03\/2024<\/strong> &#8211; Institucionaliza\u00e7\u00e3o da Rede de Transforma\u00e7\u00e3o Digital e apresenta\u00e7\u00e3o da 1\u00aa vers\u00e3o da Pol\u00edtica Corporativa de TIC.<\/p>\n<p style=\"padding-left: 40px\"><strong>\u2022\u00a0 <\/strong><a href=\"https:\/\/ww16.ce.gov.br\/seplag\/wp-content\/uploads\/sites\/62\/2024\/03\/Apresentacao_Institucionalizacao-da-Rede-de-Transformacao-Digital-e-Politica-Corporativa-de-TIC.pdf\" target=\"_blank\" rel=\"noopener\">Apresenta\u00e7\u00e3o_Institucionaliza\u00e7\u00e3o da Rede de Transforma\u00e7\u00e3o Digital e Pol\u00edtica Corporativa de TIC<\/a><\/p>\n<p>&nbsp;<\/p>\n<h3><strong><span style=\"color: #fc6836\">2023<\/span><\/strong><\/h3>\n<p style=\"padding-left: 40px\"><strong>03\/05\/2023<\/strong> &#8211; Acompanhamento das Metas Estrat\u00e9gicas de TIC<\/p>\n<p style=\"padding-left: 40px\"><strong>\u2022\u00a0 <\/strong><a href=\"https:\/\/ww16.ce.gov.br\/seplag\/wp-content\/uploads\/sites\/62\/2023\/05\/Acompanhamento-das-Metas-Estrategicas-de-TIC-para-2023.pdf\" target=\"_blank\" rel=\"noopener\">Apresenta\u00e7\u00e3o do Acompanhamento das Metas Estrat\u00e9gicas de TIC para 2023<\/a>.<\/p>\n<p style=\"padding-left: 40px\"><strong>\u2022\u00a0 <\/strong><a href=\"https:\/\/youtu.be\/ahRjTmD4QE8\" target=\"_blank\" rel=\"noopener\">Reuni\u00e3o de apresenta\u00e7\u00e3o do m\u00f3dulo de Acompanhamento das Metas Estrat\u00e9gicas de TIC para 2023<\/a>.<\/p>\n<p>&nbsp;<\/p>\n<p style=\"padding-left: 40px\"><strong>11\/04\/2023<\/strong>\u00a0&#8211;\u00a0Desafios da gest\u00e3o de seguran\u00e7a da informa\u00e7\u00e3o em 2023<\/p>\n<p style=\"padding-left: 40px\"><strong>\u2022<\/strong>\u00a0 <a href=\"https:\/\/ww16.ce.gov.br\/seplag\/wp-content\/uploads\/sites\/62\/2023\/04\/Apresentacao-Desafios-da-gestao-de-seguranca-da-informacao-em-2023.pdf\" target=\"_blank\" rel=\"noopener\">Apresenta\u00e7\u00e3o &#8211; Desafios da gest\u00e3o de seguran\u00e7a da informa\u00e7\u00e3o em 2023<\/a><\/p>\n<p>&nbsp;<\/p>\n<p style=\"padding-left: 40px\"><strong>04\/04\/2023<\/strong> &#8211; Planejamento de Metas Estrat\u00e9gicas de TIC<\/p>\n<p style=\"padding-left: 40px\"><strong>\u2022\u00a0<\/strong> <a href=\"https:\/\/ww16.ce.gov.br\/seplag\/wp-content\/uploads\/sites\/62\/2023\/04\/Planejamento-das-Metas-Estrategicas-de-TIC-para-2023.pdf\">Apresenta\u00e7\u00e3o do Planejamento das Metas Estrat\u00e9gicas de TIC para 2023<\/a><\/p>\n<p style=\"padding-left: 40px\"><strong>\u2022<\/strong>\u00a0 <a href=\"https:\/\/youtu.be\/ju6yeHFVxpI\" target=\"_blank\" rel=\"noopener\">Reuni\u00e3o de apresenta\u00e7\u00e3o do Planejamento das Metas Estrat\u00e9gicas de TIC para 2023<\/a><\/p>\n<p>&nbsp;<\/p>\n<p><a href=\"\/governancatic\/eventos-de-tic-anos-anteriores\/\"><button>Anos anteriores<\/button><\/a><\/p>\n<p>&nbsp;<\/p>\n<hr \/>\n<h2><b>CE GOV Talks<\/b><\/h2>\n\n<!-- iframe plugin v.6.0 wordpress.org\/plugins\/iframe\/ -->\n<iframe loading=\"lazy\" src=\"https:\/\/docs.google.com\/document\/d\/e\/2PACX-1vQE5zd0ZQUMpHESJxdTFfa4BV4Ln93izfALCdDVmi8wRyGJH__qgWajegHRKWOCRbjDa9atngy2I_39\/pub?embedded=true\" width=\"100%\" height=\"500\" scrolling=\"yes\" class=\"iframe-class\" frameborder=\"0\"><\/iframe>\n\n<hr \/>\n<h2><b>Coget Responde<\/b><\/h2>\n\n<!-- iframe plugin v.6.0 wordpress.org\/plugins\/iframe\/ -->\n<iframe loading=\"lazy\" src=\"https:\/\/docs.google.com\/document\/d\/1he3PZlAHqo4ejdjqdrTN5ZdE9lmN8IkTcnL-ciCUGEo\/pub?embedded=true\" width=\"100%\" height=\"500\" scrolling=\"yes\" class=\"iframe-class\" frameborder=\"0\"><\/iframe>\n\n<p>&nbsp;<\/p>\n","protected":false},"excerpt":{"rendered":"<p>Governan\u00e7a de TIC da Administra\u00e7\u00e3o P\u00fablica Estadual &nbsp; &nbsp; Eventos de TIC &nbsp; 2024 &nbsp; 14\/03\/2024 &#8211; Institucionaliza\u00e7\u00e3o da Rede de Transforma\u00e7\u00e3o Digital e apresenta\u00e7\u00e3o da 1\u00aa vers\u00e3o da Pol\u00edtica Corporativa de TIC. \u2022\u00a0 Apresenta\u00e7\u00e3o_Institucionaliza\u00e7\u00e3o da Rede de Transforma\u00e7\u00e3o Digital e Pol\u00edtica Corporativa de TIC &nbsp; 2023 03\/05\/2023 &#8211; Acompanhamento das Metas Estrat\u00e9gicas de TIC [&hellip;]<\/p>\n","protected":false},"author":68,"featured_media":0,"parent":71669,"menu_order":0,"comment_status":"closed","ping_status":"closed","template":"","meta":{"_acf_changed":false,"inline_featured_image":false,"footnotes":""},"class_list":["post-71923","page","type-page","status-publish","hentry"],"acf":[],"yoast_head":"<!-- This site is optimized with the Yoast SEO plugin v26.9 - https:\/\/yoast.com\/product\/yoast-seo-wordpress\/ -->\n<title>Eventos de TIC - Secretaria do Planejamento e Gest\u00e3o<\/title>\n<meta name=\"robots\" content=\"index, follow, max-snippet:-1, max-image-preview:large, max-video-preview:-1\" \/>\n<link rel=\"canonical\" href=\"https:\/\/ww16.ce.gov.br\/seplag\/governancatic\/eventos-de-tic\/\" \/>\n<meta property=\"og:locale\" content=\"pt_BR\" \/>\n<meta property=\"og:type\" content=\"article\" \/>\n<meta property=\"og:title\" content=\"Eventos de TIC - Secretaria do Planejamento e Gest\u00e3o\" \/>\n<meta property=\"og:description\" content=\"Governan\u00e7a de TIC da Administra\u00e7\u00e3o P\u00fablica Estadual &nbsp; &nbsp; Eventos de TIC &nbsp; 2024 &nbsp; 14\/03\/2024 &#8211; Institucionaliza\u00e7\u00e3o da Rede de Transforma\u00e7\u00e3o Digital e apresenta\u00e7\u00e3o da 1\u00aa vers\u00e3o da Pol\u00edtica Corporativa de TIC. \u2022\u00a0 Apresenta\u00e7\u00e3o_Institucionaliza\u00e7\u00e3o da Rede de Transforma\u00e7\u00e3o Digital e Pol\u00edtica Corporativa de TIC &nbsp; 2023 03\/05\/2023 &#8211; Acompanhamento das Metas Estrat\u00e9gicas de TIC [&hellip;]\" \/>\n<meta property=\"og:url\" content=\"https:\/\/ww16.ce.gov.br\/seplag\/governancatic\/eventos-de-tic\/\" \/>\n<meta property=\"og:site_name\" content=\"Secretaria do Planejamento e Gest\u00e3o\" \/>\n<meta property=\"article:modified_time\" content=\"2024-08-22T16:18:42+00:00\" \/>\n<meta name=\"twitter:card\" content=\"summary_large_image\" \/>\n<meta name=\"twitter:label1\" content=\"Est. reading time\" \/>\n\t<meta name=\"twitter:data1\" content=\"1 minuto\" \/>\n<script type=\"application\/ld+json\" class=\"yoast-schema-graph\">{\"@context\":\"https:\/\/schema.org\",\"@graph\":[{\"@type\":\"WebPage\",\"@id\":\"https:\/\/ww16.ce.gov.br\/seplag\/governancatic\/eventos-de-tic\/\",\"url\":\"https:\/\/ww16.ce.gov.br\/seplag\/governancatic\/eventos-de-tic\/\",\"name\":\"Eventos de TIC - Secretaria do Planejamento e Gest\u00e3o\",\"isPartOf\":{\"@id\":\"https:\/\/ww16.ce.gov.br\/seplag\/#website\"},\"datePublished\":\"2019-06-27T20:20:11+00:00\",\"dateModified\":\"2024-08-22T16:18:42+00:00\",\"breadcrumb\":{\"@id\":\"https:\/\/ww16.ce.gov.br\/seplag\/governancatic\/eventos-de-tic\/#breadcrumb\"},\"inLanguage\":\"pt-BR\",\"potentialAction\":[{\"@type\":\"ReadAction\",\"target\":[\"https:\/\/ww16.ce.gov.br\/seplag\/governancatic\/eventos-de-tic\/\"]}]},{\"@type\":\"BreadcrumbList\",\"@id\":\"https:\/\/ww16.ce.gov.br\/seplag\/governancatic\/eventos-de-tic\/#breadcrumb\",\"itemListElement\":[{\"@type\":\"ListItem\",\"position\":1,\"name\":\"In\u00edcio\",\"item\":\"https:\/\/ww16.ce.gov.br\/seplag\/\"},{\"@type\":\"ListItem\",\"position\":2,\"name\":\"Governan\u00e7a de TIC da Administra\u00e7\u00e3o P\u00fablica Estadual\",\"item\":\"https:\/\/ww16.ce.gov.br\/seplag\/governancatic\/\"},{\"@type\":\"ListItem\",\"position\":3,\"name\":\"Eventos de TIC\"}]},{\"@type\":\"WebSite\",\"@id\":\"https:\/\/ww16.ce.gov.br\/seplag\/#website\",\"url\":\"https:\/\/ww16.ce.gov.br\/seplag\/\",\"name\":\"Secretaria do Planejamento e Gest\u00e3o\",\"description\":\"Secretaria do Planejamento e Gest\u00e3o\",\"publisher\":{\"@id\":\"https:\/\/ww16.ce.gov.br\/seplag\/#organization\"},\"potentialAction\":[{\"@type\":\"SearchAction\",\"target\":{\"@type\":\"EntryPoint\",\"urlTemplate\":\"https:\/\/ww16.ce.gov.br\/seplag\/?s={search_term_string}\"},\"query-input\":{\"@type\":\"PropertyValueSpecification\",\"valueRequired\":true,\"valueName\":\"search_term_string\"}}],\"inLanguage\":\"pt-BR\"},{\"@type\":\"Organization\",\"@id\":\"https:\/\/ww16.ce.gov.br\/seplag\/#organization\",\"name\":\"Secretaria do Planejamento e Gest\u00e3o\",\"url\":\"https:\/\/ww16.ce.gov.br\/seplag\/\",\"logo\":{\"@type\":\"ImageObject\",\"inLanguage\":\"pt-BR\",\"@id\":\"https:\/\/ww16.ce.gov.br\/seplag\/#\/schema\/logo\/image\/\",\"url\":\"http:\/\/ww16.ce.gov.br\/seplag\/wp-content\/uploads\/sites\/14\/2017\/11\/clara-1.png\",\"contentUrl\":\"http:\/\/ww16.ce.gov.br\/seplag\/wp-content\/uploads\/sites\/14\/2017\/11\/clara-1.png\",\"width\":559,\"height\":106,\"caption\":\"Secretaria do Planejamento e Gest\u00e3o\"},\"image\":{\"@id\":\"https:\/\/ww16.ce.gov.br\/seplag\/#\/schema\/logo\/image\/\"}}]}<\/script>\n<!-- \/ Yoast SEO plugin. -->","yoast_head_json":{"title":"Eventos de TIC - Secretaria do Planejamento e Gest\u00e3o","robots":{"index":"index","follow":"follow","max-snippet":"max-snippet:-1","max-image-preview":"max-image-preview:large","max-video-preview":"max-video-preview:-1"},"canonical":"https:\/\/ww16.ce.gov.br\/seplag\/governancatic\/eventos-de-tic\/","og_locale":"pt_BR","og_type":"article","og_title":"Eventos de TIC - Secretaria do Planejamento e Gest\u00e3o","og_description":"Governan\u00e7a de TIC da Administra\u00e7\u00e3o P\u00fablica Estadual &nbsp; &nbsp; Eventos de TIC &nbsp; 2024 &nbsp; 14\/03\/2024 &#8211; Institucionaliza\u00e7\u00e3o da Rede de Transforma\u00e7\u00e3o Digital e apresenta\u00e7\u00e3o da 1\u00aa vers\u00e3o da Pol\u00edtica Corporativa de TIC. \u2022\u00a0 Apresenta\u00e7\u00e3o_Institucionaliza\u00e7\u00e3o da Rede de Transforma\u00e7\u00e3o Digital e Pol\u00edtica Corporativa de TIC &nbsp; 2023 03\/05\/2023 &#8211; Acompanhamento das Metas Estrat\u00e9gicas de TIC [&hellip;]","og_url":"https:\/\/ww16.ce.gov.br\/seplag\/governancatic\/eventos-de-tic\/","og_site_name":"Secretaria do Planejamento e Gest\u00e3o","article_modified_time":"2024-08-22T16:18:42+00:00","twitter_card":"summary_large_image","twitter_misc":{"Est. reading time":"1 minuto"},"schema":{"@context":"https:\/\/schema.org","@graph":[{"@type":"WebPage","@id":"https:\/\/ww16.ce.gov.br\/seplag\/governancatic\/eventos-de-tic\/","url":"https:\/\/ww16.ce.gov.br\/seplag\/governancatic\/eventos-de-tic\/","name":"Eventos de TIC - Secretaria do Planejamento e Gest\u00e3o","isPartOf":{"@id":"https:\/\/ww16.ce.gov.br\/seplag\/#website"},"datePublished":"2019-06-27T20:20:11+00:00","dateModified":"2024-08-22T16:18:42+00:00","breadcrumb":{"@id":"https:\/\/ww16.ce.gov.br\/seplag\/governancatic\/eventos-de-tic\/#breadcrumb"},"inLanguage":"pt-BR","potentialAction":[{"@type":"ReadAction","target":["https:\/\/ww16.ce.gov.br\/seplag\/governancatic\/eventos-de-tic\/"]}]},{"@type":"BreadcrumbList","@id":"https:\/\/ww16.ce.gov.br\/seplag\/governancatic\/eventos-de-tic\/#breadcrumb","itemListElement":[{"@type":"ListItem","position":1,"name":"In\u00edcio","item":"https:\/\/ww16.ce.gov.br\/seplag\/"},{"@type":"ListItem","position":2,"name":"Governan\u00e7a de TIC da Administra\u00e7\u00e3o P\u00fablica Estadual","item":"https:\/\/ww16.ce.gov.br\/seplag\/governancatic\/"},{"@type":"ListItem","position":3,"name":"Eventos de TIC"}]},{"@type":"WebSite","@id":"https:\/\/ww16.ce.gov.br\/seplag\/#website","url":"https:\/\/ww16.ce.gov.br\/seplag\/","name":"Secretaria do Planejamento e Gest\u00e3o","description":"Secretaria do Planejamento e Gest\u00e3o","publisher":{"@id":"https:\/\/ww16.ce.gov.br\/seplag\/#organization"},"potentialAction":[{"@type":"SearchAction","target":{"@type":"EntryPoint","urlTemplate":"https:\/\/ww16.ce.gov.br\/seplag\/?s={search_term_string}"},"query-input":{"@type":"PropertyValueSpecification","valueRequired":true,"valueName":"search_term_string"}}],"inLanguage":"pt-BR"},{"@type":"Organization","@id":"https:\/\/ww16.ce.gov.br\/seplag\/#organization","name":"Secretaria do Planejamento e Gest\u00e3o","url":"https:\/\/ww16.ce.gov.br\/seplag\/","logo":{"@type":"ImageObject","inLanguage":"pt-BR","@id":"https:\/\/ww16.ce.gov.br\/seplag\/#\/schema\/logo\/image\/","url":"http:\/\/ww16.ce.gov.br\/seplag\/wp-content\/uploads\/sites\/14\/2017\/11\/clara-1.png","contentUrl":"http:\/\/ww16.ce.gov.br\/seplag\/wp-content\/uploads\/sites\/14\/2017\/11\/clara-1.png","width":559,"height":106,"caption":"Secretaria do Planejamento e Gest\u00e3o"},"image":{"@id":"https:\/\/ww16.ce.gov.br\/seplag\/#\/schema\/logo\/image\/"}}]}},"_links":{"self":[{"href":"https:\/\/ww16.ce.gov.br\/seplag\/wp-json\/wp\/v2\/pages\/71923","targetHints":{"allow":["GET"]}}],"collection":[{"href":"https:\/\/ww16.ce.gov.br\/seplag\/wp-json\/wp\/v2\/pages"}],"about":[{"href":"https:\/\/ww16.ce.gov.br\/seplag\/wp-json\/wp\/v2\/types\/page"}],"author":[{"embeddable":true,"href":"https:\/\/ww16.ce.gov.br\/seplag\/wp-json\/wp\/v2\/users\/68"}],"replies":[{"embeddable":true,"href":"https:\/\/ww16.ce.gov.br\/seplag\/wp-json\/wp\/v2\/comments?post=71923"}],"version-history":[{"count":90,"href":"https:\/\/ww16.ce.gov.br\/seplag\/wp-json\/wp\/v2\/pages\/71923\/revisions"}],"predecessor-version":[{"id":89458,"href":"https:\/\/ww16.ce.gov.br\/seplag\/wp-json\/wp\/v2\/pages\/71923\/revisions\/89458"}],"up":[{"embeddable":true,"href":"https:\/\/ww16.ce.gov.br\/seplag\/wp-json\/wp\/v2\/pages\/71669"}],"wp:attachment":[{"href":"https:\/\/ww16.ce.gov.br\/seplag\/wp-json\/wp\/v2\/media?parent=71923"}],"curies":[{"name":"wp","href":"https:\/\/api.w.org\/{rel}","templated":true}]}}