{"id":71669,"date":"2019-05-03T16:13:03","date_gmt":"2019-05-03T19:13:03","guid":{"rendered":"http:\/\/ww16.ce.gov.br\/seplag\/?page_id=71669"},"modified":"2024-08-22T13:18:59","modified_gmt":"2024-08-22T16:18:59","slug":"governancatic","status":"publish","type":"page","link":"https:\/\/ww16.ce.gov.br\/seplag\/governancatic\/","title":{"rendered":"Governan\u00e7a de TIC da Administra\u00e7\u00e3o P\u00fablica Estadual"},"content":{"rendered":"<p>&nbsp;<\/p>\n<ul class=\"ListaEst -Laranja col1\" style=\"font-weight: bold\">\n<li><a href=\"https:\/\/ww16.ce.gov.br\/seplag\/governancatic\/modelo-de-governanca-de-tic\/\"><strong>Modelo de Governan\u00e7a de TIC <\/strong><\/a><\/li>\n<li><a href=\"https:\/\/ww16.ce.gov.br\/seplag\/governancatic\/lista-da-rede-de-gestores-de-tic\/\">Lista da Rede de Gestores de TIC<\/a><\/li>\n<li><a href=\"https:\/\/ww16.ce.gov.br\/seplag\/governancatic\/legislacao-politicas-de-tic\/\">Legisla\u00e7\u00e3o\/Pol\u00edticas de TIC<\/a><\/li>\n<li><a href=\"https:\/\/ww16.ce.gov.br\/seplag\/governancatic\/planejamento-estrategico-de-tic\/\">Planejamento Estrat\u00e9gico de TIC<\/a><\/li>\n<li><a href=\"https:\/\/ww16.ce.gov.br\/seplag\/governancatic\/aquisicoes-de-tic\/\"><b>Aquisi\u00e7\u00f5es de TIC<\/b><\/a><\/li>\n<li><a href=\"https:\/\/ww16.ce.gov.br\/seplag\/governancatic\/eventos-de-tic\/\">Eventos de TIC<\/a><\/li>\n<\/ul>\n<p>&nbsp;<\/p>\n","protected":false},"excerpt":{"rendered":"<p>&nbsp; Modelo de Governan\u00e7a de TIC Lista da Rede de Gestores de TIC Legisla\u00e7\u00e3o\/Pol\u00edticas de TIC Planejamento Estrat\u00e9gico de TIC Aquisi\u00e7\u00f5es de TIC Eventos de TIC &nbsp;<\/p>\n","protected":false},"author":68,"featured_media":0,"parent":0,"menu_order":0,"comment_status":"closed","ping_status":"closed","template":"","meta":{"_acf_changed":false,"inline_featured_image":false,"footnotes":""},"class_list":["post-71669","page","type-page","status-publish","hentry"],"acf":[],"yoast_head":"<!-- This site is optimized with the Yoast SEO plugin v26.9 - https:\/\/yoast.com\/product\/yoast-seo-wordpress\/ -->\n<title>Governan\u00e7a de TIC da Administra\u00e7\u00e3o P\u00fablica Estadual - Secretaria do Planejamento e Gest\u00e3o<\/title>\n<meta name=\"robots\" content=\"index, follow, max-snippet:-1, max-image-preview:large, max-video-preview:-1\" \/>\n<link rel=\"canonical\" href=\"https:\/\/ww16.ce.gov.br\/seplag\/governancatic\/\" \/>\n<meta property=\"og:locale\" content=\"pt_BR\" \/>\n<meta property=\"og:type\" content=\"article\" \/>\n<meta property=\"og:title\" content=\"Governan\u00e7a de TIC da Administra\u00e7\u00e3o P\u00fablica Estadual - Secretaria do Planejamento e Gest\u00e3o\" \/>\n<meta property=\"og:description\" content=\"&nbsp; Modelo de Governan\u00e7a de TIC Lista da Rede de Gestores de TIC Legisla\u00e7\u00e3o\/Pol\u00edticas de TIC Planejamento Estrat\u00e9gico de TIC Aquisi\u00e7\u00f5es de TIC Eventos de TIC &nbsp;\" \/>\n<meta property=\"og:url\" content=\"https:\/\/ww16.ce.gov.br\/seplag\/governancatic\/\" \/>\n<meta property=\"og:site_name\" content=\"Secretaria do Planejamento e Gest\u00e3o\" \/>\n<meta property=\"article:modified_time\" content=\"2024-08-22T16:18:59+00:00\" \/>\n<meta name=\"twitter:card\" content=\"summary_large_image\" \/>\n<meta name=\"twitter:label1\" content=\"Est. reading time\" \/>\n\t<meta name=\"twitter:data1\" content=\"1 minuto\" \/>\n<script type=\"application\/ld+json\" class=\"yoast-schema-graph\">{\"@context\":\"https:\/\/schema.org\",\"@graph\":[{\"@type\":\"WebPage\",\"@id\":\"https:\/\/ww16.ce.gov.br\/seplag\/governancatic\/\",\"url\":\"https:\/\/ww16.ce.gov.br\/seplag\/governancatic\/\",\"name\":\"Governan\u00e7a de TIC da Administra\u00e7\u00e3o P\u00fablica Estadual - Secretaria do Planejamento e Gest\u00e3o\",\"isPartOf\":{\"@id\":\"https:\/\/ww16.ce.gov.br\/seplag\/#website\"},\"datePublished\":\"2019-05-03T19:13:03+00:00\",\"dateModified\":\"2024-08-22T16:18:59+00:00\",\"breadcrumb\":{\"@id\":\"https:\/\/ww16.ce.gov.br\/seplag\/governancatic\/#breadcrumb\"},\"inLanguage\":\"pt-BR\",\"potentialAction\":[{\"@type\":\"ReadAction\",\"target\":[\"https:\/\/ww16.ce.gov.br\/seplag\/governancatic\/\"]}]},{\"@type\":\"BreadcrumbList\",\"@id\":\"https:\/\/ww16.ce.gov.br\/seplag\/governancatic\/#breadcrumb\",\"itemListElement\":[{\"@type\":\"ListItem\",\"position\":1,\"name\":\"In\u00edcio\",\"item\":\"https:\/\/ww16.ce.gov.br\/seplag\/\"},{\"@type\":\"ListItem\",\"position\":2,\"name\":\"Governan\u00e7a de TIC da Administra\u00e7\u00e3o P\u00fablica Estadual\"}]},{\"@type\":\"WebSite\",\"@id\":\"https:\/\/ww16.ce.gov.br\/seplag\/#website\",\"url\":\"https:\/\/ww16.ce.gov.br\/seplag\/\",\"name\":\"Secretaria do Planejamento e Gest\u00e3o\",\"description\":\"Secretaria do Planejamento e Gest\u00e3o\",\"publisher\":{\"@id\":\"https:\/\/ww16.ce.gov.br\/seplag\/#organization\"},\"potentialAction\":[{\"@type\":\"SearchAction\",\"target\":{\"@type\":\"EntryPoint\",\"urlTemplate\":\"https:\/\/ww16.ce.gov.br\/seplag\/?s={search_term_string}\"},\"query-input\":{\"@type\":\"PropertyValueSpecification\",\"valueRequired\":true,\"valueName\":\"search_term_string\"}}],\"inLanguage\":\"pt-BR\"},{\"@type\":\"Organization\",\"@id\":\"https:\/\/ww16.ce.gov.br\/seplag\/#organization\",\"name\":\"Secretaria do Planejamento e Gest\u00e3o\",\"url\":\"https:\/\/ww16.ce.gov.br\/seplag\/\",\"logo\":{\"@type\":\"ImageObject\",\"inLanguage\":\"pt-BR\",\"@id\":\"https:\/\/ww16.ce.gov.br\/seplag\/#\/schema\/logo\/image\/\",\"url\":\"http:\/\/ww16.ce.gov.br\/seplag\/wp-content\/uploads\/sites\/14\/2017\/11\/clara-1.png\",\"contentUrl\":\"http:\/\/ww16.ce.gov.br\/seplag\/wp-content\/uploads\/sites\/14\/2017\/11\/clara-1.png\",\"width\":559,\"height\":106,\"caption\":\"Secretaria do Planejamento e Gest\u00e3o\"},\"image\":{\"@id\":\"https:\/\/ww16.ce.gov.br\/seplag\/#\/schema\/logo\/image\/\"}}]}<\/script>\n<!-- \/ Yoast SEO plugin. -->","yoast_head_json":{"title":"Governan\u00e7a de TIC da Administra\u00e7\u00e3o P\u00fablica Estadual - Secretaria do Planejamento e Gest\u00e3o","robots":{"index":"index","follow":"follow","max-snippet":"max-snippet:-1","max-image-preview":"max-image-preview:large","max-video-preview":"max-video-preview:-1"},"canonical":"https:\/\/ww16.ce.gov.br\/seplag\/governancatic\/","og_locale":"pt_BR","og_type":"article","og_title":"Governan\u00e7a de TIC da Administra\u00e7\u00e3o P\u00fablica Estadual - Secretaria do Planejamento e Gest\u00e3o","og_description":"&nbsp; Modelo de Governan\u00e7a de TIC Lista da Rede de Gestores de TIC Legisla\u00e7\u00e3o\/Pol\u00edticas de TIC Planejamento Estrat\u00e9gico de TIC Aquisi\u00e7\u00f5es de TIC Eventos de TIC &nbsp;","og_url":"https:\/\/ww16.ce.gov.br\/seplag\/governancatic\/","og_site_name":"Secretaria do Planejamento e Gest\u00e3o","article_modified_time":"2024-08-22T16:18:59+00:00","twitter_card":"summary_large_image","twitter_misc":{"Est. reading time":"1 minuto"},"schema":{"@context":"https:\/\/schema.org","@graph":[{"@type":"WebPage","@id":"https:\/\/ww16.ce.gov.br\/seplag\/governancatic\/","url":"https:\/\/ww16.ce.gov.br\/seplag\/governancatic\/","name":"Governan\u00e7a de TIC da Administra\u00e7\u00e3o P\u00fablica Estadual - Secretaria do Planejamento e Gest\u00e3o","isPartOf":{"@id":"https:\/\/ww16.ce.gov.br\/seplag\/#website"},"datePublished":"2019-05-03T19:13:03+00:00","dateModified":"2024-08-22T16:18:59+00:00","breadcrumb":{"@id":"https:\/\/ww16.ce.gov.br\/seplag\/governancatic\/#breadcrumb"},"inLanguage":"pt-BR","potentialAction":[{"@type":"ReadAction","target":["https:\/\/ww16.ce.gov.br\/seplag\/governancatic\/"]}]},{"@type":"BreadcrumbList","@id":"https:\/\/ww16.ce.gov.br\/seplag\/governancatic\/#breadcrumb","itemListElement":[{"@type":"ListItem","position":1,"name":"In\u00edcio","item":"https:\/\/ww16.ce.gov.br\/seplag\/"},{"@type":"ListItem","position":2,"name":"Governan\u00e7a de TIC da Administra\u00e7\u00e3o P\u00fablica Estadual"}]},{"@type":"WebSite","@id":"https:\/\/ww16.ce.gov.br\/seplag\/#website","url":"https:\/\/ww16.ce.gov.br\/seplag\/","name":"Secretaria do Planejamento e Gest\u00e3o","description":"Secretaria do Planejamento e Gest\u00e3o","publisher":{"@id":"https:\/\/ww16.ce.gov.br\/seplag\/#organization"},"potentialAction":[{"@type":"SearchAction","target":{"@type":"EntryPoint","urlTemplate":"https:\/\/ww16.ce.gov.br\/seplag\/?s={search_term_string}"},"query-input":{"@type":"PropertyValueSpecification","valueRequired":true,"valueName":"search_term_string"}}],"inLanguage":"pt-BR"},{"@type":"Organization","@id":"https:\/\/ww16.ce.gov.br\/seplag\/#organization","name":"Secretaria do Planejamento e Gest\u00e3o","url":"https:\/\/ww16.ce.gov.br\/seplag\/","logo":{"@type":"ImageObject","inLanguage":"pt-BR","@id":"https:\/\/ww16.ce.gov.br\/seplag\/#\/schema\/logo\/image\/","url":"http:\/\/ww16.ce.gov.br\/seplag\/wp-content\/uploads\/sites\/14\/2017\/11\/clara-1.png","contentUrl":"http:\/\/ww16.ce.gov.br\/seplag\/wp-content\/uploads\/sites\/14\/2017\/11\/clara-1.png","width":559,"height":106,"caption":"Secretaria do Planejamento e Gest\u00e3o"},"image":{"@id":"https:\/\/ww16.ce.gov.br\/seplag\/#\/schema\/logo\/image\/"}}]}},"_links":{"self":[{"href":"https:\/\/ww16.ce.gov.br\/seplag\/wp-json\/wp\/v2\/pages\/71669","targetHints":{"allow":["GET"]}}],"collection":[{"href":"https:\/\/ww16.ce.gov.br\/seplag\/wp-json\/wp\/v2\/pages"}],"about":[{"href":"https:\/\/ww16.ce.gov.br\/seplag\/wp-json\/wp\/v2\/types\/page"}],"author":[{"embeddable":true,"href":"https:\/\/ww16.ce.gov.br\/seplag\/wp-json\/wp\/v2\/users\/68"}],"replies":[{"embeddable":true,"href":"https:\/\/ww16.ce.gov.br\/seplag\/wp-json\/wp\/v2\/comments?post=71669"}],"version-history":[{"count":72,"href":"https:\/\/ww16.ce.gov.br\/seplag\/wp-json\/wp\/v2\/pages\/71669\/revisions"}],"predecessor-version":[{"id":89451,"href":"https:\/\/ww16.ce.gov.br\/seplag\/wp-json\/wp\/v2\/pages\/71669\/revisions\/89451"}],"wp:attachment":[{"href":"https:\/\/ww16.ce.gov.br\/seplag\/wp-json\/wp\/v2\/media?parent=71669"}],"curies":[{"name":"wp","href":"https:\/\/api.w.org\/{rel}","templated":true}]}}