{"id":68722,"date":"2018-03-15T15:16:01","date_gmt":"2018-03-15T18:16:01","guid":{"rendered":"http:\/\/ww16.ce.gov.br\/seplag\/?page_id=68722"},"modified":"2026-04-24T16:03:40","modified_gmt":"2026-04-24T19:03:40","slug":"quem-e-quem","status":"publish","type":"page","link":"https:\/\/ww16.ce.gov.br\/seplag\/institucional\/quem-e-quem\/","title":{"rendered":"Quem \u00e9 Quem"},"content":{"rendered":"<div class=\"secretarios-container\"><div class=\"destaque-governo\" style=\"margin-bottom: 1.25rem;\"><div class=\"perfil-redes-sociais\"><img decoding=\"async\" src=\"https:\/\/ww16.ce.gov.br\/seplag\/wp-content\/uploads\/sites\/62\/2024\/06\/Alexandre-Cialdini.png\" alt=\"Alexandre Sobreira Cialdini\" class=\"governo-foto\"><div class=\"governo-redes-sociais\"><\/div><\/div><div class=\"governo-bio\"><div class=\"governo-orgao\">Secret\u00e1rio do Planejamento e Gest\u00e3o<\/div><h3 class=\"governo-nome\">Alexandre Sobreira Cialdini<\/h3><div class=\"governo-bio-texto\"><p><strong>P\u00f3s-doutor em Administra\u00e7\u00e3o P\u00fablica pelo Instituto Superior de Ci\u00eancias Sociais e Pol\u00edticas (ISCSP) da Universidade de Lisboa (ULisboa), doutor em Administra\u00e7\u00e3o e Pol\u00edticas P\u00fablicas pela mesma institui\u00e7\u00e3o, mestre em Economia pela Universidade Federal do Cear\u00e1 (UFC) e em Planifica\u00e7\u00e3o Territorial e Desenvolvimento Regional pela Universidade de Barcelona. \u00c9 graduado em Ci\u00eancias Econ\u00f4micas pela Universidade de Fortaleza, possui especializa\u00e7\u00e3o em Pol\u00edticas Fiscais, pelo ILPES\/CEPAL (Chile) e p\u00f3s-gradua\u00e7\u00e3o em Ger\u00eancia Avan\u00e7ada de Finan\u00e7as P\u00fablicas, pela Escola Brasileira de Administra\u00e7\u00e3o P\u00fablica e de Empresas (Ebape) da Funda\u00e7\u00e3o Get\u00falio Vargas.<\/strong><\/p>\n<p>\u00c9 auditor fiscal da Secretaria da Fazenda do Cear\u00e1 (Sefaz-CE) e possui larga experi\u00eancia em gest\u00e3o p\u00fablica.<\/p>\n<p>Foi secret\u00e1rio de finan\u00e7as dos munic\u00edpios cearenses de Caucaia (2023-2024) e Eus\u00e9bio (2021-2023). Atuou como secret\u00e1rio de Finan\u00e7as e Planejamento em S\u00e3o Bernardo do Campo (SP) entre 2013 e 2015, em Fortaleza (CE) de 2005 a 2012 e em Aquiraz (CE) de 2001 a 2003. Tamb\u00e9m foi secret\u00e1rio de Finan\u00e7as do Tribunal de Justi\u00e7a do Estado do Cear\u00e1 (2013), superintendente da Controladoria na Sefaz-CE, integrou a equipe de formula\u00e7\u00e3o e acompanhamento da Lei Complementar 123\/2006 (Estatuto da Microempresa), fez parte do Comit\u00ea Gestor do Simples Nacional (2006-2010) e presidiu a Associa\u00e7\u00e3o Brasileira das Secretarias de Finan\u00e7as das Capitais (2010-2012). Atualmente, integra o grupo de trabalho no Programa de Assessoramento T\u00e9cnico \u00e0 Implementa\u00e7\u00e3o da Reforma da Tributa\u00e7\u00e3o sobre o Consumo.<\/p>\n<p>Na \u00e1rea acad\u00eamica, foi professor concursado da Universidade Federal do Cear\u00e1, nas disciplinas de Contabilidade Governamental I e II, Auditoria Governamental e Auditoria Fiscal, al\u00e9m de professor em outras institui\u00e7\u00f5es de ensino superior, ministrando disciplinas na p\u00f3s-gradua\u00e7\u00e3o de Auditoria Fiscal e Governamental, Aspectos tribut\u00e1rios e de arrecada\u00e7\u00e3o, Finan\u00e7as P\u00fablicas, Or\u00e7amento P\u00fablico, Contabilidade Governamental e Lei de Responsabilidade Fiscal. Possui ainda trabalhos acad\u00eamicos publicados por institui\u00e7\u00f5es como Ipea, BID, Pnud, F\u00f3rum das Federa\u00e7\u00f5es e Lincoln Institute of Land Policy, al\u00e9m de ser autor de livros como \u201cA Trajet\u00f3ria da lei de Responsabilidade Fiscal: da Gesta\u00e7\u00e3o \u00e0 Pandemia \u2013 Os Efeitos nos Estados Brasileiros\u201d.<\/p>\n<\/div><\/div><\/div><div class=\"div-listagem-cards-secretarios\"><div class=\"div-lista-cards secretarios-grid\"><\/div><\/div><\/div>\n\n\n<h2 class=\"wp-block-heading\">Secret\u00e1rios Executivos<\/h2>\n\n\n<div class=\"secretarios-container\"><div class=\"destaque-governo\" style=\"margin-bottom: 1.25rem;\"><div class=\"perfil-redes-sociais\"><img decoding=\"async\" src=\"https:\/\/ww16.ce.gov.br\/seplag\/wp-content\/uploads\/sites\/62\/2024\/06\/Secretario-Caio-1.png\" alt=\"Caio Hugo Carvalho Vitor\" class=\"governo-foto\"><div class=\"governo-redes-sociais\"><\/div><\/div><div class=\"governo-bio\"><div class=\"governo-orgao\">Gest\u00e3o de Compras e Patrim\u00f4nio<\/div><h3 class=\"governo-nome\">Caio Hugo Carvalho Vitor<\/h3><div class=\"governo-bio-texto\"><p><strong>Graduado em Ci\u00eancias Cont\u00e1beis, especialista em Compliance e Gest\u00e3o de Riscos e em Contabilidade P\u00fablica e p\u00f3s-graduando em ASG na Gest\u00e3o P\u00fablica.<\/strong><\/p>\n<p>\u00c9 servidor p\u00fablico municipal, possui experi\u00eancia consolidada na administra\u00e7\u00e3o p\u00fablica, com atua\u00e7\u00e3o em \u00e1reas estrat\u00e9gicas da gest\u00e3o governamental, especialmente nos campos da sa\u00fade, finan\u00e7as p\u00fablicas, planejamento e gest\u00e3o patrimonial.<\/p>\n<p>Ao longo de sua trajet\u00f3ria funcional, exerceu os cargos de coordenador administrativo-financeiro da Secretaria Municipal de Sa\u00fade de Aquiraz, secret\u00e1rio municipal de Sa\u00fade de Aquiraz, assessor especial da Secretaria de Finan\u00e7as do Eus\u00e9bio, secret\u00e1rio adjunto de Finan\u00e7as do Eus\u00e9bio e coordenador de Administra\u00e7\u00e3o do Patrim\u00f4nio Im\u00f3vel da Secretaria do Planejamento e Gest\u00e3o do Estado do Cear\u00e1 (Seplag-CE).<\/p>\n<\/div><\/div><\/div><div class=\"destaque-governo layout-alternating\" style=\"margin-bottom: 1.25rem;\"><div class=\"perfil-redes-sociais\"><img decoding=\"async\" src=\"https:\/\/ww16.ce.gov.br\/seplag\/wp-content\/uploads\/sites\/62\/2023\/03\/Secretaria-Naiana-Correa.png\" alt=\"Naiana Corr\u00eaa Lima Peixoto\" class=\"governo-foto\"><div class=\"governo-redes-sociais\"><\/div><\/div><div class=\"governo-bio\"><div class=\"governo-orgao\">Planejamento e Or\u00e7amento<\/div><h3 class=\"governo-nome\">Naiana Corr\u00eaa Lima Peixoto<\/h3><div class=\"governo-bio-texto\"><p><strong>Formada em Ci\u00eancias Cont\u00e1beis pela Universidade Federal do Cear\u00e1, especialista em Finan\u00e7as P\u00fablicas e Direito Tribut\u00e1rio e com Mestrado em Economia do Setor P\u00fablico pelo CAEN\/UFC. Ingressou no servi\u00e7o p\u00fablico, em 2006, como Analista de Planejamento e Or\u00e7amento pela Secretaria do Planejamento e Gest\u00e3o do Estado do Cear\u00e1.<\/strong><\/p>\n<p>Assumiu o cargo de articuladora de or\u00e7amento em 2008 e posteriormente, em 2011, de coordenadora de Planejamento e Or\u00e7amento da Seplag, onde coordenou a elabora\u00e7\u00e3o do Or\u00e7amento do Governo do Estado do Cear\u00e1 at\u00e9 2017. Participou de diversos grupos de trabalho, dentre os quais merece destaque o Grupo T\u00e9cnico Fiscal que assessora o Comit\u00ea de Gest\u00e3o Fiscal e por Resultados (COGERF), nas decis\u00f5es estrat\u00e9gicas, econ\u00f4micas e fiscais. De 2018 a 2021 atuou como secret\u00e1ria de Finan\u00e7as do Minist\u00e9rio P\u00fablico do Estado do Cear\u00e1.<\/p>\n<\/div><\/div><\/div><div class=\"destaque-governo\" style=\"margin-bottom: 1.25rem;\"><div class=\"perfil-redes-sociais\"><img decoding=\"async\" src=\"https:\/\/ww16.ce.gov.br\/seplag\/wp-content\/uploads\/sites\/62\/2024\/07\/Secretario-Garrido-1.png\" alt=\"Jos\u00e9 Garrido Braga Neto\" class=\"governo-foto\"><div class=\"governo-redes-sociais\"><\/div><\/div><div class=\"governo-bio\"><div class=\"governo-orgao\">Gest\u00e3o de Pessoas<\/div><h3 class=\"governo-nome\">Jos\u00e9 Garrido Braga Neto<\/h3><div class=\"governo-bio-texto\"><p><strong>Mestre em Administra\u00e7\u00e3o e Controladoria pela Universidade Federal do Cear\u00e1 (2013), especialista em Contabilidade P\u00fablica pela FA7 (2009) e graduado em Ci\u00eancias Cont\u00e1beis pela Universidade Federal do Cear\u00e1 (2004).<\/strong><\/p>\n<p>\u00c9 auditor fiscal Cont\u00e1bil-Financeiro da Secretaria da Fazenda do Cear\u00e1 (Sefaz-CE), onde ingressou em 2011 e exerceu fun\u00e7\u00f5es como coordenador de Gest\u00e3o Financeira do Governo do Cear\u00e1 (2020\/2023).<\/p>\n<p>Atuou como analista de Controle Externo do Tribunal de Contas do Estado do Cear\u00e1 (TCE-CE), ocupando a fun\u00e7\u00e3o de coordenador da Comiss\u00e3o de Auditoria do Projeto SWAp II \u2013 Bird (2009\/2011); foi analista do Tesouro Estadual na Secretaria da Fazenda do Estado do Piau\u00ed (2008\/2009); e assessor t\u00e9cnico na Secretaria de Finan\u00e7as de Fortaleza (2005\/2007).<\/p>\n<p>Possui experi\u00eancia no setor privado e em \u00e1reas como Administra\u00e7\u00e3o, com \u00eanfase em Controle Interno e Externo; Contabilidade P\u00fablica; Or\u00e7amento e Finan\u00e7as P\u00fablicas; e Lei de Responsabilidade Fiscal (LRF).<\/p>\n<\/div><\/div><\/div><div class=\"destaque-governo layout-alternating\" style=\"margin-bottom: 1.25rem;\"><div class=\"perfil-redes-sociais\"><img decoding=\"async\" src=\"https:\/\/ww16.ce.gov.br\/seplag\/wp-content\/uploads\/sites\/62\/2025\/07\/Secretario-Daniel-Bentes.png\" alt=\"Daniel de Carvalho Bentes\" class=\"governo-foto\"><div class=\"governo-redes-sociais\"><\/div><\/div><div class=\"governo-bio\"><div class=\"governo-orgao\">Moderniza\u00e7\u00e3o e Governo Digital<\/div><h3 class=\"governo-nome\">Daniel de Carvalho Bentes<\/h3><div class=\"governo-bio-texto\"><p><strong>Economista formado pela Universidade de Fortaleza, com especializa\u00e7\u00e3o em Gest\u00e3o Fiscal e Tribut\u00e1ria pela Faveni. Mestre em Administra\u00e7\u00e3o pela Universidade Estadual do Cear\u00e1 e doutorando em Inform\u00e1tica Aplicada pela Universidade de Fortaleza.<\/strong><\/p>\n<p>Profissional com mais de 24 anos de experi\u00eancia no mercado corporativo, atuando nas \u00e1reas de gest\u00e3o, finan\u00e7as, planejamento estrat\u00e9gico, lideran\u00e7a de equipes e gerenciamento de projetos. Participa como pesquisador em iniciativas voltadas ao marketing, gest\u00e3o e tecnologia.<\/p>\n<p>Foi professor nos cursos de gradua\u00e7\u00e3o da Universidade de Fortaleza e, atualmente, leciona em programas de MBA em Ci\u00eancia de Dados na Unichristus e na Universidade de Fortaleza. Atuou na administra\u00e7\u00e3o p\u00fablica como gestor da \u00e1rea de arrecada\u00e7\u00e3o de tributos na Secretaria de Finan\u00e7as do munic\u00edpio de Eus\u00e9bio. Possui mais de 10 anos de experi\u00eancia em projetos de ci\u00eancia de dados no\u00a0setor\u00a0privado.<\/p>\n<\/div><\/div><\/div><div class=\"destaque-governo\" style=\"margin-bottom: 1.25rem;\"><div class=\"perfil-redes-sociais\"><img decoding=\"async\" src=\"https:\/\/ww16.ce.gov.br\/seplag\/wp-content\/uploads\/sites\/62\/2025\/09\/Secretaria-Rejane.png\" alt=\"Francisca Rejane Araujo Felipe Pessoa de Albuquerque\" class=\"governo-foto\"><div class=\"governo-redes-sociais\"><\/div><\/div><div class=\"governo-bio\"><div class=\"governo-orgao\">Planejamento e Gest\u00e3o Interna<\/div><h3 class=\"governo-nome\">Francisca Rejane Araujo Felipe Pessoa de Albuquerque<\/h3><div class=\"governo-bio-texto\"><p><strong>Mestre em Economia do Setor P\u00fablico pela Universidade Federal do Cear\u00e1 (2011), especialista em Ger\u00eancia de Recursos Humanos pela Universidade Estadual do Cear\u00e1 (1998) e graduada em Administra\u00e7\u00e3o de Empresas pela Universidade de Fortaleza (1982).<\/strong><\/p>\n<p>\u00c9 auditora fiscal da Secretaria da Fazenda do Cear\u00e1 (Sefaz-CE), onde ingressou em 1994.\u00a0 Exerceu a fun\u00e7\u00e3o de orientadora de C\u00e9lula da Controladoria. Na oportunidade, auditou \u00f3rg\u00e3os e entidades da administra\u00e7\u00e3o p\u00fablica estadual nas \u00e1reas de gest\u00e3o, material e patrim\u00f4nio, recursos humanos, conv\u00eanios e processos licitat\u00f3rios.<\/p>\n<p>Participou da lideran\u00e7a do projeto de implanta\u00e7\u00e3o da Corregedoria e do Conselho de \u00c9tica da Sefaz.<\/p>\n<p>Capacitou servidores p\u00fablicos na \u00e1rea de direito administrativo, licita\u00e7\u00f5es e contratos, auditoria interna e intelig\u00eancia emocional.<\/p>\n<p>Na Secretaria da Controladoria, atual CGE, ocupou, em 2003, a fun\u00e7\u00e3o de coordenadora da Auditoria de Gest\u00e3o.<\/p>\n<p>Reestruturou a Auditoria Interna do Tribunal de Justi\u00e7a do Estado do Cear\u00e1, exercendo a fun\u00e7\u00e3o de auditora chefe de 2006 a 2009. Ocupou ainda a fun\u00e7\u00e3o de diretora executiva do Fundo de Reaparelhamento e Moderniza\u00e7\u00e3o do Poder Judici\u00e1rio (Fermoju) e de coordenadora da Receita na Secretaria de Finan\u00e7as do Tribunal de Justi\u00e7a do Cear\u00e1, onde implantou a Comiss\u00e3o de Monitoramento das Serventias Judiciais e Extrajudiciais de 2012 a 2016.<\/p>\n<p>Atuou na Secretaria de Finan\u00e7as da Prefeitura de Fortaleza, na fun\u00e7\u00e3o de assessora do Secret\u00e1rio de Finan\u00e7as, em 2009.<\/p>\n<p>H\u00e1 28 anos \u00e9 volunt\u00e1ria no Centro de Valoriza\u00e7\u00e3o da Vida (CVV), exercendo um trabalho de apoio emocional, voltado \u00e0 preven\u00e7\u00e3o ao suic\u00eddio.<\/p>\n<\/div><\/div><\/div><div class=\"div-listagem-cards-secretarios\"><div class=\"div-lista-cards secretarios-grid\"><\/div><\/div><\/div>","protected":false},"excerpt":{"rendered":"<p>Secret\u00e1rios Executivos<\/p>\n","protected":false},"author":12,"featured_media":0,"parent":97634,"menu_order":0,"comment_status":"closed","ping_status":"closed","template":"page-secretarios.php","meta":{"_acf_changed":false,"inline_featured_image":false,"footnotes":""},"class_list":["post-68722","page","type-page","status-publish","hentry"],"acf":[],"yoast_head":"<!-- This site is optimized with the Yoast SEO plugin v26.9 - https:\/\/yoast.com\/product\/yoast-seo-wordpress\/ -->\n<title>Quem \u00e9 Quem - Secretaria do Planejamento e Gest\u00e3o<\/title>\n<meta name=\"robots\" content=\"index, follow, max-snippet:-1, max-image-preview:large, max-video-preview:-1\" \/>\n<link rel=\"canonical\" href=\"https:\/\/ww16.ce.gov.br\/seplag\/institucional\/quem-e-quem\/\" \/>\n<meta property=\"og:locale\" content=\"pt_BR\" \/>\n<meta property=\"og:type\" content=\"article\" \/>\n<meta property=\"og:title\" content=\"Quem \u00e9 Quem - Secretaria do Planejamento e Gest\u00e3o\" \/>\n<meta property=\"og:description\" content=\"Secret\u00e1rios Executivos\" \/>\n<meta property=\"og:url\" content=\"https:\/\/ww16.ce.gov.br\/seplag\/institucional\/quem-e-quem\/\" \/>\n<meta property=\"og:site_name\" content=\"Secretaria do Planejamento e Gest\u00e3o\" \/>\n<meta property=\"article:modified_time\" content=\"2026-04-24T19:03:40+00:00\" \/>\n<meta name=\"twitter:card\" content=\"summary_large_image\" \/>\n<meta name=\"twitter:label1\" content=\"Est. reading time\" \/>\n\t<meta name=\"twitter:data1\" content=\"1 minuto\" \/>\n<script type=\"application\/ld+json\" class=\"yoast-schema-graph\">{\"@context\":\"https:\/\/schema.org\",\"@graph\":[{\"@type\":\"WebPage\",\"@id\":\"https:\/\/ww16.ce.gov.br\/seplag\/institucional\/quem-e-quem\/\",\"url\":\"https:\/\/ww16.ce.gov.br\/seplag\/institucional\/quem-e-quem\/\",\"name\":\"Quem \u00e9 Quem - Secretaria do Planejamento e Gest\u00e3o\",\"isPartOf\":{\"@id\":\"https:\/\/ww16.ce.gov.br\/seplag\/#website\"},\"datePublished\":\"2018-03-15T18:16:01+00:00\",\"dateModified\":\"2026-04-24T19:03:40+00:00\",\"breadcrumb\":{\"@id\":\"https:\/\/ww16.ce.gov.br\/seplag\/institucional\/quem-e-quem\/#breadcrumb\"},\"inLanguage\":\"pt-BR\",\"potentialAction\":[{\"@type\":\"ReadAction\",\"target\":[\"https:\/\/ww16.ce.gov.br\/seplag\/institucional\/quem-e-quem\/\"]}]},{\"@type\":\"BreadcrumbList\",\"@id\":\"https:\/\/ww16.ce.gov.br\/seplag\/institucional\/quem-e-quem\/#breadcrumb\",\"itemListElement\":[{\"@type\":\"ListItem\",\"position\":1,\"name\":\"In\u00edcio\",\"item\":\"https:\/\/ww16.ce.gov.br\/seplag\/\"},{\"@type\":\"ListItem\",\"position\":2,\"name\":\"Institucional\",\"item\":\"https:\/\/ww16.ce.gov.br\/seplag\/institucional\/\"},{\"@type\":\"ListItem\",\"position\":3,\"name\":\"Quem \u00e9 Quem\"}]},{\"@type\":\"WebSite\",\"@id\":\"https:\/\/ww16.ce.gov.br\/seplag\/#website\",\"url\":\"https:\/\/ww16.ce.gov.br\/seplag\/\",\"name\":\"Secretaria do Planejamento e Gest\u00e3o\",\"description\":\"Secretaria do Planejamento e Gest\u00e3o\",\"publisher\":{\"@id\":\"https:\/\/ww16.ce.gov.br\/seplag\/#organization\"},\"potentialAction\":[{\"@type\":\"SearchAction\",\"target\":{\"@type\":\"EntryPoint\",\"urlTemplate\":\"https:\/\/ww16.ce.gov.br\/seplag\/?s={search_term_string}\"},\"query-input\":{\"@type\":\"PropertyValueSpecification\",\"valueRequired\":true,\"valueName\":\"search_term_string\"}}],\"inLanguage\":\"pt-BR\"},{\"@type\":\"Organization\",\"@id\":\"https:\/\/ww16.ce.gov.br\/seplag\/#organization\",\"name\":\"Secretaria do Planejamento e Gest\u00e3o\",\"url\":\"https:\/\/ww16.ce.gov.br\/seplag\/\",\"logo\":{\"@type\":\"ImageObject\",\"inLanguage\":\"pt-BR\",\"@id\":\"https:\/\/ww16.ce.gov.br\/seplag\/#\/schema\/logo\/image\/\",\"url\":\"http:\/\/ww16.ce.gov.br\/seplag\/wp-content\/uploads\/sites\/14\/2017\/11\/clara-1.png\",\"contentUrl\":\"http:\/\/ww16.ce.gov.br\/seplag\/wp-content\/uploads\/sites\/14\/2017\/11\/clara-1.png\",\"width\":559,\"height\":106,\"caption\":\"Secretaria do Planejamento e Gest\u00e3o\"},\"image\":{\"@id\":\"https:\/\/ww16.ce.gov.br\/seplag\/#\/schema\/logo\/image\/\"}}]}<\/script>\n<!-- \/ Yoast SEO plugin. -->","yoast_head_json":{"title":"Quem \u00e9 Quem - Secretaria do Planejamento e Gest\u00e3o","robots":{"index":"index","follow":"follow","max-snippet":"max-snippet:-1","max-image-preview":"max-image-preview:large","max-video-preview":"max-video-preview:-1"},"canonical":"https:\/\/ww16.ce.gov.br\/seplag\/institucional\/quem-e-quem\/","og_locale":"pt_BR","og_type":"article","og_title":"Quem \u00e9 Quem - Secretaria do Planejamento e Gest\u00e3o","og_description":"Secret\u00e1rios Executivos","og_url":"https:\/\/ww16.ce.gov.br\/seplag\/institucional\/quem-e-quem\/","og_site_name":"Secretaria do Planejamento e Gest\u00e3o","article_modified_time":"2026-04-24T19:03:40+00:00","twitter_card":"summary_large_image","twitter_misc":{"Est. reading time":"1 minuto"},"schema":{"@context":"https:\/\/schema.org","@graph":[{"@type":"WebPage","@id":"https:\/\/ww16.ce.gov.br\/seplag\/institucional\/quem-e-quem\/","url":"https:\/\/ww16.ce.gov.br\/seplag\/institucional\/quem-e-quem\/","name":"Quem \u00e9 Quem - Secretaria do Planejamento e Gest\u00e3o","isPartOf":{"@id":"https:\/\/ww16.ce.gov.br\/seplag\/#website"},"datePublished":"2018-03-15T18:16:01+00:00","dateModified":"2026-04-24T19:03:40+00:00","breadcrumb":{"@id":"https:\/\/ww16.ce.gov.br\/seplag\/institucional\/quem-e-quem\/#breadcrumb"},"inLanguage":"pt-BR","potentialAction":[{"@type":"ReadAction","target":["https:\/\/ww16.ce.gov.br\/seplag\/institucional\/quem-e-quem\/"]}]},{"@type":"BreadcrumbList","@id":"https:\/\/ww16.ce.gov.br\/seplag\/institucional\/quem-e-quem\/#breadcrumb","itemListElement":[{"@type":"ListItem","position":1,"name":"In\u00edcio","item":"https:\/\/ww16.ce.gov.br\/seplag\/"},{"@type":"ListItem","position":2,"name":"Institucional","item":"https:\/\/ww16.ce.gov.br\/seplag\/institucional\/"},{"@type":"ListItem","position":3,"name":"Quem \u00e9 Quem"}]},{"@type":"WebSite","@id":"https:\/\/ww16.ce.gov.br\/seplag\/#website","url":"https:\/\/ww16.ce.gov.br\/seplag\/","name":"Secretaria do Planejamento e Gest\u00e3o","description":"Secretaria do Planejamento e Gest\u00e3o","publisher":{"@id":"https:\/\/ww16.ce.gov.br\/seplag\/#organization"},"potentialAction":[{"@type":"SearchAction","target":{"@type":"EntryPoint","urlTemplate":"https:\/\/ww16.ce.gov.br\/seplag\/?s={search_term_string}"},"query-input":{"@type":"PropertyValueSpecification","valueRequired":true,"valueName":"search_term_string"}}],"inLanguage":"pt-BR"},{"@type":"Organization","@id":"https:\/\/ww16.ce.gov.br\/seplag\/#organization","name":"Secretaria do Planejamento e Gest\u00e3o","url":"https:\/\/ww16.ce.gov.br\/seplag\/","logo":{"@type":"ImageObject","inLanguage":"pt-BR","@id":"https:\/\/ww16.ce.gov.br\/seplag\/#\/schema\/logo\/image\/","url":"http:\/\/ww16.ce.gov.br\/seplag\/wp-content\/uploads\/sites\/14\/2017\/11\/clara-1.png","contentUrl":"http:\/\/ww16.ce.gov.br\/seplag\/wp-content\/uploads\/sites\/14\/2017\/11\/clara-1.png","width":559,"height":106,"caption":"Secretaria do Planejamento e Gest\u00e3o"},"image":{"@id":"https:\/\/ww16.ce.gov.br\/seplag\/#\/schema\/logo\/image\/"}}]}},"_links":{"self":[{"href":"https:\/\/ww16.ce.gov.br\/seplag\/wp-json\/wp\/v2\/pages\/68722","targetHints":{"allow":["GET"]}}],"collection":[{"href":"https:\/\/ww16.ce.gov.br\/seplag\/wp-json\/wp\/v2\/pages"}],"about":[{"href":"https:\/\/ww16.ce.gov.br\/seplag\/wp-json\/wp\/v2\/types\/page"}],"author":[{"embeddable":true,"href":"https:\/\/ww16.ce.gov.br\/seplag\/wp-json\/wp\/v2\/users\/12"}],"replies":[{"embeddable":true,"href":"https:\/\/ww16.ce.gov.br\/seplag\/wp-json\/wp\/v2\/comments?post=68722"}],"version-history":[{"count":64,"href":"https:\/\/ww16.ce.gov.br\/seplag\/wp-json\/wp\/v2\/pages\/68722\/revisions"}],"predecessor-version":[{"id":97242,"href":"https:\/\/ww16.ce.gov.br\/seplag\/wp-json\/wp\/v2\/pages\/68722\/revisions\/97242"}],"up":[{"embeddable":true,"href":"https:\/\/ww16.ce.gov.br\/seplag\/wp-json\/wp\/v2\/pages\/97634"}],"wp:attachment":[{"href":"https:\/\/ww16.ce.gov.br\/seplag\/wp-json\/wp\/v2\/media?parent=68722"}],"curies":[{"name":"wp","href":"https:\/\/api.w.org\/{rel}","templated":true}]}}