{"id":67411,"date":"2018-02-16T16:02:14","date_gmt":"2018-02-16T19:02:14","guid":{"rendered":"http:\/\/ww16.ce.gov.br\/seplag\/?page_id=67411"},"modified":"2026-05-08T09:29:19","modified_gmt":"2026-05-08T12:29:19","slug":"servicos","status":"publish","type":"page","link":"https:\/\/ww16.ce.gov.br\/seplag\/servicos\/","title":{"rendered":"SERVI\u00c7OS"},"content":{"rendered":"\n<ul class=\"wp-block-list\">\n<li><a href=\"\/seplag\/servicos\/lgpd\/\">LGPD &#8211; Lei Geral de Prote\u00e7\u00e3o de Dados<\/a><\/li>\n\n\n\n<li><a href=\"https:\/\/ww16.ce.gov.br\/seplag\/servicos\/gestao-de-abastecimento-e-manutencao-leve-veicular\/\">Gest\u00e3o de Abastecimento e Manuten\u00e7\u00e3o Leve Veicular<\/a><\/li>\n\n\n\n<li><a href=\"https:\/\/cartadeservicos.ce.gov.br\/ConsultaCesec\/pg_cs_servico.aspx\" target=\"_blank\" rel=\"noreferrer noopener\">Carta de Servi\u00e7os do Cidad\u00e3o<\/a><\/li>\n\n\n\n<li><a href=\"\/seplag\/servicos\/acesso-a-sistemas\/\">Acesso a Sistemas<\/a><\/li>\n\n\n\n<li><a href=\"https:\/\/webapps.seplag.ce.gov.br\/cviproc\/index.html\" target=\"_blank\" rel=\"noreferrer noopener\">Acompanhamento de Processos &#8211; VIPROC<\/a><\/li>\n\n\n\n<li><a href=\"https:\/\/s2gpr.sefaz.ce.gov.br\/licita-web\/paginas\/licita\/PublicacaoList.seam\" target=\"_blank\" rel=\"noreferrer noopener\">Consulta \u00e0s Licita\u00e7\u00f5es Publicadas<\/a><\/li>\n\n\n\n<li><a href=\"https:\/\/suite.ce.gov.br\/\" target=\"_blank\" rel=\"noreferrer noopener\">Acompanhamento de Processos &#8211; SUITE<\/a><\/li>\n\n\n\n<li><a href=\"https:\/\/webapps.seplag.ce.gov.br\/cac\/pages\/formulario\/aceitarTermos.seam\" target=\"_blank\" rel=\"noreferrer noopener\">Certid\u00e3o de Acumula\u00e7\u00e3o de Cargos<\/a><\/li>\n\n\n\n<li><a href=\"https:\/\/www.casacivil.ce.gov.br\/diario-oficial\/\" target=\"_blank\" rel=\"noreferrer noopener\">Di\u00e1rio Oficial<\/a><\/li>\n\n\n\n<li><a href=\"https:\/\/s2gpr.sefaz.ce.gov.br\/licita-web\/paginas\/licita\/PublicacaoList.seam\" target=\"_blank\" rel=\"noreferrer noopener\">Licita\u00e7\u00f5es<\/a><\/li>\n\n\n\n<li><a href=\"\/seplag\/material-tecnico\/\">Material T\u00e9cnico<\/a><\/li>\n\n\n\n<li><a href=\"\/seplag\/material-tecnico\/\">Manuais da SEPLAG<\/a><\/li>\n\n\n\n<li><a href=\"https:\/\/sou.cge.ce.gov.br\/inicialPublico.seam\" target=\"_blank\" rel=\"noreferrer noopener\">Ouvidoria<\/a><\/li>\n\n\n\n<li><a href=\"\/seplag\/wp-content\/uploads\/sites\/62\/2020\/04\/boas-praticas-em-reunioes-virtuais-de-trabalho.pdf\" target=\"_blank\" rel=\"noreferrer noopener\">Boas Pr\u00e1ticas em Reuni\u00f5es Virtuais de Trabalho<\/a><\/li>\n\n\n\n<li><a href=\"https:\/\/www.portalcompras.ce.gov.br\/compras\/menu-registro-de-precos\/\" target=\"_blank\" rel=\"noreferrer noopener\">Registro de Pre\u00e7os<\/a><\/li>\n\n\n\n<li><a href=\"\/seplag\/servicos\/servidor-online\/\">Servidor Online<\/a><\/li>\n\n\n\n<li><a href=\"\/seplag\/institucional\/telefones\/\">Telefones<\/a><\/li>\n\n\n\n<li><a href=\"https:\/\/webapps.seplag.ce.gov.br\/\/cac\/validacao\/validarCertidao.seam\" target=\"_blank\" rel=\"noreferrer noopener\">Valida\u00e7\u00e3o de Certid\u00e3o<\/a><\/li>\n\n\n\n<li><a href=\"\/seplag\/servicos\/rotas\/\">Rotas<\/a><\/li>\n<\/ul>\n","protected":false},"excerpt":{"rendered":"","protected":false},"author":12,"featured_media":0,"parent":0,"menu_order":0,"comment_status":"closed","ping_status":"closed","template":"","meta":{"_acf_changed":false,"inline_featured_image":false,"footnotes":""},"class_list":["post-67411","page","type-page","status-publish","hentry"],"acf":[],"yoast_head":"<!-- This site is optimized with the Yoast SEO plugin v26.9 - https:\/\/yoast.com\/product\/yoast-seo-wordpress\/ -->\n<title>SERVI\u00c7OS - Secretaria do Planejamento e Gest\u00e3o<\/title>\n<meta name=\"robots\" content=\"index, follow, max-snippet:-1, max-image-preview:large, max-video-preview:-1\" \/>\n<link rel=\"canonical\" href=\"https:\/\/ww16.ce.gov.br\/seplag\/servicos\/\" \/>\n<meta property=\"og:locale\" content=\"pt_BR\" \/>\n<meta property=\"og:type\" content=\"article\" \/>\n<meta property=\"og:title\" content=\"SERVI\u00c7OS - Secretaria do Planejamento e Gest\u00e3o\" \/>\n<meta property=\"og:url\" content=\"https:\/\/ww16.ce.gov.br\/seplag\/servicos\/\" \/>\n<meta property=\"og:site_name\" content=\"Secretaria do Planejamento e Gest\u00e3o\" \/>\n<meta property=\"article:modified_time\" content=\"2026-05-08T12:29:19+00:00\" \/>\n<meta name=\"twitter:card\" content=\"summary_large_image\" \/>\n<meta name=\"twitter:label1\" content=\"Est. reading time\" \/>\n\t<meta name=\"twitter:data1\" content=\"1 minuto\" \/>\n<script type=\"application\/ld+json\" class=\"yoast-schema-graph\">{\"@context\":\"https:\/\/schema.org\",\"@graph\":[{\"@type\":\"WebPage\",\"@id\":\"https:\/\/ww16.ce.gov.br\/seplag\/servicos\/\",\"url\":\"https:\/\/ww16.ce.gov.br\/seplag\/servicos\/\",\"name\":\"SERVI\u00c7OS - Secretaria do Planejamento e Gest\u00e3o\",\"isPartOf\":{\"@id\":\"https:\/\/ww16.ce.gov.br\/seplag\/#website\"},\"datePublished\":\"2018-02-16T19:02:14+00:00\",\"dateModified\":\"2026-05-08T12:29:19+00:00\",\"breadcrumb\":{\"@id\":\"https:\/\/ww16.ce.gov.br\/seplag\/servicos\/#breadcrumb\"},\"inLanguage\":\"pt-BR\",\"potentialAction\":[{\"@type\":\"ReadAction\",\"target\":[\"https:\/\/ww16.ce.gov.br\/seplag\/servicos\/\"]}]},{\"@type\":\"BreadcrumbList\",\"@id\":\"https:\/\/ww16.ce.gov.br\/seplag\/servicos\/#breadcrumb\",\"itemListElement\":[{\"@type\":\"ListItem\",\"position\":1,\"name\":\"In\u00edcio\",\"item\":\"https:\/\/ww16.ce.gov.br\/seplag\/\"},{\"@type\":\"ListItem\",\"position\":2,\"name\":\"SERVI\u00c7OS\"}]},{\"@type\":\"WebSite\",\"@id\":\"https:\/\/ww16.ce.gov.br\/seplag\/#website\",\"url\":\"https:\/\/ww16.ce.gov.br\/seplag\/\",\"name\":\"Secretaria do Planejamento e Gest\u00e3o\",\"description\":\"Secretaria do Planejamento e Gest\u00e3o\",\"publisher\":{\"@id\":\"https:\/\/ww16.ce.gov.br\/seplag\/#organization\"},\"potentialAction\":[{\"@type\":\"SearchAction\",\"target\":{\"@type\":\"EntryPoint\",\"urlTemplate\":\"https:\/\/ww16.ce.gov.br\/seplag\/?s={search_term_string}\"},\"query-input\":{\"@type\":\"PropertyValueSpecification\",\"valueRequired\":true,\"valueName\":\"search_term_string\"}}],\"inLanguage\":\"pt-BR\"},{\"@type\":\"Organization\",\"@id\":\"https:\/\/ww16.ce.gov.br\/seplag\/#organization\",\"name\":\"Secretaria do Planejamento e Gest\u00e3o\",\"url\":\"https:\/\/ww16.ce.gov.br\/seplag\/\",\"logo\":{\"@type\":\"ImageObject\",\"inLanguage\":\"pt-BR\",\"@id\":\"https:\/\/ww16.ce.gov.br\/seplag\/#\/schema\/logo\/image\/\",\"url\":\"http:\/\/ww16.ce.gov.br\/seplag\/wp-content\/uploads\/sites\/14\/2017\/11\/clara-1.png\",\"contentUrl\":\"http:\/\/ww16.ce.gov.br\/seplag\/wp-content\/uploads\/sites\/14\/2017\/11\/clara-1.png\",\"width\":559,\"height\":106,\"caption\":\"Secretaria do Planejamento e Gest\u00e3o\"},\"image\":{\"@id\":\"https:\/\/ww16.ce.gov.br\/seplag\/#\/schema\/logo\/image\/\"}}]}<\/script>\n<!-- \/ Yoast SEO plugin. -->","yoast_head_json":{"title":"SERVI\u00c7OS - Secretaria do Planejamento e Gest\u00e3o","robots":{"index":"index","follow":"follow","max-snippet":"max-snippet:-1","max-image-preview":"max-image-preview:large","max-video-preview":"max-video-preview:-1"},"canonical":"https:\/\/ww16.ce.gov.br\/seplag\/servicos\/","og_locale":"pt_BR","og_type":"article","og_title":"SERVI\u00c7OS - Secretaria do Planejamento e Gest\u00e3o","og_url":"https:\/\/ww16.ce.gov.br\/seplag\/servicos\/","og_site_name":"Secretaria do Planejamento e Gest\u00e3o","article_modified_time":"2026-05-08T12:29:19+00:00","twitter_card":"summary_large_image","twitter_misc":{"Est. reading time":"1 minuto"},"schema":{"@context":"https:\/\/schema.org","@graph":[{"@type":"WebPage","@id":"https:\/\/ww16.ce.gov.br\/seplag\/servicos\/","url":"https:\/\/ww16.ce.gov.br\/seplag\/servicos\/","name":"SERVI\u00c7OS - Secretaria do Planejamento e Gest\u00e3o","isPartOf":{"@id":"https:\/\/ww16.ce.gov.br\/seplag\/#website"},"datePublished":"2018-02-16T19:02:14+00:00","dateModified":"2026-05-08T12:29:19+00:00","breadcrumb":{"@id":"https:\/\/ww16.ce.gov.br\/seplag\/servicos\/#breadcrumb"},"inLanguage":"pt-BR","potentialAction":[{"@type":"ReadAction","target":["https:\/\/ww16.ce.gov.br\/seplag\/servicos\/"]}]},{"@type":"BreadcrumbList","@id":"https:\/\/ww16.ce.gov.br\/seplag\/servicos\/#breadcrumb","itemListElement":[{"@type":"ListItem","position":1,"name":"In\u00edcio","item":"https:\/\/ww16.ce.gov.br\/seplag\/"},{"@type":"ListItem","position":2,"name":"SERVI\u00c7OS"}]},{"@type":"WebSite","@id":"https:\/\/ww16.ce.gov.br\/seplag\/#website","url":"https:\/\/ww16.ce.gov.br\/seplag\/","name":"Secretaria do Planejamento e Gest\u00e3o","description":"Secretaria do Planejamento e Gest\u00e3o","publisher":{"@id":"https:\/\/ww16.ce.gov.br\/seplag\/#organization"},"potentialAction":[{"@type":"SearchAction","target":{"@type":"EntryPoint","urlTemplate":"https:\/\/ww16.ce.gov.br\/seplag\/?s={search_term_string}"},"query-input":{"@type":"PropertyValueSpecification","valueRequired":true,"valueName":"search_term_string"}}],"inLanguage":"pt-BR"},{"@type":"Organization","@id":"https:\/\/ww16.ce.gov.br\/seplag\/#organization","name":"Secretaria do Planejamento e Gest\u00e3o","url":"https:\/\/ww16.ce.gov.br\/seplag\/","logo":{"@type":"ImageObject","inLanguage":"pt-BR","@id":"https:\/\/ww16.ce.gov.br\/seplag\/#\/schema\/logo\/image\/","url":"http:\/\/ww16.ce.gov.br\/seplag\/wp-content\/uploads\/sites\/14\/2017\/11\/clara-1.png","contentUrl":"http:\/\/ww16.ce.gov.br\/seplag\/wp-content\/uploads\/sites\/14\/2017\/11\/clara-1.png","width":559,"height":106,"caption":"Secretaria do Planejamento e Gest\u00e3o"},"image":{"@id":"https:\/\/ww16.ce.gov.br\/seplag\/#\/schema\/logo\/image\/"}}]}},"_links":{"self":[{"href":"https:\/\/ww16.ce.gov.br\/seplag\/wp-json\/wp\/v2\/pages\/67411","targetHints":{"allow":["GET"]}}],"collection":[{"href":"https:\/\/ww16.ce.gov.br\/seplag\/wp-json\/wp\/v2\/pages"}],"about":[{"href":"https:\/\/ww16.ce.gov.br\/seplag\/wp-json\/wp\/v2\/types\/page"}],"author":[{"embeddable":true,"href":"https:\/\/ww16.ce.gov.br\/seplag\/wp-json\/wp\/v2\/users\/12"}],"replies":[{"embeddable":true,"href":"https:\/\/ww16.ce.gov.br\/seplag\/wp-json\/wp\/v2\/comments?post=67411"}],"version-history":[{"count":12,"href":"https:\/\/ww16.ce.gov.br\/seplag\/wp-json\/wp\/v2\/pages\/67411\/revisions"}],"predecessor-version":[{"id":98579,"href":"https:\/\/ww16.ce.gov.br\/seplag\/wp-json\/wp\/v2\/pages\/67411\/revisions\/98579"}],"wp:attachment":[{"href":"https:\/\/ww16.ce.gov.br\/seplag\/wp-json\/wp\/v2\/media?parent=67411"}],"curies":[{"name":"wp","href":"https:\/\/api.w.org\/{rel}","templated":true}]}}