{"id":67198,"date":"2018-02-08T15:19:22","date_gmt":"2018-02-08T18:19:22","guid":{"rendered":"http:\/\/www.ceara.gov.br\/?page_id=67198"},"modified":"2026-03-06T14:39:38","modified_gmt":"2026-03-06T17:39:38","slug":"perguntas-frequentes","status":"publish","type":"page","link":"https:\/\/ww16.ce.gov.br\/seplag\/acesso-a-informacao\/perguntas-frequentes\/","title":{"rendered":"Perguntas Frequentes"},"content":{"rendered":"<h3 class=\"destacado\"><strong>O que devo fazer para ter acesso a informa\u00e7\u00f5es p\u00fablicas?<\/strong><\/h3>\n<p>Acesse www.cearatransparente.ce.gov.br ou os sites institucionais dos \u00f3rg\u00e3os e entidades do Poder Executivo do Estado do Cear\u00e1. Caso a informa\u00e7\u00e3o que voc\u00ea procura n\u00e3o esteja dispon\u00edvel nesses sites, fa\u00e7a o seu pedido de informa\u00e7\u00f5es por meio do Acesso \u00e0 Informa\u00e7\u00e3o, pelo site www.cearatransparente.ce.gov.br, pelo telefone gratuito 155, pelo www.twitter.com\/cgeceara, pelo \u00a0www.facebook.com\/cgeceara\u00a0ou nos Servi\u00e7os de Informa\u00e7\u00e3o ao Cidad\u00e3o (SICs) nas sedes dos \u00f3rg\u00e3os e entidades.<\/p>\n<p>DICA: Acesse o Cat\u00e1logo Eletr\u00f4nico de Servi\u00e7os para obter informa\u00e7\u00f5es sobre servi\u00e7os p\u00fablicos prestados pelo Poder Executivo do Estado do Cear\u00e1, o qual est\u00e1 dispon\u00edvel nos sites dos \u00f3rg\u00e3os e entidades.<\/p>\n<h3 class=\"destacado\"><strong>Quais informa\u00e7\u00f5es posso pedir? Posso ter acesso a qualquer documento?<\/strong><\/h3>\n<p>Voc\u00ea pode solicitar informa\u00e7\u00f5es contidas em documentos ou registros produzidos ou mantidos por \u00f3rg\u00e3os ou entidades, inclusive os enviados a arquivos p\u00fablicos.<\/p>\n<p>As informa\u00e7\u00f5es em geral s\u00e3o p\u00fablicas, entretanto algumas delas em fun\u00e7\u00e3o de situa\u00e7\u00f5es previstas em lei podem ter restri\u00e7\u00f5es de acesso por determinado per\u00edodo. H\u00e1 ainda informa\u00e7\u00f5es que s\u00e3o pessoais cujo acesso \u00e9 tamb\u00e9m restrito.<\/p>\n<h3 class=\"destacado\"><strong>O que s\u00e3o informa\u00e7\u00f5es pessoais? \u00a0\u00a0<\/strong><\/h3>\n<p>Informa\u00e7\u00f5es pessoais s\u00e3o aquelas relacionadas \u00e0 pessoa natural identificada ou identific\u00e1vel, cujo tratamento deve ser feito de forma transparente e com respeito \u00e0 intimidade, vida privada, honra e imagem das pessoas, bem como \u00e0s liberdades e garantias individuais. As informa\u00e7\u00f5es pessoais ter\u00e3o seu acesso restrito, independentemente de classifica\u00e7\u00e3o de sigilo, pelo prazo m\u00e1ximo de 100 anos a contar da sua data de produ\u00e7\u00e3o.<\/p>\n<h3 class=\"destacado\"><strong>Como fa\u00e7o para pedir informa\u00e7\u00f5es?<\/strong><\/h3>\n<p>Basta ligar para 155, no hor\u00e1rio de 8 \u00e0s 20 horas, de segunda a sexta-feira, pelo site www.cearatransparente.ce.gov.br, pelo www.twitter.com\/cgeceara, pelo\u00a0www.facebook.com\/cgecera\u00a0ou nos Servi\u00e7os de\u00a0Informa\u00e7\u00e3o ao Cidad\u00e3o (SICs) nas sedes dos \u00f3rg\u00e3os e entidades.<\/p>\n<p>NOTA: Tenha em m\u00e3os o seu CPF ou outro documento oficial ao fazer o seu pedido. Use os canais indicados acima para obter mais orienta\u00e7\u00f5es sobre como fazer o pedido.<\/p>\n<h3 class=\"destacado\"><strong>Esse servi\u00e7o \u00e9 gratuito?<\/strong><\/h3>\n<p>Sim, exceto se desejar obter c\u00f3pias de documentos, situa\u00e7\u00e3o em que poder\u00e1 ser cobrado o valor necess\u00e1rio para o ressarcimento dos custos dos servi\u00e7os ou materiais utilizados. Como alternativa, voc\u00ea poder\u00e1 receber as informa\u00e7\u00f5es por meio de arquivos eletr\u00f4nicos, sem custo, se dispon\u00edveis nesse formato.<\/p>\n<h3 class=\"destacado\"><strong>Em quanto tempo terei uma resposta ou a<\/strong><strong>cesso \u00e0s informa\u00e7\u00f5es?<\/strong><\/h3>\n<p>Voc\u00ea tem direito de receber resposta ou acesso \u00e0 informa\u00e7\u00e3o imediatamente, sempre que poss\u00edvel. Caso contr\u00e1rio, voc\u00ea deve receber uma resposta em at\u00e9 20 dias podendo ser prorrogado por mais 10 dias, mediante justificativa.<\/p>\n<h3 class=\"destacado\"><strong>Como posso acompanhar o atendimento do meu pedido?<\/strong><\/h3>\n<p>Basta ligar para 155, no hor\u00e1rio de 8 \u00e0s 20 horas, de segunda a sexta-feira, acessar www.cearatransparente.ce.gov.br ou acessar os sites de \u00f3rg\u00e3os e entidades do Estado. Voc\u00ea pode ainda ter acesso \u00e0s informa\u00e7\u00f5es desejadas procurando o Servi\u00e7o de Informa\u00e7\u00f5es ao Cidad\u00e3o (SIC) em qualquer \u00f3rg\u00e3o e entidade do Poder Executivo do Estado.<\/p>\n<h3 class=\"destacado\"><strong>N\u00e3o fiquei satisfeito com a resposta ou foi negado o acesso, o que fa\u00e7o agora?<\/strong><\/h3>\n<p>Se desejar, voc\u00ea poder\u00e1 entrar com recurso caso tenha havido uma negativa indevida de informa\u00e7\u00f5es ou se algo n\u00e3o est\u00e1 de acordo com o previsto em Lei.<\/p>\n<p>Para entrar com um recurso basta ligar para 155, no hor\u00e1rio de 8 \u00e0s 20 horas, de segunda a sexta-feira, acessar www.cearatransparente.ce.gov.br ou procurar o Servi\u00e7o de Informa\u00e7\u00f5es ao Cidad\u00e3o (SIC) em qualquer \u00f3rg\u00e3o ou entidade do Poder Executivo do Estado.<\/p>\n<p>Aten\u00e7\u00e3o! O prazo para recurso \u00e9 de at\u00e9 10 dias contados a partir da resposta do \u00f3rg\u00e3o (negativa da informa\u00e7\u00e3o).<\/p>\n<p>O seu recurso ser\u00e1 analisado por um comit\u00ea, intitulado Comit\u00ea Gestor de Acesso \u00e0 Informa\u00e7\u00e3o, formado por pessoas diferentes daquelas que negaram o seu pedido. Persistindo a negativa, se desejar poder\u00e1 ainda recorrer ao Conselho Estadual de Acesso \u00e0 Informa\u00e7\u00e3o, \u00faltima inst\u00e2ncia administrativa para recurso.<\/p>\n<h3 class=\"destacado\"><strong>Depois de obter a informa\u00e7\u00e3o, eu posso fazer o que quiser com ela?<\/strong><\/h3>\n<p>Por se constituir um direito b\u00e1sico do cidad\u00e3o, a solicita\u00e7\u00e3o de informa\u00e7\u00e3o n\u00e3o precisa ser justificada. Desta forma, o Estado est\u00e1 prestando um servi\u00e7o ao atender \u00e0 demanda de uma informa\u00e7\u00e3o que \u00e9 p\u00fablica e que n\u00e3o est\u00e1, de acordo com a lei, temporariamente mantida sob sigilo. Ao cidad\u00e3o cabe a responsabilidade pelo uso que dela far\u00e1.<\/p>\n","protected":false},"excerpt":{"rendered":"<p>O que devo fazer para ter acesso a informa\u00e7\u00f5es p\u00fablicas? Acesse www.cearatransparente.ce.gov.br ou os sites institucionais dos \u00f3rg\u00e3os e entidades do Poder Executivo do Estado do Cear\u00e1. Caso a informa\u00e7\u00e3o que voc\u00ea procura n\u00e3o esteja dispon\u00edvel nesses sites, fa\u00e7a o seu pedido de informa\u00e7\u00f5es por meio do Acesso \u00e0 Informa\u00e7\u00e3o, pelo site www.cearatransparente.ce.gov.br, pelo telefone [&hellip;]<\/p>\n","protected":false},"author":12,"featured_media":0,"parent":67183,"menu_order":1,"comment_status":"closed","ping_status":"closed","template":"page-perguntas-frequentes.php","meta":{"_acf_changed":false,"inline_featured_image":false,"footnotes":""},"class_list":["post-67198","page","type-page","status-publish","hentry"],"acf":[],"yoast_head":"<!-- This site is optimized with the Yoast SEO plugin v26.9 - https:\/\/yoast.com\/product\/yoast-seo-wordpress\/ -->\n<title>Perguntas Frequentes - Secretaria do Planejamento e Gest\u00e3o<\/title>\n<meta name=\"robots\" content=\"index, follow, max-snippet:-1, max-image-preview:large, max-video-preview:-1\" \/>\n<link rel=\"canonical\" href=\"https:\/\/ww16.ce.gov.br\/seplag\/acesso-a-informacao\/perguntas-frequentes\/\" \/>\n<meta property=\"og:locale\" content=\"pt_BR\" \/>\n<meta property=\"og:type\" content=\"article\" \/>\n<meta property=\"og:title\" content=\"Perguntas Frequentes - Secretaria do Planejamento e Gest\u00e3o\" \/>\n<meta property=\"og:description\" content=\"O que devo fazer para ter acesso a informa\u00e7\u00f5es p\u00fablicas? Acesse www.cearatransparente.ce.gov.br ou os sites institucionais dos \u00f3rg\u00e3os e entidades do Poder Executivo do Estado do Cear\u00e1. Caso a informa\u00e7\u00e3o que voc\u00ea procura n\u00e3o esteja dispon\u00edvel nesses sites, fa\u00e7a o seu pedido de informa\u00e7\u00f5es por meio do Acesso \u00e0 Informa\u00e7\u00e3o, pelo site www.cearatransparente.ce.gov.br, pelo telefone [&hellip;]\" \/>\n<meta property=\"og:url\" content=\"https:\/\/ww16.ce.gov.br\/seplag\/acesso-a-informacao\/perguntas-frequentes\/\" \/>\n<meta property=\"og:site_name\" content=\"Secretaria do Planejamento e Gest\u00e3o\" \/>\n<meta property=\"article:modified_time\" content=\"2026-03-06T17:39:38+00:00\" \/>\n<meta name=\"twitter:card\" content=\"summary_large_image\" \/>\n<meta name=\"twitter:label1\" content=\"Est. reading time\" \/>\n\t<meta name=\"twitter:data1\" content=\"4 minutos\" \/>\n<script type=\"application\/ld+json\" class=\"yoast-schema-graph\">{\"@context\":\"https:\/\/schema.org\",\"@graph\":[{\"@type\":\"WebPage\",\"@id\":\"https:\/\/ww16.ce.gov.br\/seplag\/acesso-a-informacao\/perguntas-frequentes\/\",\"url\":\"https:\/\/ww16.ce.gov.br\/seplag\/acesso-a-informacao\/perguntas-frequentes\/\",\"name\":\"Perguntas Frequentes - Secretaria do Planejamento e Gest\u00e3o\",\"isPartOf\":{\"@id\":\"https:\/\/ww16.ce.gov.br\/seplag\/#website\"},\"datePublished\":\"2018-02-08T18:19:22+00:00\",\"dateModified\":\"2026-03-06T17:39:38+00:00\",\"breadcrumb\":{\"@id\":\"https:\/\/ww16.ce.gov.br\/seplag\/acesso-a-informacao\/perguntas-frequentes\/#breadcrumb\"},\"inLanguage\":\"pt-BR\",\"potentialAction\":[{\"@type\":\"ReadAction\",\"target\":[\"https:\/\/ww16.ce.gov.br\/seplag\/acesso-a-informacao\/perguntas-frequentes\/\"]}]},{\"@type\":\"BreadcrumbList\",\"@id\":\"https:\/\/ww16.ce.gov.br\/seplag\/acesso-a-informacao\/perguntas-frequentes\/#breadcrumb\",\"itemListElement\":[{\"@type\":\"ListItem\",\"position\":1,\"name\":\"In\u00edcio\",\"item\":\"https:\/\/ww16.ce.gov.br\/seplag\/\"},{\"@type\":\"ListItem\",\"position\":2,\"name\":\"Acesso \u00e0 Informa\u00e7\u00e3o\",\"item\":\"https:\/\/ww16.ce.gov.br\/seplag\/acesso-a-informacao\/\"},{\"@type\":\"ListItem\",\"position\":3,\"name\":\"Perguntas Frequentes\"}]},{\"@type\":\"WebSite\",\"@id\":\"https:\/\/ww16.ce.gov.br\/seplag\/#website\",\"url\":\"https:\/\/ww16.ce.gov.br\/seplag\/\",\"name\":\"Secretaria do Planejamento e Gest\u00e3o\",\"description\":\"Secretaria do Planejamento e Gest\u00e3o\",\"publisher\":{\"@id\":\"https:\/\/ww16.ce.gov.br\/seplag\/#organization\"},\"potentialAction\":[{\"@type\":\"SearchAction\",\"target\":{\"@type\":\"EntryPoint\",\"urlTemplate\":\"https:\/\/ww16.ce.gov.br\/seplag\/?s={search_term_string}\"},\"query-input\":{\"@type\":\"PropertyValueSpecification\",\"valueRequired\":true,\"valueName\":\"search_term_string\"}}],\"inLanguage\":\"pt-BR\"},{\"@type\":\"Organization\",\"@id\":\"https:\/\/ww16.ce.gov.br\/seplag\/#organization\",\"name\":\"Secretaria do Planejamento e Gest\u00e3o\",\"url\":\"https:\/\/ww16.ce.gov.br\/seplag\/\",\"logo\":{\"@type\":\"ImageObject\",\"inLanguage\":\"pt-BR\",\"@id\":\"https:\/\/ww16.ce.gov.br\/seplag\/#\/schema\/logo\/image\/\",\"url\":\"http:\/\/ww16.ce.gov.br\/seplag\/wp-content\/uploads\/sites\/14\/2017\/11\/clara-1.png\",\"contentUrl\":\"http:\/\/ww16.ce.gov.br\/seplag\/wp-content\/uploads\/sites\/14\/2017\/11\/clara-1.png\",\"width\":559,\"height\":106,\"caption\":\"Secretaria do Planejamento e Gest\u00e3o\"},\"image\":{\"@id\":\"https:\/\/ww16.ce.gov.br\/seplag\/#\/schema\/logo\/image\/\"}}]}<\/script>\n<!-- \/ Yoast SEO plugin. -->","yoast_head_json":{"title":"Perguntas Frequentes - Secretaria do Planejamento e Gest\u00e3o","robots":{"index":"index","follow":"follow","max-snippet":"max-snippet:-1","max-image-preview":"max-image-preview:large","max-video-preview":"max-video-preview:-1"},"canonical":"https:\/\/ww16.ce.gov.br\/seplag\/acesso-a-informacao\/perguntas-frequentes\/","og_locale":"pt_BR","og_type":"article","og_title":"Perguntas Frequentes - Secretaria do Planejamento e Gest\u00e3o","og_description":"O que devo fazer para ter acesso a informa\u00e7\u00f5es p\u00fablicas? Acesse www.cearatransparente.ce.gov.br ou os sites institucionais dos \u00f3rg\u00e3os e entidades do Poder Executivo do Estado do Cear\u00e1. Caso a informa\u00e7\u00e3o que voc\u00ea procura n\u00e3o esteja dispon\u00edvel nesses sites, fa\u00e7a o seu pedido de informa\u00e7\u00f5es por meio do Acesso \u00e0 Informa\u00e7\u00e3o, pelo site www.cearatransparente.ce.gov.br, pelo telefone [&hellip;]","og_url":"https:\/\/ww16.ce.gov.br\/seplag\/acesso-a-informacao\/perguntas-frequentes\/","og_site_name":"Secretaria do Planejamento e Gest\u00e3o","article_modified_time":"2026-03-06T17:39:38+00:00","twitter_card":"summary_large_image","twitter_misc":{"Est. reading time":"4 minutos"},"schema":{"@context":"https:\/\/schema.org","@graph":[{"@type":"WebPage","@id":"https:\/\/ww16.ce.gov.br\/seplag\/acesso-a-informacao\/perguntas-frequentes\/","url":"https:\/\/ww16.ce.gov.br\/seplag\/acesso-a-informacao\/perguntas-frequentes\/","name":"Perguntas Frequentes - Secretaria do Planejamento e Gest\u00e3o","isPartOf":{"@id":"https:\/\/ww16.ce.gov.br\/seplag\/#website"},"datePublished":"2018-02-08T18:19:22+00:00","dateModified":"2026-03-06T17:39:38+00:00","breadcrumb":{"@id":"https:\/\/ww16.ce.gov.br\/seplag\/acesso-a-informacao\/perguntas-frequentes\/#breadcrumb"},"inLanguage":"pt-BR","potentialAction":[{"@type":"ReadAction","target":["https:\/\/ww16.ce.gov.br\/seplag\/acesso-a-informacao\/perguntas-frequentes\/"]}]},{"@type":"BreadcrumbList","@id":"https:\/\/ww16.ce.gov.br\/seplag\/acesso-a-informacao\/perguntas-frequentes\/#breadcrumb","itemListElement":[{"@type":"ListItem","position":1,"name":"In\u00edcio","item":"https:\/\/ww16.ce.gov.br\/seplag\/"},{"@type":"ListItem","position":2,"name":"Acesso \u00e0 Informa\u00e7\u00e3o","item":"https:\/\/ww16.ce.gov.br\/seplag\/acesso-a-informacao\/"},{"@type":"ListItem","position":3,"name":"Perguntas Frequentes"}]},{"@type":"WebSite","@id":"https:\/\/ww16.ce.gov.br\/seplag\/#website","url":"https:\/\/ww16.ce.gov.br\/seplag\/","name":"Secretaria do Planejamento e Gest\u00e3o","description":"Secretaria do Planejamento e Gest\u00e3o","publisher":{"@id":"https:\/\/ww16.ce.gov.br\/seplag\/#organization"},"potentialAction":[{"@type":"SearchAction","target":{"@type":"EntryPoint","urlTemplate":"https:\/\/ww16.ce.gov.br\/seplag\/?s={search_term_string}"},"query-input":{"@type":"PropertyValueSpecification","valueRequired":true,"valueName":"search_term_string"}}],"inLanguage":"pt-BR"},{"@type":"Organization","@id":"https:\/\/ww16.ce.gov.br\/seplag\/#organization","name":"Secretaria do Planejamento e Gest\u00e3o","url":"https:\/\/ww16.ce.gov.br\/seplag\/","logo":{"@type":"ImageObject","inLanguage":"pt-BR","@id":"https:\/\/ww16.ce.gov.br\/seplag\/#\/schema\/logo\/image\/","url":"http:\/\/ww16.ce.gov.br\/seplag\/wp-content\/uploads\/sites\/14\/2017\/11\/clara-1.png","contentUrl":"http:\/\/ww16.ce.gov.br\/seplag\/wp-content\/uploads\/sites\/14\/2017\/11\/clara-1.png","width":559,"height":106,"caption":"Secretaria do Planejamento e Gest\u00e3o"},"image":{"@id":"https:\/\/ww16.ce.gov.br\/seplag\/#\/schema\/logo\/image\/"}}]}},"_links":{"self":[{"href":"https:\/\/ww16.ce.gov.br\/seplag\/wp-json\/wp\/v2\/pages\/67198","targetHints":{"allow":["GET"]}}],"collection":[{"href":"https:\/\/ww16.ce.gov.br\/seplag\/wp-json\/wp\/v2\/pages"}],"about":[{"href":"https:\/\/ww16.ce.gov.br\/seplag\/wp-json\/wp\/v2\/types\/page"}],"author":[{"embeddable":true,"href":"https:\/\/ww16.ce.gov.br\/seplag\/wp-json\/wp\/v2\/users\/12"}],"replies":[{"embeddable":true,"href":"https:\/\/ww16.ce.gov.br\/seplag\/wp-json\/wp\/v2\/comments?post=67198"}],"version-history":[{"count":3,"href":"https:\/\/ww16.ce.gov.br\/seplag\/wp-json\/wp\/v2\/pages\/67198\/revisions"}],"predecessor-version":[{"id":97096,"href":"https:\/\/ww16.ce.gov.br\/seplag\/wp-json\/wp\/v2\/pages\/67198\/revisions\/97096"}],"up":[{"embeddable":true,"href":"https:\/\/ww16.ce.gov.br\/seplag\/wp-json\/wp\/v2\/pages\/67183"}],"wp:attachment":[{"href":"https:\/\/ww16.ce.gov.br\/seplag\/wp-json\/wp\/v2\/media?parent=67198"}],"curies":[{"name":"wp","href":"https:\/\/api.w.org\/{rel}","templated":true}]}}