{"id":5387,"date":"2018-12-03T11:16:56","date_gmt":"2018-12-03T14:16:56","guid":{"rendered":"http:\/\/ww16.ce.gov.br\/sefaz\/?page_id=5387"},"modified":"2026-02-06T14:39:33","modified_gmt":"2026-02-06T17:39:33","slug":"indice-de-distribuicao-de-icms","status":"publish","type":"page","link":"https:\/\/ww16.ce.gov.br\/sefaz\/transparencia\/indice-de-distribuicao-de-icms\/","title":{"rendered":"\u00cdndice de Distribui\u00e7\u00e3o de ICMS"},"content":{"rendered":"<div class=\"wrapper wrapper--downloads\"><div class=\"ckc-card-mer-front\"><div class=\"ckc-card-mer-container\"><div class=\"ckc-card-mer-folders\"><div class=\"ckc-mer-folder-item\" data-folder-id=\"downloads-4461-folder-0\"><button class=\"ckc-mer-folder-toggle\" type=\"button\" aria-expanded=\"false\" aria-controls=\"folder-content-downloads-4461-folder-0\"><span class=\"ckc-mer-toggle-icon material-symbols-outlined\">chevron_right<\/span><span class=\"ckc-mer-folder-icon material-symbols-outlined\">folder_open<\/span><span class=\"ckc-mer-folder-name\">\u00cdndice de Distribui\u00e7\u00e3o de ICMS<\/span><\/button><div class=\"ckc-mer-folder-content\" id=\"folder-content-downloads-4461-folder-0\"><div class=\"ckc-mer-file-item\"><a href=\"https:\/\/ww16.ce.gov.br\/sefaz\/download\/indice-de-distribuicao-de-icms\/\" title=\"\u00cdndice de Distribui\u00e7\u00e3o de ICMS\"><span class=\"ckc-mer-file-icon material-symbols-outlined\">folder<\/span><span class=\"ckc-mer-file-name\">\u00cdndice de Distribui\u00e7\u00e3o de ICMS<\/span><\/a><\/div><\/div><\/div><\/div><\/div><\/div><\/div><script>\n(function() {\n    const container = document.querySelector(\".wrapper--downloads:last-of-type\");\n    if (!container) return;\n\n    const toggleContent = (button) => {\n        const contentId = button.getAttribute(\"aria-controls\");\n        if (!contentId) return;\n\n        const content = document.getElementById(contentId);\n        if (!content) return;\n\n        const isOpen = button.getAttribute(\"aria-expanded\") === \"true\";\n        button.setAttribute(\"aria-expanded\", isOpen ? \"false\" : \"true\");\n        content.classList.toggle(\"ckc-mer-open\", !isOpen);\n\n        const icon = button.querySelector(\".ckc-mer-toggle-icon\");\n        if (icon) {\n            icon.textContent = isOpen ? \"chevron_right\" : \"expand_more\";\n        }\n    };\n\n    container.querySelectorAll(\".ckc-mer-folder-toggle, .ckc-mer-subfolder-toggle\").forEach((button) => {\n        button.addEventListener(\"click\", (event) => {\n            event.preventDefault();\n            toggleContent(button);\n        });\n    });\n})();\n<\/script>\n<p>&nbsp;<\/p>\n","protected":false},"excerpt":{"rendered":"<p>&nbsp;<\/p>\n","protected":false},"author":12,"featured_media":0,"parent":5371,"menu_order":0,"comment_status":"closed","ping_status":"closed","template":"","meta":{"_acf_changed":false,"inline_featured_image":false,"footnotes":""},"class_list":["post-5387","page","type-page","status-publish","hentry"],"acf":[],"yoast_head":"<!-- This site is optimized with the Yoast SEO plugin v26.9 - https:\/\/yoast.com\/product\/yoast-seo-wordpress\/ -->\n<title>\u00cdndice de Distribui\u00e7\u00e3o de ICMS - SEFAZ<\/title>\n<meta name=\"robots\" content=\"index, follow, max-snippet:-1, max-image-preview:large, max-video-preview:-1\" \/>\n<link rel=\"canonical\" href=\"https:\/\/ww16.ce.gov.br\/sefaz\/transparencia\/indice-de-distribuicao-de-icms\/\" \/>\n<meta property=\"og:locale\" content=\"pt_BR\" \/>\n<meta property=\"og:type\" content=\"article\" \/>\n<meta property=\"og:title\" content=\"\u00cdndice de Distribui\u00e7\u00e3o de ICMS - SEFAZ\" \/>\n<meta property=\"og:description\" content=\"&nbsp;\" \/>\n<meta property=\"og:url\" content=\"https:\/\/ww16.ce.gov.br\/sefaz\/transparencia\/indice-de-distribuicao-de-icms\/\" \/>\n<meta property=\"og:site_name\" content=\"SEFAZ\" \/>\n<meta property=\"article:modified_time\" content=\"2026-02-06T17:39:33+00:00\" \/>\n<meta name=\"twitter:card\" content=\"summary_large_image\" \/>\n<meta name=\"twitter:label1\" content=\"Est. reading time\" \/>\n\t<meta name=\"twitter:data1\" content=\"1 minuto\" \/>\n<script type=\"application\/ld+json\" class=\"yoast-schema-graph\">{\"@context\":\"https:\/\/schema.org\",\"@graph\":[{\"@type\":\"WebPage\",\"@id\":\"https:\/\/ww16.ce.gov.br\/sefaz\/transparencia\/indice-de-distribuicao-de-icms\/\",\"url\":\"https:\/\/ww16.ce.gov.br\/sefaz\/transparencia\/indice-de-distribuicao-de-icms\/\",\"name\":\"\u00cdndice de Distribui\u00e7\u00e3o de ICMS - SEFAZ\",\"isPartOf\":{\"@id\":\"https:\/\/ww16.ce.gov.br\/sefaz\/#website\"},\"datePublished\":\"2018-12-03T14:16:56+00:00\",\"dateModified\":\"2026-02-06T17:39:33+00:00\",\"breadcrumb\":{\"@id\":\"https:\/\/ww16.ce.gov.br\/sefaz\/transparencia\/indice-de-distribuicao-de-icms\/#breadcrumb\"},\"inLanguage\":\"pt-BR\",\"potentialAction\":[{\"@type\":\"ReadAction\",\"target\":[\"https:\/\/ww16.ce.gov.br\/sefaz\/transparencia\/indice-de-distribuicao-de-icms\/\"]}]},{\"@type\":\"BreadcrumbList\",\"@id\":\"https:\/\/ww16.ce.gov.br\/sefaz\/transparencia\/indice-de-distribuicao-de-icms\/#breadcrumb\",\"itemListElement\":[{\"@type\":\"ListItem\",\"position\":1,\"name\":\"In\u00edcio\",\"item\":\"https:\/\/ww16.ce.gov.br\/sefaz\/\"},{\"@type\":\"ListItem\",\"position\":2,\"name\":\"Transpar\u00eancia\",\"item\":\"https:\/\/ww16.ce.gov.br\/sefaz\/transparencia\/\"},{\"@type\":\"ListItem\",\"position\":3,\"name\":\"\u00cdndice de Distribui\u00e7\u00e3o de ICMS\"}]},{\"@type\":\"WebSite\",\"@id\":\"https:\/\/ww16.ce.gov.br\/sefaz\/#website\",\"url\":\"https:\/\/ww16.ce.gov.br\/sefaz\/\",\"name\":\"Secretaria da Fazenda\",\"description\":\"Portal SEFAZ\",\"publisher\":{\"@id\":\"https:\/\/ww16.ce.gov.br\/sefaz\/#organization\"},\"potentialAction\":[{\"@type\":\"SearchAction\",\"target\":{\"@type\":\"EntryPoint\",\"urlTemplate\":\"https:\/\/ww16.ce.gov.br\/sefaz\/?s={search_term_string}\"},\"query-input\":{\"@type\":\"PropertyValueSpecification\",\"valueRequired\":true,\"valueName\":\"search_term_string\"}}],\"inLanguage\":\"pt-BR\"},{\"@type\":\"Organization\",\"@id\":\"https:\/\/ww16.ce.gov.br\/sefaz\/#organization\",\"name\":\"Secretaria da Fazenda\",\"url\":\"https:\/\/ww16.ce.gov.br\/sefaz\/\",\"logo\":{\"@type\":\"ImageObject\",\"inLanguage\":\"pt-BR\",\"@id\":\"https:\/\/ww16.ce.gov.br\/sefaz\/#\/schema\/logo\/image\/\",\"url\":\"http:\/\/ww16.ce.gov.br\/sefaz\/wp-content\/uploads\/sites\/61\/2018\/05\/sefaz-clara2.png\",\"contentUrl\":\"http:\/\/ww16.ce.gov.br\/sefaz\/wp-content\/uploads\/sites\/61\/2018\/05\/sefaz-clara2.png\",\"width\":559,\"height\":106,\"caption\":\"Secretaria da Fazenda\"},\"image\":{\"@id\":\"https:\/\/ww16.ce.gov.br\/sefaz\/#\/schema\/logo\/image\/\"}}]}<\/script>\n<!-- \/ Yoast SEO plugin. -->","yoast_head_json":{"title":"\u00cdndice de Distribui\u00e7\u00e3o de ICMS - SEFAZ","robots":{"index":"index","follow":"follow","max-snippet":"max-snippet:-1","max-image-preview":"max-image-preview:large","max-video-preview":"max-video-preview:-1"},"canonical":"https:\/\/ww16.ce.gov.br\/sefaz\/transparencia\/indice-de-distribuicao-de-icms\/","og_locale":"pt_BR","og_type":"article","og_title":"\u00cdndice de Distribui\u00e7\u00e3o de ICMS - SEFAZ","og_description":"&nbsp;","og_url":"https:\/\/ww16.ce.gov.br\/sefaz\/transparencia\/indice-de-distribuicao-de-icms\/","og_site_name":"SEFAZ","article_modified_time":"2026-02-06T17:39:33+00:00","twitter_card":"summary_large_image","twitter_misc":{"Est. reading time":"1 minuto"},"schema":{"@context":"https:\/\/schema.org","@graph":[{"@type":"WebPage","@id":"https:\/\/ww16.ce.gov.br\/sefaz\/transparencia\/indice-de-distribuicao-de-icms\/","url":"https:\/\/ww16.ce.gov.br\/sefaz\/transparencia\/indice-de-distribuicao-de-icms\/","name":"\u00cdndice de Distribui\u00e7\u00e3o de ICMS - SEFAZ","isPartOf":{"@id":"https:\/\/ww16.ce.gov.br\/sefaz\/#website"},"datePublished":"2018-12-03T14:16:56+00:00","dateModified":"2026-02-06T17:39:33+00:00","breadcrumb":{"@id":"https:\/\/ww16.ce.gov.br\/sefaz\/transparencia\/indice-de-distribuicao-de-icms\/#breadcrumb"},"inLanguage":"pt-BR","potentialAction":[{"@type":"ReadAction","target":["https:\/\/ww16.ce.gov.br\/sefaz\/transparencia\/indice-de-distribuicao-de-icms\/"]}]},{"@type":"BreadcrumbList","@id":"https:\/\/ww16.ce.gov.br\/sefaz\/transparencia\/indice-de-distribuicao-de-icms\/#breadcrumb","itemListElement":[{"@type":"ListItem","position":1,"name":"In\u00edcio","item":"https:\/\/ww16.ce.gov.br\/sefaz\/"},{"@type":"ListItem","position":2,"name":"Transpar\u00eancia","item":"https:\/\/ww16.ce.gov.br\/sefaz\/transparencia\/"},{"@type":"ListItem","position":3,"name":"\u00cdndice de Distribui\u00e7\u00e3o de ICMS"}]},{"@type":"WebSite","@id":"https:\/\/ww16.ce.gov.br\/sefaz\/#website","url":"https:\/\/ww16.ce.gov.br\/sefaz\/","name":"Secretaria da Fazenda","description":"Portal SEFAZ","publisher":{"@id":"https:\/\/ww16.ce.gov.br\/sefaz\/#organization"},"potentialAction":[{"@type":"SearchAction","target":{"@type":"EntryPoint","urlTemplate":"https:\/\/ww16.ce.gov.br\/sefaz\/?s={search_term_string}"},"query-input":{"@type":"PropertyValueSpecification","valueRequired":true,"valueName":"search_term_string"}}],"inLanguage":"pt-BR"},{"@type":"Organization","@id":"https:\/\/ww16.ce.gov.br\/sefaz\/#organization","name":"Secretaria da Fazenda","url":"https:\/\/ww16.ce.gov.br\/sefaz\/","logo":{"@type":"ImageObject","inLanguage":"pt-BR","@id":"https:\/\/ww16.ce.gov.br\/sefaz\/#\/schema\/logo\/image\/","url":"http:\/\/ww16.ce.gov.br\/sefaz\/wp-content\/uploads\/sites\/61\/2018\/05\/sefaz-clara2.png","contentUrl":"http:\/\/ww16.ce.gov.br\/sefaz\/wp-content\/uploads\/sites\/61\/2018\/05\/sefaz-clara2.png","width":559,"height":106,"caption":"Secretaria da Fazenda"},"image":{"@id":"https:\/\/ww16.ce.gov.br\/sefaz\/#\/schema\/logo\/image\/"}}]}},"_links":{"self":[{"href":"https:\/\/ww16.ce.gov.br\/sefaz\/wp-json\/wp\/v2\/pages\/5387","targetHints":{"allow":["GET"]}}],"collection":[{"href":"https:\/\/ww16.ce.gov.br\/sefaz\/wp-json\/wp\/v2\/pages"}],"about":[{"href":"https:\/\/ww16.ce.gov.br\/sefaz\/wp-json\/wp\/v2\/types\/page"}],"author":[{"embeddable":true,"href":"https:\/\/ww16.ce.gov.br\/sefaz\/wp-json\/wp\/v2\/users\/12"}],"replies":[{"embeddable":true,"href":"https:\/\/ww16.ce.gov.br\/sefaz\/wp-json\/wp\/v2\/comments?post=5387"}],"version-history":[{"count":2,"href":"https:\/\/ww16.ce.gov.br\/sefaz\/wp-json\/wp\/v2\/pages\/5387\/revisions"}],"predecessor-version":[{"id":13435,"href":"https:\/\/ww16.ce.gov.br\/sefaz\/wp-json\/wp\/v2\/pages\/5387\/revisions\/13435"}],"up":[{"embeddable":true,"href":"https:\/\/ww16.ce.gov.br\/sefaz\/wp-json\/wp\/v2\/pages\/5371"}],"wp:attachment":[{"href":"https:\/\/ww16.ce.gov.br\/sefaz\/wp-json\/wp\/v2\/media?parent=5387"}],"curies":[{"name":"wp","href":"https:\/\/api.w.org\/{rel}","templated":true}]}}